{"id":598,"date":"2015-07-15T09:56:00","date_gmt":"2015-07-15T08:56:41","guid":{"rendered":"https:\/\/dev.tg4.ie\/ga\/beo\/baile\/"},"modified":"2025-10-02T10:08:52","modified_gmt":"2025-10-02T09:08:52","slug":"baile","status":"publish","type":"page","link":"https:\/\/dev.tg4.ie\/ga\/player\/feach-beo\/baile\/","title":{"rendered":"TG4 Beo"},"content":{"rendered":"","protected":false},"excerpt":{"rendered":"","protected":false},"author":876,"featured_media":0,"parent":102083,"menu_order":0,"comment_status":"closed","ping_status":"closed","template":"page-templates\/template-player-live-nodvr.php","meta":{"_acf_changed":false,"footnotes":""},"acf":[],"yoast_head":"<!-- This site is optimized with the Yoast SEO plugin v22.6 - https:\/\/yoast.com\/wordpress\/plugins\/seo\/ -->\n<title>Sruth Beo TG4 | Cain\u00e9al Teilif\u00eds \u00c9ireannach | S\u00fail Eile - TG4<\/title>\n<meta name=\"description\" content=\"Sruth Beo TG4 ar l\u00edne. Cain\u00e9al Teilif\u00eds \u00c9ireannach. F\u00e9ach aon \u00e1it, aon uair!\" \/>\n<meta name=\"robots\" content=\"index, follow, max-snippet:-1, max-image-preview:large, max-video-preview:-1\" \/>\n<meta property=\"og:locale\" content=\"en_US\" \/>\n<meta property=\"og:type\" content=\"article\" \/>\n<meta property=\"og:title\" content=\"Sruth Beo TG4 | Cain\u00e9al Teilif\u00eds \u00c9ireannach | S\u00fail Eile - TG4\" \/>\n<meta property=\"og:description\" content=\"Sruth Beo TG4 ar l\u00edne. Cain\u00e9al Teilif\u00eds \u00c9ireannach. F\u00e9ach aon \u00e1it, aon uair!\" \/>\n<meta property=\"og:url\" content=\"https:\/\/dev.tg4.ie\/ga\/player\/feach-beo\/baile\/\" \/>\n<meta property=\"og:site_name\" content=\"TG4\" \/>\n<meta property=\"article:publisher\" content=\"https:\/\/www.facebook.com\/TG4TV\" \/>\n<meta property=\"article:modified_time\" content=\"2025-10-02T09:08:52+00:00\" \/>\n<meta property=\"og:image\" content=\"https:\/\/tg4-docs.s3.amazonaws.com\/wp-content\/uploads\/2024\/11\/18151812\/TG4_2024_corcra_teal_1-1920x1080-1.jpg\" \/>\n\t<meta property=\"og:image:width\" content=\"1920\" \/>\n\t<meta property=\"og:image:height\" content=\"1080\" \/>\n\t<meta property=\"og:image:type\" content=\"image\/jpeg\" \/>\n<meta name=\"twitter:card\" content=\"summary_large_image\" \/>\n<meta name=\"twitter:image\" content=\"https:\/\/tg4-docs.s3.amazonaws.com\/wp-content\/uploads\/2024\/11\/18151812\/TG4_2024_corcra_teal_1-1920x1080-1.jpg\" \/>\n<meta name=\"twitter:site\" content=\"@TG4TV\" \/>\n<script type=\"application\/ld+json\" class=\"yoast-schema-graph\">{\"@context\":\"https:\/\/schema.org\",\"@graph\":[{\"@type\":\"WebPage\",\"@id\":\"https:\/\/dev.tg4.ie\/ga\/player\/feach-beo\/baile\/\",\"url\":\"https:\/\/dev.tg4.ie\/ga\/player\/feach-beo\/baile\/\",\"name\":\"Sruth Beo TG4 | Cain\u00e9al Teilif\u00eds \u00c9ireannach | S\u00fail Eile - TG4\",\"isPartOf\":{\"@id\":\"https:\/\/dev.tg4.ie\/en\/#website\"},\"datePublished\":\"2015-07-15T08:56:41+00:00\",\"dateModified\":\"2025-10-02T09:08:52+00:00\",\"description\":\"Sruth Beo TG4 ar l\u00edne. Cain\u00e9al Teilif\u00eds \u00c9ireannach. F\u00e9ach aon \u00e1it, aon uair!\",\"breadcrumb\":{\"@id\":\"https:\/\/dev.tg4.ie\/ga\/player\/feach-beo\/baile\/#breadcrumb\"},\"inLanguage\":\"ga\",\"potentialAction\":[{\"@type\":\"ReadAction\",\"target\":[\"https:\/\/dev.tg4.ie\/ga\/player\/feach-beo\/baile\/\"]}]},{\"@type\":\"BreadcrumbList\",\"@id\":\"https:\/\/dev.tg4.ie\/ga\/player\/feach-beo\/baile\/#breadcrumb\",\"itemListElement\":[{\"@type\":\"ListItem\",\"position\":1,\"name\":\"Home\",\"item\":\"https:\/\/dev.tg4.ie\/ga\/\"},{\"@type\":\"ListItem\",\"position\":2,\"name\":\"Seinnteoir\",\"item\":\"https:\/\/dev.tg4.ie\/ga\/player\/\"},{\"@type\":\"ListItem\",\"position\":3,\"name\":\"F\u00e9ach Beo\",\"item\":\"https:\/\/dev.tg4.ie\/ga\/player\/feach-beo\/\"},{\"@type\":\"ListItem\",\"position\":4,\"name\":\"TG4 Beo\"}]},{\"@type\":\"WebSite\",\"@id\":\"https:\/\/dev.tg4.ie\/en\/#website\",\"url\":\"https:\/\/dev.tg4.ie\/en\/\",\"name\":\"TG4\",\"description\":\"S\u00fail Eile\",\"potentialAction\":[{\"@type\":\"SearchAction\",\"target\":{\"@type\":\"EntryPoint\",\"urlTemplate\":\"https:\/\/dev.tg4.ie\/en\/?s={search_term_string}\"},\"query-input\":\"required name=search_term_string\"}],\"inLanguage\":\"ga\"}]}<\/script>\n<!-- \/ Yoast SEO plugin. -->","yoast_head_json":{"title":"Sruth Beo TG4 | Cain\u00e9al Teilif\u00eds \u00c9ireannach | S\u00fail Eile - TG4","description":"Sruth Beo TG4 ar l\u00edne. Cain\u00e9al Teilif\u00eds \u00c9ireannach. F\u00e9ach aon \u00e1it, aon uair!","robots":{"index":"index","follow":"follow","max-snippet":"max-snippet:-1","max-image-preview":"max-image-preview:large","max-video-preview":"max-video-preview:-1"},"og_locale":"en_US","og_type":"article","og_title":"Sruth Beo TG4 | Cain\u00e9al Teilif\u00eds \u00c9ireannach | S\u00fail Eile - TG4","og_description":"Sruth Beo TG4 ar l\u00edne. Cain\u00e9al Teilif\u00eds \u00c9ireannach. F\u00e9ach aon \u00e1it, aon uair!","og_url":"https:\/\/dev.tg4.ie\/ga\/player\/feach-beo\/baile\/","og_site_name":"TG4","article_publisher":"https:\/\/www.facebook.com\/TG4TV","article_modified_time":"2025-10-02T09:08:52+00:00","og_image":[{"width":1920,"height":1080,"url":"https:\/\/tg4-docs.s3.amazonaws.com\/wp-content\/uploads\/2024\/11\/18151812\/TG4_2024_corcra_teal_1-1920x1080-1.jpg","type":"image\/jpeg"}],"twitter_card":"summary_large_image","twitter_image":"https:\/\/tg4-docs.s3.amazonaws.com\/wp-content\/uploads\/2024\/11\/18151812\/TG4_2024_corcra_teal_1-1920x1080-1.jpg","twitter_site":"@TG4TV","schema":{"@context":"https:\/\/schema.org","@graph":[{"@type":"WebPage","@id":"https:\/\/dev.tg4.ie\/ga\/player\/feach-beo\/baile\/","url":"https:\/\/dev.tg4.ie\/ga\/player\/feach-beo\/baile\/","name":"Sruth Beo TG4 | Cain\u00e9al Teilif\u00eds \u00c9ireannach | S\u00fail Eile - TG4","isPartOf":{"@id":"https:\/\/dev.tg4.ie\/en\/#website"},"datePublished":"2015-07-15T08:56:41+00:00","dateModified":"2025-10-02T09:08:52+00:00","description":"Sruth Beo TG4 ar l\u00edne. Cain\u00e9al Teilif\u00eds \u00c9ireannach. F\u00e9ach aon \u00e1it, aon uair!","breadcrumb":{"@id":"https:\/\/dev.tg4.ie\/ga\/player\/feach-beo\/baile\/#breadcrumb"},"inLanguage":"ga","potentialAction":[{"@type":"ReadAction","target":["https:\/\/dev.tg4.ie\/ga\/player\/feach-beo\/baile\/"]}]},{"@type":"BreadcrumbList","@id":"https:\/\/dev.tg4.ie\/ga\/player\/feach-beo\/baile\/#breadcrumb","itemListElement":[{"@type":"ListItem","position":1,"name":"Home","item":"https:\/\/dev.tg4.ie\/ga\/"},{"@type":"ListItem","position":2,"name":"Seinnteoir","item":"https:\/\/dev.tg4.ie\/ga\/player\/"},{"@type":"ListItem","position":3,"name":"F\u00e9ach Beo","item":"https:\/\/dev.tg4.ie\/ga\/player\/feach-beo\/"},{"@type":"ListItem","position":4,"name":"TG4 Beo"}]},{"@type":"WebSite","@id":"https:\/\/dev.tg4.ie\/en\/#website","url":"https:\/\/dev.tg4.ie\/en\/","name":"TG4","description":"S\u00fail Eile","potentialAction":[{"@type":"SearchAction","target":{"@type":"EntryPoint","urlTemplate":"https:\/\/dev.tg4.ie\/en\/?s={search_term_string}"},"query-input":"required name=search_term_string"}],"inLanguage":"ga"}]}},"_links":{"self":[{"href":"https:\/\/dev.tg4.ie\/ga\/wp-json\/wp\/v2\/pages\/598"}],"collection":[{"href":"https:\/\/dev.tg4.ie\/ga\/wp-json\/wp\/v2\/pages"}],"about":[{"href":"https:\/\/dev.tg4.ie\/ga\/wp-json\/wp\/v2\/types\/page"}],"author":[{"embeddable":true,"href":"https:\/\/dev.tg4.ie\/ga\/wp-json\/wp\/v2\/users\/876"}],"replies":[{"embeddable":true,"href":"https:\/\/dev.tg4.ie\/ga\/wp-json\/wp\/v2\/comments?post=598"}],"version-history":[{"count":0,"href":"https:\/\/dev.tg4.ie\/ga\/wp-json\/wp\/v2\/pages\/598\/revisions"}],"up":[{"embeddable":true,"href":"https:\/\/dev.tg4.ie\/ga\/wp-json\/wp\/v2\/pages\/102083"}],"wp:attachment":[{"href":"https:\/\/dev.tg4.ie\/ga\/wp-json\/wp\/v2\/media?parent=598"}],"curies":[{"name":"wp","href":"https:\/\/api.w.org\/{rel}","templated":true}]}}