{"id":65024,"date":"2017-08-22T13:06:07","date_gmt":"2017-08-22T12:06:07","guid":{"rendered":"https:\/\/dev.tg4.ie\/?page_id=65024\/"},"modified":"2019-06-25T09:48:09","modified_gmt":"2019-06-25T08:48:09","slug":"22-08-17","status":"publish","type":"page","link":"https:\/\/dev.tg4.ie\/ga\/eolas\/preas\/nuacht-raitis\/2017-2\/22-08-17\/","title":{"rendered":"22.08.17 &#8211; Lucht f\u00e9achana go leor ag beo-chl\u00fadach ar an bhFleadh agus Cluich\u00ed Gaelacha"},"content":{"rendered":"<p>D\u2019\u00e9irigh go hiontach le beo-chl\u00fadach TG4 ar Fhleadh Cheoil na h\u00c9ireann agus ar chluich\u00ed t\u00e1bhachtacha sa bpeil, san iom\u00e1int agus i bpeil na mban ag an deireadh seachtaine.<\/p>\n<p>Bheo-chraol an cain\u00e9al Fleadh TV ar feadh tr\u00ed uair an chloig gach o\u00edche Aoine-Domhnach, cl\u00fadach a raibh aimsi\u00fa 672,000 ar fad aige (athchraoladh i rith an lae san \u00e1ireamh). B\u2019\u00e9 beo-chraoladh an Domhnaigh buaic an chl\u00fadaigh, ag a raibh scair fh\u00e9achana n\u00e1isiunta 7.8%.  <\/p>\n<p>Bh\u00ed 322,000 f\u00e9achaint Facebook ar mh\u00edreanna Fleadh TV ar an Domhnach as f\u00e9in.<\/p>\n<p>Chruthaigh beo-chl\u00fadach an chain\u00e9il ar chluich\u00ed i mbabhta\u00ed ceannais na gcraobhacha peile (mion\u00far) iom\u00e1na (faoi 21) agus i gCraobh TG4 i bPeil na mban go maith freisin.  Bh\u00ed aimsi\u00fa 528,000 duine san ioml\u00e1n ag an gc\u00faig chluiche a beochraoladh. D\u2019fh\u00e9ach me\u00e1n 138,900 duine ar an ioml\u00e1n ar an mbeochraoladh ar Chluiche Leath-Cheannais na h\u00c9ireann i bPeil na Mion\u00far,  Ciarra\u00ed v an Cabh\u00e1n,  ag am l\u00f3in ar an Domhnach, sin duine as gach c\u00faigear a bh\u00ed ag f\u00e9achaint ar an teilif\u00eds in \u00c9irinn ag an am.<\/p>\n<p>D\u2019fh\u00e1g seo ar fad go raibh scair n\u00e1isi\u00fanta fh\u00e9achana 5.4%  de dhaoine f\u00e1sta ag TG4 ar an Domhnach agus scair 6.1% ar an Satharn, chun tosaigh ar RT\u00c92 (5.0%), 3e (2.6%), be3 (1.8%), BBC1 (4.7%) agus BBC2 (1.1%), an toradh f\u00e9achana ab fhearr ag an gcain\u00e9al \u00f3 th\u00fas an tSamhraidh.<\/p>\n","protected":false},"excerpt":{"rendered":"<p>D\u2019\u00e9irigh go hiontach le beo-chl\u00fadach TG4 ar Fhleadh Cheoil na h\u00c9ireann agus ar chluich\u00ed t\u00e1bhachtacha sa bpeil, san iom\u00e1int agus i bpeil na mban ag an deireadh seachtaine. Bheo-chraol an cain\u00e9al Fleadh TV ar feadh tr\u00ed uair an chloig gach o\u00edche Aoine-Domhnach, cl\u00fadach a raibh aimsi\u00fa 672,000 ar fad aige (athchraoladh i rith an lae [&hellip;]<\/p>\n","protected":false},"author":999,"featured_media":65019,"parent":40345,"menu_order":13,"comment_status":"closed","ping_status":"closed","template":"page-templates\/template-pr.php","meta":{"_acf_changed":false,"footnotes":""},"acf":[],"yoast_head":"<!-- This site is optimized with the Yoast SEO plugin v22.6 - https:\/\/yoast.com\/wordpress\/plugins\/seo\/ -->\n<title>22.08.17 - Lucht f\u00e9achana go leor ag beo-chl\u00fadach ar an bhFleadh agus Cluich\u00ed Gaelacha - TG4<\/title>\n<meta name=\"robots\" content=\"index, follow, max-snippet:-1, max-image-preview:large, max-video-preview:-1\" \/>\n<meta property=\"og:locale\" content=\"en_US\" \/>\n<meta property=\"og:type\" content=\"article\" \/>\n<meta property=\"og:title\" content=\"22.08.17 - Lucht f\u00e9achana go leor ag beo-chl\u00fadach ar an bhFleadh agus Cluich\u00ed Gaelacha - TG4\" \/>\n<meta property=\"og:description\" content=\"D\u2019\u00e9irigh go hiontach le beo-chl\u00fadach TG4 ar Fhleadh Cheoil na h\u00c9ireann agus ar chluich\u00ed t\u00e1bhachtacha sa bpeil, san iom\u00e1int agus i bpeil na mban ag an deireadh seachtaine. Bheo-chraol an cain\u00e9al Fleadh TV ar feadh tr\u00ed uair an chloig gach o\u00edche Aoine-Domhnach, cl\u00fadach a raibh aimsi\u00fa 672,000 ar fad aige (athchraoladh i rith an lae [&hellip;]\" \/>\n<meta property=\"og:url\" content=\"https:\/\/dev.tg4.ie\/ga\/eolas\/preas\/nuacht-raitis\/2017-2\/22-08-17\/\" \/>\n<meta property=\"og:site_name\" content=\"TG4\" \/>\n<meta property=\"article:publisher\" content=\"https:\/\/www.facebook.com\/TG4TV\" \/>\n<meta property=\"article:modified_time\" content=\"2019-06-25T08:48:09+00:00\" \/>\n<meta property=\"og:image\" content=\"https:\/\/tg4-docs.s3.amazonaws.com\/tg4-redesign-2015\/wp-content\/uploads\/2017\/08\/Fleadh-TV-3.jpg\" \/>\n\t<meta property=\"og:image:width\" content=\"1920\" \/>\n\t<meta property=\"og:image:height\" content=\"1080\" \/>\n\t<meta property=\"og:image:type\" content=\"image\/jpeg\" \/>\n<meta name=\"twitter:card\" content=\"summary_large_image\" \/>\n<meta name=\"twitter:site\" content=\"@TG4TV\" \/>\n<meta name=\"twitter:label1\" content=\"Est. reading time\" \/>\n\t<meta name=\"twitter:data1\" content=\"1 minute\" \/>\n<script type=\"application\/ld+json\" class=\"yoast-schema-graph\">{\"@context\":\"https:\/\/schema.org\",\"@graph\":[{\"@type\":\"WebPage\",\"@id\":\"https:\/\/dev.tg4.ie\/ga\/eolas\/preas\/nuacht-raitis\/2017-2\/22-08-17\/\",\"url\":\"https:\/\/dev.tg4.ie\/ga\/eolas\/preas\/nuacht-raitis\/2017-2\/22-08-17\/\",\"name\":\"22.08.17 - Lucht f\u00e9achana go leor ag beo-chl\u00fadach ar an bhFleadh agus Cluich\u00ed Gaelacha - TG4\",\"isPartOf\":{\"@id\":\"https:\/\/dev.tg4.ie\/en\/#website\"},\"primaryImageOfPage\":{\"@id\":\"https:\/\/dev.tg4.ie\/ga\/eolas\/preas\/nuacht-raitis\/2017-2\/22-08-17\/#primaryimage\"},\"image\":{\"@id\":\"https:\/\/dev.tg4.ie\/ga\/eolas\/preas\/nuacht-raitis\/2017-2\/22-08-17\/#primaryimage\"},\"thumbnailUrl\":\"https:\/\/tg4-docs.s3.amazonaws.com\/tg4-redesign-2015\/wp-content\/uploads\/2017\/08\/Fleadh-TV-3.jpg\",\"datePublished\":\"2017-08-22T12:06:07+00:00\",\"dateModified\":\"2019-06-25T08:48:09+00:00\",\"breadcrumb\":{\"@id\":\"https:\/\/dev.tg4.ie\/ga\/eolas\/preas\/nuacht-raitis\/2017-2\/22-08-17\/#breadcrumb\"},\"inLanguage\":\"ga\",\"potentialAction\":[{\"@type\":\"ReadAction\",\"target\":[\"https:\/\/dev.tg4.ie\/ga\/eolas\/preas\/nuacht-raitis\/2017-2\/22-08-17\/\"]}]},{\"@type\":\"ImageObject\",\"inLanguage\":\"ga\",\"@id\":\"https:\/\/dev.tg4.ie\/ga\/eolas\/preas\/nuacht-raitis\/2017-2\/22-08-17\/#primaryimage\",\"url\":\"https:\/\/tg4-docs.s3.amazonaws.com\/tg4-redesign-2015\/wp-content\/uploads\/2017\/08\/Fleadh-TV-3.jpg\",\"contentUrl\":\"https:\/\/tg4-docs.s3.amazonaws.com\/tg4-redesign-2015\/wp-content\/uploads\/2017\/08\/Fleadh-TV-3.jpg\",\"width\":1920,\"height\":1080,\"caption\":\"FleadhTV\"},{\"@type\":\"BreadcrumbList\",\"@id\":\"https:\/\/dev.tg4.ie\/ga\/eolas\/preas\/nuacht-raitis\/2017-2\/22-08-17\/#breadcrumb\",\"itemListElement\":[{\"@type\":\"ListItem\",\"position\":1,\"name\":\"Home\",\"item\":\"https:\/\/dev.tg4.ie\/ga\/\"},{\"@type\":\"ListItem\",\"position\":2,\"name\":\"Eolas\",\"item\":\"https:\/\/dev.tg4.ie\/ga\/eolas\/\"},{\"@type\":\"ListItem\",\"position\":3,\"name\":\"Preas\",\"item\":\"https:\/\/dev.tg4.ie\/ga\/eolas\/preas\/\"},{\"@type\":\"ListItem\",\"position\":4,\"name\":\"Nuacht R\u00e1itis\",\"item\":\"https:\/\/dev.tg4.ie\/ga\/eolas\/preas\/nuacht-raitis\/\"},{\"@type\":\"ListItem\",\"position\":5,\"name\":\"2017\",\"item\":\"https:\/\/dev.tg4.ie\/ga\/eolas\/preas\/nuacht-raitis\/2017-2\/\"},{\"@type\":\"ListItem\",\"position\":6,\"name\":\"22.08.17 &#8211; Lucht f\u00e9achana go leor ag beo-chl\u00fadach ar an bhFleadh agus Cluich\u00ed Gaelacha\"}]},{\"@type\":\"WebSite\",\"@id\":\"https:\/\/dev.tg4.ie\/en\/#website\",\"url\":\"https:\/\/dev.tg4.ie\/en\/\",\"name\":\"TG4\",\"description\":\"S\u00fail Eile\",\"potentialAction\":[{\"@type\":\"SearchAction\",\"target\":{\"@type\":\"EntryPoint\",\"urlTemplate\":\"https:\/\/dev.tg4.ie\/en\/?s={search_term_string}\"},\"query-input\":\"required name=search_term_string\"}],\"inLanguage\":\"ga\"}]}<\/script>\n<!-- \/ Yoast SEO plugin. -->","yoast_head_json":{"title":"22.08.17 - Lucht f\u00e9achana go leor ag beo-chl\u00fadach ar an bhFleadh agus Cluich\u00ed Gaelacha - TG4","robots":{"index":"index","follow":"follow","max-snippet":"max-snippet:-1","max-image-preview":"max-image-preview:large","max-video-preview":"max-video-preview:-1"},"og_locale":"en_US","og_type":"article","og_title":"22.08.17 - Lucht f\u00e9achana go leor ag beo-chl\u00fadach ar an bhFleadh agus Cluich\u00ed Gaelacha - TG4","og_description":"D\u2019\u00e9irigh go hiontach le beo-chl\u00fadach TG4 ar Fhleadh Cheoil na h\u00c9ireann agus ar chluich\u00ed t\u00e1bhachtacha sa bpeil, san iom\u00e1int agus i bpeil na mban ag an deireadh seachtaine. Bheo-chraol an cain\u00e9al Fleadh TV ar feadh tr\u00ed uair an chloig gach o\u00edche Aoine-Domhnach, cl\u00fadach a raibh aimsi\u00fa 672,000 ar fad aige (athchraoladh i rith an lae [&hellip;]","og_url":"https:\/\/dev.tg4.ie\/ga\/eolas\/preas\/nuacht-raitis\/2017-2\/22-08-17\/","og_site_name":"TG4","article_publisher":"https:\/\/www.facebook.com\/TG4TV","article_modified_time":"2019-06-25T08:48:09+00:00","og_image":[{"width":1920,"height":1080,"url":"https:\/\/tg4-docs.s3.amazonaws.com\/tg4-redesign-2015\/wp-content\/uploads\/2017\/08\/Fleadh-TV-3.jpg","type":"image\/jpeg"}],"twitter_card":"summary_large_image","twitter_site":"@TG4TV","twitter_misc":{"Est. reading time":"1 minute"},"schema":{"@context":"https:\/\/schema.org","@graph":[{"@type":"WebPage","@id":"https:\/\/dev.tg4.ie\/ga\/eolas\/preas\/nuacht-raitis\/2017-2\/22-08-17\/","url":"https:\/\/dev.tg4.ie\/ga\/eolas\/preas\/nuacht-raitis\/2017-2\/22-08-17\/","name":"22.08.17 - Lucht f\u00e9achana go leor ag beo-chl\u00fadach ar an bhFleadh agus Cluich\u00ed Gaelacha - TG4","isPartOf":{"@id":"https:\/\/dev.tg4.ie\/en\/#website"},"primaryImageOfPage":{"@id":"https:\/\/dev.tg4.ie\/ga\/eolas\/preas\/nuacht-raitis\/2017-2\/22-08-17\/#primaryimage"},"image":{"@id":"https:\/\/dev.tg4.ie\/ga\/eolas\/preas\/nuacht-raitis\/2017-2\/22-08-17\/#primaryimage"},"thumbnailUrl":"https:\/\/tg4-docs.s3.amazonaws.com\/tg4-redesign-2015\/wp-content\/uploads\/2017\/08\/Fleadh-TV-3.jpg","datePublished":"2017-08-22T12:06:07+00:00","dateModified":"2019-06-25T08:48:09+00:00","breadcrumb":{"@id":"https:\/\/dev.tg4.ie\/ga\/eolas\/preas\/nuacht-raitis\/2017-2\/22-08-17\/#breadcrumb"},"inLanguage":"ga","potentialAction":[{"@type":"ReadAction","target":["https:\/\/dev.tg4.ie\/ga\/eolas\/preas\/nuacht-raitis\/2017-2\/22-08-17\/"]}]},{"@type":"ImageObject","inLanguage":"ga","@id":"https:\/\/dev.tg4.ie\/ga\/eolas\/preas\/nuacht-raitis\/2017-2\/22-08-17\/#primaryimage","url":"https:\/\/tg4-docs.s3.amazonaws.com\/tg4-redesign-2015\/wp-content\/uploads\/2017\/08\/Fleadh-TV-3.jpg","contentUrl":"https:\/\/tg4-docs.s3.amazonaws.com\/tg4-redesign-2015\/wp-content\/uploads\/2017\/08\/Fleadh-TV-3.jpg","width":1920,"height":1080,"caption":"FleadhTV"},{"@type":"BreadcrumbList","@id":"https:\/\/dev.tg4.ie\/ga\/eolas\/preas\/nuacht-raitis\/2017-2\/22-08-17\/#breadcrumb","itemListElement":[{"@type":"ListItem","position":1,"name":"Home","item":"https:\/\/dev.tg4.ie\/ga\/"},{"@type":"ListItem","position":2,"name":"Eolas","item":"https:\/\/dev.tg4.ie\/ga\/eolas\/"},{"@type":"ListItem","position":3,"name":"Preas","item":"https:\/\/dev.tg4.ie\/ga\/eolas\/preas\/"},{"@type":"ListItem","position":4,"name":"Nuacht R\u00e1itis","item":"https:\/\/dev.tg4.ie\/ga\/eolas\/preas\/nuacht-raitis\/"},{"@type":"ListItem","position":5,"name":"2017","item":"https:\/\/dev.tg4.ie\/ga\/eolas\/preas\/nuacht-raitis\/2017-2\/"},{"@type":"ListItem","position":6,"name":"22.08.17 &#8211; Lucht f\u00e9achana go leor ag beo-chl\u00fadach ar an bhFleadh agus Cluich\u00ed Gaelacha"}]},{"@type":"WebSite","@id":"https:\/\/dev.tg4.ie\/en\/#website","url":"https:\/\/dev.tg4.ie\/en\/","name":"TG4","description":"S\u00fail Eile","potentialAction":[{"@type":"SearchAction","target":{"@type":"EntryPoint","urlTemplate":"https:\/\/dev.tg4.ie\/en\/?s={search_term_string}"},"query-input":"required name=search_term_string"}],"inLanguage":"ga"}]}},"_links":{"self":[{"href":"https:\/\/dev.tg4.ie\/ga\/wp-json\/wp\/v2\/pages\/65024"}],"collection":[{"href":"https:\/\/dev.tg4.ie\/ga\/wp-json\/wp\/v2\/pages"}],"about":[{"href":"https:\/\/dev.tg4.ie\/ga\/wp-json\/wp\/v2\/types\/page"}],"author":[{"embeddable":true,"href":"https:\/\/dev.tg4.ie\/ga\/wp-json\/wp\/v2\/users\/999"}],"replies":[{"embeddable":true,"href":"https:\/\/dev.tg4.ie\/ga\/wp-json\/wp\/v2\/comments?post=65024"}],"version-history":[{"count":0,"href":"https:\/\/dev.tg4.ie\/ga\/wp-json\/wp\/v2\/pages\/65024\/revisions"}],"up":[{"embeddable":true,"href":"https:\/\/dev.tg4.ie\/ga\/wp-json\/wp\/v2\/pages\/40345"}],"wp:featuredmedia":[{"embeddable":true,"href":"https:\/\/dev.tg4.ie\/ga\/wp-json\/wp\/v2\/media\/65019"}],"wp:attachment":[{"href":"https:\/\/dev.tg4.ie\/ga\/wp-json\/wp\/v2\/media?parent=65024"}],"curies":[{"name":"wp","href":"https:\/\/api.w.org\/{rel}","templated":true}]}}