{"id":65186,"date":"2017-08-28T12:37:44","date_gmt":"2017-08-28T11:37:44","guid":{"rendered":"https:\/\/dev.tg4.ie\/?page_id=65186\/"},"modified":"2019-06-25T09:55:36","modified_gmt":"2019-06-25T08:55:36","slug":"28-08-17-seoladh-fhomhair-2017","status":"publish","type":"page","link":"https:\/\/dev.tg4.ie\/ga\/eolas\/preas\/nuacht-raitis\/2017-2\/28-08-17-seoladh-fhomhair-2017\/","title":{"rendered":"28.08.17 &#8211; Seoladh an Fh\u00f3mhair 2017"},"content":{"rendered":"<h2>Nascadh, Nuasc\u00e9ala\u00edocht agus Neart Siamsa\u00edochta<\/h2>\n<h3>Cl\u00e1rsceideal an Fh\u00f3mhair seolta i nGaillimh<\/h3>\n<p>T\u00e1 barr fl\u00fairseach F\u00f3mhair bainte ag TG4 agus ar tairiscint sa gcl\u00e1rsceideal don s\u00e9as\u00far nua. Seoladh \u00e9 i L\u00e1rionad U\u00ed Dhonnch\u00fa don Amharclanna\u00edocht in Ollscoil na h\u00c9ireann, Galllimh tr\u00e1thn\u00f3na.<\/p>\n<p>Bh\u00e9arfaidh an cl\u00e1rsceideal nua ard\u00e1n do scoth an \u00e1bhair ar an teilif\u00eds agus ar sheirbh\u00eds\u00ed ar-l\u00edne TG4 agus meallfaidh lucht f\u00e9achana ar suim leo feabhas agus fi\u00fantas mar aon le samhla\u00edocht, sp\u00f3rt agus spraoi.<\/p>\n<p>Ar na nithe is tarraingt\u00ed sa sceideal, t\u00e1 dr\u00e1ma\u00edocht nua-l\u00e9irithe den scoth agus muid ag s\u00fail freisin leis na saothair nua \u00f3n sc\u00e9im Cine4; sraitheanna faisn\u00e9ise a thugann l\u00e9argas nu\u00e1lach ar ghn\u00e9ithe folaithe de shaol reatha na h\u00c9ireann; sraitheanna agus cl\u00e1racha a thugann sc\u00e9alta chun solais \u00f3n am at\u00e1 caite, scoth an cheoil \u00f3n t\u00edr seo agus \u00f3 na n\u00e1isi\u00fain Cheilteacha eile, rogha iontach \u00e1bhair do dhaoine \u00f3ga, sp\u00f3rt nach bhfaightear ar aon chain\u00e9al eile agus seirbh\u00eds nuachta \u00e9ags\u00fail, g\u00e9arch\u00faiseach a thuigeann an pobal ar a bhfuil s\u00ed ag freastal.<\/p>\n<p>(T\u00e1 eolas n\u00edos ioml\u00e1ine mar aon le sonra\u00ed teagmh\u00e1la na l\u00e9iritheoir\u00ed agus picti\u00fair ar f\u00e1il \u00f3 www.tg4.ie\/press)<\/p>\n<ul>\n<li><strong>F\u00edorasach<\/strong>: Sraitheanna agus cl\u00e1racha aonair ar phearsain agus ar ghluaiseachta\u00ed suntasacha \u2013 r\u00f3l CLG i gC\u00faige Uladh, feachtas pobail Gaeltachta in aghaidh neamhshuim na n-\u00fadar\u00e1s, cuntas Sp\u00e1innigh ar a chuid eachtra\u00ed in \u00c9irinn cheithre ch\u00e9ad bliain \u00f3 shin agus \u00e9achta\u00ed mn\u00e1 as Corcaigh a tharrth\u00e1il na c\u00e9adta \u00f3n mb\u00e1s le linn na coga\u00edochta sa Sp\u00e1inn agus sa bhFrainc 80 bliain \u00f3 shin.<\/li>\n<li><strong>Grace Harte<\/strong>: Dr\u00e1ma nua, tr\u00ed ph\u00e1irt, \u00f3 pheann <strong>Antoine U\u00ed Fhlatharta<\/strong>, suite in \u00f3st\u00e1n ar an gc\u00f3sta thiar. N\u00ed m\u00f3r\u00e1n paisin at\u00e1 f\u00e1gtha sa gcaidreamh ag l\u00e1n\u00fain at\u00e1 i bhfeighil \u00f3st\u00e1in saoire agus t\u00e1 an t\u00f3in ag titim as a ngn\u00f3 freisin. Ach nuair a thagann fear \u00f3g dath\u00fail an bealach, tagann cor nua for\u00e9igneach sa sc\u00e9al.<\/li>\n<li><strong>N\u00edos m\u00f3 na Cluiche<\/strong>: Sc\u00e9al CLG Ch\u00faige Uladh \u00e1 r\u00edomh \u00f3n taobh istigh ag <strong>Jarlath Burns<\/strong>. Ainneoin deacrachta\u00ed m\u00f3ra polaiti\u00fala agus eile, is l\u00e9ir gur bhl\u00e1thaigh an cumann agus gur f\u00edora\u00edodh aisling na mbunaitheoir\u00ed, n\u00ed gan dua.<\/li>\n<li><strong>Gl\u00e9asta chun F\u00e9asta<\/strong>: N\u00ed furast do bhean feisteas oiri\u00fanach a fh\u00e1il do l\u00e1 m\u00f3r ina saol. Tugann an tsraith seo, \u00e1 l\u00e1ithri\u00fa ag Bl\u00e1thnaid Treacy, c\u00fanamh do bhean gach seachtain, m\u00e1s c\u00fanamh \u00e9. Crutha\u00edtear tr\u00ed fheisteas an-\u00e9ags\u00fail go speisialta di \u2013 ach n\u00edl cead aici ach ceann amh\u00e1in a roghn\u00fa!<\/li>\n<li><strong>Celtic Connections<\/strong>: Scoth an cheoil \u00f3 na hoirifidigh is fearr \u00f3 na hoile\u00e1in seo \u2013 agus n\u00edos faide \u00f3 bhaile agus iad bailithe le ch\u00e9ile i nGlasch\u00fa don fh\u00e9ile mh\u00f3r Gheimhridh seo, \u00e1 chur i l\u00e1thair ag <strong>D\u00f3nal O\u2019Connor<\/strong>.<\/li>\n<li><strong>Oireachtas na Samhna<\/strong>: An cl\u00fadach is fairsinge f\u00f3s as Cill Airne, idir bheochraoladh teilif\u00edse agus Sheinnteora, ar imeachta\u00ed ag Oireachtas na Samhna 2017. Beidh com\u00f3rtais amhr\u00e1na\u00edochta agus damhsa sean-n\u00f3is ar f\u00e1il, Nuacht TG4 tr\u00ed o\u00edche den fh\u00e9ile agus L\u00e1r St\u00e1itse, an cl\u00e1r nua beo do scoth na n-iomaitheoir\u00ed ard\u00e1in.<\/li>\n<li><strong>An R\u00edl Deal<\/strong>: An t\u00f3ra\u00edocht bhliant\u00fail ar an rinceoir Gaelach is fearr sa t\u00edr. T\u00e1 turas go Broadway ar f\u00e1il don bhuaiteoir agus seans dul chun cinn ansin.<\/li>\n<li><strong>Laochra Gael<\/strong>: S\u00e9as\u00far eile de chuimhn\u00ed cinn agus \u00f3m\u00f3s do mh\u00f3r-imreoir\u00ed peile agus iom\u00e1na \u00f3n am at\u00e1 caite. Cl\u00e1racha an s\u00e9as\u00far seo ar <strong>Henry Shefflin<\/strong> (Cill Chainnigh), <strong>Lar Corbett<\/strong> (Tiobraid \u00c1rann), <strong>Aisling Thompson<\/strong> (Corcaigh), <strong>Mickey Harte<\/strong> (T\u00edr Eoghain) agus <strong>Graham Geraghty<\/strong> (An Mh\u00ed).<\/li>\n<li><strong>GAA Beo<\/strong>: Beochraoladh eisiach gach deireadh seachtaine ar Chluich\u00ed Ceannais na h\u00c9ireann, Mion\u00fair, Faoi 21, Craobhacha TG4 i bPeil na mBan, Cluich\u00ed Ceannais Contae, Craobh Club AIB agus Sraitheanna N\u00e1isi\u00fanta Allianz.<\/li>\n<li><strong>Daoine \u00d3ga: <em>C\u00fala4 na n\u00d3g<\/em><\/strong> &#8211; an z\u00f3n laeth\u00fail do ph\u00e1ist\u00ed r\u00e9amhscoile ag am bricfeasta. San iarn\u00f3in <em><strong>C\u00fala4<\/strong><\/em> ina bhfuil sraitheanna cart\u00fain, dr\u00e1ma\u00edochta agus eile, ina measc na sraitheanna nua-l\u00e9irithe Gaeilge <em><strong>Whiz sa Chistin, Is Eola\u00ed M\u00e9<\/strong><\/em>, agus <em><strong>Na D\u00falrad\u00f3ir\u00ed<\/strong><\/em>.<\/li>\n<li><strong>Rugba\u00ed Beo<\/strong>: Beochraoladh eisiach ar chluich\u00ed sa gcom\u00f3rtas nua sraithe an Guinness Pro 14 agus buaicphoint\u00ed ar gach l\u00e1 imeartha \u00f3 Chorn na gCuradh agus \u00f3n gCorn D\u00fashl\u00e1in.<\/li>\n<li><strong>Nuacht TG4<\/strong>: S\u00fail ar leith ar sc\u00e9alta r\u00e9igi\u00fanacha, \u00e1iti\u00fala agus daonna. D\u00e9antar cl\u00fadach ar leith \u00f3 ch\u00f3sta an iarthair, ar an nGaeltacht agus ar phobal na Gaeilge ar fud na t\u00edre agus n\u00edos faide \u00f3 bhaile. Is \u00ed an duais-chraolt\u00f3ir <strong>Eimear N\u00ed Chonaola<\/strong> an t-ancaire.<\/li>\n<li><strong>Opry Dhoire<\/strong>: R\u00e9alta\u00ed m\u00f3ra an cheoil t\u00edre in \u00c9irinn i mbun coirme. Beidh an r\u00ed f\u00e9in, <strong>Daniel O\u2019Donnell<\/strong> ag cabhr\u00fa leo ar\u00eds i mbliana agus amhr\u00e1naithe Gaeilge ag canadh ar an ard\u00e1n leis na r\u00e9alta\u00ed ceol t\u00edre.<\/li>\n<li><strong>\u00c9ire sna Nuachtscann\u00e1in<\/strong>: Roimh theacht na teilif\u00edse, b\u2019iad na nuachtscann\u00e1in an t-aon fhoinse do nuacht ar sc\u00e1ile\u00e1in a bh\u00ed ag an lucht f\u00e9achana in \u00c9irinn. Is tr\u00ed sh\u00faile na n-eachtrannach is minice a taifeadadh iad seo \u2013 agus l\u00e9ir\u00edonn an tsraith seo go raibh s\u00fail eile de chine\u00e1l eile acu-san ar mhuintir na t\u00edre seo agus ar a gcult\u00far.<\/li>\n<li><strong>Junior Eurovision<\/strong>: Ar\u00eds agus \u00c9ire n\u00e1irithe le blianta beaga sa gcom\u00f3rtas sinsear, t\u00e1 TG4 ag cur chun p\u00e1irce den dara bliain as a ch\u00e9ile sa gcom\u00f3rtas s\u00f3isear f\u00e9achaint le hamhr\u00e1n nua-chumtha Gaeilge a roghn\u00fa le go rachaidh an buaiteoir chuig an gCraobh Eorpach a chraolfar beo as Poblacht na Seoirse.<\/li>\n<\/ul>\n<p>Is f\u00e9idir \u00e1bhar TG4 a fh\u00e1il anois, aon am, aon \u00e1it ar domhan. T\u00e1 Aip TG4 ar f\u00e1il ar theilif\u00edse\u00e1in chliste agus ar an iPad, t\u00e1 Seinnteoir TG4 ar <a href=\"https:\/\/dev.tg4.ie\/player\/baile\/\" target=\"_blank\" rel=\"noopener noreferrer\">www.tg4.tv<\/a>, go leor eile ar an Su\u00edomh Gr\u00e9as\u00e1in <a href=\"https:\/\/dev.tg4.ie\/\" target=\"_blank\" rel=\"noopener noreferrer\">www.tg4.ie<\/a>\u00a0agus Aip Sheinnteoir C\u00fala4 ar f\u00e1il anois don iPad.<\/p>\n","protected":false},"excerpt":{"rendered":"<p>Nascadh, Nuasc\u00e9ala\u00edocht agus Neart Siamsa\u00edochta Cl\u00e1rsceideal an Fh\u00f3mhair seolta i nGaillimh T\u00e1 barr fl\u00fairseach F\u00f3mhair bainte ag TG4 agus ar tairiscint sa gcl\u00e1rsceideal don s\u00e9as\u00far nua. Seoladh \u00e9 i L\u00e1rionad U\u00ed Dhonnch\u00fa don Amharclanna\u00edocht in Ollscoil na h\u00c9ireann, Galllimh tr\u00e1thn\u00f3na. Bh\u00e9arfaidh an cl\u00e1rsceideal nua ard\u00e1n do scoth an \u00e1bhair ar an teilif\u00eds agus ar sheirbh\u00eds\u00ed [&hellip;]<\/p>\n","protected":false},"author":999,"featured_media":65528,"parent":40345,"menu_order":14,"comment_status":"closed","ping_status":"closed","template":"page-templates\/template-pr.php","meta":{"_acf_changed":false,"footnotes":""},"acf":[],"yoast_head":"<!-- This site is optimized with the Yoast SEO plugin v22.6 - https:\/\/yoast.com\/wordpress\/plugins\/seo\/ -->\n<title>28.08.17 - Seoladh an Fh\u00f3mhair 2017 - TG4<\/title>\n<meta name=\"robots\" content=\"index, follow, max-snippet:-1, max-image-preview:large, max-video-preview:-1\" \/>\n<meta property=\"og:locale\" content=\"en_US\" \/>\n<meta property=\"og:type\" content=\"article\" \/>\n<meta property=\"og:title\" content=\"28.08.17 - Seoladh an Fh\u00f3mhair 2017 - TG4\" \/>\n<meta property=\"og:description\" content=\"Nascadh, Nuasc\u00e9ala\u00edocht agus Neart Siamsa\u00edochta Cl\u00e1rsceideal an Fh\u00f3mhair seolta i nGaillimh T\u00e1 barr fl\u00fairseach F\u00f3mhair bainte ag TG4 agus ar tairiscint sa gcl\u00e1rsceideal don s\u00e9as\u00far nua. Seoladh \u00e9 i L\u00e1rionad U\u00ed Dhonnch\u00fa don Amharclanna\u00edocht in Ollscoil na h\u00c9ireann, Galllimh tr\u00e1thn\u00f3na. Bh\u00e9arfaidh an cl\u00e1rsceideal nua ard\u00e1n do scoth an \u00e1bhair ar an teilif\u00eds agus ar sheirbh\u00eds\u00ed [&hellip;]\" \/>\n<meta property=\"og:url\" content=\"https:\/\/dev.tg4.ie\/ga\/eolas\/preas\/nuacht-raitis\/2017-2\/28-08-17-seoladh-fhomhair-2017\/\" \/>\n<meta property=\"og:site_name\" content=\"TG4\" \/>\n<meta property=\"article:publisher\" content=\"https:\/\/www.facebook.com\/TG4TV\" \/>\n<meta property=\"article:modified_time\" content=\"2019-06-25T08:55:36+00:00\" \/>\n<meta property=\"og:image\" content=\"https:\/\/tg4-docs.s3.amazonaws.com\/tg4-redesign-2015\/wp-content\/uploads\/2017\/08\/Laith3.jpg\" \/>\n\t<meta property=\"og:image:width\" content=\"1920\" \/>\n\t<meta property=\"og:image:height\" content=\"1080\" \/>\n\t<meta property=\"og:image:type\" content=\"image\/jpeg\" \/>\n<meta name=\"twitter:card\" content=\"summary_large_image\" \/>\n<meta name=\"twitter:site\" content=\"@TG4TV\" \/>\n<meta name=\"twitter:label1\" content=\"Est. reading time\" \/>\n\t<meta name=\"twitter:data1\" content=\"5 minutes\" \/>\n<script type=\"application\/ld+json\" class=\"yoast-schema-graph\">{\"@context\":\"https:\/\/schema.org\",\"@graph\":[{\"@type\":\"WebPage\",\"@id\":\"https:\/\/dev.tg4.ie\/ga\/eolas\/preas\/nuacht-raitis\/2017-2\/28-08-17-seoladh-fhomhair-2017\/\",\"url\":\"https:\/\/dev.tg4.ie\/ga\/eolas\/preas\/nuacht-raitis\/2017-2\/28-08-17-seoladh-fhomhair-2017\/\",\"name\":\"28.08.17 - Seoladh an Fh\u00f3mhair 2017 - TG4\",\"isPartOf\":{\"@id\":\"https:\/\/dev.tg4.ie\/en\/#website\"},\"primaryImageOfPage\":{\"@id\":\"https:\/\/dev.tg4.ie\/ga\/eolas\/preas\/nuacht-raitis\/2017-2\/28-08-17-seoladh-fhomhair-2017\/#primaryimage\"},\"image\":{\"@id\":\"https:\/\/dev.tg4.ie\/ga\/eolas\/preas\/nuacht-raitis\/2017-2\/28-08-17-seoladh-fhomhair-2017\/#primaryimage\"},\"thumbnailUrl\":\"https:\/\/tg4-docs.s3.amazonaws.com\/tg4-redesign-2015\/wp-content\/uploads\/2017\/08\/Laith3.jpg\",\"datePublished\":\"2017-08-28T11:37:44+00:00\",\"dateModified\":\"2019-06-25T08:55:36+00:00\",\"breadcrumb\":{\"@id\":\"https:\/\/dev.tg4.ie\/ga\/eolas\/preas\/nuacht-raitis\/2017-2\/28-08-17-seoladh-fhomhair-2017\/#breadcrumb\"},\"inLanguage\":\"ga\",\"potentialAction\":[{\"@type\":\"ReadAction\",\"target\":[\"https:\/\/dev.tg4.ie\/ga\/eolas\/preas\/nuacht-raitis\/2017-2\/28-08-17-seoladh-fhomhair-2017\/\"]}]},{\"@type\":\"ImageObject\",\"inLanguage\":\"ga\",\"@id\":\"https:\/\/dev.tg4.ie\/ga\/eolas\/preas\/nuacht-raitis\/2017-2\/28-08-17-seoladh-fhomhair-2017\/#primaryimage\",\"url\":\"https:\/\/tg4-docs.s3.amazonaws.com\/tg4-redesign-2015\/wp-content\/uploads\/2017\/08\/Laith3.jpg\",\"contentUrl\":\"https:\/\/tg4-docs.s3.amazonaws.com\/tg4-redesign-2015\/wp-content\/uploads\/2017\/08\/Laith3.jpg\",\"width\":1920,\"height\":1080,\"caption\":\"Seoladh an Fh\u00f3mhair 2017\"},{\"@type\":\"BreadcrumbList\",\"@id\":\"https:\/\/dev.tg4.ie\/ga\/eolas\/preas\/nuacht-raitis\/2017-2\/28-08-17-seoladh-fhomhair-2017\/#breadcrumb\",\"itemListElement\":[{\"@type\":\"ListItem\",\"position\":1,\"name\":\"Home\",\"item\":\"https:\/\/dev.tg4.ie\/ga\/\"},{\"@type\":\"ListItem\",\"position\":2,\"name\":\"Eolas\",\"item\":\"https:\/\/dev.tg4.ie\/ga\/eolas\/\"},{\"@type\":\"ListItem\",\"position\":3,\"name\":\"Preas\",\"item\":\"https:\/\/dev.tg4.ie\/ga\/eolas\/preas\/\"},{\"@type\":\"ListItem\",\"position\":4,\"name\":\"Nuacht R\u00e1itis\",\"item\":\"https:\/\/dev.tg4.ie\/ga\/eolas\/preas\/nuacht-raitis\/\"},{\"@type\":\"ListItem\",\"position\":5,\"name\":\"2017\",\"item\":\"https:\/\/dev.tg4.ie\/ga\/eolas\/preas\/nuacht-raitis\/2017-2\/\"},{\"@type\":\"ListItem\",\"position\":6,\"name\":\"28.08.17 &#8211; Seoladh an Fh\u00f3mhair 2017\"}]},{\"@type\":\"WebSite\",\"@id\":\"https:\/\/dev.tg4.ie\/en\/#website\",\"url\":\"https:\/\/dev.tg4.ie\/en\/\",\"name\":\"TG4\",\"description\":\"S\u00fail Eile\",\"potentialAction\":[{\"@type\":\"SearchAction\",\"target\":{\"@type\":\"EntryPoint\",\"urlTemplate\":\"https:\/\/dev.tg4.ie\/en\/?s={search_term_string}\"},\"query-input\":\"required name=search_term_string\"}],\"inLanguage\":\"ga\"}]}<\/script>\n<!-- \/ Yoast SEO plugin. -->","yoast_head_json":{"title":"28.08.17 - Seoladh an Fh\u00f3mhair 2017 - TG4","robots":{"index":"index","follow":"follow","max-snippet":"max-snippet:-1","max-image-preview":"max-image-preview:large","max-video-preview":"max-video-preview:-1"},"og_locale":"en_US","og_type":"article","og_title":"28.08.17 - Seoladh an Fh\u00f3mhair 2017 - TG4","og_description":"Nascadh, Nuasc\u00e9ala\u00edocht agus Neart Siamsa\u00edochta Cl\u00e1rsceideal an Fh\u00f3mhair seolta i nGaillimh T\u00e1 barr fl\u00fairseach F\u00f3mhair bainte ag TG4 agus ar tairiscint sa gcl\u00e1rsceideal don s\u00e9as\u00far nua. Seoladh \u00e9 i L\u00e1rionad U\u00ed Dhonnch\u00fa don Amharclanna\u00edocht in Ollscoil na h\u00c9ireann, Galllimh tr\u00e1thn\u00f3na. Bh\u00e9arfaidh an cl\u00e1rsceideal nua ard\u00e1n do scoth an \u00e1bhair ar an teilif\u00eds agus ar sheirbh\u00eds\u00ed [&hellip;]","og_url":"https:\/\/dev.tg4.ie\/ga\/eolas\/preas\/nuacht-raitis\/2017-2\/28-08-17-seoladh-fhomhair-2017\/","og_site_name":"TG4","article_publisher":"https:\/\/www.facebook.com\/TG4TV","article_modified_time":"2019-06-25T08:55:36+00:00","og_image":[{"width":1920,"height":1080,"url":"https:\/\/tg4-docs.s3.amazonaws.com\/tg4-redesign-2015\/wp-content\/uploads\/2017\/08\/Laith3.jpg","type":"image\/jpeg"}],"twitter_card":"summary_large_image","twitter_site":"@TG4TV","twitter_misc":{"Est. reading time":"5 minutes"},"schema":{"@context":"https:\/\/schema.org","@graph":[{"@type":"WebPage","@id":"https:\/\/dev.tg4.ie\/ga\/eolas\/preas\/nuacht-raitis\/2017-2\/28-08-17-seoladh-fhomhair-2017\/","url":"https:\/\/dev.tg4.ie\/ga\/eolas\/preas\/nuacht-raitis\/2017-2\/28-08-17-seoladh-fhomhair-2017\/","name":"28.08.17 - Seoladh an Fh\u00f3mhair 2017 - TG4","isPartOf":{"@id":"https:\/\/dev.tg4.ie\/en\/#website"},"primaryImageOfPage":{"@id":"https:\/\/dev.tg4.ie\/ga\/eolas\/preas\/nuacht-raitis\/2017-2\/28-08-17-seoladh-fhomhair-2017\/#primaryimage"},"image":{"@id":"https:\/\/dev.tg4.ie\/ga\/eolas\/preas\/nuacht-raitis\/2017-2\/28-08-17-seoladh-fhomhair-2017\/#primaryimage"},"thumbnailUrl":"https:\/\/tg4-docs.s3.amazonaws.com\/tg4-redesign-2015\/wp-content\/uploads\/2017\/08\/Laith3.jpg","datePublished":"2017-08-28T11:37:44+00:00","dateModified":"2019-06-25T08:55:36+00:00","breadcrumb":{"@id":"https:\/\/dev.tg4.ie\/ga\/eolas\/preas\/nuacht-raitis\/2017-2\/28-08-17-seoladh-fhomhair-2017\/#breadcrumb"},"inLanguage":"ga","potentialAction":[{"@type":"ReadAction","target":["https:\/\/dev.tg4.ie\/ga\/eolas\/preas\/nuacht-raitis\/2017-2\/28-08-17-seoladh-fhomhair-2017\/"]}]},{"@type":"ImageObject","inLanguage":"ga","@id":"https:\/\/dev.tg4.ie\/ga\/eolas\/preas\/nuacht-raitis\/2017-2\/28-08-17-seoladh-fhomhair-2017\/#primaryimage","url":"https:\/\/tg4-docs.s3.amazonaws.com\/tg4-redesign-2015\/wp-content\/uploads\/2017\/08\/Laith3.jpg","contentUrl":"https:\/\/tg4-docs.s3.amazonaws.com\/tg4-redesign-2015\/wp-content\/uploads\/2017\/08\/Laith3.jpg","width":1920,"height":1080,"caption":"Seoladh an Fh\u00f3mhair 2017"},{"@type":"BreadcrumbList","@id":"https:\/\/dev.tg4.ie\/ga\/eolas\/preas\/nuacht-raitis\/2017-2\/28-08-17-seoladh-fhomhair-2017\/#breadcrumb","itemListElement":[{"@type":"ListItem","position":1,"name":"Home","item":"https:\/\/dev.tg4.ie\/ga\/"},{"@type":"ListItem","position":2,"name":"Eolas","item":"https:\/\/dev.tg4.ie\/ga\/eolas\/"},{"@type":"ListItem","position":3,"name":"Preas","item":"https:\/\/dev.tg4.ie\/ga\/eolas\/preas\/"},{"@type":"ListItem","position":4,"name":"Nuacht R\u00e1itis","item":"https:\/\/dev.tg4.ie\/ga\/eolas\/preas\/nuacht-raitis\/"},{"@type":"ListItem","position":5,"name":"2017","item":"https:\/\/dev.tg4.ie\/ga\/eolas\/preas\/nuacht-raitis\/2017-2\/"},{"@type":"ListItem","position":6,"name":"28.08.17 &#8211; Seoladh an Fh\u00f3mhair 2017"}]},{"@type":"WebSite","@id":"https:\/\/dev.tg4.ie\/en\/#website","url":"https:\/\/dev.tg4.ie\/en\/","name":"TG4","description":"S\u00fail Eile","potentialAction":[{"@type":"SearchAction","target":{"@type":"EntryPoint","urlTemplate":"https:\/\/dev.tg4.ie\/en\/?s={search_term_string}"},"query-input":"required name=search_term_string"}],"inLanguage":"ga"}]}},"_links":{"self":[{"href":"https:\/\/dev.tg4.ie\/ga\/wp-json\/wp\/v2\/pages\/65186"}],"collection":[{"href":"https:\/\/dev.tg4.ie\/ga\/wp-json\/wp\/v2\/pages"}],"about":[{"href":"https:\/\/dev.tg4.ie\/ga\/wp-json\/wp\/v2\/types\/page"}],"author":[{"embeddable":true,"href":"https:\/\/dev.tg4.ie\/ga\/wp-json\/wp\/v2\/users\/999"}],"replies":[{"embeddable":true,"href":"https:\/\/dev.tg4.ie\/ga\/wp-json\/wp\/v2\/comments?post=65186"}],"version-history":[{"count":0,"href":"https:\/\/dev.tg4.ie\/ga\/wp-json\/wp\/v2\/pages\/65186\/revisions"}],"up":[{"embeddable":true,"href":"https:\/\/dev.tg4.ie\/ga\/wp-json\/wp\/v2\/pages\/40345"}],"wp:featuredmedia":[{"embeddable":true,"href":"https:\/\/dev.tg4.ie\/ga\/wp-json\/wp\/v2\/media\/65528"}],"wp:attachment":[{"href":"https:\/\/dev.tg4.ie\/ga\/wp-json\/wp\/v2\/media?parent=65186"}],"curies":[{"name":"wp","href":"https:\/\/api.w.org\/{rel}","templated":true}]}}