{"id":6621,"date":"2015-12-15T15:42:27","date_gmt":"2015-12-15T15:42:27","guid":{"rendered":"https:\/\/dev.tg4.ie\/?page_id=6621"},"modified":"2019-06-25T11:32:15","modified_gmt":"2019-06-25T10:32:15","slug":"nollaig-2015-ar-tg4-2","status":"publish","type":"page","link":"https:\/\/dev.tg4.ie\/ga\/eolas\/preas\/nuacht-raitis\/2015-2\/nollaig-2015-ar-tg4-2\/","title":{"rendered":"Nollaig 2015 ar TG4"},"content":{"rendered":"<h2>Nollaig 2015 ar TG4<\/h2>\n<p><strong>R\u00e9alta, Sc\u00e9alta, Ceol, Sp\u00f3rt agus Spraoi don Nollaig<\/strong><\/p>\n<p><strong>19 Nollaig \u2013 L\u00e1 Caille<\/strong><\/p>\n<p>Is ioma\u00ed craobh ar chrann Nollag TG4 i mbliana agus f\u00e9ir\u00edn\u00ed go leor orthu, idir cheol agus fhaisn\u00e9is, sc\u00e9alta baile agus iasachta, dheoraithe agus chuairteoir\u00ed c\u00e1ili\u00fala. I measc na gcl\u00e1r faisn\u00e9ise, beidh cur s\u00edos ar an r\u00e9alta scann\u00e1n as Hollywood a thit i ngr\u00e1 le Gaeltacht Thuar Mhic \u00c9adaigh, an Conallach crua ar theip ar a chuid naimhde \u00e9 a chur chun b\u00e1is.<\/p>\n<p>Ar <strong><em>Hup <\/em><\/strong>cloisfear scoth an cheoil traidisi\u00fanta i gc\u00fapla eagr\u00e1n\u00a0 \u00f3 <strong>Mhatt Molloy, Se\u00e1n Keane, Arty McGlynn, M\u00e1irt\u00edn O&#8217;Connor, Br\u00edd N\u00ed Mhaoilchiar\u00e1in, Chris Droney<\/strong> agus \u00f3 mhuintir <strong>Glackin.\u00a0\u00a0 \u00a0<\/strong>Beidh deis ann freisin <strong><em>Corn U\u00ed Riada 2015<\/em><\/strong> a fheice\u00e1il agus scoth na bhfonnad\u00f3ir\u00ed sean-n\u00f3is ar an ard\u00e1n ag Oireachtas na Samhna.<\/p>\n<p>Craolfar<strong><em> An Klondike,<\/em><\/strong> an leagan scann\u00e1in den dr\u00e1ma Gaeilge ar L\u00e1 \u2018le Stiof\u00e1in, s\u00fail siar ar chluich\u00ed m\u00f3ra Gaelacha na bliana 2015, \u00a0mar aon le beo-chraoladh <strong><em>Rugba\u00ed BEO<\/em><\/strong> agus c\u00faig\u00ed na h\u00c9ireann ag tabhairt aghaidh ar a ch\u00e9ile.<\/p>\n<p>Tugann <strong><em>Robert Shaw <\/em><\/strong>&#8211; <span><strong>Jaws <\/strong><\/span>cuntas ar shaol an r\u00e9alta scann\u00e1in a lonnaigh cois Measca i ndeireadh a shaoil agus arbh ansa leis bheith ag scr\u00edobh agus ag si\u00fal an tsl\u00e9ibhe ansin n\u00e1 ag aisteoireacht i Hollywood.\u00a0\u00a0 Sc\u00e9al faoi shaol an deora\u00ed \u00e9 <strong><em>Deoch an Dorais<\/em><\/strong> ina r\u00edomhfar \u00a0cruatan na deora\u00edochta\u00a0 i Nua Eabhrac ag Mike Malloy, fear a d\u2019\u00f3l a dh\u00f3thain agus tuilleadh ach a sh\u00e1raigh iarrachta\u00ed go leor \u00e9 a chur chun b\u00e1is ar mhaithe le h\u00e9iric \u00e1rachais sa mbliain 1933.<\/p>\n<p>Ginfidh an cl\u00e1r faisn\u00e9ise <strong><em>I mB\u00e9al na Stoirme <\/em><\/strong>go leor suime agus comhbh\u00e1 mar go riantar ann iarrachta\u00ed John O\u2019Brien, iascaire beag as Inis B\u00f3 Finne, fear a chaith ocht mbliana ag tabhairt dh\u00fashl\u00e1n na n-\u00fadar\u00e1s Eorpacha ar chuir a leasuithe polasa\u00ed deireadh lena shl\u00ed mhaireacht\u00e1la traidisi\u00fanta.\u00a0 Coimhlint de chine\u00e1l eile at\u00e1 faoi chaibidil sa gcl\u00e1r\u00a0 <strong><em>Bocs\u00e1il i mBoston <\/em><\/strong>ina bhfuil dorn\u00e1laithe \u00f3ga as Conamara ag tabhairt a n-aghaidh siar chuig babhta\u00ed inar chuig M\u00e9ara na cathrach sin, Marty Walsh, f\u00e1ilte phearsanta rompu.<\/p>\n<p><strong><em>T\u00edr Tairngire<\/em><\/strong> is teideal do chl\u00e1r staire a ins\u00edonn an cine-scaipeadh a rinne Oliver Cromwell ar an nGaeilge agus \u00e9 \u00e1 nd\u00edbirt siar go Connachta, gn\u00edomh a d\u2019fh\u00e1g a rian go doimhin ar an t\u00edr agus mh\u00ed-ch\u00e1il an fhir a d\u2019ordaigh \u00e9.<\/p>\n<p>Laoch ceoil \u00f3n Chathair Loistre\u00e1in i dtuaisceart na Gaillimhe \u00e9 <strong><em>Matt Cunningham &#8211; R\u00ed na Seite <\/em><\/strong> a bhfuil a shaol caite aige ag seinm agus ag amhr\u00e1na\u00edocht ar fud an iarthair agus n\u00edos faide \u00f3 bhaile. Tr\u00e1chtfaidh s\u00e9 f\u00e9in, a mhuintir agus a chairde ceoil (ina measc Philomena Begley) ar a shaol fada si\u00falach siams\u00fail in \u00c9irinn agus i Sasana.<\/p>\n<p>Chaill <strong><em>Ros na R\u00fan<\/em><\/strong> duine d\u00e1 mh\u00f3r-phearsain i mbliana agus silfear deora go leor agus a chomhghleacaithe ag tabhairt \u00f3m\u00f3is do Sh\u00e9amus Mhicil Tom (Diarmuid Mac an Adhastair) i gcl\u00e1r speisialta cuimhneach\u00e1in agus com\u00f3rtha.<\/p>\n<p><sup>\u00a0<\/sup>B\u00edonn \u00e9ileamh ar an gceol t\u00edre freisin ag lucht f\u00e9achana an chain\u00e9il agus beidh sol\u00e1thar den scoth \u00f3 TG4 an Nollaig seo le leith\u00e9id\u00ed <strong><em>Daniel O\u2019Donnell, Nathan Carter <\/em><\/strong>agus <strong><em>Robert<\/em><\/strong><em> <strong>Mizzell<\/strong><\/em><strong>.<\/strong><em><strong> \u00a0<\/strong><\/em>T\u00e1 duine de laochra an cheoil sin in \u00c9irinn ag ceili\u00faradh leathch\u00e9ad bliain i mbun oirfididh i mbliana, \u00e9acht a chom\u00f3rfar in gcl\u00e1r speisialta <strong><em>Brendan Shine@50 <\/em><\/strong> O\u00edche Chinn Bhliana.<\/p>\n<p><strong><em>Moya Brennan ag Ceol<\/em><\/strong> is teideal den chl\u00e1r ina mbeidh an t-amhr\u00e1na\u00ed aitheanta as Gaoth Dobhair i mbun ceoil agus cuimhn\u00ed lena muintir f\u00e9in agus a cairde sa gCult\u00farlann i mBale na Manach i mBaile \u00c1tha Cliath. \u00a0Fear \u00f3 theaghlach c\u00e1ili\u00fail eile as Cathair Loistre\u00e1in\u00a0 a bheidh i mbun coirme sa gcl\u00e1r <strong><em>Se\u00e1n Keane ag Ceol<\/em><\/strong> \u00a0agus is \u00ed a dheirfi\u00far <strong>Dolores<\/strong> a bheidh le feice\u00e1il sa gcl\u00e1r cartlainne <strong><em>Sailing to an Island<\/em> <\/strong>\u00a0agus \u00ed ar a bealach go hInis B\u00f3 Finne le John Faulkner.<\/p>\n<p>C\u00e9 gur cos\u00fail go bhfuil forl\u00e1mhas na gc\u00faig\u00ed \u00c9ireannacha ar chom\u00f3rtais rugba\u00ed na hEorpa ag meath le tamall, n\u00edl aon mhaol\u00fa ar an ioma\u00edocht \u00e1iti\u00fail eatarthu, rud a bheidh le feice\u00e1il go soil\u00e9ir agus iad ag tabhairt aghaidh ar a ch\u00e9ile le linn na Nollag ar <strong><em>Rugba\u00ed Beo<\/em><\/strong>.\u00a0 Caithfidh TG4 s\u00fail siar ar mh\u00f3r-chluich\u00ed peile agus iom\u00e1na na bliana 2015 freisin le linn na F\u00e9ile agus deis ann na buaicphoint\u00ed agus na sc\u00f3ranna ab fhearr a fheice\u00e1il ar\u00eds.<\/p>\n<p>Craolfar rogha fhairsing, shiams\u00fail scann\u00e1n ar an gcain\u00e9al freisin le linn na Nollag, ina measc<em> <strong>Father of the Bride, Guilty by Suspicion, Rock of Ages, Meet the Parents, Fantastic Mr. Fox, A Cinderella Story, The Big Tease, The Yearling, Cloud Atlas <\/strong><\/em>agus<strong><em> Space Cowboys. <\/em><\/strong><\/p>\n<p>Ar na leaganacha Gaeilge de mh\u00f3r-scann\u00e1in a bheidh ar f\u00e1il, beidh <strong><em>Niko: The Flight Before Christmas, Secret of Kells <\/em><\/strong>agus <strong><em>\u00a0Happy Feet, <\/em><\/strong> <strong><em>An Garbh\u00e1n, Scuabtha Chun Si\u00fail, Q Pootle na Nollag, Saol faoi Shr\u00e1id na Nollag, Abominable Christmas, The Naughty List <\/em><\/strong>agus <strong><em>Laura\u2019s Star.<\/em><\/strong><\/p>\n","protected":false},"excerpt":{"rendered":"<p>Nollaig 2015 ar TG4 R\u00e9alta, Sc\u00e9alta, Ceol, Sp\u00f3rt agus Spraoi don Nollaig 19 Nollaig \u2013 L\u00e1 Caille Is ioma\u00ed craobh ar chrann Nollag TG4 i mbliana agus f\u00e9ir\u00edn\u00ed go leor orthu, idir cheol agus fhaisn\u00e9is, sc\u00e9alta baile agus iasachta, dheoraithe agus chuairteoir\u00ed c\u00e1ili\u00fala. I measc na gcl\u00e1r faisn\u00e9ise, beidh cur s\u00edos ar an r\u00e9alta scann\u00e1n [&hellip;]<\/p>\n","protected":false},"author":9,"featured_media":0,"parent":985,"menu_order":20,"comment_status":"closed","ping_status":"closed","template":"page-templates\/template-pr.php","meta":{"_acf_changed":false,"footnotes":""},"acf":[],"yoast_head":"<!-- This site is optimized with the Yoast SEO plugin v22.6 - https:\/\/yoast.com\/wordpress\/plugins\/seo\/ -->\n<title>Nollaig 2015 ar TG4 - TG4<\/title>\n<meta name=\"robots\" content=\"index, follow, max-snippet:-1, max-image-preview:large, max-video-preview:-1\" \/>\n<meta property=\"og:locale\" content=\"en_US\" \/>\n<meta property=\"og:type\" content=\"article\" \/>\n<meta property=\"og:title\" content=\"Nollaig 2015 ar TG4 - TG4\" \/>\n<meta property=\"og:description\" content=\"Nollaig 2015 ar TG4 R\u00e9alta, Sc\u00e9alta, Ceol, Sp\u00f3rt agus Spraoi don Nollaig 19 Nollaig \u2013 L\u00e1 Caille Is ioma\u00ed craobh ar chrann Nollag TG4 i mbliana agus f\u00e9ir\u00edn\u00ed go leor orthu, idir cheol agus fhaisn\u00e9is, sc\u00e9alta baile agus iasachta, dheoraithe agus chuairteoir\u00ed c\u00e1ili\u00fala. I measc na gcl\u00e1r faisn\u00e9ise, beidh cur s\u00edos ar an r\u00e9alta scann\u00e1n [&hellip;]\" \/>\n<meta property=\"og:url\" content=\"https:\/\/dev.tg4.ie\/ga\/eolas\/preas\/nuacht-raitis\/2015-2\/nollaig-2015-ar-tg4-2\/\" \/>\n<meta property=\"og:site_name\" content=\"TG4\" \/>\n<meta property=\"article:publisher\" content=\"https:\/\/www.facebook.com\/TG4TV\" \/>\n<meta property=\"article:modified_time\" content=\"2019-06-25T10:32:15+00:00\" \/>\n<meta property=\"og:image\" content=\"https:\/\/tg4-docs.s3.amazonaws.com\/wp-content\/uploads\/2024\/11\/18151812\/TG4_2024_corcra_teal_1-1920x1080-1.jpg\" \/>\n\t<meta property=\"og:image:width\" content=\"1920\" \/>\n\t<meta property=\"og:image:height\" content=\"1080\" \/>\n\t<meta property=\"og:image:type\" content=\"image\/jpeg\" \/>\n<meta name=\"twitter:card\" content=\"summary_large_image\" \/>\n<meta name=\"twitter:site\" content=\"@TG4TV\" \/>\n<meta name=\"twitter:label1\" content=\"Est. reading time\" \/>\n\t<meta name=\"twitter:data1\" content=\"5 minutes\" \/>\n<script type=\"application\/ld+json\" class=\"yoast-schema-graph\">{\"@context\":\"https:\/\/schema.org\",\"@graph\":[{\"@type\":\"WebPage\",\"@id\":\"https:\/\/dev.tg4.ie\/ga\/eolas\/preas\/nuacht-raitis\/2015-2\/nollaig-2015-ar-tg4-2\/\",\"url\":\"https:\/\/dev.tg4.ie\/ga\/eolas\/preas\/nuacht-raitis\/2015-2\/nollaig-2015-ar-tg4-2\/\",\"name\":\"Nollaig 2015 ar TG4 - TG4\",\"isPartOf\":{\"@id\":\"https:\/\/dev.tg4.ie\/en\/#website\"},\"datePublished\":\"2015-12-15T15:42:27+00:00\",\"dateModified\":\"2019-06-25T10:32:15+00:00\",\"breadcrumb\":{\"@id\":\"https:\/\/dev.tg4.ie\/ga\/eolas\/preas\/nuacht-raitis\/2015-2\/nollaig-2015-ar-tg4-2\/#breadcrumb\"},\"inLanguage\":\"ga\",\"potentialAction\":[{\"@type\":\"ReadAction\",\"target\":[\"https:\/\/dev.tg4.ie\/ga\/eolas\/preas\/nuacht-raitis\/2015-2\/nollaig-2015-ar-tg4-2\/\"]}]},{\"@type\":\"BreadcrumbList\",\"@id\":\"https:\/\/dev.tg4.ie\/ga\/eolas\/preas\/nuacht-raitis\/2015-2\/nollaig-2015-ar-tg4-2\/#breadcrumb\",\"itemListElement\":[{\"@type\":\"ListItem\",\"position\":1,\"name\":\"Home\",\"item\":\"https:\/\/dev.tg4.ie\/ga\/\"},{\"@type\":\"ListItem\",\"position\":2,\"name\":\"Eolas\",\"item\":\"https:\/\/dev.tg4.ie\/ga\/eolas\/\"},{\"@type\":\"ListItem\",\"position\":3,\"name\":\"Preas\",\"item\":\"https:\/\/dev.tg4.ie\/ga\/eolas\/preas\/\"},{\"@type\":\"ListItem\",\"position\":4,\"name\":\"Nuacht R\u00e1itis\",\"item\":\"https:\/\/dev.tg4.ie\/ga\/eolas\/preas\/nuacht-raitis\/\"},{\"@type\":\"ListItem\",\"position\":5,\"name\":\"2015\",\"item\":\"https:\/\/dev.tg4.ie\/ga\/eolas\/preas\/nuacht-raitis\/2015-2\/\"},{\"@type\":\"ListItem\",\"position\":6,\"name\":\"Nollaig 2015 ar TG4\"}]},{\"@type\":\"WebSite\",\"@id\":\"https:\/\/dev.tg4.ie\/en\/#website\",\"url\":\"https:\/\/dev.tg4.ie\/en\/\",\"name\":\"TG4\",\"description\":\"S\u00fail Eile\",\"potentialAction\":[{\"@type\":\"SearchAction\",\"target\":{\"@type\":\"EntryPoint\",\"urlTemplate\":\"https:\/\/dev.tg4.ie\/en\/?s={search_term_string}\"},\"query-input\":\"required name=search_term_string\"}],\"inLanguage\":\"ga\"}]}<\/script>\n<!-- \/ Yoast SEO plugin. -->","yoast_head_json":{"title":"Nollaig 2015 ar TG4 - TG4","robots":{"index":"index","follow":"follow","max-snippet":"max-snippet:-1","max-image-preview":"max-image-preview:large","max-video-preview":"max-video-preview:-1"},"og_locale":"en_US","og_type":"article","og_title":"Nollaig 2015 ar TG4 - TG4","og_description":"Nollaig 2015 ar TG4 R\u00e9alta, Sc\u00e9alta, Ceol, Sp\u00f3rt agus Spraoi don Nollaig 19 Nollaig \u2013 L\u00e1 Caille Is ioma\u00ed craobh ar chrann Nollag TG4 i mbliana agus f\u00e9ir\u00edn\u00ed go leor orthu, idir cheol agus fhaisn\u00e9is, sc\u00e9alta baile agus iasachta, dheoraithe agus chuairteoir\u00ed c\u00e1ili\u00fala. I measc na gcl\u00e1r faisn\u00e9ise, beidh cur s\u00edos ar an r\u00e9alta scann\u00e1n [&hellip;]","og_url":"https:\/\/dev.tg4.ie\/ga\/eolas\/preas\/nuacht-raitis\/2015-2\/nollaig-2015-ar-tg4-2\/","og_site_name":"TG4","article_publisher":"https:\/\/www.facebook.com\/TG4TV","article_modified_time":"2019-06-25T10:32:15+00:00","og_image":[{"width":1920,"height":1080,"url":"https:\/\/tg4-docs.s3.amazonaws.com\/wp-content\/uploads\/2024\/11\/18151812\/TG4_2024_corcra_teal_1-1920x1080-1.jpg","type":"image\/jpeg"}],"twitter_card":"summary_large_image","twitter_site":"@TG4TV","twitter_misc":{"Est. reading time":"5 minutes"},"schema":{"@context":"https:\/\/schema.org","@graph":[{"@type":"WebPage","@id":"https:\/\/dev.tg4.ie\/ga\/eolas\/preas\/nuacht-raitis\/2015-2\/nollaig-2015-ar-tg4-2\/","url":"https:\/\/dev.tg4.ie\/ga\/eolas\/preas\/nuacht-raitis\/2015-2\/nollaig-2015-ar-tg4-2\/","name":"Nollaig 2015 ar TG4 - TG4","isPartOf":{"@id":"https:\/\/dev.tg4.ie\/en\/#website"},"datePublished":"2015-12-15T15:42:27+00:00","dateModified":"2019-06-25T10:32:15+00:00","breadcrumb":{"@id":"https:\/\/dev.tg4.ie\/ga\/eolas\/preas\/nuacht-raitis\/2015-2\/nollaig-2015-ar-tg4-2\/#breadcrumb"},"inLanguage":"ga","potentialAction":[{"@type":"ReadAction","target":["https:\/\/dev.tg4.ie\/ga\/eolas\/preas\/nuacht-raitis\/2015-2\/nollaig-2015-ar-tg4-2\/"]}]},{"@type":"BreadcrumbList","@id":"https:\/\/dev.tg4.ie\/ga\/eolas\/preas\/nuacht-raitis\/2015-2\/nollaig-2015-ar-tg4-2\/#breadcrumb","itemListElement":[{"@type":"ListItem","position":1,"name":"Home","item":"https:\/\/dev.tg4.ie\/ga\/"},{"@type":"ListItem","position":2,"name":"Eolas","item":"https:\/\/dev.tg4.ie\/ga\/eolas\/"},{"@type":"ListItem","position":3,"name":"Preas","item":"https:\/\/dev.tg4.ie\/ga\/eolas\/preas\/"},{"@type":"ListItem","position":4,"name":"Nuacht R\u00e1itis","item":"https:\/\/dev.tg4.ie\/ga\/eolas\/preas\/nuacht-raitis\/"},{"@type":"ListItem","position":5,"name":"2015","item":"https:\/\/dev.tg4.ie\/ga\/eolas\/preas\/nuacht-raitis\/2015-2\/"},{"@type":"ListItem","position":6,"name":"Nollaig 2015 ar TG4"}]},{"@type":"WebSite","@id":"https:\/\/dev.tg4.ie\/en\/#website","url":"https:\/\/dev.tg4.ie\/en\/","name":"TG4","description":"S\u00fail Eile","potentialAction":[{"@type":"SearchAction","target":{"@type":"EntryPoint","urlTemplate":"https:\/\/dev.tg4.ie\/en\/?s={search_term_string}"},"query-input":"required name=search_term_string"}],"inLanguage":"ga"}]}},"_links":{"self":[{"href":"https:\/\/dev.tg4.ie\/ga\/wp-json\/wp\/v2\/pages\/6621"}],"collection":[{"href":"https:\/\/dev.tg4.ie\/ga\/wp-json\/wp\/v2\/pages"}],"about":[{"href":"https:\/\/dev.tg4.ie\/ga\/wp-json\/wp\/v2\/types\/page"}],"author":[{"embeddable":true,"href":"https:\/\/dev.tg4.ie\/ga\/wp-json\/wp\/v2\/users\/9"}],"replies":[{"embeddable":true,"href":"https:\/\/dev.tg4.ie\/ga\/wp-json\/wp\/v2\/comments?post=6621"}],"version-history":[{"count":0,"href":"https:\/\/dev.tg4.ie\/ga\/wp-json\/wp\/v2\/pages\/6621\/revisions"}],"up":[{"embeddable":true,"href":"https:\/\/dev.tg4.ie\/ga\/wp-json\/wp\/v2\/pages\/985"}],"wp:attachment":[{"href":"https:\/\/dev.tg4.ie\/ga\/wp-json\/wp\/v2\/media?parent=6621"}],"curies":[{"name":"wp","href":"https:\/\/api.w.org\/{rel}","templated":true}]}}