{"id":664,"date":"2015-07-17T11:51:06","date_gmt":"2015-07-17T10:51:06","guid":{"rendered":"https:\/\/dev.tg4.ie\/ga\/corporate\/background\/"},"modified":"2025-06-05T15:43:56","modified_gmt":"2025-06-05T14:43:56","slug":"buneolas","status":"publish","type":"page","link":"https:\/\/dev.tg4.ie\/ga\/corporate\/buneolas\/","title":{"rendered":"Buneolas"},"content":{"rendered":"<p>T\u00e1 sin thar a bheith s\u00e1s\u00fail i bhfianaise na g\u00e9ar-ioma\u00edochta sa margadh teilif\u00edse in \u00c9irinn, an ceann is d\u00e9ine coimhlint san Eoraip, deirtear mar go bhfuil go leor teaghlach in \u00c9irinn ag glacadh na seirbh\u00eds\u00ed digiteacha teilif\u00edse agus f\u00e1il acu d\u00e1 r\u00e9ir ar raon leathan cain\u00e9al, m\u00f3r-bhranda\u00ed agus cain\u00e9al sainsp\u00e9ise ina measc.<\/p>\n<p>Mar chraolt\u00f3ir a chreideann i bhforbairt na r\u00e9igi\u00fan, d\u00edr\u00edonn TG4 ar \u00e1bhar agus seirbh\u00eds\u00ed a aimsi\u00fa \u00f3 chuideachta\u00ed a fheidhm\u00edonn tr\u00ed Mhe\u00e1n na Gaeilge, a bhfuil go leor acu lonnaithe i gceantair Ghaeltachta agus sna r\u00e9igi\u00fain.<\/p>\n<p>In 2024, chaith TG4 \u20ac40.3m ar sheirbh\u00eds\u00ed cruthaitheacha in \u00c9irinn, agus caitheadh \u20ac35.5m de sin ar chomhlachta\u00ed cruthaitheacha at\u00e1 lonnaithe sna r\u00e9igi\u00fain. As an \u20ac40.3m, caitheadh \u20ac32.1m ar chomhlachta\u00ed l\u00e9iri\u00fach\u00e1n neamhsple\u00e1ch agus caitheadh \u20ac30.2m de sin ar chomhlachta\u00ed l\u00e9iri\u00fach\u00e1n neamhsple\u00e1ch sna r\u00e9igi\u00fain. Ar an mbealach seo, thaca\u00edomar le f\u00e1s agus le cruth\u00fa post i dtionscail chruthaitheacha sna r\u00e9igi\u00fain, ag cuidi\u00fa le geilleagar cruthaitheach r\u00e9igi\u00fanach na h\u00c9ireann a choth\u00fa agus a fhorbairt.<\/p>\n<p>Measaimid gur chuir caiteachas TG4 in \u00c9irinn thart ar \u20ac101m leis an aschur n\u00e1isi\u00fanta in 2024 agus gur thacaigh s\u00e9 le beagnach 2,140 post coibh\u00e9ise l\u00e1naimseartha (d\u00edreach, ind\u00edreach agus ionduchtaithe). As sin, chuir caiteachas TG4 thart ar \u20ac88m leis an aschur r\u00e9igi\u00fanach agus thacaigh le 1,951 post coibh\u00e9ise l\u00e1naimseartha (d\u00edreach, ind\u00edreach agus ionduchtaithe).<\/p>\n<hr \/>\n<h3>Maoini\u00fa \u00f3n Rialtas<\/h3>\n<p>T\u00e1 maoini\u00fa reatha \u20ac54.85m do TG4 curtha ar f\u00e1il ag an Rialtas do 2025 agus maoini\u00fa caipitil do \u20ac5.15m. T\u00e1 ioncam f\u00f3gra\u00edochta agus urra\u00edochta a thuilleamh ag an gcain\u00e9al agus d\u00edolann s\u00e9 cl\u00e1racha freisin.<\/p>\n<p>Admha\u00edtear go bhfuil TG4 ar cheann de na cain\u00e9il teilif\u00edse is \u00e9ifeachta\u00ed costas san Eoraip.<\/p>\n<p><!--Cinnt\u00edonn sceideal an chain\u00e9il - agus Nuacht TG4 ach go \u00e1irithe - go bhfuil rogha f\u00e9achana, malairt l\u00e9argais agus ard\u00e1n do thallann nua ar f\u00e1il.--><br \/>\n&nbsp;<\/p>\n<h3>Ar fud an Domhain<\/h3>\n<p>T\u00e1 aitheantas n\u00e1isi\u00fanta agus gradaim agus duaiseanna n\u00e1isi\u00fanta agus idirn\u00e1isi\u00fanta faighte go lean\u00fanach ag cl\u00e1ir agus pearsain TG4. T\u00e1 siad ceannaithe agus craolta craolt\u00f3ir\u00ed thar lear freisin. T\u00e1 \u00e1bhar craolta Gaeilge an chain\u00e9il ar f\u00e1il ar fud an domhain ar <a href=\"https:\/\/dev.tg4.ie\" rel=\"noopener\" target=\"_blank\">Sheinnteoir TG4<\/a> ina bhfuil idir bheo-shol\u00e1thar agus chartlann.<\/p>\n<p><img loading=\"lazy\" decoding=\"async\" width=\"1920\" height=\"1080\" src=\"https:\/\/tg4-docs.s3.amazonaws.com\/wp-content\/uploads\/2025\/06\/05152810\/CRA_BTS_1-1920x1080-1.jpg\" alt=\"\" class=\"alignright size-full wp-image-246053\" srcset=\"https:\/\/tg4-docs.s3.amazonaws.com\/wp-content\/uploads\/2025\/06\/05152810\/CRA_BTS_1-1920x1080-1.jpg 1920w, https:\/\/tg4-docs.s3.amazonaws.com\/wp-content\/uploads\/2025\/06\/05152810\/CRA_BTS_1-1920x1080-1-250x141.jpg 250w, https:\/\/tg4-docs.s3.amazonaws.com\/wp-content\/uploads\/2025\/06\/05152810\/CRA_BTS_1-1920x1080-1-700x394.jpg 700w, https:\/\/tg4-docs.s3.amazonaws.com\/wp-content\/uploads\/2025\/06\/05152810\/CRA_BTS_1-1920x1080-1-252x141.jpg 252w, https:\/\/tg4-docs.s3.amazonaws.com\/wp-content\/uploads\/2025\/06\/05152810\/CRA_BTS_1-1920x1080-1-1536x864.jpg 1536w, https:\/\/tg4-docs.s3.amazonaws.com\/wp-content\/uploads\/2025\/06\/05152810\/CRA_BTS_1-1920x1080-1-120x68.jpg 120w\" sizes=\"(max-width: 1920px) 100vw, 1920px\" \/><br \/>\n&nbsp;<\/p>\n<h3>\u00c1bhar<\/h3>\n<p>T\u00e1 cl\u00e1r-sceideal laeth\u00fail Gaeilge do ph\u00e1ist\u00ed agus do dhaoine \u00f3ga ag TG4. Cuireann C\u00fala4 agus BLOC scoth an \u00e1bhair siamsa\u00edochta ar f\u00e1il agus is pointe teagmh\u00e1la taitneamhach tarraingteach iad don Ghaeilge i gcomhth\u00e9acs at\u00e1 ioml\u00e1n \u00e9ags\u00fail \u00f3n scoil.<\/p>\n<p>Thuill cl\u00e1ir ceoil, faisn\u00e9ise agus cl\u00fadach sp\u00f3irt an chain\u00e9il moladh ar leith do TG4. T\u00e1 c\u00e1il ar leith ar a shobaldhr\u00e1ma Ros na R\u00fan agus ar an tseirbh\u00eds shaini\u00fail \u00f3 Nuacht TG4.<\/p>\n<p><img loading=\"lazy\" decoding=\"async\" width=\"1920\" height=\"1080\" src=\"https:\/\/tg4-docs.s3.amazonaws.com\/wp-content\/uploads\/2025\/06\/05153325\/Fleadh24_BTS_1-1920x1080-1.jpg\" alt=\"\" class=\"alignright size-full wp-image-246055\" srcset=\"https:\/\/tg4-docs.s3.amazonaws.com\/wp-content\/uploads\/2025\/06\/05153325\/Fleadh24_BTS_1-1920x1080-1.jpg 1920w, https:\/\/tg4-docs.s3.amazonaws.com\/wp-content\/uploads\/2025\/06\/05153325\/Fleadh24_BTS_1-1920x1080-1-250x141.jpg 250w, https:\/\/tg4-docs.s3.amazonaws.com\/wp-content\/uploads\/2025\/06\/05153325\/Fleadh24_BTS_1-1920x1080-1-700x394.jpg 700w, https:\/\/tg4-docs.s3.amazonaws.com\/wp-content\/uploads\/2025\/06\/05153325\/Fleadh24_BTS_1-1920x1080-1-252x141.jpg 252w, https:\/\/tg4-docs.s3.amazonaws.com\/wp-content\/uploads\/2025\/06\/05153325\/Fleadh24_BTS_1-1920x1080-1-1536x864.jpg 1536w, https:\/\/tg4-docs.s3.amazonaws.com\/wp-content\/uploads\/2025\/06\/05153325\/Fleadh24_BTS_1-1920x1080-1-120x68.jpg 120w\" sizes=\"(max-width: 1920px) 100vw, 1920px\" \/><br \/>\n&nbsp;<\/p>\n<h3>Fosta\u00edocht<\/h3>\n<p>T\u00e1 foireann 120 duine, \u00f3 gach ceard d\u2019\u00c9irinn, fostaithe ag TG4 ina Cheann\u00e1ras i mBaile na hAbhann i nGaeltacht Chonamara. <\/p>\n<p>T\u00e1 t\u00e1bhacht ar leith leis an bhfosta\u00edocht ardscile a chotha\u00edonn TG4 sna Gaeltachta\u00ed. T\u00e1 an tseirbh\u00eds ar cheann de na hinfheisteoir\u00ed is m\u00f3 agus is t\u00e1bhachta\u00ed do thodhcha\u00ed na Gaeltachta. <\/p>\n<p>&nbsp;<\/p>\n<h3>Craoladh<\/h3>\n<p>Deimhn\u00edonn taighde ghairmi\u00fail go bhfuil TG4 ag s\u00e1samh a chro\u00ed lucht f\u00e9achana sa nGaeltacht agus ar fud na t\u00edre mar aon le bheith ag mealladh lucht f\u00e9achana n\u00edos leithne.<\/p>\n<p>T\u00e1 cearta eisiacha in \u00c9irinn ag TG4 ar roinnt com\u00f3rtas sp\u00f3irt &#8211; com\u00f3rtais sraithe, club agus faoi 21 CLG ina measc mar aon le cearta rugba\u00ed ar chom\u00f3rtais URC agus an Tour de France.<\/p>\n<p><img loading=\"lazy\" decoding=\"async\" width=\"1920\" height=\"1080\" src=\"https:\/\/tg4-docs.s3.amazonaws.com\/wp-content\/uploads\/2025\/06\/05153713\/KNEECAP_BW_1-1920x1080-1.jpg\" alt=\"\" class=\"alignright size-full wp-image-246056\" srcset=\"https:\/\/tg4-docs.s3.amazonaws.com\/wp-content\/uploads\/2025\/06\/05153713\/KNEECAP_BW_1-1920x1080-1.jpg 1920w, https:\/\/tg4-docs.s3.amazonaws.com\/wp-content\/uploads\/2025\/06\/05153713\/KNEECAP_BW_1-1920x1080-1-250x141.jpg 250w, https:\/\/tg4-docs.s3.amazonaws.com\/wp-content\/uploads\/2025\/06\/05153713\/KNEECAP_BW_1-1920x1080-1-700x394.jpg 700w, https:\/\/tg4-docs.s3.amazonaws.com\/wp-content\/uploads\/2025\/06\/05153713\/KNEECAP_BW_1-1920x1080-1-252x141.jpg 252w, https:\/\/tg4-docs.s3.amazonaws.com\/wp-content\/uploads\/2025\/06\/05153713\/KNEECAP_BW_1-1920x1080-1-1536x864.jpg 1536w, https:\/\/tg4-docs.s3.amazonaws.com\/wp-content\/uploads\/2025\/06\/05153713\/KNEECAP_BW_1-1920x1080-1-120x68.jpg 120w\" sizes=\"(max-width: 1920px) 100vw, 1920px\" \/><br \/>\n&nbsp;<\/p>\n<h3>Seirbh\u00eds Phoibl\u00ed<\/h3>\n<p>Craolt\u00f3ir seirbh\u00edse poibl\u00ed is ea TG4. T\u00e1 dualgais agus feidhm TG4 (Teilif\u00eds na Gaeilge) leagtha s\u00edos san Acht Craolach\u00e1in 2009. D\u00e1r\u00e9ag comhalta\u00ed at\u00e1 ar an mbord agus is \u00ed Anna N\u00ed Ghallachair an Cathaoirleach. T\u00e1 dualgas reacht\u00fail ar RT\u00c9 sol\u00e1thar cl\u00e1r Gaeilge 365 uair an chloig sa mbliain a dh\u00e9anamh do TG4.<br \/>\nT\u00e1 TG4 ar an togra Gaeilge is dearfa\u00ed agus is airde pr\u00f3if\u00edl \u00f3n Rialtas le caoga bliain. T\u00e1 l\u00e1n-taca\u00edocht faighte aige \u00f3 gach Rialtas agus \u00f3 gach p\u00e1irt\u00ed polaiti\u00fail \u00f3 1992.<\/p>\n<p>&nbsp;<\/p>\n","protected":false},"excerpt":{"rendered":"<p>T\u00e1 sin thar a bheith s\u00e1s\u00fail i bhfianaise na g\u00e9ar-ioma\u00edochta sa margadh teilif\u00edse in \u00c9irinn, an ceann is d\u00e9ine coimhlint san Eoraip, deirtear mar go bhfuil go leor teaghlach in \u00c9irinn ag glacadh na seirbh\u00eds\u00ed digiteacha teilif\u00edse agus f\u00e1il acu d\u00e1 r\u00e9ir ar raon leathan cain\u00e9al, m\u00f3r-bhranda\u00ed agus cain\u00e9al sainsp\u00e9ise ina measc. Mar chraolt\u00f3ir a [&hellip;]<\/p>\n","protected":false},"author":876,"featured_media":0,"parent":660,"menu_order":0,"comment_status":"closed","ping_status":"closed","template":"page-templates\/template-corporate.php","meta":{"_acf_changed":false,"footnotes":""},"acf":[],"yoast_head":"<!-- This site is optimized with the Yoast SEO plugin v22.6 - https:\/\/yoast.com\/wordpress\/plugins\/seo\/ -->\n<title>Buneolas - TG4<\/title>\n<meta name=\"robots\" content=\"index, follow, max-snippet:-1, max-image-preview:large, max-video-preview:-1\" \/>\n<meta property=\"og:locale\" content=\"en_US\" \/>\n<meta property=\"og:type\" content=\"article\" \/>\n<meta property=\"og:title\" content=\"Buneolas - TG4\" \/>\n<meta property=\"og:description\" content=\"T\u00e1 sin thar a bheith s\u00e1s\u00fail i bhfianaise na g\u00e9ar-ioma\u00edochta sa margadh teilif\u00edse in \u00c9irinn, an ceann is d\u00e9ine coimhlint san Eoraip, deirtear mar go bhfuil go leor teaghlach in \u00c9irinn ag glacadh na seirbh\u00eds\u00ed digiteacha teilif\u00edse agus f\u00e1il acu d\u00e1 r\u00e9ir ar raon leathan cain\u00e9al, m\u00f3r-bhranda\u00ed agus cain\u00e9al sainsp\u00e9ise ina measc. Mar chraolt\u00f3ir a [&hellip;]\" \/>\n<meta property=\"og:url\" content=\"https:\/\/dev.tg4.ie\/ga\/corporate\/buneolas\/\" \/>\n<meta property=\"og:site_name\" content=\"TG4\" \/>\n<meta property=\"article:publisher\" content=\"https:\/\/www.facebook.com\/TG4TV\" \/>\n<meta property=\"article:modified_time\" content=\"2025-06-05T14:43:56+00:00\" \/>\n<meta property=\"og:image\" content=\"https:\/\/dev.tg4.ie\/wp-content\/uploads\/2025\/06\/CRA_BTS_1-1920x1080-1.jpg\" \/>\n<meta name=\"twitter:card\" content=\"summary_large_image\" \/>\n<meta name=\"twitter:site\" content=\"@TG4TV\" \/>\n<meta name=\"twitter:label1\" content=\"Est. reading time\" \/>\n\t<meta name=\"twitter:data1\" content=\"4 minutes\" \/>\n<script type=\"application\/ld+json\" class=\"yoast-schema-graph\">{\"@context\":\"https:\/\/schema.org\",\"@graph\":[{\"@type\":\"WebPage\",\"@id\":\"https:\/\/dev.tg4.ie\/ga\/corporate\/buneolas\/\",\"url\":\"https:\/\/dev.tg4.ie\/ga\/corporate\/buneolas\/\",\"name\":\"Buneolas - TG4\",\"isPartOf\":{\"@id\":\"https:\/\/dev.tg4.ie\/en\/#website\"},\"primaryImageOfPage\":{\"@id\":\"https:\/\/dev.tg4.ie\/ga\/corporate\/buneolas\/#primaryimage\"},\"image\":{\"@id\":\"https:\/\/dev.tg4.ie\/ga\/corporate\/buneolas\/#primaryimage\"},\"thumbnailUrl\":\"https:\/\/dev.tg4.ie\/wp-content\/uploads\/2025\/06\/CRA_BTS_1-1920x1080-1.jpg\",\"datePublished\":\"2015-07-17T10:51:06+00:00\",\"dateModified\":\"2025-06-05T14:43:56+00:00\",\"breadcrumb\":{\"@id\":\"https:\/\/dev.tg4.ie\/ga\/corporate\/buneolas\/#breadcrumb\"},\"inLanguage\":\"ga\",\"potentialAction\":[{\"@type\":\"ReadAction\",\"target\":[\"https:\/\/dev.tg4.ie\/ga\/corporate\/buneolas\/\"]}]},{\"@type\":\"ImageObject\",\"inLanguage\":\"ga\",\"@id\":\"https:\/\/dev.tg4.ie\/ga\/corporate\/buneolas\/#primaryimage\",\"url\":\"https:\/\/dev.tg4.ie\/wp-content\/uploads\/2025\/06\/CRA_BTS_1-1920x1080-1.jpg\",\"contentUrl\":\"https:\/\/dev.tg4.ie\/wp-content\/uploads\/2025\/06\/CRA_BTS_1-1920x1080-1.jpg\"},{\"@type\":\"BreadcrumbList\",\"@id\":\"https:\/\/dev.tg4.ie\/ga\/corporate\/buneolas\/#breadcrumb\",\"itemListElement\":[{\"@type\":\"ListItem\",\"position\":1,\"name\":\"Home\",\"item\":\"https:\/\/dev.tg4.ie\/ga\/\"},{\"@type\":\"ListItem\",\"position\":2,\"name\":\"Corpar\u00e1ideach\",\"item\":\"https:\/\/dev.tg4.ie\/ga\/corporate\/\"},{\"@type\":\"ListItem\",\"position\":3,\"name\":\"Buneolas\"}]},{\"@type\":\"WebSite\",\"@id\":\"https:\/\/dev.tg4.ie\/en\/#website\",\"url\":\"https:\/\/dev.tg4.ie\/en\/\",\"name\":\"TG4\",\"description\":\"S\u00fail Eile\",\"potentialAction\":[{\"@type\":\"SearchAction\",\"target\":{\"@type\":\"EntryPoint\",\"urlTemplate\":\"https:\/\/dev.tg4.ie\/en\/?s={search_term_string}\"},\"query-input\":\"required name=search_term_string\"}],\"inLanguage\":\"ga\"}]}<\/script>\n<!-- \/ Yoast SEO plugin. -->","yoast_head_json":{"title":"Buneolas - TG4","robots":{"index":"index","follow":"follow","max-snippet":"max-snippet:-1","max-image-preview":"max-image-preview:large","max-video-preview":"max-video-preview:-1"},"og_locale":"en_US","og_type":"article","og_title":"Buneolas - TG4","og_description":"T\u00e1 sin thar a bheith s\u00e1s\u00fail i bhfianaise na g\u00e9ar-ioma\u00edochta sa margadh teilif\u00edse in \u00c9irinn, an ceann is d\u00e9ine coimhlint san Eoraip, deirtear mar go bhfuil go leor teaghlach in \u00c9irinn ag glacadh na seirbh\u00eds\u00ed digiteacha teilif\u00edse agus f\u00e1il acu d\u00e1 r\u00e9ir ar raon leathan cain\u00e9al, m\u00f3r-bhranda\u00ed agus cain\u00e9al sainsp\u00e9ise ina measc. Mar chraolt\u00f3ir a [&hellip;]","og_url":"https:\/\/dev.tg4.ie\/ga\/corporate\/buneolas\/","og_site_name":"TG4","article_publisher":"https:\/\/www.facebook.com\/TG4TV","article_modified_time":"2025-06-05T14:43:56+00:00","og_image":[{"url":"https:\/\/dev.tg4.ie\/wp-content\/uploads\/2025\/06\/CRA_BTS_1-1920x1080-1.jpg"}],"twitter_card":"summary_large_image","twitter_site":"@TG4TV","twitter_misc":{"Est. reading time":"4 minutes"},"schema":{"@context":"https:\/\/schema.org","@graph":[{"@type":"WebPage","@id":"https:\/\/dev.tg4.ie\/ga\/corporate\/buneolas\/","url":"https:\/\/dev.tg4.ie\/ga\/corporate\/buneolas\/","name":"Buneolas - TG4","isPartOf":{"@id":"https:\/\/dev.tg4.ie\/en\/#website"},"primaryImageOfPage":{"@id":"https:\/\/dev.tg4.ie\/ga\/corporate\/buneolas\/#primaryimage"},"image":{"@id":"https:\/\/dev.tg4.ie\/ga\/corporate\/buneolas\/#primaryimage"},"thumbnailUrl":"https:\/\/dev.tg4.ie\/wp-content\/uploads\/2025\/06\/CRA_BTS_1-1920x1080-1.jpg","datePublished":"2015-07-17T10:51:06+00:00","dateModified":"2025-06-05T14:43:56+00:00","breadcrumb":{"@id":"https:\/\/dev.tg4.ie\/ga\/corporate\/buneolas\/#breadcrumb"},"inLanguage":"ga","potentialAction":[{"@type":"ReadAction","target":["https:\/\/dev.tg4.ie\/ga\/corporate\/buneolas\/"]}]},{"@type":"ImageObject","inLanguage":"ga","@id":"https:\/\/dev.tg4.ie\/ga\/corporate\/buneolas\/#primaryimage","url":"https:\/\/dev.tg4.ie\/wp-content\/uploads\/2025\/06\/CRA_BTS_1-1920x1080-1.jpg","contentUrl":"https:\/\/dev.tg4.ie\/wp-content\/uploads\/2025\/06\/CRA_BTS_1-1920x1080-1.jpg"},{"@type":"BreadcrumbList","@id":"https:\/\/dev.tg4.ie\/ga\/corporate\/buneolas\/#breadcrumb","itemListElement":[{"@type":"ListItem","position":1,"name":"Home","item":"https:\/\/dev.tg4.ie\/ga\/"},{"@type":"ListItem","position":2,"name":"Corpar\u00e1ideach","item":"https:\/\/dev.tg4.ie\/ga\/corporate\/"},{"@type":"ListItem","position":3,"name":"Buneolas"}]},{"@type":"WebSite","@id":"https:\/\/dev.tg4.ie\/en\/#website","url":"https:\/\/dev.tg4.ie\/en\/","name":"TG4","description":"S\u00fail Eile","potentialAction":[{"@type":"SearchAction","target":{"@type":"EntryPoint","urlTemplate":"https:\/\/dev.tg4.ie\/en\/?s={search_term_string}"},"query-input":"required name=search_term_string"}],"inLanguage":"ga"}]}},"_links":{"self":[{"href":"https:\/\/dev.tg4.ie\/ga\/wp-json\/wp\/v2\/pages\/664"}],"collection":[{"href":"https:\/\/dev.tg4.ie\/ga\/wp-json\/wp\/v2\/pages"}],"about":[{"href":"https:\/\/dev.tg4.ie\/ga\/wp-json\/wp\/v2\/types\/page"}],"author":[{"embeddable":true,"href":"https:\/\/dev.tg4.ie\/ga\/wp-json\/wp\/v2\/users\/876"}],"replies":[{"embeddable":true,"href":"https:\/\/dev.tg4.ie\/ga\/wp-json\/wp\/v2\/comments?post=664"}],"version-history":[{"count":0,"href":"https:\/\/dev.tg4.ie\/ga\/wp-json\/wp\/v2\/pages\/664\/revisions"}],"up":[{"embeddable":true,"href":"https:\/\/dev.tg4.ie\/ga\/wp-json\/wp\/v2\/pages\/660"}],"wp:attachment":[{"href":"https:\/\/dev.tg4.ie\/ga\/wp-json\/wp\/v2\/media?parent=664"}],"curies":[{"name":"wp","href":"https:\/\/api.w.org\/{rel}","templated":true}]}}