{"id":67580,"date":"2017-09-21T16:53:39","date_gmt":"2017-09-21T15:53:39","guid":{"rendered":"https:\/\/dev.tg4.ie\/?page_id=67580\/"},"modified":"2019-06-25T10:02:30","modified_gmt":"2019-06-25T09:02:30","slug":"21-10-17","status":"publish","type":"page","link":"https:\/\/dev.tg4.ie\/ga\/eolas\/preas\/nuacht-raitis\/2017-2\/21-10-17\/","title":{"rendered":"21.10.17 &#8211; Seoladh cl\u00e1r faisn\u00e9is de chuid TG4, An Ph\u00e1irc"},"content":{"rendered":"<p>Seoladh cl\u00e1r faisn\u00e9is de chuid TG4, An Ph\u00e1irc, faoi P\u00e1irc U\u00ed Chaoimh i gCorcaigh tr\u00e1thn\u00f3na. I mbruachbhaile Bhaile an Teampaill, c\u00f3ngarach do l\u00e1r chathair Chorca\u00ed agus buailte leis an Laoi, t\u00e1 P\u00e1irc U\u00ed Chaoimh, n\u00f3 \u2018<strong>An Ph\u00e1irc<\/strong>\u2019 mar a tugtar air go h\u00e1iti\u00fail. Beidh an cl\u00e1r seo at\u00e1 l\u00e9irithe ag Nemeton TV \u00e1 chraoladh ar TG4 ar an C\u00e9adaoin 27 Me\u00e1n F\u00f3mhair ag 9.30pm<\/p>\n<p>Le breis is 100 bliain anuas, is anseo a bhail\u00edonn muintir an deiscirt le cheile le s\u00fail a chaitheamh ar imeachta\u00ed eipici\u00fala sp\u00f3irt, ina mb\u00edodh laochra ild\u00e1nacha an lae ag tabhairt aghaidh ar a ch\u00e9ile, ar bhanna\u00ed &amp; ceolt\u00f3ir\u00ed idirn\u00e1isi\u00fanta m\u00f3ra le r\u00e1 ag seinnt agus ar mh\u00f3r-imeachta\u00ed cult\u00fartha eile nach iad.<\/p>\n<p>Anois agus at\u00f3g\u00e1il agus athch\u00f3iri\u00fa ollmh\u00f3r d\u00e9anta, f\u00e9achann <strong>An Ph\u00e1irc<\/strong> siar ar chuid de na himeachta\u00ed is t\u00e1bhachta\u00ed a chuaigh i bhfeidhm ar an bpobal agus tapa\u00edonn s\u00e9 an deis cuid de na sc\u00e9alta is suimi\u00fala a thabhairt chun solais ar\u00eds.<\/p>\n<p>Chomh maith le sin, tugann an cl\u00e1r l\u00e9argas den scoth ar an phr\u00f3iseas at\u00f3g\u00e1la, ag taifead le breis is dh\u00e1 bhliain anuas, \u00f3 leagadh an sean-staid go dt\u00ed oscailt an staid nua le chluich\u00ed ceathr\u00fa ceannais iom\u00e1na na h\u00c9ireann.<\/p>\n<p>Sa chl\u00e1r cloistear \u00f3 laochra m\u00f3r peile agus iom\u00e1na\u00edochta thar na blianta idir <strong>Billy Morgan, Jack O\u2019Shea, Paul Flynn, Se\u00e1n \u00d3g \u00d3 hAilp\u00edn<\/strong> agus <strong>Barney Rock<\/strong>, mar aon le <strong>Miche\u00e1l \u00d3 Muircheartaigh<\/strong> agus an t-eagra\u00ed ceolchoirm <strong>Oliver Barry<\/strong> a thug a leithead duine ar n\u00f3s Michael Jackson agus Prince go Corcaigh.<\/p>\n<p>D\u00fairt Eagra\u00ed Sp\u00f3irt TG4, R\u00f3n\u00e1n \u00d3 Coisdealbha, \u201cIs cuid de stair agus de sheanchas CLG agus Chorca\u00ed \u00ed an staid seo. Maireann cuimhn\u00ed gl\u00e9ineacha ar mh\u00f3r-chluich\u00ed agus ar choirmeacha ceoil ag na sc\u00f3rtha m\u00edle duine a bh\u00ed i l\u00e1thair. Tabharfaidh an cl\u00e1r seo siar muid ar bh\u00f3ithr\u00edn na smaointe.\u201d<\/p>\n<p>L\u00e9irithe ag Nemeton TV le sti\u00fari\u00fa \u00f3 Ronan O\u2019Donoghue, is cl\u00e1r riachtanach \u00e9 <strong>An Ph\u00e1irc<\/strong> do lucht lean\u00fana sp\u00f3irt agus ceoil ar fur na t\u00edre.<\/p>\n<p>An Ph\u00e1irc: 9.30pm, D\u00e9 C\u00e9adaoin 27 Me\u00e1n F\u00f3mhair ar TG4<br \/>\nAthchraoladh ag 7.15pm, D\u00e9 Sathairn 30 Me\u00e1n F\u00f3mhair.<\/p>\n","protected":false},"excerpt":{"rendered":"<p>Seoladh cl\u00e1r faisn\u00e9is de chuid TG4, An Ph\u00e1irc, faoi P\u00e1irc U\u00ed Chaoimh i gCorcaigh tr\u00e1thn\u00f3na. I mbruachbhaile Bhaile an Teampaill, c\u00f3ngarach do l\u00e1r chathair Chorca\u00ed agus buailte leis an Laoi, t\u00e1 P\u00e1irc U\u00ed Chaoimh, n\u00f3 \u2018An Ph\u00e1irc\u2019 mar a tugtar air go h\u00e1iti\u00fail. Beidh an cl\u00e1r seo at\u00e1 l\u00e9irithe ag Nemeton TV \u00e1 chraoladh ar [&hellip;]<\/p>\n","protected":false},"author":999,"featured_media":67522,"parent":40345,"menu_order":15,"comment_status":"closed","ping_status":"closed","template":"page-templates\/template-pr.php","meta":{"_acf_changed":false,"footnotes":""},"acf":[],"yoast_head":"<!-- This site is optimized with the Yoast SEO plugin v22.6 - https:\/\/yoast.com\/wordpress\/plugins\/seo\/ -->\n<title>21.10.17 - Seoladh cl\u00e1r faisn\u00e9is de chuid TG4, An Ph\u00e1irc - TG4<\/title>\n<meta name=\"robots\" content=\"index, follow, max-snippet:-1, max-image-preview:large, max-video-preview:-1\" \/>\n<meta property=\"og:locale\" content=\"en_US\" \/>\n<meta property=\"og:type\" content=\"article\" \/>\n<meta property=\"og:title\" content=\"21.10.17 - Seoladh cl\u00e1r faisn\u00e9is de chuid TG4, An Ph\u00e1irc - TG4\" \/>\n<meta property=\"og:description\" content=\"Seoladh cl\u00e1r faisn\u00e9is de chuid TG4, An Ph\u00e1irc, faoi P\u00e1irc U\u00ed Chaoimh i gCorcaigh tr\u00e1thn\u00f3na. I mbruachbhaile Bhaile an Teampaill, c\u00f3ngarach do l\u00e1r chathair Chorca\u00ed agus buailte leis an Laoi, t\u00e1 P\u00e1irc U\u00ed Chaoimh, n\u00f3 \u2018An Ph\u00e1irc\u2019 mar a tugtar air go h\u00e1iti\u00fail. Beidh an cl\u00e1r seo at\u00e1 l\u00e9irithe ag Nemeton TV \u00e1 chraoladh ar [&hellip;]\" \/>\n<meta property=\"og:url\" content=\"https:\/\/dev.tg4.ie\/ga\/eolas\/preas\/nuacht-raitis\/2017-2\/21-10-17\/\" \/>\n<meta property=\"og:site_name\" content=\"TG4\" \/>\n<meta property=\"article:publisher\" content=\"https:\/\/www.facebook.com\/TG4TV\" \/>\n<meta property=\"article:modified_time\" content=\"2019-06-25T09:02:30+00:00\" \/>\n<meta property=\"og:image\" content=\"https:\/\/tg4-docs.s3.amazonaws.com\/tg4-redesign-2015\/wp-content\/uploads\/2017\/09\/An-Phairc.jpg\" \/>\n\t<meta property=\"og:image:width\" content=\"1920\" \/>\n\t<meta property=\"og:image:height\" content=\"1080\" \/>\n\t<meta property=\"og:image:type\" content=\"image\/jpeg\" \/>\n<meta name=\"twitter:card\" content=\"summary_large_image\" \/>\n<meta name=\"twitter:site\" content=\"@TG4TV\" \/>\n<meta name=\"twitter:label1\" content=\"Est. reading time\" \/>\n\t<meta name=\"twitter:data1\" content=\"2 minutes\" \/>\n<script type=\"application\/ld+json\" class=\"yoast-schema-graph\">{\"@context\":\"https:\/\/schema.org\",\"@graph\":[{\"@type\":\"WebPage\",\"@id\":\"https:\/\/dev.tg4.ie\/ga\/eolas\/preas\/nuacht-raitis\/2017-2\/21-10-17\/\",\"url\":\"https:\/\/dev.tg4.ie\/ga\/eolas\/preas\/nuacht-raitis\/2017-2\/21-10-17\/\",\"name\":\"21.10.17 - Seoladh cl\u00e1r faisn\u00e9is de chuid TG4, An Ph\u00e1irc - TG4\",\"isPartOf\":{\"@id\":\"https:\/\/dev.tg4.ie\/en\/#website\"},\"primaryImageOfPage\":{\"@id\":\"https:\/\/dev.tg4.ie\/ga\/eolas\/preas\/nuacht-raitis\/2017-2\/21-10-17\/#primaryimage\"},\"image\":{\"@id\":\"https:\/\/dev.tg4.ie\/ga\/eolas\/preas\/nuacht-raitis\/2017-2\/21-10-17\/#primaryimage\"},\"thumbnailUrl\":\"https:\/\/tg4-docs.s3.amazonaws.com\/tg4-redesign-2015\/wp-content\/uploads\/2017\/09\/An-Phairc.jpg\",\"datePublished\":\"2017-09-21T15:53:39+00:00\",\"dateModified\":\"2019-06-25T09:02:30+00:00\",\"breadcrumb\":{\"@id\":\"https:\/\/dev.tg4.ie\/ga\/eolas\/preas\/nuacht-raitis\/2017-2\/21-10-17\/#breadcrumb\"},\"inLanguage\":\"ga\",\"potentialAction\":[{\"@type\":\"ReadAction\",\"target\":[\"https:\/\/dev.tg4.ie\/ga\/eolas\/preas\/nuacht-raitis\/2017-2\/21-10-17\/\"]}]},{\"@type\":\"ImageObject\",\"inLanguage\":\"ga\",\"@id\":\"https:\/\/dev.tg4.ie\/ga\/eolas\/preas\/nuacht-raitis\/2017-2\/21-10-17\/#primaryimage\",\"url\":\"https:\/\/tg4-docs.s3.amazonaws.com\/tg4-redesign-2015\/wp-content\/uploads\/2017\/09\/An-Phairc.jpg\",\"contentUrl\":\"https:\/\/tg4-docs.s3.amazonaws.com\/tg4-redesign-2015\/wp-content\/uploads\/2017\/09\/An-Phairc.jpg\",\"width\":1920,\"height\":1080,\"caption\":\"An Ph\u00e1irc\"},{\"@type\":\"BreadcrumbList\",\"@id\":\"https:\/\/dev.tg4.ie\/ga\/eolas\/preas\/nuacht-raitis\/2017-2\/21-10-17\/#breadcrumb\",\"itemListElement\":[{\"@type\":\"ListItem\",\"position\":1,\"name\":\"Home\",\"item\":\"https:\/\/dev.tg4.ie\/ga\/\"},{\"@type\":\"ListItem\",\"position\":2,\"name\":\"Eolas\",\"item\":\"https:\/\/dev.tg4.ie\/ga\/eolas\/\"},{\"@type\":\"ListItem\",\"position\":3,\"name\":\"Preas\",\"item\":\"https:\/\/dev.tg4.ie\/ga\/eolas\/preas\/\"},{\"@type\":\"ListItem\",\"position\":4,\"name\":\"Nuacht R\u00e1itis\",\"item\":\"https:\/\/dev.tg4.ie\/ga\/eolas\/preas\/nuacht-raitis\/\"},{\"@type\":\"ListItem\",\"position\":5,\"name\":\"2017\",\"item\":\"https:\/\/dev.tg4.ie\/ga\/eolas\/preas\/nuacht-raitis\/2017-2\/\"},{\"@type\":\"ListItem\",\"position\":6,\"name\":\"21.10.17 &#8211; Seoladh cl\u00e1r faisn\u00e9is de chuid TG4, An Ph\u00e1irc\"}]},{\"@type\":\"WebSite\",\"@id\":\"https:\/\/dev.tg4.ie\/en\/#website\",\"url\":\"https:\/\/dev.tg4.ie\/en\/\",\"name\":\"TG4\",\"description\":\"S\u00fail Eile\",\"potentialAction\":[{\"@type\":\"SearchAction\",\"target\":{\"@type\":\"EntryPoint\",\"urlTemplate\":\"https:\/\/dev.tg4.ie\/en\/?s={search_term_string}\"},\"query-input\":\"required name=search_term_string\"}],\"inLanguage\":\"ga\"}]}<\/script>\n<!-- \/ Yoast SEO plugin. -->","yoast_head_json":{"title":"21.10.17 - Seoladh cl\u00e1r faisn\u00e9is de chuid TG4, An Ph\u00e1irc - TG4","robots":{"index":"index","follow":"follow","max-snippet":"max-snippet:-1","max-image-preview":"max-image-preview:large","max-video-preview":"max-video-preview:-1"},"og_locale":"en_US","og_type":"article","og_title":"21.10.17 - Seoladh cl\u00e1r faisn\u00e9is de chuid TG4, An Ph\u00e1irc - TG4","og_description":"Seoladh cl\u00e1r faisn\u00e9is de chuid TG4, An Ph\u00e1irc, faoi P\u00e1irc U\u00ed Chaoimh i gCorcaigh tr\u00e1thn\u00f3na. I mbruachbhaile Bhaile an Teampaill, c\u00f3ngarach do l\u00e1r chathair Chorca\u00ed agus buailte leis an Laoi, t\u00e1 P\u00e1irc U\u00ed Chaoimh, n\u00f3 \u2018An Ph\u00e1irc\u2019 mar a tugtar air go h\u00e1iti\u00fail. Beidh an cl\u00e1r seo at\u00e1 l\u00e9irithe ag Nemeton TV \u00e1 chraoladh ar [&hellip;]","og_url":"https:\/\/dev.tg4.ie\/ga\/eolas\/preas\/nuacht-raitis\/2017-2\/21-10-17\/","og_site_name":"TG4","article_publisher":"https:\/\/www.facebook.com\/TG4TV","article_modified_time":"2019-06-25T09:02:30+00:00","og_image":[{"width":1920,"height":1080,"url":"https:\/\/tg4-docs.s3.amazonaws.com\/tg4-redesign-2015\/wp-content\/uploads\/2017\/09\/An-Phairc.jpg","type":"image\/jpeg"}],"twitter_card":"summary_large_image","twitter_site":"@TG4TV","twitter_misc":{"Est. reading time":"2 minutes"},"schema":{"@context":"https:\/\/schema.org","@graph":[{"@type":"WebPage","@id":"https:\/\/dev.tg4.ie\/ga\/eolas\/preas\/nuacht-raitis\/2017-2\/21-10-17\/","url":"https:\/\/dev.tg4.ie\/ga\/eolas\/preas\/nuacht-raitis\/2017-2\/21-10-17\/","name":"21.10.17 - Seoladh cl\u00e1r faisn\u00e9is de chuid TG4, An Ph\u00e1irc - TG4","isPartOf":{"@id":"https:\/\/dev.tg4.ie\/en\/#website"},"primaryImageOfPage":{"@id":"https:\/\/dev.tg4.ie\/ga\/eolas\/preas\/nuacht-raitis\/2017-2\/21-10-17\/#primaryimage"},"image":{"@id":"https:\/\/dev.tg4.ie\/ga\/eolas\/preas\/nuacht-raitis\/2017-2\/21-10-17\/#primaryimage"},"thumbnailUrl":"https:\/\/tg4-docs.s3.amazonaws.com\/tg4-redesign-2015\/wp-content\/uploads\/2017\/09\/An-Phairc.jpg","datePublished":"2017-09-21T15:53:39+00:00","dateModified":"2019-06-25T09:02:30+00:00","breadcrumb":{"@id":"https:\/\/dev.tg4.ie\/ga\/eolas\/preas\/nuacht-raitis\/2017-2\/21-10-17\/#breadcrumb"},"inLanguage":"ga","potentialAction":[{"@type":"ReadAction","target":["https:\/\/dev.tg4.ie\/ga\/eolas\/preas\/nuacht-raitis\/2017-2\/21-10-17\/"]}]},{"@type":"ImageObject","inLanguage":"ga","@id":"https:\/\/dev.tg4.ie\/ga\/eolas\/preas\/nuacht-raitis\/2017-2\/21-10-17\/#primaryimage","url":"https:\/\/tg4-docs.s3.amazonaws.com\/tg4-redesign-2015\/wp-content\/uploads\/2017\/09\/An-Phairc.jpg","contentUrl":"https:\/\/tg4-docs.s3.amazonaws.com\/tg4-redesign-2015\/wp-content\/uploads\/2017\/09\/An-Phairc.jpg","width":1920,"height":1080,"caption":"An Ph\u00e1irc"},{"@type":"BreadcrumbList","@id":"https:\/\/dev.tg4.ie\/ga\/eolas\/preas\/nuacht-raitis\/2017-2\/21-10-17\/#breadcrumb","itemListElement":[{"@type":"ListItem","position":1,"name":"Home","item":"https:\/\/dev.tg4.ie\/ga\/"},{"@type":"ListItem","position":2,"name":"Eolas","item":"https:\/\/dev.tg4.ie\/ga\/eolas\/"},{"@type":"ListItem","position":3,"name":"Preas","item":"https:\/\/dev.tg4.ie\/ga\/eolas\/preas\/"},{"@type":"ListItem","position":4,"name":"Nuacht R\u00e1itis","item":"https:\/\/dev.tg4.ie\/ga\/eolas\/preas\/nuacht-raitis\/"},{"@type":"ListItem","position":5,"name":"2017","item":"https:\/\/dev.tg4.ie\/ga\/eolas\/preas\/nuacht-raitis\/2017-2\/"},{"@type":"ListItem","position":6,"name":"21.10.17 &#8211; Seoladh cl\u00e1r faisn\u00e9is de chuid TG4, An Ph\u00e1irc"}]},{"@type":"WebSite","@id":"https:\/\/dev.tg4.ie\/en\/#website","url":"https:\/\/dev.tg4.ie\/en\/","name":"TG4","description":"S\u00fail Eile","potentialAction":[{"@type":"SearchAction","target":{"@type":"EntryPoint","urlTemplate":"https:\/\/dev.tg4.ie\/en\/?s={search_term_string}"},"query-input":"required name=search_term_string"}],"inLanguage":"ga"}]}},"_links":{"self":[{"href":"https:\/\/dev.tg4.ie\/ga\/wp-json\/wp\/v2\/pages\/67580"}],"collection":[{"href":"https:\/\/dev.tg4.ie\/ga\/wp-json\/wp\/v2\/pages"}],"about":[{"href":"https:\/\/dev.tg4.ie\/ga\/wp-json\/wp\/v2\/types\/page"}],"author":[{"embeddable":true,"href":"https:\/\/dev.tg4.ie\/ga\/wp-json\/wp\/v2\/users\/999"}],"replies":[{"embeddable":true,"href":"https:\/\/dev.tg4.ie\/ga\/wp-json\/wp\/v2\/comments?post=67580"}],"version-history":[{"count":0,"href":"https:\/\/dev.tg4.ie\/ga\/wp-json\/wp\/v2\/pages\/67580\/revisions"}],"up":[{"embeddable":true,"href":"https:\/\/dev.tg4.ie\/ga\/wp-json\/wp\/v2\/pages\/40345"}],"wp:featuredmedia":[{"embeddable":true,"href":"https:\/\/dev.tg4.ie\/ga\/wp-json\/wp\/v2\/media\/67522"}],"wp:attachment":[{"href":"https:\/\/dev.tg4.ie\/ga\/wp-json\/wp\/v2\/media?parent=67580"}],"curies":[{"name":"wp","href":"https:\/\/api.w.org\/{rel}","templated":true}]}}