{"id":67903,"date":"2017-09-25T14:58:47","date_gmt":"2017-09-25T13:58:47","guid":{"rendered":"https:\/\/dev.tg4.ie\/?page_id=67903\/"},"modified":"2019-06-25T10:08:00","modified_gmt":"2019-06-25T09:08:00","slug":"na-figiuiri-feachana-is-airde-fos-ag-cluiche-ceannais-pheil-na-mban-ar-tg4","status":"publish","type":"page","link":"https:\/\/dev.tg4.ie\/ga\/eolas\/preas\/nuacht-raitis\/2017-2\/na-figiuiri-feachana-is-airde-fos-ag-cluiche-ceannais-pheil-na-mban-ar-tg4\/","title":{"rendered":"25.10.17 &#8211; Na figi\u00fair\u00ed f\u00e9achana is airde f\u00f3s ag Cluiche Ceannais Pheil na mBan ar TG4"},"content":{"rendered":"<p>N\u00ed amh\u00e1in gur sh\u00e1raigh an lucht f\u00e9achana i bP\u00e1irc an Chr\u00f3caigh f\u00e9in do chluich\u00ed an lae inn\u00e9 an curiarracht d\u00e1 leith\u00e9id (46,286), an tinreamh is airde ar aon imeacht sp\u00f3irt na mban san Eoraip i mbliana, ach bh\u00ed dea-sc\u00e9ala f\u00e9achana teilif\u00edse ann do TG4 f\u00e9in freisin.<\/p>\n<p>D\u2019fh\u00e9ach me\u00e1n <strong>303,800<\/strong> duine ar an mbeochraoladh teilif\u00edse ar an gCluiche Ceannais Sinsear idir \u00c1th Cliath agus Maigh Eo inn\u00e9, an figi\u00fair is airde f\u00e9achana ar an gCluiche Ceannais Craoibhe seo riamh ar an gcain\u00e9al \u00f3 tosa\u00edodh ar bheochraoladh air sa mbliain 2001.<\/p>\n<p>Bh\u00ed aimsi\u00fa <strong>go maith \u00f3s cionn leath-mhilli\u00fan duine<\/strong> ar fad (563,000) ag an gcluiche seo agus scair fh\u00e9achana 40% ag an gcain\u00e9al d\u00e1 r\u00e9ir.<\/p>\n<p>Bh\u00ed buaic <strong>409,700<\/strong> duine sa lucht f\u00e9achana ag an gcluiche ag 5.24pm agus foireann \u00c1tha Cliath ag buachan na craoibhe.<\/p>\n<p>Is \u00e9 TG4 urra agus craolt\u00f3ir eisiach teilif\u00edse na gCraobhacha seo le s\u00e9 bliana d\u00e9ag anois.<\/p>\n<p>Thr\u00e9aslaigh Ardsti\u00farth\u00f3ir TG4 <strong>Alan Esslemont<\/strong> tortha\u00ed stairi\u00fala an lae inn\u00e9 le Cumann Peil Gael na mBan agus d\u00fairt gur cruth\u00fanas iad ar an obair iontach at\u00e1 d\u00e9anta aige ar son na peile. \u201cIs p\u00e1irt\u00edocht ar leith an caidreamh fad-bhunaithe idir TG4 agus an Cumann,\u201d a d\u00fairt s\u00e9 \u201cagus t\u00e1imid cinnte gur f\u00e9idir linn, le ch\u00e9ile, n\u00edos m\u00f3 f\u00f3s a bhaint amach.\u201d<\/p>\n","protected":false},"excerpt":{"rendered":"<p>N\u00ed amh\u00e1in gur sh\u00e1raigh an lucht f\u00e9achana i bP\u00e1irc an Chr\u00f3caigh f\u00e9in do chluich\u00ed an lae inn\u00e9 an curiarracht d\u00e1 leith\u00e9id (46,286), an tinreamh is airde ar aon imeacht sp\u00f3irt na mban san Eoraip i mbliana, ach bh\u00ed dea-sc\u00e9ala f\u00e9achana teilif\u00edse ann do TG4 f\u00e9in freisin. D\u2019fh\u00e9ach me\u00e1n 303,800 duine ar an mbeochraoladh teilif\u00edse ar [&hellip;]<\/p>\n","protected":false},"author":999,"featured_media":67904,"parent":40345,"menu_order":16,"comment_status":"closed","ping_status":"closed","template":"page-templates\/template-pr.php","meta":{"_acf_changed":false,"footnotes":""},"acf":[],"yoast_head":"<!-- This site is optimized with the Yoast SEO plugin v22.6 - https:\/\/yoast.com\/wordpress\/plugins\/seo\/ -->\n<title>25.10.17 - Na figi\u00fair\u00ed f\u00e9achana is airde f\u00f3s ag Cluiche Ceannais Pheil na mBan ar TG4 - TG4<\/title>\n<meta name=\"robots\" content=\"index, follow, max-snippet:-1, max-image-preview:large, max-video-preview:-1\" \/>\n<meta property=\"og:locale\" content=\"en_US\" \/>\n<meta property=\"og:type\" content=\"article\" \/>\n<meta property=\"og:title\" content=\"25.10.17 - Na figi\u00fair\u00ed f\u00e9achana is airde f\u00f3s ag Cluiche Ceannais Pheil na mBan ar TG4 - TG4\" \/>\n<meta property=\"og:description\" content=\"N\u00ed amh\u00e1in gur sh\u00e1raigh an lucht f\u00e9achana i bP\u00e1irc an Chr\u00f3caigh f\u00e9in do chluich\u00ed an lae inn\u00e9 an curiarracht d\u00e1 leith\u00e9id (46,286), an tinreamh is airde ar aon imeacht sp\u00f3irt na mban san Eoraip i mbliana, ach bh\u00ed dea-sc\u00e9ala f\u00e9achana teilif\u00edse ann do TG4 f\u00e9in freisin. D\u2019fh\u00e9ach me\u00e1n 303,800 duine ar an mbeochraoladh teilif\u00edse ar [&hellip;]\" \/>\n<meta property=\"og:url\" content=\"https:\/\/dev.tg4.ie\/ga\/eolas\/preas\/nuacht-raitis\/2017-2\/na-figiuiri-feachana-is-airde-fos-ag-cluiche-ceannais-pheil-na-mban-ar-tg4\/\" \/>\n<meta property=\"og:site_name\" content=\"TG4\" \/>\n<meta property=\"article:publisher\" content=\"https:\/\/www.facebook.com\/TG4TV\" \/>\n<meta property=\"article:modified_time\" content=\"2019-06-25T09:08:00+00:00\" \/>\n<meta property=\"og:image\" content=\"https:\/\/tg4-docs.s3.amazonaws.com\/tg4-redesign-2015\/wp-content\/uploads\/2017\/09\/All-ireland-Peil-Na-mBan.jpg\" \/>\n\t<meta property=\"og:image:width\" content=\"1920\" \/>\n\t<meta property=\"og:image:height\" content=\"1080\" \/>\n\t<meta property=\"og:image:type\" content=\"image\/jpeg\" \/>\n<meta name=\"twitter:card\" content=\"summary_large_image\" \/>\n<meta name=\"twitter:site\" content=\"@TG4TV\" \/>\n<meta name=\"twitter:label1\" content=\"Est. reading time\" \/>\n\t<meta name=\"twitter:data1\" content=\"1 minute\" \/>\n<script type=\"application\/ld+json\" class=\"yoast-schema-graph\">{\"@context\":\"https:\/\/schema.org\",\"@graph\":[{\"@type\":\"WebPage\",\"@id\":\"https:\/\/dev.tg4.ie\/ga\/eolas\/preas\/nuacht-raitis\/2017-2\/na-figiuiri-feachana-is-airde-fos-ag-cluiche-ceannais-pheil-na-mban-ar-tg4\/\",\"url\":\"https:\/\/dev.tg4.ie\/ga\/eolas\/preas\/nuacht-raitis\/2017-2\/na-figiuiri-feachana-is-airde-fos-ag-cluiche-ceannais-pheil-na-mban-ar-tg4\/\",\"name\":\"25.10.17 - Na figi\u00fair\u00ed f\u00e9achana is airde f\u00f3s ag Cluiche Ceannais Pheil na mBan ar TG4 - TG4\",\"isPartOf\":{\"@id\":\"https:\/\/dev.tg4.ie\/en\/#website\"},\"primaryImageOfPage\":{\"@id\":\"https:\/\/dev.tg4.ie\/ga\/eolas\/preas\/nuacht-raitis\/2017-2\/na-figiuiri-feachana-is-airde-fos-ag-cluiche-ceannais-pheil-na-mban-ar-tg4\/#primaryimage\"},\"image\":{\"@id\":\"https:\/\/dev.tg4.ie\/ga\/eolas\/preas\/nuacht-raitis\/2017-2\/na-figiuiri-feachana-is-airde-fos-ag-cluiche-ceannais-pheil-na-mban-ar-tg4\/#primaryimage\"},\"thumbnailUrl\":\"https:\/\/tg4-docs.s3.amazonaws.com\/tg4-redesign-2015\/wp-content\/uploads\/2017\/09\/All-ireland-Peil-Na-mBan.jpg\",\"datePublished\":\"2017-09-25T13:58:47+00:00\",\"dateModified\":\"2019-06-25T09:08:00+00:00\",\"breadcrumb\":{\"@id\":\"https:\/\/dev.tg4.ie\/ga\/eolas\/preas\/nuacht-raitis\/2017-2\/na-figiuiri-feachana-is-airde-fos-ag-cluiche-ceannais-pheil-na-mban-ar-tg4\/#breadcrumb\"},\"inLanguage\":\"ga\",\"potentialAction\":[{\"@type\":\"ReadAction\",\"target\":[\"https:\/\/dev.tg4.ie\/ga\/eolas\/preas\/nuacht-raitis\/2017-2\/na-figiuiri-feachana-is-airde-fos-ag-cluiche-ceannais-pheil-na-mban-ar-tg4\/\"]}]},{\"@type\":\"ImageObject\",\"inLanguage\":\"ga\",\"@id\":\"https:\/\/dev.tg4.ie\/ga\/eolas\/preas\/nuacht-raitis\/2017-2\/na-figiuiri-feachana-is-airde-fos-ag-cluiche-ceannais-pheil-na-mban-ar-tg4\/#primaryimage\",\"url\":\"https:\/\/tg4-docs.s3.amazonaws.com\/tg4-redesign-2015\/wp-content\/uploads\/2017\/09\/All-ireland-Peil-Na-mBan.jpg\",\"contentUrl\":\"https:\/\/tg4-docs.s3.amazonaws.com\/tg4-redesign-2015\/wp-content\/uploads\/2017\/09\/All-ireland-Peil-Na-mBan.jpg\",\"width\":1920,\"height\":1080},{\"@type\":\"BreadcrumbList\",\"@id\":\"https:\/\/dev.tg4.ie\/ga\/eolas\/preas\/nuacht-raitis\/2017-2\/na-figiuiri-feachana-is-airde-fos-ag-cluiche-ceannais-pheil-na-mban-ar-tg4\/#breadcrumb\",\"itemListElement\":[{\"@type\":\"ListItem\",\"position\":1,\"name\":\"Home\",\"item\":\"https:\/\/dev.tg4.ie\/ga\/\"},{\"@type\":\"ListItem\",\"position\":2,\"name\":\"Eolas\",\"item\":\"https:\/\/dev.tg4.ie\/ga\/eolas\/\"},{\"@type\":\"ListItem\",\"position\":3,\"name\":\"Preas\",\"item\":\"https:\/\/dev.tg4.ie\/ga\/eolas\/preas\/\"},{\"@type\":\"ListItem\",\"position\":4,\"name\":\"Nuacht R\u00e1itis\",\"item\":\"https:\/\/dev.tg4.ie\/ga\/eolas\/preas\/nuacht-raitis\/\"},{\"@type\":\"ListItem\",\"position\":5,\"name\":\"2017\",\"item\":\"https:\/\/dev.tg4.ie\/ga\/eolas\/preas\/nuacht-raitis\/2017-2\/\"},{\"@type\":\"ListItem\",\"position\":6,\"name\":\"25.10.17 &#8211; Na figi\u00fair\u00ed f\u00e9achana is airde f\u00f3s ag Cluiche Ceannais Pheil na mBan ar TG4\"}]},{\"@type\":\"WebSite\",\"@id\":\"https:\/\/dev.tg4.ie\/en\/#website\",\"url\":\"https:\/\/dev.tg4.ie\/en\/\",\"name\":\"TG4\",\"description\":\"S\u00fail Eile\",\"potentialAction\":[{\"@type\":\"SearchAction\",\"target\":{\"@type\":\"EntryPoint\",\"urlTemplate\":\"https:\/\/dev.tg4.ie\/en\/?s={search_term_string}\"},\"query-input\":\"required name=search_term_string\"}],\"inLanguage\":\"ga\"}]}<\/script>\n<!-- \/ Yoast SEO plugin. -->","yoast_head_json":{"title":"25.10.17 - Na figi\u00fair\u00ed f\u00e9achana is airde f\u00f3s ag Cluiche Ceannais Pheil na mBan ar TG4 - TG4","robots":{"index":"index","follow":"follow","max-snippet":"max-snippet:-1","max-image-preview":"max-image-preview:large","max-video-preview":"max-video-preview:-1"},"og_locale":"en_US","og_type":"article","og_title":"25.10.17 - Na figi\u00fair\u00ed f\u00e9achana is airde f\u00f3s ag Cluiche Ceannais Pheil na mBan ar TG4 - TG4","og_description":"N\u00ed amh\u00e1in gur sh\u00e1raigh an lucht f\u00e9achana i bP\u00e1irc an Chr\u00f3caigh f\u00e9in do chluich\u00ed an lae inn\u00e9 an curiarracht d\u00e1 leith\u00e9id (46,286), an tinreamh is airde ar aon imeacht sp\u00f3irt na mban san Eoraip i mbliana, ach bh\u00ed dea-sc\u00e9ala f\u00e9achana teilif\u00edse ann do TG4 f\u00e9in freisin. D\u2019fh\u00e9ach me\u00e1n 303,800 duine ar an mbeochraoladh teilif\u00edse ar [&hellip;]","og_url":"https:\/\/dev.tg4.ie\/ga\/eolas\/preas\/nuacht-raitis\/2017-2\/na-figiuiri-feachana-is-airde-fos-ag-cluiche-ceannais-pheil-na-mban-ar-tg4\/","og_site_name":"TG4","article_publisher":"https:\/\/www.facebook.com\/TG4TV","article_modified_time":"2019-06-25T09:08:00+00:00","og_image":[{"width":1920,"height":1080,"url":"https:\/\/tg4-docs.s3.amazonaws.com\/tg4-redesign-2015\/wp-content\/uploads\/2017\/09\/All-ireland-Peil-Na-mBan.jpg","type":"image\/jpeg"}],"twitter_card":"summary_large_image","twitter_site":"@TG4TV","twitter_misc":{"Est. reading time":"1 minute"},"schema":{"@context":"https:\/\/schema.org","@graph":[{"@type":"WebPage","@id":"https:\/\/dev.tg4.ie\/ga\/eolas\/preas\/nuacht-raitis\/2017-2\/na-figiuiri-feachana-is-airde-fos-ag-cluiche-ceannais-pheil-na-mban-ar-tg4\/","url":"https:\/\/dev.tg4.ie\/ga\/eolas\/preas\/nuacht-raitis\/2017-2\/na-figiuiri-feachana-is-airde-fos-ag-cluiche-ceannais-pheil-na-mban-ar-tg4\/","name":"25.10.17 - Na figi\u00fair\u00ed f\u00e9achana is airde f\u00f3s ag Cluiche Ceannais Pheil na mBan ar TG4 - TG4","isPartOf":{"@id":"https:\/\/dev.tg4.ie\/en\/#website"},"primaryImageOfPage":{"@id":"https:\/\/dev.tg4.ie\/ga\/eolas\/preas\/nuacht-raitis\/2017-2\/na-figiuiri-feachana-is-airde-fos-ag-cluiche-ceannais-pheil-na-mban-ar-tg4\/#primaryimage"},"image":{"@id":"https:\/\/dev.tg4.ie\/ga\/eolas\/preas\/nuacht-raitis\/2017-2\/na-figiuiri-feachana-is-airde-fos-ag-cluiche-ceannais-pheil-na-mban-ar-tg4\/#primaryimage"},"thumbnailUrl":"https:\/\/tg4-docs.s3.amazonaws.com\/tg4-redesign-2015\/wp-content\/uploads\/2017\/09\/All-ireland-Peil-Na-mBan.jpg","datePublished":"2017-09-25T13:58:47+00:00","dateModified":"2019-06-25T09:08:00+00:00","breadcrumb":{"@id":"https:\/\/dev.tg4.ie\/ga\/eolas\/preas\/nuacht-raitis\/2017-2\/na-figiuiri-feachana-is-airde-fos-ag-cluiche-ceannais-pheil-na-mban-ar-tg4\/#breadcrumb"},"inLanguage":"ga","potentialAction":[{"@type":"ReadAction","target":["https:\/\/dev.tg4.ie\/ga\/eolas\/preas\/nuacht-raitis\/2017-2\/na-figiuiri-feachana-is-airde-fos-ag-cluiche-ceannais-pheil-na-mban-ar-tg4\/"]}]},{"@type":"ImageObject","inLanguage":"ga","@id":"https:\/\/dev.tg4.ie\/ga\/eolas\/preas\/nuacht-raitis\/2017-2\/na-figiuiri-feachana-is-airde-fos-ag-cluiche-ceannais-pheil-na-mban-ar-tg4\/#primaryimage","url":"https:\/\/tg4-docs.s3.amazonaws.com\/tg4-redesign-2015\/wp-content\/uploads\/2017\/09\/All-ireland-Peil-Na-mBan.jpg","contentUrl":"https:\/\/tg4-docs.s3.amazonaws.com\/tg4-redesign-2015\/wp-content\/uploads\/2017\/09\/All-ireland-Peil-Na-mBan.jpg","width":1920,"height":1080},{"@type":"BreadcrumbList","@id":"https:\/\/dev.tg4.ie\/ga\/eolas\/preas\/nuacht-raitis\/2017-2\/na-figiuiri-feachana-is-airde-fos-ag-cluiche-ceannais-pheil-na-mban-ar-tg4\/#breadcrumb","itemListElement":[{"@type":"ListItem","position":1,"name":"Home","item":"https:\/\/dev.tg4.ie\/ga\/"},{"@type":"ListItem","position":2,"name":"Eolas","item":"https:\/\/dev.tg4.ie\/ga\/eolas\/"},{"@type":"ListItem","position":3,"name":"Preas","item":"https:\/\/dev.tg4.ie\/ga\/eolas\/preas\/"},{"@type":"ListItem","position":4,"name":"Nuacht R\u00e1itis","item":"https:\/\/dev.tg4.ie\/ga\/eolas\/preas\/nuacht-raitis\/"},{"@type":"ListItem","position":5,"name":"2017","item":"https:\/\/dev.tg4.ie\/ga\/eolas\/preas\/nuacht-raitis\/2017-2\/"},{"@type":"ListItem","position":6,"name":"25.10.17 &#8211; Na figi\u00fair\u00ed f\u00e9achana is airde f\u00f3s ag Cluiche Ceannais Pheil na mBan ar TG4"}]},{"@type":"WebSite","@id":"https:\/\/dev.tg4.ie\/en\/#website","url":"https:\/\/dev.tg4.ie\/en\/","name":"TG4","description":"S\u00fail Eile","potentialAction":[{"@type":"SearchAction","target":{"@type":"EntryPoint","urlTemplate":"https:\/\/dev.tg4.ie\/en\/?s={search_term_string}"},"query-input":"required name=search_term_string"}],"inLanguage":"ga"}]}},"_links":{"self":[{"href":"https:\/\/dev.tg4.ie\/ga\/wp-json\/wp\/v2\/pages\/67903"}],"collection":[{"href":"https:\/\/dev.tg4.ie\/ga\/wp-json\/wp\/v2\/pages"}],"about":[{"href":"https:\/\/dev.tg4.ie\/ga\/wp-json\/wp\/v2\/types\/page"}],"author":[{"embeddable":true,"href":"https:\/\/dev.tg4.ie\/ga\/wp-json\/wp\/v2\/users\/999"}],"replies":[{"embeddable":true,"href":"https:\/\/dev.tg4.ie\/ga\/wp-json\/wp\/v2\/comments?post=67903"}],"version-history":[{"count":0,"href":"https:\/\/dev.tg4.ie\/ga\/wp-json\/wp\/v2\/pages\/67903\/revisions"}],"up":[{"embeddable":true,"href":"https:\/\/dev.tg4.ie\/ga\/wp-json\/wp\/v2\/pages\/40345"}],"wp:featuredmedia":[{"embeddable":true,"href":"https:\/\/dev.tg4.ie\/ga\/wp-json\/wp\/v2\/media\/67904"}],"wp:attachment":[{"href":"https:\/\/dev.tg4.ie\/ga\/wp-json\/wp\/v2\/media?parent=67903"}],"curies":[{"name":"wp","href":"https:\/\/api.w.org\/{rel}","templated":true}]}}