{"id":69365,"date":"2017-10-31T10:05:11","date_gmt":"2017-10-31T10:05:11","guid":{"rendered":"https:\/\/dev.tg4.ie\/?page_id=69365\/"},"modified":"2019-06-25T10:13:29","modified_gmt":"2019-06-25T09:13:29","slug":"31-10-17","status":"publish","type":"page","link":"https:\/\/dev.tg4.ie\/ga\/eolas\/preas\/nuacht-raitis\/2017-2\/31-10-17\/","title":{"rendered":"31.10.17 &#8211; Cl\u00fadach cuimsitheach il-ard\u00e1in ag TG4 ar Oireachtas na Samhna 2017"},"content":{"rendered":"<p>Beidh an fh\u00e9ile ar bun i gCill Airne 1-5\u00a0 Samhain agus beidh ceamara\u00ed TG4 ar an l\u00e1thair le go leor de na com\u00f3rtais is ansa le daoine a chur ar f\u00e1il, beo ar an teilif\u00eds, ar na me\u00e1in shoisialta n\u00f3 ar an Seinnteoir\u00a0 (F\u00e9ach an liosta cuimsitheach cl\u00fadaigh th\u00edos).<\/p>\n<p><em><strong>L\u00e1r St\u00e1itse<\/strong><\/em><em> is teideal don chl\u00e1r nua at\u00e1 curtha leis an sceideal i mbliana, beochraoladh teilif\u00edse, \u00e1 chur i l\u00e1thair ag <\/em><em><strong>M\u00e1ire Treasa N\u00ed Dhubhghaill<\/strong><\/em> o\u00edche D\u00e9 hAoine.\u00a0 Molfar an \u00f3ige sa gcl\u00e1r seo agus tiocfaidh s\u00ed ar an ard\u00e1n leis an gcuid is fearr de na hoirfididh \u00f3ga sna com\u00f3rtais ard\u00e1in teanga-bhunaithe ag sol\u00e1thar na siamsa\u00edochta, idir amhr\u00e1in, a<em>gallaimh beirte, sc\u00e9ala\u00edocht, aithriseaoireacht agus l\u00faib\u00edn\u00ed<\/em><em>. <\/em><\/p>\n<p>Mar is iond\u00fail anois beidh <strong><em>Nuacht TG4<\/em><\/strong> \u00a0\u00e1 bheochraoladh \u00f3n Oireachtas C\u00e9adaoin-Aoine agus beidh iarn\u00f3in mh\u00f3r an damhsa sean-n\u00f3is <em><strong>Steip Beo<\/strong><\/em> ar f\u00e1il ar an teilif\u00edse D\u00e9 Sathairn.\u00a0 Chomh maith leo sin, d\u00e9anfar go leor de chom\u00f3rtais agus d\u2019\u00f3c\u00e1id\u00ed eile na f\u00e9ile a shol\u00e1thar beo ar Sheinnteoir TG4, ina measc an Oscailt Oifigi\u00fail, bronnadh na nGradam Cumars\u00e1ide agus cuid de na com\u00f3rtais amhr amhr\u00e1na\u00edochta sean-n\u00f3is.<\/p>\n<p>Beidh foireann na me\u00e1n sh\u00f3isialta ag TG4 cr\u00fa\u00f3gach freisin le linn na f\u00e9ile agus iad ag baili\u00fa agallaimh, m\u00edreanna eolais agus eile ar ch\u00fal an st\u00e1itse agus ar fud an bhaile agus na n-ionad ag sol\u00e1thar \u00e1bhair do chuntais TG4 ar Facebook, Twitter, Snapchat agus Instagram.<\/p>\n<p>Seo sceideal ioml\u00e1n TG4 ag Oireachtas na Samhna 2017<\/p>\n<p><strong>C\u00e9adaoin 1 Samhain <\/strong><\/p>\n<p>An Oscailt Oifigi\u00fail:\u00a0 3.30pm &#8211; Molsc\u00e9al ar\u00a0 Facebook<\/p>\n<p><em>Nuacht TG4<\/em>: \u00a0 7pm\u00a0 Beo ar an teilif\u00eds<\/p>\n<p>Na Gradaim Chumars\u00e1ide:\u00a0 7pm Fiona N\u00ed Fhlaithearta beo \u00f3n gcairp\u00e9ad dearg ar YouTube TG4\u00a0 agus searmanas na nGradam f\u00e9in beo ansin ag 7.30pm<\/p>\n<p><strong>\u00a0<\/strong><\/p>\n<p><strong>D\u00e9ardaoin\u00a0 2 Samhain<\/strong><\/p>\n<p>Sceitse \/ Agallamh Beirte:\u00a0 2pm\u00a0 Beo ar\u00a0 YouTube TG4<\/p>\n<p><em>Nuacht TG4<\/em>: \u00a0 7pm\u00a0 Beo ar an teilif\u00eds<\/p>\n<p>Sean-N\u00f3s na bhFear: 7pm\u00a0 Beo ar\u00a0 YouTube TG4<\/p>\n<p>&nbsp;<\/p>\n<p><strong>Aoine 3 Samhain<\/strong><\/p>\n<p>L\u00faib\u00edn\u00ed\/Amhr\u00e1in Saothaire:\u00a0 2pm\u00a0 Beo ar\u00a0 YouTube TG4<\/p>\n<p><em>Nuacht TG4<\/em>: \u00a0 7pm\u00a0 Beo ar an teilif\u00eds<\/p>\n<p>Sean-N\u00f3s na mBan:\u00a0 7pm\u00a0 Beo ar YouTube TG4<\/p>\n<p><em>L\u00e1r St\u00e1itse: <\/em>\u00a08pm Beo ar an teilif\u00eds<\/p>\n<p>&nbsp;<\/p>\n<p><strong>Satharn 4 Samhain<\/strong><\/p>\n<p>Steip Beo:\u00a0 1.15pm Beo ar an teilif\u00eds<\/p>\n<p>Corn U\u00ed Riada\u00a0 Beo ar\u00a0 Sheinnteoir TG4 <a href=\"https:\/\/dev.tg4.ie\">www.tg4.ie<\/a><\/p>\n<p><strong>\u00a0<\/strong><\/p>\n<p>Beidh deis ag lucht f\u00e9achana \u00f3g TG4 bualadh le cuid d\u00e1 gcairde \u00f3 <em>C\u00fala4<\/em> <strong>Mail\u00ed deCl\u00e9ir, M\u00e1ir\u00edn de Buitl\u00e9ir <\/strong>agus<strong> Caitr\u00edona Nic Cormaic<\/strong> ag C\u00f3isir C\u00fala4 ag an Oireachtas ar an Satharn ag 11am.<\/p>\n","protected":false},"excerpt":{"rendered":"<p>Beidh an fh\u00e9ile ar bun i gCill Airne 1-5\u00a0 Samhain agus beidh ceamara\u00ed TG4 ar an l\u00e1thair le go leor de na com\u00f3rtais is ansa le daoine a chur ar f\u00e1il, beo ar an teilif\u00eds, ar na me\u00e1in shoisialta n\u00f3 ar an Seinnteoir\u00a0 (F\u00e9ach an liosta cuimsitheach cl\u00fadaigh th\u00edos). L\u00e1r St\u00e1itse is teideal don chl\u00e1r [&hellip;]<\/p>\n","protected":false},"author":999,"featured_media":69062,"parent":40345,"menu_order":17,"comment_status":"closed","ping_status":"closed","template":"page-templates\/template-pr.php","meta":{"_acf_changed":false,"footnotes":""},"acf":[],"yoast_head":"<!-- This site is optimized with the Yoast SEO plugin v22.6 - https:\/\/yoast.com\/wordpress\/plugins\/seo\/ -->\n<title>31.10.17 - Cl\u00fadach cuimsitheach il-ard\u00e1in ag TG4 ar Oireachtas na Samhna 2017 - TG4<\/title>\n<meta name=\"robots\" content=\"index, follow, max-snippet:-1, max-image-preview:large, max-video-preview:-1\" \/>\n<meta property=\"og:locale\" content=\"en_US\" \/>\n<meta property=\"og:type\" content=\"article\" \/>\n<meta property=\"og:title\" content=\"31.10.17 - Cl\u00fadach cuimsitheach il-ard\u00e1in ag TG4 ar Oireachtas na Samhna 2017 - TG4\" \/>\n<meta property=\"og:description\" content=\"Beidh an fh\u00e9ile ar bun i gCill Airne 1-5\u00a0 Samhain agus beidh ceamara\u00ed TG4 ar an l\u00e1thair le go leor de na com\u00f3rtais is ansa le daoine a chur ar f\u00e1il, beo ar an teilif\u00eds, ar na me\u00e1in shoisialta n\u00f3 ar an Seinnteoir\u00a0 (F\u00e9ach an liosta cuimsitheach cl\u00fadaigh th\u00edos). L\u00e1r St\u00e1itse is teideal don chl\u00e1r [&hellip;]\" \/>\n<meta property=\"og:url\" content=\"https:\/\/dev.tg4.ie\/ga\/eolas\/preas\/nuacht-raitis\/2017-2\/31-10-17\/\" \/>\n<meta property=\"og:site_name\" content=\"TG4\" \/>\n<meta property=\"article:publisher\" content=\"https:\/\/www.facebook.com\/TG4TV\" \/>\n<meta property=\"article:modified_time\" content=\"2019-06-25T09:13:29+00:00\" \/>\n<meta property=\"og:image\" content=\"https:\/\/tg4-docs.s3.amazonaws.com\/tg4-redesign-2015\/wp-content\/uploads\/2015\/10\/Hero-2017.jpg\" \/>\n\t<meta property=\"og:image:width\" content=\"1920\" \/>\n\t<meta property=\"og:image:height\" content=\"1080\" \/>\n\t<meta property=\"og:image:type\" content=\"image\/jpeg\" \/>\n<meta name=\"twitter:card\" content=\"summary_large_image\" \/>\n<meta name=\"twitter:site\" content=\"@TG4TV\" \/>\n<meta name=\"twitter:label1\" content=\"Est. reading time\" \/>\n\t<meta name=\"twitter:data1\" content=\"2 minutes\" \/>\n<script type=\"application\/ld+json\" class=\"yoast-schema-graph\">{\"@context\":\"https:\/\/schema.org\",\"@graph\":[{\"@type\":\"WebPage\",\"@id\":\"https:\/\/dev.tg4.ie\/ga\/eolas\/preas\/nuacht-raitis\/2017-2\/31-10-17\/\",\"url\":\"https:\/\/dev.tg4.ie\/ga\/eolas\/preas\/nuacht-raitis\/2017-2\/31-10-17\/\",\"name\":\"31.10.17 - Cl\u00fadach cuimsitheach il-ard\u00e1in ag TG4 ar Oireachtas na Samhna 2017 - TG4\",\"isPartOf\":{\"@id\":\"https:\/\/dev.tg4.ie\/en\/#website\"},\"primaryImageOfPage\":{\"@id\":\"https:\/\/dev.tg4.ie\/ga\/eolas\/preas\/nuacht-raitis\/2017-2\/31-10-17\/#primaryimage\"},\"image\":{\"@id\":\"https:\/\/dev.tg4.ie\/ga\/eolas\/preas\/nuacht-raitis\/2017-2\/31-10-17\/#primaryimage\"},\"thumbnailUrl\":\"https:\/\/tg4-docs.s3.amazonaws.com\/tg4-redesign-2015\/wp-content\/uploads\/2015\/10\/Hero-2017.jpg\",\"datePublished\":\"2017-10-31T10:05:11+00:00\",\"dateModified\":\"2019-06-25T09:13:29+00:00\",\"breadcrumb\":{\"@id\":\"https:\/\/dev.tg4.ie\/ga\/eolas\/preas\/nuacht-raitis\/2017-2\/31-10-17\/#breadcrumb\"},\"inLanguage\":\"ga\",\"potentialAction\":[{\"@type\":\"ReadAction\",\"target\":[\"https:\/\/dev.tg4.ie\/ga\/eolas\/preas\/nuacht-raitis\/2017-2\/31-10-17\/\"]}]},{\"@type\":\"ImageObject\",\"inLanguage\":\"ga\",\"@id\":\"https:\/\/dev.tg4.ie\/ga\/eolas\/preas\/nuacht-raitis\/2017-2\/31-10-17\/#primaryimage\",\"url\":\"https:\/\/tg4-docs.s3.amazonaws.com\/tg4-redesign-2015\/wp-content\/uploads\/2015\/10\/Hero-2017.jpg\",\"contentUrl\":\"https:\/\/tg4-docs.s3.amazonaws.com\/tg4-redesign-2015\/wp-content\/uploads\/2015\/10\/Hero-2017.jpg\",\"width\":1920,\"height\":1080,\"caption\":\"Oireachtas 2017\"},{\"@type\":\"BreadcrumbList\",\"@id\":\"https:\/\/dev.tg4.ie\/ga\/eolas\/preas\/nuacht-raitis\/2017-2\/31-10-17\/#breadcrumb\",\"itemListElement\":[{\"@type\":\"ListItem\",\"position\":1,\"name\":\"Home\",\"item\":\"https:\/\/dev.tg4.ie\/ga\/\"},{\"@type\":\"ListItem\",\"position\":2,\"name\":\"Eolas\",\"item\":\"https:\/\/dev.tg4.ie\/ga\/eolas\/\"},{\"@type\":\"ListItem\",\"position\":3,\"name\":\"Preas\",\"item\":\"https:\/\/dev.tg4.ie\/ga\/eolas\/preas\/\"},{\"@type\":\"ListItem\",\"position\":4,\"name\":\"Nuacht R\u00e1itis\",\"item\":\"https:\/\/dev.tg4.ie\/ga\/eolas\/preas\/nuacht-raitis\/\"},{\"@type\":\"ListItem\",\"position\":5,\"name\":\"2017\",\"item\":\"https:\/\/dev.tg4.ie\/ga\/eolas\/preas\/nuacht-raitis\/2017-2\/\"},{\"@type\":\"ListItem\",\"position\":6,\"name\":\"31.10.17 &#8211; Cl\u00fadach cuimsitheach il-ard\u00e1in ag TG4 ar Oireachtas na Samhna 2017\"}]},{\"@type\":\"WebSite\",\"@id\":\"https:\/\/dev.tg4.ie\/en\/#website\",\"url\":\"https:\/\/dev.tg4.ie\/en\/\",\"name\":\"TG4\",\"description\":\"S\u00fail Eile\",\"potentialAction\":[{\"@type\":\"SearchAction\",\"target\":{\"@type\":\"EntryPoint\",\"urlTemplate\":\"https:\/\/dev.tg4.ie\/en\/?s={search_term_string}\"},\"query-input\":\"required name=search_term_string\"}],\"inLanguage\":\"ga\"}]}<\/script>\n<!-- \/ Yoast SEO plugin. -->","yoast_head_json":{"title":"31.10.17 - Cl\u00fadach cuimsitheach il-ard\u00e1in ag TG4 ar Oireachtas na Samhna 2017 - TG4","robots":{"index":"index","follow":"follow","max-snippet":"max-snippet:-1","max-image-preview":"max-image-preview:large","max-video-preview":"max-video-preview:-1"},"og_locale":"en_US","og_type":"article","og_title":"31.10.17 - Cl\u00fadach cuimsitheach il-ard\u00e1in ag TG4 ar Oireachtas na Samhna 2017 - TG4","og_description":"Beidh an fh\u00e9ile ar bun i gCill Airne 1-5\u00a0 Samhain agus beidh ceamara\u00ed TG4 ar an l\u00e1thair le go leor de na com\u00f3rtais is ansa le daoine a chur ar f\u00e1il, beo ar an teilif\u00eds, ar na me\u00e1in shoisialta n\u00f3 ar an Seinnteoir\u00a0 (F\u00e9ach an liosta cuimsitheach cl\u00fadaigh th\u00edos). L\u00e1r St\u00e1itse is teideal don chl\u00e1r [&hellip;]","og_url":"https:\/\/dev.tg4.ie\/ga\/eolas\/preas\/nuacht-raitis\/2017-2\/31-10-17\/","og_site_name":"TG4","article_publisher":"https:\/\/www.facebook.com\/TG4TV","article_modified_time":"2019-06-25T09:13:29+00:00","og_image":[{"width":1920,"height":1080,"url":"https:\/\/tg4-docs.s3.amazonaws.com\/tg4-redesign-2015\/wp-content\/uploads\/2015\/10\/Hero-2017.jpg","type":"image\/jpeg"}],"twitter_card":"summary_large_image","twitter_site":"@TG4TV","twitter_misc":{"Est. reading time":"2 minutes"},"schema":{"@context":"https:\/\/schema.org","@graph":[{"@type":"WebPage","@id":"https:\/\/dev.tg4.ie\/ga\/eolas\/preas\/nuacht-raitis\/2017-2\/31-10-17\/","url":"https:\/\/dev.tg4.ie\/ga\/eolas\/preas\/nuacht-raitis\/2017-2\/31-10-17\/","name":"31.10.17 - Cl\u00fadach cuimsitheach il-ard\u00e1in ag TG4 ar Oireachtas na Samhna 2017 - TG4","isPartOf":{"@id":"https:\/\/dev.tg4.ie\/en\/#website"},"primaryImageOfPage":{"@id":"https:\/\/dev.tg4.ie\/ga\/eolas\/preas\/nuacht-raitis\/2017-2\/31-10-17\/#primaryimage"},"image":{"@id":"https:\/\/dev.tg4.ie\/ga\/eolas\/preas\/nuacht-raitis\/2017-2\/31-10-17\/#primaryimage"},"thumbnailUrl":"https:\/\/tg4-docs.s3.amazonaws.com\/tg4-redesign-2015\/wp-content\/uploads\/2015\/10\/Hero-2017.jpg","datePublished":"2017-10-31T10:05:11+00:00","dateModified":"2019-06-25T09:13:29+00:00","breadcrumb":{"@id":"https:\/\/dev.tg4.ie\/ga\/eolas\/preas\/nuacht-raitis\/2017-2\/31-10-17\/#breadcrumb"},"inLanguage":"ga","potentialAction":[{"@type":"ReadAction","target":["https:\/\/dev.tg4.ie\/ga\/eolas\/preas\/nuacht-raitis\/2017-2\/31-10-17\/"]}]},{"@type":"ImageObject","inLanguage":"ga","@id":"https:\/\/dev.tg4.ie\/ga\/eolas\/preas\/nuacht-raitis\/2017-2\/31-10-17\/#primaryimage","url":"https:\/\/tg4-docs.s3.amazonaws.com\/tg4-redesign-2015\/wp-content\/uploads\/2015\/10\/Hero-2017.jpg","contentUrl":"https:\/\/tg4-docs.s3.amazonaws.com\/tg4-redesign-2015\/wp-content\/uploads\/2015\/10\/Hero-2017.jpg","width":1920,"height":1080,"caption":"Oireachtas 2017"},{"@type":"BreadcrumbList","@id":"https:\/\/dev.tg4.ie\/ga\/eolas\/preas\/nuacht-raitis\/2017-2\/31-10-17\/#breadcrumb","itemListElement":[{"@type":"ListItem","position":1,"name":"Home","item":"https:\/\/dev.tg4.ie\/ga\/"},{"@type":"ListItem","position":2,"name":"Eolas","item":"https:\/\/dev.tg4.ie\/ga\/eolas\/"},{"@type":"ListItem","position":3,"name":"Preas","item":"https:\/\/dev.tg4.ie\/ga\/eolas\/preas\/"},{"@type":"ListItem","position":4,"name":"Nuacht R\u00e1itis","item":"https:\/\/dev.tg4.ie\/ga\/eolas\/preas\/nuacht-raitis\/"},{"@type":"ListItem","position":5,"name":"2017","item":"https:\/\/dev.tg4.ie\/ga\/eolas\/preas\/nuacht-raitis\/2017-2\/"},{"@type":"ListItem","position":6,"name":"31.10.17 &#8211; Cl\u00fadach cuimsitheach il-ard\u00e1in ag TG4 ar Oireachtas na Samhna 2017"}]},{"@type":"WebSite","@id":"https:\/\/dev.tg4.ie\/en\/#website","url":"https:\/\/dev.tg4.ie\/en\/","name":"TG4","description":"S\u00fail Eile","potentialAction":[{"@type":"SearchAction","target":{"@type":"EntryPoint","urlTemplate":"https:\/\/dev.tg4.ie\/en\/?s={search_term_string}"},"query-input":"required name=search_term_string"}],"inLanguage":"ga"}]}},"_links":{"self":[{"href":"https:\/\/dev.tg4.ie\/ga\/wp-json\/wp\/v2\/pages\/69365"}],"collection":[{"href":"https:\/\/dev.tg4.ie\/ga\/wp-json\/wp\/v2\/pages"}],"about":[{"href":"https:\/\/dev.tg4.ie\/ga\/wp-json\/wp\/v2\/types\/page"}],"author":[{"embeddable":true,"href":"https:\/\/dev.tg4.ie\/ga\/wp-json\/wp\/v2\/users\/999"}],"replies":[{"embeddable":true,"href":"https:\/\/dev.tg4.ie\/ga\/wp-json\/wp\/v2\/comments?post=69365"}],"version-history":[{"count":0,"href":"https:\/\/dev.tg4.ie\/ga\/wp-json\/wp\/v2\/pages\/69365\/revisions"}],"up":[{"embeddable":true,"href":"https:\/\/dev.tg4.ie\/ga\/wp-json\/wp\/v2\/pages\/40345"}],"wp:featuredmedia":[{"embeddable":true,"href":"https:\/\/dev.tg4.ie\/ga\/wp-json\/wp\/v2\/media\/69062"}],"wp:attachment":[{"href":"https:\/\/dev.tg4.ie\/ga\/wp-json\/wp\/v2\/media?parent=69365"}],"curies":[{"name":"wp","href":"https:\/\/api.w.org\/{rel}","templated":true}]}}