{"id":69774,"date":"2017-11-07T09:14:58","date_gmt":"2017-11-07T09:14:58","guid":{"rendered":"https:\/\/dev.tg4.ie\/?page_id=69774\/"},"modified":"2019-06-25T10:16:07","modified_gmt":"2019-06-25T09:16:07","slug":"06-11-17","status":"publish","type":"page","link":"https:\/\/dev.tg4.ie\/ga\/eolas\/preas\/nuacht-raitis\/2017-2\/06-11-17\/","title":{"rendered":"06.11.17 &#8211; Moladh faighte ag an Leascheannasa\u00ed at\u00e1 ag dul ar luathscor san Earrach"},"content":{"rendered":"<p>Is \u00e9 P\u00e1dhraic an fosta\u00ed is faide seirbh\u00eds ag TG4. Is le gn\u00f3tha\u00ed corpar\u00e1ideacha, caidreamh poibl\u00ed agus ionada\u00edocht ard-leibh\u00e9il is m\u00f3 a bhain a chuid dualgais leis an gcain\u00e9al lena linn, \u00f3 1995 i leith.<\/p>\n<p>Bh\u00ed dl\u00fathbhaint aige leis an r\u00e9amh-ullmh\u00fach\u00e1n do Theilif\u00eds na Gaeilge, mar Chomhairleoir Craolach\u00e1in Gaeilge ag M\u00e1ire Geoghegan-Quinn agus Miche\u00e1l D \u00d3 hUiginn, an bheirt Air\u00ed a thug an togra chun cinn ag leibh\u00e9al Rialtais. Sa r\u00f3l sin bh\u00ed l\u00e1imh an ghar don sti\u00fair sna beartais pholasa\u00ed agus sna cinnidh Rialtais a glacadh chun go dtiocfadh ann don tseirbh\u00eds.<\/p>\n<p>Ina dhiaidh sin bh\u00ed s\u00e9 ina R\u00fana\u00ed ar Chomhairle Theilif\u00eds na Gaeilge ar feadh tr\u00e9imhse an choiste sin agus ina dhiaidh sin mar R\u00fana\u00ed do Bhord TG4 \u00f3 buna\u00edodh \u00e9 mar chorpar\u00e1id neamhsple\u00e1ch i 2007. Is \u00e9 freisin a chum mana c\u00e1ili\u00fail an chain\u00e9il s\u00fail eile. Chaith s\u00e9 tr\u00e9imhs\u00ed mar Chathaoirleach ar choist\u00ed \u00e9ags\u00fala IBEC i r\u00e9ims\u00ed na me\u00e1n clos-amharc agus is \u00e9 Cathaoirleach reatha Fh\u00e9ile na Me\u00e1n Ceilteach.<\/p>\n<p>Roimh TG4 bh\u00ed taith\u00ed fhairsing aige i r\u00e9imse na hiriseoireachta chraolta i nGaeilge agus i mB\u00e9arla. Ceapadh mar Chl\u00e1r-Reachtaire Raidi\u00f3 na Gaeltachta \u00e9 i 1979, tr\u00e1th ar bhunaigh an st\u00e1isi\u00fan \u00f3g sin oifig bhuan i mBaile \u00c1tha Cliath. Tar \u00e9is cheithre bliana leis sin, ceapadh ina Eagarth\u00f3ir \u00e9 ar an mheitheal a bhunaigh an cl\u00e1r nuachta raidi\u00f3 Morning Ireland in RT\u00c9 1984. Ina dhiaidh sin bh\u00ed s\u00e9 ina Chl\u00e1r Eagarth\u00f3ir ar Nuacht Ghaeilge RT\u00c9 \u2013 raidi\u00f3 agus teilif\u00eds, go dt\u00ed 1992.<\/p>\n<p>Thug Ardsti\u00farth\u00f3ir TG4, <strong>Alan Esslemont, ardmholadh do shaothar agus d\u2019oidhreacht U\u00ed Chiardha<\/strong>: \u201cT\u00e1 dl\u00fathcheangal idir bhun\u00fa Theilif\u00eds na Gaeilge agus saol oibre Ph\u00e1dhraic,\u201d a d\u00fairt s\u00e9. \u201cMar Chomhairleoir ag na hAir\u00ed, b\u2019\u00e9 an droichead idir na feachtais phobail agus n\u00e1isi\u00fanta a bh\u00ed ag \u00e9ileamh na seirbh\u00edse agus an st\u00e1tch\u00f3ras a bhunaigh \u00e9. I bp\u00e1irt le Cathal Goan agus Si\u00fan N\u00ed Raghallaigh, d\u2019fhorbair s\u00e9 an m\u00fanla faoinar saola\u00edodh TnaG. Le tr\u00ed bliana fichead, is \u00e9 guth agus \u00e9adan TG4 agus ba mhinic muid ag brath ar a shaineolas iriseoireachta agus a bhreithi\u00fanas eagarth\u00f3ireachta nuair a bh\u00ed ceisteanna leochaileacha nuachta n\u00f3 c\u00farsa\u00ed reatha faoi chaibidil in\u00e1r gcl\u00e1racha coimisi\u00fanaithe. Bh\u00ed rian a l\u00e1imhe go l\u00e1idir ar luath-shol\u00e1thar sp\u00f3rt an chain\u00e9il freisin.<\/p>\n<p>Mar ionada\u00ed TG4 ar an iliomad eagras n\u00e1isi\u00fanta agus idirn\u00e1isi\u00fanta agus mar chomhghleaca\u00ed stuama, gean\u00fail, cron\u00f3idh muid go m\u00f3r \u00e9 agus beidh s\u00e9 an-deacair an bhearna a fh\u00e1gfaidh s\u00e9 ina dhiaidh a l\u00edonadh.\u201d<\/p>\n","protected":false},"excerpt":{"rendered":"<p>Is \u00e9 P\u00e1dhraic an fosta\u00ed is faide seirbh\u00eds ag TG4. Is le gn\u00f3tha\u00ed corpar\u00e1ideacha, caidreamh poibl\u00ed agus ionada\u00edocht ard-leibh\u00e9il is m\u00f3 a bhain a chuid dualgais leis an gcain\u00e9al lena linn, \u00f3 1995 i leith. Bh\u00ed dl\u00fathbhaint aige leis an r\u00e9amh-ullmh\u00fach\u00e1n do Theilif\u00eds na Gaeilge, mar Chomhairleoir Craolach\u00e1in Gaeilge ag M\u00e1ire Geoghegan-Quinn agus Miche\u00e1l D [&hellip;]<\/p>\n","protected":false},"author":999,"featured_media":69772,"parent":40345,"menu_order":18,"comment_status":"closed","ping_status":"closed","template":"page-templates\/template-pr.php","meta":{"_acf_changed":false,"footnotes":""},"acf":[],"yoast_head":"<!-- This site is optimized with the Yoast SEO plugin v22.6 - https:\/\/yoast.com\/wordpress\/plugins\/seo\/ -->\n<title>06.11.17 - Moladh faighte ag an Leascheannasa\u00ed at\u00e1 ag dul ar luathscor san Earrach - TG4<\/title>\n<meta name=\"robots\" content=\"index, follow, max-snippet:-1, max-image-preview:large, max-video-preview:-1\" \/>\n<meta property=\"og:locale\" content=\"en_US\" \/>\n<meta property=\"og:type\" content=\"article\" \/>\n<meta property=\"og:title\" content=\"06.11.17 - Moladh faighte ag an Leascheannasa\u00ed at\u00e1 ag dul ar luathscor san Earrach - TG4\" \/>\n<meta property=\"og:description\" content=\"Is \u00e9 P\u00e1dhraic an fosta\u00ed is faide seirbh\u00eds ag TG4. Is le gn\u00f3tha\u00ed corpar\u00e1ideacha, caidreamh poibl\u00ed agus ionada\u00edocht ard-leibh\u00e9il is m\u00f3 a bhain a chuid dualgais leis an gcain\u00e9al lena linn, \u00f3 1995 i leith. Bh\u00ed dl\u00fathbhaint aige leis an r\u00e9amh-ullmh\u00fach\u00e1n do Theilif\u00eds na Gaeilge, mar Chomhairleoir Craolach\u00e1in Gaeilge ag M\u00e1ire Geoghegan-Quinn agus Miche\u00e1l D [&hellip;]\" \/>\n<meta property=\"og:url\" content=\"https:\/\/dev.tg4.ie\/ga\/eolas\/preas\/nuacht-raitis\/2017-2\/06-11-17\/\" \/>\n<meta property=\"og:site_name\" content=\"TG4\" \/>\n<meta property=\"article:publisher\" content=\"https:\/\/www.facebook.com\/TG4TV\" \/>\n<meta property=\"article:modified_time\" content=\"2019-06-25T09:16:07+00:00\" \/>\n<meta property=\"og:image\" content=\"https:\/\/tg4-docs.s3.amazonaws.com\/tg4-redesign-2015\/wp-content\/uploads\/2017\/11\/POC.jpg\" \/>\n\t<meta property=\"og:image:width\" content=\"1920\" \/>\n\t<meta property=\"og:image:height\" content=\"1080\" \/>\n\t<meta property=\"og:image:type\" content=\"image\/jpeg\" \/>\n<meta name=\"twitter:card\" content=\"summary_large_image\" \/>\n<meta name=\"twitter:site\" content=\"@TG4TV\" \/>\n<meta name=\"twitter:label1\" content=\"Est. reading time\" \/>\n\t<meta name=\"twitter:data1\" content=\"2 minutes\" \/>\n<script type=\"application\/ld+json\" class=\"yoast-schema-graph\">{\"@context\":\"https:\/\/schema.org\",\"@graph\":[{\"@type\":\"WebPage\",\"@id\":\"https:\/\/dev.tg4.ie\/ga\/eolas\/preas\/nuacht-raitis\/2017-2\/06-11-17\/\",\"url\":\"https:\/\/dev.tg4.ie\/ga\/eolas\/preas\/nuacht-raitis\/2017-2\/06-11-17\/\",\"name\":\"06.11.17 - Moladh faighte ag an Leascheannasa\u00ed at\u00e1 ag dul ar luathscor san Earrach - TG4\",\"isPartOf\":{\"@id\":\"https:\/\/dev.tg4.ie\/en\/#website\"},\"primaryImageOfPage\":{\"@id\":\"https:\/\/dev.tg4.ie\/ga\/eolas\/preas\/nuacht-raitis\/2017-2\/06-11-17\/#primaryimage\"},\"image\":{\"@id\":\"https:\/\/dev.tg4.ie\/ga\/eolas\/preas\/nuacht-raitis\/2017-2\/06-11-17\/#primaryimage\"},\"thumbnailUrl\":\"https:\/\/tg4-docs.s3.amazonaws.com\/tg4-redesign-2015\/wp-content\/uploads\/2017\/11\/POC.jpg\",\"datePublished\":\"2017-11-07T09:14:58+00:00\",\"dateModified\":\"2019-06-25T09:16:07+00:00\",\"breadcrumb\":{\"@id\":\"https:\/\/dev.tg4.ie\/ga\/eolas\/preas\/nuacht-raitis\/2017-2\/06-11-17\/#breadcrumb\"},\"inLanguage\":\"ga\",\"potentialAction\":[{\"@type\":\"ReadAction\",\"target\":[\"https:\/\/dev.tg4.ie\/ga\/eolas\/preas\/nuacht-raitis\/2017-2\/06-11-17\/\"]}]},{\"@type\":\"ImageObject\",\"inLanguage\":\"ga\",\"@id\":\"https:\/\/dev.tg4.ie\/ga\/eolas\/preas\/nuacht-raitis\/2017-2\/06-11-17\/#primaryimage\",\"url\":\"https:\/\/tg4-docs.s3.amazonaws.com\/tg4-redesign-2015\/wp-content\/uploads\/2017\/11\/POC.jpg\",\"contentUrl\":\"https:\/\/tg4-docs.s3.amazonaws.com\/tg4-redesign-2015\/wp-content\/uploads\/2017\/11\/POC.jpg\",\"width\":1920,\"height\":1080,\"caption\":\"P\u00e1dhraic \u00d3 Ciardha\"},{\"@type\":\"BreadcrumbList\",\"@id\":\"https:\/\/dev.tg4.ie\/ga\/eolas\/preas\/nuacht-raitis\/2017-2\/06-11-17\/#breadcrumb\",\"itemListElement\":[{\"@type\":\"ListItem\",\"position\":1,\"name\":\"Home\",\"item\":\"https:\/\/dev.tg4.ie\/ga\/\"},{\"@type\":\"ListItem\",\"position\":2,\"name\":\"Eolas\",\"item\":\"https:\/\/dev.tg4.ie\/ga\/eolas\/\"},{\"@type\":\"ListItem\",\"position\":3,\"name\":\"Preas\",\"item\":\"https:\/\/dev.tg4.ie\/ga\/eolas\/preas\/\"},{\"@type\":\"ListItem\",\"position\":4,\"name\":\"Nuacht R\u00e1itis\",\"item\":\"https:\/\/dev.tg4.ie\/ga\/eolas\/preas\/nuacht-raitis\/\"},{\"@type\":\"ListItem\",\"position\":5,\"name\":\"2017\",\"item\":\"https:\/\/dev.tg4.ie\/ga\/eolas\/preas\/nuacht-raitis\/2017-2\/\"},{\"@type\":\"ListItem\",\"position\":6,\"name\":\"06.11.17 &#8211; Moladh faighte ag an Leascheannasa\u00ed at\u00e1 ag dul ar luathscor san Earrach\"}]},{\"@type\":\"WebSite\",\"@id\":\"https:\/\/dev.tg4.ie\/en\/#website\",\"url\":\"https:\/\/dev.tg4.ie\/en\/\",\"name\":\"TG4\",\"description\":\"S\u00fail Eile\",\"potentialAction\":[{\"@type\":\"SearchAction\",\"target\":{\"@type\":\"EntryPoint\",\"urlTemplate\":\"https:\/\/dev.tg4.ie\/en\/?s={search_term_string}\"},\"query-input\":\"required name=search_term_string\"}],\"inLanguage\":\"ga\"}]}<\/script>\n<!-- \/ Yoast SEO plugin. -->","yoast_head_json":{"title":"06.11.17 - Moladh faighte ag an Leascheannasa\u00ed at\u00e1 ag dul ar luathscor san Earrach - TG4","robots":{"index":"index","follow":"follow","max-snippet":"max-snippet:-1","max-image-preview":"max-image-preview:large","max-video-preview":"max-video-preview:-1"},"og_locale":"en_US","og_type":"article","og_title":"06.11.17 - Moladh faighte ag an Leascheannasa\u00ed at\u00e1 ag dul ar luathscor san Earrach - TG4","og_description":"Is \u00e9 P\u00e1dhraic an fosta\u00ed is faide seirbh\u00eds ag TG4. Is le gn\u00f3tha\u00ed corpar\u00e1ideacha, caidreamh poibl\u00ed agus ionada\u00edocht ard-leibh\u00e9il is m\u00f3 a bhain a chuid dualgais leis an gcain\u00e9al lena linn, \u00f3 1995 i leith. Bh\u00ed dl\u00fathbhaint aige leis an r\u00e9amh-ullmh\u00fach\u00e1n do Theilif\u00eds na Gaeilge, mar Chomhairleoir Craolach\u00e1in Gaeilge ag M\u00e1ire Geoghegan-Quinn agus Miche\u00e1l D [&hellip;]","og_url":"https:\/\/dev.tg4.ie\/ga\/eolas\/preas\/nuacht-raitis\/2017-2\/06-11-17\/","og_site_name":"TG4","article_publisher":"https:\/\/www.facebook.com\/TG4TV","article_modified_time":"2019-06-25T09:16:07+00:00","og_image":[{"width":1920,"height":1080,"url":"https:\/\/tg4-docs.s3.amazonaws.com\/tg4-redesign-2015\/wp-content\/uploads\/2017\/11\/POC.jpg","type":"image\/jpeg"}],"twitter_card":"summary_large_image","twitter_site":"@TG4TV","twitter_misc":{"Est. reading time":"2 minutes"},"schema":{"@context":"https:\/\/schema.org","@graph":[{"@type":"WebPage","@id":"https:\/\/dev.tg4.ie\/ga\/eolas\/preas\/nuacht-raitis\/2017-2\/06-11-17\/","url":"https:\/\/dev.tg4.ie\/ga\/eolas\/preas\/nuacht-raitis\/2017-2\/06-11-17\/","name":"06.11.17 - Moladh faighte ag an Leascheannasa\u00ed at\u00e1 ag dul ar luathscor san Earrach - TG4","isPartOf":{"@id":"https:\/\/dev.tg4.ie\/en\/#website"},"primaryImageOfPage":{"@id":"https:\/\/dev.tg4.ie\/ga\/eolas\/preas\/nuacht-raitis\/2017-2\/06-11-17\/#primaryimage"},"image":{"@id":"https:\/\/dev.tg4.ie\/ga\/eolas\/preas\/nuacht-raitis\/2017-2\/06-11-17\/#primaryimage"},"thumbnailUrl":"https:\/\/tg4-docs.s3.amazonaws.com\/tg4-redesign-2015\/wp-content\/uploads\/2017\/11\/POC.jpg","datePublished":"2017-11-07T09:14:58+00:00","dateModified":"2019-06-25T09:16:07+00:00","breadcrumb":{"@id":"https:\/\/dev.tg4.ie\/ga\/eolas\/preas\/nuacht-raitis\/2017-2\/06-11-17\/#breadcrumb"},"inLanguage":"ga","potentialAction":[{"@type":"ReadAction","target":["https:\/\/dev.tg4.ie\/ga\/eolas\/preas\/nuacht-raitis\/2017-2\/06-11-17\/"]}]},{"@type":"ImageObject","inLanguage":"ga","@id":"https:\/\/dev.tg4.ie\/ga\/eolas\/preas\/nuacht-raitis\/2017-2\/06-11-17\/#primaryimage","url":"https:\/\/tg4-docs.s3.amazonaws.com\/tg4-redesign-2015\/wp-content\/uploads\/2017\/11\/POC.jpg","contentUrl":"https:\/\/tg4-docs.s3.amazonaws.com\/tg4-redesign-2015\/wp-content\/uploads\/2017\/11\/POC.jpg","width":1920,"height":1080,"caption":"P\u00e1dhraic \u00d3 Ciardha"},{"@type":"BreadcrumbList","@id":"https:\/\/dev.tg4.ie\/ga\/eolas\/preas\/nuacht-raitis\/2017-2\/06-11-17\/#breadcrumb","itemListElement":[{"@type":"ListItem","position":1,"name":"Home","item":"https:\/\/dev.tg4.ie\/ga\/"},{"@type":"ListItem","position":2,"name":"Eolas","item":"https:\/\/dev.tg4.ie\/ga\/eolas\/"},{"@type":"ListItem","position":3,"name":"Preas","item":"https:\/\/dev.tg4.ie\/ga\/eolas\/preas\/"},{"@type":"ListItem","position":4,"name":"Nuacht R\u00e1itis","item":"https:\/\/dev.tg4.ie\/ga\/eolas\/preas\/nuacht-raitis\/"},{"@type":"ListItem","position":5,"name":"2017","item":"https:\/\/dev.tg4.ie\/ga\/eolas\/preas\/nuacht-raitis\/2017-2\/"},{"@type":"ListItem","position":6,"name":"06.11.17 &#8211; Moladh faighte ag an Leascheannasa\u00ed at\u00e1 ag dul ar luathscor san Earrach"}]},{"@type":"WebSite","@id":"https:\/\/dev.tg4.ie\/en\/#website","url":"https:\/\/dev.tg4.ie\/en\/","name":"TG4","description":"S\u00fail Eile","potentialAction":[{"@type":"SearchAction","target":{"@type":"EntryPoint","urlTemplate":"https:\/\/dev.tg4.ie\/en\/?s={search_term_string}"},"query-input":"required name=search_term_string"}],"inLanguage":"ga"}]}},"_links":{"self":[{"href":"https:\/\/dev.tg4.ie\/ga\/wp-json\/wp\/v2\/pages\/69774"}],"collection":[{"href":"https:\/\/dev.tg4.ie\/ga\/wp-json\/wp\/v2\/pages"}],"about":[{"href":"https:\/\/dev.tg4.ie\/ga\/wp-json\/wp\/v2\/types\/page"}],"author":[{"embeddable":true,"href":"https:\/\/dev.tg4.ie\/ga\/wp-json\/wp\/v2\/users\/999"}],"replies":[{"embeddable":true,"href":"https:\/\/dev.tg4.ie\/ga\/wp-json\/wp\/v2\/comments?post=69774"}],"version-history":[{"count":0,"href":"https:\/\/dev.tg4.ie\/ga\/wp-json\/wp\/v2\/pages\/69774\/revisions"}],"up":[{"embeddable":true,"href":"https:\/\/dev.tg4.ie\/ga\/wp-json\/wp\/v2\/pages\/40345"}],"wp:featuredmedia":[{"embeddable":true,"href":"https:\/\/dev.tg4.ie\/ga\/wp-json\/wp\/v2\/media\/69772"}],"wp:attachment":[{"href":"https:\/\/dev.tg4.ie\/ga\/wp-json\/wp\/v2\/media?parent=69774"}],"curies":[{"name":"wp","href":"https:\/\/api.w.org\/{rel}","templated":true}]}}