{"id":70181,"date":"2017-11-16T16:50:54","date_gmt":"2017-11-16T16:50:54","guid":{"rendered":"https:\/\/dev.tg4.ie\/corporate\/preas\/press-releases\/2017-2\/irish-post-awards-live-london-tg4\/"},"modified":"2019-06-25T10:44:07","modified_gmt":"2019-06-25T09:44:07","slug":"irish-post-awards-live-london-tg4","status":"publish","type":"page","link":"https:\/\/dev.tg4.ie\/ga\/eolas\/preas\/nuacht-raitis\/2017-2\/irish-post-awards-live-london-tg4\/","title":{"rendered":"Gradaim an Irish Post le beochraoladh as Londain ar TG4"},"content":{"rendered":"<p>Bronnfar seacht nGradam ar an o\u00edche, ina measc, Gradam Saoil ar <strong>Sir Bob Geldof<\/strong>, ceolt\u00f3ir agus feachtas\u00f3ir daonnacht\u00fail\u00a0a thuill c\u00e1il ar dt\u00fas mar fheachtas\u00f3ir nuair a d&#8217;eagraigh s\u00e9 ceolchoirm ch\u00e1ili\u00fail Live Aid i Staid Wembley, Londain, i Samhradh na bliana 1985.<\/p>\n<p>Bronnfar Gradam Comaoine ar son Gn\u00f3 an Banbhar\u00fan <strong>Karren Brady<\/strong>, a bhfuil c\u00e1il fhorleathan uirthi i r\u00e9ims\u00ed na f\u00f3gra\u00edochta, na me\u00e1n agus mar iar-Bhainisteoir Sti\u00fartha ar Birmingham FC, nuair a bh\u00ed s\u00ed 23 bliain d&#8217;aois, an ch\u00e9ad bhean riamh a ceapadh sa r\u00f3l seo i gclub sacair.<\/p>\n<p>Beidh na gr\u00fapa\u00ed aitheanta <em>Kodaline<\/em> agus <em>Beoga<\/em> ag seinm ag an \u00f3c\u00e1id i mbliana agus is iad na l\u00e1ithreoir\u00ed n\u00e1 <strong>Aoife N\u00ed Thuairisg<\/strong>&#8211; TG4 agus <strong>Eamonn Holmes<\/strong>.<\/p>\n<p>Beidh an \u00f3c\u00e1id \u00e1 beo-chraoladh ar gach ard\u00e1n TG4 agus sula dtos\u00f3idh an se\u00f3 f\u00e9in, beidh na sc\u00e9alta ar fad \u00f3n gcairp\u00e9ad dearg roimhe \u00f3 \u00d3st\u00e1n an Grosvenor House ag Caitl\u00edn Nic Aoidh ar Snapchat agus Insta TG4. Freisin is f\u00e9idir an spraoi ar fad a lean\u00faint \u00f3n se\u00f3 beo ar twitter #IrishPostAwards<\/p>\n<p>Orthu sin a fuair Gradaim an \u00f3c\u00e1id seo i mblianta roimhe seo, bh\u00ed, <strong>Terry Wogan, Daniel Day-Lewis, Michael Flatley <\/strong>agus<strong> Mo Mowlam.<\/strong><\/p>\n","protected":false},"excerpt":{"rendered":"<p>Bronnfar seacht nGradam ar an o\u00edche, ina measc, Gradam Saoil ar Sir Bob Geldof, ceolt\u00f3ir agus feachtas\u00f3ir daonnacht\u00fail\u00a0a thuill c\u00e1il ar dt\u00fas mar fheachtas\u00f3ir nuair a d&#8217;eagraigh s\u00e9 ceolchoirm ch\u00e1ili\u00fail Live Aid i Staid Wembley, Londain, i Samhradh na bliana 1985. Bronnfar Gradam Comaoine ar son Gn\u00f3 an Banbhar\u00fan Karren Brady, a bhfuil c\u00e1il fhorleathan [&hellip;]<\/p>\n","protected":false},"author":999,"featured_media":70178,"parent":40345,"menu_order":19,"comment_status":"closed","ping_status":"closed","template":"page-templates\/template-pr.php","meta":{"_acf_changed":false,"footnotes":""},"acf":[],"yoast_head":"<!-- This site is optimized with the Yoast SEO plugin v22.6 - https:\/\/yoast.com\/wordpress\/plugins\/seo\/ -->\n<title>Gradaim an Irish Post le beochraoladh as Londain ar TG4 - TG4<\/title>\n<meta name=\"robots\" content=\"index, follow, max-snippet:-1, max-image-preview:large, max-video-preview:-1\" \/>\n<meta property=\"og:locale\" content=\"en_US\" \/>\n<meta property=\"og:type\" content=\"article\" \/>\n<meta property=\"og:title\" content=\"Gradaim an Irish Post le beochraoladh as Londain ar TG4 - TG4\" \/>\n<meta property=\"og:description\" content=\"Bronnfar seacht nGradam ar an o\u00edche, ina measc, Gradam Saoil ar Sir Bob Geldof, ceolt\u00f3ir agus feachtas\u00f3ir daonnacht\u00fail\u00a0a thuill c\u00e1il ar dt\u00fas mar fheachtas\u00f3ir nuair a d&#8217;eagraigh s\u00e9 ceolchoirm ch\u00e1ili\u00fail Live Aid i Staid Wembley, Londain, i Samhradh na bliana 1985. Bronnfar Gradam Comaoine ar son Gn\u00f3 an Banbhar\u00fan Karren Brady, a bhfuil c\u00e1il fhorleathan [&hellip;]\" \/>\n<meta property=\"og:url\" content=\"https:\/\/dev.tg4.ie\/ga\/eolas\/preas\/nuacht-raitis\/2017-2\/irish-post-awards-live-london-tg4\/\" \/>\n<meta property=\"og:site_name\" content=\"TG4\" \/>\n<meta property=\"article:publisher\" content=\"https:\/\/www.facebook.com\/TG4TV\" \/>\n<meta property=\"article:modified_time\" content=\"2019-06-25T09:44:07+00:00\" \/>\n<meta property=\"og:image\" content=\"https:\/\/tg4-docs.s3.amazonaws.com\/tg4-redesign-2015\/wp-content\/uploads\/2017\/11\/Irish_Post_Pic1_200kb.jpg\" \/>\n\t<meta property=\"og:image:width\" content=\"1627\" \/>\n\t<meta property=\"og:image:height\" content=\"1086\" \/>\n\t<meta property=\"og:image:type\" content=\"image\/jpeg\" \/>\n<meta name=\"twitter:card\" content=\"summary_large_image\" \/>\n<meta name=\"twitter:site\" content=\"@TG4TV\" \/>\n<meta name=\"twitter:label1\" content=\"Est. reading time\" \/>\n\t<meta name=\"twitter:data1\" content=\"1 minute\" \/>\n<script type=\"application\/ld+json\" class=\"yoast-schema-graph\">{\"@context\":\"https:\/\/schema.org\",\"@graph\":[{\"@type\":\"WebPage\",\"@id\":\"https:\/\/dev.tg4.ie\/ga\/eolas\/preas\/nuacht-raitis\/2017-2\/irish-post-awards-live-london-tg4\/\",\"url\":\"https:\/\/dev.tg4.ie\/ga\/eolas\/preas\/nuacht-raitis\/2017-2\/irish-post-awards-live-london-tg4\/\",\"name\":\"Gradaim an Irish Post le beochraoladh as Londain ar TG4 - TG4\",\"isPartOf\":{\"@id\":\"https:\/\/dev.tg4.ie\/en\/#website\"},\"primaryImageOfPage\":{\"@id\":\"https:\/\/dev.tg4.ie\/ga\/eolas\/preas\/nuacht-raitis\/2017-2\/irish-post-awards-live-london-tg4\/#primaryimage\"},\"image\":{\"@id\":\"https:\/\/dev.tg4.ie\/ga\/eolas\/preas\/nuacht-raitis\/2017-2\/irish-post-awards-live-london-tg4\/#primaryimage\"},\"thumbnailUrl\":\"https:\/\/tg4-docs.s3.amazonaws.com\/tg4-redesign-2015\/wp-content\/uploads\/2017\/11\/Irish_Post_Pic1_200kb.jpg\",\"datePublished\":\"2017-11-16T16:50:54+00:00\",\"dateModified\":\"2019-06-25T09:44:07+00:00\",\"breadcrumb\":{\"@id\":\"https:\/\/dev.tg4.ie\/ga\/eolas\/preas\/nuacht-raitis\/2017-2\/irish-post-awards-live-london-tg4\/#breadcrumb\"},\"inLanguage\":\"ga\",\"potentialAction\":[{\"@type\":\"ReadAction\",\"target\":[\"https:\/\/dev.tg4.ie\/ga\/eolas\/preas\/nuacht-raitis\/2017-2\/irish-post-awards-live-london-tg4\/\"]}]},{\"@type\":\"ImageObject\",\"inLanguage\":\"ga\",\"@id\":\"https:\/\/dev.tg4.ie\/ga\/eolas\/preas\/nuacht-raitis\/2017-2\/irish-post-awards-live-london-tg4\/#primaryimage\",\"url\":\"https:\/\/tg4-docs.s3.amazonaws.com\/tg4-redesign-2015\/wp-content\/uploads\/2017\/11\/Irish_Post_Pic1_200kb.jpg\",\"contentUrl\":\"https:\/\/tg4-docs.s3.amazonaws.com\/tg4-redesign-2015\/wp-content\/uploads\/2017\/11\/Irish_Post_Pic1_200kb.jpg\",\"width\":1627,\"height\":1086,\"caption\":\"The Irish Post Awards\"},{\"@type\":\"BreadcrumbList\",\"@id\":\"https:\/\/dev.tg4.ie\/ga\/eolas\/preas\/nuacht-raitis\/2017-2\/irish-post-awards-live-london-tg4\/#breadcrumb\",\"itemListElement\":[{\"@type\":\"ListItem\",\"position\":1,\"name\":\"Home\",\"item\":\"https:\/\/dev.tg4.ie\/ga\/\"},{\"@type\":\"ListItem\",\"position\":2,\"name\":\"Eolas\",\"item\":\"https:\/\/dev.tg4.ie\/ga\/eolas\/\"},{\"@type\":\"ListItem\",\"position\":3,\"name\":\"Preas\",\"item\":\"https:\/\/dev.tg4.ie\/ga\/eolas\/preas\/\"},{\"@type\":\"ListItem\",\"position\":4,\"name\":\"Nuacht R\u00e1itis\",\"item\":\"https:\/\/dev.tg4.ie\/ga\/eolas\/preas\/nuacht-raitis\/\"},{\"@type\":\"ListItem\",\"position\":5,\"name\":\"2017\",\"item\":\"https:\/\/dev.tg4.ie\/ga\/eolas\/preas\/nuacht-raitis\/2017-2\/\"},{\"@type\":\"ListItem\",\"position\":6,\"name\":\"Gradaim an Irish Post le beochraoladh as Londain ar TG4\"}]},{\"@type\":\"WebSite\",\"@id\":\"https:\/\/dev.tg4.ie\/en\/#website\",\"url\":\"https:\/\/dev.tg4.ie\/en\/\",\"name\":\"TG4\",\"description\":\"S\u00fail Eile\",\"potentialAction\":[{\"@type\":\"SearchAction\",\"target\":{\"@type\":\"EntryPoint\",\"urlTemplate\":\"https:\/\/dev.tg4.ie\/en\/?s={search_term_string}\"},\"query-input\":\"required name=search_term_string\"}],\"inLanguage\":\"ga\"}]}<\/script>\n<!-- \/ Yoast SEO plugin. -->","yoast_head_json":{"title":"Gradaim an Irish Post le beochraoladh as Londain ar TG4 - TG4","robots":{"index":"index","follow":"follow","max-snippet":"max-snippet:-1","max-image-preview":"max-image-preview:large","max-video-preview":"max-video-preview:-1"},"og_locale":"en_US","og_type":"article","og_title":"Gradaim an Irish Post le beochraoladh as Londain ar TG4 - TG4","og_description":"Bronnfar seacht nGradam ar an o\u00edche, ina measc, Gradam Saoil ar Sir Bob Geldof, ceolt\u00f3ir agus feachtas\u00f3ir daonnacht\u00fail\u00a0a thuill c\u00e1il ar dt\u00fas mar fheachtas\u00f3ir nuair a d&#8217;eagraigh s\u00e9 ceolchoirm ch\u00e1ili\u00fail Live Aid i Staid Wembley, Londain, i Samhradh na bliana 1985. Bronnfar Gradam Comaoine ar son Gn\u00f3 an Banbhar\u00fan Karren Brady, a bhfuil c\u00e1il fhorleathan [&hellip;]","og_url":"https:\/\/dev.tg4.ie\/ga\/eolas\/preas\/nuacht-raitis\/2017-2\/irish-post-awards-live-london-tg4\/","og_site_name":"TG4","article_publisher":"https:\/\/www.facebook.com\/TG4TV","article_modified_time":"2019-06-25T09:44:07+00:00","og_image":[{"width":1627,"height":1086,"url":"https:\/\/tg4-docs.s3.amazonaws.com\/tg4-redesign-2015\/wp-content\/uploads\/2017\/11\/Irish_Post_Pic1_200kb.jpg","type":"image\/jpeg"}],"twitter_card":"summary_large_image","twitter_site":"@TG4TV","twitter_misc":{"Est. reading time":"1 minute"},"schema":{"@context":"https:\/\/schema.org","@graph":[{"@type":"WebPage","@id":"https:\/\/dev.tg4.ie\/ga\/eolas\/preas\/nuacht-raitis\/2017-2\/irish-post-awards-live-london-tg4\/","url":"https:\/\/dev.tg4.ie\/ga\/eolas\/preas\/nuacht-raitis\/2017-2\/irish-post-awards-live-london-tg4\/","name":"Gradaim an Irish Post le beochraoladh as Londain ar TG4 - TG4","isPartOf":{"@id":"https:\/\/dev.tg4.ie\/en\/#website"},"primaryImageOfPage":{"@id":"https:\/\/dev.tg4.ie\/ga\/eolas\/preas\/nuacht-raitis\/2017-2\/irish-post-awards-live-london-tg4\/#primaryimage"},"image":{"@id":"https:\/\/dev.tg4.ie\/ga\/eolas\/preas\/nuacht-raitis\/2017-2\/irish-post-awards-live-london-tg4\/#primaryimage"},"thumbnailUrl":"https:\/\/tg4-docs.s3.amazonaws.com\/tg4-redesign-2015\/wp-content\/uploads\/2017\/11\/Irish_Post_Pic1_200kb.jpg","datePublished":"2017-11-16T16:50:54+00:00","dateModified":"2019-06-25T09:44:07+00:00","breadcrumb":{"@id":"https:\/\/dev.tg4.ie\/ga\/eolas\/preas\/nuacht-raitis\/2017-2\/irish-post-awards-live-london-tg4\/#breadcrumb"},"inLanguage":"ga","potentialAction":[{"@type":"ReadAction","target":["https:\/\/dev.tg4.ie\/ga\/eolas\/preas\/nuacht-raitis\/2017-2\/irish-post-awards-live-london-tg4\/"]}]},{"@type":"ImageObject","inLanguage":"ga","@id":"https:\/\/dev.tg4.ie\/ga\/eolas\/preas\/nuacht-raitis\/2017-2\/irish-post-awards-live-london-tg4\/#primaryimage","url":"https:\/\/tg4-docs.s3.amazonaws.com\/tg4-redesign-2015\/wp-content\/uploads\/2017\/11\/Irish_Post_Pic1_200kb.jpg","contentUrl":"https:\/\/tg4-docs.s3.amazonaws.com\/tg4-redesign-2015\/wp-content\/uploads\/2017\/11\/Irish_Post_Pic1_200kb.jpg","width":1627,"height":1086,"caption":"The Irish Post Awards"},{"@type":"BreadcrumbList","@id":"https:\/\/dev.tg4.ie\/ga\/eolas\/preas\/nuacht-raitis\/2017-2\/irish-post-awards-live-london-tg4\/#breadcrumb","itemListElement":[{"@type":"ListItem","position":1,"name":"Home","item":"https:\/\/dev.tg4.ie\/ga\/"},{"@type":"ListItem","position":2,"name":"Eolas","item":"https:\/\/dev.tg4.ie\/ga\/eolas\/"},{"@type":"ListItem","position":3,"name":"Preas","item":"https:\/\/dev.tg4.ie\/ga\/eolas\/preas\/"},{"@type":"ListItem","position":4,"name":"Nuacht R\u00e1itis","item":"https:\/\/dev.tg4.ie\/ga\/eolas\/preas\/nuacht-raitis\/"},{"@type":"ListItem","position":5,"name":"2017","item":"https:\/\/dev.tg4.ie\/ga\/eolas\/preas\/nuacht-raitis\/2017-2\/"},{"@type":"ListItem","position":6,"name":"Gradaim an Irish Post le beochraoladh as Londain ar TG4"}]},{"@type":"WebSite","@id":"https:\/\/dev.tg4.ie\/en\/#website","url":"https:\/\/dev.tg4.ie\/en\/","name":"TG4","description":"S\u00fail Eile","potentialAction":[{"@type":"SearchAction","target":{"@type":"EntryPoint","urlTemplate":"https:\/\/dev.tg4.ie\/en\/?s={search_term_string}"},"query-input":"required name=search_term_string"}],"inLanguage":"ga"}]}},"_links":{"self":[{"href":"https:\/\/dev.tg4.ie\/ga\/wp-json\/wp\/v2\/pages\/70181"}],"collection":[{"href":"https:\/\/dev.tg4.ie\/ga\/wp-json\/wp\/v2\/pages"}],"about":[{"href":"https:\/\/dev.tg4.ie\/ga\/wp-json\/wp\/v2\/types\/page"}],"author":[{"embeddable":true,"href":"https:\/\/dev.tg4.ie\/ga\/wp-json\/wp\/v2\/users\/999"}],"replies":[{"embeddable":true,"href":"https:\/\/dev.tg4.ie\/ga\/wp-json\/wp\/v2\/comments?post=70181"}],"version-history":[{"count":0,"href":"https:\/\/dev.tg4.ie\/ga\/wp-json\/wp\/v2\/pages\/70181\/revisions"}],"up":[{"embeddable":true,"href":"https:\/\/dev.tg4.ie\/ga\/wp-json\/wp\/v2\/pages\/40345"}],"wp:featuredmedia":[{"embeddable":true,"href":"https:\/\/dev.tg4.ie\/ga\/wp-json\/wp\/v2\/media\/70178"}],"wp:attachment":[{"href":"https:\/\/dev.tg4.ie\/ga\/wp-json\/wp\/v2\/media?parent=70181"}],"curies":[{"name":"wp","href":"https:\/\/api.w.org\/{rel}","templated":true}]}}