{"id":70389,"date":"2017-11-20T09:01:12","date_gmt":"2017-11-20T09:01:12","guid":{"rendered":"https:\/\/dev.tg4.ie\/?page_id=70389\/"},"modified":"2019-06-25T10:47:22","modified_gmt":"2019-06-25T09:47:22","slug":"20-11-17","status":"publish","type":"page","link":"https:\/\/dev.tg4.ie\/ga\/eolas\/preas\/nuacht-raitis\/2017-2\/20-11-17\/","title":{"rendered":"20.11.17 &#8211; Gradam Ceoil TG4 2018 le bronnadh ar Frankie Gavin"},"content":{"rendered":"<p>Is ar <strong>Frankie Gavin, <\/strong>an ceolt\u00f3ir aitheanta as Cor an Dola na Gaillimhe a bhronnfar Gradam Ceoil TG4 2018 san Earrach.\u00a0 F\u00f3gra\u00edodh na Gradam\u00f3ir\u00ed is deireana\u00ed ag \u00f3c\u00e1id i Halla na Cathrach i mB\u00e9al Feirste tr\u00e1thn\u00f3na. Deimhn\u00edodh freisin gur sa gcathair sin, in ionad c\u00e1ili\u00fail an <em>Waterfront, <\/em>a bh\u00e9as Duaisbhronnadh agus Ceolchoirm bheochraolta an Ghradaim go ceann cheithre bliana feasta.<\/p>\n<p>T\u00e1 c\u00e1il i bhfad is i ngearr ar <strong>Frankie Gavin<\/strong> le breis is dh\u00e1 sc\u00f3r bliain mar cheolt\u00f3ir cumasach le <em>De Danann, <\/em>mar fhidl\u00e9ir meidhreach ceolmhar, mar mh\u00e1istir ar an bhfead\u00f3g mh\u00f3r agus mar shaineola\u00ed ar luath-thaifeadta\u00ed an cheoil Ghaelaigh i Meirice\u00e1 Thuaidh ag t\u00fas na haoise seo caite.\u00a0 Ar na Gradam\u00f3ir\u00ed eile, t\u00e1 amhr\u00e1na\u00ed binn as M\u00fascra\u00ed, ceolt\u00f3ir \u00f3g as Albain de bhunadh na gConallach, saineola\u00ed ar thraidisi\u00fan amhr\u00e1n Oirialla, fear as Ros Com\u00e1in a bhfuil a shaol caite aige ag cur ceol an cheantair sin chun tosaigh agus Gradam Speisialta do bhanna p\u00edb a bhfuil duaiseanna n\u00e1isi\u00fanta agus domhanda go leor buaite aige le sc\u00f3r go leith bliain anuas.<\/p>\n<p>Seo liosta ioml\u00e1n Ghradam\u00f3ir\u00ed 2018:<\/p>\n<ul>\n<li><strong>Gradam Ceoil &#8211; <em>Frankie Gavin<\/em><\/strong><\/li>\n<li><strong>Ceolt\u00f3ir \u00d3g &#8211; <em>Clare Friel<\/em> <\/strong><\/li>\n<li><strong>Gradam Saoil &#8211; <em>Patsy Hanly<\/em><\/strong><\/li>\n<li><strong>Amhr\u00e1na\u00ed na Bliana &#8211; <em>M\u00e1ire N\u00ed Ch\u00e9ileachair\u00a0\u00a0\u00a0 <\/em><\/strong><\/li>\n<li><strong>Gradam Comaoine &#8211; <em>P\u00e1draig\u00edn N\u00ed Uallach\u00e1in<\/em><\/strong><\/li>\n<li><strong>Gradam Comharcheoil &#8211; <em>CONCERT cruthaigh ag Colin Dunne le Sin\u00e9ad Rushe agus Mel Mercier<\/em><\/strong><\/li>\n<li><strong>Gradam Speisialta &#8211; <em>The Field Marshal Montgomery Pipe Band<\/em><\/strong><\/li>\n<\/ul>\n<p>(T\u00e1 n\u00f3ta beathaisn\u00e9ise\/c\u00falra gach Gradam\u00f3ra ar f\u00e1il ag <a href=\"https:\/\/dev.tg4.ie\/gradam\">www.tg4.ie\/gradam<\/a>)<\/p>\n<p>Is coiste neamhsple\u00e1ch a roghna\u00edonn na Gradam\u00f3ir\u00ed.\u00a0 Faigheann siad duais bheag airgid agus p\u00edosa speisialta dealbh\u00f3ireachta le John Coll.\u00a0\u00a0 Bronnfar na Gradaim ag Coirmcheoil agus Duaisbhronnadh beochraolta <strong>\u00f3n Waterfront i mB\u00e9al Feirste ar an Domhnach 4 Feabhra 2018,<\/strong> \u00e1 chur i l\u00e1thair <strong>P\u00e1id\u00ed \u00d3 Lion\u00e1ird <\/strong>agus<strong> Gr\u00e1inne McElwain<\/strong>.\u00a0\u00a0\u00a0 Beidh scoth na gceolt\u00f3ir\u00ed ar an st\u00e1itse an o\u00edche le hais na nGradam\u00f3ir\u00ed agus beidh a sonra\u00ed si\u00fad \u00e1 bhf\u00f3gairt go luath<em>.<\/em><\/p>\n<p>Deir Leascheannasa\u00ed TG4, P\u00e1dhraic \u00d3 Ciardha gur \u201c<em>\u00e1bhar ceili\u00fartha agus gairdis ar leith \u00e9 Gradam Ceoil TG4 agus muid ag clabhs\u00far \u00e1r gcom\u00f3radh Fiche Bliain.\u00a0\u00a0 Tugann an \u00f3c\u00e1id deis d\u00fainn, i l\u00e1thair a gcairde f\u00e9in agus tr\u00ed mhe\u00e1n na teilif\u00edse agus an Idirl\u00edn, \u00e1r meas a l\u00e9iri\u00fa ar eala\u00edont\u00f3ir\u00ed cumasacha a shaibhr\u00edonn \u00e1r saol agus a mhais\u00edonn \u00e1r n-oidhreacht luachmhar cheoil<\/em>.\u201d<\/p>\n<p>Thr\u00e9aslaigh Ardmh\u00e9ara Bh\u00e9al Feirste, <strong>an Comhairleoir<\/strong> <strong>Nuala McAllister<\/strong>, na Gradaim leo sin ar a mbronnfar iad san Earrach agus d\u2019fh\u00e1iltigh roimh chinneadh TG4 an \u00f3c\u00e1id seo a thabhairt go B\u00e9al Feirste den ch\u00e9ad uair agus ar feadh cheithre bliana.\u00a0 Chuirfeadh seo go m\u00f3r leis an iarracht \u00ed a bheith mar Chathair Cult\u00fartha na hEorpa 2023, a d\u00fairt s\u00ed.<\/p>\n<p>T\u00e1 tic\u00e9id do Dhuaisbhronnadh\/Ceolchoirm Ghradam Ceoil TG4 2018 ar f\u00e1il,<strong> praghas \u00a325 <\/strong><a href=\"http:\/\/www.waterfront.co.uk\">www.waterfront.co.uk<\/a>\u00a0 n\u00f3\u00a0\u00a0 +44(0)2890 334455.<br \/>\nBreis eolais\u00a0 ag\u00a0 <a href=\"http:\/\/www.gradam.ie\">www.gradam.ie<\/a> \u00a0\u00a0Facebook\u00a0 n\u00f3 Twitter @gradamceoil\u00a0\u00a0\u00a0\u00a0\u00a0 \u00a0#GCTG4<\/p>\n","protected":false},"excerpt":{"rendered":"<p>Is ar Frankie Gavin, an ceolt\u00f3ir aitheanta as Cor an Dola na Gaillimhe a bhronnfar Gradam Ceoil TG4 2018 san Earrach.\u00a0 F\u00f3gra\u00edodh na Gradam\u00f3ir\u00ed is deireana\u00ed ag \u00f3c\u00e1id i Halla na Cathrach i mB\u00e9al Feirste tr\u00e1thn\u00f3na. Deimhn\u00edodh freisin gur sa gcathair sin, in ionad c\u00e1ili\u00fail an Waterfront, a bh\u00e9as Duaisbhronnadh agus Ceolchoirm bheochraolta an Ghradaim [&hellip;]<\/p>\n","protected":false},"author":999,"featured_media":37609,"parent":40345,"menu_order":20,"comment_status":"closed","ping_status":"closed","template":"page-templates\/template-pr.php","meta":{"_acf_changed":false,"footnotes":""},"acf":[],"yoast_head":"<!-- This site is optimized with the Yoast SEO plugin v22.6 - https:\/\/yoast.com\/wordpress\/plugins\/seo\/ -->\n<title>20.11.17 - Gradam Ceoil TG4 2018 le bronnadh ar Frankie Gavin - TG4<\/title>\n<meta name=\"robots\" content=\"index, follow, max-snippet:-1, max-image-preview:large, max-video-preview:-1\" \/>\n<meta property=\"og:locale\" content=\"en_US\" \/>\n<meta property=\"og:type\" content=\"article\" \/>\n<meta property=\"og:title\" content=\"20.11.17 - Gradam Ceoil TG4 2018 le bronnadh ar Frankie Gavin - TG4\" \/>\n<meta property=\"og:description\" content=\"Is ar Frankie Gavin, an ceolt\u00f3ir aitheanta as Cor an Dola na Gaillimhe a bhronnfar Gradam Ceoil TG4 2018 san Earrach.\u00a0 F\u00f3gra\u00edodh na Gradam\u00f3ir\u00ed is deireana\u00ed ag \u00f3c\u00e1id i Halla na Cathrach i mB\u00e9al Feirste tr\u00e1thn\u00f3na. Deimhn\u00edodh freisin gur sa gcathair sin, in ionad c\u00e1ili\u00fail an Waterfront, a bh\u00e9as Duaisbhronnadh agus Ceolchoirm bheochraolta an Ghradaim [&hellip;]\" \/>\n<meta property=\"og:url\" content=\"https:\/\/dev.tg4.ie\/ga\/eolas\/preas\/nuacht-raitis\/2017-2\/20-11-17\/\" \/>\n<meta property=\"og:site_name\" content=\"TG4\" \/>\n<meta property=\"article:publisher\" content=\"https:\/\/www.facebook.com\/TG4TV\" \/>\n<meta property=\"article:modified_time\" content=\"2019-06-25T09:47:22+00:00\" \/>\n<meta property=\"og:image\" content=\"https:\/\/tg4-docs.s3.amazonaws.com\/tg4-redesign-2015\/wp-content\/uploads\/2016\/01\/Gradam-Ceoil-TG4-2017.jpg\" \/>\n\t<meta property=\"og:image:width\" content=\"1920\" \/>\n\t<meta property=\"og:image:height\" content=\"1080\" \/>\n\t<meta property=\"og:image:type\" content=\"image\/jpeg\" \/>\n<meta name=\"twitter:card\" content=\"summary_large_image\" \/>\n<meta name=\"twitter:site\" content=\"@TG4TV\" \/>\n<meta name=\"twitter:label1\" content=\"Est. reading time\" \/>\n\t<meta name=\"twitter:data1\" content=\"3 minutes\" \/>\n<script type=\"application\/ld+json\" class=\"yoast-schema-graph\">{\"@context\":\"https:\/\/schema.org\",\"@graph\":[{\"@type\":\"WebPage\",\"@id\":\"https:\/\/dev.tg4.ie\/ga\/eolas\/preas\/nuacht-raitis\/2017-2\/20-11-17\/\",\"url\":\"https:\/\/dev.tg4.ie\/ga\/eolas\/preas\/nuacht-raitis\/2017-2\/20-11-17\/\",\"name\":\"20.11.17 - Gradam Ceoil TG4 2018 le bronnadh ar Frankie Gavin - TG4\",\"isPartOf\":{\"@id\":\"https:\/\/dev.tg4.ie\/en\/#website\"},\"primaryImageOfPage\":{\"@id\":\"https:\/\/dev.tg4.ie\/ga\/eolas\/preas\/nuacht-raitis\/2017-2\/20-11-17\/#primaryimage\"},\"image\":{\"@id\":\"https:\/\/dev.tg4.ie\/ga\/eolas\/preas\/nuacht-raitis\/2017-2\/20-11-17\/#primaryimage\"},\"thumbnailUrl\":\"https:\/\/tg4-docs.s3.amazonaws.com\/tg4-redesign-2015\/wp-content\/uploads\/2016\/01\/Gradam-Ceoil-TG4-2017.jpg\",\"datePublished\":\"2017-11-20T09:01:12+00:00\",\"dateModified\":\"2019-06-25T09:47:22+00:00\",\"breadcrumb\":{\"@id\":\"https:\/\/dev.tg4.ie\/ga\/eolas\/preas\/nuacht-raitis\/2017-2\/20-11-17\/#breadcrumb\"},\"inLanguage\":\"ga\",\"potentialAction\":[{\"@type\":\"ReadAction\",\"target\":[\"https:\/\/dev.tg4.ie\/ga\/eolas\/preas\/nuacht-raitis\/2017-2\/20-11-17\/\"]}]},{\"@type\":\"ImageObject\",\"inLanguage\":\"ga\",\"@id\":\"https:\/\/dev.tg4.ie\/ga\/eolas\/preas\/nuacht-raitis\/2017-2\/20-11-17\/#primaryimage\",\"url\":\"https:\/\/tg4-docs.s3.amazonaws.com\/tg4-redesign-2015\/wp-content\/uploads\/2016\/01\/Gradam-Ceoil-TG4-2017.jpg\",\"contentUrl\":\"https:\/\/tg4-docs.s3.amazonaws.com\/tg4-redesign-2015\/wp-content\/uploads\/2016\/01\/Gradam-Ceoil-TG4-2017.jpg\",\"width\":1920,\"height\":1080,\"caption\":\"Gradam Ceoil TG4 2017\"},{\"@type\":\"BreadcrumbList\",\"@id\":\"https:\/\/dev.tg4.ie\/ga\/eolas\/preas\/nuacht-raitis\/2017-2\/20-11-17\/#breadcrumb\",\"itemListElement\":[{\"@type\":\"ListItem\",\"position\":1,\"name\":\"Home\",\"item\":\"https:\/\/dev.tg4.ie\/ga\/\"},{\"@type\":\"ListItem\",\"position\":2,\"name\":\"Eolas\",\"item\":\"https:\/\/dev.tg4.ie\/ga\/eolas\/\"},{\"@type\":\"ListItem\",\"position\":3,\"name\":\"Preas\",\"item\":\"https:\/\/dev.tg4.ie\/ga\/eolas\/preas\/\"},{\"@type\":\"ListItem\",\"position\":4,\"name\":\"Nuacht R\u00e1itis\",\"item\":\"https:\/\/dev.tg4.ie\/ga\/eolas\/preas\/nuacht-raitis\/\"},{\"@type\":\"ListItem\",\"position\":5,\"name\":\"2017\",\"item\":\"https:\/\/dev.tg4.ie\/ga\/eolas\/preas\/nuacht-raitis\/2017-2\/\"},{\"@type\":\"ListItem\",\"position\":6,\"name\":\"20.11.17 &#8211; Gradam Ceoil TG4 2018 le bronnadh ar Frankie Gavin\"}]},{\"@type\":\"WebSite\",\"@id\":\"https:\/\/dev.tg4.ie\/en\/#website\",\"url\":\"https:\/\/dev.tg4.ie\/en\/\",\"name\":\"TG4\",\"description\":\"S\u00fail Eile\",\"potentialAction\":[{\"@type\":\"SearchAction\",\"target\":{\"@type\":\"EntryPoint\",\"urlTemplate\":\"https:\/\/dev.tg4.ie\/en\/?s={search_term_string}\"},\"query-input\":\"required name=search_term_string\"}],\"inLanguage\":\"ga\"}]}<\/script>\n<!-- \/ Yoast SEO plugin. -->","yoast_head_json":{"title":"20.11.17 - Gradam Ceoil TG4 2018 le bronnadh ar Frankie Gavin - TG4","robots":{"index":"index","follow":"follow","max-snippet":"max-snippet:-1","max-image-preview":"max-image-preview:large","max-video-preview":"max-video-preview:-1"},"og_locale":"en_US","og_type":"article","og_title":"20.11.17 - Gradam Ceoil TG4 2018 le bronnadh ar Frankie Gavin - TG4","og_description":"Is ar Frankie Gavin, an ceolt\u00f3ir aitheanta as Cor an Dola na Gaillimhe a bhronnfar Gradam Ceoil TG4 2018 san Earrach.\u00a0 F\u00f3gra\u00edodh na Gradam\u00f3ir\u00ed is deireana\u00ed ag \u00f3c\u00e1id i Halla na Cathrach i mB\u00e9al Feirste tr\u00e1thn\u00f3na. Deimhn\u00edodh freisin gur sa gcathair sin, in ionad c\u00e1ili\u00fail an Waterfront, a bh\u00e9as Duaisbhronnadh agus Ceolchoirm bheochraolta an Ghradaim [&hellip;]","og_url":"https:\/\/dev.tg4.ie\/ga\/eolas\/preas\/nuacht-raitis\/2017-2\/20-11-17\/","og_site_name":"TG4","article_publisher":"https:\/\/www.facebook.com\/TG4TV","article_modified_time":"2019-06-25T09:47:22+00:00","og_image":[{"width":1920,"height":1080,"url":"https:\/\/tg4-docs.s3.amazonaws.com\/tg4-redesign-2015\/wp-content\/uploads\/2016\/01\/Gradam-Ceoil-TG4-2017.jpg","type":"image\/jpeg"}],"twitter_card":"summary_large_image","twitter_site":"@TG4TV","twitter_misc":{"Est. reading time":"3 minutes"},"schema":{"@context":"https:\/\/schema.org","@graph":[{"@type":"WebPage","@id":"https:\/\/dev.tg4.ie\/ga\/eolas\/preas\/nuacht-raitis\/2017-2\/20-11-17\/","url":"https:\/\/dev.tg4.ie\/ga\/eolas\/preas\/nuacht-raitis\/2017-2\/20-11-17\/","name":"20.11.17 - Gradam Ceoil TG4 2018 le bronnadh ar Frankie Gavin - TG4","isPartOf":{"@id":"https:\/\/dev.tg4.ie\/en\/#website"},"primaryImageOfPage":{"@id":"https:\/\/dev.tg4.ie\/ga\/eolas\/preas\/nuacht-raitis\/2017-2\/20-11-17\/#primaryimage"},"image":{"@id":"https:\/\/dev.tg4.ie\/ga\/eolas\/preas\/nuacht-raitis\/2017-2\/20-11-17\/#primaryimage"},"thumbnailUrl":"https:\/\/tg4-docs.s3.amazonaws.com\/tg4-redesign-2015\/wp-content\/uploads\/2016\/01\/Gradam-Ceoil-TG4-2017.jpg","datePublished":"2017-11-20T09:01:12+00:00","dateModified":"2019-06-25T09:47:22+00:00","breadcrumb":{"@id":"https:\/\/dev.tg4.ie\/ga\/eolas\/preas\/nuacht-raitis\/2017-2\/20-11-17\/#breadcrumb"},"inLanguage":"ga","potentialAction":[{"@type":"ReadAction","target":["https:\/\/dev.tg4.ie\/ga\/eolas\/preas\/nuacht-raitis\/2017-2\/20-11-17\/"]}]},{"@type":"ImageObject","inLanguage":"ga","@id":"https:\/\/dev.tg4.ie\/ga\/eolas\/preas\/nuacht-raitis\/2017-2\/20-11-17\/#primaryimage","url":"https:\/\/tg4-docs.s3.amazonaws.com\/tg4-redesign-2015\/wp-content\/uploads\/2016\/01\/Gradam-Ceoil-TG4-2017.jpg","contentUrl":"https:\/\/tg4-docs.s3.amazonaws.com\/tg4-redesign-2015\/wp-content\/uploads\/2016\/01\/Gradam-Ceoil-TG4-2017.jpg","width":1920,"height":1080,"caption":"Gradam Ceoil TG4 2017"},{"@type":"BreadcrumbList","@id":"https:\/\/dev.tg4.ie\/ga\/eolas\/preas\/nuacht-raitis\/2017-2\/20-11-17\/#breadcrumb","itemListElement":[{"@type":"ListItem","position":1,"name":"Home","item":"https:\/\/dev.tg4.ie\/ga\/"},{"@type":"ListItem","position":2,"name":"Eolas","item":"https:\/\/dev.tg4.ie\/ga\/eolas\/"},{"@type":"ListItem","position":3,"name":"Preas","item":"https:\/\/dev.tg4.ie\/ga\/eolas\/preas\/"},{"@type":"ListItem","position":4,"name":"Nuacht R\u00e1itis","item":"https:\/\/dev.tg4.ie\/ga\/eolas\/preas\/nuacht-raitis\/"},{"@type":"ListItem","position":5,"name":"2017","item":"https:\/\/dev.tg4.ie\/ga\/eolas\/preas\/nuacht-raitis\/2017-2\/"},{"@type":"ListItem","position":6,"name":"20.11.17 &#8211; Gradam Ceoil TG4 2018 le bronnadh ar Frankie Gavin"}]},{"@type":"WebSite","@id":"https:\/\/dev.tg4.ie\/en\/#website","url":"https:\/\/dev.tg4.ie\/en\/","name":"TG4","description":"S\u00fail Eile","potentialAction":[{"@type":"SearchAction","target":{"@type":"EntryPoint","urlTemplate":"https:\/\/dev.tg4.ie\/en\/?s={search_term_string}"},"query-input":"required name=search_term_string"}],"inLanguage":"ga"}]}},"_links":{"self":[{"href":"https:\/\/dev.tg4.ie\/ga\/wp-json\/wp\/v2\/pages\/70389"}],"collection":[{"href":"https:\/\/dev.tg4.ie\/ga\/wp-json\/wp\/v2\/pages"}],"about":[{"href":"https:\/\/dev.tg4.ie\/ga\/wp-json\/wp\/v2\/types\/page"}],"author":[{"embeddable":true,"href":"https:\/\/dev.tg4.ie\/ga\/wp-json\/wp\/v2\/users\/999"}],"replies":[{"embeddable":true,"href":"https:\/\/dev.tg4.ie\/ga\/wp-json\/wp\/v2\/comments?post=70389"}],"version-history":[{"count":0,"href":"https:\/\/dev.tg4.ie\/ga\/wp-json\/wp\/v2\/pages\/70389\/revisions"}],"up":[{"embeddable":true,"href":"https:\/\/dev.tg4.ie\/ga\/wp-json\/wp\/v2\/pages\/40345"}],"wp:featuredmedia":[{"embeddable":true,"href":"https:\/\/dev.tg4.ie\/ga\/wp-json\/wp\/v2\/media\/37609"}],"wp:attachment":[{"href":"https:\/\/dev.tg4.ie\/ga\/wp-json\/wp\/v2\/media?parent=70389"}],"curies":[{"name":"wp","href":"https:\/\/api.w.org\/{rel}","templated":true}]}}