{"id":705,"date":"2015-07-20T15:39:03","date_gmt":"2015-07-20T14:39:03","guid":{"rendered":"https:\/\/dev.tg4.ie\/ga\/sales\/"},"modified":"2024-05-03T14:26:25","modified_gmt":"2024-05-03T13:26:25","slug":"diolachain","status":"publish","type":"page","link":"https:\/\/dev.tg4.ie\/ga\/corporate\/diolachain\/","title":{"rendered":"D\u00edolach\u00e1in"},"content":{"rendered":"<h2>F\u00f3gra\u00edocht<\/h2>\n<p><strong>F\u00f3gra\u00edocht<\/strong><br \/>\nCraolann TG4 20 uair a chloig in aghaidh an lae, ar f\u00e1il ar Saorview, ar Ch\u00e1bla agus ar \u00e1rd\u00e1n Sky. Tapaidh an deis f\u00f3gra\u00edocht a dh\u00e9anamh le linn sceideal TG4. Is f\u00e9idir le f\u00f3gra\u00ed a bheith 10, 20 n\u00f3 30 soicind ar fhaid.<\/p>\n<p><strong>Urra\u00edocht<\/strong><br \/>\nIs f\u00e9idir deiseanna Urra\u00edochta ar r\u00e9imse cl\u00e1r i Sceideal TG4 a phl\u00e9 le bainisteoir Urra\u00edochta TG4 i PostTV. F\u00e9ach ar na deiseanna Urra\u00edochta is d\u00e9ana\u00ed faoin rann\u00f3g &#8216;Nua&#8217; ar an su\u00edomh seo.<\/p>\n<p><!--strong>Web<\/strong>\nT\u00e1 deiseanna f\u00f3gra\u00edocht a dh\u00e9anamh ar shu\u00edomh www.tg4.ie ag a bhfuil tr\u00e1cht domhanda. T\u00e1 r\u00e9imse leagain do fh\u00f3gra\u00edocht idirl\u00ednne ar f\u00e1il - d\u00e9an teagmh\u00e1il linn len iad a phl\u00e9. --><\/p>\n<p><strong>Seinnteoir TG4<\/strong><br \/>\nT\u00e1 seinnteoir TG4 ar f\u00e1il ar fud an domhain ag: www.tg4.tv. T\u00e1 App don iPad ar f\u00e1il chomh maith, le \u00edosl\u00f3d\u00e1il saor in aisce. Aims\u00edonn TG4 lucht f\u00e9achana \u00f3 chian agus \u00f3 ch\u00f3ngar don \u00e1bhar cl\u00e1r Gaeilge at\u00e1 ar f\u00e1ill ar TG4.tv. Is f\u00e9idir f\u00f3gra\u00ed a rith le linn cl\u00e1racha TG4 ar an seinnteoir, mar r\u00e9amh-fh\u00f3gra\u00ed<!--, l\u00e1r f\u00f3gra\u00ed n\u00f3 f\u00f3gra\u00ed cr\u00edche-->. D\u00e9an teagmh\u00e1il linn len iad a fhiosr\u00fa.<\/p>\n<h2>Lucht F\u00e9achana<\/h2>\n<p>Le breis is leath mhili\u00fan ag f\u00e9achaint ar an gcain\u00e9al gach l\u00e1 agus le scair de 2%, t\u00e1 TG4 mar rogha f\u00e9achana ag m\u00f3r\u00e1n den phobal. Taispe\u00e1ineann an t-eolas th\u00edos cuid de na cl\u00e1racha is m\u00f3 f\u00e9achana ar TG4 maraon le bunt\u00e1ist\u00ed TG4 mar rogha f\u00f3gra\u00edochta.<\/p>\n<ul>\n<li>Cl\u00e1racha is m\u00f3 f\u00e9achana de r\u00e9ir cine\u00e1l<\/li>\n<li>N\u00edos l\u00fa tranglam<\/li>\n<li>Nodanna treorach ag braith ar lucht f\u00e9achana<\/li>\n<\/ul>\n<h2>Treoirl\u00ednte Craolta<\/h2>\n<p>Lean na treoirl\u00ednte at\u00e1 faoi iamh le deimhni\u00fa go mbeidh do fh\u00f3gra\u00ed ar an aer in am agus ar an gcaighde\u00e1n is airde.<\/p>\n<ul>\n<li>Treoirl\u00ednte don chliant maidir le stoing\u00ed i mbearta contra agus in urra\u00edocht ar chl\u00e1ir TG4<\/li>\n<\/ul>\n<h2>Do fh\u00f3gra as Gaeilge<\/h2>\n<p>Ar mhaith leat do fh\u00f3gra a bheith ag rith as Gaeilge?<\/p>\n<p>M\u00e1s mian leat leagan Gaeilge dod&#8217; fh\u00f3gra a chruth\u00fa, cuideoidh muid leat.<\/p>\n<p>Beidh an t-eolas seo a leanas ag teast\u00e1il uainn:<\/p>\n<ul>\n<li>C\u00f3ip den fh\u00f3gra le fuaimrian glan M&amp;E tracks agus le graific\u00ed glan<\/li>\n<li>R\u00edomhphost le liosta do na graific\u00ed \/ t\u00e9acs at\u00e1 le feice\u00e1il ar sc\u00e1ile\u00e1n<\/li>\n<li>R\u00edomhphost le script at\u00e1 uait<\/li>\n<li>R\u00edomhphost le do rogha &#8211; gl\u00f3r fear n\u00f3 gl\u00f3r ban.<\/li>\n<\/ul>\n<h2>F\u00f3gra le cruth\u00fa agat?<\/h2>\n<p>M\u00e1s mian leat f\u00f3gra a chruth\u00fa as an nua, cuideoidh muid leat:<\/p>\n<p>Coinnigh cuimhne &#8211; b\u00edonn blas ar an mbeag\u00e1n &#8211; is fearr a oibr\u00edonn teachtaireacht gonta shoil\u00e9ir amh\u00e1in n\u00e1 f\u00f3gra at\u00e1 r\u00f3 fhoclach n\u00f3 r\u00f3 fhada. Coinnigh simpl\u00ed \u00e9.<\/p>\n<p>Is f\u00e9idir roghn\u00fa idir bun fh\u00f3gra n\u00f3 f\u00f3gra n\u00edos snasta.<\/p>\n<p><strong>Bun Fh\u00f3gra<\/strong><\/p>\n<p>10 \u2013 15 soicind ar fhaid; Graific &amp; t\u00e9acs ar sc\u00e1ile\u00e1n agus taifead ar ghl\u00f3r.<\/p>\n<p>Seol chugainn:<\/p>\n<ul>\n<li>\u00cdomh\u00e1 \/ Graific- \u00c1rd Ghl\u00e9ine. 1920 x 1080 pixels<\/li>\n<li>Logo &#8211; le cain\u00e9al Alpha<\/li>\n<li>Glacfar leis na formaid\u00ed seo a leanas don ghraific: TIFF \/ EPS \/ PNG<\/li>\n<li>Aon t\u00e9acs a mhaith leat a bheadh scr\u00edofa ar sc\u00e1ile\u00e1n<\/li>\n<li>An script a mhaith leat a bheadh le clos<\/li>\n<li>Ceol at\u00e1 ag teast\u00e1il (ceol leabharlainne is fearr)<\/li>\n<li>Treoir don t\u00e9 a bheidh i mbun guth\u00fa \u2013 c\u00e9n t\u00f3n \/ moth\u00fa at\u00e1 uait sa ngl\u00f3r. An mb&#8217;fhearr leat gl\u00f3r fear n\u00f3 bean?<\/li>\n<\/ul>\n<p><strong>Pac\u00e1iste Snasta<\/strong><\/p>\n<p>15 \u2013 20 soicind ar fhaid; \u00e1bhar beochan n\u00f3 f\u00edse\u00e1n le t\u00e9acs ar sc\u00e1ile\u00e1n agus taifead ar ghl\u00f3r<\/p>\n<p>Seol chugainn:<\/p>\n<ul>\n<li>\u00c1bhar Beochan n\u00f3 F\u00edse\u00e1in (HD m\u00e1s f\u00e9idir)<\/li>\n<li>Aon t\u00e9\u00e1cs at\u00e1 uait scr\u00edofa ar sc\u00e1ile\u00e1n<\/li>\n<li>An script a mhaith leat a bheadh le clos<\/li>\n<li>Ceol at\u00e1 ag teast\u00e1il (ceol leabharlainne is fearr)<\/li>\n<li>Treoir don t\u00e9 a bheidh i mbun guth\u00fa \u2013 c\u00e9n t\u00f3n \/ moth\u00fa at\u00e1 uait sa ngl\u00f3r. An mb&#8217;fhearr leat gl\u00f3r fear n\u00f3 bean?<\/li>\n<\/ul>\n<p><!--strong>F\u00f3gra\u00edocht ar an Idirl\u00ednn<\/strong>\n\nIs f\u00e9idir linn f\u00f3gra\u00ed Idirl\u00ednne a chruth\u00fa freisin, mar chomhaid jpeg bunaithe ar an logo agus na h-\u00edomh\u00e1nna a sheolann t\u00fa chugainn. --><\/p>\n","protected":false},"excerpt":{"rendered":"<p>F\u00f3gra\u00edocht F\u00f3gra\u00edocht Craolann TG4 20 uair a chloig in aghaidh an lae, ar f\u00e1il ar Saorview, ar Ch\u00e1bla agus ar \u00e1rd\u00e1n Sky. Tapaidh an deis f\u00f3gra\u00edocht a dh\u00e9anamh le linn sceideal TG4. Is f\u00e9idir le f\u00f3gra\u00ed a bheith 10, 20 n\u00f3 30 soicind ar fhaid. Urra\u00edocht Is f\u00e9idir deiseanna Urra\u00edochta ar r\u00e9imse cl\u00e1r i Sceideal [&hellip;]<\/p>\n","protected":false},"author":876,"featured_media":0,"parent":660,"menu_order":7,"comment_status":"closed","ping_status":"closed","template":"page-templates\/template-corporate.php","meta":{"_acf_changed":false,"footnotes":""},"acf":[],"yoast_head":"<!-- This site is optimized with the Yoast SEO plugin v22.6 - https:\/\/yoast.com\/wordpress\/plugins\/seo\/ -->\n<title>D\u00edolach\u00e1in - TG4<\/title>\n<meta name=\"robots\" content=\"index, follow, max-snippet:-1, max-image-preview:large, max-video-preview:-1\" \/>\n<meta property=\"og:locale\" content=\"en_US\" \/>\n<meta property=\"og:type\" content=\"article\" \/>\n<meta property=\"og:title\" content=\"D\u00edolach\u00e1in - TG4\" \/>\n<meta property=\"og:description\" content=\"F\u00f3gra\u00edocht F\u00f3gra\u00edocht Craolann TG4 20 uair a chloig in aghaidh an lae, ar f\u00e1il ar Saorview, ar Ch\u00e1bla agus ar \u00e1rd\u00e1n Sky. Tapaidh an deis f\u00f3gra\u00edocht a dh\u00e9anamh le linn sceideal TG4. Is f\u00e9idir le f\u00f3gra\u00ed a bheith 10, 20 n\u00f3 30 soicind ar fhaid. Urra\u00edocht Is f\u00e9idir deiseanna Urra\u00edochta ar r\u00e9imse cl\u00e1r i Sceideal [&hellip;]\" \/>\n<meta property=\"og:url\" content=\"https:\/\/dev.tg4.ie\/ga\/corporate\/diolachain\/\" \/>\n<meta property=\"og:site_name\" content=\"TG4\" \/>\n<meta property=\"article:publisher\" content=\"https:\/\/www.facebook.com\/TG4TV\" \/>\n<meta property=\"article:modified_time\" content=\"2024-05-03T13:26:25+00:00\" \/>\n<meta property=\"og:image\" content=\"https:\/\/tg4-docs.s3.amazonaws.com\/wp-content\/uploads\/2024\/11\/18151812\/TG4_2024_corcra_teal_1-1920x1080-1.jpg\" \/>\n\t<meta property=\"og:image:width\" content=\"1920\" \/>\n\t<meta property=\"og:image:height\" content=\"1080\" \/>\n\t<meta property=\"og:image:type\" content=\"image\/jpeg\" \/>\n<meta name=\"twitter:card\" content=\"summary_large_image\" \/>\n<meta name=\"twitter:site\" content=\"@TG4TV\" \/>\n<meta name=\"twitter:label1\" content=\"Est. reading time\" \/>\n\t<meta name=\"twitter:data1\" content=\"3 minutes\" \/>\n<script type=\"application\/ld+json\" class=\"yoast-schema-graph\">{\"@context\":\"https:\/\/schema.org\",\"@graph\":[{\"@type\":\"WebPage\",\"@id\":\"https:\/\/dev.tg4.ie\/ga\/corporate\/diolachain\/\",\"url\":\"https:\/\/dev.tg4.ie\/ga\/corporate\/diolachain\/\",\"name\":\"D\u00edolach\u00e1in - TG4\",\"isPartOf\":{\"@id\":\"https:\/\/dev.tg4.ie\/en\/#website\"},\"datePublished\":\"2015-07-20T14:39:03+00:00\",\"dateModified\":\"2024-05-03T13:26:25+00:00\",\"breadcrumb\":{\"@id\":\"https:\/\/dev.tg4.ie\/ga\/corporate\/diolachain\/#breadcrumb\"},\"inLanguage\":\"ga\",\"potentialAction\":[{\"@type\":\"ReadAction\",\"target\":[\"https:\/\/dev.tg4.ie\/ga\/corporate\/diolachain\/\"]}]},{\"@type\":\"BreadcrumbList\",\"@id\":\"https:\/\/dev.tg4.ie\/ga\/corporate\/diolachain\/#breadcrumb\",\"itemListElement\":[{\"@type\":\"ListItem\",\"position\":1,\"name\":\"Home\",\"item\":\"https:\/\/dev.tg4.ie\/ga\/\"},{\"@type\":\"ListItem\",\"position\":2,\"name\":\"Corpar\u00e1ideach\",\"item\":\"https:\/\/dev.tg4.ie\/ga\/corporate\/\"},{\"@type\":\"ListItem\",\"position\":3,\"name\":\"D\u00edolach\u00e1in\"}]},{\"@type\":\"WebSite\",\"@id\":\"https:\/\/dev.tg4.ie\/en\/#website\",\"url\":\"https:\/\/dev.tg4.ie\/en\/\",\"name\":\"TG4\",\"description\":\"S\u00fail Eile\",\"potentialAction\":[{\"@type\":\"SearchAction\",\"target\":{\"@type\":\"EntryPoint\",\"urlTemplate\":\"https:\/\/dev.tg4.ie\/en\/?s={search_term_string}\"},\"query-input\":\"required name=search_term_string\"}],\"inLanguage\":\"ga\"}]}<\/script>\n<!-- \/ Yoast SEO plugin. -->","yoast_head_json":{"title":"D\u00edolach\u00e1in - TG4","robots":{"index":"index","follow":"follow","max-snippet":"max-snippet:-1","max-image-preview":"max-image-preview:large","max-video-preview":"max-video-preview:-1"},"og_locale":"en_US","og_type":"article","og_title":"D\u00edolach\u00e1in - TG4","og_description":"F\u00f3gra\u00edocht F\u00f3gra\u00edocht Craolann TG4 20 uair a chloig in aghaidh an lae, ar f\u00e1il ar Saorview, ar Ch\u00e1bla agus ar \u00e1rd\u00e1n Sky. Tapaidh an deis f\u00f3gra\u00edocht a dh\u00e9anamh le linn sceideal TG4. Is f\u00e9idir le f\u00f3gra\u00ed a bheith 10, 20 n\u00f3 30 soicind ar fhaid. Urra\u00edocht Is f\u00e9idir deiseanna Urra\u00edochta ar r\u00e9imse cl\u00e1r i Sceideal [&hellip;]","og_url":"https:\/\/dev.tg4.ie\/ga\/corporate\/diolachain\/","og_site_name":"TG4","article_publisher":"https:\/\/www.facebook.com\/TG4TV","article_modified_time":"2024-05-03T13:26:25+00:00","og_image":[{"width":1920,"height":1080,"url":"https:\/\/tg4-docs.s3.amazonaws.com\/wp-content\/uploads\/2024\/11\/18151812\/TG4_2024_corcra_teal_1-1920x1080-1.jpg","type":"image\/jpeg"}],"twitter_card":"summary_large_image","twitter_site":"@TG4TV","twitter_misc":{"Est. reading time":"3 minutes"},"schema":{"@context":"https:\/\/schema.org","@graph":[{"@type":"WebPage","@id":"https:\/\/dev.tg4.ie\/ga\/corporate\/diolachain\/","url":"https:\/\/dev.tg4.ie\/ga\/corporate\/diolachain\/","name":"D\u00edolach\u00e1in - TG4","isPartOf":{"@id":"https:\/\/dev.tg4.ie\/en\/#website"},"datePublished":"2015-07-20T14:39:03+00:00","dateModified":"2024-05-03T13:26:25+00:00","breadcrumb":{"@id":"https:\/\/dev.tg4.ie\/ga\/corporate\/diolachain\/#breadcrumb"},"inLanguage":"ga","potentialAction":[{"@type":"ReadAction","target":["https:\/\/dev.tg4.ie\/ga\/corporate\/diolachain\/"]}]},{"@type":"BreadcrumbList","@id":"https:\/\/dev.tg4.ie\/ga\/corporate\/diolachain\/#breadcrumb","itemListElement":[{"@type":"ListItem","position":1,"name":"Home","item":"https:\/\/dev.tg4.ie\/ga\/"},{"@type":"ListItem","position":2,"name":"Corpar\u00e1ideach","item":"https:\/\/dev.tg4.ie\/ga\/corporate\/"},{"@type":"ListItem","position":3,"name":"D\u00edolach\u00e1in"}]},{"@type":"WebSite","@id":"https:\/\/dev.tg4.ie\/en\/#website","url":"https:\/\/dev.tg4.ie\/en\/","name":"TG4","description":"S\u00fail Eile","potentialAction":[{"@type":"SearchAction","target":{"@type":"EntryPoint","urlTemplate":"https:\/\/dev.tg4.ie\/en\/?s={search_term_string}"},"query-input":"required name=search_term_string"}],"inLanguage":"ga"}]}},"_links":{"self":[{"href":"https:\/\/dev.tg4.ie\/ga\/wp-json\/wp\/v2\/pages\/705"}],"collection":[{"href":"https:\/\/dev.tg4.ie\/ga\/wp-json\/wp\/v2\/pages"}],"about":[{"href":"https:\/\/dev.tg4.ie\/ga\/wp-json\/wp\/v2\/types\/page"}],"author":[{"embeddable":true,"href":"https:\/\/dev.tg4.ie\/ga\/wp-json\/wp\/v2\/users\/876"}],"replies":[{"embeddable":true,"href":"https:\/\/dev.tg4.ie\/ga\/wp-json\/wp\/v2\/comments?post=705"}],"version-history":[{"count":0,"href":"https:\/\/dev.tg4.ie\/ga\/wp-json\/wp\/v2\/pages\/705\/revisions"}],"up":[{"embeddable":true,"href":"https:\/\/dev.tg4.ie\/ga\/wp-json\/wp\/v2\/pages\/660"}],"wp:attachment":[{"href":"https:\/\/dev.tg4.ie\/ga\/wp-json\/wp\/v2\/media?parent=705"}],"curies":[{"name":"wp","href":"https:\/\/api.w.org\/{rel}","templated":true}]}}