{"id":71467,"date":"2017-12-14T10:52:40","date_gmt":"2017-12-14T10:52:40","guid":{"rendered":"https:\/\/dev.tg4.ie\/?page_id=71467"},"modified":"2019-06-25T10:50:56","modified_gmt":"2019-06-25T09:50:56","slug":"ceol-comhluadar-agus-cuimhni-faoi-nollaig","status":"publish","type":"page","link":"https:\/\/dev.tg4.ie\/ga\/eolas\/preas\/nuacht-raitis\/2017-2\/ceol-comhluadar-agus-cuimhni-faoi-nollaig\/","title":{"rendered":"Ceol, Comhluadar agus Cuimhn\u00ed faoi Nollaig"},"content":{"rendered":"<p>D\u00e9anfaidh s\u00ed Nollaig cheoil, chomhluadair agus chuimhn\u00ed gean\u00fala ar TG4 i mbliana.\u00a0 Ar na f\u00e9ir\u00edn\u00ed is gl\u00e9ine ar chrann na bliana seo t\u00e1 an ch\u00e9ad chraoladh ar an duais-chl\u00e1r\u00a0 <strong><em>Rocky Ros Muc <\/em><\/strong>faoi shaol an dorn\u00e1la\u00ed Se\u00e1n \u00d3 Mainn\u00edn agus d\u00fachas as ar f\u00e1isceadh \u00e9 sular thug s\u00e9 aghaidh ar ghairm chorrach na dorn\u00e1la\u00edochta i measc a chomh-imircigh i mBoston Mheirice\u00e1.\u00a0Cl\u00e1r eile a thugann l\u00e9argas ar shaol Chonamara is ea <strong><em>Anseo i L\u00e1r an Ghleanna<\/em><\/strong> agus pobal Loch Con Aortha ag dul i ngleic le b\u00e1n\u00fa an cheantair agus neamhshuim na \u00fadar\u00e1s. Feicfear freisin oidhreacht na himirce sa gcl\u00e1r <strong><em>Poc na nGael,\u00a0 <\/em><\/strong>ina bhfiosra\u00edonn Ger Loughnane an rian a d\u2019fh\u00e1g an iom\u00e1int ar fhorbairt an haca oighir, sp\u00f3rt n\u00e1isi\u00fanta Cheanada.<\/p>\n<p>Cloisfear neart ceoil ar an gcain\u00e9al le linn na f\u00e9ile freisin, ar nd\u00f3igh, idir <strong><em>Nollaig na Maggies <\/em><\/strong>ina mbeidh ban-amhr\u00e1naithe aitheanta na Rossa ag ceol agus ag cuimhneamh an tr\u00e1th seo sna blianta at\u00e1 caite, beidh tri\u00far r\u00e9alta\u00ed ceoil (Tansey, Flatley agus an fear f\u00e9in) i gcomhluadar a ch\u00e9ile sa gcl\u00e1r <strong><em>S\u00e9 Mo Laoch Speisialta \u2013 Matt Molloy<\/em><\/strong> agus beidh an d\u00e1 thaobh de <strong><em>Ghradam Ceoil TG4 2017<\/em><\/strong>\u00a0 (an cheolchoirm f\u00e9in agus cl\u00e1r eile faoi imeachta\u00ed ar ch\u00fal an st\u00e1itse ar f\u00e1il chomh maith.\u00a0 Cuirfear t\u00fas ceolmhar le Bliain na Gaeilge le <strong><em>F\u00e1ilte\u00a0 2018 <\/em><\/strong>se\u00f3 beo b\u00f3thair \u00f3 Ard a\u2019 Bh\u00f3thair i nGaeltacht Chorca Dhuibhne ar O\u00edche Chinn Bliana agus beidh P\u00e1draig \u00d3 S\u00e9 agus bhu\u00edon ag r\u00f3stadh an ghabhair ansin.\u00a0 Beidh deis eile ag an lucht f\u00e9achana freisin na com\u00f3rtais sean-n\u00f3is ag an Oireachtas a fheice\u00e1il ar\u00eds; damhsa ar <strong><em>Steip<\/em><\/strong> agus amhr\u00e1na\u00edocht sean-n\u00f3is ar<strong> <em>S\u00fail Siar &#8211; Corn U\u00ed Riada.\u00a0\u00a0<\/em><\/strong>Tabharfar \u00f3m\u00f3s do dh\u00e1 bhanna aitheanta c\u00e9il\u00ed freisin le cl\u00e1rach faoi <strong><em>Bhanna Ceoil Chill Fhionn\u00farach<\/em><\/strong> agus<strong><em> Shaskeen. <\/em><\/strong><\/p>\n<p>\u00c1ir\u00edtear <strong><em>An B\u00e9al Bocht, \u00farsc\u00e9al<\/em><\/strong> grinn Mhyles na gCopaleen ar cheann de chlasaicigh na Gaeilge agus seo anois, den ch\u00e9ad uair, ar an sc\u00e1ile\u00e1n, d\u00e9anta go heala\u00edonta mar shaothar anam\u00falachta.\u00a0 Beidh saothar \u00e1lainn eile anam\u00falachta Gaeilge <strong><em>Amhr\u00e1n na Mara <\/em><\/strong>ar f\u00e1il freisin agus is maith ab fhi\u00fa an d\u00e1 chl\u00e1r seo a thaifeadadh.<\/p>\n<p>M\u00e1s bre\u00e1 leat an d\u00falra, leag s\u00fail ar <strong><em>\u00c9ire Fhi\u00e1in <\/em><\/strong>freisin, saothar a ard\u00f3idh do chro\u00ed agus a mheabhr\u00f3idh \u00e1illeacht an d\u00falra ar an oile\u00e1n seo duit.<\/p>\n<p>Geobhaidh lucht leanta sp\u00f3irt neart deiseanna buaiceanna na bliana a fheice\u00e1il sa bpeile agus san iom\u00e1int \u00a0mar aon le roinnt beo-chraolta\u00a0 <strong><em>Rugba\u00ed Beo <\/em><\/strong>ar chluich\u00ed cinni\u00fanacha linn na saoire agus na c\u00faig\u00ed \u00c9ireannacha ag tabhairt aghaidh ar a ch\u00e9ile d\u00edreach roimh agus tar \u00e9is na Nollag sa tsraith PRO14.<\/p>\n","protected":false},"excerpt":{"rendered":"<p>D\u00e9anfaidh s\u00ed Nollaig cheoil, chomhluadair agus chuimhn\u00ed gean\u00fala ar TG4 i mbliana.\u00a0 Ar na f\u00e9ir\u00edn\u00ed is gl\u00e9ine ar chrann na bliana seo t\u00e1 an ch\u00e9ad chraoladh ar an duais-chl\u00e1r\u00a0 Rocky Ros Muc faoi shaol an dorn\u00e1la\u00ed Se\u00e1n \u00d3 Mainn\u00edn agus d\u00fachas as ar f\u00e1isceadh \u00e9 sular thug s\u00e9 aghaidh ar ghairm chorrach na dorn\u00e1la\u00edochta i [&hellip;]<\/p>\n","protected":false},"author":999,"featured_media":71494,"parent":40345,"menu_order":22,"comment_status":"closed","ping_status":"closed","template":"page-templates\/template-pr.php","meta":{"_acf_changed":false,"footnotes":""},"acf":[],"yoast_head":"<!-- This site is optimized with the Yoast SEO plugin v22.6 - https:\/\/yoast.com\/wordpress\/plugins\/seo\/ -->\n<title>Ceol, Comhluadar agus Cuimhn\u00ed faoi Nollaig - TG4<\/title>\n<meta name=\"robots\" content=\"index, follow, max-snippet:-1, max-image-preview:large, max-video-preview:-1\" \/>\n<meta property=\"og:locale\" content=\"en_US\" \/>\n<meta property=\"og:type\" content=\"article\" \/>\n<meta property=\"og:title\" content=\"Ceol, Comhluadar agus Cuimhn\u00ed faoi Nollaig - TG4\" \/>\n<meta property=\"og:description\" content=\"D\u00e9anfaidh s\u00ed Nollaig cheoil, chomhluadair agus chuimhn\u00ed gean\u00fala ar TG4 i mbliana.\u00a0 Ar na f\u00e9ir\u00edn\u00ed is gl\u00e9ine ar chrann na bliana seo t\u00e1 an ch\u00e9ad chraoladh ar an duais-chl\u00e1r\u00a0 Rocky Ros Muc faoi shaol an dorn\u00e1la\u00ed Se\u00e1n \u00d3 Mainn\u00edn agus d\u00fachas as ar f\u00e1isceadh \u00e9 sular thug s\u00e9 aghaidh ar ghairm chorrach na dorn\u00e1la\u00edochta i [&hellip;]\" \/>\n<meta property=\"og:url\" content=\"https:\/\/dev.tg4.ie\/ga\/eolas\/preas\/nuacht-raitis\/2017-2\/ceol-comhluadar-agus-cuimhni-faoi-nollaig\/\" \/>\n<meta property=\"og:site_name\" content=\"TG4\" \/>\n<meta property=\"article:publisher\" content=\"https:\/\/www.facebook.com\/TG4TV\" \/>\n<meta property=\"article:modified_time\" content=\"2019-06-25T09:50:56+00:00\" \/>\n<meta property=\"og:image\" content=\"https:\/\/tg4-docs.s3.amazonaws.com\/tg4-redesign-2015\/wp-content\/uploads\/2017\/12\/Nollaig-2017-Web.jpg\" \/>\n\t<meta property=\"og:image:width\" content=\"1920\" \/>\n\t<meta property=\"og:image:height\" content=\"1080\" \/>\n\t<meta property=\"og:image:type\" content=\"image\/jpeg\" \/>\n<meta name=\"twitter:card\" content=\"summary_large_image\" \/>\n<meta name=\"twitter:site\" content=\"@TG4TV\" \/>\n<meta name=\"twitter:label1\" content=\"Est. reading time\" \/>\n\t<meta name=\"twitter:data1\" content=\"3 minutes\" \/>\n<script type=\"application\/ld+json\" class=\"yoast-schema-graph\">{\"@context\":\"https:\/\/schema.org\",\"@graph\":[{\"@type\":\"WebPage\",\"@id\":\"https:\/\/dev.tg4.ie\/ga\/eolas\/preas\/nuacht-raitis\/2017-2\/ceol-comhluadar-agus-cuimhni-faoi-nollaig\/\",\"url\":\"https:\/\/dev.tg4.ie\/ga\/eolas\/preas\/nuacht-raitis\/2017-2\/ceol-comhluadar-agus-cuimhni-faoi-nollaig\/\",\"name\":\"Ceol, Comhluadar agus Cuimhn\u00ed faoi Nollaig - TG4\",\"isPartOf\":{\"@id\":\"https:\/\/dev.tg4.ie\/en\/#website\"},\"primaryImageOfPage\":{\"@id\":\"https:\/\/dev.tg4.ie\/ga\/eolas\/preas\/nuacht-raitis\/2017-2\/ceol-comhluadar-agus-cuimhni-faoi-nollaig\/#primaryimage\"},\"image\":{\"@id\":\"https:\/\/dev.tg4.ie\/ga\/eolas\/preas\/nuacht-raitis\/2017-2\/ceol-comhluadar-agus-cuimhni-faoi-nollaig\/#primaryimage\"},\"thumbnailUrl\":\"https:\/\/tg4-docs.s3.amazonaws.com\/tg4-redesign-2015\/wp-content\/uploads\/2017\/12\/Nollaig-2017-Web.jpg\",\"datePublished\":\"2017-12-14T10:52:40+00:00\",\"dateModified\":\"2019-06-25T09:50:56+00:00\",\"breadcrumb\":{\"@id\":\"https:\/\/dev.tg4.ie\/ga\/eolas\/preas\/nuacht-raitis\/2017-2\/ceol-comhluadar-agus-cuimhni-faoi-nollaig\/#breadcrumb\"},\"inLanguage\":\"ga\",\"potentialAction\":[{\"@type\":\"ReadAction\",\"target\":[\"https:\/\/dev.tg4.ie\/ga\/eolas\/preas\/nuacht-raitis\/2017-2\/ceol-comhluadar-agus-cuimhni-faoi-nollaig\/\"]}]},{\"@type\":\"ImageObject\",\"inLanguage\":\"ga\",\"@id\":\"https:\/\/dev.tg4.ie\/ga\/eolas\/preas\/nuacht-raitis\/2017-2\/ceol-comhluadar-agus-cuimhni-faoi-nollaig\/#primaryimage\",\"url\":\"https:\/\/tg4-docs.s3.amazonaws.com\/tg4-redesign-2015\/wp-content\/uploads\/2017\/12\/Nollaig-2017-Web.jpg\",\"contentUrl\":\"https:\/\/tg4-docs.s3.amazonaws.com\/tg4-redesign-2015\/wp-content\/uploads\/2017\/12\/Nollaig-2017-Web.jpg\",\"width\":1920,\"height\":1080,\"caption\":\"Nollaig 2017\"},{\"@type\":\"BreadcrumbList\",\"@id\":\"https:\/\/dev.tg4.ie\/ga\/eolas\/preas\/nuacht-raitis\/2017-2\/ceol-comhluadar-agus-cuimhni-faoi-nollaig\/#breadcrumb\",\"itemListElement\":[{\"@type\":\"ListItem\",\"position\":1,\"name\":\"Home\",\"item\":\"https:\/\/dev.tg4.ie\/ga\/\"},{\"@type\":\"ListItem\",\"position\":2,\"name\":\"Eolas\",\"item\":\"https:\/\/dev.tg4.ie\/ga\/eolas\/\"},{\"@type\":\"ListItem\",\"position\":3,\"name\":\"Preas\",\"item\":\"https:\/\/dev.tg4.ie\/ga\/eolas\/preas\/\"},{\"@type\":\"ListItem\",\"position\":4,\"name\":\"Nuacht R\u00e1itis\",\"item\":\"https:\/\/dev.tg4.ie\/ga\/eolas\/preas\/nuacht-raitis\/\"},{\"@type\":\"ListItem\",\"position\":5,\"name\":\"2017\",\"item\":\"https:\/\/dev.tg4.ie\/ga\/eolas\/preas\/nuacht-raitis\/2017-2\/\"},{\"@type\":\"ListItem\",\"position\":6,\"name\":\"Ceol, Comhluadar agus Cuimhn\u00ed faoi Nollaig\"}]},{\"@type\":\"WebSite\",\"@id\":\"https:\/\/dev.tg4.ie\/en\/#website\",\"url\":\"https:\/\/dev.tg4.ie\/en\/\",\"name\":\"TG4\",\"description\":\"S\u00fail Eile\",\"potentialAction\":[{\"@type\":\"SearchAction\",\"target\":{\"@type\":\"EntryPoint\",\"urlTemplate\":\"https:\/\/dev.tg4.ie\/en\/?s={search_term_string}\"},\"query-input\":\"required name=search_term_string\"}],\"inLanguage\":\"ga\"}]}<\/script>\n<!-- \/ Yoast SEO plugin. -->","yoast_head_json":{"title":"Ceol, Comhluadar agus Cuimhn\u00ed faoi Nollaig - TG4","robots":{"index":"index","follow":"follow","max-snippet":"max-snippet:-1","max-image-preview":"max-image-preview:large","max-video-preview":"max-video-preview:-1"},"og_locale":"en_US","og_type":"article","og_title":"Ceol, Comhluadar agus Cuimhn\u00ed faoi Nollaig - TG4","og_description":"D\u00e9anfaidh s\u00ed Nollaig cheoil, chomhluadair agus chuimhn\u00ed gean\u00fala ar TG4 i mbliana.\u00a0 Ar na f\u00e9ir\u00edn\u00ed is gl\u00e9ine ar chrann na bliana seo t\u00e1 an ch\u00e9ad chraoladh ar an duais-chl\u00e1r\u00a0 Rocky Ros Muc faoi shaol an dorn\u00e1la\u00ed Se\u00e1n \u00d3 Mainn\u00edn agus d\u00fachas as ar f\u00e1isceadh \u00e9 sular thug s\u00e9 aghaidh ar ghairm chorrach na dorn\u00e1la\u00edochta i [&hellip;]","og_url":"https:\/\/dev.tg4.ie\/ga\/eolas\/preas\/nuacht-raitis\/2017-2\/ceol-comhluadar-agus-cuimhni-faoi-nollaig\/","og_site_name":"TG4","article_publisher":"https:\/\/www.facebook.com\/TG4TV","article_modified_time":"2019-06-25T09:50:56+00:00","og_image":[{"width":1920,"height":1080,"url":"https:\/\/tg4-docs.s3.amazonaws.com\/tg4-redesign-2015\/wp-content\/uploads\/2017\/12\/Nollaig-2017-Web.jpg","type":"image\/jpeg"}],"twitter_card":"summary_large_image","twitter_site":"@TG4TV","twitter_misc":{"Est. reading time":"3 minutes"},"schema":{"@context":"https:\/\/schema.org","@graph":[{"@type":"WebPage","@id":"https:\/\/dev.tg4.ie\/ga\/eolas\/preas\/nuacht-raitis\/2017-2\/ceol-comhluadar-agus-cuimhni-faoi-nollaig\/","url":"https:\/\/dev.tg4.ie\/ga\/eolas\/preas\/nuacht-raitis\/2017-2\/ceol-comhluadar-agus-cuimhni-faoi-nollaig\/","name":"Ceol, Comhluadar agus Cuimhn\u00ed faoi Nollaig - TG4","isPartOf":{"@id":"https:\/\/dev.tg4.ie\/en\/#website"},"primaryImageOfPage":{"@id":"https:\/\/dev.tg4.ie\/ga\/eolas\/preas\/nuacht-raitis\/2017-2\/ceol-comhluadar-agus-cuimhni-faoi-nollaig\/#primaryimage"},"image":{"@id":"https:\/\/dev.tg4.ie\/ga\/eolas\/preas\/nuacht-raitis\/2017-2\/ceol-comhluadar-agus-cuimhni-faoi-nollaig\/#primaryimage"},"thumbnailUrl":"https:\/\/tg4-docs.s3.amazonaws.com\/tg4-redesign-2015\/wp-content\/uploads\/2017\/12\/Nollaig-2017-Web.jpg","datePublished":"2017-12-14T10:52:40+00:00","dateModified":"2019-06-25T09:50:56+00:00","breadcrumb":{"@id":"https:\/\/dev.tg4.ie\/ga\/eolas\/preas\/nuacht-raitis\/2017-2\/ceol-comhluadar-agus-cuimhni-faoi-nollaig\/#breadcrumb"},"inLanguage":"ga","potentialAction":[{"@type":"ReadAction","target":["https:\/\/dev.tg4.ie\/ga\/eolas\/preas\/nuacht-raitis\/2017-2\/ceol-comhluadar-agus-cuimhni-faoi-nollaig\/"]}]},{"@type":"ImageObject","inLanguage":"ga","@id":"https:\/\/dev.tg4.ie\/ga\/eolas\/preas\/nuacht-raitis\/2017-2\/ceol-comhluadar-agus-cuimhni-faoi-nollaig\/#primaryimage","url":"https:\/\/tg4-docs.s3.amazonaws.com\/tg4-redesign-2015\/wp-content\/uploads\/2017\/12\/Nollaig-2017-Web.jpg","contentUrl":"https:\/\/tg4-docs.s3.amazonaws.com\/tg4-redesign-2015\/wp-content\/uploads\/2017\/12\/Nollaig-2017-Web.jpg","width":1920,"height":1080,"caption":"Nollaig 2017"},{"@type":"BreadcrumbList","@id":"https:\/\/dev.tg4.ie\/ga\/eolas\/preas\/nuacht-raitis\/2017-2\/ceol-comhluadar-agus-cuimhni-faoi-nollaig\/#breadcrumb","itemListElement":[{"@type":"ListItem","position":1,"name":"Home","item":"https:\/\/dev.tg4.ie\/ga\/"},{"@type":"ListItem","position":2,"name":"Eolas","item":"https:\/\/dev.tg4.ie\/ga\/eolas\/"},{"@type":"ListItem","position":3,"name":"Preas","item":"https:\/\/dev.tg4.ie\/ga\/eolas\/preas\/"},{"@type":"ListItem","position":4,"name":"Nuacht R\u00e1itis","item":"https:\/\/dev.tg4.ie\/ga\/eolas\/preas\/nuacht-raitis\/"},{"@type":"ListItem","position":5,"name":"2017","item":"https:\/\/dev.tg4.ie\/ga\/eolas\/preas\/nuacht-raitis\/2017-2\/"},{"@type":"ListItem","position":6,"name":"Ceol, Comhluadar agus Cuimhn\u00ed faoi Nollaig"}]},{"@type":"WebSite","@id":"https:\/\/dev.tg4.ie\/en\/#website","url":"https:\/\/dev.tg4.ie\/en\/","name":"TG4","description":"S\u00fail Eile","potentialAction":[{"@type":"SearchAction","target":{"@type":"EntryPoint","urlTemplate":"https:\/\/dev.tg4.ie\/en\/?s={search_term_string}"},"query-input":"required name=search_term_string"}],"inLanguage":"ga"}]}},"_links":{"self":[{"href":"https:\/\/dev.tg4.ie\/ga\/wp-json\/wp\/v2\/pages\/71467"}],"collection":[{"href":"https:\/\/dev.tg4.ie\/ga\/wp-json\/wp\/v2\/pages"}],"about":[{"href":"https:\/\/dev.tg4.ie\/ga\/wp-json\/wp\/v2\/types\/page"}],"author":[{"embeddable":true,"href":"https:\/\/dev.tg4.ie\/ga\/wp-json\/wp\/v2\/users\/999"}],"replies":[{"embeddable":true,"href":"https:\/\/dev.tg4.ie\/ga\/wp-json\/wp\/v2\/comments?post=71467"}],"version-history":[{"count":0,"href":"https:\/\/dev.tg4.ie\/ga\/wp-json\/wp\/v2\/pages\/71467\/revisions"}],"up":[{"embeddable":true,"href":"https:\/\/dev.tg4.ie\/ga\/wp-json\/wp\/v2\/pages\/40345"}],"wp:featuredmedia":[{"embeddable":true,"href":"https:\/\/dev.tg4.ie\/ga\/wp-json\/wp\/v2\/media\/71494"}],"wp:attachment":[{"href":"https:\/\/dev.tg4.ie\/ga\/wp-json\/wp\/v2\/media?parent=71467"}],"curies":[{"name":"wp","href":"https:\/\/api.w.org\/{rel}","templated":true}]}}