{"id":72503,"date":"2018-01-05T15:12:28","date_gmt":"2018-01-05T15:12:28","guid":{"rendered":"https:\/\/dev.tg4.ie\/?page_id=72503"},"modified":"2019-07-01T09:34:23","modified_gmt":"2019-07-01T08:34:23","slug":"ceol-traidisiunta-agus-tg4-i-lar-an-aonaigh-le-sraith-nua-tradfest-ar-tg4","status":"publish","type":"page","link":"https:\/\/dev.tg4.ie\/ga\/eolas\/preas\/nuacht-raitis\/2018-2\/ceol-traidisiunta-agus-tg4-i-lar-an-aonaigh-le-sraith-nua-tradfest-ar-tg4\/","title":{"rendered":"Ceol Traidisi\u00fanta agus TG4 i l\u00e1r an aonaigh le sraith nua: \u2018TradFest ar TG4\u2019"},"content":{"rendered":"<p>T\u00e1 <strong><em>TradFest<\/em> <\/strong>ar bun anois le breis agus 10 mbliana anuas, f\u00e9ile chro\u00ed\u00fail a chuireann ceol traidisi\u00fanta i l\u00e1r an aonaigh, i l\u00e1r na pr\u00edomhchathrach ar feadh seachtaine gach bliain. T\u00e1 an comhlacht nua-bhunaithe <strong>Aniar TV<\/strong> ag s\u00fail leis an chuid is fearr den cheol agus den amhr\u00e1na\u00edocht traidisi\u00fanta as \u00c9irinn agus thar lear a chuir ar f\u00e1il do lucht f\u00e9achana d\u00edlis ceoil TG4 sa tsraith \u00far seo \u00a0&#8211; <em><strong>TradFest ar TG4.<\/strong><\/em><\/p>\n<p>Beidh na ceolchoirmeacha \u00e1 dtaifeadadh i l\u00e1ithreacha \u00e9ags\u00fala san ardchathair: na Printworks i gCaisle\u00e1n Bhaile \u00c1tha Cliath, sna P\u00edobair\u00ed Uilleann agus in ionaid \u00e9ags\u00fala timpeall na cathrach. I measc na gceolt\u00f3ir\u00ed agus na ngr\u00fapa\u00ed a bh\u00e9as p\u00e1irteach, beidh\u00a0 <em>T\u00e9ada,<\/em> Frankie Gavin, <em>Blazin&#8217; Fiddles<\/em>, Shelbey Lynne &amp; Alison Moorer agus go leor leor eile.<\/p>\n<p><em>&#8220;Is iontach an ph\u00e1irtn\u00e9ireacht nua seo idir TG4, TradFest &amp; Aniar TV le sraith cheoil traidisi\u00fanta \u00far a l\u00e9iri\u00fa, a thabharfaidh saibhreas \u00e1r dtraidisi\u00fain go sc\u00e1ile\u00e1in na teilif\u00edse in \u00c9irinn agus ar fud an domhain. Leanann an ceol traidisi\u00fanta mar sheod dra\u00edochta ar sceideal cl\u00e1r TG4 agus leanfaimid linn ag forbairt form\u00e1id\u00ed nua cl\u00e1ir a bh\u00e9as i bhfeili\u00faint do lucht d\u00edlis an cheoil traidisi\u00fanta agus don phobal leathan leathan f\u00e9achana araon.&#8221; <strong>Proinsias N\u00ed Ghr\u00e1inne, Eagarth\u00f3ir Coimisi\u00fanaithe TG4<\/strong><\/em><\/p>\n<p><em>&#8220;<\/em><em>T\u00e1 an-\u00e1thas orainn an deis a bheith againn ceolt\u00f3ir\u00ed n\u00e1isi\u00fanta agus idirn\u00e1isi\u00fanta, chomh maith le ceolt\u00f3ir\u00ed nua a chur ar an sc\u00e1ile\u00e1n sa tsraith seo, agus muid ag s\u00fail go m\u00f3r leis an bp\u00e1irt\u00edocht \u00far seo idir TG4, TradFest agus Aniar TV.&#8221; <strong>Niamh N\u00ed Bhaoill, Sti\u00farth\u00f3ir Cruthaitheach Aniar TV<\/strong><\/em><\/p>\n<p><strong><em><span>\u201c<\/span><\/em><\/strong><em><span>Cuireann Temple Bar Company f\u00e1<\/span><\/em><em>ilte roimhe an deis TradFest a roinnt le lucht f<\/em><em>\u00e9<\/em><em>ach<span>\u00e1<\/span><\/em><em>na n<span>\u00ed<\/span><\/em><em>os leithne leis an bp<span>\u00e1irtn<\/span><\/em><em>\u00e9<\/em><em>ireacht seo le TG4 agus Aniar TV. T<span>\u00e1 <\/span><\/em><em>TradFest ar an bhf<\/em><em>\u00f3<\/em><em>d le tr<span>\u00ed bliana d<\/span><\/em><em>\u00e9<\/em><em>ag agus d\u00e9anann an fh<\/em><em>\u00e9<span>ile ceili\u00faradh ar <\/span><\/em><em>oidhreacht cheoil na h<\/em><em>\u00c9<span>ireann. T\u00e1 cuid de na hainmneacha m<\/span><\/em><em>\u00f3<span>ra <\/span><\/em><em>\u00c9<\/em><em>ireannacha agus idirn<span>\u00e1isi\u00fa<\/span><\/em><em>nta ag seinm ag f<\/em><em>\u00e9<\/em><em>ile 2018. T<span>\u00e1 f<\/span><\/em><em>\u00e9<\/em><em>asta ceoil in nd\u00e1n don lucht <\/em><em>\u00e9<\/em><em>isteachta agus f\u00e9achana.&#8221; <strong>TradFest<\/strong><\/em><\/p>\n<p>Beidh <strong>Doireann N<\/strong><strong>\u00ed<\/strong><strong> Ghlac<\/strong><strong>\u00e1in<\/strong> mar l\u00e1ithreoir \u00farnua ar an tsraith, ceolt\u00f3ir aitheanta as Baile \u00c1tha Cliath do Dhoireann de shliocht dh\u00e1 theaghlach s\u00e1r-aitheanta i saol an cheoil traidisi\u00fanta na h\u00c9ireann \u00ed \u2013 Clann U\u00ed Riada agus Clann Glackin. Cuirfimid aithne ar na ceolt\u00f3ir\u00ed fr\u00edd sh\u00faile na mn\u00e1 \u00f3ige ceolmhar seo.<\/p>\n<p>Craolfar an tsraith <strong>TradFest ar TG4<\/strong>, l\u00e9irithe ag Aniar TV do TG4, n\u00edos moille i 2018.<\/p>\n","protected":false},"excerpt":{"rendered":"<p>T\u00e1 TradFest ar bun anois le breis agus 10 mbliana anuas, f\u00e9ile chro\u00ed\u00fail a chuireann ceol traidisi\u00fanta i l\u00e1r an aonaigh, i l\u00e1r na pr\u00edomhchathrach ar feadh seachtaine gach bliain. T\u00e1 an comhlacht nua-bhunaithe Aniar TV ag s\u00fail leis an chuid is fearr den cheol agus den amhr\u00e1na\u00edocht traidisi\u00fanta as \u00c9irinn agus thar lear a [&hellip;]<\/p>\n","protected":false},"author":999,"featured_media":72504,"parent":72849,"menu_order":0,"comment_status":"closed","ping_status":"closed","template":"page-templates\/template-pr.php","meta":{"_acf_changed":false,"footnotes":""},"acf":[],"yoast_head":"<!-- This site is optimized with the Yoast SEO plugin v22.6 - https:\/\/yoast.com\/wordpress\/plugins\/seo\/ -->\n<title>Ceol Traidisi\u00fanta agus TG4 i l\u00e1r an aonaigh le sraith nua: \u2018TradFest ar TG4\u2019 - TG4<\/title>\n<meta name=\"robots\" content=\"index, follow, max-snippet:-1, max-image-preview:large, max-video-preview:-1\" \/>\n<meta property=\"og:locale\" content=\"en_US\" \/>\n<meta property=\"og:type\" content=\"article\" \/>\n<meta property=\"og:title\" content=\"Ceol Traidisi\u00fanta agus TG4 i l\u00e1r an aonaigh le sraith nua: \u2018TradFest ar TG4\u2019 - TG4\" \/>\n<meta property=\"og:description\" content=\"T\u00e1 TradFest ar bun anois le breis agus 10 mbliana anuas, f\u00e9ile chro\u00ed\u00fail a chuireann ceol traidisi\u00fanta i l\u00e1r an aonaigh, i l\u00e1r na pr\u00edomhchathrach ar feadh seachtaine gach bliain. T\u00e1 an comhlacht nua-bhunaithe Aniar TV ag s\u00fail leis an chuid is fearr den cheol agus den amhr\u00e1na\u00edocht traidisi\u00fanta as \u00c9irinn agus thar lear a [&hellip;]\" \/>\n<meta property=\"og:url\" content=\"https:\/\/dev.tg4.ie\/ga\/eolas\/preas\/nuacht-raitis\/2018-2\/ceol-traidisiunta-agus-tg4-i-lar-an-aonaigh-le-sraith-nua-tradfest-ar-tg4\/\" \/>\n<meta property=\"og:site_name\" content=\"TG4\" \/>\n<meta property=\"article:publisher\" content=\"https:\/\/www.facebook.com\/TG4TV\" \/>\n<meta property=\"article:modified_time\" content=\"2019-07-01T08:34:23+00:00\" \/>\n<meta property=\"og:image\" content=\"https:\/\/tg4-docs.s3.amazonaws.com\/tg4-redesign-2015\/wp-content\/uploads\/2018\/01\/TradFest.jpg\" \/>\n\t<meta property=\"og:image:width\" content=\"1920\" \/>\n\t<meta property=\"og:image:height\" content=\"1080\" \/>\n\t<meta property=\"og:image:type\" content=\"image\/jpeg\" \/>\n<meta name=\"twitter:card\" content=\"summary_large_image\" \/>\n<meta name=\"twitter:site\" content=\"@TG4TV\" \/>\n<meta name=\"twitter:label1\" content=\"Est. reading time\" \/>\n\t<meta name=\"twitter:data1\" content=\"2 minutes\" \/>\n<script type=\"application\/ld+json\" class=\"yoast-schema-graph\">{\"@context\":\"https:\/\/schema.org\",\"@graph\":[{\"@type\":\"WebPage\",\"@id\":\"https:\/\/dev.tg4.ie\/ga\/eolas\/preas\/nuacht-raitis\/2018-2\/ceol-traidisiunta-agus-tg4-i-lar-an-aonaigh-le-sraith-nua-tradfest-ar-tg4\/\",\"url\":\"https:\/\/dev.tg4.ie\/ga\/eolas\/preas\/nuacht-raitis\/2018-2\/ceol-traidisiunta-agus-tg4-i-lar-an-aonaigh-le-sraith-nua-tradfest-ar-tg4\/\",\"name\":\"Ceol Traidisi\u00fanta agus TG4 i l\u00e1r an aonaigh le sraith nua: \u2018TradFest ar TG4\u2019 - TG4\",\"isPartOf\":{\"@id\":\"https:\/\/dev.tg4.ie\/en\/#website\"},\"primaryImageOfPage\":{\"@id\":\"https:\/\/dev.tg4.ie\/ga\/eolas\/preas\/nuacht-raitis\/2018-2\/ceol-traidisiunta-agus-tg4-i-lar-an-aonaigh-le-sraith-nua-tradfest-ar-tg4\/#primaryimage\"},\"image\":{\"@id\":\"https:\/\/dev.tg4.ie\/ga\/eolas\/preas\/nuacht-raitis\/2018-2\/ceol-traidisiunta-agus-tg4-i-lar-an-aonaigh-le-sraith-nua-tradfest-ar-tg4\/#primaryimage\"},\"thumbnailUrl\":\"https:\/\/tg4-docs.s3.amazonaws.com\/tg4-redesign-2015\/wp-content\/uploads\/2018\/01\/TradFest.jpg\",\"datePublished\":\"2018-01-05T15:12:28+00:00\",\"dateModified\":\"2019-07-01T08:34:23+00:00\",\"breadcrumb\":{\"@id\":\"https:\/\/dev.tg4.ie\/ga\/eolas\/preas\/nuacht-raitis\/2018-2\/ceol-traidisiunta-agus-tg4-i-lar-an-aonaigh-le-sraith-nua-tradfest-ar-tg4\/#breadcrumb\"},\"inLanguage\":\"ga\",\"potentialAction\":[{\"@type\":\"ReadAction\",\"target\":[\"https:\/\/dev.tg4.ie\/ga\/eolas\/preas\/nuacht-raitis\/2018-2\/ceol-traidisiunta-agus-tg4-i-lar-an-aonaigh-le-sraith-nua-tradfest-ar-tg4\/\"]}]},{\"@type\":\"ImageObject\",\"inLanguage\":\"ga\",\"@id\":\"https:\/\/dev.tg4.ie\/ga\/eolas\/preas\/nuacht-raitis\/2018-2\/ceol-traidisiunta-agus-tg4-i-lar-an-aonaigh-le-sraith-nua-tradfest-ar-tg4\/#primaryimage\",\"url\":\"https:\/\/tg4-docs.s3.amazonaws.com\/tg4-redesign-2015\/wp-content\/uploads\/2018\/01\/TradFest.jpg\",\"contentUrl\":\"https:\/\/tg4-docs.s3.amazonaws.com\/tg4-redesign-2015\/wp-content\/uploads\/2018\/01\/TradFest.jpg\",\"width\":1920,\"height\":1080,\"caption\":\"TradFest\"},{\"@type\":\"BreadcrumbList\",\"@id\":\"https:\/\/dev.tg4.ie\/ga\/eolas\/preas\/nuacht-raitis\/2018-2\/ceol-traidisiunta-agus-tg4-i-lar-an-aonaigh-le-sraith-nua-tradfest-ar-tg4\/#breadcrumb\",\"itemListElement\":[{\"@type\":\"ListItem\",\"position\":1,\"name\":\"Home\",\"item\":\"https:\/\/dev.tg4.ie\/ga\/\"},{\"@type\":\"ListItem\",\"position\":2,\"name\":\"Eolas\",\"item\":\"https:\/\/dev.tg4.ie\/ga\/eolas\/\"},{\"@type\":\"ListItem\",\"position\":3,\"name\":\"Preas\",\"item\":\"https:\/\/dev.tg4.ie\/ga\/eolas\/preas\/\"},{\"@type\":\"ListItem\",\"position\":4,\"name\":\"Nuacht R\u00e1itis\",\"item\":\"https:\/\/dev.tg4.ie\/ga\/eolas\/preas\/nuacht-raitis\/\"},{\"@type\":\"ListItem\",\"position\":5,\"name\":\"2018\",\"item\":\"https:\/\/dev.tg4.ie\/ga\/eolas\/preas\/nuacht-raitis\/2018-2\/\"},{\"@type\":\"ListItem\",\"position\":6,\"name\":\"Ceol Traidisi\u00fanta agus TG4 i l\u00e1r an aonaigh le sraith nua: \u2018TradFest ar TG4\u2019\"}]},{\"@type\":\"WebSite\",\"@id\":\"https:\/\/dev.tg4.ie\/en\/#website\",\"url\":\"https:\/\/dev.tg4.ie\/en\/\",\"name\":\"TG4\",\"description\":\"S\u00fail Eile\",\"potentialAction\":[{\"@type\":\"SearchAction\",\"target\":{\"@type\":\"EntryPoint\",\"urlTemplate\":\"https:\/\/dev.tg4.ie\/en\/?s={search_term_string}\"},\"query-input\":\"required name=search_term_string\"}],\"inLanguage\":\"ga\"}]}<\/script>\n<!-- \/ Yoast SEO plugin. -->","yoast_head_json":{"title":"Ceol Traidisi\u00fanta agus TG4 i l\u00e1r an aonaigh le sraith nua: \u2018TradFest ar TG4\u2019 - TG4","robots":{"index":"index","follow":"follow","max-snippet":"max-snippet:-1","max-image-preview":"max-image-preview:large","max-video-preview":"max-video-preview:-1"},"og_locale":"en_US","og_type":"article","og_title":"Ceol Traidisi\u00fanta agus TG4 i l\u00e1r an aonaigh le sraith nua: \u2018TradFest ar TG4\u2019 - TG4","og_description":"T\u00e1 TradFest ar bun anois le breis agus 10 mbliana anuas, f\u00e9ile chro\u00ed\u00fail a chuireann ceol traidisi\u00fanta i l\u00e1r an aonaigh, i l\u00e1r na pr\u00edomhchathrach ar feadh seachtaine gach bliain. T\u00e1 an comhlacht nua-bhunaithe Aniar TV ag s\u00fail leis an chuid is fearr den cheol agus den amhr\u00e1na\u00edocht traidisi\u00fanta as \u00c9irinn agus thar lear a [&hellip;]","og_url":"https:\/\/dev.tg4.ie\/ga\/eolas\/preas\/nuacht-raitis\/2018-2\/ceol-traidisiunta-agus-tg4-i-lar-an-aonaigh-le-sraith-nua-tradfest-ar-tg4\/","og_site_name":"TG4","article_publisher":"https:\/\/www.facebook.com\/TG4TV","article_modified_time":"2019-07-01T08:34:23+00:00","og_image":[{"width":1920,"height":1080,"url":"https:\/\/tg4-docs.s3.amazonaws.com\/tg4-redesign-2015\/wp-content\/uploads\/2018\/01\/TradFest.jpg","type":"image\/jpeg"}],"twitter_card":"summary_large_image","twitter_site":"@TG4TV","twitter_misc":{"Est. reading time":"2 minutes"},"schema":{"@context":"https:\/\/schema.org","@graph":[{"@type":"WebPage","@id":"https:\/\/dev.tg4.ie\/ga\/eolas\/preas\/nuacht-raitis\/2018-2\/ceol-traidisiunta-agus-tg4-i-lar-an-aonaigh-le-sraith-nua-tradfest-ar-tg4\/","url":"https:\/\/dev.tg4.ie\/ga\/eolas\/preas\/nuacht-raitis\/2018-2\/ceol-traidisiunta-agus-tg4-i-lar-an-aonaigh-le-sraith-nua-tradfest-ar-tg4\/","name":"Ceol Traidisi\u00fanta agus TG4 i l\u00e1r an aonaigh le sraith nua: \u2018TradFest ar TG4\u2019 - TG4","isPartOf":{"@id":"https:\/\/dev.tg4.ie\/en\/#website"},"primaryImageOfPage":{"@id":"https:\/\/dev.tg4.ie\/ga\/eolas\/preas\/nuacht-raitis\/2018-2\/ceol-traidisiunta-agus-tg4-i-lar-an-aonaigh-le-sraith-nua-tradfest-ar-tg4\/#primaryimage"},"image":{"@id":"https:\/\/dev.tg4.ie\/ga\/eolas\/preas\/nuacht-raitis\/2018-2\/ceol-traidisiunta-agus-tg4-i-lar-an-aonaigh-le-sraith-nua-tradfest-ar-tg4\/#primaryimage"},"thumbnailUrl":"https:\/\/tg4-docs.s3.amazonaws.com\/tg4-redesign-2015\/wp-content\/uploads\/2018\/01\/TradFest.jpg","datePublished":"2018-01-05T15:12:28+00:00","dateModified":"2019-07-01T08:34:23+00:00","breadcrumb":{"@id":"https:\/\/dev.tg4.ie\/ga\/eolas\/preas\/nuacht-raitis\/2018-2\/ceol-traidisiunta-agus-tg4-i-lar-an-aonaigh-le-sraith-nua-tradfest-ar-tg4\/#breadcrumb"},"inLanguage":"ga","potentialAction":[{"@type":"ReadAction","target":["https:\/\/dev.tg4.ie\/ga\/eolas\/preas\/nuacht-raitis\/2018-2\/ceol-traidisiunta-agus-tg4-i-lar-an-aonaigh-le-sraith-nua-tradfest-ar-tg4\/"]}]},{"@type":"ImageObject","inLanguage":"ga","@id":"https:\/\/dev.tg4.ie\/ga\/eolas\/preas\/nuacht-raitis\/2018-2\/ceol-traidisiunta-agus-tg4-i-lar-an-aonaigh-le-sraith-nua-tradfest-ar-tg4\/#primaryimage","url":"https:\/\/tg4-docs.s3.amazonaws.com\/tg4-redesign-2015\/wp-content\/uploads\/2018\/01\/TradFest.jpg","contentUrl":"https:\/\/tg4-docs.s3.amazonaws.com\/tg4-redesign-2015\/wp-content\/uploads\/2018\/01\/TradFest.jpg","width":1920,"height":1080,"caption":"TradFest"},{"@type":"BreadcrumbList","@id":"https:\/\/dev.tg4.ie\/ga\/eolas\/preas\/nuacht-raitis\/2018-2\/ceol-traidisiunta-agus-tg4-i-lar-an-aonaigh-le-sraith-nua-tradfest-ar-tg4\/#breadcrumb","itemListElement":[{"@type":"ListItem","position":1,"name":"Home","item":"https:\/\/dev.tg4.ie\/ga\/"},{"@type":"ListItem","position":2,"name":"Eolas","item":"https:\/\/dev.tg4.ie\/ga\/eolas\/"},{"@type":"ListItem","position":3,"name":"Preas","item":"https:\/\/dev.tg4.ie\/ga\/eolas\/preas\/"},{"@type":"ListItem","position":4,"name":"Nuacht R\u00e1itis","item":"https:\/\/dev.tg4.ie\/ga\/eolas\/preas\/nuacht-raitis\/"},{"@type":"ListItem","position":5,"name":"2018","item":"https:\/\/dev.tg4.ie\/ga\/eolas\/preas\/nuacht-raitis\/2018-2\/"},{"@type":"ListItem","position":6,"name":"Ceol Traidisi\u00fanta agus TG4 i l\u00e1r an aonaigh le sraith nua: \u2018TradFest ar TG4\u2019"}]},{"@type":"WebSite","@id":"https:\/\/dev.tg4.ie\/en\/#website","url":"https:\/\/dev.tg4.ie\/en\/","name":"TG4","description":"S\u00fail Eile","potentialAction":[{"@type":"SearchAction","target":{"@type":"EntryPoint","urlTemplate":"https:\/\/dev.tg4.ie\/en\/?s={search_term_string}"},"query-input":"required name=search_term_string"}],"inLanguage":"ga"}]}},"_links":{"self":[{"href":"https:\/\/dev.tg4.ie\/ga\/wp-json\/wp\/v2\/pages\/72503"}],"collection":[{"href":"https:\/\/dev.tg4.ie\/ga\/wp-json\/wp\/v2\/pages"}],"about":[{"href":"https:\/\/dev.tg4.ie\/ga\/wp-json\/wp\/v2\/types\/page"}],"author":[{"embeddable":true,"href":"https:\/\/dev.tg4.ie\/ga\/wp-json\/wp\/v2\/users\/999"}],"replies":[{"embeddable":true,"href":"https:\/\/dev.tg4.ie\/ga\/wp-json\/wp\/v2\/comments?post=72503"}],"version-history":[{"count":0,"href":"https:\/\/dev.tg4.ie\/ga\/wp-json\/wp\/v2\/pages\/72503\/revisions"}],"up":[{"embeddable":true,"href":"https:\/\/dev.tg4.ie\/ga\/wp-json\/wp\/v2\/pages\/72849"}],"wp:featuredmedia":[{"embeddable":true,"href":"https:\/\/dev.tg4.ie\/ga\/wp-json\/wp\/v2\/media\/72504"}],"wp:attachment":[{"href":"https:\/\/dev.tg4.ie\/ga\/wp-json\/wp\/v2\/media?parent=72503"}],"curies":[{"name":"wp","href":"https:\/\/api.w.org\/{rel}","templated":true}]}}