{"id":73197,"date":"2018-01-23T11:53:54","date_gmt":"2018-01-23T11:53:54","guid":{"rendered":"https:\/\/dev.tg4.ie\/?page_id=73197"},"modified":"2019-07-01T09:32:50","modified_gmt":"2019-07-01T08:32:50","slug":"maithe-agus-mor-uaisle-an-cheoil-thraidisiunta-ag-triail-ar-bheal-feirste-do-ghradam-ceoil","status":"publish","type":"page","link":"https:\/\/dev.tg4.ie\/ga\/eolas\/preas\/nuacht-raitis\/2018-2\/maithe-agus-mor-uaisle-an-cheoil-thraidisiunta-ag-triail-ar-bheal-feirste-do-ghradam-ceoil\/","title":{"rendered":"Maithe agus m\u00f3r uaisle an cheoil thraidisi\u00fanta ag triail ar Bh\u00e9al Feirste do Ghradam Ceoil"},"content":{"rendered":"<p><span>Ina measc sin a bheidh i l\u00e1thair ag <strong>Gradam Ceoil, gradaim cheoil thraidisi\u00fanta TG4,<\/strong> a bheidh ar si\u00fal i <strong>Waterfront Bh\u00e9al Feirste<\/strong>\u00a0 <strong>D\u00e9 Domhnaigh an 4 Feabhra, 2018 <\/strong>beidh an t-aisteoir cl\u00faiteach,<strong> Stephen Rea <\/strong>agus<strong> Matt Molloy The Chieftains<\/strong>.<\/span><\/p>\n<p><span>Anois agus dl\u00fas le s\u00e9as\u00far na ngradam, is deis a bheidh i Gradam Ceoil do lucht leanta an cheoil i mB\u00e9al Feirste sult a bhaint as an spraoi agus an r\u00edm\u00e9ad a bhaineann le h\u00f3c\u00e1id gradam den chine\u00e1l seo a chraoladh beo gan tr\u00e1cht ar na taispe\u00e1ntais bheo den ch\u00e9ad scoth a bheidh ann ar an o\u00edche.<\/span><\/p>\n<p><span>Seo \u00ed an ch\u00e9ad uair riamh \u00f3 buna\u00edodh an Gradam, bliain is fiche \u00f3 shin, a re\u00e1cht\u00e1lfar ceolchoirm Ghradam Ceoil i gC\u00faige Uladh. &#8216;Gradaim Oscar an cheoil thraidisi\u00fanta&#8217; mar a thugtar orthu, \u00f3c\u00e1id mh\u00f3r ag lucht leanta an cheoil ar fud na h\u00c9ireann agus n\u00edos faide \u00f3 bhaile, beidh an ceolchoirm bheo agus searmanas bronnta Ghradam Ceoil TG4 ar si\u00fal sa <strong>Waterfront i mB\u00e9al Feirste<\/strong> an <strong>Domhnach an 4 Feabhra, 2018<\/strong> agus craolfar beo ar <strong>TG4 iad ag 9.30pm<\/strong>.<\/span><\/p>\n<p><span>Agus pl\u00far na gceolt\u00f3ir\u00ed traidisi\u00fanta agus na n-amhr\u00e1naithe i l\u00e1thair, d\u00e9anann Gradam Ceoil ceili\u00faradh ar an gcumas at\u00e1 i gceolt\u00f3ir\u00ed ar fud na h\u00c9ireann agus an domhain agus a bhfuil bainte amach acu.\u00a0 Rachaidh na gradam\u00f3ir\u00ed, ceolt\u00f3ir\u00ed traidisi\u00fanta den ch\u00e9ad scoth, chun st\u00e1itse chun p\u00edosa\u00ed bre\u00e1tha ceoil a chasadh in \u00e9ineacht le maithe agus m\u00f3r uaisle eile an cheoil i se\u00f3 a mbeidh cuimhne go ceann i bhfad air. <\/span><\/p>\n<p><strong><span>T\u00e1 tic\u00e9id do Ghradam Ceoil 2018 TG4 le f\u00e1il \u00f3 <\/span><\/strong><span><a href=\"http:\/\/www.waterfront.co.uk\/\"><strong><em>www.waterfront.co.uk<\/em><\/strong><\/a><strong><em>\u00a0n\u00f3 ar an nguth\u00e1n ach glaoch ar 02890334455, ar chostas \u00a325 (ar \u00a322 i gc\u00e1s lac\u00e1iste). <\/em><\/strong><\/span><\/p>\n<p><strong><span>Chun tuilleadh eolais a fh\u00e1il t\u00e9igh chuig <\/span><\/strong><span><a href=\"http:\/\/www.gradam.ie\/\"><strong>www.gradam.ie<\/strong><\/a><strong>\u00a0 n\u00f3 nasc le Gradam Ceoil ar Facebook, facebook.com\/gradamceoil, Twitter, @GradamCeoil\u00a0n\u00f3 d\u00e9an cuardach ar an haischlib #Gradam.<\/strong><\/span><\/p>\n<p><strong><span>Tuilleadh&#8230;..<\/span><\/strong><\/p>\n<p><span>Bronnfar seacht ngradam ar fad ar an o\u00edche chomh maith le ceol beo \u00f3: <\/span><\/p>\n<ul>\n<li><strong>Gradam Ceoil:<\/strong> Frankie Gavin agus a chairde Alec Finn, Colm Murphy &amp; M\u00e1irt\u00edn O&#8217;Connor, baill bhunaidh De Dannan<\/li>\n<li><strong>Ceolt\u00f3ir \u00d3g na Bliana:<\/strong> Clare Friel in \u00e9ineacht lena deirfi\u00faracha. Arna bhronnadh ag Mair\u00e9ad N\u00ed Mhaonaigh, Altan<\/li>\n<li><strong>Gradam Saoil:<\/strong> Patsy Hanly, arna bhronnadh ag Matt Molloy, The Chieftains agus casfaidh an bheirt ceol ina dhiaidh sin in \u00e9ineacht.<\/li>\n<li><strong>Amhr\u00e1na\u00ed na Bliana:<\/strong> M\u00e1ire N\u00ed Ch\u00e9ileachair, arna bhronnadh ag Nell N\u00ed Chr\u00f3in\u00edn agus Conchubhar \u00d3 Luasa.<\/li>\n<li><strong>Gradam Comaoine:<\/strong> P\u00e1draig\u00edn N\u00ed Uallach\u00e1in, arna bhronnadh ag Stephen Rea. Casfaidh P\u00e1draig\u00edn in \u00e9ineacht le ha\u00edonna, The Voice Squad.<\/li>\n<li><strong>Gradam Comharcheoil:<\/strong> CONCERT arna chumadh ag Colin Dunne in \u00e9ineacht le Sin\u00e9ad Rushe agus Mel Mercier<\/li>\n<li><strong>Gradam Speisialta:<\/strong> The Field Marshal Montgomery Pipe Band<\/li>\n<\/ul>\n<p><span>Ar cheann an chomhairimh i measc ghradam\u00f3ir\u00ed na bliana seo beidh Frankie Gavin, an fidl\u00e9ir cl\u00faiteach agus ball bunaidh den ghr\u00fapa aitheanta De Dannan ar a mbronnfar Gradam Ceoil na Bliana. <\/span><\/p>\n<p><span>As Gaillimh \u00f3 dh\u00fachas, t\u00e1 ceol casta agus taifeadta ag Frankie ar fud an domhain le leith\u00e9id Andy Irvine, The Rolling Stones, Elvis Costello, St\u00e9phane Grappelli, <\/span>Earl Scruggs agus Sir Yehudi Menuhin. Chas s\u00e9 f\u00e9in agus a<span> bhanna ceol do iar-Uachtar\u00e1in Mheirice\u00e1 &#8211;<\/span>Clinton, Bush agus Obama.<span> In 2010 bh\u00ed s\u00e9 ar an bhfidl\u00e9ir ba ghasta ar an domhan agus \u00e1it aige ina leith sin sa Guinness Book of Records. <\/span><\/p>\n<p><span>Beidh baill bhunaidh De Dannan Alec Finn, Colm Murphy &amp; M\u00e1irt\u00edn O&#8217;Connor ar st\u00e1itse in \u00e9ineacht le Frankie i mB\u00e9al Feirste \u00e1it a bhfuiltear ag s\u00fail go m\u00f3r lena dteacht le ch\u00e9ile ar\u00eds. <\/span><\/p>\n<p><span>Ar <strong>Patsy Hanly<\/strong> as Co. Ros Com\u00e1in a bhronnfar an <strong>Gradam Saoil<\/strong>, bean a bhfuil ceol casta agus m\u00fainte aici ag f\u00e9ilt\u00ed ar fud an domhain mh\u00f3ir.\u00a0 In \u00f3m\u00f3s di casfaidh Matt Molloy \u00f3 The Chieftains in \u00e9ineacht le Patsy ar an o\u00edche. <\/span><\/p>\n<p><span>Is iad seaimp\u00edn\u00ed an domhain i Lios na gCearrbhach, <strong>The Field Marshal Montgomery Band<\/strong> &#8211; ar a mbronnfar an Gradam Speisialta &#8211; a thos\u00f3idh an se\u00f3 lena mbeidh\u00a0 mont\u00e1is speisialta a t\u00f3gadh in \u00e1iteanna aitheanta ar fud Bh\u00e9al Feirste agus ina dhiaidh sin amach san o\u00edche casfaidh siad beo i dtaispe\u00e1ntas spreag\u00fail, fuinni\u00fail.\u00a0\u00a0 Meastar iad anois a bheith i mbarr a maitheasa ar bhonn domhanda agus ceol traidisi\u00fanta na h\u00c9ireann tugtha ag FMM chuig lucht \u00e9isteachta agus lean\u00fana ar fud an domhain agus caighde\u00e1n den ch\u00e9ad scoth leagtha s\u00edos acu mar ar mian le dreamanna eile anois \u00e9 a bhaint amach.<\/span><\/p>\n<p><span>Gradam\u00f3ir eile as an \u00e1it \u00ed <strong>P\u00e1draig\u00edn N\u00ed Uallach\u00e1in<\/strong> (Gradam Comaoine), amhr\u00e1na\u00ed aitheanta, taighdeoir, file agus cumad\u00f3ir at\u00e1 lonnaithe i nDeisceart Ard Mhacha agus is cinnte go dtabharfa\u00ed s\u00ed taispe\u00e1ntas sc\u00e1far ar st\u00e1itse in \u00e9ineacht leis an ngr\u00fapa amhr\u00e1na\u00edochta, <strong>The Voice Squad. <\/strong>\u00a0<\/span><\/p>\n<p><span>Is as Glasch\u00fa <strong>Ceolt\u00f3ir \u00d3g na Bliana, Clare Friel<\/strong> agus t\u00e1 s\u00ed ag teacht chun cinn mar dhuine de na ceolt\u00f3ir\u00ed \u00f3ga traidisi\u00fanta is ionta\u00ed at\u00e1 ann i l\u00e1thair na huaire. L\u00e9iri\u00fa \u00e9 c\u00falra a muintire ar an gceangal agus oidhreacht roinnte idir T\u00edr Chonaill agus Albain ach ag an am c\u00e9anna tugann a st\u00f3r amhr\u00e1n l\u00e9argas ar stair na himirce agus an tr\u00e1cht cult\u00fair a bhfuil tionchar thar na bearta imeartha aige ar an gceol traidisi\u00fanta anseo in \u00c9irinn.\u00a0\u00a0 An t-aoi speisialta <em><strong>Mair\u00e9ad N\u00ed Mhaonaigh \u00f3 Altan, <\/strong><\/em><em>ar ar bronnadh Gradam Ceoil roimhe seo, a bhronnfaidh a gradam uirthi.\u00a0 <\/em><\/span><\/p>\n<p>Ar cheann de na gl\u00f3rtha is binne i gceol na h\u00c9ireann faoi l\u00e1thair t\u00e1 an t-amhr\u00e1na\u00ed as Corcaigh, <strong>M\u00e1ire N\u00ed Ch\u00e9ileachair<\/strong> ar a mbonnfar <strong>Gradam Amhr\u00e1na\u00ed na Bliana.<\/strong> M\u00fainteoir agus amhr\u00e1na\u00ed den ch\u00e9ad scoth, t\u00e1 s\u00ed ag m\u00faineadh amhr\u00e1na\u00edocht ar an sean-n\u00f3s ina ceantar d\u00fachais le blianta fada faoin sc\u00e9im <em>Aisling Gheal<\/em>.\u00a0 Ina teannta ar st\u00e1itse beidh na hamhr\u00e1naithe cl\u00faiteacha Nell N\u00ed Chr\u00f3in\u00edn agus Conchubhair \u00d3 Luasa.<\/p>\n<p><span>Agus n\u00ed f\u00e9idir dearmad a dh\u00e9anamh ar nd\u00f3igh ar an n<strong>Gradam Comharcheoil<\/strong> at\u00e1 le bronnadh ar <strong>CONCERT <\/strong>as an obair i gcomhar a rinneadh ar thaifeadadh aitheanta cheol Tommy Pots, The Liffey Banks<strong>.<\/strong><\/span><\/p>\n<p>Obair mhisni\u00fail i gcomhar at\u00e1 i CONCERT faoi sti\u00fair dhuine de na damhs\u00f3ir\u00ed Gaelacha is fearr againn, Colin Dunne. Arna sti\u00faradh ag Sin\u00e9ad Rushe le ceol \u00f3n gcumad\u00f3ir aitheanta Mel Mercier, tugtar damhsa Colin agus ceol casta Tommy Potts le ch\u00e9ile.\u00a0\u00a0 C\u00e9 gurb \u00e9 an ch\u00e1il a bh\u00ed ar an albam seo gur albam f\u00edne\u00e1lta, goilli\u00fanach ach fuinni\u00fail a bh\u00ed ann, mheas go leor nach bhf\u00e9adfa\u00ed damhsa a chur leis de bharr an neamhrialtacht a bhain le rithim an albaim.<\/p>\n<p>Chuir Dunne, Rushe agus Mercier saothar rompu a d\u00e9arfadh daoine n\u00e1rbh fh\u00e9idir a dh\u00e9anamh ach is cinnte, m\u00e1s casta f\u00e9in \u00e9, gur saothar \u00e1lainn, tuisceanach, meas\u00fail agus ardsiams\u00fail a thoradh.<\/p>\n<p><strong><span>T\u00e1 tic\u00e9id do Ghradam Ceoil 2018 TG4 le f\u00e1il \u00f3 <\/span><\/strong><span><a href=\"http:\/\/www.waterfront.co.uk\/\"><strong><em>www.waterfront.co.uk<\/em><\/strong><\/a><strong><em>\u00a0n\u00f3 ar an nguth\u00e1n ach glaoch ar 02890334455, ar chostas \u00a325 (ar lac\u00e1iste \u00a322 ). <\/em>T\u00e9igh chuig <\/strong><a href=\"http:\/\/www.gradam.ie\/\"><strong>www.gradam.ie<\/strong><\/a><strong>\u00a0 chun tuilleadh eolais a fh\u00e1il n\u00f3 nasc le Gradam Ceoil ar Facebook, facebook.com\/gradamceoil, Twitter, @GradamCeoil\u00a0n\u00f3 d\u00e9an cuardach ar an haischlib #Gradam.<\/strong><\/span><\/p>\n","protected":false},"excerpt":{"rendered":"<p>Ina measc sin a bheidh i l\u00e1thair ag Gradam Ceoil, gradaim cheoil thraidisi\u00fanta TG4, a bheidh ar si\u00fal i Waterfront Bh\u00e9al Feirste\u00a0 D\u00e9 Domhnaigh an 4 Feabhra, 2018 beidh an t-aisteoir cl\u00faiteach, Stephen Rea agus Matt Molloy The Chieftains. Anois agus dl\u00fas le s\u00e9as\u00far na ngradam, is deis a bheidh i Gradam Ceoil do lucht [&hellip;]<\/p>\n","protected":false},"author":999,"featured_media":37609,"parent":72849,"menu_order":1,"comment_status":"closed","ping_status":"closed","template":"page-templates\/template-pr.php","meta":{"_acf_changed":false,"footnotes":""},"acf":[],"yoast_head":"<!-- This site is optimized with the Yoast SEO plugin v22.6 - https:\/\/yoast.com\/wordpress\/plugins\/seo\/ -->\n<title>Maithe agus m\u00f3r uaisle an cheoil thraidisi\u00fanta ag triail ar Bh\u00e9al Feirste do Ghradam Ceoil - TG4<\/title>\n<meta name=\"robots\" content=\"index, follow, max-snippet:-1, max-image-preview:large, max-video-preview:-1\" \/>\n<meta property=\"og:locale\" content=\"en_US\" \/>\n<meta property=\"og:type\" content=\"article\" \/>\n<meta property=\"og:title\" content=\"Maithe agus m\u00f3r uaisle an cheoil thraidisi\u00fanta ag triail ar Bh\u00e9al Feirste do Ghradam Ceoil - TG4\" \/>\n<meta property=\"og:description\" content=\"Ina measc sin a bheidh i l\u00e1thair ag Gradam Ceoil, gradaim cheoil thraidisi\u00fanta TG4, a bheidh ar si\u00fal i Waterfront Bh\u00e9al Feirste\u00a0 D\u00e9 Domhnaigh an 4 Feabhra, 2018 beidh an t-aisteoir cl\u00faiteach, Stephen Rea agus Matt Molloy The Chieftains. Anois agus dl\u00fas le s\u00e9as\u00far na ngradam, is deis a bheidh i Gradam Ceoil do lucht [&hellip;]\" \/>\n<meta property=\"og:url\" content=\"https:\/\/dev.tg4.ie\/ga\/eolas\/preas\/nuacht-raitis\/2018-2\/maithe-agus-mor-uaisle-an-cheoil-thraidisiunta-ag-triail-ar-bheal-feirste-do-ghradam-ceoil\/\" \/>\n<meta property=\"og:site_name\" content=\"TG4\" \/>\n<meta property=\"article:publisher\" content=\"https:\/\/www.facebook.com\/TG4TV\" \/>\n<meta property=\"article:modified_time\" content=\"2019-07-01T08:32:50+00:00\" \/>\n<meta property=\"og:image\" content=\"https:\/\/tg4-docs.s3.amazonaws.com\/tg4-redesign-2015\/wp-content\/uploads\/2016\/01\/Gradam-Ceoil-TG4-2017.jpg\" \/>\n\t<meta property=\"og:image:width\" content=\"1920\" \/>\n\t<meta property=\"og:image:height\" content=\"1080\" \/>\n\t<meta property=\"og:image:type\" content=\"image\/jpeg\" \/>\n<meta name=\"twitter:card\" content=\"summary_large_image\" \/>\n<meta name=\"twitter:site\" content=\"@TG4TV\" \/>\n<meta name=\"twitter:label1\" content=\"Est. reading time\" \/>\n\t<meta name=\"twitter:data1\" content=\"6 minutes\" \/>\n<script type=\"application\/ld+json\" class=\"yoast-schema-graph\">{\"@context\":\"https:\/\/schema.org\",\"@graph\":[{\"@type\":\"WebPage\",\"@id\":\"https:\/\/dev.tg4.ie\/ga\/eolas\/preas\/nuacht-raitis\/2018-2\/maithe-agus-mor-uaisle-an-cheoil-thraidisiunta-ag-triail-ar-bheal-feirste-do-ghradam-ceoil\/\",\"url\":\"https:\/\/dev.tg4.ie\/ga\/eolas\/preas\/nuacht-raitis\/2018-2\/maithe-agus-mor-uaisle-an-cheoil-thraidisiunta-ag-triail-ar-bheal-feirste-do-ghradam-ceoil\/\",\"name\":\"Maithe agus m\u00f3r uaisle an cheoil thraidisi\u00fanta ag triail ar Bh\u00e9al Feirste do Ghradam Ceoil - TG4\",\"isPartOf\":{\"@id\":\"https:\/\/dev.tg4.ie\/en\/#website\"},\"primaryImageOfPage\":{\"@id\":\"https:\/\/dev.tg4.ie\/ga\/eolas\/preas\/nuacht-raitis\/2018-2\/maithe-agus-mor-uaisle-an-cheoil-thraidisiunta-ag-triail-ar-bheal-feirste-do-ghradam-ceoil\/#primaryimage\"},\"image\":{\"@id\":\"https:\/\/dev.tg4.ie\/ga\/eolas\/preas\/nuacht-raitis\/2018-2\/maithe-agus-mor-uaisle-an-cheoil-thraidisiunta-ag-triail-ar-bheal-feirste-do-ghradam-ceoil\/#primaryimage\"},\"thumbnailUrl\":\"https:\/\/tg4-docs.s3.amazonaws.com\/tg4-redesign-2015\/wp-content\/uploads\/2016\/01\/Gradam-Ceoil-TG4-2017.jpg\",\"datePublished\":\"2018-01-23T11:53:54+00:00\",\"dateModified\":\"2019-07-01T08:32:50+00:00\",\"breadcrumb\":{\"@id\":\"https:\/\/dev.tg4.ie\/ga\/eolas\/preas\/nuacht-raitis\/2018-2\/maithe-agus-mor-uaisle-an-cheoil-thraidisiunta-ag-triail-ar-bheal-feirste-do-ghradam-ceoil\/#breadcrumb\"},\"inLanguage\":\"ga\",\"potentialAction\":[{\"@type\":\"ReadAction\",\"target\":[\"https:\/\/dev.tg4.ie\/ga\/eolas\/preas\/nuacht-raitis\/2018-2\/maithe-agus-mor-uaisle-an-cheoil-thraidisiunta-ag-triail-ar-bheal-feirste-do-ghradam-ceoil\/\"]}]},{\"@type\":\"ImageObject\",\"inLanguage\":\"ga\",\"@id\":\"https:\/\/dev.tg4.ie\/ga\/eolas\/preas\/nuacht-raitis\/2018-2\/maithe-agus-mor-uaisle-an-cheoil-thraidisiunta-ag-triail-ar-bheal-feirste-do-ghradam-ceoil\/#primaryimage\",\"url\":\"https:\/\/tg4-docs.s3.amazonaws.com\/tg4-redesign-2015\/wp-content\/uploads\/2016\/01\/Gradam-Ceoil-TG4-2017.jpg\",\"contentUrl\":\"https:\/\/tg4-docs.s3.amazonaws.com\/tg4-redesign-2015\/wp-content\/uploads\/2016\/01\/Gradam-Ceoil-TG4-2017.jpg\",\"width\":1920,\"height\":1080,\"caption\":\"Gradam Ceoil TG4 2017\"},{\"@type\":\"BreadcrumbList\",\"@id\":\"https:\/\/dev.tg4.ie\/ga\/eolas\/preas\/nuacht-raitis\/2018-2\/maithe-agus-mor-uaisle-an-cheoil-thraidisiunta-ag-triail-ar-bheal-feirste-do-ghradam-ceoil\/#breadcrumb\",\"itemListElement\":[{\"@type\":\"ListItem\",\"position\":1,\"name\":\"Home\",\"item\":\"https:\/\/dev.tg4.ie\/ga\/\"},{\"@type\":\"ListItem\",\"position\":2,\"name\":\"Eolas\",\"item\":\"https:\/\/dev.tg4.ie\/ga\/eolas\/\"},{\"@type\":\"ListItem\",\"position\":3,\"name\":\"Preas\",\"item\":\"https:\/\/dev.tg4.ie\/ga\/eolas\/preas\/\"},{\"@type\":\"ListItem\",\"position\":4,\"name\":\"Nuacht R\u00e1itis\",\"item\":\"https:\/\/dev.tg4.ie\/ga\/eolas\/preas\/nuacht-raitis\/\"},{\"@type\":\"ListItem\",\"position\":5,\"name\":\"2018\",\"item\":\"https:\/\/dev.tg4.ie\/ga\/eolas\/preas\/nuacht-raitis\/2018-2\/\"},{\"@type\":\"ListItem\",\"position\":6,\"name\":\"Maithe agus m\u00f3r uaisle an cheoil thraidisi\u00fanta ag triail ar Bh\u00e9al Feirste do Ghradam Ceoil\"}]},{\"@type\":\"WebSite\",\"@id\":\"https:\/\/dev.tg4.ie\/en\/#website\",\"url\":\"https:\/\/dev.tg4.ie\/en\/\",\"name\":\"TG4\",\"description\":\"S\u00fail Eile\",\"potentialAction\":[{\"@type\":\"SearchAction\",\"target\":{\"@type\":\"EntryPoint\",\"urlTemplate\":\"https:\/\/dev.tg4.ie\/en\/?s={search_term_string}\"},\"query-input\":\"required name=search_term_string\"}],\"inLanguage\":\"ga\"}]}<\/script>\n<!-- \/ Yoast SEO plugin. -->","yoast_head_json":{"title":"Maithe agus m\u00f3r uaisle an cheoil thraidisi\u00fanta ag triail ar Bh\u00e9al Feirste do Ghradam Ceoil - TG4","robots":{"index":"index","follow":"follow","max-snippet":"max-snippet:-1","max-image-preview":"max-image-preview:large","max-video-preview":"max-video-preview:-1"},"og_locale":"en_US","og_type":"article","og_title":"Maithe agus m\u00f3r uaisle an cheoil thraidisi\u00fanta ag triail ar Bh\u00e9al Feirste do Ghradam Ceoil - TG4","og_description":"Ina measc sin a bheidh i l\u00e1thair ag Gradam Ceoil, gradaim cheoil thraidisi\u00fanta TG4, a bheidh ar si\u00fal i Waterfront Bh\u00e9al Feirste\u00a0 D\u00e9 Domhnaigh an 4 Feabhra, 2018 beidh an t-aisteoir cl\u00faiteach, Stephen Rea agus Matt Molloy The Chieftains. Anois agus dl\u00fas le s\u00e9as\u00far na ngradam, is deis a bheidh i Gradam Ceoil do lucht [&hellip;]","og_url":"https:\/\/dev.tg4.ie\/ga\/eolas\/preas\/nuacht-raitis\/2018-2\/maithe-agus-mor-uaisle-an-cheoil-thraidisiunta-ag-triail-ar-bheal-feirste-do-ghradam-ceoil\/","og_site_name":"TG4","article_publisher":"https:\/\/www.facebook.com\/TG4TV","article_modified_time":"2019-07-01T08:32:50+00:00","og_image":[{"width":1920,"height":1080,"url":"https:\/\/tg4-docs.s3.amazonaws.com\/tg4-redesign-2015\/wp-content\/uploads\/2016\/01\/Gradam-Ceoil-TG4-2017.jpg","type":"image\/jpeg"}],"twitter_card":"summary_large_image","twitter_site":"@TG4TV","twitter_misc":{"Est. reading time":"6 minutes"},"schema":{"@context":"https:\/\/schema.org","@graph":[{"@type":"WebPage","@id":"https:\/\/dev.tg4.ie\/ga\/eolas\/preas\/nuacht-raitis\/2018-2\/maithe-agus-mor-uaisle-an-cheoil-thraidisiunta-ag-triail-ar-bheal-feirste-do-ghradam-ceoil\/","url":"https:\/\/dev.tg4.ie\/ga\/eolas\/preas\/nuacht-raitis\/2018-2\/maithe-agus-mor-uaisle-an-cheoil-thraidisiunta-ag-triail-ar-bheal-feirste-do-ghradam-ceoil\/","name":"Maithe agus m\u00f3r uaisle an cheoil thraidisi\u00fanta ag triail ar Bh\u00e9al Feirste do Ghradam Ceoil - TG4","isPartOf":{"@id":"https:\/\/dev.tg4.ie\/en\/#website"},"primaryImageOfPage":{"@id":"https:\/\/dev.tg4.ie\/ga\/eolas\/preas\/nuacht-raitis\/2018-2\/maithe-agus-mor-uaisle-an-cheoil-thraidisiunta-ag-triail-ar-bheal-feirste-do-ghradam-ceoil\/#primaryimage"},"image":{"@id":"https:\/\/dev.tg4.ie\/ga\/eolas\/preas\/nuacht-raitis\/2018-2\/maithe-agus-mor-uaisle-an-cheoil-thraidisiunta-ag-triail-ar-bheal-feirste-do-ghradam-ceoil\/#primaryimage"},"thumbnailUrl":"https:\/\/tg4-docs.s3.amazonaws.com\/tg4-redesign-2015\/wp-content\/uploads\/2016\/01\/Gradam-Ceoil-TG4-2017.jpg","datePublished":"2018-01-23T11:53:54+00:00","dateModified":"2019-07-01T08:32:50+00:00","breadcrumb":{"@id":"https:\/\/dev.tg4.ie\/ga\/eolas\/preas\/nuacht-raitis\/2018-2\/maithe-agus-mor-uaisle-an-cheoil-thraidisiunta-ag-triail-ar-bheal-feirste-do-ghradam-ceoil\/#breadcrumb"},"inLanguage":"ga","potentialAction":[{"@type":"ReadAction","target":["https:\/\/dev.tg4.ie\/ga\/eolas\/preas\/nuacht-raitis\/2018-2\/maithe-agus-mor-uaisle-an-cheoil-thraidisiunta-ag-triail-ar-bheal-feirste-do-ghradam-ceoil\/"]}]},{"@type":"ImageObject","inLanguage":"ga","@id":"https:\/\/dev.tg4.ie\/ga\/eolas\/preas\/nuacht-raitis\/2018-2\/maithe-agus-mor-uaisle-an-cheoil-thraidisiunta-ag-triail-ar-bheal-feirste-do-ghradam-ceoil\/#primaryimage","url":"https:\/\/tg4-docs.s3.amazonaws.com\/tg4-redesign-2015\/wp-content\/uploads\/2016\/01\/Gradam-Ceoil-TG4-2017.jpg","contentUrl":"https:\/\/tg4-docs.s3.amazonaws.com\/tg4-redesign-2015\/wp-content\/uploads\/2016\/01\/Gradam-Ceoil-TG4-2017.jpg","width":1920,"height":1080,"caption":"Gradam Ceoil TG4 2017"},{"@type":"BreadcrumbList","@id":"https:\/\/dev.tg4.ie\/ga\/eolas\/preas\/nuacht-raitis\/2018-2\/maithe-agus-mor-uaisle-an-cheoil-thraidisiunta-ag-triail-ar-bheal-feirste-do-ghradam-ceoil\/#breadcrumb","itemListElement":[{"@type":"ListItem","position":1,"name":"Home","item":"https:\/\/dev.tg4.ie\/ga\/"},{"@type":"ListItem","position":2,"name":"Eolas","item":"https:\/\/dev.tg4.ie\/ga\/eolas\/"},{"@type":"ListItem","position":3,"name":"Preas","item":"https:\/\/dev.tg4.ie\/ga\/eolas\/preas\/"},{"@type":"ListItem","position":4,"name":"Nuacht R\u00e1itis","item":"https:\/\/dev.tg4.ie\/ga\/eolas\/preas\/nuacht-raitis\/"},{"@type":"ListItem","position":5,"name":"2018","item":"https:\/\/dev.tg4.ie\/ga\/eolas\/preas\/nuacht-raitis\/2018-2\/"},{"@type":"ListItem","position":6,"name":"Maithe agus m\u00f3r uaisle an cheoil thraidisi\u00fanta ag triail ar Bh\u00e9al Feirste do Ghradam Ceoil"}]},{"@type":"WebSite","@id":"https:\/\/dev.tg4.ie\/en\/#website","url":"https:\/\/dev.tg4.ie\/en\/","name":"TG4","description":"S\u00fail Eile","potentialAction":[{"@type":"SearchAction","target":{"@type":"EntryPoint","urlTemplate":"https:\/\/dev.tg4.ie\/en\/?s={search_term_string}"},"query-input":"required name=search_term_string"}],"inLanguage":"ga"}]}},"_links":{"self":[{"href":"https:\/\/dev.tg4.ie\/ga\/wp-json\/wp\/v2\/pages\/73197"}],"collection":[{"href":"https:\/\/dev.tg4.ie\/ga\/wp-json\/wp\/v2\/pages"}],"about":[{"href":"https:\/\/dev.tg4.ie\/ga\/wp-json\/wp\/v2\/types\/page"}],"author":[{"embeddable":true,"href":"https:\/\/dev.tg4.ie\/ga\/wp-json\/wp\/v2\/users\/999"}],"replies":[{"embeddable":true,"href":"https:\/\/dev.tg4.ie\/ga\/wp-json\/wp\/v2\/comments?post=73197"}],"version-history":[{"count":0,"href":"https:\/\/dev.tg4.ie\/ga\/wp-json\/wp\/v2\/pages\/73197\/revisions"}],"up":[{"embeddable":true,"href":"https:\/\/dev.tg4.ie\/ga\/wp-json\/wp\/v2\/pages\/72849"}],"wp:featuredmedia":[{"embeddable":true,"href":"https:\/\/dev.tg4.ie\/ga\/wp-json\/wp\/v2\/media\/37609"}],"wp:attachment":[{"href":"https:\/\/dev.tg4.ie\/ga\/wp-json\/wp\/v2\/media?parent=73197"}],"curies":[{"name":"wp","href":"https:\/\/api.w.org\/{rel}","templated":true}]}}