{"id":73366,"date":"2018-01-25T10:46:02","date_gmt":"2018-01-25T10:46:02","guid":{"rendered":"https:\/\/dev.tg4.ie\/?page_id=73366"},"modified":"2019-07-01T09:35:05","modified_gmt":"2019-07-01T08:35:05","slug":"cartlann-nuacht-tg4-1996-2004-seolta-ag-an-aire-naughten","status":"publish","type":"page","link":"https:\/\/dev.tg4.ie\/ga\/eolas\/preas\/nuacht-raitis\/2018-2\/cartlann-nuacht-tg4-1996-2004-seolta-ag-an-aire-naughten\/","title":{"rendered":"Cartlann Nuacht TG4 1996-2004 seolta ag an Aire Naughten"},"content":{"rendered":"<p>Sa gcartlann seo, t\u00e1 rochtain anois ar bhreis is m\u00edle go leith uair an chloig d\u2019\u00e1bhar nuachta agus c\u00farsa\u00ed reatha a l\u00e9irigh Nuacht RT\u00c9 do TG4 agus a craoladh ar TG4 i mblianta tosaigh na seirbh\u00edse. T\u00e1 an t-\u00e1bhar seo digitithe lena bhuan\u00fa agus catal\u00f3g\u00fa d\u00e9anta air ar mhaithe le h\u00e9asca\u00edocht rochtana. Fuair an togra maoini\u00fa \u00f3 Sc\u00e9im Chartlainne an \u00dadar\u00e1is Chraolach\u00e1in agus cead \u00f3 RT\u00c9.<\/p>\n<p>Is \u00e9 an comhlacht aitheanta Gaeltachta <em>Europus<\/em> a rinne an catal\u00f3g\u00fa ar an gcartlann, obair chonartha \u00f3 thairiscint phoibl\u00ed.\u00a0 Foireann TG4 f\u00e9in, le taca\u00edocht \u00f3 RT\u00c9 Archives a dhear an c\u00f3ras don chatal\u00f3g\u00fa, a ch\u00f3irigh agus a ghlan an t-\u00e1bhar ar t\u00e9ip sular haistr\u00edodh \u00e9 go form\u00e1id dhigiteach, agus a dhear agus a th\u00f3g an tairseach Idirl\u00edn ar a bhfuil an t-\u00e1bhar ar f\u00e1il anois, don \u00fas\u00e1ideoir ar bonn oideachas\u00fail agus taighde. \u00a0<span><a href=\"https:\/\/dev.tg4.ie\/cartlann\">www.tg4.ie\/cartlann<\/a><\/span><\/p>\n<p>T\u00e1 taisce luachmhar ilghn\u00e9itheach \u00e1bhair ar f\u00e1il sa gCartlann seo, sc\u00e9alta Gaeltachta, n\u00e1isi\u00fanta agus idirn\u00e1isi\u00fanta \u00f3 chian is \u00f3 ch\u00f3ngar, l\u00e9irithe go f\u00edsi\u00fail,\u00a0agallaimh le h\u00edseal agus uasal agus tuairisc\u00ed ar ghn\u00e9ithe iontacha, aisteacha, ghreannmhara agus thubaisteacha de shaol na h\u00c9ireann agus na Gaeltachta ach go h\u00e1irithe.\u00a0Cuirfidh lucht staire, l\u00e9inn, seanchais agus oideachais suim sna sc\u00e9alta seo \u00f3n <em>ts\u00fail eile.\u00a0 <\/em>Bainfidh foghlaimeoir\u00ed Gaeilge leas rialta astu freisin, is cinnte.<\/p>\n<p>Beidh Ollscoil na h\u00c9ireann Gaillimh ag tarraingt ar an \u00e1bhar seo mar acmhainn l\u00e9inn i raon leathan c\u00farsa\u00ed agus mod\u00fal at\u00e1 \u00e1 sol\u00e1thar ag an institi\u00faid sin.<\/p>\n","protected":false},"excerpt":{"rendered":"<p>Sa gcartlann seo, t\u00e1 rochtain anois ar bhreis is m\u00edle go leith uair an chloig d\u2019\u00e1bhar nuachta agus c\u00farsa\u00ed reatha a l\u00e9irigh Nuacht RT\u00c9 do TG4 agus a craoladh ar TG4 i mblianta tosaigh na seirbh\u00edse. T\u00e1 an t-\u00e1bhar seo digitithe lena bhuan\u00fa agus catal\u00f3g\u00fa d\u00e9anta air ar mhaithe le h\u00e9asca\u00edocht rochtana. Fuair an togra [&hellip;]<\/p>\n","protected":false},"author":999,"featured_media":73383,"parent":72849,"menu_order":2,"comment_status":"closed","ping_status":"closed","template":"page-templates\/template-pr.php","meta":{"_acf_changed":false,"footnotes":""},"acf":[],"yoast_head":"<!-- This site is optimized with the Yoast SEO plugin v22.6 - https:\/\/yoast.com\/wordpress\/plugins\/seo\/ -->\n<title>Cartlann Nuacht TG4 1996-2004 seolta ag an Aire Naughten - TG4<\/title>\n<meta name=\"robots\" content=\"index, follow, max-snippet:-1, max-image-preview:large, max-video-preview:-1\" \/>\n<meta property=\"og:locale\" content=\"en_US\" \/>\n<meta property=\"og:type\" content=\"article\" \/>\n<meta property=\"og:title\" content=\"Cartlann Nuacht TG4 1996-2004 seolta ag an Aire Naughten - TG4\" \/>\n<meta property=\"og:description\" content=\"Sa gcartlann seo, t\u00e1 rochtain anois ar bhreis is m\u00edle go leith uair an chloig d\u2019\u00e1bhar nuachta agus c\u00farsa\u00ed reatha a l\u00e9irigh Nuacht RT\u00c9 do TG4 agus a craoladh ar TG4 i mblianta tosaigh na seirbh\u00edse. T\u00e1 an t-\u00e1bhar seo digitithe lena bhuan\u00fa agus catal\u00f3g\u00fa d\u00e9anta air ar mhaithe le h\u00e9asca\u00edocht rochtana. Fuair an togra [&hellip;]\" \/>\n<meta property=\"og:url\" content=\"https:\/\/dev.tg4.ie\/ga\/eolas\/preas\/nuacht-raitis\/2018-2\/cartlann-nuacht-tg4-1996-2004-seolta-ag-an-aire-naughten\/\" \/>\n<meta property=\"og:site_name\" content=\"TG4\" \/>\n<meta property=\"article:publisher\" content=\"https:\/\/www.facebook.com\/TG4TV\" \/>\n<meta property=\"article:modified_time\" content=\"2019-07-01T08:35:05+00:00\" \/>\n<meta property=\"og:image\" content=\"https:\/\/tg4-docs.s3.amazonaws.com\/tg4-redesign-2015\/wp-content\/uploads\/2018\/01\/Cartlann.jpg\" \/>\n\t<meta property=\"og:image:width\" content=\"1920\" \/>\n\t<meta property=\"og:image:height\" content=\"1080\" \/>\n\t<meta property=\"og:image:type\" content=\"image\/jpeg\" \/>\n<meta name=\"twitter:card\" content=\"summary_large_image\" \/>\n<meta name=\"twitter:site\" content=\"@TG4TV\" \/>\n<meta name=\"twitter:label1\" content=\"Est. reading time\" \/>\n\t<meta name=\"twitter:data1\" content=\"1 minute\" \/>\n<script type=\"application\/ld+json\" class=\"yoast-schema-graph\">{\"@context\":\"https:\/\/schema.org\",\"@graph\":[{\"@type\":\"WebPage\",\"@id\":\"https:\/\/dev.tg4.ie\/ga\/eolas\/preas\/nuacht-raitis\/2018-2\/cartlann-nuacht-tg4-1996-2004-seolta-ag-an-aire-naughten\/\",\"url\":\"https:\/\/dev.tg4.ie\/ga\/eolas\/preas\/nuacht-raitis\/2018-2\/cartlann-nuacht-tg4-1996-2004-seolta-ag-an-aire-naughten\/\",\"name\":\"Cartlann Nuacht TG4 1996-2004 seolta ag an Aire Naughten - TG4\",\"isPartOf\":{\"@id\":\"https:\/\/dev.tg4.ie\/en\/#website\"},\"primaryImageOfPage\":{\"@id\":\"https:\/\/dev.tg4.ie\/ga\/eolas\/preas\/nuacht-raitis\/2018-2\/cartlann-nuacht-tg4-1996-2004-seolta-ag-an-aire-naughten\/#primaryimage\"},\"image\":{\"@id\":\"https:\/\/dev.tg4.ie\/ga\/eolas\/preas\/nuacht-raitis\/2018-2\/cartlann-nuacht-tg4-1996-2004-seolta-ag-an-aire-naughten\/#primaryimage\"},\"thumbnailUrl\":\"https:\/\/tg4-docs.s3.amazonaws.com\/tg4-redesign-2015\/wp-content\/uploads\/2018\/01\/Cartlann.jpg\",\"datePublished\":\"2018-01-25T10:46:02+00:00\",\"dateModified\":\"2019-07-01T08:35:05+00:00\",\"breadcrumb\":{\"@id\":\"https:\/\/dev.tg4.ie\/ga\/eolas\/preas\/nuacht-raitis\/2018-2\/cartlann-nuacht-tg4-1996-2004-seolta-ag-an-aire-naughten\/#breadcrumb\"},\"inLanguage\":\"ga\",\"potentialAction\":[{\"@type\":\"ReadAction\",\"target\":[\"https:\/\/dev.tg4.ie\/ga\/eolas\/preas\/nuacht-raitis\/2018-2\/cartlann-nuacht-tg4-1996-2004-seolta-ag-an-aire-naughten\/\"]}]},{\"@type\":\"ImageObject\",\"inLanguage\":\"ga\",\"@id\":\"https:\/\/dev.tg4.ie\/ga\/eolas\/preas\/nuacht-raitis\/2018-2\/cartlann-nuacht-tg4-1996-2004-seolta-ag-an-aire-naughten\/#primaryimage\",\"url\":\"https:\/\/tg4-docs.s3.amazonaws.com\/tg4-redesign-2015\/wp-content\/uploads\/2018\/01\/Cartlann.jpg\",\"contentUrl\":\"https:\/\/tg4-docs.s3.amazonaws.com\/tg4-redesign-2015\/wp-content\/uploads\/2018\/01\/Cartlann.jpg\",\"width\":1920,\"height\":1080,\"caption\":\"Cartlann\"},{\"@type\":\"BreadcrumbList\",\"@id\":\"https:\/\/dev.tg4.ie\/ga\/eolas\/preas\/nuacht-raitis\/2018-2\/cartlann-nuacht-tg4-1996-2004-seolta-ag-an-aire-naughten\/#breadcrumb\",\"itemListElement\":[{\"@type\":\"ListItem\",\"position\":1,\"name\":\"Home\",\"item\":\"https:\/\/dev.tg4.ie\/ga\/\"},{\"@type\":\"ListItem\",\"position\":2,\"name\":\"Eolas\",\"item\":\"https:\/\/dev.tg4.ie\/ga\/eolas\/\"},{\"@type\":\"ListItem\",\"position\":3,\"name\":\"Preas\",\"item\":\"https:\/\/dev.tg4.ie\/ga\/eolas\/preas\/\"},{\"@type\":\"ListItem\",\"position\":4,\"name\":\"Nuacht R\u00e1itis\",\"item\":\"https:\/\/dev.tg4.ie\/ga\/eolas\/preas\/nuacht-raitis\/\"},{\"@type\":\"ListItem\",\"position\":5,\"name\":\"2018\",\"item\":\"https:\/\/dev.tg4.ie\/ga\/eolas\/preas\/nuacht-raitis\/2018-2\/\"},{\"@type\":\"ListItem\",\"position\":6,\"name\":\"Cartlann Nuacht TG4 1996-2004 seolta ag an Aire Naughten\"}]},{\"@type\":\"WebSite\",\"@id\":\"https:\/\/dev.tg4.ie\/en\/#website\",\"url\":\"https:\/\/dev.tg4.ie\/en\/\",\"name\":\"TG4\",\"description\":\"S\u00fail Eile\",\"potentialAction\":[{\"@type\":\"SearchAction\",\"target\":{\"@type\":\"EntryPoint\",\"urlTemplate\":\"https:\/\/dev.tg4.ie\/en\/?s={search_term_string}\"},\"query-input\":\"required name=search_term_string\"}],\"inLanguage\":\"ga\"}]}<\/script>\n<!-- \/ Yoast SEO plugin. -->","yoast_head_json":{"title":"Cartlann Nuacht TG4 1996-2004 seolta ag an Aire Naughten - TG4","robots":{"index":"index","follow":"follow","max-snippet":"max-snippet:-1","max-image-preview":"max-image-preview:large","max-video-preview":"max-video-preview:-1"},"og_locale":"en_US","og_type":"article","og_title":"Cartlann Nuacht TG4 1996-2004 seolta ag an Aire Naughten - TG4","og_description":"Sa gcartlann seo, t\u00e1 rochtain anois ar bhreis is m\u00edle go leith uair an chloig d\u2019\u00e1bhar nuachta agus c\u00farsa\u00ed reatha a l\u00e9irigh Nuacht RT\u00c9 do TG4 agus a craoladh ar TG4 i mblianta tosaigh na seirbh\u00edse. T\u00e1 an t-\u00e1bhar seo digitithe lena bhuan\u00fa agus catal\u00f3g\u00fa d\u00e9anta air ar mhaithe le h\u00e9asca\u00edocht rochtana. Fuair an togra [&hellip;]","og_url":"https:\/\/dev.tg4.ie\/ga\/eolas\/preas\/nuacht-raitis\/2018-2\/cartlann-nuacht-tg4-1996-2004-seolta-ag-an-aire-naughten\/","og_site_name":"TG4","article_publisher":"https:\/\/www.facebook.com\/TG4TV","article_modified_time":"2019-07-01T08:35:05+00:00","og_image":[{"width":1920,"height":1080,"url":"https:\/\/tg4-docs.s3.amazonaws.com\/tg4-redesign-2015\/wp-content\/uploads\/2018\/01\/Cartlann.jpg","type":"image\/jpeg"}],"twitter_card":"summary_large_image","twitter_site":"@TG4TV","twitter_misc":{"Est. reading time":"1 minute"},"schema":{"@context":"https:\/\/schema.org","@graph":[{"@type":"WebPage","@id":"https:\/\/dev.tg4.ie\/ga\/eolas\/preas\/nuacht-raitis\/2018-2\/cartlann-nuacht-tg4-1996-2004-seolta-ag-an-aire-naughten\/","url":"https:\/\/dev.tg4.ie\/ga\/eolas\/preas\/nuacht-raitis\/2018-2\/cartlann-nuacht-tg4-1996-2004-seolta-ag-an-aire-naughten\/","name":"Cartlann Nuacht TG4 1996-2004 seolta ag an Aire Naughten - TG4","isPartOf":{"@id":"https:\/\/dev.tg4.ie\/en\/#website"},"primaryImageOfPage":{"@id":"https:\/\/dev.tg4.ie\/ga\/eolas\/preas\/nuacht-raitis\/2018-2\/cartlann-nuacht-tg4-1996-2004-seolta-ag-an-aire-naughten\/#primaryimage"},"image":{"@id":"https:\/\/dev.tg4.ie\/ga\/eolas\/preas\/nuacht-raitis\/2018-2\/cartlann-nuacht-tg4-1996-2004-seolta-ag-an-aire-naughten\/#primaryimage"},"thumbnailUrl":"https:\/\/tg4-docs.s3.amazonaws.com\/tg4-redesign-2015\/wp-content\/uploads\/2018\/01\/Cartlann.jpg","datePublished":"2018-01-25T10:46:02+00:00","dateModified":"2019-07-01T08:35:05+00:00","breadcrumb":{"@id":"https:\/\/dev.tg4.ie\/ga\/eolas\/preas\/nuacht-raitis\/2018-2\/cartlann-nuacht-tg4-1996-2004-seolta-ag-an-aire-naughten\/#breadcrumb"},"inLanguage":"ga","potentialAction":[{"@type":"ReadAction","target":["https:\/\/dev.tg4.ie\/ga\/eolas\/preas\/nuacht-raitis\/2018-2\/cartlann-nuacht-tg4-1996-2004-seolta-ag-an-aire-naughten\/"]}]},{"@type":"ImageObject","inLanguage":"ga","@id":"https:\/\/dev.tg4.ie\/ga\/eolas\/preas\/nuacht-raitis\/2018-2\/cartlann-nuacht-tg4-1996-2004-seolta-ag-an-aire-naughten\/#primaryimage","url":"https:\/\/tg4-docs.s3.amazonaws.com\/tg4-redesign-2015\/wp-content\/uploads\/2018\/01\/Cartlann.jpg","contentUrl":"https:\/\/tg4-docs.s3.amazonaws.com\/tg4-redesign-2015\/wp-content\/uploads\/2018\/01\/Cartlann.jpg","width":1920,"height":1080,"caption":"Cartlann"},{"@type":"BreadcrumbList","@id":"https:\/\/dev.tg4.ie\/ga\/eolas\/preas\/nuacht-raitis\/2018-2\/cartlann-nuacht-tg4-1996-2004-seolta-ag-an-aire-naughten\/#breadcrumb","itemListElement":[{"@type":"ListItem","position":1,"name":"Home","item":"https:\/\/dev.tg4.ie\/ga\/"},{"@type":"ListItem","position":2,"name":"Eolas","item":"https:\/\/dev.tg4.ie\/ga\/eolas\/"},{"@type":"ListItem","position":3,"name":"Preas","item":"https:\/\/dev.tg4.ie\/ga\/eolas\/preas\/"},{"@type":"ListItem","position":4,"name":"Nuacht R\u00e1itis","item":"https:\/\/dev.tg4.ie\/ga\/eolas\/preas\/nuacht-raitis\/"},{"@type":"ListItem","position":5,"name":"2018","item":"https:\/\/dev.tg4.ie\/ga\/eolas\/preas\/nuacht-raitis\/2018-2\/"},{"@type":"ListItem","position":6,"name":"Cartlann Nuacht TG4 1996-2004 seolta ag an Aire Naughten"}]},{"@type":"WebSite","@id":"https:\/\/dev.tg4.ie\/en\/#website","url":"https:\/\/dev.tg4.ie\/en\/","name":"TG4","description":"S\u00fail Eile","potentialAction":[{"@type":"SearchAction","target":{"@type":"EntryPoint","urlTemplate":"https:\/\/dev.tg4.ie\/en\/?s={search_term_string}"},"query-input":"required name=search_term_string"}],"inLanguage":"ga"}]}},"_links":{"self":[{"href":"https:\/\/dev.tg4.ie\/ga\/wp-json\/wp\/v2\/pages\/73366"}],"collection":[{"href":"https:\/\/dev.tg4.ie\/ga\/wp-json\/wp\/v2\/pages"}],"about":[{"href":"https:\/\/dev.tg4.ie\/ga\/wp-json\/wp\/v2\/types\/page"}],"author":[{"embeddable":true,"href":"https:\/\/dev.tg4.ie\/ga\/wp-json\/wp\/v2\/users\/999"}],"replies":[{"embeddable":true,"href":"https:\/\/dev.tg4.ie\/ga\/wp-json\/wp\/v2\/comments?post=73366"}],"version-history":[{"count":0,"href":"https:\/\/dev.tg4.ie\/ga\/wp-json\/wp\/v2\/pages\/73366\/revisions"}],"up":[{"embeddable":true,"href":"https:\/\/dev.tg4.ie\/ga\/wp-json\/wp\/v2\/pages\/72849"}],"wp:featuredmedia":[{"embeddable":true,"href":"https:\/\/dev.tg4.ie\/ga\/wp-json\/wp\/v2\/media\/73383"}],"wp:attachment":[{"href":"https:\/\/dev.tg4.ie\/ga\/wp-json\/wp\/v2\/media?parent=73366"}],"curies":[{"name":"wp","href":"https:\/\/api.w.org\/{rel}","templated":true}]}}