{"id":74513,"date":"2018-02-09T16:04:08","date_gmt":"2018-02-09T16:04:08","guid":{"rendered":"https:\/\/dev.tg4.ie\/?page_id=74513"},"modified":"2019-07-01T09:39:34","modified_gmt":"2019-07-01T08:39:34","slug":"realta-peile-agus-iomana-aitheanta-sa-seasur-nua-laochra-gael","status":"publish","type":"page","link":"https:\/\/dev.tg4.ie\/ga\/eolas\/preas\/nuacht-raitis\/2018-2\/realta-peile-agus-iomana-aitheanta-sa-seasur-nua-laochra-gael\/","title":{"rendered":"R\u00e9alta peile agus iom\u00e1na aitheanta sa s\u00e9as\u00far nua Laochra Gael"},"content":{"rendered":"<p><strong><u>Ag Tuiscint Lar Corbett<\/u><\/strong><\/p>\n<p>D\u2019fh\u00e1g Lar Corbett cuid dena heachtra\u00ed ba mh\u00f3, ab fhearr, agus ba ch\u00e1ili\u00fala riamh in\u00e1r gcuimhn\u00ed ar an iom\u00e1int chomh-aimseartha. Sa sp\u00f3rt agus ina shaol pearsanta, \u00e1fach, faigheann agus fuair daoine \u00e9 dodh\u00e9anta tuiscint a fh\u00e1il air. Iom\u00e1na\u00ed iomr\u00e1iteach, sc\u00e9ala\u00ed cumasach agus fiontra\u00ed ann f\u00e9in, c\u00edora\u00edonn an ch\u00e9ad chl\u00e1r sa tsraith an enigma thar a bheith siams\u00fail sin, Lar Corbett.<\/p>\n<p><strong><u>An F\u00edor Graham Geraghty<\/u><\/strong><\/p>\n<p><span>Fear l\u00e1n le talann, fear as f\u00e9in, fear dath\u00fail agus fear teasa\u00ed anois agus ar\u00eds, ba mhinic a bh\u00ed Graham Geraghty le feice\u00e1il sna me\u00e1in thabl\u00f3ideacha sna 1990da\u00ed agus ag t\u00fas an ch\u00e9id. \u00d3 pheilead\u00f3ir consp\u00f3ideach agus iontach, go hoibr\u00ed s\u00f3isialta a bh\u00edonn ag cuidi\u00fa le gl\u00fain \u00f3g caoi a chuir ar a saoil &#8211; t\u00e1 aistear Graham &#8211; a bh\u00ed thuas seal agus th\u00edos seal &#8211; l\u00e1n d&#8217;eachtra\u00ed agus de sc\u00e9alta suimi\u00fala<\/span>.<\/p>\n<p><strong><u>Ashling Thompson &#8211; Gaisc\u00edoch Ban<\/u><\/strong><\/p>\n<p><span>All Star Cam\u00f3ga\u00edochta, captaen buacach Uile \u00c9irinn agus duine de dh\u00edreach ceathrar l\u00fathchleasa\u00ed \u00c9ireannach at\u00e1 urraithe ag Red Bull, mainic\u00edn, abhc\u00f3ide sl\u00e1inte intinne agus gr\u00e1 geal na me\u00e1n &#8211; ach bh\u00ed tr\u00e1th ann gur fh\u00e9ach todhcha\u00ed Ashling Thompson chomh dona sin n\u00e1rbh ann do chor ar bith. Leanann an cl\u00e1r seo coimhlint epiceach Ashling go barr na cam\u00f3ga\u00edochta &#8211; \u00ed ag teacht sl\u00e1n ar fh\u00edor dhroch ghort\u00fa fisici\u00fail agus ar an d\u00falagar a chuir as go m\u00f3r di.<\/span><\/p>\n<p><strong><u>Henry Shefflin &#8211; R\u00ed na gCat<\/u><\/strong><\/p>\n<p><span>Bh\u00ed print\u00edseacht mhall ag Henry Shefflin ach sheas s\u00ed leis, anois go ndeir go leor go mba \u00e9 an t-iom\u00e1na\u00ed ab fhearr riamh &#8211; deich mbonn Uile \u00c9ireann- n\u00edos m\u00f3 n\u00e1 \u00e9inne eile &#8211; agus scata m\u00f3r gradaim Allstar. Ach lasmuigh d\u00e1 chuid \u00e9achta\u00ed ar na p\u00e1irceanna imeartha, bh\u00ed n\u00edos m\u00f3 i gceist le Henry agus tugann an cl\u00e1r seo l\u00e9argas ar dhaonnocht dhraoi na hiom\u00e1na.<\/span><\/p>\n<p><strong><u>Mickey Harte &#8211; Spiorad Dochlo\u00edte<\/u><\/strong><\/p>\n<p>Bunaitheoir na peile comhaimseartha\u00ed, deirtear, r\u00e9 stairi\u00fail mar dhuine dena bainisteoir\u00ed peile ab \u00e9ifeachta\u00ed, saol pearsanta buailte ag trag\u00f3id\u00ed agus ag d\u00fanmhar\u00fa uaf\u00e1sach a in\u00edne. Dhein Mickey Harte a rud f\u00e9in, le corr chonsp\u00f3id, ach n\u00edl aon laghd\u00fa tagtha ar a phaisean n\u00e1 ar a spiorad don saol agus don gCLG.<\/p>\n<p><span>T\u00e1 c\u00faig uair a chloig thar a bheith \u00e9ags\u00fail agus t\u00e1 c\u00faigear pearsa an difri\u00fal \u00f3na ch\u00e9ile faoi sc\u00e1th sa tsraith. Beidh moth\u00fach\u00e1in, l\u00e9argas, siamsa\u00edocht agus dr\u00e1ma cinnte i ngach cl\u00e1r. Coime\u00e1dfaidh an tsraith an lucht leanta d\u00edlis at\u00e1 aici thar na blianta agus ag an am ch\u00e9anna, lucht leanta nua agus n\u00edos leithne a mhealladh.<\/span><\/p>\n<p><strong>D\u00fairt Uachtar\u00e1n CLG Aog\u00e1n \u00d3 Fearghail<\/strong>, <em>\u201cT\u00e1 r\u00edm\u00e9ad orm f\u00e1ilti\u00fa roimh shraith eile Laochra Gael \u00f3 TG4, a bhfuil an t\u00f3ir c\u00e9anna uirthi is a bh\u00ed riamh. \u00a0T\u00e1 m\u00e9 ag tn\u00fath go m\u00f3r le h\u00e9achta\u00ed na laochra &#8211; cuid dena himreoir\u00ed is fearr a d&#8217;imir riamh- a fheice\u00e1il, chomh maith le duine de na bainisteoir\u00ed is iomr\u00e1it\u00ed a sheas riamh ar thaobhl\u00edne.\u00a0 Ba cheart go mbeadh br\u00f3d m\u00f3r ar gach duine den gc\u00faigear a roghna\u00edodh mar laochra, de bharr an m\u00e9id a rinne siad ar son \u00e1r gcluich\u00ed agus ar son an Chumainn L\u00fathchleas Gael i gcoitinne.\u00a0 T\u00e1 ard-mholadh tuillte acu dona r\u00f3lanna a ghlac siad go l\u00e9ir.<\/em><\/p>\n<p><em>Ba mhaith liom bu\u00edochas a ghabh\u00e1il le TG4 don taca\u00edocht lean\u00fanach a thugann siad dona cluich\u00ed Gaelacha ar ioma\u00ed sl\u00ed, n\u00ed hamh\u00e1in tr\u00ed chraoladh na gcluich\u00ed ach le cl\u00e1racha ard chaighde\u00e1in mar na cinn seo. Baineann idir chl\u00e9ir agus tuath taitneamh as na cl\u00e1racha seo agus baintear sult astu ar\u00eds agus aris eile de bharr na gcuimhn\u00ed iontacha a spreagann siad, n\u00ed hamh\u00e1in dona himreoir\u00ed ach do gach duine ar an taobhl\u00edne a bh\u00ed meallta ag a gcuid scileanna\u201d<\/em><\/p>\n<p><strong>Chuir Leascheannasa\u00ed TG4, P\u00e1dhraic \u00d3 Ciardha<\/strong> f\u00e1ilte mh\u00f3r roimh an tsraith nua.\u00a0 \u201c<em>Is cuid l\u00e1rnach de chl\u00fadach cuimsitheach TG4 ar na cluich\u00ed Gaelacha \u00e9 <\/em>Laochra Gael,\u201d a d\u00fairt s\u00e9 \u201c<em>agus is cinnte go gcuirfidh\u00a0 cl\u00e1racha an ts\u00e9as\u00fair nua tuilleadh le st\u00e1das agus le c\u00e1il na sraithe.\u00a0 Tugann an fhorm\u00e1id nua, uair an chloig do gach cl\u00e1r, an deis don lucht f\u00e9achana aithne agus tuiscint dhoimhin a fh\u00e1il ar gach laoch agus ar an dtiomantas pearsanta a thug go barr cumais iad.\u201d<\/em><\/p>\n<p><strong>Arsa L\u00e9iritheoir Feidhmeach agus Sti\u00farth\u00f3ir Bainist\u00edochta Nemeton, Irial Mac Murch\u00fa<\/strong>: <em>&#8220;T\u00e1imid an-bhr\u00f3d\u00fail as gach a bhfuil bainte amach ag foireann l\u00e9irithe Laochra Gael, le 156 cl\u00e1r d\u00e9anta acu faoin am seo. I mbliana, t\u00e1imid imithe n\u00edos doimhne isteach sna sc\u00e9alta pearsanta, rud a thugann l\u00e9argas breise ar an laoch, maraon le s\u00fail siar ar a laethanta imeartha&#8221;\u00a0<\/em><\/p>\n<p><strong>Laochra Gael <\/strong><strong>TG4 9.30 i.n. gach C\u00e9adaoin \u00f3 28\u00fa Feabhra<\/strong><\/p>\n<p><strong><em>Breis eolais:<\/em><\/strong><strong>: R\u00f3n\u00e1n \u00d3 Coisdealbha, Sp\u00f3rt TG4\u00a0 \u00a0(087) 2472841\u00a0 \u00a0E-mail: <a href=\"mailto:sport@dev.tg4.ie\">sport@dev.tg4.ie<\/a><\/strong><\/p>\n<ul>\n<li><em>Cl\u00e1r 1:\u00a0 Lar Corbett, 9.30 i.n. C\u00e9adaoin, 28\u00fa Feabhra<\/em><\/li>\n<li><em>Cl\u00e1r 2:\u00a0 Graham Geraghty, 9.30 i.n. C\u00e9adaoin 7\u00fa M\u00e1rta<\/em><\/li>\n<li><em>Cl\u00e1r 3:\u00a0 Aisling Thompson, 9.30 i.n. C\u00e9adaoin 14\u00fa Marta<\/em><\/li>\n<li><em>Cl\u00e1r 4:\u00a0 Henry Shefflin, 9.30 i.n. \u00a0C\u00e9adaoin 21\u00fa M\u00e1rta<\/em><\/li>\n<li><em>Cl\u00e1r 5:\u00a0 Mickey Harte,\u00a0 9.30 i.n. \u00a0C\u00e9adaoin 28\u00fa M\u00e1rta<\/em><\/li>\n<\/ul>\n","protected":false},"excerpt":{"rendered":"<p>Ag Tuiscint Lar Corbett D\u2019fh\u00e1g Lar Corbett cuid dena heachtra\u00ed ba mh\u00f3, ab fhearr, agus ba ch\u00e1ili\u00fala riamh in\u00e1r gcuimhn\u00ed ar an iom\u00e1int chomh-aimseartha. Sa sp\u00f3rt agus ina shaol pearsanta, \u00e1fach, faigheann agus fuair daoine \u00e9 dodh\u00e9anta tuiscint a fh\u00e1il air. Iom\u00e1na\u00ed iomr\u00e1iteach, sc\u00e9ala\u00ed cumasach agus fiontra\u00ed ann f\u00e9in, c\u00edora\u00edonn an ch\u00e9ad chl\u00e1r sa tsraith [&hellip;]<\/p>\n","protected":false},"author":999,"featured_media":42191,"parent":72849,"menu_order":4,"comment_status":"closed","ping_status":"closed","template":"page-templates\/template-pr.php","meta":{"_acf_changed":false,"footnotes":""},"acf":[],"yoast_head":"<!-- This site is optimized with the Yoast SEO plugin v22.6 - https:\/\/yoast.com\/wordpress\/plugins\/seo\/ -->\n<title>R\u00e9alta peile agus iom\u00e1na aitheanta sa s\u00e9as\u00far nua Laochra Gael - TG4<\/title>\n<meta name=\"robots\" content=\"index, follow, max-snippet:-1, max-image-preview:large, max-video-preview:-1\" \/>\n<meta property=\"og:locale\" content=\"en_US\" \/>\n<meta property=\"og:type\" content=\"article\" \/>\n<meta property=\"og:title\" content=\"R\u00e9alta peile agus iom\u00e1na aitheanta sa s\u00e9as\u00far nua Laochra Gael - TG4\" \/>\n<meta property=\"og:description\" content=\"Ag Tuiscint Lar Corbett D\u2019fh\u00e1g Lar Corbett cuid dena heachtra\u00ed ba mh\u00f3, ab fhearr, agus ba ch\u00e1ili\u00fala riamh in\u00e1r gcuimhn\u00ed ar an iom\u00e1int chomh-aimseartha. Sa sp\u00f3rt agus ina shaol pearsanta, \u00e1fach, faigheann agus fuair daoine \u00e9 dodh\u00e9anta tuiscint a fh\u00e1il air. Iom\u00e1na\u00ed iomr\u00e1iteach, sc\u00e9ala\u00ed cumasach agus fiontra\u00ed ann f\u00e9in, c\u00edora\u00edonn an ch\u00e9ad chl\u00e1r sa tsraith [&hellip;]\" \/>\n<meta property=\"og:url\" content=\"https:\/\/dev.tg4.ie\/ga\/eolas\/preas\/nuacht-raitis\/2018-2\/realta-peile-agus-iomana-aitheanta-sa-seasur-nua-laochra-gael\/\" \/>\n<meta property=\"og:site_name\" content=\"TG4\" \/>\n<meta property=\"article:publisher\" content=\"https:\/\/www.facebook.com\/TG4TV\" \/>\n<meta property=\"article:modified_time\" content=\"2019-07-01T08:39:34+00:00\" \/>\n<meta property=\"og:image\" content=\"https:\/\/tg4-docs.s3.amazonaws.com\/tg4-redesign-2015\/wp-content\/uploads\/2016\/01\/Laochra-Gael-Jpeg-1.jpg\" \/>\n\t<meta property=\"og:image:width\" content=\"1920\" \/>\n\t<meta property=\"og:image:height\" content=\"1080\" \/>\n\t<meta property=\"og:image:type\" content=\"image\/jpeg\" \/>\n<meta name=\"twitter:card\" content=\"summary_large_image\" \/>\n<meta name=\"twitter:site\" content=\"@TG4TV\" \/>\n<meta name=\"twitter:label1\" content=\"Est. reading time\" \/>\n\t<meta name=\"twitter:data1\" content=\"5 minutes\" \/>\n<script type=\"application\/ld+json\" class=\"yoast-schema-graph\">{\"@context\":\"https:\/\/schema.org\",\"@graph\":[{\"@type\":\"WebPage\",\"@id\":\"https:\/\/dev.tg4.ie\/ga\/eolas\/preas\/nuacht-raitis\/2018-2\/realta-peile-agus-iomana-aitheanta-sa-seasur-nua-laochra-gael\/\",\"url\":\"https:\/\/dev.tg4.ie\/ga\/eolas\/preas\/nuacht-raitis\/2018-2\/realta-peile-agus-iomana-aitheanta-sa-seasur-nua-laochra-gael\/\",\"name\":\"R\u00e9alta peile agus iom\u00e1na aitheanta sa s\u00e9as\u00far nua Laochra Gael - TG4\",\"isPartOf\":{\"@id\":\"https:\/\/dev.tg4.ie\/en\/#website\"},\"primaryImageOfPage\":{\"@id\":\"https:\/\/dev.tg4.ie\/ga\/eolas\/preas\/nuacht-raitis\/2018-2\/realta-peile-agus-iomana-aitheanta-sa-seasur-nua-laochra-gael\/#primaryimage\"},\"image\":{\"@id\":\"https:\/\/dev.tg4.ie\/ga\/eolas\/preas\/nuacht-raitis\/2018-2\/realta-peile-agus-iomana-aitheanta-sa-seasur-nua-laochra-gael\/#primaryimage\"},\"thumbnailUrl\":\"https:\/\/tg4-docs.s3.amazonaws.com\/tg4-redesign-2015\/wp-content\/uploads\/2016\/01\/Laochra-Gael-Jpeg-1.jpg\",\"datePublished\":\"2018-02-09T16:04:08+00:00\",\"dateModified\":\"2019-07-01T08:39:34+00:00\",\"breadcrumb\":{\"@id\":\"https:\/\/dev.tg4.ie\/ga\/eolas\/preas\/nuacht-raitis\/2018-2\/realta-peile-agus-iomana-aitheanta-sa-seasur-nua-laochra-gael\/#breadcrumb\"},\"inLanguage\":\"ga\",\"potentialAction\":[{\"@type\":\"ReadAction\",\"target\":[\"https:\/\/dev.tg4.ie\/ga\/eolas\/preas\/nuacht-raitis\/2018-2\/realta-peile-agus-iomana-aitheanta-sa-seasur-nua-laochra-gael\/\"]}]},{\"@type\":\"ImageObject\",\"inLanguage\":\"ga\",\"@id\":\"https:\/\/dev.tg4.ie\/ga\/eolas\/preas\/nuacht-raitis\/2018-2\/realta-peile-agus-iomana-aitheanta-sa-seasur-nua-laochra-gael\/#primaryimage\",\"url\":\"https:\/\/tg4-docs.s3.amazonaws.com\/tg4-redesign-2015\/wp-content\/uploads\/2016\/01\/Laochra-Gael-Jpeg-1.jpg\",\"contentUrl\":\"https:\/\/tg4-docs.s3.amazonaws.com\/tg4-redesign-2015\/wp-content\/uploads\/2016\/01\/Laochra-Gael-Jpeg-1.jpg\",\"width\":1920,\"height\":1080,\"caption\":\"Laochra Gael\"},{\"@type\":\"BreadcrumbList\",\"@id\":\"https:\/\/dev.tg4.ie\/ga\/eolas\/preas\/nuacht-raitis\/2018-2\/realta-peile-agus-iomana-aitheanta-sa-seasur-nua-laochra-gael\/#breadcrumb\",\"itemListElement\":[{\"@type\":\"ListItem\",\"position\":1,\"name\":\"Home\",\"item\":\"https:\/\/dev.tg4.ie\/ga\/\"},{\"@type\":\"ListItem\",\"position\":2,\"name\":\"Eolas\",\"item\":\"https:\/\/dev.tg4.ie\/ga\/eolas\/\"},{\"@type\":\"ListItem\",\"position\":3,\"name\":\"Preas\",\"item\":\"https:\/\/dev.tg4.ie\/ga\/eolas\/preas\/\"},{\"@type\":\"ListItem\",\"position\":4,\"name\":\"Nuacht R\u00e1itis\",\"item\":\"https:\/\/dev.tg4.ie\/ga\/eolas\/preas\/nuacht-raitis\/\"},{\"@type\":\"ListItem\",\"position\":5,\"name\":\"2018\",\"item\":\"https:\/\/dev.tg4.ie\/ga\/eolas\/preas\/nuacht-raitis\/2018-2\/\"},{\"@type\":\"ListItem\",\"position\":6,\"name\":\"R\u00e9alta peile agus iom\u00e1na aitheanta sa s\u00e9as\u00far nua Laochra Gael\"}]},{\"@type\":\"WebSite\",\"@id\":\"https:\/\/dev.tg4.ie\/en\/#website\",\"url\":\"https:\/\/dev.tg4.ie\/en\/\",\"name\":\"TG4\",\"description\":\"S\u00fail Eile\",\"potentialAction\":[{\"@type\":\"SearchAction\",\"target\":{\"@type\":\"EntryPoint\",\"urlTemplate\":\"https:\/\/dev.tg4.ie\/en\/?s={search_term_string}\"},\"query-input\":\"required name=search_term_string\"}],\"inLanguage\":\"ga\"}]}<\/script>\n<!-- \/ Yoast SEO plugin. -->","yoast_head_json":{"title":"R\u00e9alta peile agus iom\u00e1na aitheanta sa s\u00e9as\u00far nua Laochra Gael - TG4","robots":{"index":"index","follow":"follow","max-snippet":"max-snippet:-1","max-image-preview":"max-image-preview:large","max-video-preview":"max-video-preview:-1"},"og_locale":"en_US","og_type":"article","og_title":"R\u00e9alta peile agus iom\u00e1na aitheanta sa s\u00e9as\u00far nua Laochra Gael - TG4","og_description":"Ag Tuiscint Lar Corbett D\u2019fh\u00e1g Lar Corbett cuid dena heachtra\u00ed ba mh\u00f3, ab fhearr, agus ba ch\u00e1ili\u00fala riamh in\u00e1r gcuimhn\u00ed ar an iom\u00e1int chomh-aimseartha. Sa sp\u00f3rt agus ina shaol pearsanta, \u00e1fach, faigheann agus fuair daoine \u00e9 dodh\u00e9anta tuiscint a fh\u00e1il air. Iom\u00e1na\u00ed iomr\u00e1iteach, sc\u00e9ala\u00ed cumasach agus fiontra\u00ed ann f\u00e9in, c\u00edora\u00edonn an ch\u00e9ad chl\u00e1r sa tsraith [&hellip;]","og_url":"https:\/\/dev.tg4.ie\/ga\/eolas\/preas\/nuacht-raitis\/2018-2\/realta-peile-agus-iomana-aitheanta-sa-seasur-nua-laochra-gael\/","og_site_name":"TG4","article_publisher":"https:\/\/www.facebook.com\/TG4TV","article_modified_time":"2019-07-01T08:39:34+00:00","og_image":[{"width":1920,"height":1080,"url":"https:\/\/tg4-docs.s3.amazonaws.com\/tg4-redesign-2015\/wp-content\/uploads\/2016\/01\/Laochra-Gael-Jpeg-1.jpg","type":"image\/jpeg"}],"twitter_card":"summary_large_image","twitter_site":"@TG4TV","twitter_misc":{"Est. reading time":"5 minutes"},"schema":{"@context":"https:\/\/schema.org","@graph":[{"@type":"WebPage","@id":"https:\/\/dev.tg4.ie\/ga\/eolas\/preas\/nuacht-raitis\/2018-2\/realta-peile-agus-iomana-aitheanta-sa-seasur-nua-laochra-gael\/","url":"https:\/\/dev.tg4.ie\/ga\/eolas\/preas\/nuacht-raitis\/2018-2\/realta-peile-agus-iomana-aitheanta-sa-seasur-nua-laochra-gael\/","name":"R\u00e9alta peile agus iom\u00e1na aitheanta sa s\u00e9as\u00far nua Laochra Gael - TG4","isPartOf":{"@id":"https:\/\/dev.tg4.ie\/en\/#website"},"primaryImageOfPage":{"@id":"https:\/\/dev.tg4.ie\/ga\/eolas\/preas\/nuacht-raitis\/2018-2\/realta-peile-agus-iomana-aitheanta-sa-seasur-nua-laochra-gael\/#primaryimage"},"image":{"@id":"https:\/\/dev.tg4.ie\/ga\/eolas\/preas\/nuacht-raitis\/2018-2\/realta-peile-agus-iomana-aitheanta-sa-seasur-nua-laochra-gael\/#primaryimage"},"thumbnailUrl":"https:\/\/tg4-docs.s3.amazonaws.com\/tg4-redesign-2015\/wp-content\/uploads\/2016\/01\/Laochra-Gael-Jpeg-1.jpg","datePublished":"2018-02-09T16:04:08+00:00","dateModified":"2019-07-01T08:39:34+00:00","breadcrumb":{"@id":"https:\/\/dev.tg4.ie\/ga\/eolas\/preas\/nuacht-raitis\/2018-2\/realta-peile-agus-iomana-aitheanta-sa-seasur-nua-laochra-gael\/#breadcrumb"},"inLanguage":"ga","potentialAction":[{"@type":"ReadAction","target":["https:\/\/dev.tg4.ie\/ga\/eolas\/preas\/nuacht-raitis\/2018-2\/realta-peile-agus-iomana-aitheanta-sa-seasur-nua-laochra-gael\/"]}]},{"@type":"ImageObject","inLanguage":"ga","@id":"https:\/\/dev.tg4.ie\/ga\/eolas\/preas\/nuacht-raitis\/2018-2\/realta-peile-agus-iomana-aitheanta-sa-seasur-nua-laochra-gael\/#primaryimage","url":"https:\/\/tg4-docs.s3.amazonaws.com\/tg4-redesign-2015\/wp-content\/uploads\/2016\/01\/Laochra-Gael-Jpeg-1.jpg","contentUrl":"https:\/\/tg4-docs.s3.amazonaws.com\/tg4-redesign-2015\/wp-content\/uploads\/2016\/01\/Laochra-Gael-Jpeg-1.jpg","width":1920,"height":1080,"caption":"Laochra Gael"},{"@type":"BreadcrumbList","@id":"https:\/\/dev.tg4.ie\/ga\/eolas\/preas\/nuacht-raitis\/2018-2\/realta-peile-agus-iomana-aitheanta-sa-seasur-nua-laochra-gael\/#breadcrumb","itemListElement":[{"@type":"ListItem","position":1,"name":"Home","item":"https:\/\/dev.tg4.ie\/ga\/"},{"@type":"ListItem","position":2,"name":"Eolas","item":"https:\/\/dev.tg4.ie\/ga\/eolas\/"},{"@type":"ListItem","position":3,"name":"Preas","item":"https:\/\/dev.tg4.ie\/ga\/eolas\/preas\/"},{"@type":"ListItem","position":4,"name":"Nuacht R\u00e1itis","item":"https:\/\/dev.tg4.ie\/ga\/eolas\/preas\/nuacht-raitis\/"},{"@type":"ListItem","position":5,"name":"2018","item":"https:\/\/dev.tg4.ie\/ga\/eolas\/preas\/nuacht-raitis\/2018-2\/"},{"@type":"ListItem","position":6,"name":"R\u00e9alta peile agus iom\u00e1na aitheanta sa s\u00e9as\u00far nua Laochra Gael"}]},{"@type":"WebSite","@id":"https:\/\/dev.tg4.ie\/en\/#website","url":"https:\/\/dev.tg4.ie\/en\/","name":"TG4","description":"S\u00fail Eile","potentialAction":[{"@type":"SearchAction","target":{"@type":"EntryPoint","urlTemplate":"https:\/\/dev.tg4.ie\/en\/?s={search_term_string}"},"query-input":"required name=search_term_string"}],"inLanguage":"ga"}]}},"_links":{"self":[{"href":"https:\/\/dev.tg4.ie\/ga\/wp-json\/wp\/v2\/pages\/74513"}],"collection":[{"href":"https:\/\/dev.tg4.ie\/ga\/wp-json\/wp\/v2\/pages"}],"about":[{"href":"https:\/\/dev.tg4.ie\/ga\/wp-json\/wp\/v2\/types\/page"}],"author":[{"embeddable":true,"href":"https:\/\/dev.tg4.ie\/ga\/wp-json\/wp\/v2\/users\/999"}],"replies":[{"embeddable":true,"href":"https:\/\/dev.tg4.ie\/ga\/wp-json\/wp\/v2\/comments?post=74513"}],"version-history":[{"count":0,"href":"https:\/\/dev.tg4.ie\/ga\/wp-json\/wp\/v2\/pages\/74513\/revisions"}],"up":[{"embeddable":true,"href":"https:\/\/dev.tg4.ie\/ga\/wp-json\/wp\/v2\/pages\/72849"}],"wp:featuredmedia":[{"embeddable":true,"href":"https:\/\/dev.tg4.ie\/ga\/wp-json\/wp\/v2\/media\/42191"}],"wp:attachment":[{"href":"https:\/\/dev.tg4.ie\/ga\/wp-json\/wp\/v2\/media?parent=74513"}],"curies":[{"name":"wp","href":"https:\/\/api.w.org\/{rel}","templated":true}]}}