{"id":7786,"date":"2016-01-11T12:20:12","date_gmt":"2016-01-11T12:20:12","guid":{"rendered":"https:\/\/dev.tg4.ie\/corporate\/preas\/press-releases\/2016-2\/11-01-16\/"},"modified":"2019-06-24T16:09:48","modified_gmt":"2019-06-24T15:09:48","slug":"11-01-16","status":"publish","type":"page","link":"https:\/\/dev.tg4.ie\/ga\/eolas\/preas\/nuacht-raitis\/2016-2\/11-01-16\/","title":{"rendered":"11.01.16"},"content":{"rendered":"<p>Chuireamar romhainn sc\u00f3p agus raon leathan a chuimsi\u00fa in\u00e1r gcl\u00e1racha com\u00f3rtha ionas nach ar an \u00c9ir\u00ed Amach amh\u00e1in a dh\u00edreofar ach ar na heagrais agus ar na daoine a ghlac p\u00e1irt agus go rianfar freisin an tr\u00e9imhse shuaite a lean agus sc\u00e9al an n\u00e1isi\u00fain \u00f3 shin freisin.<\/p>\n<p>As seo go deireadh na bliana craolfaimid rogha shubstainti\u00fail \u00e1bhair\u00a0\u00a0 &#8211; faisn\u00e9is, dr\u00e1ma\u00edocht, ceol, sp\u00f3rt agus eile \u2013 idir \u00e1bhar cartlainne agus nua-choimisi\u00fanaithe, a chuirfidh le tuiscint an lucht f\u00e9achana ar imeachta\u00ed 1916 agus ar bhreith agus ar fhorbairt an n\u00e1isi\u00fain sna blianta corracha a lean \u00e9 agus anuas go dt\u00ed \u00e1r linn f\u00e9in.<\/p>\n<p>T\u00e1 dh\u00e1 shraithdhr\u00e1ma nua Gaeilge coimisi\u00fanaithe againn don chom\u00f3radh agus an <em>ts\u00fail eile <\/em>\u00e1 hoibri\u00fa ar sc\u00e9al an \u00c9ir\u00ed Amach iontu ar aon.\u00a0 <strong><em>\u00c9ir\u00ed Amach Am\u00fa\u00a0\u00a0 <\/em><\/strong>is teideal do dhr\u00e1ma ina dtarla\u00edonn do thri\u00far fear \u00f3n\u00e1r linn f\u00e9in taisteal siar sa stair agus lonn\u00fa i l\u00e1r an scli\u00fachais san ardchathair ar Luan C\u00e1sca 1916.\u00a0 T\u00e1 an greann go smior sa tsraith seo ach d\u00fais\u00edonn s\u00ed roinnt bun-cheisteanna freisin.<\/p>\n<p><strong><em>EIPIC\u00a0 <\/em><\/strong>\u00a0(t\u00fas craolta 4 Feabhra) is teideal do dhr\u00e1ma at\u00e1 suite in\u00e1r linn f\u00e9in ach a bhfuil macalla l\u00e1idir den \u00c9ir\u00ed Amach ann freisin.\u00a0 Seo sc\u00e9al ghr\u00fapa \u00f3g\u00e1nach as baile beag ci\u00fain faoin dtuath a ghlacann seilbh ar oifig an phoist(!) lena r\u00e9abhl\u00f3id cheoil f\u00e9in a bhun\u00fa \u2013 agus i nGaeilge freisin.<\/p>\n<p>Is fada c\u00e1il na gcl\u00e1r faisn\u00e9ise agus staire ar TG4 agus beidh scoth an \u00e1bhair ar f\u00e1il le linn na Earraigh agus ina dhiaidh agus tr\u00e1cht ann ar ch\u00falra an \u00c9ir\u00ed Amach, Chogadh na Saoirse agus Cogadh na gCarad agus ar bhun\u00fa an tSaorst\u00e1it agus ar fh\u00e1s an n\u00e1isi\u00fain \u00f3 shin.<\/p>\n<p>Beidh an t-\u00e1bhar seo ar f\u00e1il go rialta i dh\u00e1 thr\u00e1th at\u00e1 tiomnaithe chuige sa gcl\u00e1rsceideal.\u00a0 <strong>Gach C\u00e9adaoin ar TG4 ag 7.30pm, <\/strong>d\u00edreofar ar an \u00c9ir\u00ed Amach f\u00e9in agus ar na pearsain a d\u2019eagraigh \u00e9, a throid ann agus a cuireadh chun b\u00e1is d\u00edreach ina dhiaidh.\u00a0 R\u00edomhtar a sc\u00e9al sa d\u00e1 shraith aitheanta <em>Seachtar na C\u00e1sca <\/em>agus<em> Seachtar<\/em> <em>Dearmadta <\/em>at\u00e1 le craoladh an athuair mar seo a leanas:<\/p>\n<p>&nbsp;<\/p>\n<table width=\"75%\">\n<tbody>\n<tr>\n<td>06\/01\/2016<\/td>\n<td>Tom Clarke<\/td>\n<td><\/td>\n<\/tr>\n<tr>\n<td>13\/01\/2016<\/td>\n<td>Thomas MacDonagh<\/td>\n<\/tr>\n<tr>\n<td>20\/01\/2016<\/td>\n<td>Patrick Pearse<\/td>\n<\/tr>\n<tr>\n<td>27\/01\/2016<\/td>\n<td>Michael O\u2019Hanrahan<\/td>\n<\/tr>\n<tr>\n<td>03\/02\/2016<\/td>\n<td>Joseph Plunkett<\/td>\n<\/tr>\n<tr>\n<td>10\/02\/2016<\/td>\n<td>Ned Daly<\/td>\n<\/tr>\n<tr>\n<td>17\/02\/2016<\/td>\n<td>Willie Pearse<\/td>\n<\/tr>\n<tr>\n<td>24\/02\/2016<\/td>\n<td>John MacBride<\/td>\n<\/tr>\n<tr>\n<td>02\/03\/2016<\/td>\n<td>Sean Heuston<\/td>\n<\/tr>\n<tr>\n<td>09\/03\/2016<\/td>\n<td>Michael Mallin<\/td>\n<\/tr>\n<tr>\n<td>16\/03\/2016<\/td>\n<td>\u00c9amonn Ceannt<\/td>\n<\/tr>\n<tr>\n<td>23\/03\/2016<\/td>\n<td>Con Colbert<\/td>\n<\/tr>\n<tr>\n<td>30\/03\/2016<\/td>\n<td>Se\u00e1n Mac Diarmada<\/td>\n<\/tr>\n<\/tbody>\n<\/table>\n<p>&nbsp;<\/p>\n<p>Chomh maith le cl\u00e1racha sin 1916, t\u00e1 tr\u00e1th rialta eile sa gcl\u00e1rsceiceal seachtaini\u00fail <strong>(M\u00e1irt 9.30pm)<\/strong> curtha in \u00e1irithe feasta ag TG4 d\u2019\u00e1bhar a thugann l\u00e9argas ar mh\u00f3r-imeachta\u00ed, cro\u00ed-eagrais agus pearsain chinni\u00fanacha i bhforbairt sc\u00e9al an n\u00e1isi\u00fain.<\/p>\n<p>Ina measc seo t\u00e1 c\u00e1s\u00a0 <strong><em>An Trucail\u00edn Donn<\/em><\/strong> \u2013inar cuireadh an dl\u00ed ar Niall Mac Giolla Bhr\u00edde as Gaeltacht Th\u00edr Chonaill\u00a0 mar go raibh a ainm scr\u00edofa i nGaeilge aige ar a charr asail, rud nach raibh dleathach ag an am.\u00a0 Bheartaigh na h\u00fadar\u00e1is an dl\u00ed a chur air (an t-aon ch\u00e1s c\u00fairte a throid <strong>P\u00e1draig Mac Piarais <\/strong>ina ghairm mar abhc\u00f3ide).\u00a0 C\u00e9 gur bhuaigh an Chor\u00f3in an c\u00e1s, bhain\u00a0 Conradh na Gaeilge l\u00e1n-leas as an deis phoibl\u00edochta le c\u00e1s na teanga a chur chun cinn.\u00a0 (12 Feabhra).<\/p>\n<p>Is ioma\u00ed cor i mbreith agus i bhf\u00e1s n\u00e1isi\u00fain agus is minic daoine a rinne go leor ar an gc\u00falr\u00e1id a bheith ligthe i ndearmad nuair a scr\u00edobhtar na ceannl\u00ednte.\u00a0\u00a0\u00a0 I stair na h\u00c9ireann, is annamh a thugtar a gceart do na mn\u00e1 a sheas agus a throid agus a d\u2019fhulaing.\u00a0 F\u00e9achann<em>\u00a0\u00a0 <strong>Cumann na mBan<\/strong><\/em> (2 Feabhra) le cuid den leatrom sin\u00a0 a chur ina cheart maidir leis an \u00c9ir\u00ed Amach agus Cogadh an Saoirse\u00a0 agus rianann <strong><em>Kathleen Lynn<\/em><\/strong> (23 Feabhra) sc\u00e9al mn\u00e1 a rinne a cion san \u00c9ir\u00ed Amach ach a shaothraigh do d\u00edcheallach ar mhaithe le sl\u00e1inte agus Saoirse na mban ar feadh na mblianta fada ina dhiaidh.<\/p>\n<p>Bhain cru\u00e1l agus consp\u00f3id\u00ed go leor le blianta bunaidh an tSaorst\u00e1it agus b\u2019\u00e9 cinneadh an Rialtais nua daoine a chur chun b\u00e1is gan triail shibhialta thar a bheith dian.\u00a0 Ar na daoine a b\u00e1sa\u00edodh mar seo bh\u00ed <strong><em>Erskine Childers<\/em><\/strong> (19 Ean\u00e1ir), Poblachtach, \u00fadar aitheanta agus Protast\u00fanach.\u00a0\u00a0\u00a0\u00a0 Duine eile a rinne a chion d\u2019\u00c9ire ar a bhealach f\u00e9in ab ea <strong><em>Jim Driscoll<\/em> <\/strong>(26\u00a0 Ean\u00e1ir)\u00a0 dorn\u00e1la\u00ed de bhunadh na t\u00edre seo a rugadh agus a t\u00f3gadh sa mBreatain Bheag ach a thuill gean agus meas ar \u00c9ireannaigh ansin as a chumas.\u00a0 Pearsa i bhfad n\u00edba chonsp\u00f3id\u00ed ab ea <strong><em>Earn\u00e1n de Blaghd <\/em><\/strong>(15 Aibre\u00e1n) Poblachtach Preispit\u00e9ireach, pearsa casta a thuill idir mheas agus fhuath lena linn \u2013 mar pholaiteoir, mar Aire Airgeadais agus mar Sti\u00farth\u00f3ir ar Amharclann na Mainistreach.<\/p>\n<p>Iriseoir eile ab ea <strong><em>Frank Sheehy Skeffington<\/em> (<\/strong>8 M\u00e1rta) a raibh aithne mhaithe aige ar pholaiteoir\u00ed agus ar cheannair\u00ed an \u00c9ir\u00ed Amach.\u00a0 Fear s\u00edoch\u00e1na ab ea \u00e9 a dhi\u00faltaigh don fhor\u00e9igin ach a d\u00fanmhara\u00edodh go gr\u00e1nna ag f\u00edor-th\u00fas Sheachtain na C\u00e1sca.<\/p>\n<p>Agus an Saorst\u00e1t bunaithe agus s\u00edoch\u00e1in i bhfeidhm, thug an Rialtas aghaidh ar na d\u00fashl\u00e1in a bhaineann le neamhsple\u00e1chas tionscla\u00edoch agus eacnama\u00edoch a bhaint amach.\u00a0 Tr\u00e1chtann <strong><em>Ginead\u00f3ir an St\u00e1it\u00a0 <\/em><\/strong>(9 Feabhra)\u00a0\u00a0 ar an togra is m\u00f3 ar fad acu, sc\u00e9im chun leictreachas a ghini\u00faint \u00f3 chumhacht na habhann is m\u00f3 ar an oile\u00e1n, tionscnamh oll-mh\u00f3r inar fosta\u00edodh na m\u00edlte ag obair ar na su\u00edomh in Ard na Croise.<\/p>\n<p>Sa mbreis ar na cl\u00e1racha seo a chraolfar i l\u00e1r na seachtaine, cinnteoidh TG4 cl\u00fadach com\u00f3rtha eile freisin.\u00a0 Craolfar stair CLG agus t\u00e1imid ag obair ar bheo-chl\u00fadach a shol\u00e1thar ar \u00f3c\u00e1id ar leith i bP\u00e1irc an Chr\u00f3caigh ag Cluich\u00ed Ceannais na Sraithe 2016\u00a0 cothrom an lae, 100 bliain go d\u00edreach \u00f3n \u00c9ir\u00ed Amach.<\/p>\n<p>Fil\u00ed agus \u00fadair ab ea roinnt de cheannair\u00ed na R\u00e9abhl\u00f3ide agus beidh a n-oidhreacht sin agus a sliocht in aschur cult\u00fair agus eala\u00edne TG4 i mbliana freisin.\u00a0 Ina measc seo beidh <strong><em>Deargdh\u00fail <\/em><\/strong>cl\u00e1r nua f\u00edsi\u00fail ar dh\u00e1nta <strong>Mh\u00e1ire Mhac an tSaoi, <\/strong>\u00a0\u00a0bean at\u00e1 ar chomh-aois leis an St\u00e1t agus ar in\u00edon \u00ed le duine de mh\u00f3r-pholaiteoir\u00ed na haoise seo caite, fear a throid san \u00c9ir\u00ed Amach.\u00a0\u00a0 (15 M\u00e1rta).<\/p>\n<p>I bp\u00e1irt leis an gComhairle Eala\u00edon, t\u00e1 8 ngearrscann\u00e1n nua coimisi\u00fanaithe ag TG4 ar th\u00e9ama na n-eala\u00edon in \u00c9irinn le 100 bliain (le craoladh i m\u00ed M\u00e1rta) agus beidh aitheantas ar leith d\u2019oidhreacht 1916 ar f\u00e1il i ngradam speisialta a bheidh mar chuid de <strong>Ghradam Ceoil TG4 2016 <\/strong>a fh\u00f3gr\u00f3far go luath.<\/p>\n","protected":false},"excerpt":{"rendered":"<p>Chuireamar romhainn sc\u00f3p agus raon leathan a chuimsi\u00fa in\u00e1r gcl\u00e1racha com\u00f3rtha ionas nach ar an \u00c9ir\u00ed Amach amh\u00e1in a dh\u00edreofar ach ar na heagrais agus ar na daoine a ghlac p\u00e1irt agus go rianfar freisin an tr\u00e9imhse shuaite a lean agus sc\u00e9al an n\u00e1isi\u00fain \u00f3 shin freisin. As seo go deireadh na bliana craolfaimid rogha [&hellip;]<\/p>\n","protected":false},"author":4,"featured_media":7901,"parent":6580,"menu_order":0,"comment_status":"closed","ping_status":"closed","template":"page-templates\/template-pr.php","meta":{"_acf_changed":false,"footnotes":""},"acf":[],"yoast_head":"<!-- This site is optimized with the Yoast SEO plugin v22.6 - https:\/\/yoast.com\/wordpress\/plugins\/seo\/ -->\n<title>11.01.16 - TG4<\/title>\n<meta name=\"robots\" content=\"index, follow, max-snippet:-1, max-image-preview:large, max-video-preview:-1\" \/>\n<meta property=\"og:locale\" content=\"en_US\" \/>\n<meta property=\"og:type\" content=\"article\" \/>\n<meta property=\"og:title\" content=\"11.01.16 - TG4\" \/>\n<meta property=\"og:description\" content=\"Chuireamar romhainn sc\u00f3p agus raon leathan a chuimsi\u00fa in\u00e1r gcl\u00e1racha com\u00f3rtha ionas nach ar an \u00c9ir\u00ed Amach amh\u00e1in a dh\u00edreofar ach ar na heagrais agus ar na daoine a ghlac p\u00e1irt agus go rianfar freisin an tr\u00e9imhse shuaite a lean agus sc\u00e9al an n\u00e1isi\u00fain \u00f3 shin freisin. As seo go deireadh na bliana craolfaimid rogha [&hellip;]\" \/>\n<meta property=\"og:url\" content=\"https:\/\/dev.tg4.ie\/ga\/eolas\/preas\/nuacht-raitis\/2016-2\/11-01-16\/\" \/>\n<meta property=\"og:site_name\" content=\"TG4\" \/>\n<meta property=\"article:publisher\" content=\"https:\/\/www.facebook.com\/TG4TV\" \/>\n<meta property=\"article:modified_time\" content=\"2019-06-24T15:09:48+00:00\" \/>\n<meta property=\"og:image\" content=\"https:\/\/tg4-docs.s3.amazonaws.com\/tg4-redesign-2015\/wp-content\/uploads\/2015\/12\/1916-100-Sceal.jpg\" \/>\n\t<meta property=\"og:image:width\" content=\"1920\" \/>\n\t<meta property=\"og:image:height\" content=\"1080\" \/>\n\t<meta property=\"og:image:type\" content=\"image\/jpeg\" \/>\n<meta name=\"twitter:card\" content=\"summary_large_image\" \/>\n<meta name=\"twitter:site\" content=\"@TG4TV\" \/>\n<meta name=\"twitter:label1\" content=\"Est. reading time\" \/>\n\t<meta name=\"twitter:data1\" content=\"6 minutes\" \/>\n<script type=\"application\/ld+json\" class=\"yoast-schema-graph\">{\"@context\":\"https:\/\/schema.org\",\"@graph\":[{\"@type\":\"WebPage\",\"@id\":\"https:\/\/dev.tg4.ie\/ga\/eolas\/preas\/nuacht-raitis\/2016-2\/11-01-16\/\",\"url\":\"https:\/\/dev.tg4.ie\/ga\/eolas\/preas\/nuacht-raitis\/2016-2\/11-01-16\/\",\"name\":\"11.01.16 - TG4\",\"isPartOf\":{\"@id\":\"https:\/\/dev.tg4.ie\/en\/#website\"},\"primaryImageOfPage\":{\"@id\":\"https:\/\/dev.tg4.ie\/ga\/eolas\/preas\/nuacht-raitis\/2016-2\/11-01-16\/#primaryimage\"},\"image\":{\"@id\":\"https:\/\/dev.tg4.ie\/ga\/eolas\/preas\/nuacht-raitis\/2016-2\/11-01-16\/#primaryimage\"},\"thumbnailUrl\":\"https:\/\/tg4-docs.s3.amazonaws.com\/tg4-redesign-2015\/wp-content\/uploads\/2015\/12\/1916-100-Sceal.jpg\",\"datePublished\":\"2016-01-11T12:20:12+00:00\",\"dateModified\":\"2019-06-24T15:09:48+00:00\",\"breadcrumb\":{\"@id\":\"https:\/\/dev.tg4.ie\/ga\/eolas\/preas\/nuacht-raitis\/2016-2\/11-01-16\/#breadcrumb\"},\"inLanguage\":\"ga\",\"potentialAction\":[{\"@type\":\"ReadAction\",\"target\":[\"https:\/\/dev.tg4.ie\/ga\/eolas\/preas\/nuacht-raitis\/2016-2\/11-01-16\/\"]}]},{\"@type\":\"ImageObject\",\"inLanguage\":\"ga\",\"@id\":\"https:\/\/dev.tg4.ie\/ga\/eolas\/preas\/nuacht-raitis\/2016-2\/11-01-16\/#primaryimage\",\"url\":\"https:\/\/tg4-docs.s3.amazonaws.com\/tg4-redesign-2015\/wp-content\/uploads\/2015\/12\/1916-100-Sceal.jpg\",\"contentUrl\":\"https:\/\/tg4-docs.s3.amazonaws.com\/tg4-redesign-2015\/wp-content\/uploads\/2015\/12\/1916-100-Sceal.jpg\",\"width\":1920,\"height\":1080,\"caption\":\"1916 - 100 Sc\u00e9al\"},{\"@type\":\"BreadcrumbList\",\"@id\":\"https:\/\/dev.tg4.ie\/ga\/eolas\/preas\/nuacht-raitis\/2016-2\/11-01-16\/#breadcrumb\",\"itemListElement\":[{\"@type\":\"ListItem\",\"position\":1,\"name\":\"Home\",\"item\":\"https:\/\/dev.tg4.ie\/ga\/\"},{\"@type\":\"ListItem\",\"position\":2,\"name\":\"Eolas\",\"item\":\"https:\/\/dev.tg4.ie\/ga\/eolas\/\"},{\"@type\":\"ListItem\",\"position\":3,\"name\":\"Preas\",\"item\":\"https:\/\/dev.tg4.ie\/ga\/eolas\/preas\/\"},{\"@type\":\"ListItem\",\"position\":4,\"name\":\"Nuacht R\u00e1itis\",\"item\":\"https:\/\/dev.tg4.ie\/ga\/eolas\/preas\/nuacht-raitis\/\"},{\"@type\":\"ListItem\",\"position\":5,\"name\":\"2016\",\"item\":\"https:\/\/dev.tg4.ie\/ga\/eolas\/preas\/nuacht-raitis\/2016-2\/\"},{\"@type\":\"ListItem\",\"position\":6,\"name\":\"11.01.16\"}]},{\"@type\":\"WebSite\",\"@id\":\"https:\/\/dev.tg4.ie\/en\/#website\",\"url\":\"https:\/\/dev.tg4.ie\/en\/\",\"name\":\"TG4\",\"description\":\"S\u00fail Eile\",\"potentialAction\":[{\"@type\":\"SearchAction\",\"target\":{\"@type\":\"EntryPoint\",\"urlTemplate\":\"https:\/\/dev.tg4.ie\/en\/?s={search_term_string}\"},\"query-input\":\"required name=search_term_string\"}],\"inLanguage\":\"ga\"}]}<\/script>\n<!-- \/ Yoast SEO plugin. -->","yoast_head_json":{"title":"11.01.16 - TG4","robots":{"index":"index","follow":"follow","max-snippet":"max-snippet:-1","max-image-preview":"max-image-preview:large","max-video-preview":"max-video-preview:-1"},"og_locale":"en_US","og_type":"article","og_title":"11.01.16 - TG4","og_description":"Chuireamar romhainn sc\u00f3p agus raon leathan a chuimsi\u00fa in\u00e1r gcl\u00e1racha com\u00f3rtha ionas nach ar an \u00c9ir\u00ed Amach amh\u00e1in a dh\u00edreofar ach ar na heagrais agus ar na daoine a ghlac p\u00e1irt agus go rianfar freisin an tr\u00e9imhse shuaite a lean agus sc\u00e9al an n\u00e1isi\u00fain \u00f3 shin freisin. As seo go deireadh na bliana craolfaimid rogha [&hellip;]","og_url":"https:\/\/dev.tg4.ie\/ga\/eolas\/preas\/nuacht-raitis\/2016-2\/11-01-16\/","og_site_name":"TG4","article_publisher":"https:\/\/www.facebook.com\/TG4TV","article_modified_time":"2019-06-24T15:09:48+00:00","og_image":[{"width":1920,"height":1080,"url":"https:\/\/tg4-docs.s3.amazonaws.com\/tg4-redesign-2015\/wp-content\/uploads\/2015\/12\/1916-100-Sceal.jpg","type":"image\/jpeg"}],"twitter_card":"summary_large_image","twitter_site":"@TG4TV","twitter_misc":{"Est. reading time":"6 minutes"},"schema":{"@context":"https:\/\/schema.org","@graph":[{"@type":"WebPage","@id":"https:\/\/dev.tg4.ie\/ga\/eolas\/preas\/nuacht-raitis\/2016-2\/11-01-16\/","url":"https:\/\/dev.tg4.ie\/ga\/eolas\/preas\/nuacht-raitis\/2016-2\/11-01-16\/","name":"11.01.16 - TG4","isPartOf":{"@id":"https:\/\/dev.tg4.ie\/en\/#website"},"primaryImageOfPage":{"@id":"https:\/\/dev.tg4.ie\/ga\/eolas\/preas\/nuacht-raitis\/2016-2\/11-01-16\/#primaryimage"},"image":{"@id":"https:\/\/dev.tg4.ie\/ga\/eolas\/preas\/nuacht-raitis\/2016-2\/11-01-16\/#primaryimage"},"thumbnailUrl":"https:\/\/tg4-docs.s3.amazonaws.com\/tg4-redesign-2015\/wp-content\/uploads\/2015\/12\/1916-100-Sceal.jpg","datePublished":"2016-01-11T12:20:12+00:00","dateModified":"2019-06-24T15:09:48+00:00","breadcrumb":{"@id":"https:\/\/dev.tg4.ie\/ga\/eolas\/preas\/nuacht-raitis\/2016-2\/11-01-16\/#breadcrumb"},"inLanguage":"ga","potentialAction":[{"@type":"ReadAction","target":["https:\/\/dev.tg4.ie\/ga\/eolas\/preas\/nuacht-raitis\/2016-2\/11-01-16\/"]}]},{"@type":"ImageObject","inLanguage":"ga","@id":"https:\/\/dev.tg4.ie\/ga\/eolas\/preas\/nuacht-raitis\/2016-2\/11-01-16\/#primaryimage","url":"https:\/\/tg4-docs.s3.amazonaws.com\/tg4-redesign-2015\/wp-content\/uploads\/2015\/12\/1916-100-Sceal.jpg","contentUrl":"https:\/\/tg4-docs.s3.amazonaws.com\/tg4-redesign-2015\/wp-content\/uploads\/2015\/12\/1916-100-Sceal.jpg","width":1920,"height":1080,"caption":"1916 - 100 Sc\u00e9al"},{"@type":"BreadcrumbList","@id":"https:\/\/dev.tg4.ie\/ga\/eolas\/preas\/nuacht-raitis\/2016-2\/11-01-16\/#breadcrumb","itemListElement":[{"@type":"ListItem","position":1,"name":"Home","item":"https:\/\/dev.tg4.ie\/ga\/"},{"@type":"ListItem","position":2,"name":"Eolas","item":"https:\/\/dev.tg4.ie\/ga\/eolas\/"},{"@type":"ListItem","position":3,"name":"Preas","item":"https:\/\/dev.tg4.ie\/ga\/eolas\/preas\/"},{"@type":"ListItem","position":4,"name":"Nuacht R\u00e1itis","item":"https:\/\/dev.tg4.ie\/ga\/eolas\/preas\/nuacht-raitis\/"},{"@type":"ListItem","position":5,"name":"2016","item":"https:\/\/dev.tg4.ie\/ga\/eolas\/preas\/nuacht-raitis\/2016-2\/"},{"@type":"ListItem","position":6,"name":"11.01.16"}]},{"@type":"WebSite","@id":"https:\/\/dev.tg4.ie\/en\/#website","url":"https:\/\/dev.tg4.ie\/en\/","name":"TG4","description":"S\u00fail Eile","potentialAction":[{"@type":"SearchAction","target":{"@type":"EntryPoint","urlTemplate":"https:\/\/dev.tg4.ie\/en\/?s={search_term_string}"},"query-input":"required name=search_term_string"}],"inLanguage":"ga"}]}},"_links":{"self":[{"href":"https:\/\/dev.tg4.ie\/ga\/wp-json\/wp\/v2\/pages\/7786"}],"collection":[{"href":"https:\/\/dev.tg4.ie\/ga\/wp-json\/wp\/v2\/pages"}],"about":[{"href":"https:\/\/dev.tg4.ie\/ga\/wp-json\/wp\/v2\/types\/page"}],"author":[{"embeddable":true,"href":"https:\/\/dev.tg4.ie\/ga\/wp-json\/wp\/v2\/users\/4"}],"replies":[{"embeddable":true,"href":"https:\/\/dev.tg4.ie\/ga\/wp-json\/wp\/v2\/comments?post=7786"}],"version-history":[{"count":0,"href":"https:\/\/dev.tg4.ie\/ga\/wp-json\/wp\/v2\/pages\/7786\/revisions"}],"up":[{"embeddable":true,"href":"https:\/\/dev.tg4.ie\/ga\/wp-json\/wp\/v2\/pages\/6580"}],"wp:featuredmedia":[{"embeddable":true,"href":"https:\/\/dev.tg4.ie\/ga\/wp-json\/wp\/v2\/media\/7901"}],"wp:attachment":[{"href":"https:\/\/dev.tg4.ie\/ga\/wp-json\/wp\/v2\/media?parent=7786"}],"curies":[{"name":"wp","href":"https:\/\/api.w.org\/{rel}","templated":true}]}}