{"id":79666,"date":"2018-03-01T11:27:00","date_gmt":"2018-03-01T11:27:20","guid":{"rendered":"https:\/\/dev.tg4.ie\/?page_id=79666"},"modified":"2022-02-03T12:49:31","modified_gmt":"2022-02-03T12:49:31","slug":"baile","status":"publish","type":"page","link":"https:\/\/dev.tg4.ie\/ga\/","title":{"rendered":"Baile"},"content":{"rendered":"","protected":false},"excerpt":{"rendered":"","protected":false},"author":876,"featured_media":116043,"parent":0,"menu_order":3,"comment_status":"closed","ping_status":"closed","template":"page-templates\/template-home-rails.php","meta":{"_acf_changed":false,"footnotes":""},"acf":[],"yoast_head":"<!-- This site is optimized with the Yoast SEO plugin v22.6 - https:\/\/yoast.com\/wordpress\/plugins\/seo\/ -->\n<title>TG4 TV | Seinnteoir TG4 | Gaeilge | Cain\u00e9al Teilif\u00eds \u00c9ireannach | S\u00fail Eile<\/title>\n<meta name=\"description\" content=\"Is \u00e9 TG4 Craolt\u00f3ir Seirbh\u00edse Poibl\u00ed N\u00e1isi\u00fanta na Gaeilge. Is Mol Domhanda d&#039;\u00c1bhar Gaeilge agus Cult\u00fair \u00e9 Seinnteoir TG4 at\u00e1 ar f\u00e1il gan srian don lucht f\u00e9achana ar fud an domhain. Ceol, Sp\u00f3rt, Cl\u00e1ir Faisn\u00e9ise, P\u00e1ist\u00ed.\" \/>\n<meta name=\"robots\" content=\"index, follow, max-snippet:-1, max-image-preview:large, max-video-preview:-1\" \/>\n<meta property=\"og:locale\" content=\"en_US\" \/>\n<meta property=\"og:type\" content=\"article\" \/>\n<meta property=\"og:title\" content=\"TG4 TV | Seinnteoir TG4 | Gaeilge | Cain\u00e9al Teilif\u00eds \u00c9ireannach | S\u00fail Eile\" \/>\n<meta property=\"og:description\" content=\"Is \u00e9 TG4 Craolt\u00f3ir Seirbh\u00edse Poibl\u00ed N\u00e1isi\u00fanta na Gaeilge. Is Mol Domhanda d&#039;\u00c1bhar Gaeilge agus Cult\u00fair \u00e9 Seinnteoir TG4 at\u00e1 ar f\u00e1il gan srian don lucht f\u00e9achana ar fud an domhain. Ceol, Sp\u00f3rt, Cl\u00e1ir Faisn\u00e9ise, P\u00e1ist\u00ed.\" \/>\n<meta property=\"og:url\" content=\"https:\/\/dev.tg4.ie\/ga\/\" \/>\n<meta property=\"og:site_name\" content=\"TG4\" \/>\n<meta property=\"article:publisher\" content=\"https:\/\/www.facebook.com\/TG4TV\" \/>\n<meta property=\"article:modified_time\" content=\"2022-02-03T12:49:31+00:00\" \/>\n<meta property=\"og:image\" content=\"https:\/\/tg4-docs.s3.amazonaws.com\/tg4-redesign-2015\/wp-content\/uploads\/2021\/02\/Generic_BG_Player.jpg\" \/>\n\t<meta property=\"og:image:width\" content=\"1920\" \/>\n\t<meta property=\"og:image:height\" content=\"1080\" \/>\n\t<meta property=\"og:image:type\" content=\"image\/jpeg\" \/>\n<meta name=\"twitter:card\" content=\"summary_large_image\" \/>\n<meta name=\"twitter:image\" content=\"https:\/\/tg4-docs.s3.amazonaws.com\/tg4-redesign-2015\/wp-content\/uploads\/2021\/02\/Generic_BG_Player.jpg\" \/>\n<meta name=\"twitter:site\" content=\"@TG4TV\" \/>\n<script type=\"application\/ld+json\" class=\"yoast-schema-graph\">{\"@context\":\"https:\/\/schema.org\",\"@graph\":[{\"@type\":\"WebPage\",\"@id\":\"https:\/\/dev.tg4.ie\/ga\/\",\"url\":\"https:\/\/dev.tg4.ie\/ga\/\",\"name\":\"TG4 TV | Seinnteoir TG4 | Gaeilge | Cain\u00e9al Teilif\u00eds \u00c9ireannach | S\u00fail Eile\",\"isPartOf\":{\"@id\":\"https:\/\/dev.tg4.ie\/en\/#website\"},\"primaryImageOfPage\":{\"@id\":\"https:\/\/dev.tg4.ie\/ga\/#primaryimage\"},\"image\":{\"@id\":\"https:\/\/dev.tg4.ie\/ga\/#primaryimage\"},\"thumbnailUrl\":\"https:\/\/tg4-docs.s3.amazonaws.com\/tg4-redesign-2015\/wp-content\/uploads\/2021\/02\/Generic_BG_Player.jpg\",\"datePublished\":\"2018-03-01T11:27:20+00:00\",\"dateModified\":\"2022-02-03T12:49:31+00:00\",\"description\":\"Is \u00e9 TG4 Craolt\u00f3ir Seirbh\u00edse Poibl\u00ed N\u00e1isi\u00fanta na Gaeilge. Is Mol Domhanda d'\u00c1bhar Gaeilge agus Cult\u00fair \u00e9 Seinnteoir TG4 at\u00e1 ar f\u00e1il gan srian don lucht f\u00e9achana ar fud an domhain. Ceol, Sp\u00f3rt, Cl\u00e1ir Faisn\u00e9ise, P\u00e1ist\u00ed.\",\"breadcrumb\":{\"@id\":\"https:\/\/dev.tg4.ie\/ga\/#breadcrumb\"},\"inLanguage\":\"ga\",\"potentialAction\":[{\"@type\":\"ReadAction\",\"target\":[\"https:\/\/dev.tg4.ie\/ga\/\"]}]},{\"@type\":\"ImageObject\",\"inLanguage\":\"ga\",\"@id\":\"https:\/\/dev.tg4.ie\/ga\/#primaryimage\",\"url\":\"https:\/\/tg4-docs.s3.amazonaws.com\/tg4-redesign-2015\/wp-content\/uploads\/2021\/02\/Generic_BG_Player.jpg\",\"contentUrl\":\"https:\/\/tg4-docs.s3.amazonaws.com\/tg4-redesign-2015\/wp-content\/uploads\/2021\/02\/Generic_BG_Player.jpg\",\"width\":1920,\"height\":1080},{\"@type\":\"BreadcrumbList\",\"@id\":\"https:\/\/dev.tg4.ie\/ga\/#breadcrumb\",\"itemListElement\":[{\"@type\":\"ListItem\",\"position\":1,\"name\":\"Home\",\"item\":\"https:\/\/dev.tg4.ie\/ga\/\"},{\"@type\":\"ListItem\",\"position\":2,\"name\":\"Baile\"}]},{\"@type\":\"WebSite\",\"@id\":\"https:\/\/dev.tg4.ie\/en\/#website\",\"url\":\"https:\/\/dev.tg4.ie\/en\/\",\"name\":\"TG4\",\"description\":\"S\u00fail Eile\",\"potentialAction\":[{\"@type\":\"SearchAction\",\"target\":{\"@type\":\"EntryPoint\",\"urlTemplate\":\"https:\/\/dev.tg4.ie\/en\/?s={search_term_string}\"},\"query-input\":\"required name=search_term_string\"}],\"inLanguage\":\"ga\"}]}<\/script>\n<!-- \/ Yoast SEO plugin. -->","yoast_head_json":{"title":"TG4 TV | Seinnteoir TG4 | Gaeilge | Cain\u00e9al Teilif\u00eds \u00c9ireannach | S\u00fail Eile","description":"Is \u00e9 TG4 Craolt\u00f3ir Seirbh\u00edse Poibl\u00ed N\u00e1isi\u00fanta na Gaeilge. Is Mol Domhanda d'\u00c1bhar Gaeilge agus Cult\u00fair \u00e9 Seinnteoir TG4 at\u00e1 ar f\u00e1il gan srian don lucht f\u00e9achana ar fud an domhain. Ceol, Sp\u00f3rt, Cl\u00e1ir Faisn\u00e9ise, P\u00e1ist\u00ed.","robots":{"index":"index","follow":"follow","max-snippet":"max-snippet:-1","max-image-preview":"max-image-preview:large","max-video-preview":"max-video-preview:-1"},"og_locale":"en_US","og_type":"article","og_title":"TG4 TV | Seinnteoir TG4 | Gaeilge | Cain\u00e9al Teilif\u00eds \u00c9ireannach | S\u00fail Eile","og_description":"Is \u00e9 TG4 Craolt\u00f3ir Seirbh\u00edse Poibl\u00ed N\u00e1isi\u00fanta na Gaeilge. Is Mol Domhanda d'\u00c1bhar Gaeilge agus Cult\u00fair \u00e9 Seinnteoir TG4 at\u00e1 ar f\u00e1il gan srian don lucht f\u00e9achana ar fud an domhain. Ceol, Sp\u00f3rt, Cl\u00e1ir Faisn\u00e9ise, P\u00e1ist\u00ed.","og_url":"https:\/\/dev.tg4.ie\/ga\/","og_site_name":"TG4","article_publisher":"https:\/\/www.facebook.com\/TG4TV","article_modified_time":"2022-02-03T12:49:31+00:00","og_image":[{"width":1920,"height":1080,"url":"https:\/\/tg4-docs.s3.amazonaws.com\/tg4-redesign-2015\/wp-content\/uploads\/2021\/02\/Generic_BG_Player.jpg","type":"image\/jpeg"}],"twitter_card":"summary_large_image","twitter_image":"https:\/\/tg4-docs.s3.amazonaws.com\/tg4-redesign-2015\/wp-content\/uploads\/2021\/02\/Generic_BG_Player.jpg","twitter_site":"@TG4TV","schema":{"@context":"https:\/\/schema.org","@graph":[{"@type":"WebPage","@id":"https:\/\/dev.tg4.ie\/ga\/","url":"https:\/\/dev.tg4.ie\/ga\/","name":"TG4 TV | Seinnteoir TG4 | Gaeilge | Cain\u00e9al Teilif\u00eds \u00c9ireannach | S\u00fail Eile","isPartOf":{"@id":"https:\/\/dev.tg4.ie\/en\/#website"},"primaryImageOfPage":{"@id":"https:\/\/dev.tg4.ie\/ga\/#primaryimage"},"image":{"@id":"https:\/\/dev.tg4.ie\/ga\/#primaryimage"},"thumbnailUrl":"https:\/\/tg4-docs.s3.amazonaws.com\/tg4-redesign-2015\/wp-content\/uploads\/2021\/02\/Generic_BG_Player.jpg","datePublished":"2018-03-01T11:27:20+00:00","dateModified":"2022-02-03T12:49:31+00:00","description":"Is \u00e9 TG4 Craolt\u00f3ir Seirbh\u00edse Poibl\u00ed N\u00e1isi\u00fanta na Gaeilge. Is Mol Domhanda d'\u00c1bhar Gaeilge agus Cult\u00fair \u00e9 Seinnteoir TG4 at\u00e1 ar f\u00e1il gan srian don lucht f\u00e9achana ar fud an domhain. Ceol, Sp\u00f3rt, Cl\u00e1ir Faisn\u00e9ise, P\u00e1ist\u00ed.","breadcrumb":{"@id":"https:\/\/dev.tg4.ie\/ga\/#breadcrumb"},"inLanguage":"ga","potentialAction":[{"@type":"ReadAction","target":["https:\/\/dev.tg4.ie\/ga\/"]}]},{"@type":"ImageObject","inLanguage":"ga","@id":"https:\/\/dev.tg4.ie\/ga\/#primaryimage","url":"https:\/\/tg4-docs.s3.amazonaws.com\/tg4-redesign-2015\/wp-content\/uploads\/2021\/02\/Generic_BG_Player.jpg","contentUrl":"https:\/\/tg4-docs.s3.amazonaws.com\/tg4-redesign-2015\/wp-content\/uploads\/2021\/02\/Generic_BG_Player.jpg","width":1920,"height":1080},{"@type":"BreadcrumbList","@id":"https:\/\/dev.tg4.ie\/ga\/#breadcrumb","itemListElement":[{"@type":"ListItem","position":1,"name":"Home","item":"https:\/\/dev.tg4.ie\/ga\/"},{"@type":"ListItem","position":2,"name":"Baile"}]},{"@type":"WebSite","@id":"https:\/\/dev.tg4.ie\/en\/#website","url":"https:\/\/dev.tg4.ie\/en\/","name":"TG4","description":"S\u00fail Eile","potentialAction":[{"@type":"SearchAction","target":{"@type":"EntryPoint","urlTemplate":"https:\/\/dev.tg4.ie\/en\/?s={search_term_string}"},"query-input":"required name=search_term_string"}],"inLanguage":"ga"}]}},"_links":{"self":[{"href":"https:\/\/dev.tg4.ie\/ga\/wp-json\/wp\/v2\/pages\/79666"}],"collection":[{"href":"https:\/\/dev.tg4.ie\/ga\/wp-json\/wp\/v2\/pages"}],"about":[{"href":"https:\/\/dev.tg4.ie\/ga\/wp-json\/wp\/v2\/types\/page"}],"author":[{"embeddable":true,"href":"https:\/\/dev.tg4.ie\/ga\/wp-json\/wp\/v2\/users\/876"}],"replies":[{"embeddable":true,"href":"https:\/\/dev.tg4.ie\/ga\/wp-json\/wp\/v2\/comments?post=79666"}],"version-history":[{"count":0,"href":"https:\/\/dev.tg4.ie\/ga\/wp-json\/wp\/v2\/pages\/79666\/revisions"}],"wp:featuredmedia":[{"embeddable":true,"href":"https:\/\/dev.tg4.ie\/ga\/wp-json\/wp\/v2\/media\/116043"}],"wp:attachment":[{"href":"https:\/\/dev.tg4.ie\/ga\/wp-json\/wp\/v2\/media?parent=79666"}],"curies":[{"name":"wp","href":"https:\/\/api.w.org\/{rel}","templated":true}]}}