{"id":80287,"date":"2018-03-08T12:15:01","date_gmt":"2018-03-08T12:15:01","guid":{"rendered":"https:\/\/dev.tg4.ie\/?page_id=80287"},"modified":"2019-07-01T09:41:57","modified_gmt":"2019-07-01T08:41:57","slug":"fhile-cheilteach","status":"publish","type":"page","link":"https:\/\/dev.tg4.ie\/ga\/eolas\/preas\/nuacht-raitis\/2018-2\/fhile-cheilteach\/","title":{"rendered":"7 dTogra le TG4 gearrliostaithe don Fh\u00e9ile Cheilteach 2018"},"content":{"rendered":"<p>Eagra\u00edtear F\u00e9ile na Me\u00e1n Ceilteach gach bliain in ionad \u00e9ags\u00fail sna cr\u00edocha Ceilteacha. Cuirtear iontr\u00e1lacha sna duais-aicm\u00ed \u00e9ags\u00fala faoi bhr\u00e1id ghi\u00fair\u00e9 n\u00e1isi\u00fanta ina dt\u00edr f\u00e9in ar dt\u00fas agus roghna\u00edtear an scoth astu ar ghearrliosta le dul san ioma\u00edocht ag an gcom\u00f3rtas idirn\u00e1isi\u00fanta. Beidh F\u00e9ile na bliana seo ar bun i Llanelli sa Bhreatain Bheag. (www.celticmediafestival.co.uk )<\/p>\n<p>Is iad seo na saothair le TG4 at\u00e1 roghnaithe i mbliana: An Klondike 2, Rocky Ros Muc, Murdair Mh\u00e1m Trasna, \u00c9ire Fhi\u00e1in, Port, Song of Granite agus An B\u00e9al Bocht.<\/p>\n<ul>\n<li>An Klondike- (Sraith dr\u00e1ma\u00edochta) An dara sraith den dr\u00e1ma aitheanta r\u00edomhtar an dara cuid de sc\u00e9al an tri\u00far dearth\u00e1r as Conamara agus iad i ngleic le saol achrannach na mianad\u00f3ireachta \u00f3ir in Alasca in iarthuaisceart Mheirice\u00e1 Thuaidh, c\u00e9ad fiche bliain \u00f3 shin. Tar \u00e9is eachtra\u00ed fuilteacha shraith 1, t\u00e1 na dearth\u00e1ireacha le ch\u00e9ile ar\u00eds agus tuigeann an pobal i Dominion Creek gur f\u00f3rsa l\u00e1idir iad. Ach is tr\u00e9imhse chorrach \u00ed seo sa gceantar agus is beag g\u00e9illeadh at\u00e1 don chothrom na f\u00e9inne n\u00e1 don dl\u00ed. Tugtar d\u00fashl\u00e1n na gConnollys agus t\u00e1 a bhfuil bainte amach acu i mbaol d\u00e1 bharr. L\u00e9iri\u00fa le Ab\u00fa Media.<\/li>\n<li>Rocky Ros Muc- (Sp\u00f3irt) Fadscann\u00e1n faisn\u00e9ise a ins\u00edonn sc\u00e9al Se\u00e1n \u00d3 Mainn\u00edn an dorn\u00e1la\u00ed is iomr\u00e1it\u00ed riamh as Conamara ach a chuims\u00edonn go leor gn\u00e9ithe eile d\u00e1 shaol le l\u00e9argas g\u00e9arch\u00faiseach ar raon leathan \u00e1bhar \u2013 an imirce, cath\u00fa na coiri\u00falachta, an gr\u00e1 agus cumha an deora\u00ed at\u00e1 i bhfad \u00f3 bhaile. T\u00e1 an saothar seo bunaithe ar dhuais-leabhar R\u00f3n\u00e1in Mhic Con Iomaire den teideal c\u00e9anna. B\u00edodh gurbh as pobal iarg\u00falta Gaeltachta a f\u00e1isceadh \u00e9 agus go raibh an eacnama\u00edocht in \u00c9irinn is \u00edsle br\u00ed agus \u00e9 ag teacht in aois fir sna 1970id\u00ed, d\u2019oscail a chumas mar dhorn\u00e1la\u00ed doirse go leor d\u00f3. T\u00e1 duaiseanna go leor buaite ag an saothar seo cheana f\u00e9in, ina measc ag F\u00e9ile Scann\u00e1n \u00c9ireannach Bhoston agus Fleadh Scann\u00e1n na Gaillimhe. L\u00e9iri\u00fa le Below the Radar Productions.<\/li>\n<li>Murdair Mh\u00e1m Trasna- (Stair) Fadscann\u00e1n dr\u00e1ma\u00edochta\/faisn\u00e9ise ina dtugtar chun cuimhne an d\u00fanmhar\u00fa br\u00faidi\u00fail a rinneadh ar theaghlach i gceantar iarg\u00falta Mh\u00e1m Trasna ar theorainn na Gaillimhe agus Mhaigh Eo sa mbliain 1882. Thuill na heachtra\u00ed fuilteacha seo, a tharla i ndorchadas na ho\u00edche, poibl\u00edocht ar fud an domhain ag an am. Ach rinne an triail inar cuireadh an choir in aghaidh roinnt fear \u00f3n gceantar brach\u00e1n ioml\u00e1n den sc\u00e9al. Riaradh an triail go hioml\u00e1n tr\u00ed mhe\u00e1n an Bh\u00e9arla, teanga nach raibh ag na fir a bh\u00ed c\u00faisithe. Bh\u00ed an t-ionch\u00faiseamh bunaithe go hioml\u00e1n ar fhianaise bhr\u00e9ige. B\u2019\u00ed an bhreith gur daoradh agus gur crochadh daoine go \u00e9ag\u00f3rach agus gur gearradh pr\u00edos\u00fan\u00fa saol ar dhaoine neamhchiontacha. L\u00e9iri\u00fa le Rosg.<\/li>\n<li>\u00c9ire Fhi\u00e1in- (Sraith F\u00edorasach) Sraith speisialta dh\u00e1 chl\u00e1r ar an bhfiadh\u00falra suntasach at\u00e1 le f\u00e1il ar feadh 1,600km de ch\u00f3sta Atlantaigh na h\u00c9ireann. \u00c1 cur i l\u00e1thair ag Eoin Warner. Sraith sonrach \u00e9 seo ar ainmhithe agus ceantair na t\u00edre nach bhfuil m\u00f3r\u00e1n eolas againn orthu. L\u00e9iri\u00fa le Crossing the Line Productions.<\/li>\n<li>Port \u2013 (Siamsa\u00edocht) Sraith ceoil a dh\u00e9anann ceili\u00faradh ar cheol traidisi\u00fanta na h\u00c9ireann agus na hAlban. \u00c1 chur I l\u00e1thair ag Julie Fowlis agus Muireann Nic Amhlaoibh. L\u00e9iri\u00fa le Bees Nees Media Ltd.<\/li>\n<li>Song of Granite- (Eala\u00edn) Saol agus oidhreacht an fhonnad\u00f3ra Joe \u00c9inni\u00fa, a \u00e1ir\u00edtear ar dhuine de mh\u00e1istr\u00ed an tsean-n\u00f3is. F\u00e1isceadh as tobar an d\u00fachais \u00e9 in Iorras Aithneach in iarthar Ghaeltacht na Gaillimhe agus c\u00e9 gur sa gcontae sin agus i mBaile \u00c1tha Cliath a fuair s\u00e9 a chuid oideachais, n\u00ed fada gur ar imirce a bh\u00ed s\u00e9 agus is thar s\u00e1ile a chaith s\u00e9 an chuid eile d\u00e1 shaol, an chuid is m\u00f3 de i St\u00e1it Aontaithe Mheirice\u00e1. Agus \u00e9 ansin, thuill s\u00e9 cl\u00fa agus c\u00e1il agus c\u00e9 gur mhinic \u00e9 ar cuairt go h\u00c9irinn, mheas s\u00e9 f\u00e9in agus ghoill s\u00e9 air, gur sa t\u00edr thall is m\u00f3 a fuair a chuid amhr\u00e1na\u00edochta aitheantas agus gradaim. L\u00e9iri\u00fa le Roads Entertainment.<\/li>\n<li>An B\u00e9al Bocht- (Beochan) Leagan anam\u00falachta den aoir aitheanta le Myles na gCopaleen (Brian \u00d3 Nuall\u00e1in), an t-aon leabhar Gaeilge \u00f3na pheann agus an saothar is greannmhaire ar fad, uaidh, meastar. Foils\u00edodh an bun saothar sa mbliain 1941, d\u00edrbheathaisn\u00e9is, mar dhea, \u00f3gfhir Gaeltachta at\u00e1 i nG\u00e9ibheann Shligigh agus \u00e9 ag cuimhneamh siar ar a \u00f3ige i mbochtaineacht na tuaithe agus ar na foghlaimeoir\u00ed Gaeilge a thagadh sa Samhradh. Seo anois \u00e9, curtha i l\u00e1thair den ch\u00e9ad uair don sc\u00e1ile\u00e1n agus sin d\u00e9anta go heala\u00edonta mar shaothar anam\u00falachta, an ch\u00e9ad iarracht sa bhform\u00e1id \u00e1irithe seo ag an sti\u00farth\u00f3ir aitheanta, Tom Collins.<\/li>\n<\/ul>\n<p>Deir Ardsti\u00farth\u00f3ir TG4 Alan Esslemont gur maith an tomhais ar ardchaighde\u00e1n TG4 na cl\u00e1ir seo a bheith p\u00e1irteach sna babhta\u00ed ceannais d\u2019Fh\u00e9ile na Me\u00e1n Ceilteach 2018. \u201cSpreagann an fh\u00e9ile seo muid gach bliain agus muid i l\u00e1thair \u00e1r gcomhghleacaithe as Albain, An Bhreatain Bhig, Corn na Breataine, Bhriot\u00e1in agus Manainn.\u201d a deir s\u00e9. \u201cTugann an gearrliosta seo ard\u00fa d\u00fainn agus muid ag s\u00fail go n-\u00e9ireoidh go geal leis na cl\u00e1ir seo agus iad in ioma\u00edocht le saothair as na n\u00e1isi\u00fain eile sin.\u201d<\/p>\n","protected":false},"excerpt":{"rendered":"<p>Eagra\u00edtear F\u00e9ile na Me\u00e1n Ceilteach gach bliain in ionad \u00e9ags\u00fail sna cr\u00edocha Ceilteacha. Cuirtear iontr\u00e1lacha sna duais-aicm\u00ed \u00e9ags\u00fala faoi bhr\u00e1id ghi\u00fair\u00e9 n\u00e1isi\u00fanta ina dt\u00edr f\u00e9in ar dt\u00fas agus roghna\u00edtear an scoth astu ar ghearrliosta le dul san ioma\u00edocht ag an gcom\u00f3rtas idirn\u00e1isi\u00fanta. Beidh F\u00e9ile na bliana seo ar bun i Llanelli sa Bhreatain Bheag. (www.celticmediafestival.co.uk [&hellip;]<\/p>\n","protected":false},"author":4,"featured_media":70757,"parent":72849,"menu_order":5,"comment_status":"closed","ping_status":"closed","template":"page-templates\/template-pr.php","meta":{"_acf_changed":false,"footnotes":""},"acf":[],"yoast_head":"<!-- This site is optimized with the Yoast SEO plugin v22.6 - https:\/\/yoast.com\/wordpress\/plugins\/seo\/ -->\n<title>7 dTogra le TG4 gearrliostaithe don Fh\u00e9ile Cheilteach 2018 - TG4<\/title>\n<meta name=\"robots\" content=\"index, follow, max-snippet:-1, max-image-preview:large, max-video-preview:-1\" \/>\n<meta property=\"og:locale\" content=\"en_US\" \/>\n<meta property=\"og:type\" content=\"article\" \/>\n<meta property=\"og:title\" content=\"7 dTogra le TG4 gearrliostaithe don Fh\u00e9ile Cheilteach 2018 - TG4\" \/>\n<meta property=\"og:description\" content=\"Eagra\u00edtear F\u00e9ile na Me\u00e1n Ceilteach gach bliain in ionad \u00e9ags\u00fail sna cr\u00edocha Ceilteacha. Cuirtear iontr\u00e1lacha sna duais-aicm\u00ed \u00e9ags\u00fala faoi bhr\u00e1id ghi\u00fair\u00e9 n\u00e1isi\u00fanta ina dt\u00edr f\u00e9in ar dt\u00fas agus roghna\u00edtear an scoth astu ar ghearrliosta le dul san ioma\u00edocht ag an gcom\u00f3rtas idirn\u00e1isi\u00fanta. Beidh F\u00e9ile na bliana seo ar bun i Llanelli sa Bhreatain Bheag. (www.celticmediafestival.co.uk [&hellip;]\" \/>\n<meta property=\"og:url\" content=\"https:\/\/dev.tg4.ie\/ga\/eolas\/preas\/nuacht-raitis\/2018-2\/fhile-cheilteach\/\" \/>\n<meta property=\"og:site_name\" content=\"TG4\" \/>\n<meta property=\"article:publisher\" content=\"https:\/\/www.facebook.com\/TG4TV\" \/>\n<meta property=\"article:modified_time\" content=\"2019-07-01T08:41:57+00:00\" \/>\n<meta property=\"og:image\" content=\"https:\/\/tg4-docs.s3.amazonaws.com\/tg4-redesign-2015\/wp-content\/uploads\/2017\/11\/RockyRosmuc.jpg\" \/>\n\t<meta property=\"og:image:width\" content=\"1920\" \/>\n\t<meta property=\"og:image:height\" content=\"1080\" \/>\n\t<meta property=\"og:image:type\" content=\"image\/jpeg\" \/>\n<meta name=\"twitter:card\" content=\"summary_large_image\" \/>\n<meta name=\"twitter:site\" content=\"@TG4TV\" \/>\n<meta name=\"twitter:label1\" content=\"Est. reading time\" \/>\n\t<meta name=\"twitter:data1\" content=\"5 minutes\" \/>\n<script type=\"application\/ld+json\" class=\"yoast-schema-graph\">{\"@context\":\"https:\/\/schema.org\",\"@graph\":[{\"@type\":\"WebPage\",\"@id\":\"https:\/\/dev.tg4.ie\/ga\/eolas\/preas\/nuacht-raitis\/2018-2\/fhile-cheilteach\/\",\"url\":\"https:\/\/dev.tg4.ie\/ga\/eolas\/preas\/nuacht-raitis\/2018-2\/fhile-cheilteach\/\",\"name\":\"7 dTogra le TG4 gearrliostaithe don Fh\u00e9ile Cheilteach 2018 - TG4\",\"isPartOf\":{\"@id\":\"https:\/\/dev.tg4.ie\/en\/#website\"},\"primaryImageOfPage\":{\"@id\":\"https:\/\/dev.tg4.ie\/ga\/eolas\/preas\/nuacht-raitis\/2018-2\/fhile-cheilteach\/#primaryimage\"},\"image\":{\"@id\":\"https:\/\/dev.tg4.ie\/ga\/eolas\/preas\/nuacht-raitis\/2018-2\/fhile-cheilteach\/#primaryimage\"},\"thumbnailUrl\":\"https:\/\/tg4-docs.s3.amazonaws.com\/tg4-redesign-2015\/wp-content\/uploads\/2017\/11\/RockyRosmuc.jpg\",\"datePublished\":\"2018-03-08T12:15:01+00:00\",\"dateModified\":\"2019-07-01T08:41:57+00:00\",\"breadcrumb\":{\"@id\":\"https:\/\/dev.tg4.ie\/ga\/eolas\/preas\/nuacht-raitis\/2018-2\/fhile-cheilteach\/#breadcrumb\"},\"inLanguage\":\"ga\",\"potentialAction\":[{\"@type\":\"ReadAction\",\"target\":[\"https:\/\/dev.tg4.ie\/ga\/eolas\/preas\/nuacht-raitis\/2018-2\/fhile-cheilteach\/\"]}]},{\"@type\":\"ImageObject\",\"inLanguage\":\"ga\",\"@id\":\"https:\/\/dev.tg4.ie\/ga\/eolas\/preas\/nuacht-raitis\/2018-2\/fhile-cheilteach\/#primaryimage\",\"url\":\"https:\/\/tg4-docs.s3.amazonaws.com\/tg4-redesign-2015\/wp-content\/uploads\/2017\/11\/RockyRosmuc.jpg\",\"contentUrl\":\"https:\/\/tg4-docs.s3.amazonaws.com\/tg4-redesign-2015\/wp-content\/uploads\/2017\/11\/RockyRosmuc.jpg\",\"width\":1920,\"height\":1080,\"caption\":\"Rocky Ros Muc\"},{\"@type\":\"BreadcrumbList\",\"@id\":\"https:\/\/dev.tg4.ie\/ga\/eolas\/preas\/nuacht-raitis\/2018-2\/fhile-cheilteach\/#breadcrumb\",\"itemListElement\":[{\"@type\":\"ListItem\",\"position\":1,\"name\":\"Home\",\"item\":\"https:\/\/dev.tg4.ie\/ga\/\"},{\"@type\":\"ListItem\",\"position\":2,\"name\":\"Eolas\",\"item\":\"https:\/\/dev.tg4.ie\/ga\/eolas\/\"},{\"@type\":\"ListItem\",\"position\":3,\"name\":\"Preas\",\"item\":\"https:\/\/dev.tg4.ie\/ga\/eolas\/preas\/\"},{\"@type\":\"ListItem\",\"position\":4,\"name\":\"Nuacht R\u00e1itis\",\"item\":\"https:\/\/dev.tg4.ie\/ga\/eolas\/preas\/nuacht-raitis\/\"},{\"@type\":\"ListItem\",\"position\":5,\"name\":\"2018\",\"item\":\"https:\/\/dev.tg4.ie\/ga\/eolas\/preas\/nuacht-raitis\/2018-2\/\"},{\"@type\":\"ListItem\",\"position\":6,\"name\":\"7 dTogra le TG4 gearrliostaithe don Fh\u00e9ile Cheilteach 2018\"}]},{\"@type\":\"WebSite\",\"@id\":\"https:\/\/dev.tg4.ie\/en\/#website\",\"url\":\"https:\/\/dev.tg4.ie\/en\/\",\"name\":\"TG4\",\"description\":\"S\u00fail Eile\",\"potentialAction\":[{\"@type\":\"SearchAction\",\"target\":{\"@type\":\"EntryPoint\",\"urlTemplate\":\"https:\/\/dev.tg4.ie\/en\/?s={search_term_string}\"},\"query-input\":\"required name=search_term_string\"}],\"inLanguage\":\"ga\"}]}<\/script>\n<!-- \/ Yoast SEO plugin. -->","yoast_head_json":{"title":"7 dTogra le TG4 gearrliostaithe don Fh\u00e9ile Cheilteach 2018 - TG4","robots":{"index":"index","follow":"follow","max-snippet":"max-snippet:-1","max-image-preview":"max-image-preview:large","max-video-preview":"max-video-preview:-1"},"og_locale":"en_US","og_type":"article","og_title":"7 dTogra le TG4 gearrliostaithe don Fh\u00e9ile Cheilteach 2018 - TG4","og_description":"Eagra\u00edtear F\u00e9ile na Me\u00e1n Ceilteach gach bliain in ionad \u00e9ags\u00fail sna cr\u00edocha Ceilteacha. Cuirtear iontr\u00e1lacha sna duais-aicm\u00ed \u00e9ags\u00fala faoi bhr\u00e1id ghi\u00fair\u00e9 n\u00e1isi\u00fanta ina dt\u00edr f\u00e9in ar dt\u00fas agus roghna\u00edtear an scoth astu ar ghearrliosta le dul san ioma\u00edocht ag an gcom\u00f3rtas idirn\u00e1isi\u00fanta. Beidh F\u00e9ile na bliana seo ar bun i Llanelli sa Bhreatain Bheag. (www.celticmediafestival.co.uk [&hellip;]","og_url":"https:\/\/dev.tg4.ie\/ga\/eolas\/preas\/nuacht-raitis\/2018-2\/fhile-cheilteach\/","og_site_name":"TG4","article_publisher":"https:\/\/www.facebook.com\/TG4TV","article_modified_time":"2019-07-01T08:41:57+00:00","og_image":[{"width":1920,"height":1080,"url":"https:\/\/tg4-docs.s3.amazonaws.com\/tg4-redesign-2015\/wp-content\/uploads\/2017\/11\/RockyRosmuc.jpg","type":"image\/jpeg"}],"twitter_card":"summary_large_image","twitter_site":"@TG4TV","twitter_misc":{"Est. reading time":"5 minutes"},"schema":{"@context":"https:\/\/schema.org","@graph":[{"@type":"WebPage","@id":"https:\/\/dev.tg4.ie\/ga\/eolas\/preas\/nuacht-raitis\/2018-2\/fhile-cheilteach\/","url":"https:\/\/dev.tg4.ie\/ga\/eolas\/preas\/nuacht-raitis\/2018-2\/fhile-cheilteach\/","name":"7 dTogra le TG4 gearrliostaithe don Fh\u00e9ile Cheilteach 2018 - TG4","isPartOf":{"@id":"https:\/\/dev.tg4.ie\/en\/#website"},"primaryImageOfPage":{"@id":"https:\/\/dev.tg4.ie\/ga\/eolas\/preas\/nuacht-raitis\/2018-2\/fhile-cheilteach\/#primaryimage"},"image":{"@id":"https:\/\/dev.tg4.ie\/ga\/eolas\/preas\/nuacht-raitis\/2018-2\/fhile-cheilteach\/#primaryimage"},"thumbnailUrl":"https:\/\/tg4-docs.s3.amazonaws.com\/tg4-redesign-2015\/wp-content\/uploads\/2017\/11\/RockyRosmuc.jpg","datePublished":"2018-03-08T12:15:01+00:00","dateModified":"2019-07-01T08:41:57+00:00","breadcrumb":{"@id":"https:\/\/dev.tg4.ie\/ga\/eolas\/preas\/nuacht-raitis\/2018-2\/fhile-cheilteach\/#breadcrumb"},"inLanguage":"ga","potentialAction":[{"@type":"ReadAction","target":["https:\/\/dev.tg4.ie\/ga\/eolas\/preas\/nuacht-raitis\/2018-2\/fhile-cheilteach\/"]}]},{"@type":"ImageObject","inLanguage":"ga","@id":"https:\/\/dev.tg4.ie\/ga\/eolas\/preas\/nuacht-raitis\/2018-2\/fhile-cheilteach\/#primaryimage","url":"https:\/\/tg4-docs.s3.amazonaws.com\/tg4-redesign-2015\/wp-content\/uploads\/2017\/11\/RockyRosmuc.jpg","contentUrl":"https:\/\/tg4-docs.s3.amazonaws.com\/tg4-redesign-2015\/wp-content\/uploads\/2017\/11\/RockyRosmuc.jpg","width":1920,"height":1080,"caption":"Rocky Ros Muc"},{"@type":"BreadcrumbList","@id":"https:\/\/dev.tg4.ie\/ga\/eolas\/preas\/nuacht-raitis\/2018-2\/fhile-cheilteach\/#breadcrumb","itemListElement":[{"@type":"ListItem","position":1,"name":"Home","item":"https:\/\/dev.tg4.ie\/ga\/"},{"@type":"ListItem","position":2,"name":"Eolas","item":"https:\/\/dev.tg4.ie\/ga\/eolas\/"},{"@type":"ListItem","position":3,"name":"Preas","item":"https:\/\/dev.tg4.ie\/ga\/eolas\/preas\/"},{"@type":"ListItem","position":4,"name":"Nuacht R\u00e1itis","item":"https:\/\/dev.tg4.ie\/ga\/eolas\/preas\/nuacht-raitis\/"},{"@type":"ListItem","position":5,"name":"2018","item":"https:\/\/dev.tg4.ie\/ga\/eolas\/preas\/nuacht-raitis\/2018-2\/"},{"@type":"ListItem","position":6,"name":"7 dTogra le TG4 gearrliostaithe don Fh\u00e9ile Cheilteach 2018"}]},{"@type":"WebSite","@id":"https:\/\/dev.tg4.ie\/en\/#website","url":"https:\/\/dev.tg4.ie\/en\/","name":"TG4","description":"S\u00fail Eile","potentialAction":[{"@type":"SearchAction","target":{"@type":"EntryPoint","urlTemplate":"https:\/\/dev.tg4.ie\/en\/?s={search_term_string}"},"query-input":"required name=search_term_string"}],"inLanguage":"ga"}]}},"_links":{"self":[{"href":"https:\/\/dev.tg4.ie\/ga\/wp-json\/wp\/v2\/pages\/80287"}],"collection":[{"href":"https:\/\/dev.tg4.ie\/ga\/wp-json\/wp\/v2\/pages"}],"about":[{"href":"https:\/\/dev.tg4.ie\/ga\/wp-json\/wp\/v2\/types\/page"}],"author":[{"embeddable":true,"href":"https:\/\/dev.tg4.ie\/ga\/wp-json\/wp\/v2\/users\/4"}],"replies":[{"embeddable":true,"href":"https:\/\/dev.tg4.ie\/ga\/wp-json\/wp\/v2\/comments?post=80287"}],"version-history":[{"count":0,"href":"https:\/\/dev.tg4.ie\/ga\/wp-json\/wp\/v2\/pages\/80287\/revisions"}],"up":[{"embeddable":true,"href":"https:\/\/dev.tg4.ie\/ga\/wp-json\/wp\/v2\/pages\/72849"}],"wp:featuredmedia":[{"embeddable":true,"href":"https:\/\/dev.tg4.ie\/ga\/wp-json\/wp\/v2\/media\/70757"}],"wp:attachment":[{"href":"https:\/\/dev.tg4.ie\/ga\/wp-json\/wp\/v2\/media?parent=80287"}],"curies":[{"name":"wp","href":"https:\/\/api.w.org\/{rel}","templated":true}]}}