{"id":80294,"date":"2018-03-08T12:20:50","date_gmt":"2018-03-08T12:20:50","guid":{"rendered":"https:\/\/dev.tg4.ie\/?page_id=80294"},"modified":"2019-07-01T09:42:59","modified_gmt":"2019-07-01T08:42:59","slug":"mna","status":"publish","type":"page","link":"https:\/\/dev.tg4.ie\/ga\/eolas\/preas\/nuacht-raitis\/2018-2\/mna\/","title":{"rendered":"Na Mn\u00e1 Chun Cinn i bhF\u00eds TG4"},"content":{"rendered":"<p>\u2018Inniu ar L\u00e1 Idirn\u00e1isi\u00fanta na mBan, is mian liom go l\u00e1idir go mbeadh muid go maith chun cinn i TG4 \u00f3 thaobh comhionannas inscne &#8211; ar aghaidh &amp; ar ch\u00fal an cheamara. T\u00e1 s\u00e9 f\u00f3gartha an tseachtain seo againn, go gcaithfidh bean a bheith ar an bpr\u00edomhcharachtar sna scann\u00e1in \u2018Cine4\u2019 a bheidh \u00e1 coimisi\u00fan\u00fa againn agus gur mn\u00e1 a chaithfidh a bheith i mbun sti\u00faradh an ch\u00e9ad bhabhta eile den tsraith sin. T\u00e1 muid ag cur len\u00e1r gcomhph\u00e1irt\u00edocht le Peil na mBan ar\u00eds i mbliana, rud at\u00e1 ag cur sp\u00f3rt na mban i l\u00e1r an aonaigh.<\/p>\n<p>Tagann L\u00eds N\u00ed Dh\u00e1laigh, Sti\u00farth\u00f3ir Marga\u00edochta &amp; Forbartha TG4, leis an dearcadh seo. \u2018T\u00e1 mn\u00e1 i mbun sti\u00fair ag gach leibh\u00e9al d\u2019obair na heagra\u00edochta. Is bean at\u00e1 ina Cathaoirleach ar an mBord Sti\u00fartha agus is mn\u00e1 leath de na comhalta\u00ed boird. Is mn\u00e1 tri\u00far as c\u00faigear ag leibh\u00e9al na hardbhainist\u00edochta agus as an seachtar at\u00e1 i bhfeighil na rann\u00f3ige coimisi\u00fanaithe, is mn\u00e1 seisear d\u00edobh. Gan amhras, t\u00e1 fir gn\u00edomhach i ngach r\u00e9imse den st\u00e1isi\u00fan chomh maith ach t\u00e1 dearcadh foll\u00e1in, for\u00e1sach ag TG4 \u00f3 thaobh chothrom na f\u00e9inne de gach s\u00f3rt agus is l\u00e9iri\u00fa eile air sin r\u00f3l na mban in obair an staisi\u00fain.<\/p>\n<p>F\u00e9achann thart ar 600,000 bean ar TG4 gach seachtain agus mar is gn\u00e1th, beidh mn\u00e1 l\u00e1rnach i gcuid mhaith de scoth na gcl\u00e1racha a bheidh \u00e1 gcraoladh ar TG4 go luath. Is mn\u00e1 pr\u00edomhl\u00e1ithreoir\u00ed na gcl\u00e1racha nuachta agus \u20187 L\u00e1\u2019. Is \u00ed r\u00e9alta cham\u00f3ga\u00edochta Chorca\u00ed, Ashling Thompson, a bheidh faoi chaibidil ar chl\u00e1r \u2018Laochra Gael\u2019 a chraolfar an 14 M\u00e1rta ar TG4 agus beidh Mair\u00e9ad N\u00ed Mhaonaigh &amp; Muireann Nic Amhlaoibh i dteannta Alison Krauss, Eddi Reader &amp; Julie Fowlis ar \u2018Transatlantic Sessions\u2019.<\/p>\n<p>\u2018I bhfianaise a bhfuiltear a r\u00e1 faoi Chearta na mBan i dtionscal na scann\u00e1na\u00edochta agus na n-eala\u00edon i l\u00e1thair na huaire , t\u00e1 muid br\u00f3d\u00fail i TG4 go bhfuil beart \u00e1 dh\u00e9anamh de r\u00e9ir \u00e1r mbriathair\u2019 a deir Alan Esslemont. Is f\u00e9idir cur leis an gcothroma\u00edocht i ngach eagra\u00edocht agus bainfidh muide leas i gc\u00f3na\u00ed as \u2018S\u00fail Eile\u2019 TG4 chun sin a dh\u00e9anamh.<\/p>\n","protected":false},"excerpt":{"rendered":"<p>\u2018Inniu ar L\u00e1 Idirn\u00e1isi\u00fanta na mBan, is mian liom go l\u00e1idir go mbeadh muid go maith chun cinn i TG4 \u00f3 thaobh comhionannas inscne &#8211; ar aghaidh &amp; ar ch\u00fal an cheamara. T\u00e1 s\u00e9 f\u00f3gartha an tseachtain seo againn, go gcaithfidh bean a bheith ar an bpr\u00edomhcharachtar sna scann\u00e1in \u2018Cine4\u2019 a bheidh \u00e1 coimisi\u00fan\u00fa againn [&hellip;]<\/p>\n","protected":false},"author":4,"featured_media":15226,"parent":72849,"menu_order":6,"comment_status":"closed","ping_status":"closed","template":"page-templates\/template-pr.php","meta":{"_acf_changed":false,"footnotes":""},"acf":[],"yoast_head":"<!-- This site is optimized with the Yoast SEO plugin v22.6 - https:\/\/yoast.com\/wordpress\/plugins\/seo\/ -->\n<title>Na Mn\u00e1 Chun Cinn i bhF\u00eds TG4 - TG4<\/title>\n<meta name=\"robots\" content=\"index, follow, max-snippet:-1, max-image-preview:large, max-video-preview:-1\" \/>\n<meta property=\"og:locale\" content=\"en_US\" \/>\n<meta property=\"og:type\" content=\"article\" \/>\n<meta property=\"og:title\" content=\"Na Mn\u00e1 Chun Cinn i bhF\u00eds TG4 - TG4\" \/>\n<meta property=\"og:description\" content=\"\u2018Inniu ar L\u00e1 Idirn\u00e1isi\u00fanta na mBan, is mian liom go l\u00e1idir go mbeadh muid go maith chun cinn i TG4 \u00f3 thaobh comhionannas inscne &#8211; ar aghaidh &amp; ar ch\u00fal an cheamara. T\u00e1 s\u00e9 f\u00f3gartha an tseachtain seo againn, go gcaithfidh bean a bheith ar an bpr\u00edomhcharachtar sna scann\u00e1in \u2018Cine4\u2019 a bheidh \u00e1 coimisi\u00fan\u00fa againn [&hellip;]\" \/>\n<meta property=\"og:url\" content=\"https:\/\/dev.tg4.ie\/ga\/eolas\/preas\/nuacht-raitis\/2018-2\/mna\/\" \/>\n<meta property=\"og:site_name\" content=\"TG4\" \/>\n<meta property=\"article:publisher\" content=\"https:\/\/www.facebook.com\/TG4TV\" \/>\n<meta property=\"article:modified_time\" content=\"2019-07-01T08:42:59+00:00\" \/>\n<meta property=\"og:image\" content=\"https:\/\/tg4-docs.s3.amazonaws.com\/tg4-redesign-2015\/wp-content\/uploads\/2015\/08\/rnr_1503.jpg\" \/>\n\t<meta property=\"og:image:width\" content=\"1920\" \/>\n\t<meta property=\"og:image:height\" content=\"1080\" \/>\n\t<meta property=\"og:image:type\" content=\"image\/jpeg\" \/>\n<meta name=\"twitter:card\" content=\"summary_large_image\" \/>\n<meta name=\"twitter:site\" content=\"@TG4TV\" \/>\n<meta name=\"twitter:label1\" content=\"Est. reading time\" \/>\n\t<meta name=\"twitter:data1\" content=\"2 minutes\" \/>\n<script type=\"application\/ld+json\" class=\"yoast-schema-graph\">{\"@context\":\"https:\/\/schema.org\",\"@graph\":[{\"@type\":\"WebPage\",\"@id\":\"https:\/\/dev.tg4.ie\/ga\/eolas\/preas\/nuacht-raitis\/2018-2\/mna\/\",\"url\":\"https:\/\/dev.tg4.ie\/ga\/eolas\/preas\/nuacht-raitis\/2018-2\/mna\/\",\"name\":\"Na Mn\u00e1 Chun Cinn i bhF\u00eds TG4 - TG4\",\"isPartOf\":{\"@id\":\"https:\/\/dev.tg4.ie\/en\/#website\"},\"primaryImageOfPage\":{\"@id\":\"https:\/\/dev.tg4.ie\/ga\/eolas\/preas\/nuacht-raitis\/2018-2\/mna\/#primaryimage\"},\"image\":{\"@id\":\"https:\/\/dev.tg4.ie\/ga\/eolas\/preas\/nuacht-raitis\/2018-2\/mna\/#primaryimage\"},\"thumbnailUrl\":\"https:\/\/tg4-docs.s3.amazonaws.com\/tg4-redesign-2015\/wp-content\/uploads\/2015\/08\/rnr_1503.jpg\",\"datePublished\":\"2018-03-08T12:20:50+00:00\",\"dateModified\":\"2019-07-01T08:42:59+00:00\",\"breadcrumb\":{\"@id\":\"https:\/\/dev.tg4.ie\/ga\/eolas\/preas\/nuacht-raitis\/2018-2\/mna\/#breadcrumb\"},\"inLanguage\":\"ga\",\"potentialAction\":[{\"@type\":\"ReadAction\",\"target\":[\"https:\/\/dev.tg4.ie\/ga\/eolas\/preas\/nuacht-raitis\/2018-2\/mna\/\"]}]},{\"@type\":\"ImageObject\",\"inLanguage\":\"ga\",\"@id\":\"https:\/\/dev.tg4.ie\/ga\/eolas\/preas\/nuacht-raitis\/2018-2\/mna\/#primaryimage\",\"url\":\"https:\/\/tg4-docs.s3.amazonaws.com\/tg4-redesign-2015\/wp-content\/uploads\/2015\/08\/rnr_1503.jpg\",\"contentUrl\":\"https:\/\/tg4-docs.s3.amazonaws.com\/tg4-redesign-2015\/wp-content\/uploads\/2015\/08\/rnr_1503.jpg\",\"width\":1920,\"height\":1080,\"caption\":\"Ros na R\u00fan\"},{\"@type\":\"BreadcrumbList\",\"@id\":\"https:\/\/dev.tg4.ie\/ga\/eolas\/preas\/nuacht-raitis\/2018-2\/mna\/#breadcrumb\",\"itemListElement\":[{\"@type\":\"ListItem\",\"position\":1,\"name\":\"Home\",\"item\":\"https:\/\/dev.tg4.ie\/ga\/\"},{\"@type\":\"ListItem\",\"position\":2,\"name\":\"Eolas\",\"item\":\"https:\/\/dev.tg4.ie\/ga\/eolas\/\"},{\"@type\":\"ListItem\",\"position\":3,\"name\":\"Preas\",\"item\":\"https:\/\/dev.tg4.ie\/ga\/eolas\/preas\/\"},{\"@type\":\"ListItem\",\"position\":4,\"name\":\"Nuacht R\u00e1itis\",\"item\":\"https:\/\/dev.tg4.ie\/ga\/eolas\/preas\/nuacht-raitis\/\"},{\"@type\":\"ListItem\",\"position\":5,\"name\":\"2018\",\"item\":\"https:\/\/dev.tg4.ie\/ga\/eolas\/preas\/nuacht-raitis\/2018-2\/\"},{\"@type\":\"ListItem\",\"position\":6,\"name\":\"Na Mn\u00e1 Chun Cinn i bhF\u00eds TG4\"}]},{\"@type\":\"WebSite\",\"@id\":\"https:\/\/dev.tg4.ie\/en\/#website\",\"url\":\"https:\/\/dev.tg4.ie\/en\/\",\"name\":\"TG4\",\"description\":\"S\u00fail Eile\",\"potentialAction\":[{\"@type\":\"SearchAction\",\"target\":{\"@type\":\"EntryPoint\",\"urlTemplate\":\"https:\/\/dev.tg4.ie\/en\/?s={search_term_string}\"},\"query-input\":\"required name=search_term_string\"}],\"inLanguage\":\"ga\"}]}<\/script>\n<!-- \/ Yoast SEO plugin. -->","yoast_head_json":{"title":"Na Mn\u00e1 Chun Cinn i bhF\u00eds TG4 - TG4","robots":{"index":"index","follow":"follow","max-snippet":"max-snippet:-1","max-image-preview":"max-image-preview:large","max-video-preview":"max-video-preview:-1"},"og_locale":"en_US","og_type":"article","og_title":"Na Mn\u00e1 Chun Cinn i bhF\u00eds TG4 - TG4","og_description":"\u2018Inniu ar L\u00e1 Idirn\u00e1isi\u00fanta na mBan, is mian liom go l\u00e1idir go mbeadh muid go maith chun cinn i TG4 \u00f3 thaobh comhionannas inscne &#8211; ar aghaidh &amp; ar ch\u00fal an cheamara. T\u00e1 s\u00e9 f\u00f3gartha an tseachtain seo againn, go gcaithfidh bean a bheith ar an bpr\u00edomhcharachtar sna scann\u00e1in \u2018Cine4\u2019 a bheidh \u00e1 coimisi\u00fan\u00fa againn [&hellip;]","og_url":"https:\/\/dev.tg4.ie\/ga\/eolas\/preas\/nuacht-raitis\/2018-2\/mna\/","og_site_name":"TG4","article_publisher":"https:\/\/www.facebook.com\/TG4TV","article_modified_time":"2019-07-01T08:42:59+00:00","og_image":[{"width":1920,"height":1080,"url":"https:\/\/tg4-docs.s3.amazonaws.com\/tg4-redesign-2015\/wp-content\/uploads\/2015\/08\/rnr_1503.jpg","type":"image\/jpeg"}],"twitter_card":"summary_large_image","twitter_site":"@TG4TV","twitter_misc":{"Est. reading time":"2 minutes"},"schema":{"@context":"https:\/\/schema.org","@graph":[{"@type":"WebPage","@id":"https:\/\/dev.tg4.ie\/ga\/eolas\/preas\/nuacht-raitis\/2018-2\/mna\/","url":"https:\/\/dev.tg4.ie\/ga\/eolas\/preas\/nuacht-raitis\/2018-2\/mna\/","name":"Na Mn\u00e1 Chun Cinn i bhF\u00eds TG4 - TG4","isPartOf":{"@id":"https:\/\/dev.tg4.ie\/en\/#website"},"primaryImageOfPage":{"@id":"https:\/\/dev.tg4.ie\/ga\/eolas\/preas\/nuacht-raitis\/2018-2\/mna\/#primaryimage"},"image":{"@id":"https:\/\/dev.tg4.ie\/ga\/eolas\/preas\/nuacht-raitis\/2018-2\/mna\/#primaryimage"},"thumbnailUrl":"https:\/\/tg4-docs.s3.amazonaws.com\/tg4-redesign-2015\/wp-content\/uploads\/2015\/08\/rnr_1503.jpg","datePublished":"2018-03-08T12:20:50+00:00","dateModified":"2019-07-01T08:42:59+00:00","breadcrumb":{"@id":"https:\/\/dev.tg4.ie\/ga\/eolas\/preas\/nuacht-raitis\/2018-2\/mna\/#breadcrumb"},"inLanguage":"ga","potentialAction":[{"@type":"ReadAction","target":["https:\/\/dev.tg4.ie\/ga\/eolas\/preas\/nuacht-raitis\/2018-2\/mna\/"]}]},{"@type":"ImageObject","inLanguage":"ga","@id":"https:\/\/dev.tg4.ie\/ga\/eolas\/preas\/nuacht-raitis\/2018-2\/mna\/#primaryimage","url":"https:\/\/tg4-docs.s3.amazonaws.com\/tg4-redesign-2015\/wp-content\/uploads\/2015\/08\/rnr_1503.jpg","contentUrl":"https:\/\/tg4-docs.s3.amazonaws.com\/tg4-redesign-2015\/wp-content\/uploads\/2015\/08\/rnr_1503.jpg","width":1920,"height":1080,"caption":"Ros na R\u00fan"},{"@type":"BreadcrumbList","@id":"https:\/\/dev.tg4.ie\/ga\/eolas\/preas\/nuacht-raitis\/2018-2\/mna\/#breadcrumb","itemListElement":[{"@type":"ListItem","position":1,"name":"Home","item":"https:\/\/dev.tg4.ie\/ga\/"},{"@type":"ListItem","position":2,"name":"Eolas","item":"https:\/\/dev.tg4.ie\/ga\/eolas\/"},{"@type":"ListItem","position":3,"name":"Preas","item":"https:\/\/dev.tg4.ie\/ga\/eolas\/preas\/"},{"@type":"ListItem","position":4,"name":"Nuacht R\u00e1itis","item":"https:\/\/dev.tg4.ie\/ga\/eolas\/preas\/nuacht-raitis\/"},{"@type":"ListItem","position":5,"name":"2018","item":"https:\/\/dev.tg4.ie\/ga\/eolas\/preas\/nuacht-raitis\/2018-2\/"},{"@type":"ListItem","position":6,"name":"Na Mn\u00e1 Chun Cinn i bhF\u00eds TG4"}]},{"@type":"WebSite","@id":"https:\/\/dev.tg4.ie\/en\/#website","url":"https:\/\/dev.tg4.ie\/en\/","name":"TG4","description":"S\u00fail Eile","potentialAction":[{"@type":"SearchAction","target":{"@type":"EntryPoint","urlTemplate":"https:\/\/dev.tg4.ie\/en\/?s={search_term_string}"},"query-input":"required name=search_term_string"}],"inLanguage":"ga"}]}},"_links":{"self":[{"href":"https:\/\/dev.tg4.ie\/ga\/wp-json\/wp\/v2\/pages\/80294"}],"collection":[{"href":"https:\/\/dev.tg4.ie\/ga\/wp-json\/wp\/v2\/pages"}],"about":[{"href":"https:\/\/dev.tg4.ie\/ga\/wp-json\/wp\/v2\/types\/page"}],"author":[{"embeddable":true,"href":"https:\/\/dev.tg4.ie\/ga\/wp-json\/wp\/v2\/users\/4"}],"replies":[{"embeddable":true,"href":"https:\/\/dev.tg4.ie\/ga\/wp-json\/wp\/v2\/comments?post=80294"}],"version-history":[{"count":0,"href":"https:\/\/dev.tg4.ie\/ga\/wp-json\/wp\/v2\/pages\/80294\/revisions"}],"up":[{"embeddable":true,"href":"https:\/\/dev.tg4.ie\/ga\/wp-json\/wp\/v2\/pages\/72849"}],"wp:featuredmedia":[{"embeddable":true,"href":"https:\/\/dev.tg4.ie\/ga\/wp-json\/wp\/v2\/media\/15226"}],"wp:attachment":[{"href":"https:\/\/dev.tg4.ie\/ga\/wp-json\/wp\/v2\/media?parent=80294"}],"curies":[{"name":"wp","href":"https:\/\/api.w.org\/{rel}","templated":true}]}}