{"id":80505,"date":"2018-03-22T16:23:18","date_gmt":"2018-03-22T16:23:18","guid":{"rendered":"https:\/\/dev.tg4.ie\/?page_id=80505"},"modified":"2019-07-01T09:45:32","modified_gmt":"2019-07-01T08:45:32","slug":"feile-bostun","status":"publish","type":"page","link":"https:\/\/dev.tg4.ie\/ga\/eolas\/preas\/nuacht-raitis\/2018-2\/feile-bostun\/","title":{"rendered":"Dh\u00e1 scann\u00e1n de chuid TG4 mar phr\u00edomhscann\u00e1in ag F\u00e9ile Scann\u00e1na\u00edocht na h\u00c9ireann i mBost\u00fan"},"content":{"rendered":"<p><strong>&#8216;Noel Hill \u2013 Broken Dream (Aisling Gh\u00e9ar)&#8217;<\/strong>, portr\u00e1id gh\u00e9arch\u00faiseach de dhuine de na ceolt\u00f3ir\u00ed traidisi\u00fanta is fearr aithne in \u00c9irinn agus \u00e9 ag teacht chuige f\u00e9in tar \u00e9is bualadh agus bascadh trom, agus <strong>&#8216;In the Shadow of the Glen&#8217;<\/strong>, ina r\u00edomhtar meath bhaile fearainn in iarthar na h\u00c9ireann a bh\u00edodh beo br\u00edomhar tr\u00e1th agus ina gc\u00edortar ceisteanna n\u00edos ginear\u00e1lta faoi chult\u00far agus faoi ch\u00farsa\u00ed inmharthanachta, na pr\u00edomhscann\u00e1in ag f\u00e9ile na bliana seo a bheidh ar si\u00fal \u00f3n 22 go dt\u00ed an 25 M\u00e1rta.<\/p>\n<p>&#8220;Is iontach an rud \u00e9 go bhfuil na scann\u00e1in l\u00e1idre, nua-aimseartha \u00c9ireannacha seo \u00e1 dtaispe\u00e1int mar chuid d\u2019Fh\u00e9ile na Scann\u00e1n \u00c9ireannach\u201d a d\u00fairt M\u00e9ara Bhost\u00fain Martin J. Walsh.  L\u00e9ir\u00edonn na scann\u00e1in seo an caighde\u00e1n ard a bhaineann leis an obair at\u00e1 ar bun ag TG4 agus is l\u00e9ir go bhfuil siad in ann dul i gcom\u00f3rtas leis an gcuid is fearr ar an st\u00e1itse idirn\u00e1isi\u00fanta.   T\u00e1im an-bhr\u00f3d\u00fail go bhfuil na sc\u00e9alta iontacha seo as \u00c9irinn \u00e1 gcur faoi bhr\u00e1id mhuintir Bhost\u00fain agus na cruinne.<\/p>\n<p>Deir Ard-Sti\u00farth\u00f3ir TG4, Alan Esslemont, \u201cIs \u00e1bhar r\u00edm\u00e9id againn na cl\u00e1ir faisn\u00e9ise ardchaighde\u00e1in seo a bheith roghnaithe le taispe\u00e1int ag \u00f3c\u00e1id chomh t\u00e1bhachtach leis an bhf\u00e9ile seo.  T\u00e1 bunt\u00e1bhacht ag TG4, mar chuid den tionscnamh <strong>&#8216;TG4 Gach \u00c1it&#8217;<\/strong>, le caidreamh a cheangal leis an \u00c9ireannach cib\u00e9 \u00e1it ina bhfuil s\u00e9 n\u00f3 s\u00ed agus t\u00e1 s\u00fail againn go gcuirfidh taispe\u00e1int na scann\u00e1n seo leis an dream d\u00edlis f\u00e9achana at\u00e1 againn cheana f\u00e9in sna St\u00e1it Aontaithe.\u201d<\/p>\n<p>Cuireadh comhchist\u00edocht ar f\u00e1il don d\u00e1 scann\u00e1n faisn\u00e9ise seo as Ciste Fuaime agus F\u00edse \u00dadar\u00e1s Craolach\u00e1in na h\u00c9ireann (BAI).  Deir Michael O\u2019Keeffe, Pr\u00edomhfheidhmeannach an \u00dadar\u00e1is, \u201cIs c\u00fais \u00e1thais don \u00dadar\u00e1s Craolach\u00e1in an d\u00e1 scann\u00e1n ardchaighde\u00e1in seo i nGaeilge a bheith \u00e1 dtaispe\u00e1int ag F\u00e9ile Scann\u00e1na\u00edochta Bhost\u00fain.  C\u00e9 gur sc\u00e9alta de chuid na linne seo in \u00c9irinn at\u00e1 \u00e1 r\u00edomh sa d\u00e1 scann\u00e1n faoi leith seo, t\u00e1thar ag pl\u00e9 freisin le t\u00e9ama\u00ed uileghabh\u00e1lacha a th\u00e9ann i gcion ar an lucht f\u00e9achana idirn\u00e1isi\u00fanta chomh maith le lucht f\u00e9achana na n\u00c9ireannach.&#8221; <\/p>\n<p>San fhadscann\u00e1n faisn\u00e9ise, <strong>&#8216;Noel Hill \u2013 Broken Dream (Aisling Gh\u00e9ar)&#8217;<\/strong>, arna l\u00e9iri\u00fa ag an gcomhlacht Magamedia at\u00e1 lonnaithe i nGaillimh, r\u00edomhtar sc\u00e9al Noel Hill, an ceolt\u00f3ir iomr\u00e1iteach consairt\u00edn, a shocraigh athr\u00fa go ceantar sceirdi\u00fail tuaithe i gConamara lena chlann \u00f3g.  Sa bhliain 2008, thug t\u00f3g\u00e1la\u00ed bualadh trom d\u00f3 i gceann de thithe \u00f3sta an cheantair.  Bh\u00ed aighneas dl\u00ed idir an bheirt roimhe sin.  D&#8217;fh\u00e1g an dam\u00e1iste a rinneadh d\u00e1 \u00e9adan go raibh g\u00e1 le 10 n-uaire chloig d&#8217;obr\u00e1id m\u00e1inliachta ach d&#8217;fh\u00e1g an dochar s\u00edceola\u00edochta nach raibh ar a chumas ceol a sheinm agus go raibh an eachtra \u00e1 taibhreamh ar\u00eds agus ar\u00eds eile d\u00f3 agus \u00e9 ag fulaingt neamhord struis iarthr\u00e1maigh.  I scann\u00e1n faisn\u00e9ise Phaddy Hayes, feictear Noel ag tabhairt cuntas ar a shaol \u00f3 bhlianta tosaigh a chuid ceoil in Iarthar an Chl\u00e1ir anall go dt\u00ed an t-am ba mheasa d\u00e1 shaol tar \u00e9is a ionsaithe agus ar aghaidh ina dhiaidh sin gur thosaigh an teacht aniar. <\/p>\n<p>Sa scann\u00e1n faisn\u00e9ise <strong>&#8216;In the Shadow of the Glen \u2013 Anseo i L\u00e1r an Ghleanna&#8217;<\/strong>, arna sti\u00faradh agus arna l\u00e9iri\u00fa ag Se\u00e1n \u00d3 Cual\u00e1in, ins\u00edtear an riocht ina bhfuil baile Loch Con Aortha i gConamara agus bliain de shaol phobal na h\u00e1ite sin in iarthar na h\u00c9ireann \u00e1 chur i l\u00e1thair.  Arna thuiscint d\u00f3ibh go bhfuil an tseansibhialtacht Ghaelach lena mbainid\u00eds imithe i l\u00e9ig, f\u00e9achann na daoine le sa\u00edocht an phobail a chaomhn\u00fa nuair a thuigtear d\u00f3ibh go mb&#8217;fh\u00e9idir go n-\u00e9ireodh leo oidhreacht an bhaile a chur ar chaoi a s\u00e1bh\u00e1la, fi\u00fa mura n-\u00e9ir\u00edonn leo an baile f\u00e9in a thabhairt sl\u00e1n.<br \/>\nT\u00e1 F\u00e9ile Scann\u00e1na\u00edocht na h\u00c9ireann i mBost\u00fan ar an bhf\u00e9ile is m\u00f3 d\u00e1 leith\u00e9id taobh amuigh d&#8217;\u00c9irinn f\u00e9in.  Cuirtear deiseanna taispe\u00e1ntais, d\u00e1ileach\u00e1in agus oideachais ar f\u00e1il do lucht scann\u00e1na\u00edochta ann; d\u00e9antar ceili\u00faradh ar a gcuid saothair le gradaim a bhronnadh; agus l\u00e9ir\u00edtear scann\u00e1in faisn\u00e9ise faoi scann\u00e1na\u00edocht na linne seo in \u00c9irinn.  T\u00e1 breis eolais ar f\u00e1il ar <a href=\"http:\/\/www.irishfilmfestival.com\" target=\"_New\" rel=\"noopener noreferrer\">www.irishfilmfestival.com<\/a>.<\/p>\n<p>Beidh <strong>&#8216;Noel Hill \u2013 Aisling Gh\u00e9ar&#8217;<\/strong> \u00e1 thaispe\u00e1int freisin ar TG4 D\u00e9 C\u00e9adaoin, an 18 Aibre\u00e1n ag 9.30 i.n. agus \u00e1 athchraoladh D\u00e9 Domhnaigh, an 29 Aibre\u00e1n ag 10 i.n.<br \/>\nT\u00e1 <strong>&#8216;Anseo i L\u00e1r an Ghleanna&#8217;<\/strong> le feice\u00e1il anois ar <a href=\"https:\/\/dev.tg4.ie\/player\/baile\/?pid=5689584240001&#038;teideal=Anseo%20i%20l%C3%A1r%20an%20Ghleanna&#038;series=Anseo%20i%20l%C3%A1r%20an%20Ghleanna&#038;dlft=40\"><strong>Seinnteoir TG4<\/strong><\/a>.<\/p>\n","protected":false},"excerpt":{"rendered":"<p>&#8216;Noel Hill \u2013 Broken Dream (Aisling Gh\u00e9ar)&#8217;, portr\u00e1id gh\u00e9arch\u00faiseach de dhuine de na ceolt\u00f3ir\u00ed traidisi\u00fanta is fearr aithne in \u00c9irinn agus \u00e9 ag teacht chuige f\u00e9in tar \u00e9is bualadh agus bascadh trom, agus &#8216;In the Shadow of the Glen&#8217;, ina r\u00edomhtar meath bhaile fearainn in iarthar na h\u00c9ireann a bh\u00edodh beo br\u00edomhar tr\u00e1th agus ina [&hellip;]<\/p>\n","protected":false},"author":4,"featured_media":80506,"parent":72849,"menu_order":7,"comment_status":"closed","ping_status":"closed","template":"page-templates\/template-pr.php","meta":{"_acf_changed":false,"footnotes":""},"acf":[],"yoast_head":"<!-- This site is optimized with the Yoast SEO plugin v22.6 - https:\/\/yoast.com\/wordpress\/plugins\/seo\/ -->\n<title>Dh\u00e1 scann\u00e1n de chuid TG4 mar phr\u00edomhscann\u00e1in ag F\u00e9ile Scann\u00e1na\u00edocht na h\u00c9ireann i mBost\u00fan - TG4<\/title>\n<meta name=\"robots\" content=\"index, follow, max-snippet:-1, max-image-preview:large, max-video-preview:-1\" \/>\n<meta property=\"og:locale\" content=\"en_US\" \/>\n<meta property=\"og:type\" content=\"article\" \/>\n<meta property=\"og:title\" content=\"Dh\u00e1 scann\u00e1n de chuid TG4 mar phr\u00edomhscann\u00e1in ag F\u00e9ile Scann\u00e1na\u00edocht na h\u00c9ireann i mBost\u00fan - TG4\" \/>\n<meta property=\"og:description\" content=\"&#8216;Noel Hill \u2013 Broken Dream (Aisling Gh\u00e9ar)&#8217;, portr\u00e1id gh\u00e9arch\u00faiseach de dhuine de na ceolt\u00f3ir\u00ed traidisi\u00fanta is fearr aithne in \u00c9irinn agus \u00e9 ag teacht chuige f\u00e9in tar \u00e9is bualadh agus bascadh trom, agus &#8216;In the Shadow of the Glen&#8217;, ina r\u00edomhtar meath bhaile fearainn in iarthar na h\u00c9ireann a bh\u00edodh beo br\u00edomhar tr\u00e1th agus ina [&hellip;]\" \/>\n<meta property=\"og:url\" content=\"https:\/\/dev.tg4.ie\/ga\/eolas\/preas\/nuacht-raitis\/2018-2\/feile-bostun\/\" \/>\n<meta property=\"og:site_name\" content=\"TG4\" \/>\n<meta property=\"article:publisher\" content=\"https:\/\/www.facebook.com\/TG4TV\" \/>\n<meta property=\"article:modified_time\" content=\"2019-07-01T08:45:32+00:00\" \/>\n<meta property=\"og:image\" content=\"https:\/\/tg4-docs.s3.amazonaws.com\/tg4-redesign-2015\/wp-content\/uploads\/2018\/03\/Noel-sa-phortach.jpg\" \/>\n\t<meta property=\"og:image:width\" content=\"1920\" \/>\n\t<meta property=\"og:image:height\" content=\"1080\" \/>\n\t<meta property=\"og:image:type\" content=\"image\/jpeg\" \/>\n<meta name=\"twitter:card\" content=\"summary_large_image\" \/>\n<meta name=\"twitter:site\" content=\"@TG4TV\" \/>\n<meta name=\"twitter:label1\" content=\"Est. reading time\" \/>\n\t<meta name=\"twitter:data1\" content=\"4 minutes\" \/>\n<script type=\"application\/ld+json\" class=\"yoast-schema-graph\">{\"@context\":\"https:\/\/schema.org\",\"@graph\":[{\"@type\":\"WebPage\",\"@id\":\"https:\/\/dev.tg4.ie\/ga\/eolas\/preas\/nuacht-raitis\/2018-2\/feile-bostun\/\",\"url\":\"https:\/\/dev.tg4.ie\/ga\/eolas\/preas\/nuacht-raitis\/2018-2\/feile-bostun\/\",\"name\":\"Dh\u00e1 scann\u00e1n de chuid TG4 mar phr\u00edomhscann\u00e1in ag F\u00e9ile Scann\u00e1na\u00edocht na h\u00c9ireann i mBost\u00fan - TG4\",\"isPartOf\":{\"@id\":\"https:\/\/dev.tg4.ie\/en\/#website\"},\"primaryImageOfPage\":{\"@id\":\"https:\/\/dev.tg4.ie\/ga\/eolas\/preas\/nuacht-raitis\/2018-2\/feile-bostun\/#primaryimage\"},\"image\":{\"@id\":\"https:\/\/dev.tg4.ie\/ga\/eolas\/preas\/nuacht-raitis\/2018-2\/feile-bostun\/#primaryimage\"},\"thumbnailUrl\":\"https:\/\/tg4-docs.s3.amazonaws.com\/tg4-redesign-2015\/wp-content\/uploads\/2018\/03\/Noel-sa-phortach.jpg\",\"datePublished\":\"2018-03-22T16:23:18+00:00\",\"dateModified\":\"2019-07-01T08:45:32+00:00\",\"breadcrumb\":{\"@id\":\"https:\/\/dev.tg4.ie\/ga\/eolas\/preas\/nuacht-raitis\/2018-2\/feile-bostun\/#breadcrumb\"},\"inLanguage\":\"ga\",\"potentialAction\":[{\"@type\":\"ReadAction\",\"target\":[\"https:\/\/dev.tg4.ie\/ga\/eolas\/preas\/nuacht-raitis\/2018-2\/feile-bostun\/\"]}]},{\"@type\":\"ImageObject\",\"inLanguage\":\"ga\",\"@id\":\"https:\/\/dev.tg4.ie\/ga\/eolas\/preas\/nuacht-raitis\/2018-2\/feile-bostun\/#primaryimage\",\"url\":\"https:\/\/tg4-docs.s3.amazonaws.com\/tg4-redesign-2015\/wp-content\/uploads\/2018\/03\/Noel-sa-phortach.jpg\",\"contentUrl\":\"https:\/\/tg4-docs.s3.amazonaws.com\/tg4-redesign-2015\/wp-content\/uploads\/2018\/03\/Noel-sa-phortach.jpg\",\"width\":1920,\"height\":1080,\"caption\":\"Noel Hill\"},{\"@type\":\"BreadcrumbList\",\"@id\":\"https:\/\/dev.tg4.ie\/ga\/eolas\/preas\/nuacht-raitis\/2018-2\/feile-bostun\/#breadcrumb\",\"itemListElement\":[{\"@type\":\"ListItem\",\"position\":1,\"name\":\"Home\",\"item\":\"https:\/\/dev.tg4.ie\/ga\/\"},{\"@type\":\"ListItem\",\"position\":2,\"name\":\"Eolas\",\"item\":\"https:\/\/dev.tg4.ie\/ga\/eolas\/\"},{\"@type\":\"ListItem\",\"position\":3,\"name\":\"Preas\",\"item\":\"https:\/\/dev.tg4.ie\/ga\/eolas\/preas\/\"},{\"@type\":\"ListItem\",\"position\":4,\"name\":\"Nuacht R\u00e1itis\",\"item\":\"https:\/\/dev.tg4.ie\/ga\/eolas\/preas\/nuacht-raitis\/\"},{\"@type\":\"ListItem\",\"position\":5,\"name\":\"2018\",\"item\":\"https:\/\/dev.tg4.ie\/ga\/eolas\/preas\/nuacht-raitis\/2018-2\/\"},{\"@type\":\"ListItem\",\"position\":6,\"name\":\"Dh\u00e1 scann\u00e1n de chuid TG4 mar phr\u00edomhscann\u00e1in ag F\u00e9ile Scann\u00e1na\u00edocht na h\u00c9ireann i mBost\u00fan\"}]},{\"@type\":\"WebSite\",\"@id\":\"https:\/\/dev.tg4.ie\/en\/#website\",\"url\":\"https:\/\/dev.tg4.ie\/en\/\",\"name\":\"TG4\",\"description\":\"S\u00fail Eile\",\"potentialAction\":[{\"@type\":\"SearchAction\",\"target\":{\"@type\":\"EntryPoint\",\"urlTemplate\":\"https:\/\/dev.tg4.ie\/en\/?s={search_term_string}\"},\"query-input\":\"required name=search_term_string\"}],\"inLanguage\":\"ga\"}]}<\/script>\n<!-- \/ Yoast SEO plugin. -->","yoast_head_json":{"title":"Dh\u00e1 scann\u00e1n de chuid TG4 mar phr\u00edomhscann\u00e1in ag F\u00e9ile Scann\u00e1na\u00edocht na h\u00c9ireann i mBost\u00fan - TG4","robots":{"index":"index","follow":"follow","max-snippet":"max-snippet:-1","max-image-preview":"max-image-preview:large","max-video-preview":"max-video-preview:-1"},"og_locale":"en_US","og_type":"article","og_title":"Dh\u00e1 scann\u00e1n de chuid TG4 mar phr\u00edomhscann\u00e1in ag F\u00e9ile Scann\u00e1na\u00edocht na h\u00c9ireann i mBost\u00fan - TG4","og_description":"&#8216;Noel Hill \u2013 Broken Dream (Aisling Gh\u00e9ar)&#8217;, portr\u00e1id gh\u00e9arch\u00faiseach de dhuine de na ceolt\u00f3ir\u00ed traidisi\u00fanta is fearr aithne in \u00c9irinn agus \u00e9 ag teacht chuige f\u00e9in tar \u00e9is bualadh agus bascadh trom, agus &#8216;In the Shadow of the Glen&#8217;, ina r\u00edomhtar meath bhaile fearainn in iarthar na h\u00c9ireann a bh\u00edodh beo br\u00edomhar tr\u00e1th agus ina [&hellip;]","og_url":"https:\/\/dev.tg4.ie\/ga\/eolas\/preas\/nuacht-raitis\/2018-2\/feile-bostun\/","og_site_name":"TG4","article_publisher":"https:\/\/www.facebook.com\/TG4TV","article_modified_time":"2019-07-01T08:45:32+00:00","og_image":[{"width":1920,"height":1080,"url":"https:\/\/tg4-docs.s3.amazonaws.com\/tg4-redesign-2015\/wp-content\/uploads\/2018\/03\/Noel-sa-phortach.jpg","type":"image\/jpeg"}],"twitter_card":"summary_large_image","twitter_site":"@TG4TV","twitter_misc":{"Est. reading time":"4 minutes"},"schema":{"@context":"https:\/\/schema.org","@graph":[{"@type":"WebPage","@id":"https:\/\/dev.tg4.ie\/ga\/eolas\/preas\/nuacht-raitis\/2018-2\/feile-bostun\/","url":"https:\/\/dev.tg4.ie\/ga\/eolas\/preas\/nuacht-raitis\/2018-2\/feile-bostun\/","name":"Dh\u00e1 scann\u00e1n de chuid TG4 mar phr\u00edomhscann\u00e1in ag F\u00e9ile Scann\u00e1na\u00edocht na h\u00c9ireann i mBost\u00fan - TG4","isPartOf":{"@id":"https:\/\/dev.tg4.ie\/en\/#website"},"primaryImageOfPage":{"@id":"https:\/\/dev.tg4.ie\/ga\/eolas\/preas\/nuacht-raitis\/2018-2\/feile-bostun\/#primaryimage"},"image":{"@id":"https:\/\/dev.tg4.ie\/ga\/eolas\/preas\/nuacht-raitis\/2018-2\/feile-bostun\/#primaryimage"},"thumbnailUrl":"https:\/\/tg4-docs.s3.amazonaws.com\/tg4-redesign-2015\/wp-content\/uploads\/2018\/03\/Noel-sa-phortach.jpg","datePublished":"2018-03-22T16:23:18+00:00","dateModified":"2019-07-01T08:45:32+00:00","breadcrumb":{"@id":"https:\/\/dev.tg4.ie\/ga\/eolas\/preas\/nuacht-raitis\/2018-2\/feile-bostun\/#breadcrumb"},"inLanguage":"ga","potentialAction":[{"@type":"ReadAction","target":["https:\/\/dev.tg4.ie\/ga\/eolas\/preas\/nuacht-raitis\/2018-2\/feile-bostun\/"]}]},{"@type":"ImageObject","inLanguage":"ga","@id":"https:\/\/dev.tg4.ie\/ga\/eolas\/preas\/nuacht-raitis\/2018-2\/feile-bostun\/#primaryimage","url":"https:\/\/tg4-docs.s3.amazonaws.com\/tg4-redesign-2015\/wp-content\/uploads\/2018\/03\/Noel-sa-phortach.jpg","contentUrl":"https:\/\/tg4-docs.s3.amazonaws.com\/tg4-redesign-2015\/wp-content\/uploads\/2018\/03\/Noel-sa-phortach.jpg","width":1920,"height":1080,"caption":"Noel Hill"},{"@type":"BreadcrumbList","@id":"https:\/\/dev.tg4.ie\/ga\/eolas\/preas\/nuacht-raitis\/2018-2\/feile-bostun\/#breadcrumb","itemListElement":[{"@type":"ListItem","position":1,"name":"Home","item":"https:\/\/dev.tg4.ie\/ga\/"},{"@type":"ListItem","position":2,"name":"Eolas","item":"https:\/\/dev.tg4.ie\/ga\/eolas\/"},{"@type":"ListItem","position":3,"name":"Preas","item":"https:\/\/dev.tg4.ie\/ga\/eolas\/preas\/"},{"@type":"ListItem","position":4,"name":"Nuacht R\u00e1itis","item":"https:\/\/dev.tg4.ie\/ga\/eolas\/preas\/nuacht-raitis\/"},{"@type":"ListItem","position":5,"name":"2018","item":"https:\/\/dev.tg4.ie\/ga\/eolas\/preas\/nuacht-raitis\/2018-2\/"},{"@type":"ListItem","position":6,"name":"Dh\u00e1 scann\u00e1n de chuid TG4 mar phr\u00edomhscann\u00e1in ag F\u00e9ile Scann\u00e1na\u00edocht na h\u00c9ireann i mBost\u00fan"}]},{"@type":"WebSite","@id":"https:\/\/dev.tg4.ie\/en\/#website","url":"https:\/\/dev.tg4.ie\/en\/","name":"TG4","description":"S\u00fail Eile","potentialAction":[{"@type":"SearchAction","target":{"@type":"EntryPoint","urlTemplate":"https:\/\/dev.tg4.ie\/en\/?s={search_term_string}"},"query-input":"required name=search_term_string"}],"inLanguage":"ga"}]}},"_links":{"self":[{"href":"https:\/\/dev.tg4.ie\/ga\/wp-json\/wp\/v2\/pages\/80505"}],"collection":[{"href":"https:\/\/dev.tg4.ie\/ga\/wp-json\/wp\/v2\/pages"}],"about":[{"href":"https:\/\/dev.tg4.ie\/ga\/wp-json\/wp\/v2\/types\/page"}],"author":[{"embeddable":true,"href":"https:\/\/dev.tg4.ie\/ga\/wp-json\/wp\/v2\/users\/4"}],"replies":[{"embeddable":true,"href":"https:\/\/dev.tg4.ie\/ga\/wp-json\/wp\/v2\/comments?post=80505"}],"version-history":[{"count":0,"href":"https:\/\/dev.tg4.ie\/ga\/wp-json\/wp\/v2\/pages\/80505\/revisions"}],"up":[{"embeddable":true,"href":"https:\/\/dev.tg4.ie\/ga\/wp-json\/wp\/v2\/pages\/72849"}],"wp:featuredmedia":[{"embeddable":true,"href":"https:\/\/dev.tg4.ie\/ga\/wp-json\/wp\/v2\/media\/80506"}],"wp:attachment":[{"href":"https:\/\/dev.tg4.ie\/ga\/wp-json\/wp\/v2\/media?parent=80505"}],"curies":[{"name":"wp","href":"https:\/\/api.w.org\/{rel}","templated":true}]}}