{"id":80653,"date":"2018-03-29T09:47:14","date_gmt":"2018-03-29T08:47:14","guid":{"rendered":"https:\/\/dev.tg4.ie\/?page_id=80653"},"modified":"2019-07-01T09:48:46","modified_gmt":"2019-07-01T08:48:46","slug":"failte-roimh-pardun-i-ndunmharuithe-mham-trasna","status":"publish","type":"page","link":"https:\/\/dev.tg4.ie\/ga\/eolas\/preas\/nuacht-raitis\/2018-2\/failte-roimh-pardun-i-ndunmharuithe-mham-trasna\/","title":{"rendered":"F\u00e1ilte Roimh Pard\u00fan i nD\u00fanmharuithe Mh\u00e1m Trasna"},"content":{"rendered":"<p>L\u00e9ir\u00edtear taca\u00edocht an Uachtar\u00e1in go mbronnfa\u00ed an pard\u00fan seo de bharr an \u00e9ag\u00f3ir stairi\u00fail, sa fad scann\u00e1n f\u00e1isn\u00e9ise <strong>Murdair Mh\u00e1m Trasna<\/strong><strong>,<\/strong> at\u00e1 le craoladh D\u00e9 C\u00e9adaoin seo chugainn ar TG4, ag 9.30pm.\u00a0 Dar le saineolaithe \u00e1irithe, seo ceann de na hiomraill ceartais is m\u00f3 le r\u00e1 i stair dl\u00ed na Breataine agus na h\u00c9ireann.<\/p>\n<p>Deir an tUachtar\u00e1n \u00d3 hUiginn sa scann\u00e1n, \u201cBh\u00ed na nithe ar fad a thit amach \u00f3 thaobh an st\u00e1it de uaf\u00e1sach.\u00a0 Bh\u00ed breabaireacht i gceist.\u00a0 N\u00ed bhfuair na c\u00faisithe aon seans ceart iad f\u00e9in a chosaint.\u00a0\u00a0 N\u00ed raibh aon chomhionannas n\u00e1 aon chothroime ag baint leis na c\u00f3rais dl\u00ed ag an am sin\u201d<\/p>\n<p>Bunaithe ar an leabhar <strong>\u2018\u00c9ag\u00f3ir\u2019 <\/strong>a scr\u00edobh an t-iarChoimisin\u00e9ir Teanga <strong>Se\u00e1n \u00d3 Cuirre\u00e1in<\/strong> at\u00e1 <strong>Murdair Mh\u00e1m Trasna, <\/strong>agus t\u00e1 seisean chun tosaigh sa bhfeachtas chun pard\u00fan a thabhairt i ndiaidh a mb\u00e1is do Mhaolra Seoighe agus do na fir eile a cionta\u00edodh san \u00e9ag\u00f3ir sna d\u00fanmharuithe seo.<\/p>\n<p><strong>ROSG<\/strong>, comhlacht l\u00e9iri\u00fach\u00e1in as Gaillimh a l\u00e9irigh <strong>Murdair Mh\u00e1m Trasna <\/strong>do<strong> TG4<\/strong>, le taca\u00edocht \u00f3 <strong>\u00dadar\u00e1s Craolach\u00e1in na h\u00c9ireann. <\/strong>T\u00e1 an fadscann\u00e1n roghnaithe le dul san ioma\u00edocht thar ceann na h\u00c9ireann sa chatag\u00f3ir staire ag F\u00e9ile na Me\u00e1n Ceilteach.<\/p>\n<p>Tabharfar cuntas beacht ar na nithe a thit amach nuair a chraolfar <strong>Murdair Mh\u00e1m Trasna <\/strong>an 4 Aibre\u00e1n ag 9.30pm ar TG4 agus ar fud na cruinne ar sheinnteoir TG4.<\/p>\n<ul>\n<li><a href=\"http:\/\/clips.tg4.ie\/g\/v\/dvIJAlPAHtK\">Miche\u00e1l D. \u00d3 hUig\u00ednn Uachtar\u00e1n na h\u00c9ireann<\/a><\/li>\n<li><a href=\"http:\/\/clips.tg4.ie\/g\/v\/mgGXX8tMyK1\">Murdair Mh\u00e1m Trasna TG4 4th April 9.30pm<\/a><\/li>\n<\/ul>\n","protected":false},"excerpt":{"rendered":"<p>L\u00e9ir\u00edtear taca\u00edocht an Uachtar\u00e1in go mbronnfa\u00ed an pard\u00fan seo de bharr an \u00e9ag\u00f3ir stairi\u00fail, sa fad scann\u00e1n f\u00e1isn\u00e9ise Murdair Mh\u00e1m Trasna, at\u00e1 le craoladh D\u00e9 C\u00e9adaoin seo chugainn ar TG4, ag 9.30pm.\u00a0 Dar le saineolaithe \u00e1irithe, seo ceann de na hiomraill ceartais is m\u00f3 le r\u00e1 i stair dl\u00ed na Breataine agus na h\u00c9ireann. Deir [&hellip;]<\/p>\n","protected":false},"author":999,"featured_media":80621,"parent":72849,"menu_order":8,"comment_status":"closed","ping_status":"closed","template":"page-templates\/template-pr.php","meta":{"_acf_changed":false,"footnotes":""},"acf":[],"yoast_head":"<!-- This site is optimized with the Yoast SEO plugin v22.6 - https:\/\/yoast.com\/wordpress\/plugins\/seo\/ -->\n<title>F\u00e1ilte Roimh Pard\u00fan i nD\u00fanmharuithe Mh\u00e1m Trasna - TG4<\/title>\n<meta name=\"robots\" content=\"index, follow, max-snippet:-1, max-image-preview:large, max-video-preview:-1\" \/>\n<meta property=\"og:locale\" content=\"en_US\" \/>\n<meta property=\"og:type\" content=\"article\" \/>\n<meta property=\"og:title\" content=\"F\u00e1ilte Roimh Pard\u00fan i nD\u00fanmharuithe Mh\u00e1m Trasna - TG4\" \/>\n<meta property=\"og:description\" content=\"L\u00e9ir\u00edtear taca\u00edocht an Uachtar\u00e1in go mbronnfa\u00ed an pard\u00fan seo de bharr an \u00e9ag\u00f3ir stairi\u00fail, sa fad scann\u00e1n f\u00e1isn\u00e9ise Murdair Mh\u00e1m Trasna, at\u00e1 le craoladh D\u00e9 C\u00e9adaoin seo chugainn ar TG4, ag 9.30pm.\u00a0 Dar le saineolaithe \u00e1irithe, seo ceann de na hiomraill ceartais is m\u00f3 le r\u00e1 i stair dl\u00ed na Breataine agus na h\u00c9ireann. Deir [&hellip;]\" \/>\n<meta property=\"og:url\" content=\"https:\/\/dev.tg4.ie\/ga\/eolas\/preas\/nuacht-raitis\/2018-2\/failte-roimh-pardun-i-ndunmharuithe-mham-trasna\/\" \/>\n<meta property=\"og:site_name\" content=\"TG4\" \/>\n<meta property=\"article:publisher\" content=\"https:\/\/www.facebook.com\/TG4TV\" \/>\n<meta property=\"article:modified_time\" content=\"2019-07-01T08:48:46+00:00\" \/>\n<meta property=\"og:image\" content=\"https:\/\/tg4-docs.s3.amazonaws.com\/tg4-redesign-2015\/wp-content\/uploads\/2018\/03\/Murdair-Mh%C3%A1m-Trasna.jpg\" \/>\n\t<meta property=\"og:image:width\" content=\"1920\" \/>\n\t<meta property=\"og:image:height\" content=\"1080\" \/>\n\t<meta property=\"og:image:type\" content=\"image\/jpeg\" \/>\n<meta name=\"twitter:card\" content=\"summary_large_image\" \/>\n<meta name=\"twitter:site\" content=\"@TG4TV\" \/>\n<meta name=\"twitter:label1\" content=\"Est. reading time\" \/>\n\t<meta name=\"twitter:data1\" content=\"1 minute\" \/>\n<script type=\"application\/ld+json\" class=\"yoast-schema-graph\">{\"@context\":\"https:\/\/schema.org\",\"@graph\":[{\"@type\":\"WebPage\",\"@id\":\"https:\/\/dev.tg4.ie\/ga\/eolas\/preas\/nuacht-raitis\/2018-2\/failte-roimh-pardun-i-ndunmharuithe-mham-trasna\/\",\"url\":\"https:\/\/dev.tg4.ie\/ga\/eolas\/preas\/nuacht-raitis\/2018-2\/failte-roimh-pardun-i-ndunmharuithe-mham-trasna\/\",\"name\":\"F\u00e1ilte Roimh Pard\u00fan i nD\u00fanmharuithe Mh\u00e1m Trasna - TG4\",\"isPartOf\":{\"@id\":\"https:\/\/dev.tg4.ie\/en\/#website\"},\"primaryImageOfPage\":{\"@id\":\"https:\/\/dev.tg4.ie\/ga\/eolas\/preas\/nuacht-raitis\/2018-2\/failte-roimh-pardun-i-ndunmharuithe-mham-trasna\/#primaryimage\"},\"image\":{\"@id\":\"https:\/\/dev.tg4.ie\/ga\/eolas\/preas\/nuacht-raitis\/2018-2\/failte-roimh-pardun-i-ndunmharuithe-mham-trasna\/#primaryimage\"},\"thumbnailUrl\":\"https:\/\/tg4-docs.s3.amazonaws.com\/tg4-redesign-2015\/wp-content\/uploads\/2018\/03\/Murdair-Mh%C3%A1m-Trasna.jpg\",\"datePublished\":\"2018-03-29T08:47:14+00:00\",\"dateModified\":\"2019-07-01T08:48:46+00:00\",\"breadcrumb\":{\"@id\":\"https:\/\/dev.tg4.ie\/ga\/eolas\/preas\/nuacht-raitis\/2018-2\/failte-roimh-pardun-i-ndunmharuithe-mham-trasna\/#breadcrumb\"},\"inLanguage\":\"ga\",\"potentialAction\":[{\"@type\":\"ReadAction\",\"target\":[\"https:\/\/dev.tg4.ie\/ga\/eolas\/preas\/nuacht-raitis\/2018-2\/failte-roimh-pardun-i-ndunmharuithe-mham-trasna\/\"]}]},{\"@type\":\"ImageObject\",\"inLanguage\":\"ga\",\"@id\":\"https:\/\/dev.tg4.ie\/ga\/eolas\/preas\/nuacht-raitis\/2018-2\/failte-roimh-pardun-i-ndunmharuithe-mham-trasna\/#primaryimage\",\"url\":\"https:\/\/tg4-docs.s3.amazonaws.com\/tg4-redesign-2015\/wp-content\/uploads\/2018\/03\/Murdair-Mh%C3%A1m-Trasna.jpg\",\"contentUrl\":\"https:\/\/tg4-docs.s3.amazonaws.com\/tg4-redesign-2015\/wp-content\/uploads\/2018\/03\/Murdair-Mh%C3%A1m-Trasna.jpg\",\"width\":1920,\"height\":1080,\"caption\":\"Murdair Mh\u00e1m Trasna\"},{\"@type\":\"BreadcrumbList\",\"@id\":\"https:\/\/dev.tg4.ie\/ga\/eolas\/preas\/nuacht-raitis\/2018-2\/failte-roimh-pardun-i-ndunmharuithe-mham-trasna\/#breadcrumb\",\"itemListElement\":[{\"@type\":\"ListItem\",\"position\":1,\"name\":\"Home\",\"item\":\"https:\/\/dev.tg4.ie\/ga\/\"},{\"@type\":\"ListItem\",\"position\":2,\"name\":\"Eolas\",\"item\":\"https:\/\/dev.tg4.ie\/ga\/eolas\/\"},{\"@type\":\"ListItem\",\"position\":3,\"name\":\"Preas\",\"item\":\"https:\/\/dev.tg4.ie\/ga\/eolas\/preas\/\"},{\"@type\":\"ListItem\",\"position\":4,\"name\":\"Nuacht R\u00e1itis\",\"item\":\"https:\/\/dev.tg4.ie\/ga\/eolas\/preas\/nuacht-raitis\/\"},{\"@type\":\"ListItem\",\"position\":5,\"name\":\"2018\",\"item\":\"https:\/\/dev.tg4.ie\/ga\/eolas\/preas\/nuacht-raitis\/2018-2\/\"},{\"@type\":\"ListItem\",\"position\":6,\"name\":\"F\u00e1ilte Roimh Pard\u00fan i nD\u00fanmharuithe Mh\u00e1m Trasna\"}]},{\"@type\":\"WebSite\",\"@id\":\"https:\/\/dev.tg4.ie\/en\/#website\",\"url\":\"https:\/\/dev.tg4.ie\/en\/\",\"name\":\"TG4\",\"description\":\"S\u00fail Eile\",\"potentialAction\":[{\"@type\":\"SearchAction\",\"target\":{\"@type\":\"EntryPoint\",\"urlTemplate\":\"https:\/\/dev.tg4.ie\/en\/?s={search_term_string}\"},\"query-input\":\"required name=search_term_string\"}],\"inLanguage\":\"ga\"}]}<\/script>\n<!-- \/ Yoast SEO plugin. -->","yoast_head_json":{"title":"F\u00e1ilte Roimh Pard\u00fan i nD\u00fanmharuithe Mh\u00e1m Trasna - TG4","robots":{"index":"index","follow":"follow","max-snippet":"max-snippet:-1","max-image-preview":"max-image-preview:large","max-video-preview":"max-video-preview:-1"},"og_locale":"en_US","og_type":"article","og_title":"F\u00e1ilte Roimh Pard\u00fan i nD\u00fanmharuithe Mh\u00e1m Trasna - TG4","og_description":"L\u00e9ir\u00edtear taca\u00edocht an Uachtar\u00e1in go mbronnfa\u00ed an pard\u00fan seo de bharr an \u00e9ag\u00f3ir stairi\u00fail, sa fad scann\u00e1n f\u00e1isn\u00e9ise Murdair Mh\u00e1m Trasna, at\u00e1 le craoladh D\u00e9 C\u00e9adaoin seo chugainn ar TG4, ag 9.30pm.\u00a0 Dar le saineolaithe \u00e1irithe, seo ceann de na hiomraill ceartais is m\u00f3 le r\u00e1 i stair dl\u00ed na Breataine agus na h\u00c9ireann. Deir [&hellip;]","og_url":"https:\/\/dev.tg4.ie\/ga\/eolas\/preas\/nuacht-raitis\/2018-2\/failte-roimh-pardun-i-ndunmharuithe-mham-trasna\/","og_site_name":"TG4","article_publisher":"https:\/\/www.facebook.com\/TG4TV","article_modified_time":"2019-07-01T08:48:46+00:00","og_image":[{"width":1920,"height":1080,"url":"https:\/\/tg4-docs.s3.amazonaws.com\/tg4-redesign-2015\/wp-content\/uploads\/2018\/03\/Murdair-Mh%C3%A1m-Trasna.jpg","type":"image\/jpeg"}],"twitter_card":"summary_large_image","twitter_site":"@TG4TV","twitter_misc":{"Est. reading time":"1 minute"},"schema":{"@context":"https:\/\/schema.org","@graph":[{"@type":"WebPage","@id":"https:\/\/dev.tg4.ie\/ga\/eolas\/preas\/nuacht-raitis\/2018-2\/failte-roimh-pardun-i-ndunmharuithe-mham-trasna\/","url":"https:\/\/dev.tg4.ie\/ga\/eolas\/preas\/nuacht-raitis\/2018-2\/failte-roimh-pardun-i-ndunmharuithe-mham-trasna\/","name":"F\u00e1ilte Roimh Pard\u00fan i nD\u00fanmharuithe Mh\u00e1m Trasna - TG4","isPartOf":{"@id":"https:\/\/dev.tg4.ie\/en\/#website"},"primaryImageOfPage":{"@id":"https:\/\/dev.tg4.ie\/ga\/eolas\/preas\/nuacht-raitis\/2018-2\/failte-roimh-pardun-i-ndunmharuithe-mham-trasna\/#primaryimage"},"image":{"@id":"https:\/\/dev.tg4.ie\/ga\/eolas\/preas\/nuacht-raitis\/2018-2\/failte-roimh-pardun-i-ndunmharuithe-mham-trasna\/#primaryimage"},"thumbnailUrl":"https:\/\/tg4-docs.s3.amazonaws.com\/tg4-redesign-2015\/wp-content\/uploads\/2018\/03\/Murdair-Mh%C3%A1m-Trasna.jpg","datePublished":"2018-03-29T08:47:14+00:00","dateModified":"2019-07-01T08:48:46+00:00","breadcrumb":{"@id":"https:\/\/dev.tg4.ie\/ga\/eolas\/preas\/nuacht-raitis\/2018-2\/failte-roimh-pardun-i-ndunmharuithe-mham-trasna\/#breadcrumb"},"inLanguage":"ga","potentialAction":[{"@type":"ReadAction","target":["https:\/\/dev.tg4.ie\/ga\/eolas\/preas\/nuacht-raitis\/2018-2\/failte-roimh-pardun-i-ndunmharuithe-mham-trasna\/"]}]},{"@type":"ImageObject","inLanguage":"ga","@id":"https:\/\/dev.tg4.ie\/ga\/eolas\/preas\/nuacht-raitis\/2018-2\/failte-roimh-pardun-i-ndunmharuithe-mham-trasna\/#primaryimage","url":"https:\/\/tg4-docs.s3.amazonaws.com\/tg4-redesign-2015\/wp-content\/uploads\/2018\/03\/Murdair-Mh%C3%A1m-Trasna.jpg","contentUrl":"https:\/\/tg4-docs.s3.amazonaws.com\/tg4-redesign-2015\/wp-content\/uploads\/2018\/03\/Murdair-Mh%C3%A1m-Trasna.jpg","width":1920,"height":1080,"caption":"Murdair Mh\u00e1m Trasna"},{"@type":"BreadcrumbList","@id":"https:\/\/dev.tg4.ie\/ga\/eolas\/preas\/nuacht-raitis\/2018-2\/failte-roimh-pardun-i-ndunmharuithe-mham-trasna\/#breadcrumb","itemListElement":[{"@type":"ListItem","position":1,"name":"Home","item":"https:\/\/dev.tg4.ie\/ga\/"},{"@type":"ListItem","position":2,"name":"Eolas","item":"https:\/\/dev.tg4.ie\/ga\/eolas\/"},{"@type":"ListItem","position":3,"name":"Preas","item":"https:\/\/dev.tg4.ie\/ga\/eolas\/preas\/"},{"@type":"ListItem","position":4,"name":"Nuacht R\u00e1itis","item":"https:\/\/dev.tg4.ie\/ga\/eolas\/preas\/nuacht-raitis\/"},{"@type":"ListItem","position":5,"name":"2018","item":"https:\/\/dev.tg4.ie\/ga\/eolas\/preas\/nuacht-raitis\/2018-2\/"},{"@type":"ListItem","position":6,"name":"F\u00e1ilte Roimh Pard\u00fan i nD\u00fanmharuithe Mh\u00e1m Trasna"}]},{"@type":"WebSite","@id":"https:\/\/dev.tg4.ie\/en\/#website","url":"https:\/\/dev.tg4.ie\/en\/","name":"TG4","description":"S\u00fail Eile","potentialAction":[{"@type":"SearchAction","target":{"@type":"EntryPoint","urlTemplate":"https:\/\/dev.tg4.ie\/en\/?s={search_term_string}"},"query-input":"required name=search_term_string"}],"inLanguage":"ga"}]}},"_links":{"self":[{"href":"https:\/\/dev.tg4.ie\/ga\/wp-json\/wp\/v2\/pages\/80653"}],"collection":[{"href":"https:\/\/dev.tg4.ie\/ga\/wp-json\/wp\/v2\/pages"}],"about":[{"href":"https:\/\/dev.tg4.ie\/ga\/wp-json\/wp\/v2\/types\/page"}],"author":[{"embeddable":true,"href":"https:\/\/dev.tg4.ie\/ga\/wp-json\/wp\/v2\/users\/999"}],"replies":[{"embeddable":true,"href":"https:\/\/dev.tg4.ie\/ga\/wp-json\/wp\/v2\/comments?post=80653"}],"version-history":[{"count":0,"href":"https:\/\/dev.tg4.ie\/ga\/wp-json\/wp\/v2\/pages\/80653\/revisions"}],"up":[{"embeddable":true,"href":"https:\/\/dev.tg4.ie\/ga\/wp-json\/wp\/v2\/pages\/72849"}],"wp:featuredmedia":[{"embeddable":true,"href":"https:\/\/dev.tg4.ie\/ga\/wp-json\/wp\/v2\/media\/80621"}],"wp:attachment":[{"href":"https:\/\/dev.tg4.ie\/ga\/wp-json\/wp\/v2\/media?parent=80653"}],"curies":[{"name":"wp","href":"https:\/\/api.w.org\/{rel}","templated":true}]}}