{"id":81241,"date":"2018-04-10T13:04:20","date_gmt":"2018-04-10T12:04:20","guid":{"rendered":"https:\/\/dev.tg4.ie\/?page_id=81241"},"modified":"2019-07-01T09:56:43","modified_gmt":"2019-07-01T08:56:43","slug":"sceal-phardun-mham-trasna-scaipthe-ar-fud-an-domhain","status":"publish","type":"page","link":"https:\/\/dev.tg4.ie\/ga\/eolas\/preas\/nuacht-raitis\/2018-2\/sceal-phardun-mham-trasna-scaipthe-ar-fud-an-domhain\/","title":{"rendered":"Sc\u00e9al Phard\u00fan Mh\u00e1m Trasna Scaipthe ar fud an Domhain"},"content":{"rendered":"<p>T\u00e1 aird faoi leith tugtha ag \u00e1is\u00edneachta\u00ed me\u00e1n cumars\u00e1ide, macasamhail <strong>SKY<\/strong>, <strong>BBC <\/strong>agus cinn eile sa Bhreatain, mar aon leis an <strong>New York Times<\/strong> agus <strong>Irish Central<\/strong> sna <strong>St\u00e1it Aontaithe<\/strong>, ar an bpard\u00fan stairi\u00fail neamhghn\u00e1ch seo.\u00a0 Ach, is d\u00f3cha gur m\u00f3 an d\u00edol iontais f\u00f3s \u00e9 go bhfuil suim nach beag l\u00e9irithe sa sc\u00e9al freisin, ag lucht nuachta i dt\u00edortha eile, cos\u00fail leis an <strong>Bhrasa\u00edl<\/strong>, an <strong>Ung\u00e1ir<\/strong>, an <strong>Indin\u00e9is<\/strong>, an <strong>Eilv\u00e9is<\/strong> agus an <strong>R\u00fais<\/strong>.<\/p>\n<p>T\u00e1 an sp\u00e9is ch\u00e9anna le sonr\u00fa i measc lucht f\u00e9achana suntasach at\u00e1 ag an gcl\u00e1r ar l\u00edne go dt\u00ed seo freisin. T\u00e1 s\u00e9 feicthe go forleathan ag cuid mhaith daoine in \u00e1iteanna chomh fada \u00f3 bhaile leis na <strong>St\u00e1it Aontaithe<\/strong>, <strong>Ceanada<\/strong>, an <strong>Astr\u00e1il<\/strong>, an <strong>Sp\u00e1inn<\/strong>, an <strong>Fhrainc<\/strong>, an <strong>\u00cdsilt\u00edr<\/strong>, an <strong>Ghearm\u00e1in<\/strong>, an <strong>tSeap\u00e1in<\/strong>, <strong>Singeap\u00f3r<\/strong> agus <strong>Aontas na n\u00c9im\u00edr\u00edochta\u00ed Arabacha, <\/strong>gan tr\u00e1cht ar chuid mhaith eile.<\/p>\n<p>Sc\u00e9al \u00e9 <strong>Murdair Mh\u00e1m Trasna<\/strong>, fadscann\u00e1n arna choimisi\u00fan\u00fa ag TG4 agus arna ch\u00f3mhaoini\u00fa ag an BAI,\u00a0 faoi dh\u00fanmhar\u00fa c\u00faigear den teaghlach c\u00e9anna i M\u00e1m Trasna in Iarthar na h\u00c9ireann in 1882 agus an t-iomrall ceartais a lean de bharr fianaise bhr\u00e9ige agus breabaireachta, agus faoin mbaint a bh\u00ed ag an gc\u00e1s le titim rialtas na Breataine ina dhiaidh sin.\u00a0 Craoladh an cl\u00e1r den ch\u00e9ad uair ar TG4 an tseachtain seo caite agus t\u00e1 s\u00e9 ar f\u00e1il go f\u00f3ill ar fud an domhain, ar sheinnteoir TG4 ag <a href=\"https:\/\/dev.tg4.ie\/mmt\"><strong>www.tg4.ie\/mmt<\/strong><\/a>.<\/p>\n<p>Is \u00e9<strong> Colm Bair\u00e9ad <\/strong>a sti\u00fair <strong>Murdair Mh\u00e1m Trasna<\/strong>\u00a0at\u00e1 bunaithe ar an leabhar <strong>\u2018\u00c9ag\u00f3ir\u2019<\/strong>, a scr\u00edobh an tIar-Choimisin\u00e9ir Teanga, <strong>Se\u00e1n \u00d3 Cuirre\u00e1in.\u00a0 Ciaran \u00d3 Cofaigh <\/strong>\u00f3 <strong>ROSG<\/strong> a bh\u00ed i mbun an l\u00e9iri\u00fach\u00e1in.<\/p>\n<p>Seo sampla de na hailt faoin \u00e1bhar seo a d\u2019fhoilsigh \u00e1is\u00edneachta\u00ed nuachta \u00e9ags\u00fala, ar fud na cruinne.<\/p>\n<ul>\n<li>New York Times &#8211; <a href=\"https:\/\/www.google.ie\/amp\/s\/mobile.nytimes.com\/2018\/04\/06\/world\/europe\/irish-hanged-pardon.amp.html\">https:\/\/www.google.ie\/amp\/s\/mobile.nytimes.com\/2018\/04\/06\/world\/europe\/irish-hanged-pardon.amp.html<\/a><\/li>\n<li>BBC Radio 4 <em>The World at One &#8211; <\/em><a href=\"http:\/\/aod-pod-ww-live.bbcfmt.hs.llnwd.net\/mpg_mp3_vlow\/modav\/bUnknown-a8f00bcf-4973-423b-8a98-7d29e9d3b14c_p063d6tw_1522934750805.mp3?s=1522942768&amp;e=1522985968&amp;h=234959648bc9171d20d04fe276d1b0fe\">http:\/\/aod-pod-ww-live.bbcfmt.hs.llnwd.net\/mpg_mp3_vlow\/modav\/bUnknown-a8f00bcf-4973-423b-8a98-7d29e9d3b14c_p063d6tw_1522934750805.mp3?s=1522942768&amp;e=1522985968&amp;h=234959648bc9171d20d04fe276d1b0fe<\/a><\/li>\n<li><a href=\"http:\/\/progressvideo.tv\/videos\/man-executed-for-1882-maamtrasna-massacre-pardoned-by-irish-president\">http:\/\/progressvideo.tv\/videos\/man-executed-for-1882-maamtrasna-massacre-pardoned-by-irish-president<\/a><\/li>\n<li><a href=\"https:\/\/www.stern.de\/panorama\/stern-crime\/irland--mann-begnadigt---136-jahre-nachdem-er-gehaengt-wurde-7928350.html\">https:\/\/www.stern.de\/panorama\/stern-crime\/irland&#8211;mann-begnadigt&#8212;136-jahre-nachdem-er-gehaengt-wurde-7928350.html<\/a><\/li>\n<li><a href=\"https:\/\/br.sputniknews.com\/europa\/2018040610921299-irlandes-enforcado-absolvido\/\">https:\/\/br.sputniknews.com\/europa\/2018040610921299-irlandes-enforcado-absolvido\/<\/a><\/li>\n<li><a href=\"https:\/\/www.tio.ch\/estero\/attualita\/1251212\/riconosciuto-innocente-140-anni-dopo-essere-stato-impiccato\">https:\/\/www.tio.ch\/estero\/attualita\/1251212\/riconosciuto-innocente-140-anni-dopo-essere-stato-impiccato<\/a><\/li>\n<li><a href=\"http:\/\/www.tribunnews.com\/internasional\/2018\/04\/05\/pria-ini-dinyatakan-tidak-bersalah-setelah-divonis-gantung-140-tahun-yang-lalu\">http:\/\/www.tribunnews.com\/internasional\/2018\/04\/05\/pria-ini-dinyatakan-tidak-bersalah-setelah-divonis-gantung-140-tahun-yang-lalu<\/a><\/li>\n<li><a href=\"https:\/\/news.okezone.com\/read\/2018\/04\/05\/18\/1882429\/irlandia-berikan-pengampunan-pada-seorang-pria-140-tahun-setelah-dia-dihukum-gantung\">https:\/\/news.okezone.com\/read\/2018\/04\/05\/18\/1882429\/irlandia-berikan-pengampunan-pada-seorang-pria-140-tahun-setelah-dia-dihukum-gantung<\/a><\/li>\n<li><a href=\"https:\/\/www.rancahpost.co.id\/201804105459\/setelah-140-tahun-yang-lalu-dihukum-gantung-pria-ini-dinyatakan-tidak-bersalah\/\">https:\/\/www.rancahpost.co.id\/201804105459\/setelah-140-tahun-yang-lalu-dihukum-gantung-pria-ini-dinyatakan-tidak-bersalah\/<\/a><\/li>\n<li><a href=\"https:\/\/lenta.ru\/news\/2018\/04\/06\/ooops_sorry\/\">https:\/\/lenta.ru\/news\/2018\/04\/06\/ooops_sorry\/<\/a><\/li>\n<li><a href=\"http:\/\/www.origo.hu\/nagyvilag\/20180405-140-ev-utan-kapott-kegyelmet-a-felakasztott-ferfi.html\">http:\/\/www.origo.hu\/nagyvilag\/20180405-140-ev-utan-kapott-kegyelmet-a-felakasztott-ferfi.html<\/a><\/li>\n<li><a href=\"https:\/\/www.irishcentral.com\/news\/myles-joyce-pardoned-maamtrasna-murders\">https:\/\/www.irishcentral.com\/news\/myles-joyce-pardoned-maamtrasna-murders<\/a><\/li>\n<li><a href=\"https:\/\/www.yorkshirecoastradio.com\/news\/world\/2545908\/140-years-too-late-pardon-for-man-hanged-for-five-murders\/\">https:\/\/www.yorkshirecoastradio.com\/news\/world\/2545908\/140-years-too-late-pardon-for-man-hanged-for-five-murders\/<\/a><\/li>\n<\/ul>\n","protected":false},"excerpt":{"rendered":"<p>T\u00e1 aird faoi leith tugtha ag \u00e1is\u00edneachta\u00ed me\u00e1n cumars\u00e1ide, macasamhail SKY, BBC agus cinn eile sa Bhreatain, mar aon leis an New York Times agus Irish Central sna St\u00e1it Aontaithe, ar an bpard\u00fan stairi\u00fail neamhghn\u00e1ch seo.\u00a0 Ach, is d\u00f3cha gur m\u00f3 an d\u00edol iontais f\u00f3s \u00e9 go bhfuil suim nach beag l\u00e9irithe sa sc\u00e9al freisin, [&hellip;]<\/p>\n","protected":false},"author":876,"featured_media":81247,"parent":72849,"menu_order":10,"comment_status":"closed","ping_status":"closed","template":"page-templates\/template-pr.php","meta":{"_acf_changed":false,"footnotes":""},"acf":[],"yoast_head":"<!-- This site is optimized with the Yoast SEO plugin v22.6 - https:\/\/yoast.com\/wordpress\/plugins\/seo\/ -->\n<title>Sc\u00e9al Phard\u00fan Mh\u00e1m Trasna Scaipthe ar fud an Domhain - TG4<\/title>\n<meta name=\"robots\" content=\"index, follow, max-snippet:-1, max-image-preview:large, max-video-preview:-1\" \/>\n<meta property=\"og:locale\" content=\"en_US\" \/>\n<meta property=\"og:type\" content=\"article\" \/>\n<meta property=\"og:title\" content=\"Sc\u00e9al Phard\u00fan Mh\u00e1m Trasna Scaipthe ar fud an Domhain - TG4\" \/>\n<meta property=\"og:description\" content=\"T\u00e1 aird faoi leith tugtha ag \u00e1is\u00edneachta\u00ed me\u00e1n cumars\u00e1ide, macasamhail SKY, BBC agus cinn eile sa Bhreatain, mar aon leis an New York Times agus Irish Central sna St\u00e1it Aontaithe, ar an bpard\u00fan stairi\u00fail neamhghn\u00e1ch seo.\u00a0 Ach, is d\u00f3cha gur m\u00f3 an d\u00edol iontais f\u00f3s \u00e9 go bhfuil suim nach beag l\u00e9irithe sa sc\u00e9al freisin, [&hellip;]\" \/>\n<meta property=\"og:url\" content=\"https:\/\/dev.tg4.ie\/ga\/eolas\/preas\/nuacht-raitis\/2018-2\/sceal-phardun-mham-trasna-scaipthe-ar-fud-an-domhain\/\" \/>\n<meta property=\"og:site_name\" content=\"TG4\" \/>\n<meta property=\"article:publisher\" content=\"https:\/\/www.facebook.com\/TG4TV\" \/>\n<meta property=\"article:modified_time\" content=\"2019-07-01T08:56:43+00:00\" \/>\n<meta property=\"og:image\" content=\"https:\/\/tg4-docs.s3.amazonaws.com\/tg4-redesign-2015\/wp-content\/uploads\/2018\/04\/Myles_Joyce_Dara_Devanney.jpg\" \/>\n\t<meta property=\"og:image:width\" content=\"1920\" \/>\n\t<meta property=\"og:image:height\" content=\"1080\" \/>\n\t<meta property=\"og:image:type\" content=\"image\/jpeg\" \/>\n<meta name=\"twitter:card\" content=\"summary_large_image\" \/>\n<meta name=\"twitter:site\" content=\"@TG4TV\" \/>\n<meta name=\"twitter:label1\" content=\"Est. reading time\" \/>\n\t<meta name=\"twitter:data1\" content=\"2 minutes\" \/>\n<script type=\"application\/ld+json\" class=\"yoast-schema-graph\">{\"@context\":\"https:\/\/schema.org\",\"@graph\":[{\"@type\":\"WebPage\",\"@id\":\"https:\/\/dev.tg4.ie\/ga\/eolas\/preas\/nuacht-raitis\/2018-2\/sceal-phardun-mham-trasna-scaipthe-ar-fud-an-domhain\/\",\"url\":\"https:\/\/dev.tg4.ie\/ga\/eolas\/preas\/nuacht-raitis\/2018-2\/sceal-phardun-mham-trasna-scaipthe-ar-fud-an-domhain\/\",\"name\":\"Sc\u00e9al Phard\u00fan Mh\u00e1m Trasna Scaipthe ar fud an Domhain - TG4\",\"isPartOf\":{\"@id\":\"https:\/\/dev.tg4.ie\/en\/#website\"},\"primaryImageOfPage\":{\"@id\":\"https:\/\/dev.tg4.ie\/ga\/eolas\/preas\/nuacht-raitis\/2018-2\/sceal-phardun-mham-trasna-scaipthe-ar-fud-an-domhain\/#primaryimage\"},\"image\":{\"@id\":\"https:\/\/dev.tg4.ie\/ga\/eolas\/preas\/nuacht-raitis\/2018-2\/sceal-phardun-mham-trasna-scaipthe-ar-fud-an-domhain\/#primaryimage\"},\"thumbnailUrl\":\"https:\/\/tg4-docs.s3.amazonaws.com\/tg4-redesign-2015\/wp-content\/uploads\/2018\/04\/Myles_Joyce_Dara_Devanney.jpg\",\"datePublished\":\"2018-04-10T12:04:20+00:00\",\"dateModified\":\"2019-07-01T08:56:43+00:00\",\"breadcrumb\":{\"@id\":\"https:\/\/dev.tg4.ie\/ga\/eolas\/preas\/nuacht-raitis\/2018-2\/sceal-phardun-mham-trasna-scaipthe-ar-fud-an-domhain\/#breadcrumb\"},\"inLanguage\":\"ga\",\"potentialAction\":[{\"@type\":\"ReadAction\",\"target\":[\"https:\/\/dev.tg4.ie\/ga\/eolas\/preas\/nuacht-raitis\/2018-2\/sceal-phardun-mham-trasna-scaipthe-ar-fud-an-domhain\/\"]}]},{\"@type\":\"ImageObject\",\"inLanguage\":\"ga\",\"@id\":\"https:\/\/dev.tg4.ie\/ga\/eolas\/preas\/nuacht-raitis\/2018-2\/sceal-phardun-mham-trasna-scaipthe-ar-fud-an-domhain\/#primaryimage\",\"url\":\"https:\/\/tg4-docs.s3.amazonaws.com\/tg4-redesign-2015\/wp-content\/uploads\/2018\/04\/Myles_Joyce_Dara_Devanney.jpg\",\"contentUrl\":\"https:\/\/tg4-docs.s3.amazonaws.com\/tg4-redesign-2015\/wp-content\/uploads\/2018\/04\/Myles_Joyce_Dara_Devanney.jpg\",\"width\":1920,\"height\":1080,\"caption\":\"Dara Devaney mar Maolra Seoighe\"},{\"@type\":\"BreadcrumbList\",\"@id\":\"https:\/\/dev.tg4.ie\/ga\/eolas\/preas\/nuacht-raitis\/2018-2\/sceal-phardun-mham-trasna-scaipthe-ar-fud-an-domhain\/#breadcrumb\",\"itemListElement\":[{\"@type\":\"ListItem\",\"position\":1,\"name\":\"Home\",\"item\":\"https:\/\/dev.tg4.ie\/ga\/\"},{\"@type\":\"ListItem\",\"position\":2,\"name\":\"Eolas\",\"item\":\"https:\/\/dev.tg4.ie\/ga\/eolas\/\"},{\"@type\":\"ListItem\",\"position\":3,\"name\":\"Preas\",\"item\":\"https:\/\/dev.tg4.ie\/ga\/eolas\/preas\/\"},{\"@type\":\"ListItem\",\"position\":4,\"name\":\"Nuacht R\u00e1itis\",\"item\":\"https:\/\/dev.tg4.ie\/ga\/eolas\/preas\/nuacht-raitis\/\"},{\"@type\":\"ListItem\",\"position\":5,\"name\":\"2018\",\"item\":\"https:\/\/dev.tg4.ie\/ga\/eolas\/preas\/nuacht-raitis\/2018-2\/\"},{\"@type\":\"ListItem\",\"position\":6,\"name\":\"Sc\u00e9al Phard\u00fan Mh\u00e1m Trasna Scaipthe ar fud an Domhain\"}]},{\"@type\":\"WebSite\",\"@id\":\"https:\/\/dev.tg4.ie\/en\/#website\",\"url\":\"https:\/\/dev.tg4.ie\/en\/\",\"name\":\"TG4\",\"description\":\"S\u00fail Eile\",\"potentialAction\":[{\"@type\":\"SearchAction\",\"target\":{\"@type\":\"EntryPoint\",\"urlTemplate\":\"https:\/\/dev.tg4.ie\/en\/?s={search_term_string}\"},\"query-input\":\"required name=search_term_string\"}],\"inLanguage\":\"ga\"}]}<\/script>\n<!-- \/ Yoast SEO plugin. -->","yoast_head_json":{"title":"Sc\u00e9al Phard\u00fan Mh\u00e1m Trasna Scaipthe ar fud an Domhain - TG4","robots":{"index":"index","follow":"follow","max-snippet":"max-snippet:-1","max-image-preview":"max-image-preview:large","max-video-preview":"max-video-preview:-1"},"og_locale":"en_US","og_type":"article","og_title":"Sc\u00e9al Phard\u00fan Mh\u00e1m Trasna Scaipthe ar fud an Domhain - TG4","og_description":"T\u00e1 aird faoi leith tugtha ag \u00e1is\u00edneachta\u00ed me\u00e1n cumars\u00e1ide, macasamhail SKY, BBC agus cinn eile sa Bhreatain, mar aon leis an New York Times agus Irish Central sna St\u00e1it Aontaithe, ar an bpard\u00fan stairi\u00fail neamhghn\u00e1ch seo.\u00a0 Ach, is d\u00f3cha gur m\u00f3 an d\u00edol iontais f\u00f3s \u00e9 go bhfuil suim nach beag l\u00e9irithe sa sc\u00e9al freisin, [&hellip;]","og_url":"https:\/\/dev.tg4.ie\/ga\/eolas\/preas\/nuacht-raitis\/2018-2\/sceal-phardun-mham-trasna-scaipthe-ar-fud-an-domhain\/","og_site_name":"TG4","article_publisher":"https:\/\/www.facebook.com\/TG4TV","article_modified_time":"2019-07-01T08:56:43+00:00","og_image":[{"width":1920,"height":1080,"url":"https:\/\/tg4-docs.s3.amazonaws.com\/tg4-redesign-2015\/wp-content\/uploads\/2018\/04\/Myles_Joyce_Dara_Devanney.jpg","type":"image\/jpeg"}],"twitter_card":"summary_large_image","twitter_site":"@TG4TV","twitter_misc":{"Est. reading time":"2 minutes"},"schema":{"@context":"https:\/\/schema.org","@graph":[{"@type":"WebPage","@id":"https:\/\/dev.tg4.ie\/ga\/eolas\/preas\/nuacht-raitis\/2018-2\/sceal-phardun-mham-trasna-scaipthe-ar-fud-an-domhain\/","url":"https:\/\/dev.tg4.ie\/ga\/eolas\/preas\/nuacht-raitis\/2018-2\/sceal-phardun-mham-trasna-scaipthe-ar-fud-an-domhain\/","name":"Sc\u00e9al Phard\u00fan Mh\u00e1m Trasna Scaipthe ar fud an Domhain - TG4","isPartOf":{"@id":"https:\/\/dev.tg4.ie\/en\/#website"},"primaryImageOfPage":{"@id":"https:\/\/dev.tg4.ie\/ga\/eolas\/preas\/nuacht-raitis\/2018-2\/sceal-phardun-mham-trasna-scaipthe-ar-fud-an-domhain\/#primaryimage"},"image":{"@id":"https:\/\/dev.tg4.ie\/ga\/eolas\/preas\/nuacht-raitis\/2018-2\/sceal-phardun-mham-trasna-scaipthe-ar-fud-an-domhain\/#primaryimage"},"thumbnailUrl":"https:\/\/tg4-docs.s3.amazonaws.com\/tg4-redesign-2015\/wp-content\/uploads\/2018\/04\/Myles_Joyce_Dara_Devanney.jpg","datePublished":"2018-04-10T12:04:20+00:00","dateModified":"2019-07-01T08:56:43+00:00","breadcrumb":{"@id":"https:\/\/dev.tg4.ie\/ga\/eolas\/preas\/nuacht-raitis\/2018-2\/sceal-phardun-mham-trasna-scaipthe-ar-fud-an-domhain\/#breadcrumb"},"inLanguage":"ga","potentialAction":[{"@type":"ReadAction","target":["https:\/\/dev.tg4.ie\/ga\/eolas\/preas\/nuacht-raitis\/2018-2\/sceal-phardun-mham-trasna-scaipthe-ar-fud-an-domhain\/"]}]},{"@type":"ImageObject","inLanguage":"ga","@id":"https:\/\/dev.tg4.ie\/ga\/eolas\/preas\/nuacht-raitis\/2018-2\/sceal-phardun-mham-trasna-scaipthe-ar-fud-an-domhain\/#primaryimage","url":"https:\/\/tg4-docs.s3.amazonaws.com\/tg4-redesign-2015\/wp-content\/uploads\/2018\/04\/Myles_Joyce_Dara_Devanney.jpg","contentUrl":"https:\/\/tg4-docs.s3.amazonaws.com\/tg4-redesign-2015\/wp-content\/uploads\/2018\/04\/Myles_Joyce_Dara_Devanney.jpg","width":1920,"height":1080,"caption":"Dara Devaney mar Maolra Seoighe"},{"@type":"BreadcrumbList","@id":"https:\/\/dev.tg4.ie\/ga\/eolas\/preas\/nuacht-raitis\/2018-2\/sceal-phardun-mham-trasna-scaipthe-ar-fud-an-domhain\/#breadcrumb","itemListElement":[{"@type":"ListItem","position":1,"name":"Home","item":"https:\/\/dev.tg4.ie\/ga\/"},{"@type":"ListItem","position":2,"name":"Eolas","item":"https:\/\/dev.tg4.ie\/ga\/eolas\/"},{"@type":"ListItem","position":3,"name":"Preas","item":"https:\/\/dev.tg4.ie\/ga\/eolas\/preas\/"},{"@type":"ListItem","position":4,"name":"Nuacht R\u00e1itis","item":"https:\/\/dev.tg4.ie\/ga\/eolas\/preas\/nuacht-raitis\/"},{"@type":"ListItem","position":5,"name":"2018","item":"https:\/\/dev.tg4.ie\/ga\/eolas\/preas\/nuacht-raitis\/2018-2\/"},{"@type":"ListItem","position":6,"name":"Sc\u00e9al Phard\u00fan Mh\u00e1m Trasna Scaipthe ar fud an Domhain"}]},{"@type":"WebSite","@id":"https:\/\/dev.tg4.ie\/en\/#website","url":"https:\/\/dev.tg4.ie\/en\/","name":"TG4","description":"S\u00fail Eile","potentialAction":[{"@type":"SearchAction","target":{"@type":"EntryPoint","urlTemplate":"https:\/\/dev.tg4.ie\/en\/?s={search_term_string}"},"query-input":"required name=search_term_string"}],"inLanguage":"ga"}]}},"_links":{"self":[{"href":"https:\/\/dev.tg4.ie\/ga\/wp-json\/wp\/v2\/pages\/81241"}],"collection":[{"href":"https:\/\/dev.tg4.ie\/ga\/wp-json\/wp\/v2\/pages"}],"about":[{"href":"https:\/\/dev.tg4.ie\/ga\/wp-json\/wp\/v2\/types\/page"}],"author":[{"embeddable":true,"href":"https:\/\/dev.tg4.ie\/ga\/wp-json\/wp\/v2\/users\/876"}],"replies":[{"embeddable":true,"href":"https:\/\/dev.tg4.ie\/ga\/wp-json\/wp\/v2\/comments?post=81241"}],"version-history":[{"count":0,"href":"https:\/\/dev.tg4.ie\/ga\/wp-json\/wp\/v2\/pages\/81241\/revisions"}],"up":[{"embeddable":true,"href":"https:\/\/dev.tg4.ie\/ga\/wp-json\/wp\/v2\/pages\/72849"}],"wp:featuredmedia":[{"embeddable":true,"href":"https:\/\/dev.tg4.ie\/ga\/wp-json\/wp\/v2\/media\/81247"}],"wp:attachment":[{"href":"https:\/\/dev.tg4.ie\/ga\/wp-json\/wp\/v2\/media?parent=81241"}],"curies":[{"name":"wp","href":"https:\/\/api.w.org\/{rel}","templated":true}]}}