{"id":81313,"date":"2018-04-11T15:18:26","date_gmt":"2018-04-11T14:18:26","guid":{"rendered":"https:\/\/dev.tg4.ie\/?page_id=81313"},"modified":"2019-07-01T10:00:07","modified_gmt":"2019-07-01T09:00:07","slug":"ar-feidir-leat-an-aimsir-a-fheabhsu","status":"publish","type":"page","link":"https:\/\/dev.tg4.ie\/ga\/eolas\/preas\/nuacht-raitis\/2018-2\/ar-feidir-leat-an-aimsir-a-fheabhsu\/","title":{"rendered":"Ar f\u00e9idir leat An Aimsir a fheabhs\u00fa?"},"content":{"rendered":"<p>N\u00edl agat ach c\u00fapla l\u00e1 chun d\u2019ainm a chur san \u00e1ireamh le bheith ar an gc\u00e9ad l\u00e1ithreoir aimsire eile ar TG4. T\u00e1thar ag glacadh le hiarratais go dt\u00ed D\u00e9 Luain seo chugainn an 16 Aibre\u00e1n.<\/p>\n<p>D\u2019fh\u00e9adf\u00e1 a bheith ar an gc\u00e9ad Daith\u00ed \u00d3 S\u00e9, S\u00edle Seoighe, Aoife N\u00ed Thuairisg n\u00f3 P\u00e1id\u00ed \u00d3 Lion\u00e1ird eile a chuir t\u00fas lena sl\u00ed bheatha teilif\u00edse ag cur faisn\u00e9is na haimsire i l\u00e1thair ar TG4.<\/p>\n<p>\u201cT\u00e1 taith\u00ed iontach le f\u00e1il sa r\u00f3l seo i dtaobh scileanna l\u00e1ithreoireachta agus cumars\u00e1ide a fhorbairt\u201d, a deir Sti\u00farth\u00f3ir Marga\u00edochta &amp; Forbartha TG4, L\u00eds N\u00ed Dh\u00e1laigh. \u201cT\u00e1 na l\u00e1ithreoir\u00ed aimsire agus lean\u00fanachais ina gcuid l\u00e1rnach d\u2019fhoireann TG4. Is iad guth an chain\u00e9il iad ar aer agus ar na me\u00e1in sh\u00f3isialta agus t\u00e1 siad aitheanta i measc lucht f\u00e9achana TG4\u201d.<\/p>\n<p>Deir duine de l\u00e1ithreoir\u00ed reatha TG4, bean Th\u00edr Chonaill, Caitl\u00edn Nic Aodha, \u201cMar st\u00e1isi\u00fan at\u00e1 nu\u00e1lach, fadradharcach agus\u00a0at\u00e1 i gc\u00f3na\u00ed chun\u00a0tosaigh, t\u00e1 br\u00f3d as cuimse\u00a0orm\u00a0a bheith\u00a0ar dhuine d\u2019fhoireann TG4.\u00a0 B\u00edonn obair \u00e9ags\u00fail ar bun\u00a0againn agus muid i dt\u00f3lamh\u00a0chun\u00a0cinn i gc\u00farsa\u00ed teicneola\u00edochta\u00a0anseo in earn\u00e1il\u00a0na teilif\u00edse. T\u00e1 scaifte\u00a0cuidi\u00fail, cro\u00ed\u00fail, cruthaitheach agus\u00a0ild\u00e1nach ag obair\u00a0anseo agus\u00a0mhothaigh\u00a0m\u00e9 ar dhuine den fhoireann\u00a0\u00f3n gc\u00e9ad\u00a0l\u00e1\u201d.<\/p>\n<p>M\u00e1 t\u00e1 suim agat iarratas a dh\u00e9anamh ar na fol\u00fantais seo, seol m\u00edr f\u00edse n\u00f3im\u00e9ad ar fhad ag d\u00e9anamh cur s\u00edos ort f\u00e9in chomh maith le curriculum vitae chuig <a href=\"mailto:cv@dev.tg4.ie\">cv@dev.tg4.ie<\/a>. T\u00e1 breis eolais le f\u00e1il faoi na poist seo ag <a href=\"https:\/\/dev.tg4.ie\/foluntais\">www.tg4.ie\/foluntais<\/a>.<\/p>\n<ul>\n<li><a href=\"http:\/\/clips.tg4.ie\/g\/v\/USQmLHP4EnT\">http:\/\/clips.tg4.ie\/g\/v\/USQmLHP4EnT<\/a><\/li>\n<\/ul>\n","protected":false},"excerpt":{"rendered":"<p>N\u00edl agat ach c\u00fapla l\u00e1 chun d\u2019ainm a chur san \u00e1ireamh le bheith ar an gc\u00e9ad l\u00e1ithreoir aimsire eile ar TG4. T\u00e1thar ag glacadh le hiarratais go dt\u00ed D\u00e9 Luain seo chugainn an 16 Aibre\u00e1n. D\u2019fh\u00e9adf\u00e1 a bheith ar an gc\u00e9ad Daith\u00ed \u00d3 S\u00e9, S\u00edle Seoighe, Aoife N\u00ed Thuairisg n\u00f3 P\u00e1id\u00ed \u00d3 Lion\u00e1ird eile a [&hellip;]<\/p>\n","protected":false},"author":876,"featured_media":80730,"parent":72849,"menu_order":11,"comment_status":"closed","ping_status":"closed","template":"page-templates\/template-pr.php","meta":{"_acf_changed":false,"footnotes":""},"acf":[],"yoast_head":"<!-- This site is optimized with the Yoast SEO plugin v22.6 - https:\/\/yoast.com\/wordpress\/plugins\/seo\/ -->\n<title>Ar f\u00e9idir leat An Aimsir a fheabhs\u00fa? - TG4<\/title>\n<meta name=\"robots\" content=\"index, follow, max-snippet:-1, max-image-preview:large, max-video-preview:-1\" \/>\n<meta property=\"og:locale\" content=\"en_US\" \/>\n<meta property=\"og:type\" content=\"article\" \/>\n<meta property=\"og:title\" content=\"Ar f\u00e9idir leat An Aimsir a fheabhs\u00fa? - TG4\" \/>\n<meta property=\"og:description\" content=\"N\u00edl agat ach c\u00fapla l\u00e1 chun d\u2019ainm a chur san \u00e1ireamh le bheith ar an gc\u00e9ad l\u00e1ithreoir aimsire eile ar TG4. T\u00e1thar ag glacadh le hiarratais go dt\u00ed D\u00e9 Luain seo chugainn an 16 Aibre\u00e1n. D\u2019fh\u00e9adf\u00e1 a bheith ar an gc\u00e9ad Daith\u00ed \u00d3 S\u00e9, S\u00edle Seoighe, Aoife N\u00ed Thuairisg n\u00f3 P\u00e1id\u00ed \u00d3 Lion\u00e1ird eile a [&hellip;]\" \/>\n<meta property=\"og:url\" content=\"https:\/\/dev.tg4.ie\/ga\/eolas\/preas\/nuacht-raitis\/2018-2\/ar-feidir-leat-an-aimsir-a-fheabhsu\/\" \/>\n<meta property=\"og:site_name\" content=\"TG4\" \/>\n<meta property=\"article:publisher\" content=\"https:\/\/www.facebook.com\/TG4TV\" \/>\n<meta property=\"article:modified_time\" content=\"2019-07-01T09:00:07+00:00\" \/>\n<meta property=\"og:image\" content=\"https:\/\/tg4-docs.s3.amazonaws.com\/tg4-redesign-2015\/wp-content\/uploads\/2018\/03\/AimsirTG4-nua.jpg\" \/>\n\t<meta property=\"og:image:width\" content=\"1920\" \/>\n\t<meta property=\"og:image:height\" content=\"1080\" \/>\n\t<meta property=\"og:image:type\" content=\"image\/jpeg\" \/>\n<meta name=\"twitter:card\" content=\"summary_large_image\" \/>\n<meta name=\"twitter:site\" content=\"@TG4TV\" \/>\n<meta name=\"twitter:label1\" content=\"Est. reading time\" \/>\n\t<meta name=\"twitter:data1\" content=\"2 minutes\" \/>\n<script type=\"application\/ld+json\" class=\"yoast-schema-graph\">{\"@context\":\"https:\/\/schema.org\",\"@graph\":[{\"@type\":\"WebPage\",\"@id\":\"https:\/\/dev.tg4.ie\/ga\/eolas\/preas\/nuacht-raitis\/2018-2\/ar-feidir-leat-an-aimsir-a-fheabhsu\/\",\"url\":\"https:\/\/dev.tg4.ie\/ga\/eolas\/preas\/nuacht-raitis\/2018-2\/ar-feidir-leat-an-aimsir-a-fheabhsu\/\",\"name\":\"Ar f\u00e9idir leat An Aimsir a fheabhs\u00fa? - TG4\",\"isPartOf\":{\"@id\":\"https:\/\/dev.tg4.ie\/en\/#website\"},\"primaryImageOfPage\":{\"@id\":\"https:\/\/dev.tg4.ie\/ga\/eolas\/preas\/nuacht-raitis\/2018-2\/ar-feidir-leat-an-aimsir-a-fheabhsu\/#primaryimage\"},\"image\":{\"@id\":\"https:\/\/dev.tg4.ie\/ga\/eolas\/preas\/nuacht-raitis\/2018-2\/ar-feidir-leat-an-aimsir-a-fheabhsu\/#primaryimage\"},\"thumbnailUrl\":\"https:\/\/tg4-docs.s3.amazonaws.com\/tg4-redesign-2015\/wp-content\/uploads\/2018\/03\/AimsirTG4-nua.jpg\",\"datePublished\":\"2018-04-11T14:18:26+00:00\",\"dateModified\":\"2019-07-01T09:00:07+00:00\",\"breadcrumb\":{\"@id\":\"https:\/\/dev.tg4.ie\/ga\/eolas\/preas\/nuacht-raitis\/2018-2\/ar-feidir-leat-an-aimsir-a-fheabhsu\/#breadcrumb\"},\"inLanguage\":\"ga\",\"potentialAction\":[{\"@type\":\"ReadAction\",\"target\":[\"https:\/\/dev.tg4.ie\/ga\/eolas\/preas\/nuacht-raitis\/2018-2\/ar-feidir-leat-an-aimsir-a-fheabhsu\/\"]}]},{\"@type\":\"ImageObject\",\"inLanguage\":\"ga\",\"@id\":\"https:\/\/dev.tg4.ie\/ga\/eolas\/preas\/nuacht-raitis\/2018-2\/ar-feidir-leat-an-aimsir-a-fheabhsu\/#primaryimage\",\"url\":\"https:\/\/tg4-docs.s3.amazonaws.com\/tg4-redesign-2015\/wp-content\/uploads\/2018\/03\/AimsirTG4-nua.jpg\",\"contentUrl\":\"https:\/\/tg4-docs.s3.amazonaws.com\/tg4-redesign-2015\/wp-content\/uploads\/2018\/03\/AimsirTG4-nua.jpg\",\"width\":1920,\"height\":1080,\"caption\":\"Aimsir TG4-nua\"},{\"@type\":\"BreadcrumbList\",\"@id\":\"https:\/\/dev.tg4.ie\/ga\/eolas\/preas\/nuacht-raitis\/2018-2\/ar-feidir-leat-an-aimsir-a-fheabhsu\/#breadcrumb\",\"itemListElement\":[{\"@type\":\"ListItem\",\"position\":1,\"name\":\"Home\",\"item\":\"https:\/\/dev.tg4.ie\/ga\/\"},{\"@type\":\"ListItem\",\"position\":2,\"name\":\"Eolas\",\"item\":\"https:\/\/dev.tg4.ie\/ga\/eolas\/\"},{\"@type\":\"ListItem\",\"position\":3,\"name\":\"Preas\",\"item\":\"https:\/\/dev.tg4.ie\/ga\/eolas\/preas\/\"},{\"@type\":\"ListItem\",\"position\":4,\"name\":\"Nuacht R\u00e1itis\",\"item\":\"https:\/\/dev.tg4.ie\/ga\/eolas\/preas\/nuacht-raitis\/\"},{\"@type\":\"ListItem\",\"position\":5,\"name\":\"2018\",\"item\":\"https:\/\/dev.tg4.ie\/ga\/eolas\/preas\/nuacht-raitis\/2018-2\/\"},{\"@type\":\"ListItem\",\"position\":6,\"name\":\"Ar f\u00e9idir leat An Aimsir a fheabhs\u00fa?\"}]},{\"@type\":\"WebSite\",\"@id\":\"https:\/\/dev.tg4.ie\/en\/#website\",\"url\":\"https:\/\/dev.tg4.ie\/en\/\",\"name\":\"TG4\",\"description\":\"S\u00fail Eile\",\"potentialAction\":[{\"@type\":\"SearchAction\",\"target\":{\"@type\":\"EntryPoint\",\"urlTemplate\":\"https:\/\/dev.tg4.ie\/en\/?s={search_term_string}\"},\"query-input\":\"required name=search_term_string\"}],\"inLanguage\":\"ga\"}]}<\/script>\n<!-- \/ Yoast SEO plugin. -->","yoast_head_json":{"title":"Ar f\u00e9idir leat An Aimsir a fheabhs\u00fa? - TG4","robots":{"index":"index","follow":"follow","max-snippet":"max-snippet:-1","max-image-preview":"max-image-preview:large","max-video-preview":"max-video-preview:-1"},"og_locale":"en_US","og_type":"article","og_title":"Ar f\u00e9idir leat An Aimsir a fheabhs\u00fa? - TG4","og_description":"N\u00edl agat ach c\u00fapla l\u00e1 chun d\u2019ainm a chur san \u00e1ireamh le bheith ar an gc\u00e9ad l\u00e1ithreoir aimsire eile ar TG4. T\u00e1thar ag glacadh le hiarratais go dt\u00ed D\u00e9 Luain seo chugainn an 16 Aibre\u00e1n. D\u2019fh\u00e9adf\u00e1 a bheith ar an gc\u00e9ad Daith\u00ed \u00d3 S\u00e9, S\u00edle Seoighe, Aoife N\u00ed Thuairisg n\u00f3 P\u00e1id\u00ed \u00d3 Lion\u00e1ird eile a [&hellip;]","og_url":"https:\/\/dev.tg4.ie\/ga\/eolas\/preas\/nuacht-raitis\/2018-2\/ar-feidir-leat-an-aimsir-a-fheabhsu\/","og_site_name":"TG4","article_publisher":"https:\/\/www.facebook.com\/TG4TV","article_modified_time":"2019-07-01T09:00:07+00:00","og_image":[{"width":1920,"height":1080,"url":"https:\/\/tg4-docs.s3.amazonaws.com\/tg4-redesign-2015\/wp-content\/uploads\/2018\/03\/AimsirTG4-nua.jpg","type":"image\/jpeg"}],"twitter_card":"summary_large_image","twitter_site":"@TG4TV","twitter_misc":{"Est. reading time":"2 minutes"},"schema":{"@context":"https:\/\/schema.org","@graph":[{"@type":"WebPage","@id":"https:\/\/dev.tg4.ie\/ga\/eolas\/preas\/nuacht-raitis\/2018-2\/ar-feidir-leat-an-aimsir-a-fheabhsu\/","url":"https:\/\/dev.tg4.ie\/ga\/eolas\/preas\/nuacht-raitis\/2018-2\/ar-feidir-leat-an-aimsir-a-fheabhsu\/","name":"Ar f\u00e9idir leat An Aimsir a fheabhs\u00fa? - TG4","isPartOf":{"@id":"https:\/\/dev.tg4.ie\/en\/#website"},"primaryImageOfPage":{"@id":"https:\/\/dev.tg4.ie\/ga\/eolas\/preas\/nuacht-raitis\/2018-2\/ar-feidir-leat-an-aimsir-a-fheabhsu\/#primaryimage"},"image":{"@id":"https:\/\/dev.tg4.ie\/ga\/eolas\/preas\/nuacht-raitis\/2018-2\/ar-feidir-leat-an-aimsir-a-fheabhsu\/#primaryimage"},"thumbnailUrl":"https:\/\/tg4-docs.s3.amazonaws.com\/tg4-redesign-2015\/wp-content\/uploads\/2018\/03\/AimsirTG4-nua.jpg","datePublished":"2018-04-11T14:18:26+00:00","dateModified":"2019-07-01T09:00:07+00:00","breadcrumb":{"@id":"https:\/\/dev.tg4.ie\/ga\/eolas\/preas\/nuacht-raitis\/2018-2\/ar-feidir-leat-an-aimsir-a-fheabhsu\/#breadcrumb"},"inLanguage":"ga","potentialAction":[{"@type":"ReadAction","target":["https:\/\/dev.tg4.ie\/ga\/eolas\/preas\/nuacht-raitis\/2018-2\/ar-feidir-leat-an-aimsir-a-fheabhsu\/"]}]},{"@type":"ImageObject","inLanguage":"ga","@id":"https:\/\/dev.tg4.ie\/ga\/eolas\/preas\/nuacht-raitis\/2018-2\/ar-feidir-leat-an-aimsir-a-fheabhsu\/#primaryimage","url":"https:\/\/tg4-docs.s3.amazonaws.com\/tg4-redesign-2015\/wp-content\/uploads\/2018\/03\/AimsirTG4-nua.jpg","contentUrl":"https:\/\/tg4-docs.s3.amazonaws.com\/tg4-redesign-2015\/wp-content\/uploads\/2018\/03\/AimsirTG4-nua.jpg","width":1920,"height":1080,"caption":"Aimsir TG4-nua"},{"@type":"BreadcrumbList","@id":"https:\/\/dev.tg4.ie\/ga\/eolas\/preas\/nuacht-raitis\/2018-2\/ar-feidir-leat-an-aimsir-a-fheabhsu\/#breadcrumb","itemListElement":[{"@type":"ListItem","position":1,"name":"Home","item":"https:\/\/dev.tg4.ie\/ga\/"},{"@type":"ListItem","position":2,"name":"Eolas","item":"https:\/\/dev.tg4.ie\/ga\/eolas\/"},{"@type":"ListItem","position":3,"name":"Preas","item":"https:\/\/dev.tg4.ie\/ga\/eolas\/preas\/"},{"@type":"ListItem","position":4,"name":"Nuacht R\u00e1itis","item":"https:\/\/dev.tg4.ie\/ga\/eolas\/preas\/nuacht-raitis\/"},{"@type":"ListItem","position":5,"name":"2018","item":"https:\/\/dev.tg4.ie\/ga\/eolas\/preas\/nuacht-raitis\/2018-2\/"},{"@type":"ListItem","position":6,"name":"Ar f\u00e9idir leat An Aimsir a fheabhs\u00fa?"}]},{"@type":"WebSite","@id":"https:\/\/dev.tg4.ie\/en\/#website","url":"https:\/\/dev.tg4.ie\/en\/","name":"TG4","description":"S\u00fail Eile","potentialAction":[{"@type":"SearchAction","target":{"@type":"EntryPoint","urlTemplate":"https:\/\/dev.tg4.ie\/en\/?s={search_term_string}"},"query-input":"required name=search_term_string"}],"inLanguage":"ga"}]}},"_links":{"self":[{"href":"https:\/\/dev.tg4.ie\/ga\/wp-json\/wp\/v2\/pages\/81313"}],"collection":[{"href":"https:\/\/dev.tg4.ie\/ga\/wp-json\/wp\/v2\/pages"}],"about":[{"href":"https:\/\/dev.tg4.ie\/ga\/wp-json\/wp\/v2\/types\/page"}],"author":[{"embeddable":true,"href":"https:\/\/dev.tg4.ie\/ga\/wp-json\/wp\/v2\/users\/876"}],"replies":[{"embeddable":true,"href":"https:\/\/dev.tg4.ie\/ga\/wp-json\/wp\/v2\/comments?post=81313"}],"version-history":[{"count":0,"href":"https:\/\/dev.tg4.ie\/ga\/wp-json\/wp\/v2\/pages\/81313\/revisions"}],"up":[{"embeddable":true,"href":"https:\/\/dev.tg4.ie\/ga\/wp-json\/wp\/v2\/pages\/72849"}],"wp:featuredmedia":[{"embeddable":true,"href":"https:\/\/dev.tg4.ie\/ga\/wp-json\/wp\/v2\/media\/80730"}],"wp:attachment":[{"href":"https:\/\/dev.tg4.ie\/ga\/wp-json\/wp\/v2\/media?parent=81313"}],"curies":[{"name":"wp","href":"https:\/\/api.w.org\/{rel}","templated":true}]}}