{"id":81333,"date":"2018-04-13T16:14:10","date_gmt":"2018-04-13T15:14:10","guid":{"rendered":"https:\/\/dev.tg4.ie\/?page_id=81333"},"modified":"2019-07-01T10:02:12","modified_gmt":"2019-07-01T09:02:12","slug":"seacht-leiriuchan-de-chuid-tg4-le-cunamh-bai-a-fhail","status":"publish","type":"page","link":"https:\/\/dev.tg4.ie\/ga\/eolas\/preas\/nuacht-raitis\/2018-2\/seacht-leiriuchan-de-chuid-tg4-le-cunamh-bai-a-fhail\/","title":{"rendered":"Seacht l\u00e9iri\u00fach\u00e1n de chuid TG4 le C\u00fanamh BAI a fh\u00e1il"},"content":{"rendered":"<p>T\u00e1 maoini\u00fa BAI \u20ac5.368m leithroinnte do 33 togra teilif\u00edse agus maoini\u00fa \u20ac622k leithroinnte do 93 togra raidi\u00f3 faoin mbabhta seo.<\/p>\n<p>I measc l\u00e9iri\u00fach\u00e1in TG4 a gheobhaidh c\u00fanamh t\u00e1;<\/p>\n<ul>\n<li><span><\/span>Cl\u00e1r faisn\u00e9ise\u00a0<strong>N\u00edos M\u00f3 N\u00e1 R\u00e1sa<em><span>\u00a0<\/span><\/em><\/strong>\u00a0a dh\u00edr\u00edonn ar fhorbairt nua, ar fi\u00fa seacht\u00f3 milli\u00fan \u00ed, ar r\u00e1sch\u00farsa an Churraigh, an \u00e1it a re\u00e1cht\u00e1ilfear Dearba\u00ed na h\u00c9ireann in 2019.<\/li>\n<li>T\u00e1\u00a0<strong>Lurgan2K18<\/strong>\u00a0 sraith faisn\u00e9ise do leana\u00ed at\u00e1 ar aon dul leis an tsraith anuraidh ar \u00e9irigh thar cionn l\u00e9i agus ar a mbeidh fise\u00e1in cheoil de chuid \u2018TG Lurgan\u2019, a bhfuil an-t\u00f3ir orthu ar l\u00edne, le craoladh ar TG4.<\/li>\n<li>Sc\u00e9al iontach \u00e9\u00a0<strong>Pard\u00fan na Banr\u00edona\u00a0<\/strong><strong>\u00a0<\/strong>faoi bheirt fhear a chuir t\u00fas le haistear an tsaoil in \u00e1iteanna an-\u00e9ags\u00fail ach a chr\u00edochnaigh san \u00e1it ch\u00e9anna.<\/li>\n<li>Dr\u00e1ma comhaimseartha \u00e9 <strong>Finky<\/strong> at\u00e1 bunaithe ar cheolt\u00f3ir \u00f3g ar bhain drochthimpiste d\u00f3 agus at\u00e1 ag iarraidh dul i ngleic leis an saol i ndiaidh na timpiste agus a dtugann gr\u00fapa punc avant-garde an deis agus an misneach d\u00f3 sin a dh\u00e9anamh.<\/li>\n<li>Sraith ghrinn \u00e9 <strong>Mo Shaol, Do Shaol<\/strong> ina socra\u00edonn beirt leana\u00ed,\u00a0 a chaitheann saol an-\u00e9ags\u00fail \u00f3na ch\u00e9ile, babht\u00e1il lena ch\u00e9ile.<\/li>\n<li>T\u00e1 an dr\u00e1ma <strong>Arracht <\/strong>suite sa bhliain 1845 faoi iascaire a gh\u00e9illean d&#8217;fh\u00f3rsa\u00ed an oilc agus a dt\u00e9ann an saol ina choinne.\u00a0\u00a0 Ach faigheann s\u00e9 deis eile c\u00farsa\u00ed a chur ina gceart nuair a thugann s\u00e9 cail\u00edn \u00f3g sl\u00e1n \u00f3na b\u00e1.<\/li>\n<li>Dh\u00e1 chl\u00e1r at\u00e1 i <strong>Saol an Mhadra Bh\u00e1in<\/strong> a ins\u00edonn sc\u00e9al Madra\u00ed Treorach na h\u00c9ireann.\u00a0 \u00d3 ph\u00f3iri\u00fa go treor\u00fa, sraith \u00e1lainn at\u00e1 anseo faoin saol mar a chaitheann na hainmhithe iontacha seo \u00e9 agus iad ag tabhairt aghaidh ar an saol, gach ceann acu ag dul ag feabhs\u00fa an tsaoil d\u00e1 gcuid \u00fain\u00e9ir\u00ed nua.<\/li>\n<\/ul>\n<p>Deir Ardsti\u00farth\u00f3ir TG4 Alan Esslemont;\u00a0 \u201cF\u00e9achaimid i gc\u00f3na\u00ed a chinnti\u00fa go mb\u00edonn deis ag an lucht f\u00e9achana n\u00e1isi\u00fanta agus idirn\u00e1isi\u00fanta f\u00e9achaint ar \u00e1bhar ar ardchaighde\u00e1n.\u00a0 T\u00e1imid bu\u00edoch don BAI don ch\u00fanamh a thugann siad d\u00fainn an sprioc sin a bhaint amach&#8221;.<\/p>\n","protected":false},"excerpt":{"rendered":"<p>T\u00e1 maoini\u00fa BAI \u20ac5.368m leithroinnte do 33 togra teilif\u00edse agus maoini\u00fa \u20ac622k leithroinnte do 93 togra raidi\u00f3 faoin mbabhta seo. I measc l\u00e9iri\u00fach\u00e1in TG4 a gheobhaidh c\u00fanamh t\u00e1; Cl\u00e1r faisn\u00e9ise\u00a0N\u00edos M\u00f3 N\u00e1 R\u00e1sa\u00a0\u00a0a dh\u00edr\u00edonn ar fhorbairt nua, ar fi\u00fa seacht\u00f3 milli\u00fan \u00ed, ar r\u00e1sch\u00farsa an Churraigh, an \u00e1it a re\u00e1cht\u00e1ilfear Dearba\u00ed na h\u00c9ireann in 2019. [&hellip;]<\/p>\n","protected":false},"author":876,"featured_media":81338,"parent":72849,"menu_order":12,"comment_status":"closed","ping_status":"closed","template":"page-templates\/template-pr.php","meta":{"_acf_changed":false,"footnotes":""},"acf":[],"yoast_head":"<!-- This site is optimized with the Yoast SEO plugin v22.6 - https:\/\/yoast.com\/wordpress\/plugins\/seo\/ -->\n<title>Seacht l\u00e9iri\u00fach\u00e1n de chuid TG4 le C\u00fanamh BAI a fh\u00e1il - TG4<\/title>\n<meta name=\"robots\" content=\"index, follow, max-snippet:-1, max-image-preview:large, max-video-preview:-1\" \/>\n<meta property=\"og:locale\" content=\"en_US\" \/>\n<meta property=\"og:type\" content=\"article\" \/>\n<meta property=\"og:title\" content=\"Seacht l\u00e9iri\u00fach\u00e1n de chuid TG4 le C\u00fanamh BAI a fh\u00e1il - TG4\" \/>\n<meta property=\"og:description\" content=\"T\u00e1 maoini\u00fa BAI \u20ac5.368m leithroinnte do 33 togra teilif\u00edse agus maoini\u00fa \u20ac622k leithroinnte do 93 togra raidi\u00f3 faoin mbabhta seo. I measc l\u00e9iri\u00fach\u00e1in TG4 a gheobhaidh c\u00fanamh t\u00e1; Cl\u00e1r faisn\u00e9ise\u00a0N\u00edos M\u00f3 N\u00e1 R\u00e1sa\u00a0\u00a0a dh\u00edr\u00edonn ar fhorbairt nua, ar fi\u00fa seacht\u00f3 milli\u00fan \u00ed, ar r\u00e1sch\u00farsa an Churraigh, an \u00e1it a re\u00e1cht\u00e1ilfear Dearba\u00ed na h\u00c9ireann in 2019. [&hellip;]\" \/>\n<meta property=\"og:url\" content=\"https:\/\/dev.tg4.ie\/ga\/eolas\/preas\/nuacht-raitis\/2018-2\/seacht-leiriuchan-de-chuid-tg4-le-cunamh-bai-a-fhail\/\" \/>\n<meta property=\"og:site_name\" content=\"TG4\" \/>\n<meta property=\"article:publisher\" content=\"https:\/\/www.facebook.com\/TG4TV\" \/>\n<meta property=\"article:modified_time\" content=\"2019-07-01T09:02:12+00:00\" \/>\n<meta property=\"og:image\" content=\"https:\/\/tg4-docs.s3.amazonaws.com\/tg4-redesign-2015\/wp-content\/uploads\/2018\/04\/BAI-logo_1920_1.jpg\" \/>\n\t<meta property=\"og:image:width\" content=\"1918\" \/>\n\t<meta property=\"og:image:height\" content=\"744\" \/>\n\t<meta property=\"og:image:type\" content=\"image\/jpeg\" \/>\n<meta name=\"twitter:card\" content=\"summary_large_image\" \/>\n<meta name=\"twitter:site\" content=\"@TG4TV\" \/>\n<meta name=\"twitter:label1\" content=\"Est. reading time\" \/>\n\t<meta name=\"twitter:data1\" content=\"2 minutes\" \/>\n<script type=\"application\/ld+json\" class=\"yoast-schema-graph\">{\"@context\":\"https:\/\/schema.org\",\"@graph\":[{\"@type\":\"WebPage\",\"@id\":\"https:\/\/dev.tg4.ie\/ga\/eolas\/preas\/nuacht-raitis\/2018-2\/seacht-leiriuchan-de-chuid-tg4-le-cunamh-bai-a-fhail\/\",\"url\":\"https:\/\/dev.tg4.ie\/ga\/eolas\/preas\/nuacht-raitis\/2018-2\/seacht-leiriuchan-de-chuid-tg4-le-cunamh-bai-a-fhail\/\",\"name\":\"Seacht l\u00e9iri\u00fach\u00e1n de chuid TG4 le C\u00fanamh BAI a fh\u00e1il - TG4\",\"isPartOf\":{\"@id\":\"https:\/\/dev.tg4.ie\/en\/#website\"},\"primaryImageOfPage\":{\"@id\":\"https:\/\/dev.tg4.ie\/ga\/eolas\/preas\/nuacht-raitis\/2018-2\/seacht-leiriuchan-de-chuid-tg4-le-cunamh-bai-a-fhail\/#primaryimage\"},\"image\":{\"@id\":\"https:\/\/dev.tg4.ie\/ga\/eolas\/preas\/nuacht-raitis\/2018-2\/seacht-leiriuchan-de-chuid-tg4-le-cunamh-bai-a-fhail\/#primaryimage\"},\"thumbnailUrl\":\"https:\/\/tg4-docs.s3.amazonaws.com\/tg4-redesign-2015\/wp-content\/uploads\/2018\/04\/BAI-logo_1920_1.jpg\",\"datePublished\":\"2018-04-13T15:14:10+00:00\",\"dateModified\":\"2019-07-01T09:02:12+00:00\",\"breadcrumb\":{\"@id\":\"https:\/\/dev.tg4.ie\/ga\/eolas\/preas\/nuacht-raitis\/2018-2\/seacht-leiriuchan-de-chuid-tg4-le-cunamh-bai-a-fhail\/#breadcrumb\"},\"inLanguage\":\"ga\",\"potentialAction\":[{\"@type\":\"ReadAction\",\"target\":[\"https:\/\/dev.tg4.ie\/ga\/eolas\/preas\/nuacht-raitis\/2018-2\/seacht-leiriuchan-de-chuid-tg4-le-cunamh-bai-a-fhail\/\"]}]},{\"@type\":\"ImageObject\",\"inLanguage\":\"ga\",\"@id\":\"https:\/\/dev.tg4.ie\/ga\/eolas\/preas\/nuacht-raitis\/2018-2\/seacht-leiriuchan-de-chuid-tg4-le-cunamh-bai-a-fhail\/#primaryimage\",\"url\":\"https:\/\/tg4-docs.s3.amazonaws.com\/tg4-redesign-2015\/wp-content\/uploads\/2018\/04\/BAI-logo_1920_1.jpg\",\"contentUrl\":\"https:\/\/tg4-docs.s3.amazonaws.com\/tg4-redesign-2015\/wp-content\/uploads\/2018\/04\/BAI-logo_1920_1.jpg\",\"width\":1918,\"height\":744},{\"@type\":\"BreadcrumbList\",\"@id\":\"https:\/\/dev.tg4.ie\/ga\/eolas\/preas\/nuacht-raitis\/2018-2\/seacht-leiriuchan-de-chuid-tg4-le-cunamh-bai-a-fhail\/#breadcrumb\",\"itemListElement\":[{\"@type\":\"ListItem\",\"position\":1,\"name\":\"Home\",\"item\":\"https:\/\/dev.tg4.ie\/ga\/\"},{\"@type\":\"ListItem\",\"position\":2,\"name\":\"Eolas\",\"item\":\"https:\/\/dev.tg4.ie\/ga\/eolas\/\"},{\"@type\":\"ListItem\",\"position\":3,\"name\":\"Preas\",\"item\":\"https:\/\/dev.tg4.ie\/ga\/eolas\/preas\/\"},{\"@type\":\"ListItem\",\"position\":4,\"name\":\"Nuacht R\u00e1itis\",\"item\":\"https:\/\/dev.tg4.ie\/ga\/eolas\/preas\/nuacht-raitis\/\"},{\"@type\":\"ListItem\",\"position\":5,\"name\":\"2018\",\"item\":\"https:\/\/dev.tg4.ie\/ga\/eolas\/preas\/nuacht-raitis\/2018-2\/\"},{\"@type\":\"ListItem\",\"position\":6,\"name\":\"Seacht l\u00e9iri\u00fach\u00e1n de chuid TG4 le C\u00fanamh BAI a fh\u00e1il\"}]},{\"@type\":\"WebSite\",\"@id\":\"https:\/\/dev.tg4.ie\/en\/#website\",\"url\":\"https:\/\/dev.tg4.ie\/en\/\",\"name\":\"TG4\",\"description\":\"S\u00fail Eile\",\"potentialAction\":[{\"@type\":\"SearchAction\",\"target\":{\"@type\":\"EntryPoint\",\"urlTemplate\":\"https:\/\/dev.tg4.ie\/en\/?s={search_term_string}\"},\"query-input\":\"required name=search_term_string\"}],\"inLanguage\":\"ga\"}]}<\/script>\n<!-- \/ Yoast SEO plugin. -->","yoast_head_json":{"title":"Seacht l\u00e9iri\u00fach\u00e1n de chuid TG4 le C\u00fanamh BAI a fh\u00e1il - TG4","robots":{"index":"index","follow":"follow","max-snippet":"max-snippet:-1","max-image-preview":"max-image-preview:large","max-video-preview":"max-video-preview:-1"},"og_locale":"en_US","og_type":"article","og_title":"Seacht l\u00e9iri\u00fach\u00e1n de chuid TG4 le C\u00fanamh BAI a fh\u00e1il - TG4","og_description":"T\u00e1 maoini\u00fa BAI \u20ac5.368m leithroinnte do 33 togra teilif\u00edse agus maoini\u00fa \u20ac622k leithroinnte do 93 togra raidi\u00f3 faoin mbabhta seo. I measc l\u00e9iri\u00fach\u00e1in TG4 a gheobhaidh c\u00fanamh t\u00e1; Cl\u00e1r faisn\u00e9ise\u00a0N\u00edos M\u00f3 N\u00e1 R\u00e1sa\u00a0\u00a0a dh\u00edr\u00edonn ar fhorbairt nua, ar fi\u00fa seacht\u00f3 milli\u00fan \u00ed, ar r\u00e1sch\u00farsa an Churraigh, an \u00e1it a re\u00e1cht\u00e1ilfear Dearba\u00ed na h\u00c9ireann in 2019. [&hellip;]","og_url":"https:\/\/dev.tg4.ie\/ga\/eolas\/preas\/nuacht-raitis\/2018-2\/seacht-leiriuchan-de-chuid-tg4-le-cunamh-bai-a-fhail\/","og_site_name":"TG4","article_publisher":"https:\/\/www.facebook.com\/TG4TV","article_modified_time":"2019-07-01T09:02:12+00:00","og_image":[{"width":1918,"height":744,"url":"https:\/\/tg4-docs.s3.amazonaws.com\/tg4-redesign-2015\/wp-content\/uploads\/2018\/04\/BAI-logo_1920_1.jpg","type":"image\/jpeg"}],"twitter_card":"summary_large_image","twitter_site":"@TG4TV","twitter_misc":{"Est. reading time":"2 minutes"},"schema":{"@context":"https:\/\/schema.org","@graph":[{"@type":"WebPage","@id":"https:\/\/dev.tg4.ie\/ga\/eolas\/preas\/nuacht-raitis\/2018-2\/seacht-leiriuchan-de-chuid-tg4-le-cunamh-bai-a-fhail\/","url":"https:\/\/dev.tg4.ie\/ga\/eolas\/preas\/nuacht-raitis\/2018-2\/seacht-leiriuchan-de-chuid-tg4-le-cunamh-bai-a-fhail\/","name":"Seacht l\u00e9iri\u00fach\u00e1n de chuid TG4 le C\u00fanamh BAI a fh\u00e1il - TG4","isPartOf":{"@id":"https:\/\/dev.tg4.ie\/en\/#website"},"primaryImageOfPage":{"@id":"https:\/\/dev.tg4.ie\/ga\/eolas\/preas\/nuacht-raitis\/2018-2\/seacht-leiriuchan-de-chuid-tg4-le-cunamh-bai-a-fhail\/#primaryimage"},"image":{"@id":"https:\/\/dev.tg4.ie\/ga\/eolas\/preas\/nuacht-raitis\/2018-2\/seacht-leiriuchan-de-chuid-tg4-le-cunamh-bai-a-fhail\/#primaryimage"},"thumbnailUrl":"https:\/\/tg4-docs.s3.amazonaws.com\/tg4-redesign-2015\/wp-content\/uploads\/2018\/04\/BAI-logo_1920_1.jpg","datePublished":"2018-04-13T15:14:10+00:00","dateModified":"2019-07-01T09:02:12+00:00","breadcrumb":{"@id":"https:\/\/dev.tg4.ie\/ga\/eolas\/preas\/nuacht-raitis\/2018-2\/seacht-leiriuchan-de-chuid-tg4-le-cunamh-bai-a-fhail\/#breadcrumb"},"inLanguage":"ga","potentialAction":[{"@type":"ReadAction","target":["https:\/\/dev.tg4.ie\/ga\/eolas\/preas\/nuacht-raitis\/2018-2\/seacht-leiriuchan-de-chuid-tg4-le-cunamh-bai-a-fhail\/"]}]},{"@type":"ImageObject","inLanguage":"ga","@id":"https:\/\/dev.tg4.ie\/ga\/eolas\/preas\/nuacht-raitis\/2018-2\/seacht-leiriuchan-de-chuid-tg4-le-cunamh-bai-a-fhail\/#primaryimage","url":"https:\/\/tg4-docs.s3.amazonaws.com\/tg4-redesign-2015\/wp-content\/uploads\/2018\/04\/BAI-logo_1920_1.jpg","contentUrl":"https:\/\/tg4-docs.s3.amazonaws.com\/tg4-redesign-2015\/wp-content\/uploads\/2018\/04\/BAI-logo_1920_1.jpg","width":1918,"height":744},{"@type":"BreadcrumbList","@id":"https:\/\/dev.tg4.ie\/ga\/eolas\/preas\/nuacht-raitis\/2018-2\/seacht-leiriuchan-de-chuid-tg4-le-cunamh-bai-a-fhail\/#breadcrumb","itemListElement":[{"@type":"ListItem","position":1,"name":"Home","item":"https:\/\/dev.tg4.ie\/ga\/"},{"@type":"ListItem","position":2,"name":"Eolas","item":"https:\/\/dev.tg4.ie\/ga\/eolas\/"},{"@type":"ListItem","position":3,"name":"Preas","item":"https:\/\/dev.tg4.ie\/ga\/eolas\/preas\/"},{"@type":"ListItem","position":4,"name":"Nuacht R\u00e1itis","item":"https:\/\/dev.tg4.ie\/ga\/eolas\/preas\/nuacht-raitis\/"},{"@type":"ListItem","position":5,"name":"2018","item":"https:\/\/dev.tg4.ie\/ga\/eolas\/preas\/nuacht-raitis\/2018-2\/"},{"@type":"ListItem","position":6,"name":"Seacht l\u00e9iri\u00fach\u00e1n de chuid TG4 le C\u00fanamh BAI a fh\u00e1il"}]},{"@type":"WebSite","@id":"https:\/\/dev.tg4.ie\/en\/#website","url":"https:\/\/dev.tg4.ie\/en\/","name":"TG4","description":"S\u00fail Eile","potentialAction":[{"@type":"SearchAction","target":{"@type":"EntryPoint","urlTemplate":"https:\/\/dev.tg4.ie\/en\/?s={search_term_string}"},"query-input":"required name=search_term_string"}],"inLanguage":"ga"}]}},"_links":{"self":[{"href":"https:\/\/dev.tg4.ie\/ga\/wp-json\/wp\/v2\/pages\/81333"}],"collection":[{"href":"https:\/\/dev.tg4.ie\/ga\/wp-json\/wp\/v2\/pages"}],"about":[{"href":"https:\/\/dev.tg4.ie\/ga\/wp-json\/wp\/v2\/types\/page"}],"author":[{"embeddable":true,"href":"https:\/\/dev.tg4.ie\/ga\/wp-json\/wp\/v2\/users\/876"}],"replies":[{"embeddable":true,"href":"https:\/\/dev.tg4.ie\/ga\/wp-json\/wp\/v2\/comments?post=81333"}],"version-history":[{"count":0,"href":"https:\/\/dev.tg4.ie\/ga\/wp-json\/wp\/v2\/pages\/81333\/revisions"}],"up":[{"embeddable":true,"href":"https:\/\/dev.tg4.ie\/ga\/wp-json\/wp\/v2\/pages\/72849"}],"wp:featuredmedia":[{"embeddable":true,"href":"https:\/\/dev.tg4.ie\/ga\/wp-json\/wp\/v2\/media\/81338"}],"wp:attachment":[{"href":"https:\/\/dev.tg4.ie\/ga\/wp-json\/wp\/v2\/media?parent=81333"}],"curies":[{"name":"wp","href":"https:\/\/api.w.org\/{rel}","templated":true}]}}