{"id":81927,"date":"2018-04-24T12:13:42","date_gmt":"2018-04-24T11:13:42","guid":{"rendered":"https:\/\/dev.tg4.ie\/?page_id=81927"},"modified":"2019-07-01T10:03:33","modified_gmt":"2019-07-01T09:03:33","slug":"gradam-idirnaisiunta-circom-buaite-ag-grace-harte","status":"publish","type":"page","link":"https:\/\/dev.tg4.ie\/ga\/eolas\/preas\/nuacht-raitis\/2018-2\/gradam-idirnaisiunta-circom-buaite-ag-grace-harte\/","title":{"rendered":"Gradam idirn\u00e1isi\u00fanta CIRCOM buaite ag \u2018Grace Harte\u2019"},"content":{"rendered":"<p>T\u00e1 <strong>Gradam Me\u00e1n CIRCOM<\/strong> don <strong>Dr\u00e1ma is Fearr<\/strong> buaite ag <strong>Grace Harte,<\/strong> dr\u00e1ma f\u00edorsp\u00e9isi\u00fail de chuid TG4 faoi bhean in Iarthar na h\u00c9ireann at\u00e1 s\u00e1innithe i bp\u00f3sadh gan phaisean.<\/p>\n<p>Bh\u00ed <strong>Grace Harte<\/strong> san ioma\u00edocht le 223 iontr\u00e1il eile n\u00f3 gur roghnaigh Cumann Gairmi\u00fail na Craolt\u00f3ireachta Seirbh\u00edse Poibl\u00ed R\u00e9igi\u00fanach Teilif\u00edse san Eoraip, <strong>CIRCOM<\/strong>, \u00e9 mar <strong>Bhuaiteoir <\/strong>ar chatag\u00f3ir <strong>Prix CIRCOM <\/strong>Siamsa\u00edocht agus Dr\u00e1ma\u00edocht.\u00a0\u00a0 Bronnfar an gradam ag se\u00f3 <strong>Gradam Gala Prix CIRCOM<\/strong> D\u00e9ardaoin an 24 Bealtaine 2018 i Leeuwarden, san \u00cdsilt\u00edr.<\/p>\n<p>Is sc\u00e9al gr\u00e1 \u00e9 Grace Harte bunaithe faoi thri\u00far a mb\u00edonn deireadh tubaisteach leis.\u00a0\u00a0 Is dr\u00e1ma tr\u00ed chuid at\u00e1 ann at\u00e1 lonnaithe in \u00f3st\u00e1n, at\u00e1 i ndroch-chaoi, in Iarthar na h\u00c9ireann.\u00a0\u00a0 Is \u00ed <strong>Kate Nic Chonaonaigh <\/strong>at\u00e1 sa phr\u00edomhph\u00e1irt, Grace agus is \u00e9 <strong>Dara Devaney, <\/strong>a bhfuil gradam IFTA buaite aige, a fear c\u00e9ile Leo.\u00a0\u00a0 Is leosan an t-\u00f3st\u00e1n.\u00a0\u00a0 Is \u00e9 <strong>Eoghan \u00d3 Dubhghaill <\/strong>an surf\u00e1la\u00ed uaillmhianach a tharraing\u00edtear isteach i bpleananna Grace a fear c\u00e9ile a dh\u00fanmhar\u00fa.<\/p>\n<p>Fuair an tionscadal seo, arna choimisi\u00fan\u00fa ag <strong>TG4, <\/strong>a scr\u00edobh <strong>Antoine \u00d3 Flatharta, <\/strong>\u00a0a sti\u00fair <strong>Charlie McCarthy <\/strong>&amp; a l\u00e9irigh <strong>Martha O\u2019Neill<\/strong> do <strong>Wildfire Films<\/strong>, c\u00fanamh \u00f3 sc\u00e9im <strong><em>Fuaim agus F\u00eds <\/em>\u00dadar\u00e1s Craolach\u00e1in na h\u00c9ireann <\/strong>chomh maith le maoini\u00fa <strong>Alt 481.<\/strong><\/p>\n<p>D\u00fairt Ard-Sti\u00farth\u00f3ir <strong>TG4<\/strong>, <strong>Alan Esslemont<\/strong>: <em>\u201cBa mhaith liom comhghairdeas a dh\u00e9anamh le gach duine a raibh baint acu le <strong>Grace Harte<\/strong>. L\u00e9ir\u00edonn s\u00e9 an m\u00e9id is f\u00e9idir a bhaint amach nuair a thugtar daoine cumasacha le ch\u00e9ile le lucht maoinithe uaillmhianacha chun dr\u00e1ma\u00edocht den ch\u00e9ad scoth a dh\u00e9anamh.\u00a0 Sin \u00e9 t\u00fas agus deireadh \u2018<strong>S\u00fail Eile\u2019 <\/strong><\/em>TG4.\u201d<\/p>\n<p>D\u00fairt <strong>David Lowen<\/strong>, Uachtar\u00e1n <strong>Prix CIRCOM<\/strong>, \u201c<em>Tuigfidh duine ar bith a fh\u00e9achann ar na cl\u00e1ir seo agus a thuigeann an scil a bhaineann lena nd\u00e9anamh go bhfuil na me\u00e1in seirbh\u00edse poibl\u00ed bre\u00e1 bisi\u00fail ar an Teilif\u00eds, ar l\u00edne agus ar na me\u00e1in sh\u00f3isialta.\u201d <\/em><\/p>\n<ul>\n<li><strong>T\u00e1 sonra\u00ed maidir le gradaim CIRCOM le f\u00e1il ag: <\/strong><a href=\"http:\/\/www.circom-regional.eu\/news1\/1010-prix-circom-2018-winners-announced\" target=\"_blank\" rel=\"noopener noreferrer\">http:\/\/www.circom-regional.eu\/news1\/1010-prix-circom-2018-winners-announced<\/a><\/li>\n<li><strong>T\u00e1 grianghraif l\u00e9iri\u00fach\u00e1in le f\u00e1il ag:<\/strong> <a href=\"https:\/\/www.flickr.com\/search\/?user_id=50481438%40N08&amp;text=grace%20harte&amp;view_all=1\" target=\"_blank\" rel=\"noopener noreferrer\">https:\/\/www.flickr.com\/search\/?user_id=50481438%40N08&amp;text=grace%20harte&amp;view_all=1<\/a><\/li>\n<li><strong>Giota\u00ed \u00f3n cl\u00e1r<\/strong>: <a href=\"https:\/\/youtu.be\/4B3sZ2E2bFk\" target=\"_blank\" rel=\"noopener noreferrer\">https:\/\/youtu.be\/4B3sZ2E2bFk<\/a>\u00a0 <a href=\"https:\/\/youtu.be\/1E0vfB1DcBQ\" target=\"_blank\" rel=\"noopener noreferrer\">https:\/\/youtu.be\/1E0vfB1DcBQ<\/a><\/li>\n<li><strong>Breathnaigh ar na cl\u00e1ir ag: <\/strong><a href=\"https:\/\/dev.tg4.ie\/en\/programmes\/grace-harte\/\" target=\"_blank\" rel=\"noopener noreferrer\">https:\/\/dev.tg4.ie\/en\/programmes\/grace-harte\/<\/a><\/li>\n<\/ul>\n","protected":false},"excerpt":{"rendered":"<p>T\u00e1 Gradam Me\u00e1n CIRCOM don Dr\u00e1ma is Fearr buaite ag Grace Harte, dr\u00e1ma f\u00edorsp\u00e9isi\u00fail de chuid TG4 faoi bhean in Iarthar na h\u00c9ireann at\u00e1 s\u00e1innithe i bp\u00f3sadh gan phaisean. Bh\u00ed Grace Harte san ioma\u00edocht le 223 iontr\u00e1il eile n\u00f3 gur roghnaigh Cumann Gairmi\u00fail na Craolt\u00f3ireachta Seirbh\u00edse Poibl\u00ed R\u00e9igi\u00fanach Teilif\u00edse san Eoraip, CIRCOM, \u00e9 mar Bhuaiteoir [&hellip;]<\/p>\n","protected":false},"author":876,"featured_media":81930,"parent":72849,"menu_order":13,"comment_status":"closed","ping_status":"closed","template":"page-templates\/template-pr.php","meta":{"_acf_changed":false,"footnotes":""},"acf":[],"yoast_head":"<!-- This site is optimized with the Yoast SEO plugin v22.6 - https:\/\/yoast.com\/wordpress\/plugins\/seo\/ -->\n<title>Gradam idirn\u00e1isi\u00fanta CIRCOM buaite ag \u2018Grace Harte\u2019 - TG4<\/title>\n<meta name=\"robots\" content=\"index, follow, max-snippet:-1, max-image-preview:large, max-video-preview:-1\" \/>\n<meta property=\"og:locale\" content=\"en_US\" \/>\n<meta property=\"og:type\" content=\"article\" \/>\n<meta property=\"og:title\" content=\"Gradam idirn\u00e1isi\u00fanta CIRCOM buaite ag \u2018Grace Harte\u2019 - TG4\" \/>\n<meta property=\"og:description\" content=\"T\u00e1 Gradam Me\u00e1n CIRCOM don Dr\u00e1ma is Fearr buaite ag Grace Harte, dr\u00e1ma f\u00edorsp\u00e9isi\u00fail de chuid TG4 faoi bhean in Iarthar na h\u00c9ireann at\u00e1 s\u00e1innithe i bp\u00f3sadh gan phaisean. Bh\u00ed Grace Harte san ioma\u00edocht le 223 iontr\u00e1il eile n\u00f3 gur roghnaigh Cumann Gairmi\u00fail na Craolt\u00f3ireachta Seirbh\u00edse Poibl\u00ed R\u00e9igi\u00fanach Teilif\u00edse san Eoraip, CIRCOM, \u00e9 mar Bhuaiteoir [&hellip;]\" \/>\n<meta property=\"og:url\" content=\"https:\/\/dev.tg4.ie\/ga\/eolas\/preas\/nuacht-raitis\/2018-2\/gradam-idirnaisiunta-circom-buaite-ag-grace-harte\/\" \/>\n<meta property=\"og:site_name\" content=\"TG4\" \/>\n<meta property=\"article:publisher\" content=\"https:\/\/www.facebook.com\/TG4TV\" \/>\n<meta property=\"article:modified_time\" content=\"2019-07-01T09:03:33+00:00\" \/>\n<meta property=\"og:image\" content=\"https:\/\/tg4-docs.s3.amazonaws.com\/tg4-redesign-2015\/wp-content\/uploads\/2018\/04\/Grace_Harte_2.jpg\" \/>\n\t<meta property=\"og:image:width\" content=\"1920\" \/>\n\t<meta property=\"og:image:height\" content=\"1080\" \/>\n\t<meta property=\"og:image:type\" content=\"image\/jpeg\" \/>\n<meta name=\"twitter:card\" content=\"summary_large_image\" \/>\n<meta name=\"twitter:site\" content=\"@TG4TV\" \/>\n<meta name=\"twitter:label1\" content=\"Est. reading time\" \/>\n\t<meta name=\"twitter:data1\" content=\"2 minutes\" \/>\n<script type=\"application\/ld+json\" class=\"yoast-schema-graph\">{\"@context\":\"https:\/\/schema.org\",\"@graph\":[{\"@type\":\"WebPage\",\"@id\":\"https:\/\/dev.tg4.ie\/ga\/eolas\/preas\/nuacht-raitis\/2018-2\/gradam-idirnaisiunta-circom-buaite-ag-grace-harte\/\",\"url\":\"https:\/\/dev.tg4.ie\/ga\/eolas\/preas\/nuacht-raitis\/2018-2\/gradam-idirnaisiunta-circom-buaite-ag-grace-harte\/\",\"name\":\"Gradam idirn\u00e1isi\u00fanta CIRCOM buaite ag \u2018Grace Harte\u2019 - TG4\",\"isPartOf\":{\"@id\":\"https:\/\/dev.tg4.ie\/en\/#website\"},\"primaryImageOfPage\":{\"@id\":\"https:\/\/dev.tg4.ie\/ga\/eolas\/preas\/nuacht-raitis\/2018-2\/gradam-idirnaisiunta-circom-buaite-ag-grace-harte\/#primaryimage\"},\"image\":{\"@id\":\"https:\/\/dev.tg4.ie\/ga\/eolas\/preas\/nuacht-raitis\/2018-2\/gradam-idirnaisiunta-circom-buaite-ag-grace-harte\/#primaryimage\"},\"thumbnailUrl\":\"https:\/\/tg4-docs.s3.amazonaws.com\/tg4-redesign-2015\/wp-content\/uploads\/2018\/04\/Grace_Harte_2.jpg\",\"datePublished\":\"2018-04-24T11:13:42+00:00\",\"dateModified\":\"2019-07-01T09:03:33+00:00\",\"breadcrumb\":{\"@id\":\"https:\/\/dev.tg4.ie\/ga\/eolas\/preas\/nuacht-raitis\/2018-2\/gradam-idirnaisiunta-circom-buaite-ag-grace-harte\/#breadcrumb\"},\"inLanguage\":\"ga\",\"potentialAction\":[{\"@type\":\"ReadAction\",\"target\":[\"https:\/\/dev.tg4.ie\/ga\/eolas\/preas\/nuacht-raitis\/2018-2\/gradam-idirnaisiunta-circom-buaite-ag-grace-harte\/\"]}]},{\"@type\":\"ImageObject\",\"inLanguage\":\"ga\",\"@id\":\"https:\/\/dev.tg4.ie\/ga\/eolas\/preas\/nuacht-raitis\/2018-2\/gradam-idirnaisiunta-circom-buaite-ag-grace-harte\/#primaryimage\",\"url\":\"https:\/\/tg4-docs.s3.amazonaws.com\/tg4-redesign-2015\/wp-content\/uploads\/2018\/04\/Grace_Harte_2.jpg\",\"contentUrl\":\"https:\/\/tg4-docs.s3.amazonaws.com\/tg4-redesign-2015\/wp-content\/uploads\/2018\/04\/Grace_Harte_2.jpg\",\"width\":1920,\"height\":1080,\"caption\":\"Grace Harte 2\"},{\"@type\":\"BreadcrumbList\",\"@id\":\"https:\/\/dev.tg4.ie\/ga\/eolas\/preas\/nuacht-raitis\/2018-2\/gradam-idirnaisiunta-circom-buaite-ag-grace-harte\/#breadcrumb\",\"itemListElement\":[{\"@type\":\"ListItem\",\"position\":1,\"name\":\"Home\",\"item\":\"https:\/\/dev.tg4.ie\/ga\/\"},{\"@type\":\"ListItem\",\"position\":2,\"name\":\"Eolas\",\"item\":\"https:\/\/dev.tg4.ie\/ga\/eolas\/\"},{\"@type\":\"ListItem\",\"position\":3,\"name\":\"Preas\",\"item\":\"https:\/\/dev.tg4.ie\/ga\/eolas\/preas\/\"},{\"@type\":\"ListItem\",\"position\":4,\"name\":\"Nuacht R\u00e1itis\",\"item\":\"https:\/\/dev.tg4.ie\/ga\/eolas\/preas\/nuacht-raitis\/\"},{\"@type\":\"ListItem\",\"position\":5,\"name\":\"2018\",\"item\":\"https:\/\/dev.tg4.ie\/ga\/eolas\/preas\/nuacht-raitis\/2018-2\/\"},{\"@type\":\"ListItem\",\"position\":6,\"name\":\"Gradam idirn\u00e1isi\u00fanta CIRCOM buaite ag \u2018Grace Harte\u2019\"}]},{\"@type\":\"WebSite\",\"@id\":\"https:\/\/dev.tg4.ie\/en\/#website\",\"url\":\"https:\/\/dev.tg4.ie\/en\/\",\"name\":\"TG4\",\"description\":\"S\u00fail Eile\",\"potentialAction\":[{\"@type\":\"SearchAction\",\"target\":{\"@type\":\"EntryPoint\",\"urlTemplate\":\"https:\/\/dev.tg4.ie\/en\/?s={search_term_string}\"},\"query-input\":\"required name=search_term_string\"}],\"inLanguage\":\"ga\"}]}<\/script>\n<!-- \/ Yoast SEO plugin. -->","yoast_head_json":{"title":"Gradam idirn\u00e1isi\u00fanta CIRCOM buaite ag \u2018Grace Harte\u2019 - TG4","robots":{"index":"index","follow":"follow","max-snippet":"max-snippet:-1","max-image-preview":"max-image-preview:large","max-video-preview":"max-video-preview:-1"},"og_locale":"en_US","og_type":"article","og_title":"Gradam idirn\u00e1isi\u00fanta CIRCOM buaite ag \u2018Grace Harte\u2019 - TG4","og_description":"T\u00e1 Gradam Me\u00e1n CIRCOM don Dr\u00e1ma is Fearr buaite ag Grace Harte, dr\u00e1ma f\u00edorsp\u00e9isi\u00fail de chuid TG4 faoi bhean in Iarthar na h\u00c9ireann at\u00e1 s\u00e1innithe i bp\u00f3sadh gan phaisean. Bh\u00ed Grace Harte san ioma\u00edocht le 223 iontr\u00e1il eile n\u00f3 gur roghnaigh Cumann Gairmi\u00fail na Craolt\u00f3ireachta Seirbh\u00edse Poibl\u00ed R\u00e9igi\u00fanach Teilif\u00edse san Eoraip, CIRCOM, \u00e9 mar Bhuaiteoir [&hellip;]","og_url":"https:\/\/dev.tg4.ie\/ga\/eolas\/preas\/nuacht-raitis\/2018-2\/gradam-idirnaisiunta-circom-buaite-ag-grace-harte\/","og_site_name":"TG4","article_publisher":"https:\/\/www.facebook.com\/TG4TV","article_modified_time":"2019-07-01T09:03:33+00:00","og_image":[{"width":1920,"height":1080,"url":"https:\/\/tg4-docs.s3.amazonaws.com\/tg4-redesign-2015\/wp-content\/uploads\/2018\/04\/Grace_Harte_2.jpg","type":"image\/jpeg"}],"twitter_card":"summary_large_image","twitter_site":"@TG4TV","twitter_misc":{"Est. reading time":"2 minutes"},"schema":{"@context":"https:\/\/schema.org","@graph":[{"@type":"WebPage","@id":"https:\/\/dev.tg4.ie\/ga\/eolas\/preas\/nuacht-raitis\/2018-2\/gradam-idirnaisiunta-circom-buaite-ag-grace-harte\/","url":"https:\/\/dev.tg4.ie\/ga\/eolas\/preas\/nuacht-raitis\/2018-2\/gradam-idirnaisiunta-circom-buaite-ag-grace-harte\/","name":"Gradam idirn\u00e1isi\u00fanta CIRCOM buaite ag \u2018Grace Harte\u2019 - TG4","isPartOf":{"@id":"https:\/\/dev.tg4.ie\/en\/#website"},"primaryImageOfPage":{"@id":"https:\/\/dev.tg4.ie\/ga\/eolas\/preas\/nuacht-raitis\/2018-2\/gradam-idirnaisiunta-circom-buaite-ag-grace-harte\/#primaryimage"},"image":{"@id":"https:\/\/dev.tg4.ie\/ga\/eolas\/preas\/nuacht-raitis\/2018-2\/gradam-idirnaisiunta-circom-buaite-ag-grace-harte\/#primaryimage"},"thumbnailUrl":"https:\/\/tg4-docs.s3.amazonaws.com\/tg4-redesign-2015\/wp-content\/uploads\/2018\/04\/Grace_Harte_2.jpg","datePublished":"2018-04-24T11:13:42+00:00","dateModified":"2019-07-01T09:03:33+00:00","breadcrumb":{"@id":"https:\/\/dev.tg4.ie\/ga\/eolas\/preas\/nuacht-raitis\/2018-2\/gradam-idirnaisiunta-circom-buaite-ag-grace-harte\/#breadcrumb"},"inLanguage":"ga","potentialAction":[{"@type":"ReadAction","target":["https:\/\/dev.tg4.ie\/ga\/eolas\/preas\/nuacht-raitis\/2018-2\/gradam-idirnaisiunta-circom-buaite-ag-grace-harte\/"]}]},{"@type":"ImageObject","inLanguage":"ga","@id":"https:\/\/dev.tg4.ie\/ga\/eolas\/preas\/nuacht-raitis\/2018-2\/gradam-idirnaisiunta-circom-buaite-ag-grace-harte\/#primaryimage","url":"https:\/\/tg4-docs.s3.amazonaws.com\/tg4-redesign-2015\/wp-content\/uploads\/2018\/04\/Grace_Harte_2.jpg","contentUrl":"https:\/\/tg4-docs.s3.amazonaws.com\/tg4-redesign-2015\/wp-content\/uploads\/2018\/04\/Grace_Harte_2.jpg","width":1920,"height":1080,"caption":"Grace Harte 2"},{"@type":"BreadcrumbList","@id":"https:\/\/dev.tg4.ie\/ga\/eolas\/preas\/nuacht-raitis\/2018-2\/gradam-idirnaisiunta-circom-buaite-ag-grace-harte\/#breadcrumb","itemListElement":[{"@type":"ListItem","position":1,"name":"Home","item":"https:\/\/dev.tg4.ie\/ga\/"},{"@type":"ListItem","position":2,"name":"Eolas","item":"https:\/\/dev.tg4.ie\/ga\/eolas\/"},{"@type":"ListItem","position":3,"name":"Preas","item":"https:\/\/dev.tg4.ie\/ga\/eolas\/preas\/"},{"@type":"ListItem","position":4,"name":"Nuacht R\u00e1itis","item":"https:\/\/dev.tg4.ie\/ga\/eolas\/preas\/nuacht-raitis\/"},{"@type":"ListItem","position":5,"name":"2018","item":"https:\/\/dev.tg4.ie\/ga\/eolas\/preas\/nuacht-raitis\/2018-2\/"},{"@type":"ListItem","position":6,"name":"Gradam idirn\u00e1isi\u00fanta CIRCOM buaite ag \u2018Grace Harte\u2019"}]},{"@type":"WebSite","@id":"https:\/\/dev.tg4.ie\/en\/#website","url":"https:\/\/dev.tg4.ie\/en\/","name":"TG4","description":"S\u00fail Eile","potentialAction":[{"@type":"SearchAction","target":{"@type":"EntryPoint","urlTemplate":"https:\/\/dev.tg4.ie\/en\/?s={search_term_string}"},"query-input":"required name=search_term_string"}],"inLanguage":"ga"}]}},"_links":{"self":[{"href":"https:\/\/dev.tg4.ie\/ga\/wp-json\/wp\/v2\/pages\/81927"}],"collection":[{"href":"https:\/\/dev.tg4.ie\/ga\/wp-json\/wp\/v2\/pages"}],"about":[{"href":"https:\/\/dev.tg4.ie\/ga\/wp-json\/wp\/v2\/types\/page"}],"author":[{"embeddable":true,"href":"https:\/\/dev.tg4.ie\/ga\/wp-json\/wp\/v2\/users\/876"}],"replies":[{"embeddable":true,"href":"https:\/\/dev.tg4.ie\/ga\/wp-json\/wp\/v2\/comments?post=81927"}],"version-history":[{"count":0,"href":"https:\/\/dev.tg4.ie\/ga\/wp-json\/wp\/v2\/pages\/81927\/revisions"}],"up":[{"embeddable":true,"href":"https:\/\/dev.tg4.ie\/ga\/wp-json\/wp\/v2\/pages\/72849"}],"wp:featuredmedia":[{"embeddable":true,"href":"https:\/\/dev.tg4.ie\/ga\/wp-json\/wp\/v2\/media\/81930"}],"wp:attachment":[{"href":"https:\/\/dev.tg4.ie\/ga\/wp-json\/wp\/v2\/media?parent=81927"}],"curies":[{"name":"wp","href":"https:\/\/api.w.org\/{rel}","templated":true}]}}