{"id":82004,"date":"2018-04-26T13:36:40","date_gmt":"2018-04-26T12:36:40","guid":{"rendered":"https:\/\/dev.tg4.ie\/?page_id=82004"},"modified":"2019-07-01T10:07:05","modified_gmt":"2019-07-01T09:07:05","slug":"lucht-feachana-ollmhor-ag-na-sraitheanna-allianz-ar-tg4","status":"publish","type":"page","link":"https:\/\/dev.tg4.ie\/ga\/eolas\/preas\/nuacht-raitis\/2018-2\/lucht-feachana-ollmhor-ag-na-sraitheanna-allianz-ar-tg4\/","title":{"rendered":"Lucht f\u00e9achana ollmh\u00f3r ag na Sraitheanna Allianz ar TG4"},"content":{"rendered":"<p>Chuir <strong>TG4 <\/strong>cl\u00fadach cuimsitheach ar f\u00e1il de <strong>Shraitheanna Peile agus Iom\u00e1na Allianz<\/strong> idir m\u00ed Ean\u00e1ir agus m\u00ed Aibre\u00e1in agus thaispe\u00e1in an st\u00e1isi\u00fan ar a laghad tr\u00ed chluiche ioml\u00e1na gach Domhnach, nuair a bh\u00ed an aimsir in ara\u00edocht, chomh maith le buaicphoint\u00ed.<\/p>\n<p><strong>Shroich<\/strong> cl\u00fadach an chain\u00e9il ar na com\u00f3rtais <strong>1.47m <\/strong>duine ar an ioml\u00e1n, breis is an tr\u00ed\u00fa cuid den daonra teilif\u00edse a bh\u00ed ar f\u00e1il ag an am.<\/p>\n<p>Th\u00e1inig <strong>Sraith Iom\u00e1na Allianz 2018 <\/strong>chun cr\u00edche nuair a thug na c\u00e9il\u00ed comhraic Tiobraid \u00c1rann aghaidh ar Chill Chainnigh ar Ph\u00e1irc U\u00ed Nuall\u00e1in i gcluiche ceannais Shraith 1. D&#8217;fh\u00e9ach <strong>207,500 <\/strong>duine ar an me\u00e1n ar chluiche ceannais na bliana seo, is \u00e9 sin <strong>sciar 25%<\/strong> de lucht f\u00e9achana.\u00a0 D&#8217;fh\u00e9ach <strong>426,000<\/strong> duine ar chl\u00fadach TG4 den chluiche.<\/p>\n<p>Is deireadh seachtaine na C\u00e1sca a th\u00e1inig cr\u00edoch leis an <strong>tSraith Peile Allianz<\/strong> nuair a himr\u00edodh an ceithre chluiche ceannais, ina measc an cluiche m\u00f3r idir \u00c1th Cliath agus Gaillimh ar Ph\u00e1irc an Chr\u00f3caigh Domhnach C\u00e1sca. D&#8217;fh\u00e9ach ar an me\u00e1n suas le <strong>278,600<\/strong> duine ar an gcluiche, sin <strong>sciar<\/strong> <strong>30.1%<\/strong> den l\u00edon daoine a bh\u00ed ag f\u00e9achaint ar an teilif\u00eds ag an am sin. D&#8217;fh\u00e9ach <strong>549,000 <\/strong>duine ag pointe \u00e9igin ar an gcluiche.<\/p>\n<p>Chuir <strong>TG4 <\/strong>cl\u00fadach eisiach <strong>ar l\u00edne<\/strong> ar f\u00e1il ar roinnt cluich\u00ed le linn sh\u00e9as\u00far na Sraithe Allianz. Domhnach C\u00e1sca, craoladh beo ar chain\u00e9al YouTube TG4 <strong>cluiche leathcheannais Shraith 1<\/strong> den tSraith Iom\u00e1na nuair a thug Cill Chainnigh aghaidh ar Loch Garman agus mheall <strong>77,000 amharc<\/strong>, an l\u00edon is m\u00f3 \u00f3 thosaigh an cain\u00e9al ag taispe\u00e1int imeachta\u00ed beo sp\u00f3irt ar an ard\u00e1n anuraidh.<\/p>\n<p>Bh\u00ed tr\u00e1cht m\u00f3r ar ard\u00e1in ar l\u00edne <strong>TG4 <\/strong>freisin de bharr na gcluich\u00ed.\u00a0 Thapaigh breis is <strong>195,000 <\/strong>lucht f\u00e9achana na cluich\u00ed ar Facebook agus bh\u00ed breis is <strong>1.5m imprisean<\/strong> i gceist tr\u00ed Twitter, a l\u00e9ir\u00edonn go bhfuil p\u00e1tr\u00fan \u00eddithe an lucht f\u00e9achana ag athr\u00fa agus go bhfuil daoine ag idirghn\u00edomh\u00fa n\u00edos m\u00f3 agus n\u00edos m\u00f3 ar na me\u00e1in sh\u00f3isialta chun teacht ar \u00e1bhar sp\u00f3irt.<\/p>\n<p><strong>Foins\u00ed sonra\u00ed: Nielsen\/TAM Ireland. Lucht F\u00e9achana Daoine aonair 4+, Live &amp; VOSDAL; YouTube, Facebook, Twitter<\/strong><\/p>\n","protected":false},"excerpt":{"rendered":"<p>Chuir TG4 cl\u00fadach cuimsitheach ar f\u00e1il de Shraitheanna Peile agus Iom\u00e1na Allianz idir m\u00ed Ean\u00e1ir agus m\u00ed Aibre\u00e1in agus thaispe\u00e1in an st\u00e1isi\u00fan ar a laghad tr\u00ed chluiche ioml\u00e1na gach Domhnach, nuair a bh\u00ed an aimsir in ara\u00edocht, chomh maith le buaicphoint\u00ed. Shroich cl\u00fadach an chain\u00e9il ar na com\u00f3rtais 1.47m duine ar an ioml\u00e1n, breis is [&hellip;]<\/p>\n","protected":false},"author":876,"featured_media":82019,"parent":72849,"menu_order":14,"comment_status":"closed","ping_status":"closed","template":"page-templates\/template-pr.php","meta":{"_acf_changed":false,"footnotes":""},"acf":[],"yoast_head":"<!-- This site is optimized with the Yoast SEO plugin v22.6 - https:\/\/yoast.com\/wordpress\/plugins\/seo\/ -->\n<title>Lucht f\u00e9achana ollmh\u00f3r ag na Sraitheanna Allianz ar TG4 - TG4<\/title>\n<meta name=\"robots\" content=\"index, follow, max-snippet:-1, max-image-preview:large, max-video-preview:-1\" \/>\n<meta property=\"og:locale\" content=\"en_US\" \/>\n<meta property=\"og:type\" content=\"article\" \/>\n<meta property=\"og:title\" content=\"Lucht f\u00e9achana ollmh\u00f3r ag na Sraitheanna Allianz ar TG4 - TG4\" \/>\n<meta property=\"og:description\" content=\"Chuir TG4 cl\u00fadach cuimsitheach ar f\u00e1il de Shraitheanna Peile agus Iom\u00e1na Allianz idir m\u00ed Ean\u00e1ir agus m\u00ed Aibre\u00e1in agus thaispe\u00e1in an st\u00e1isi\u00fan ar a laghad tr\u00ed chluiche ioml\u00e1na gach Domhnach, nuair a bh\u00ed an aimsir in ara\u00edocht, chomh maith le buaicphoint\u00ed. Shroich cl\u00fadach an chain\u00e9il ar na com\u00f3rtais 1.47m duine ar an ioml\u00e1n, breis is [&hellip;]\" \/>\n<meta property=\"og:url\" content=\"https:\/\/dev.tg4.ie\/ga\/eolas\/preas\/nuacht-raitis\/2018-2\/lucht-feachana-ollmhor-ag-na-sraitheanna-allianz-ar-tg4\/\" \/>\n<meta property=\"og:site_name\" content=\"TG4\" \/>\n<meta property=\"article:publisher\" content=\"https:\/\/www.facebook.com\/TG4TV\" \/>\n<meta property=\"article:modified_time\" content=\"2019-07-01T09:07:05+00:00\" \/>\n<meta property=\"og:image\" content=\"https:\/\/tg4-docs.s3.amazonaws.com\/tg4-redesign-2015\/wp-content\/uploads\/2018\/04\/GaaBeo-Allianz-2.jpg\" \/>\n\t<meta property=\"og:image:width\" content=\"1920\" \/>\n\t<meta property=\"og:image:height\" content=\"1080\" \/>\n\t<meta property=\"og:image:type\" content=\"image\/jpeg\" \/>\n<meta name=\"twitter:card\" content=\"summary_large_image\" \/>\n<meta name=\"twitter:site\" content=\"@TG4TV\" \/>\n<meta name=\"twitter:label1\" content=\"Est. reading time\" \/>\n\t<meta name=\"twitter:data1\" content=\"2 minutes\" \/>\n<script type=\"application\/ld+json\" class=\"yoast-schema-graph\">{\"@context\":\"https:\/\/schema.org\",\"@graph\":[{\"@type\":\"WebPage\",\"@id\":\"https:\/\/dev.tg4.ie\/ga\/eolas\/preas\/nuacht-raitis\/2018-2\/lucht-feachana-ollmhor-ag-na-sraitheanna-allianz-ar-tg4\/\",\"url\":\"https:\/\/dev.tg4.ie\/ga\/eolas\/preas\/nuacht-raitis\/2018-2\/lucht-feachana-ollmhor-ag-na-sraitheanna-allianz-ar-tg4\/\",\"name\":\"Lucht f\u00e9achana ollmh\u00f3r ag na Sraitheanna Allianz ar TG4 - TG4\",\"isPartOf\":{\"@id\":\"https:\/\/dev.tg4.ie\/en\/#website\"},\"primaryImageOfPage\":{\"@id\":\"https:\/\/dev.tg4.ie\/ga\/eolas\/preas\/nuacht-raitis\/2018-2\/lucht-feachana-ollmhor-ag-na-sraitheanna-allianz-ar-tg4\/#primaryimage\"},\"image\":{\"@id\":\"https:\/\/dev.tg4.ie\/ga\/eolas\/preas\/nuacht-raitis\/2018-2\/lucht-feachana-ollmhor-ag-na-sraitheanna-allianz-ar-tg4\/#primaryimage\"},\"thumbnailUrl\":\"https:\/\/tg4-docs.s3.amazonaws.com\/tg4-redesign-2015\/wp-content\/uploads\/2018\/04\/GaaBeo-Allianz-2.jpg\",\"datePublished\":\"2018-04-26T12:36:40+00:00\",\"dateModified\":\"2019-07-01T09:07:05+00:00\",\"breadcrumb\":{\"@id\":\"https:\/\/dev.tg4.ie\/ga\/eolas\/preas\/nuacht-raitis\/2018-2\/lucht-feachana-ollmhor-ag-na-sraitheanna-allianz-ar-tg4\/#breadcrumb\"},\"inLanguage\":\"ga\",\"potentialAction\":[{\"@type\":\"ReadAction\",\"target\":[\"https:\/\/dev.tg4.ie\/ga\/eolas\/preas\/nuacht-raitis\/2018-2\/lucht-feachana-ollmhor-ag-na-sraitheanna-allianz-ar-tg4\/\"]}]},{\"@type\":\"ImageObject\",\"inLanguage\":\"ga\",\"@id\":\"https:\/\/dev.tg4.ie\/ga\/eolas\/preas\/nuacht-raitis\/2018-2\/lucht-feachana-ollmhor-ag-na-sraitheanna-allianz-ar-tg4\/#primaryimage\",\"url\":\"https:\/\/tg4-docs.s3.amazonaws.com\/tg4-redesign-2015\/wp-content\/uploads\/2018\/04\/GaaBeo-Allianz-2.jpg\",\"contentUrl\":\"https:\/\/tg4-docs.s3.amazonaws.com\/tg4-redesign-2015\/wp-content\/uploads\/2018\/04\/GaaBeo-Allianz-2.jpg\",\"width\":1920,\"height\":1080,\"caption\":\"GaaBeo-Allianz-2\"},{\"@type\":\"BreadcrumbList\",\"@id\":\"https:\/\/dev.tg4.ie\/ga\/eolas\/preas\/nuacht-raitis\/2018-2\/lucht-feachana-ollmhor-ag-na-sraitheanna-allianz-ar-tg4\/#breadcrumb\",\"itemListElement\":[{\"@type\":\"ListItem\",\"position\":1,\"name\":\"Home\",\"item\":\"https:\/\/dev.tg4.ie\/ga\/\"},{\"@type\":\"ListItem\",\"position\":2,\"name\":\"Eolas\",\"item\":\"https:\/\/dev.tg4.ie\/ga\/eolas\/\"},{\"@type\":\"ListItem\",\"position\":3,\"name\":\"Preas\",\"item\":\"https:\/\/dev.tg4.ie\/ga\/eolas\/preas\/\"},{\"@type\":\"ListItem\",\"position\":4,\"name\":\"Nuacht R\u00e1itis\",\"item\":\"https:\/\/dev.tg4.ie\/ga\/eolas\/preas\/nuacht-raitis\/\"},{\"@type\":\"ListItem\",\"position\":5,\"name\":\"2018\",\"item\":\"https:\/\/dev.tg4.ie\/ga\/eolas\/preas\/nuacht-raitis\/2018-2\/\"},{\"@type\":\"ListItem\",\"position\":6,\"name\":\"Lucht f\u00e9achana ollmh\u00f3r ag na Sraitheanna Allianz ar TG4\"}]},{\"@type\":\"WebSite\",\"@id\":\"https:\/\/dev.tg4.ie\/en\/#website\",\"url\":\"https:\/\/dev.tg4.ie\/en\/\",\"name\":\"TG4\",\"description\":\"S\u00fail Eile\",\"potentialAction\":[{\"@type\":\"SearchAction\",\"target\":{\"@type\":\"EntryPoint\",\"urlTemplate\":\"https:\/\/dev.tg4.ie\/en\/?s={search_term_string}\"},\"query-input\":\"required name=search_term_string\"}],\"inLanguage\":\"ga\"}]}<\/script>\n<!-- \/ Yoast SEO plugin. -->","yoast_head_json":{"title":"Lucht f\u00e9achana ollmh\u00f3r ag na Sraitheanna Allianz ar TG4 - TG4","robots":{"index":"index","follow":"follow","max-snippet":"max-snippet:-1","max-image-preview":"max-image-preview:large","max-video-preview":"max-video-preview:-1"},"og_locale":"en_US","og_type":"article","og_title":"Lucht f\u00e9achana ollmh\u00f3r ag na Sraitheanna Allianz ar TG4 - TG4","og_description":"Chuir TG4 cl\u00fadach cuimsitheach ar f\u00e1il de Shraitheanna Peile agus Iom\u00e1na Allianz idir m\u00ed Ean\u00e1ir agus m\u00ed Aibre\u00e1in agus thaispe\u00e1in an st\u00e1isi\u00fan ar a laghad tr\u00ed chluiche ioml\u00e1na gach Domhnach, nuair a bh\u00ed an aimsir in ara\u00edocht, chomh maith le buaicphoint\u00ed. Shroich cl\u00fadach an chain\u00e9il ar na com\u00f3rtais 1.47m duine ar an ioml\u00e1n, breis is [&hellip;]","og_url":"https:\/\/dev.tg4.ie\/ga\/eolas\/preas\/nuacht-raitis\/2018-2\/lucht-feachana-ollmhor-ag-na-sraitheanna-allianz-ar-tg4\/","og_site_name":"TG4","article_publisher":"https:\/\/www.facebook.com\/TG4TV","article_modified_time":"2019-07-01T09:07:05+00:00","og_image":[{"width":1920,"height":1080,"url":"https:\/\/tg4-docs.s3.amazonaws.com\/tg4-redesign-2015\/wp-content\/uploads\/2018\/04\/GaaBeo-Allianz-2.jpg","type":"image\/jpeg"}],"twitter_card":"summary_large_image","twitter_site":"@TG4TV","twitter_misc":{"Est. reading time":"2 minutes"},"schema":{"@context":"https:\/\/schema.org","@graph":[{"@type":"WebPage","@id":"https:\/\/dev.tg4.ie\/ga\/eolas\/preas\/nuacht-raitis\/2018-2\/lucht-feachana-ollmhor-ag-na-sraitheanna-allianz-ar-tg4\/","url":"https:\/\/dev.tg4.ie\/ga\/eolas\/preas\/nuacht-raitis\/2018-2\/lucht-feachana-ollmhor-ag-na-sraitheanna-allianz-ar-tg4\/","name":"Lucht f\u00e9achana ollmh\u00f3r ag na Sraitheanna Allianz ar TG4 - TG4","isPartOf":{"@id":"https:\/\/dev.tg4.ie\/en\/#website"},"primaryImageOfPage":{"@id":"https:\/\/dev.tg4.ie\/ga\/eolas\/preas\/nuacht-raitis\/2018-2\/lucht-feachana-ollmhor-ag-na-sraitheanna-allianz-ar-tg4\/#primaryimage"},"image":{"@id":"https:\/\/dev.tg4.ie\/ga\/eolas\/preas\/nuacht-raitis\/2018-2\/lucht-feachana-ollmhor-ag-na-sraitheanna-allianz-ar-tg4\/#primaryimage"},"thumbnailUrl":"https:\/\/tg4-docs.s3.amazonaws.com\/tg4-redesign-2015\/wp-content\/uploads\/2018\/04\/GaaBeo-Allianz-2.jpg","datePublished":"2018-04-26T12:36:40+00:00","dateModified":"2019-07-01T09:07:05+00:00","breadcrumb":{"@id":"https:\/\/dev.tg4.ie\/ga\/eolas\/preas\/nuacht-raitis\/2018-2\/lucht-feachana-ollmhor-ag-na-sraitheanna-allianz-ar-tg4\/#breadcrumb"},"inLanguage":"ga","potentialAction":[{"@type":"ReadAction","target":["https:\/\/dev.tg4.ie\/ga\/eolas\/preas\/nuacht-raitis\/2018-2\/lucht-feachana-ollmhor-ag-na-sraitheanna-allianz-ar-tg4\/"]}]},{"@type":"ImageObject","inLanguage":"ga","@id":"https:\/\/dev.tg4.ie\/ga\/eolas\/preas\/nuacht-raitis\/2018-2\/lucht-feachana-ollmhor-ag-na-sraitheanna-allianz-ar-tg4\/#primaryimage","url":"https:\/\/tg4-docs.s3.amazonaws.com\/tg4-redesign-2015\/wp-content\/uploads\/2018\/04\/GaaBeo-Allianz-2.jpg","contentUrl":"https:\/\/tg4-docs.s3.amazonaws.com\/tg4-redesign-2015\/wp-content\/uploads\/2018\/04\/GaaBeo-Allianz-2.jpg","width":1920,"height":1080,"caption":"GaaBeo-Allianz-2"},{"@type":"BreadcrumbList","@id":"https:\/\/dev.tg4.ie\/ga\/eolas\/preas\/nuacht-raitis\/2018-2\/lucht-feachana-ollmhor-ag-na-sraitheanna-allianz-ar-tg4\/#breadcrumb","itemListElement":[{"@type":"ListItem","position":1,"name":"Home","item":"https:\/\/dev.tg4.ie\/ga\/"},{"@type":"ListItem","position":2,"name":"Eolas","item":"https:\/\/dev.tg4.ie\/ga\/eolas\/"},{"@type":"ListItem","position":3,"name":"Preas","item":"https:\/\/dev.tg4.ie\/ga\/eolas\/preas\/"},{"@type":"ListItem","position":4,"name":"Nuacht R\u00e1itis","item":"https:\/\/dev.tg4.ie\/ga\/eolas\/preas\/nuacht-raitis\/"},{"@type":"ListItem","position":5,"name":"2018","item":"https:\/\/dev.tg4.ie\/ga\/eolas\/preas\/nuacht-raitis\/2018-2\/"},{"@type":"ListItem","position":6,"name":"Lucht f\u00e9achana ollmh\u00f3r ag na Sraitheanna Allianz ar TG4"}]},{"@type":"WebSite","@id":"https:\/\/dev.tg4.ie\/en\/#website","url":"https:\/\/dev.tg4.ie\/en\/","name":"TG4","description":"S\u00fail Eile","potentialAction":[{"@type":"SearchAction","target":{"@type":"EntryPoint","urlTemplate":"https:\/\/dev.tg4.ie\/en\/?s={search_term_string}"},"query-input":"required name=search_term_string"}],"inLanguage":"ga"}]}},"_links":{"self":[{"href":"https:\/\/dev.tg4.ie\/ga\/wp-json\/wp\/v2\/pages\/82004"}],"collection":[{"href":"https:\/\/dev.tg4.ie\/ga\/wp-json\/wp\/v2\/pages"}],"about":[{"href":"https:\/\/dev.tg4.ie\/ga\/wp-json\/wp\/v2\/types\/page"}],"author":[{"embeddable":true,"href":"https:\/\/dev.tg4.ie\/ga\/wp-json\/wp\/v2\/users\/876"}],"replies":[{"embeddable":true,"href":"https:\/\/dev.tg4.ie\/ga\/wp-json\/wp\/v2\/comments?post=82004"}],"version-history":[{"count":0,"href":"https:\/\/dev.tg4.ie\/ga\/wp-json\/wp\/v2\/pages\/82004\/revisions"}],"up":[{"embeddable":true,"href":"https:\/\/dev.tg4.ie\/ga\/wp-json\/wp\/v2\/pages\/72849"}],"wp:featuredmedia":[{"embeddable":true,"href":"https:\/\/dev.tg4.ie\/ga\/wp-json\/wp\/v2\/media\/82019"}],"wp:attachment":[{"href":"https:\/\/dev.tg4.ie\/ga\/wp-json\/wp\/v2\/media?parent=82004"}],"curies":[{"name":"wp","href":"https:\/\/api.w.org\/{rel}","templated":true}]}}