{"id":82178,"date":"2018-04-29T21:05:35","date_gmt":"2018-04-29T20:05:35","guid":{"rendered":"https:\/\/dev.tg4.ie\/?page_id=82178"},"modified":"2019-07-01T10:09:26","modified_gmt":"2019-07-01T09:09:26","slug":"rol-ag-tg4-i-bhforbairt-na-dramaiochta-gaeilge-esslemont","status":"publish","type":"page","link":"https:\/\/dev.tg4.ie\/ga\/eolas\/preas\/nuacht-raitis\/2018-2\/rol-ag-tg4-i-bhforbairt-na-dramaiochta-gaeilge-esslemont\/","title":{"rendered":"R\u00f3l ag TG4 i bhforbairt na Dr\u00e1ma\u00edochta Gaeilge \u2013 Esslemont"},"content":{"rendered":"<p>Ag bronnadh na ngradam ag an bhF\u00e9ile N\u00e1isi\u00fanta Dr\u00e1ma\u00edochta a bh\u00ed ar si\u00fal in Indreabh\u00e1n, i gConamara an deireadh seachtaine seo, d\u00fairt Alan Esslemont:<\/p>\n<p>\u2018N\u00ed m\u00f3r d\u2019earn\u00e1il na dr\u00e1ma\u00edochta Gaeilge f\u00e1s agus forbairt. T\u00e1 s\u00e9 sin t\u00e1bhachtach daoibhse mar lucht dr\u00e1ma\u00edochta ach t\u00e1 s\u00e9 f\u00edor-th\u00e1bhachtach d\u00fainne mar lucht cumars\u00e1ide chomh maith.<\/p>\n<p>\u2018T\u00e1 d\u00edosp\u00f3ireacht tosaithe ag Cathaoirleach na Taibhdheirce, Aodh \u00d3 Coile\u00e1in, maidir leis an r\u00f3l at\u00e1 ag Amharclann N\u00e1isi\u00fanta na Gaeilge agus is maith an rud an d\u00edosp\u00f3ireacht sin.<\/p>\n<p>\u2018B\u00edonn fuinneamh iontach ag na f\u00e9ilte scoildr\u00e1ma\u00edochta, go h\u00e1iti\u00fail agus go n\u00e1isi\u00fanta, ach c\u00e9 a fhaigheann deis na l\u00e9iri\u00fach\u00e1in iontacha seo a fheice\u00e1il agus c\u00e9n taca\u00edocht a thugtar d\u00f3ibhsean a bh\u00edonn p\u00e1irteach, chun a gceird a fhorbairt?<\/p>\n<p>\u2018C\u00e9n chaoi ar f\u00e9idir borradh n\u00edos fearr a chur faoi scr\u00edbhneoireacht, faoi fh\u00e9ilte agus faoi dhr\u00e1ma\u00edocht sna r\u00e9igi\u00fain, go n\u00e1isi\u00fanta agus go hidirn\u00e1isi\u00fanta?<\/p>\n<p>\u2018T\u00e1 r\u00f3l sa d\u00edosp\u00f3ireacht seo ag roinnt mhaith gr\u00fapa\u00ed dar liom. Lucht na dr\u00e1ma\u00edochta f\u00e9in &#8211; idir chomp\u00e1ntais, l\u00e9iritheoir\u00ed, scr\u00edbhneoir\u00ed, aisteoir\u00ed agus fhoirne l\u00e9iri\u00fach\u00e1in. Ag na heagrais taca\u00edochta &#8211; Roinn na Gaeltachta, Foras na Gaeilge, na Comhairl\u00ed Eala\u00edon, \u00dadar\u00e1s na Gaeltachta, Oireachtas na Gaeilge, An Cumann Scoildr\u00e1ma\u00edochta agus gan dabht An Comhlachas N\u00e1isi\u00fanta Dr\u00e1ma\u00edochta.<\/p>\n<p>\u2018Agus t\u00e1 r\u00f3l ag TG4 chomh maith. M\u00e1s l\u00e9ir d\u00fainne go bhfuil cur chuige, comhoibritheach ag teacht chun cinn \u00f3 lucht na dr\u00e1ma\u00edochta, n\u00ed loicfidh muide i dtaca\u00edocht a thabhairt daoibhse.<\/p>\n<p>\u2018Caithfear dul i ngleic le beala\u00ed, comhph\u00e1irt\u00edochta\u00ed agus cuir chuige nua chun cinnti\u00fa go bhfuil muid ag freastal i gceart ar an lucht f\u00e9achana at\u00e1 againn agus ag tabhairt inspior\u00e1ide do ghl\u00fain nua eala\u00edont\u00f3ir\u00ed \u00f3ga\u2019.<\/p>\n","protected":false},"excerpt":{"rendered":"<p>Ag bronnadh na ngradam ag an bhF\u00e9ile N\u00e1isi\u00fanta Dr\u00e1ma\u00edochta a bh\u00ed ar si\u00fal in Indreabh\u00e1n, i gConamara an deireadh seachtaine seo, d\u00fairt Alan Esslemont: \u2018N\u00ed m\u00f3r d\u2019earn\u00e1il na dr\u00e1ma\u00edochta Gaeilge f\u00e1s agus forbairt. T\u00e1 s\u00e9 sin t\u00e1bhachtach daoibhse mar lucht dr\u00e1ma\u00edochta ach t\u00e1 s\u00e9 f\u00edor-th\u00e1bhachtach d\u00fainne mar lucht cumars\u00e1ide chomh maith. \u2018T\u00e1 d\u00edosp\u00f3ireacht tosaithe ag [&hellip;]<\/p>\n","protected":false},"author":876,"featured_media":82214,"parent":72849,"menu_order":15,"comment_status":"closed","ping_status":"closed","template":"page-templates\/template-pr.php","meta":{"_acf_changed":false,"footnotes":""},"acf":[],"yoast_head":"<!-- This site is optimized with the Yoast SEO plugin v22.6 - https:\/\/yoast.com\/wordpress\/plugins\/seo\/ -->\n<title>R\u00f3l ag TG4 i bhforbairt na Dr\u00e1ma\u00edochta Gaeilge \u2013 Esslemont - TG4<\/title>\n<meta name=\"robots\" content=\"index, follow, max-snippet:-1, max-image-preview:large, max-video-preview:-1\" \/>\n<meta property=\"og:locale\" content=\"en_US\" \/>\n<meta property=\"og:type\" content=\"article\" \/>\n<meta property=\"og:title\" content=\"R\u00f3l ag TG4 i bhforbairt na Dr\u00e1ma\u00edochta Gaeilge \u2013 Esslemont - TG4\" \/>\n<meta property=\"og:description\" content=\"Ag bronnadh na ngradam ag an bhF\u00e9ile N\u00e1isi\u00fanta Dr\u00e1ma\u00edochta a bh\u00ed ar si\u00fal in Indreabh\u00e1n, i gConamara an deireadh seachtaine seo, d\u00fairt Alan Esslemont: \u2018N\u00ed m\u00f3r d\u2019earn\u00e1il na dr\u00e1ma\u00edochta Gaeilge f\u00e1s agus forbairt. T\u00e1 s\u00e9 sin t\u00e1bhachtach daoibhse mar lucht dr\u00e1ma\u00edochta ach t\u00e1 s\u00e9 f\u00edor-th\u00e1bhachtach d\u00fainne mar lucht cumars\u00e1ide chomh maith. \u2018T\u00e1 d\u00edosp\u00f3ireacht tosaithe ag [&hellip;]\" \/>\n<meta property=\"og:url\" content=\"https:\/\/dev.tg4.ie\/ga\/eolas\/preas\/nuacht-raitis\/2018-2\/rol-ag-tg4-i-bhforbairt-na-dramaiochta-gaeilge-esslemont\/\" \/>\n<meta property=\"og:site_name\" content=\"TG4\" \/>\n<meta property=\"article:publisher\" content=\"https:\/\/www.facebook.com\/TG4TV\" \/>\n<meta property=\"article:modified_time\" content=\"2019-07-01T09:09:26+00:00\" \/>\n<meta property=\"og:image\" content=\"https:\/\/tg4-docs.s3.amazonaws.com\/tg4-redesign-2015\/wp-content\/uploads\/2018\/04\/Alan_Esslemont-TG4.jpg\" \/>\n\t<meta property=\"og:image:width\" content=\"1920\" \/>\n\t<meta property=\"og:image:height\" content=\"1080\" \/>\n\t<meta property=\"og:image:type\" content=\"image\/jpeg\" \/>\n<meta name=\"twitter:card\" content=\"summary_large_image\" \/>\n<meta name=\"twitter:site\" content=\"@TG4TV\" \/>\n<meta name=\"twitter:label1\" content=\"Est. reading time\" \/>\n\t<meta name=\"twitter:data1\" content=\"2 minutes\" \/>\n<script type=\"application\/ld+json\" class=\"yoast-schema-graph\">{\"@context\":\"https:\/\/schema.org\",\"@graph\":[{\"@type\":\"WebPage\",\"@id\":\"https:\/\/dev.tg4.ie\/ga\/eolas\/preas\/nuacht-raitis\/2018-2\/rol-ag-tg4-i-bhforbairt-na-dramaiochta-gaeilge-esslemont\/\",\"url\":\"https:\/\/dev.tg4.ie\/ga\/eolas\/preas\/nuacht-raitis\/2018-2\/rol-ag-tg4-i-bhforbairt-na-dramaiochta-gaeilge-esslemont\/\",\"name\":\"R\u00f3l ag TG4 i bhforbairt na Dr\u00e1ma\u00edochta Gaeilge \u2013 Esslemont - TG4\",\"isPartOf\":{\"@id\":\"https:\/\/dev.tg4.ie\/en\/#website\"},\"primaryImageOfPage\":{\"@id\":\"https:\/\/dev.tg4.ie\/ga\/eolas\/preas\/nuacht-raitis\/2018-2\/rol-ag-tg4-i-bhforbairt-na-dramaiochta-gaeilge-esslemont\/#primaryimage\"},\"image\":{\"@id\":\"https:\/\/dev.tg4.ie\/ga\/eolas\/preas\/nuacht-raitis\/2018-2\/rol-ag-tg4-i-bhforbairt-na-dramaiochta-gaeilge-esslemont\/#primaryimage\"},\"thumbnailUrl\":\"https:\/\/tg4-docs.s3.amazonaws.com\/tg4-redesign-2015\/wp-content\/uploads\/2018\/04\/Alan_Esslemont-TG4.jpg\",\"datePublished\":\"2018-04-29T20:05:35+00:00\",\"dateModified\":\"2019-07-01T09:09:26+00:00\",\"breadcrumb\":{\"@id\":\"https:\/\/dev.tg4.ie\/ga\/eolas\/preas\/nuacht-raitis\/2018-2\/rol-ag-tg4-i-bhforbairt-na-dramaiochta-gaeilge-esslemont\/#breadcrumb\"},\"inLanguage\":\"ga\",\"potentialAction\":[{\"@type\":\"ReadAction\",\"target\":[\"https:\/\/dev.tg4.ie\/ga\/eolas\/preas\/nuacht-raitis\/2018-2\/rol-ag-tg4-i-bhforbairt-na-dramaiochta-gaeilge-esslemont\/\"]}]},{\"@type\":\"ImageObject\",\"inLanguage\":\"ga\",\"@id\":\"https:\/\/dev.tg4.ie\/ga\/eolas\/preas\/nuacht-raitis\/2018-2\/rol-ag-tg4-i-bhforbairt-na-dramaiochta-gaeilge-esslemont\/#primaryimage\",\"url\":\"https:\/\/tg4-docs.s3.amazonaws.com\/tg4-redesign-2015\/wp-content\/uploads\/2018\/04\/Alan_Esslemont-TG4.jpg\",\"contentUrl\":\"https:\/\/tg4-docs.s3.amazonaws.com\/tg4-redesign-2015\/wp-content\/uploads\/2018\/04\/Alan_Esslemont-TG4.jpg\",\"width\":1920,\"height\":1080,\"caption\":\"Alan Esslemont TG4\"},{\"@type\":\"BreadcrumbList\",\"@id\":\"https:\/\/dev.tg4.ie\/ga\/eolas\/preas\/nuacht-raitis\/2018-2\/rol-ag-tg4-i-bhforbairt-na-dramaiochta-gaeilge-esslemont\/#breadcrumb\",\"itemListElement\":[{\"@type\":\"ListItem\",\"position\":1,\"name\":\"Home\",\"item\":\"https:\/\/dev.tg4.ie\/ga\/\"},{\"@type\":\"ListItem\",\"position\":2,\"name\":\"Eolas\",\"item\":\"https:\/\/dev.tg4.ie\/ga\/eolas\/\"},{\"@type\":\"ListItem\",\"position\":3,\"name\":\"Preas\",\"item\":\"https:\/\/dev.tg4.ie\/ga\/eolas\/preas\/\"},{\"@type\":\"ListItem\",\"position\":4,\"name\":\"Nuacht R\u00e1itis\",\"item\":\"https:\/\/dev.tg4.ie\/ga\/eolas\/preas\/nuacht-raitis\/\"},{\"@type\":\"ListItem\",\"position\":5,\"name\":\"2018\",\"item\":\"https:\/\/dev.tg4.ie\/ga\/eolas\/preas\/nuacht-raitis\/2018-2\/\"},{\"@type\":\"ListItem\",\"position\":6,\"name\":\"R\u00f3l ag TG4 i bhforbairt na Dr\u00e1ma\u00edochta Gaeilge \u2013 Esslemont\"}]},{\"@type\":\"WebSite\",\"@id\":\"https:\/\/dev.tg4.ie\/en\/#website\",\"url\":\"https:\/\/dev.tg4.ie\/en\/\",\"name\":\"TG4\",\"description\":\"S\u00fail Eile\",\"potentialAction\":[{\"@type\":\"SearchAction\",\"target\":{\"@type\":\"EntryPoint\",\"urlTemplate\":\"https:\/\/dev.tg4.ie\/en\/?s={search_term_string}\"},\"query-input\":\"required name=search_term_string\"}],\"inLanguage\":\"ga\"}]}<\/script>\n<!-- \/ Yoast SEO plugin. -->","yoast_head_json":{"title":"R\u00f3l ag TG4 i bhforbairt na Dr\u00e1ma\u00edochta Gaeilge \u2013 Esslemont - TG4","robots":{"index":"index","follow":"follow","max-snippet":"max-snippet:-1","max-image-preview":"max-image-preview:large","max-video-preview":"max-video-preview:-1"},"og_locale":"en_US","og_type":"article","og_title":"R\u00f3l ag TG4 i bhforbairt na Dr\u00e1ma\u00edochta Gaeilge \u2013 Esslemont - TG4","og_description":"Ag bronnadh na ngradam ag an bhF\u00e9ile N\u00e1isi\u00fanta Dr\u00e1ma\u00edochta a bh\u00ed ar si\u00fal in Indreabh\u00e1n, i gConamara an deireadh seachtaine seo, d\u00fairt Alan Esslemont: \u2018N\u00ed m\u00f3r d\u2019earn\u00e1il na dr\u00e1ma\u00edochta Gaeilge f\u00e1s agus forbairt. T\u00e1 s\u00e9 sin t\u00e1bhachtach daoibhse mar lucht dr\u00e1ma\u00edochta ach t\u00e1 s\u00e9 f\u00edor-th\u00e1bhachtach d\u00fainne mar lucht cumars\u00e1ide chomh maith. \u2018T\u00e1 d\u00edosp\u00f3ireacht tosaithe ag [&hellip;]","og_url":"https:\/\/dev.tg4.ie\/ga\/eolas\/preas\/nuacht-raitis\/2018-2\/rol-ag-tg4-i-bhforbairt-na-dramaiochta-gaeilge-esslemont\/","og_site_name":"TG4","article_publisher":"https:\/\/www.facebook.com\/TG4TV","article_modified_time":"2019-07-01T09:09:26+00:00","og_image":[{"width":1920,"height":1080,"url":"https:\/\/tg4-docs.s3.amazonaws.com\/tg4-redesign-2015\/wp-content\/uploads\/2018\/04\/Alan_Esslemont-TG4.jpg","type":"image\/jpeg"}],"twitter_card":"summary_large_image","twitter_site":"@TG4TV","twitter_misc":{"Est. reading time":"2 minutes"},"schema":{"@context":"https:\/\/schema.org","@graph":[{"@type":"WebPage","@id":"https:\/\/dev.tg4.ie\/ga\/eolas\/preas\/nuacht-raitis\/2018-2\/rol-ag-tg4-i-bhforbairt-na-dramaiochta-gaeilge-esslemont\/","url":"https:\/\/dev.tg4.ie\/ga\/eolas\/preas\/nuacht-raitis\/2018-2\/rol-ag-tg4-i-bhforbairt-na-dramaiochta-gaeilge-esslemont\/","name":"R\u00f3l ag TG4 i bhforbairt na Dr\u00e1ma\u00edochta Gaeilge \u2013 Esslemont - TG4","isPartOf":{"@id":"https:\/\/dev.tg4.ie\/en\/#website"},"primaryImageOfPage":{"@id":"https:\/\/dev.tg4.ie\/ga\/eolas\/preas\/nuacht-raitis\/2018-2\/rol-ag-tg4-i-bhforbairt-na-dramaiochta-gaeilge-esslemont\/#primaryimage"},"image":{"@id":"https:\/\/dev.tg4.ie\/ga\/eolas\/preas\/nuacht-raitis\/2018-2\/rol-ag-tg4-i-bhforbairt-na-dramaiochta-gaeilge-esslemont\/#primaryimage"},"thumbnailUrl":"https:\/\/tg4-docs.s3.amazonaws.com\/tg4-redesign-2015\/wp-content\/uploads\/2018\/04\/Alan_Esslemont-TG4.jpg","datePublished":"2018-04-29T20:05:35+00:00","dateModified":"2019-07-01T09:09:26+00:00","breadcrumb":{"@id":"https:\/\/dev.tg4.ie\/ga\/eolas\/preas\/nuacht-raitis\/2018-2\/rol-ag-tg4-i-bhforbairt-na-dramaiochta-gaeilge-esslemont\/#breadcrumb"},"inLanguage":"ga","potentialAction":[{"@type":"ReadAction","target":["https:\/\/dev.tg4.ie\/ga\/eolas\/preas\/nuacht-raitis\/2018-2\/rol-ag-tg4-i-bhforbairt-na-dramaiochta-gaeilge-esslemont\/"]}]},{"@type":"ImageObject","inLanguage":"ga","@id":"https:\/\/dev.tg4.ie\/ga\/eolas\/preas\/nuacht-raitis\/2018-2\/rol-ag-tg4-i-bhforbairt-na-dramaiochta-gaeilge-esslemont\/#primaryimage","url":"https:\/\/tg4-docs.s3.amazonaws.com\/tg4-redesign-2015\/wp-content\/uploads\/2018\/04\/Alan_Esslemont-TG4.jpg","contentUrl":"https:\/\/tg4-docs.s3.amazonaws.com\/tg4-redesign-2015\/wp-content\/uploads\/2018\/04\/Alan_Esslemont-TG4.jpg","width":1920,"height":1080,"caption":"Alan Esslemont TG4"},{"@type":"BreadcrumbList","@id":"https:\/\/dev.tg4.ie\/ga\/eolas\/preas\/nuacht-raitis\/2018-2\/rol-ag-tg4-i-bhforbairt-na-dramaiochta-gaeilge-esslemont\/#breadcrumb","itemListElement":[{"@type":"ListItem","position":1,"name":"Home","item":"https:\/\/dev.tg4.ie\/ga\/"},{"@type":"ListItem","position":2,"name":"Eolas","item":"https:\/\/dev.tg4.ie\/ga\/eolas\/"},{"@type":"ListItem","position":3,"name":"Preas","item":"https:\/\/dev.tg4.ie\/ga\/eolas\/preas\/"},{"@type":"ListItem","position":4,"name":"Nuacht R\u00e1itis","item":"https:\/\/dev.tg4.ie\/ga\/eolas\/preas\/nuacht-raitis\/"},{"@type":"ListItem","position":5,"name":"2018","item":"https:\/\/dev.tg4.ie\/ga\/eolas\/preas\/nuacht-raitis\/2018-2\/"},{"@type":"ListItem","position":6,"name":"R\u00f3l ag TG4 i bhforbairt na Dr\u00e1ma\u00edochta Gaeilge \u2013 Esslemont"}]},{"@type":"WebSite","@id":"https:\/\/dev.tg4.ie\/en\/#website","url":"https:\/\/dev.tg4.ie\/en\/","name":"TG4","description":"S\u00fail Eile","potentialAction":[{"@type":"SearchAction","target":{"@type":"EntryPoint","urlTemplate":"https:\/\/dev.tg4.ie\/en\/?s={search_term_string}"},"query-input":"required name=search_term_string"}],"inLanguage":"ga"}]}},"_links":{"self":[{"href":"https:\/\/dev.tg4.ie\/ga\/wp-json\/wp\/v2\/pages\/82178"}],"collection":[{"href":"https:\/\/dev.tg4.ie\/ga\/wp-json\/wp\/v2\/pages"}],"about":[{"href":"https:\/\/dev.tg4.ie\/ga\/wp-json\/wp\/v2\/types\/page"}],"author":[{"embeddable":true,"href":"https:\/\/dev.tg4.ie\/ga\/wp-json\/wp\/v2\/users\/876"}],"replies":[{"embeddable":true,"href":"https:\/\/dev.tg4.ie\/ga\/wp-json\/wp\/v2\/comments?post=82178"}],"version-history":[{"count":0,"href":"https:\/\/dev.tg4.ie\/ga\/wp-json\/wp\/v2\/pages\/82178\/revisions"}],"up":[{"embeddable":true,"href":"https:\/\/dev.tg4.ie\/ga\/wp-json\/wp\/v2\/pages\/72849"}],"wp:featuredmedia":[{"embeddable":true,"href":"https:\/\/dev.tg4.ie\/ga\/wp-json\/wp\/v2\/media\/82214"}],"wp:attachment":[{"href":"https:\/\/dev.tg4.ie\/ga\/wp-json\/wp\/v2\/media?parent=82178"}],"curies":[{"name":"wp","href":"https:\/\/api.w.org\/{rel}","templated":true}]}}