{"id":82308,"date":"2018-05-01T12:42:06","date_gmt":"2018-05-01T11:42:06","guid":{"rendered":"https:\/\/dev.tg4.ie\/?page_id=82308"},"modified":"2019-07-01T10:45:46","modified_gmt":"2019-07-01T09:45:46","slug":"techfeile-2018","status":"publish","type":"page","link":"https:\/\/dev.tg4.ie\/ga\/eolas\/preas\/nuacht-raitis\/2018-2\/techfeile-2018\/","title":{"rendered":"TECHF\u00c9ILE 2018"},"content":{"rendered":"<p>Ghlac \u00f3s cionn 200 dalta Gaelscoileanna agus Scoileanna Gaeltachta p\u00e1irt sa gc\u00e9ad TechF\u00e9ile a bh\u00ed ar si\u00fal sa Limerick School of Art &amp; Design ar an Aoine 27 Aibre\u00e1n.<\/p>\n<p>Is \u00f3c\u00e1id \u00ed Techf\u00e9ile a d\u2019eascair \u00f3n chl\u00e1r TechSpace, at\u00e1 \u00e1 rith ag Camara Ireland i gcomhar leis an Roinn Cult\u00fair, Oidhreachta agus Gaeltachta agus \u00e9 mar aidhm leis an chrutha\u00edocht agus an teicneola\u00edocht a spreagadh i measc scol\u00e1ir\u00ed \u00f3ga Gaeltachta agus Gaelscoile.\u00a0 Eagra\u00edodh TechF\u00e9ile i gcomhar le Roinn Cult\u00fair, Oidhreachta agus Gaeltachta agus TG4 mar chuid d\u2019imeachta\u00ed Bhliain na Gaeilge.<\/p>\n<p>Ar an l\u00e1, cuireadh b\u00e9im ar s\u00e1robair na ndaoine \u00f3ga at\u00e1 ag glacadh p\u00e1irt i gCl\u00e1r TechSpace. Ag eir\u00ed as an mana, Samhlaigh \u2013 Cruthaigh \u2013 Spreag, bh\u00ed b\u00e9im ins na ceardlann ar r\u00e9ims\u00ed na me\u00e1n chumars\u00e1ide agus na teicneola\u00edochta. I measc na gceardlanna Me\u00e1in, bh\u00ed Ceardlanna Aimsire le TG4, Tr\u00e1chtaireacht Sp\u00f3irt le Nemeton, Aisteoireacht le F\u00edb\u00edn, Athghuth\u00fa Cart\u00fain le Telegael agus Iriseoireacht F\u00edse le Nuacht TG4. Cuireadh b\u00e9im freisin cheardlanna Teicneola\u00edochta, ina measc Cruth\u00fa Ciorcaid le Moonfish, C\u00f3d\u00fa ar iPad le Gr\u00e1tek, cruth\u00fa Holograms agus d\u00fashl\u00e1n innealt\u00f3ireachta le Lego Camps. Tugadh taispe\u00e1ntais ar an l\u00e1 freisin do na daoine \u00f3ga ar ghn\u00e9ithe mar VR agus Oculus Rift a thriail chomh maith le priont\u00e1il 3D.\u00a0 Bh\u00ed ceol bhre\u00e1 ag an \u00f3c\u00e1id freisin \u00f3n mbanna ceoil KILA agus \u00f3 bhanna ceoil TOGRA \u00f3 Phobalscoil Chorca Dhuibhne.<\/p>\n<p>T\u00e1 an cl\u00e1r TechSpace \u00e1 rith le 3 bhliana faoi sc\u00e1th na Roinne Cult\u00fair, Oidhreachta agus Gaeltachta.\u00a0<a href=\"https:\/\/www.techspace.ie\/clartechspace\" target=\"_blank\" rel=\"noopener noreferrer\"><span style=\"color: black;\">https:\/\/www.techspace.ie\/clartechspace<\/span><\/a><\/p>\n<p>Deir Alan Esslemont, Ardsti\u00farth\u00f3ir TG4, gur <i>&#8220;cuid l\u00e1rnach de strait\u00e9is TG4 \u00ed tac\u00fa le talann nua a fhorbairt agus an chrutha\u00edocht a spreagadh i measc an \u00f3ige.\u00a0 Is togra iontach \u00ed TechSpace a thugann taca\u00edocht le scileanna sa gcrutha\u00edocht, agus sa chumars\u00e1id a fhorbairt leis an aos \u00f3g.\u00a0 C\u00e1 bhfios n\u00e1 go mbeidh cuid acu seo at\u00e1 ag glacadh p\u00e1irte inniu ag forbairt togra\u00ed do TG4 amach anseo.&#8221;<\/i><\/p>\n<p>D\u00fairt an tAire St\u00e1it don Ghaeilge, don Ghaeltacht agus do na hOile\u00e1in, Joe McHugh, T.D., <i>&#8220;T\u00e1 an-luach\u00e1ir orm go bhfuil an \u00f3c\u00e1id seo, \u00f3c\u00e1id TechF\u00e9ile 2018, de chuid Cl\u00e1r TechSpace at\u00e1 \u00e1 mhaoini\u00fa ag mo Roinn \u00e1 rith don ch\u00e9ad uair i mbliana.\u00a0 Is iontach an t\u00e1bhacht agus an deis at\u00e1 ag baint le TechF\u00e9ile 2018 sa bhealach go dtugann an togra deis don aos \u00f3g a gcuid samhla\u00edochta agus cruthaitheachta a fhorbairt agus an Ghaeilge a chur ar thaispe\u00e1ntas. T\u00e1 an-chuid cumhacht ag an teicneola\u00edocht in\u00e1r saol laeth\u00fail agus taispe\u00e1nann s\u00e9 seo an suim at\u00e1 ag d\u00e9ag\u00f3ir\u00ed i gc\u00farsa\u00ed teicneola\u00edochta agus iad go m\u00f3r ina gcompord sa r\u00e9 dhigiteach ina maireann muid inniu.\u00a0 Mar sin cuireann s\u00e9 r\u00edm\u00e9ad orm go bhfuil an togra seo ag dul i bhfeidhm go m\u00f3r ar an aos \u00f3g agus an Ghaeilge \u00e1 chur ar chomhch\u00e9im leis an mB\u00e9arla sa saol digiteach.&#8221;<\/i><\/p>\n","protected":false},"excerpt":{"rendered":"<p>Ghlac \u00f3s cionn 200 dalta Gaelscoileanna agus Scoileanna Gaeltachta p\u00e1irt sa gc\u00e9ad TechF\u00e9ile a bh\u00ed ar si\u00fal sa Limerick School of Art &amp; Design ar an Aoine 27 Aibre\u00e1n. Is \u00f3c\u00e1id \u00ed Techf\u00e9ile a d\u2019eascair \u00f3n chl\u00e1r TechSpace, at\u00e1 \u00e1 rith ag Camara Ireland i gcomhar leis an Roinn Cult\u00fair, Oidhreachta agus Gaeltachta agus \u00e9 [&hellip;]<\/p>\n","protected":false},"author":876,"featured_media":82337,"parent":72849,"menu_order":16,"comment_status":"closed","ping_status":"closed","template":"page-templates\/template-pr.php","meta":{"_acf_changed":false,"footnotes":""},"acf":[],"yoast_head":"<!-- This site is optimized with the Yoast SEO plugin v22.6 - https:\/\/yoast.com\/wordpress\/plugins\/seo\/ -->\n<title>TECHF\u00c9ILE 2018 - TG4<\/title>\n<meta name=\"robots\" content=\"index, follow, max-snippet:-1, max-image-preview:large, max-video-preview:-1\" \/>\n<meta property=\"og:locale\" content=\"en_US\" \/>\n<meta property=\"og:type\" content=\"article\" \/>\n<meta property=\"og:title\" content=\"TECHF\u00c9ILE 2018 - TG4\" \/>\n<meta property=\"og:description\" content=\"Ghlac \u00f3s cionn 200 dalta Gaelscoileanna agus Scoileanna Gaeltachta p\u00e1irt sa gc\u00e9ad TechF\u00e9ile a bh\u00ed ar si\u00fal sa Limerick School of Art &amp; Design ar an Aoine 27 Aibre\u00e1n. Is \u00f3c\u00e1id \u00ed Techf\u00e9ile a d\u2019eascair \u00f3n chl\u00e1r TechSpace, at\u00e1 \u00e1 rith ag Camara Ireland i gcomhar leis an Roinn Cult\u00fair, Oidhreachta agus Gaeltachta agus \u00e9 [&hellip;]\" \/>\n<meta property=\"og:url\" content=\"https:\/\/dev.tg4.ie\/ga\/eolas\/preas\/nuacht-raitis\/2018-2\/techfeile-2018\/\" \/>\n<meta property=\"og:site_name\" content=\"TG4\" \/>\n<meta property=\"article:publisher\" content=\"https:\/\/www.facebook.com\/TG4TV\" \/>\n<meta property=\"article:modified_time\" content=\"2019-07-01T09:45:46+00:00\" \/>\n<meta property=\"og:image\" content=\"https:\/\/tg4-docs.s3.amazonaws.com\/tg4-redesign-2015\/wp-content\/uploads\/2018\/05\/TechFeile_4.jpg\" \/>\n\t<meta property=\"og:image:width\" content=\"1920\" \/>\n\t<meta property=\"og:image:height\" content=\"1080\" \/>\n\t<meta property=\"og:image:type\" content=\"image\/jpeg\" \/>\n<meta name=\"twitter:card\" content=\"summary_large_image\" \/>\n<meta name=\"twitter:site\" content=\"@TG4TV\" \/>\n<meta name=\"twitter:label1\" content=\"Est. reading time\" \/>\n\t<meta name=\"twitter:data1\" content=\"3 minutes\" \/>\n<script type=\"application\/ld+json\" class=\"yoast-schema-graph\">{\"@context\":\"https:\/\/schema.org\",\"@graph\":[{\"@type\":\"WebPage\",\"@id\":\"https:\/\/dev.tg4.ie\/ga\/eolas\/preas\/nuacht-raitis\/2018-2\/techfeile-2018\/\",\"url\":\"https:\/\/dev.tg4.ie\/ga\/eolas\/preas\/nuacht-raitis\/2018-2\/techfeile-2018\/\",\"name\":\"TECHF\u00c9ILE 2018 - TG4\",\"isPartOf\":{\"@id\":\"https:\/\/dev.tg4.ie\/en\/#website\"},\"primaryImageOfPage\":{\"@id\":\"https:\/\/dev.tg4.ie\/ga\/eolas\/preas\/nuacht-raitis\/2018-2\/techfeile-2018\/#primaryimage\"},\"image\":{\"@id\":\"https:\/\/dev.tg4.ie\/ga\/eolas\/preas\/nuacht-raitis\/2018-2\/techfeile-2018\/#primaryimage\"},\"thumbnailUrl\":\"https:\/\/tg4-docs.s3.amazonaws.com\/tg4-redesign-2015\/wp-content\/uploads\/2018\/05\/TechFeile_4.jpg\",\"datePublished\":\"2018-05-01T11:42:06+00:00\",\"dateModified\":\"2019-07-01T09:45:46+00:00\",\"breadcrumb\":{\"@id\":\"https:\/\/dev.tg4.ie\/ga\/eolas\/preas\/nuacht-raitis\/2018-2\/techfeile-2018\/#breadcrumb\"},\"inLanguage\":\"ga\",\"potentialAction\":[{\"@type\":\"ReadAction\",\"target\":[\"https:\/\/dev.tg4.ie\/ga\/eolas\/preas\/nuacht-raitis\/2018-2\/techfeile-2018\/\"]}]},{\"@type\":\"ImageObject\",\"inLanguage\":\"ga\",\"@id\":\"https:\/\/dev.tg4.ie\/ga\/eolas\/preas\/nuacht-raitis\/2018-2\/techfeile-2018\/#primaryimage\",\"url\":\"https:\/\/tg4-docs.s3.amazonaws.com\/tg4-redesign-2015\/wp-content\/uploads\/2018\/05\/TechFeile_4.jpg\",\"contentUrl\":\"https:\/\/tg4-docs.s3.amazonaws.com\/tg4-redesign-2015\/wp-content\/uploads\/2018\/05\/TechFeile_4.jpg\",\"width\":1920,\"height\":1080,\"caption\":\"TechFeile 4\"},{\"@type\":\"BreadcrumbList\",\"@id\":\"https:\/\/dev.tg4.ie\/ga\/eolas\/preas\/nuacht-raitis\/2018-2\/techfeile-2018\/#breadcrumb\",\"itemListElement\":[{\"@type\":\"ListItem\",\"position\":1,\"name\":\"Home\",\"item\":\"https:\/\/dev.tg4.ie\/ga\/\"},{\"@type\":\"ListItem\",\"position\":2,\"name\":\"Eolas\",\"item\":\"https:\/\/dev.tg4.ie\/ga\/eolas\/\"},{\"@type\":\"ListItem\",\"position\":3,\"name\":\"Preas\",\"item\":\"https:\/\/dev.tg4.ie\/ga\/eolas\/preas\/\"},{\"@type\":\"ListItem\",\"position\":4,\"name\":\"Nuacht R\u00e1itis\",\"item\":\"https:\/\/dev.tg4.ie\/ga\/eolas\/preas\/nuacht-raitis\/\"},{\"@type\":\"ListItem\",\"position\":5,\"name\":\"2018\",\"item\":\"https:\/\/dev.tg4.ie\/ga\/eolas\/preas\/nuacht-raitis\/2018-2\/\"},{\"@type\":\"ListItem\",\"position\":6,\"name\":\"TECHF\u00c9ILE 2018\"}]},{\"@type\":\"WebSite\",\"@id\":\"https:\/\/dev.tg4.ie\/en\/#website\",\"url\":\"https:\/\/dev.tg4.ie\/en\/\",\"name\":\"TG4\",\"description\":\"S\u00fail Eile\",\"potentialAction\":[{\"@type\":\"SearchAction\",\"target\":{\"@type\":\"EntryPoint\",\"urlTemplate\":\"https:\/\/dev.tg4.ie\/en\/?s={search_term_string}\"},\"query-input\":\"required name=search_term_string\"}],\"inLanguage\":\"ga\"}]}<\/script>\n<!-- \/ Yoast SEO plugin. -->","yoast_head_json":{"title":"TECHF\u00c9ILE 2018 - TG4","robots":{"index":"index","follow":"follow","max-snippet":"max-snippet:-1","max-image-preview":"max-image-preview:large","max-video-preview":"max-video-preview:-1"},"og_locale":"en_US","og_type":"article","og_title":"TECHF\u00c9ILE 2018 - TG4","og_description":"Ghlac \u00f3s cionn 200 dalta Gaelscoileanna agus Scoileanna Gaeltachta p\u00e1irt sa gc\u00e9ad TechF\u00e9ile a bh\u00ed ar si\u00fal sa Limerick School of Art &amp; Design ar an Aoine 27 Aibre\u00e1n. Is \u00f3c\u00e1id \u00ed Techf\u00e9ile a d\u2019eascair \u00f3n chl\u00e1r TechSpace, at\u00e1 \u00e1 rith ag Camara Ireland i gcomhar leis an Roinn Cult\u00fair, Oidhreachta agus Gaeltachta agus \u00e9 [&hellip;]","og_url":"https:\/\/dev.tg4.ie\/ga\/eolas\/preas\/nuacht-raitis\/2018-2\/techfeile-2018\/","og_site_name":"TG4","article_publisher":"https:\/\/www.facebook.com\/TG4TV","article_modified_time":"2019-07-01T09:45:46+00:00","og_image":[{"width":1920,"height":1080,"url":"https:\/\/tg4-docs.s3.amazonaws.com\/tg4-redesign-2015\/wp-content\/uploads\/2018\/05\/TechFeile_4.jpg","type":"image\/jpeg"}],"twitter_card":"summary_large_image","twitter_site":"@TG4TV","twitter_misc":{"Est. reading time":"3 minutes"},"schema":{"@context":"https:\/\/schema.org","@graph":[{"@type":"WebPage","@id":"https:\/\/dev.tg4.ie\/ga\/eolas\/preas\/nuacht-raitis\/2018-2\/techfeile-2018\/","url":"https:\/\/dev.tg4.ie\/ga\/eolas\/preas\/nuacht-raitis\/2018-2\/techfeile-2018\/","name":"TECHF\u00c9ILE 2018 - TG4","isPartOf":{"@id":"https:\/\/dev.tg4.ie\/en\/#website"},"primaryImageOfPage":{"@id":"https:\/\/dev.tg4.ie\/ga\/eolas\/preas\/nuacht-raitis\/2018-2\/techfeile-2018\/#primaryimage"},"image":{"@id":"https:\/\/dev.tg4.ie\/ga\/eolas\/preas\/nuacht-raitis\/2018-2\/techfeile-2018\/#primaryimage"},"thumbnailUrl":"https:\/\/tg4-docs.s3.amazonaws.com\/tg4-redesign-2015\/wp-content\/uploads\/2018\/05\/TechFeile_4.jpg","datePublished":"2018-05-01T11:42:06+00:00","dateModified":"2019-07-01T09:45:46+00:00","breadcrumb":{"@id":"https:\/\/dev.tg4.ie\/ga\/eolas\/preas\/nuacht-raitis\/2018-2\/techfeile-2018\/#breadcrumb"},"inLanguage":"ga","potentialAction":[{"@type":"ReadAction","target":["https:\/\/dev.tg4.ie\/ga\/eolas\/preas\/nuacht-raitis\/2018-2\/techfeile-2018\/"]}]},{"@type":"ImageObject","inLanguage":"ga","@id":"https:\/\/dev.tg4.ie\/ga\/eolas\/preas\/nuacht-raitis\/2018-2\/techfeile-2018\/#primaryimage","url":"https:\/\/tg4-docs.s3.amazonaws.com\/tg4-redesign-2015\/wp-content\/uploads\/2018\/05\/TechFeile_4.jpg","contentUrl":"https:\/\/tg4-docs.s3.amazonaws.com\/tg4-redesign-2015\/wp-content\/uploads\/2018\/05\/TechFeile_4.jpg","width":1920,"height":1080,"caption":"TechFeile 4"},{"@type":"BreadcrumbList","@id":"https:\/\/dev.tg4.ie\/ga\/eolas\/preas\/nuacht-raitis\/2018-2\/techfeile-2018\/#breadcrumb","itemListElement":[{"@type":"ListItem","position":1,"name":"Home","item":"https:\/\/dev.tg4.ie\/ga\/"},{"@type":"ListItem","position":2,"name":"Eolas","item":"https:\/\/dev.tg4.ie\/ga\/eolas\/"},{"@type":"ListItem","position":3,"name":"Preas","item":"https:\/\/dev.tg4.ie\/ga\/eolas\/preas\/"},{"@type":"ListItem","position":4,"name":"Nuacht R\u00e1itis","item":"https:\/\/dev.tg4.ie\/ga\/eolas\/preas\/nuacht-raitis\/"},{"@type":"ListItem","position":5,"name":"2018","item":"https:\/\/dev.tg4.ie\/ga\/eolas\/preas\/nuacht-raitis\/2018-2\/"},{"@type":"ListItem","position":6,"name":"TECHF\u00c9ILE 2018"}]},{"@type":"WebSite","@id":"https:\/\/dev.tg4.ie\/en\/#website","url":"https:\/\/dev.tg4.ie\/en\/","name":"TG4","description":"S\u00fail Eile","potentialAction":[{"@type":"SearchAction","target":{"@type":"EntryPoint","urlTemplate":"https:\/\/dev.tg4.ie\/en\/?s={search_term_string}"},"query-input":"required name=search_term_string"}],"inLanguage":"ga"}]}},"_links":{"self":[{"href":"https:\/\/dev.tg4.ie\/ga\/wp-json\/wp\/v2\/pages\/82308"}],"collection":[{"href":"https:\/\/dev.tg4.ie\/ga\/wp-json\/wp\/v2\/pages"}],"about":[{"href":"https:\/\/dev.tg4.ie\/ga\/wp-json\/wp\/v2\/types\/page"}],"author":[{"embeddable":true,"href":"https:\/\/dev.tg4.ie\/ga\/wp-json\/wp\/v2\/users\/876"}],"replies":[{"embeddable":true,"href":"https:\/\/dev.tg4.ie\/ga\/wp-json\/wp\/v2\/comments?post=82308"}],"version-history":[{"count":0,"href":"https:\/\/dev.tg4.ie\/ga\/wp-json\/wp\/v2\/pages\/82308\/revisions"}],"up":[{"embeddable":true,"href":"https:\/\/dev.tg4.ie\/ga\/wp-json\/wp\/v2\/pages\/72849"}],"wp:featuredmedia":[{"embeddable":true,"href":"https:\/\/dev.tg4.ie\/ga\/wp-json\/wp\/v2\/media\/82337"}],"wp:attachment":[{"href":"https:\/\/dev.tg4.ie\/ga\/wp-json\/wp\/v2\/media?parent=82308"}],"curies":[{"name":"wp","href":"https:\/\/api.w.org\/{rel}","templated":true}]}}