{"id":82443,"date":"2018-05-02T17:11:13","date_gmt":"2018-05-02T16:11:13","guid":{"rendered":"https:\/\/dev.tg4.ie\/?page_id=82443"},"modified":"2019-07-01T10:47:13","modified_gmt":"2019-07-01T09:47:13","slug":"dha-dhuais-buaite-ag-claracha-tg4-ag-feile-na-meain-cheilteach","status":"publish","type":"page","link":"https:\/\/dev.tg4.ie\/ga\/eolas\/preas\/nuacht-raitis\/2018-2\/dha-dhuais-buaite-ag-claracha-tg4-ag-feile-na-meain-cheilteach\/","title":{"rendered":"Dh\u00e1 dhuais buaite ag cl\u00e1racha TG4 ag F\u00e9ile na Me\u00e1in Cheilteach"},"content":{"rendered":"<p>Bronnadh an Torc don cl\u00e1r beochana ar <strong>An B\u00e9al Bocht<\/strong> agus thug <strong>Rocky Ros Muc<\/strong> leis duais na gcl\u00e1r sp\u00f3irt.<\/p>\n<p>Eagra\u00edtear F\u00e9ile na Me\u00e1n Ceilteach gach bliain in ionad \u00e9ags\u00fail sna cr\u00edocha Ceilteacha. Cuirtear iontr\u00e1lacha sna duais-rann\u00f3ga \u00e9ags\u00fala faoi bhr\u00e1id gi\u00fair\u00e9 n\u00e1isi\u00fanta ina dt\u00edr f\u00e9in ar dt\u00fas.\u00a0 Roghna\u00edtear an scoth astu sin le dul san ioma\u00edocht sa gcom\u00f3rtas idirn\u00e1isi\u00fanta. I Llanelli sa Bhreatain Bheag at\u00e1 F\u00e9ile na bliana seo, an 39\u00fa ceann \u00f3 buna\u00edodh \u00ed.\u00a0 (<a href=\"http:\/\/www.celticmediafestival.co.uk\/\">www.celticmediafestival.co.uk<\/a>).<\/p>\n<p>Leagan beochana \u00e9 <strong>An B\u00e9al Bocht<\/strong> den aoir aitheanta le Myles na gCopaleen (Brian \u00d3 Nuall\u00e1in), an t-aon leabhar Gaeilge \u00f3na pheann agus an saothar is greannmhaire ar fad, uaidh, meastar. Sa mbliain 1941 a foils\u00edodh an bunsaothar, d\u00edrbheathaisn\u00e9is, mar dhea, \u00f3gfhir Ghaeltachta at\u00e1 i nG\u00e9ibheann Shligigh agus \u00e9 ag cuimhneamh siar ar a \u00f3ige i mbochtaineacht na tuaithe agus ar na foghlaimeoir\u00ed Gaeilge a thagadh ann sa samhradh. Seo anois \u00e9, curtha i l\u00e1thair den ch\u00e9ad uair don sc\u00e1ile\u00e1n agus sin d\u00e9anta go heala\u00edonta mar shaothar anam\u00falachta, an ch\u00e9ad iarracht sa bhform\u00e1id \u00e1irithe seo ag an sti\u00farth\u00f3ir aitheanta, Tom Collins.\u00a0L\u00e9iri\u00fa \u00e9 de chuid Raw Nerve Productions Limited a fuair maoini\u00fa \u00f3 TG4, \u00dadar\u00e1s Craolach\u00e1in na h\u00c9ireann agus \u00f3 Chiste Craolt\u00f3ireachta Gaeilge Thuaisceart \u00c9ireann.<\/p>\n<p>T\u00e1 an scann\u00e1n ar f\u00e1il anseo\u00a0<a href=\"https:\/\/dev.tg4.ie\/player\/baile\/?pid=5686543502001\" target=\"_blank\" rel=\"noopener noreferrer\">https:\/\/dev.tg4.ie\/player\/baile\/?pid=5686543502001<\/a><\/p>\n<p><strong>Picti\u00fair ar f\u00e1il anseo <\/strong><a href=\"https:\/\/flic.kr\/s\/aHskxdTwqZ\" target=\"_blank\" rel=\"noopener noreferrer\"><strong>https:\/\/flic.kr\/s\/aHskxdTwqZ<\/strong><\/a><\/p>\n<p>Is fadscann\u00e1n faisn\u00e9ise \u00e9 <strong>Rocky Ros Muc\u00a0<\/strong>\u00a0a ins\u00edonn sc\u00e9al She\u00e1in U\u00ed Mhainn\u00edn, an dorn\u00e1la\u00ed is iomr\u00e1it\u00ed riamh as Conamara, ach a chuims\u00edonn go leor gn\u00e9ithe eile d\u00e1 shaol le l\u00e9argas g\u00e9arch\u00faiseach a thabhairt ar raon leathan \u00e1bhar \u2013 imirce, cath\u00fa na coiri\u00falachta, an gr\u00e1 agus cumha an deora\u00ed i ndiaidh an bhaile. T\u00e1 an saothar seo bunaithe ar dhuais-leabhar R\u00f3n\u00e1in Mhic Con Iomaire den teideal c\u00e9anna. B\u00edodh gurbh as pobal iarg\u00falta Gaeltachta a f\u00e1isceadh \u00e9 agus go raibh c\u00farsa\u00ed eacnama\u00edochta in \u00c9irinn go dona agus \u00e9 ag teacht in inmhe in \u00c9irinn sna 1970\u00ed,\u00a0 thug a chumas sa dorn\u00e1la\u00edocht deiseanna go leor d\u00f3. T\u00e1 duaiseanna eile buaite ag an saothar seo, ina measc duais ag F\u00e9ile Scann\u00e1n \u00c9ireannach Bhost\u00fain agus ag Fleadh Scann\u00e1n na Gaillimhe. L\u00e9iri\u00fa \u00e9 de chuid Below the Radar Productions a fuair maoini\u00fa \u00f3 TG4, \u00f3 Bhord Scann\u00e1n na h\u00c9ireann, \u00f3 Chiste <em>Fuaim agus F\u00eds<\/em>, \u00dadar\u00e1s Craolach\u00e1in na h\u00c9ireann, \u00f3 Chiste Craolt\u00f3ireachta Gaeilge Thuaisceart \u00c9ireann agus \u00f3 MG Alba.<\/p>\n<p>T\u00e1 an scann\u00e1n ar f\u00e1il anseo <a href=\"https:\/\/dev.tg4.ie\/player\/baile\/?pid=5686749886001\" target=\"_blank\" rel=\"noopener noreferrer\">https:\/\/dev.tg4.ie\/player\/baile\/?pid=5686749886001<\/a><\/p>\n<p><strong>Picti\u00fair ar f\u00e1il anseo <\/strong><a href=\"https:\/\/flic.kr\/s\/aHsmjKpRkk\" target=\"_blank\" rel=\"noopener noreferrer\">https:\/\/flic.kr\/s\/aHsmjKpRkk<\/a><\/p>\n<p>Deir Ardsti\u00farth\u00f3ir TG4 Alan Esslemont, \u201c<em>Is m\u00f3r an t-ard\u00fa cro\u00ed d\u00fainn go bhfuil gradaim chomh haitheanta le Torc \u00f3n Fh\u00e9ile Cheilteach buaite ag <strong>An B\u00e9al Bocht<\/strong> agus ag <strong>Rocky Ros Muc<\/strong><\/em> <em>ag an bhf\u00e9ile seo, buaic na bliana do thionscal na teilif\u00edse in \u00c9irinn, Albain, An Bhriot\u00e1in, Corn na Breataine agus an Bhreatain Bheag.\u201d<\/em><\/p>\n","protected":false},"excerpt":{"rendered":"<p>Bronnadh an Torc don cl\u00e1r beochana ar An B\u00e9al Bocht agus thug Rocky Ros Muc leis duais na gcl\u00e1r sp\u00f3irt. Eagra\u00edtear F\u00e9ile na Me\u00e1n Ceilteach gach bliain in ionad \u00e9ags\u00fail sna cr\u00edocha Ceilteacha. Cuirtear iontr\u00e1lacha sna duais-rann\u00f3ga \u00e9ags\u00fala faoi bhr\u00e1id gi\u00fair\u00e9 n\u00e1isi\u00fanta ina dt\u00edr f\u00e9in ar dt\u00fas.\u00a0 Roghna\u00edtear an scoth astu sin le dul san [&hellip;]<\/p>\n","protected":false},"author":876,"featured_media":82446,"parent":72849,"menu_order":17,"comment_status":"closed","ping_status":"closed","template":"page-templates\/template-pr.php","meta":{"_acf_changed":false,"footnotes":""},"acf":[],"yoast_head":"<!-- This site is optimized with the Yoast SEO plugin v22.6 - https:\/\/yoast.com\/wordpress\/plugins\/seo\/ -->\n<title>Dh\u00e1 dhuais buaite ag cl\u00e1racha TG4 ag F\u00e9ile na Me\u00e1in Cheilteach - TG4<\/title>\n<meta name=\"robots\" content=\"index, follow, max-snippet:-1, max-image-preview:large, max-video-preview:-1\" \/>\n<meta property=\"og:locale\" content=\"en_US\" \/>\n<meta property=\"og:type\" content=\"article\" \/>\n<meta property=\"og:title\" content=\"Dh\u00e1 dhuais buaite ag cl\u00e1racha TG4 ag F\u00e9ile na Me\u00e1in Cheilteach - TG4\" \/>\n<meta property=\"og:description\" content=\"Bronnadh an Torc don cl\u00e1r beochana ar An B\u00e9al Bocht agus thug Rocky Ros Muc leis duais na gcl\u00e1r sp\u00f3irt. Eagra\u00edtear F\u00e9ile na Me\u00e1n Ceilteach gach bliain in ionad \u00e9ags\u00fail sna cr\u00edocha Ceilteacha. Cuirtear iontr\u00e1lacha sna duais-rann\u00f3ga \u00e9ags\u00fala faoi bhr\u00e1id gi\u00fair\u00e9 n\u00e1isi\u00fanta ina dt\u00edr f\u00e9in ar dt\u00fas.\u00a0 Roghna\u00edtear an scoth astu sin le dul san [&hellip;]\" \/>\n<meta property=\"og:url\" content=\"https:\/\/dev.tg4.ie\/ga\/eolas\/preas\/nuacht-raitis\/2018-2\/dha-dhuais-buaite-ag-claracha-tg4-ag-feile-na-meain-cheilteach\/\" \/>\n<meta property=\"og:site_name\" content=\"TG4\" \/>\n<meta property=\"article:publisher\" content=\"https:\/\/www.facebook.com\/TG4TV\" \/>\n<meta property=\"article:modified_time\" content=\"2019-07-01T09:47:13+00:00\" \/>\n<meta property=\"og:image\" content=\"https:\/\/tg4-docs.s3.amazonaws.com\/tg4-redesign-2015\/wp-content\/uploads\/2018\/05\/Celtic_Media_Festival_1920x1080.jpg\" \/>\n\t<meta property=\"og:image:width\" content=\"1920\" \/>\n\t<meta property=\"og:image:height\" content=\"1080\" \/>\n\t<meta property=\"og:image:type\" content=\"image\/jpeg\" \/>\n<meta name=\"twitter:card\" content=\"summary_large_image\" \/>\n<meta name=\"twitter:site\" content=\"@TG4TV\" \/>\n<meta name=\"twitter:label1\" content=\"Est. reading time\" \/>\n\t<meta name=\"twitter:data1\" content=\"3 minutes\" \/>\n<script type=\"application\/ld+json\" class=\"yoast-schema-graph\">{\"@context\":\"https:\/\/schema.org\",\"@graph\":[{\"@type\":\"WebPage\",\"@id\":\"https:\/\/dev.tg4.ie\/ga\/eolas\/preas\/nuacht-raitis\/2018-2\/dha-dhuais-buaite-ag-claracha-tg4-ag-feile-na-meain-cheilteach\/\",\"url\":\"https:\/\/dev.tg4.ie\/ga\/eolas\/preas\/nuacht-raitis\/2018-2\/dha-dhuais-buaite-ag-claracha-tg4-ag-feile-na-meain-cheilteach\/\",\"name\":\"Dh\u00e1 dhuais buaite ag cl\u00e1racha TG4 ag F\u00e9ile na Me\u00e1in Cheilteach - TG4\",\"isPartOf\":{\"@id\":\"https:\/\/dev.tg4.ie\/en\/#website\"},\"primaryImageOfPage\":{\"@id\":\"https:\/\/dev.tg4.ie\/ga\/eolas\/preas\/nuacht-raitis\/2018-2\/dha-dhuais-buaite-ag-claracha-tg4-ag-feile-na-meain-cheilteach\/#primaryimage\"},\"image\":{\"@id\":\"https:\/\/dev.tg4.ie\/ga\/eolas\/preas\/nuacht-raitis\/2018-2\/dha-dhuais-buaite-ag-claracha-tg4-ag-feile-na-meain-cheilteach\/#primaryimage\"},\"thumbnailUrl\":\"https:\/\/tg4-docs.s3.amazonaws.com\/tg4-redesign-2015\/wp-content\/uploads\/2018\/05\/Celtic_Media_Festival_1920x1080.jpg\",\"datePublished\":\"2018-05-02T16:11:13+00:00\",\"dateModified\":\"2019-07-01T09:47:13+00:00\",\"breadcrumb\":{\"@id\":\"https:\/\/dev.tg4.ie\/ga\/eolas\/preas\/nuacht-raitis\/2018-2\/dha-dhuais-buaite-ag-claracha-tg4-ag-feile-na-meain-cheilteach\/#breadcrumb\"},\"inLanguage\":\"ga\",\"potentialAction\":[{\"@type\":\"ReadAction\",\"target\":[\"https:\/\/dev.tg4.ie\/ga\/eolas\/preas\/nuacht-raitis\/2018-2\/dha-dhuais-buaite-ag-claracha-tg4-ag-feile-na-meain-cheilteach\/\"]}]},{\"@type\":\"ImageObject\",\"inLanguage\":\"ga\",\"@id\":\"https:\/\/dev.tg4.ie\/ga\/eolas\/preas\/nuacht-raitis\/2018-2\/dha-dhuais-buaite-ag-claracha-tg4-ag-feile-na-meain-cheilteach\/#primaryimage\",\"url\":\"https:\/\/tg4-docs.s3.amazonaws.com\/tg4-redesign-2015\/wp-content\/uploads\/2018\/05\/Celtic_Media_Festival_1920x1080.jpg\",\"contentUrl\":\"https:\/\/tg4-docs.s3.amazonaws.com\/tg4-redesign-2015\/wp-content\/uploads\/2018\/05\/Celtic_Media_Festival_1920x1080.jpg\",\"width\":1920,\"height\":1080,\"caption\":\"Celtic Media Festival 1920x1080\"},{\"@type\":\"BreadcrumbList\",\"@id\":\"https:\/\/dev.tg4.ie\/ga\/eolas\/preas\/nuacht-raitis\/2018-2\/dha-dhuais-buaite-ag-claracha-tg4-ag-feile-na-meain-cheilteach\/#breadcrumb\",\"itemListElement\":[{\"@type\":\"ListItem\",\"position\":1,\"name\":\"Home\",\"item\":\"https:\/\/dev.tg4.ie\/ga\/\"},{\"@type\":\"ListItem\",\"position\":2,\"name\":\"Eolas\",\"item\":\"https:\/\/dev.tg4.ie\/ga\/eolas\/\"},{\"@type\":\"ListItem\",\"position\":3,\"name\":\"Preas\",\"item\":\"https:\/\/dev.tg4.ie\/ga\/eolas\/preas\/\"},{\"@type\":\"ListItem\",\"position\":4,\"name\":\"Nuacht R\u00e1itis\",\"item\":\"https:\/\/dev.tg4.ie\/ga\/eolas\/preas\/nuacht-raitis\/\"},{\"@type\":\"ListItem\",\"position\":5,\"name\":\"2018\",\"item\":\"https:\/\/dev.tg4.ie\/ga\/eolas\/preas\/nuacht-raitis\/2018-2\/\"},{\"@type\":\"ListItem\",\"position\":6,\"name\":\"Dh\u00e1 dhuais buaite ag cl\u00e1racha TG4 ag F\u00e9ile na Me\u00e1in Cheilteach\"}]},{\"@type\":\"WebSite\",\"@id\":\"https:\/\/dev.tg4.ie\/en\/#website\",\"url\":\"https:\/\/dev.tg4.ie\/en\/\",\"name\":\"TG4\",\"description\":\"S\u00fail Eile\",\"potentialAction\":[{\"@type\":\"SearchAction\",\"target\":{\"@type\":\"EntryPoint\",\"urlTemplate\":\"https:\/\/dev.tg4.ie\/en\/?s={search_term_string}\"},\"query-input\":\"required name=search_term_string\"}],\"inLanguage\":\"ga\"}]}<\/script>\n<!-- \/ Yoast SEO plugin. -->","yoast_head_json":{"title":"Dh\u00e1 dhuais buaite ag cl\u00e1racha TG4 ag F\u00e9ile na Me\u00e1in Cheilteach - TG4","robots":{"index":"index","follow":"follow","max-snippet":"max-snippet:-1","max-image-preview":"max-image-preview:large","max-video-preview":"max-video-preview:-1"},"og_locale":"en_US","og_type":"article","og_title":"Dh\u00e1 dhuais buaite ag cl\u00e1racha TG4 ag F\u00e9ile na Me\u00e1in Cheilteach - TG4","og_description":"Bronnadh an Torc don cl\u00e1r beochana ar An B\u00e9al Bocht agus thug Rocky Ros Muc leis duais na gcl\u00e1r sp\u00f3irt. Eagra\u00edtear F\u00e9ile na Me\u00e1n Ceilteach gach bliain in ionad \u00e9ags\u00fail sna cr\u00edocha Ceilteacha. Cuirtear iontr\u00e1lacha sna duais-rann\u00f3ga \u00e9ags\u00fala faoi bhr\u00e1id gi\u00fair\u00e9 n\u00e1isi\u00fanta ina dt\u00edr f\u00e9in ar dt\u00fas.\u00a0 Roghna\u00edtear an scoth astu sin le dul san [&hellip;]","og_url":"https:\/\/dev.tg4.ie\/ga\/eolas\/preas\/nuacht-raitis\/2018-2\/dha-dhuais-buaite-ag-claracha-tg4-ag-feile-na-meain-cheilteach\/","og_site_name":"TG4","article_publisher":"https:\/\/www.facebook.com\/TG4TV","article_modified_time":"2019-07-01T09:47:13+00:00","og_image":[{"width":1920,"height":1080,"url":"https:\/\/tg4-docs.s3.amazonaws.com\/tg4-redesign-2015\/wp-content\/uploads\/2018\/05\/Celtic_Media_Festival_1920x1080.jpg","type":"image\/jpeg"}],"twitter_card":"summary_large_image","twitter_site":"@TG4TV","twitter_misc":{"Est. reading time":"3 minutes"},"schema":{"@context":"https:\/\/schema.org","@graph":[{"@type":"WebPage","@id":"https:\/\/dev.tg4.ie\/ga\/eolas\/preas\/nuacht-raitis\/2018-2\/dha-dhuais-buaite-ag-claracha-tg4-ag-feile-na-meain-cheilteach\/","url":"https:\/\/dev.tg4.ie\/ga\/eolas\/preas\/nuacht-raitis\/2018-2\/dha-dhuais-buaite-ag-claracha-tg4-ag-feile-na-meain-cheilteach\/","name":"Dh\u00e1 dhuais buaite ag cl\u00e1racha TG4 ag F\u00e9ile na Me\u00e1in Cheilteach - TG4","isPartOf":{"@id":"https:\/\/dev.tg4.ie\/en\/#website"},"primaryImageOfPage":{"@id":"https:\/\/dev.tg4.ie\/ga\/eolas\/preas\/nuacht-raitis\/2018-2\/dha-dhuais-buaite-ag-claracha-tg4-ag-feile-na-meain-cheilteach\/#primaryimage"},"image":{"@id":"https:\/\/dev.tg4.ie\/ga\/eolas\/preas\/nuacht-raitis\/2018-2\/dha-dhuais-buaite-ag-claracha-tg4-ag-feile-na-meain-cheilteach\/#primaryimage"},"thumbnailUrl":"https:\/\/tg4-docs.s3.amazonaws.com\/tg4-redesign-2015\/wp-content\/uploads\/2018\/05\/Celtic_Media_Festival_1920x1080.jpg","datePublished":"2018-05-02T16:11:13+00:00","dateModified":"2019-07-01T09:47:13+00:00","breadcrumb":{"@id":"https:\/\/dev.tg4.ie\/ga\/eolas\/preas\/nuacht-raitis\/2018-2\/dha-dhuais-buaite-ag-claracha-tg4-ag-feile-na-meain-cheilteach\/#breadcrumb"},"inLanguage":"ga","potentialAction":[{"@type":"ReadAction","target":["https:\/\/dev.tg4.ie\/ga\/eolas\/preas\/nuacht-raitis\/2018-2\/dha-dhuais-buaite-ag-claracha-tg4-ag-feile-na-meain-cheilteach\/"]}]},{"@type":"ImageObject","inLanguage":"ga","@id":"https:\/\/dev.tg4.ie\/ga\/eolas\/preas\/nuacht-raitis\/2018-2\/dha-dhuais-buaite-ag-claracha-tg4-ag-feile-na-meain-cheilteach\/#primaryimage","url":"https:\/\/tg4-docs.s3.amazonaws.com\/tg4-redesign-2015\/wp-content\/uploads\/2018\/05\/Celtic_Media_Festival_1920x1080.jpg","contentUrl":"https:\/\/tg4-docs.s3.amazonaws.com\/tg4-redesign-2015\/wp-content\/uploads\/2018\/05\/Celtic_Media_Festival_1920x1080.jpg","width":1920,"height":1080,"caption":"Celtic Media Festival 1920x1080"},{"@type":"BreadcrumbList","@id":"https:\/\/dev.tg4.ie\/ga\/eolas\/preas\/nuacht-raitis\/2018-2\/dha-dhuais-buaite-ag-claracha-tg4-ag-feile-na-meain-cheilteach\/#breadcrumb","itemListElement":[{"@type":"ListItem","position":1,"name":"Home","item":"https:\/\/dev.tg4.ie\/ga\/"},{"@type":"ListItem","position":2,"name":"Eolas","item":"https:\/\/dev.tg4.ie\/ga\/eolas\/"},{"@type":"ListItem","position":3,"name":"Preas","item":"https:\/\/dev.tg4.ie\/ga\/eolas\/preas\/"},{"@type":"ListItem","position":4,"name":"Nuacht R\u00e1itis","item":"https:\/\/dev.tg4.ie\/ga\/eolas\/preas\/nuacht-raitis\/"},{"@type":"ListItem","position":5,"name":"2018","item":"https:\/\/dev.tg4.ie\/ga\/eolas\/preas\/nuacht-raitis\/2018-2\/"},{"@type":"ListItem","position":6,"name":"Dh\u00e1 dhuais buaite ag cl\u00e1racha TG4 ag F\u00e9ile na Me\u00e1in Cheilteach"}]},{"@type":"WebSite","@id":"https:\/\/dev.tg4.ie\/en\/#website","url":"https:\/\/dev.tg4.ie\/en\/","name":"TG4","description":"S\u00fail Eile","potentialAction":[{"@type":"SearchAction","target":{"@type":"EntryPoint","urlTemplate":"https:\/\/dev.tg4.ie\/en\/?s={search_term_string}"},"query-input":"required name=search_term_string"}],"inLanguage":"ga"}]}},"_links":{"self":[{"href":"https:\/\/dev.tg4.ie\/ga\/wp-json\/wp\/v2\/pages\/82443"}],"collection":[{"href":"https:\/\/dev.tg4.ie\/ga\/wp-json\/wp\/v2\/pages"}],"about":[{"href":"https:\/\/dev.tg4.ie\/ga\/wp-json\/wp\/v2\/types\/page"}],"author":[{"embeddable":true,"href":"https:\/\/dev.tg4.ie\/ga\/wp-json\/wp\/v2\/users\/876"}],"replies":[{"embeddable":true,"href":"https:\/\/dev.tg4.ie\/ga\/wp-json\/wp\/v2\/comments?post=82443"}],"version-history":[{"count":0,"href":"https:\/\/dev.tg4.ie\/ga\/wp-json\/wp\/v2\/pages\/82443\/revisions"}],"up":[{"embeddable":true,"href":"https:\/\/dev.tg4.ie\/ga\/wp-json\/wp\/v2\/pages\/72849"}],"wp:featuredmedia":[{"embeddable":true,"href":"https:\/\/dev.tg4.ie\/ga\/wp-json\/wp\/v2\/media\/82446"}],"wp:attachment":[{"href":"https:\/\/dev.tg4.ie\/ga\/wp-json\/wp\/v2\/media?parent=82443"}],"curies":[{"name":"wp","href":"https:\/\/api.w.org\/{rel}","templated":true}]}}