{"id":82497,"date":"2018-05-04T12:18:42","date_gmt":"2018-05-04T11:18:42","guid":{"rendered":"https:\/\/dev.tg4.ie\/?page_id=82497"},"modified":"2019-07-01T11:17:29","modified_gmt":"2019-07-01T10:17:29","slug":"ildana-2018","status":"publish","type":"page","link":"https:\/\/dev.tg4.ie\/ga\/eolas\/preas\/nuacht-raitis\/2018-2\/ildana-2018\/","title":{"rendered":"ilD\u00c1NA 2018"},"content":{"rendered":"<p>Sc\u00e9im \u00ed ilD\u00c1NA a ceapadh chun cur le sceideal TG4 tr\u00ed thac\u00fa le d\u00e9anamh fadscann\u00e1n uaillmhianach faisn\u00e9ise Gaeilge ar na heala\u00edona. Cuirfidh na p\u00e1irtithe buis\u00e9ad \u20ac120k ar f\u00e1il don scann\u00e1n faisn\u00e9ise suntasach seo a chaithfidh tr\u00e9imhse sa phicti\u00farlann sula gcraolfar \u00e9 i bpr\u00edomh-am sceidil TG4.<\/p>\n<p>Ag seoladh an tionscnaimh d\u00fairt Pr\u00edomhfheidhmeannach \u00dadar\u00e1s Craolach\u00e1in na h\u00c9ireann (BAI) gur cusp\u00f3ir strait\u00e9iseach ag an \u00dadar\u00e1s &#8220;Cur leis an m\u00e9id \u00e1bhair Gaeilge ar ardchaighde\u00e1n at\u00e1 \u00e1 l\u00e9iri\u00fa agus ar f\u00e1il. Teasta\u00edonn comhph\u00e1irt\u00edochta\u00ed a bhun\u00fa chun sin a dh\u00e9anamh agus t\u00e1 r\u00edm\u00e9ad ar \u00dadar\u00e1s Craolach\u00e1in na h\u00c9ireann tac\u00fa le ilD\u00c1NA at\u00e1 d\u00edrithe ar nu\u00e1la\u00edocht agus cruthaitheacht i l\u00e9iri\u00fach\u00e1n cl\u00e1r&#8221;.<\/p>\n<p>Chuir Alan Esslemont, Ardsti\u00farth\u00f3ir TG4, f\u00e1ilte freisin roimh an bhforbairt \u201c<em>Is ioma\u00ed l\u00e9iri\u00fach\u00e1n iontach, a bhain gradaim amach, a maoin\u00edodh le sc\u00f3r bliain faoin sc\u00e9im Splanc! Cuireann TG4 f\u00e1ilte roimh an gcomhph\u00e1irt\u00edocht seo leis an gComhairle Eala\u00edon agus \u00dadar\u00e1s Craolach\u00e1in na h\u00c9ireann a chinnteoidh go mbeidh cl\u00e1ir faisn\u00e9ise eala\u00edon den ch\u00e9ad scoth f\u00f3s de dhl\u00fath agus d&#8217;inneach sceideal cl\u00e1racha TG4.<\/em><em>\u201d<\/em><\/p>\n<p>Ag f\u00e1ilti\u00fa roimh an gcomhph\u00e1irt\u00edocht nua d\u00fairt Fionnuala Sweeney, Ceann na Scann\u00e1n sa Chomhairle Eala\u00edon: \u201cT\u00e1imid an-s\u00e1sta go bhfuil an BAI tagtha i bp\u00e1irt linn ar an tionscnamh seo le TG4, tionscnamh a thugann an deis tabhairt faoi scann\u00e1in &#8216;eala\u00edne faoi eala\u00edn&#8217; do lucht f\u00e9achana sna picti\u00farlanna agus ar an teilif\u00eds&#8221;.<\/p>\n<p>N\u00ed m\u00f3r iarratais a dh\u00e9anamh chuig Ionad Scann\u00e1n na Gaillimhe tr\u00e1th nach d\u00e9ana\u00ed n\u00e1 <strong>17:00 D\u00e9ardaoin an 21 Meitheamh 2018.<\/strong><\/p>\n<h2>Treoirl\u00ednte ilD\u00c1NA 2018<\/h2>\n<p>D\u00e9anfaidh scann\u00e1in arna gcoimisi\u00fan\u00fa do ilD\u00c1NA cur s\u00edos beacht cruthaitheach ar an \u00e1bhar eala\u00edon at\u00e1 i gceist. D\u00e9anfar gach discipl\u00edn eala\u00edne a bhreithni\u00fa. Tabharfar tosa\u00edocht d&#8217;\u00e1bhair chomhaimseartha ach d&#8217;fh\u00e9adfadh go mbreithneofa\u00ed freisin l\u00e9iri\u00fa comhaimseartha ar shaothair\/\u00e1bhair stairi\u00fala. Cuirfear buis\u00e9ad suas le \u20ac120,000 ar f\u00e1il d&#8217;aon scann\u00e1n amh\u00e1in. Seolfar \u00e9 le taispe\u00e1ntas ar leith sa phicti\u00farlann agus beidh tr\u00e9imhse sa phicti\u00farlann i gceist sula gcraolfar \u00e9 le linn buaicam lucht f\u00e9achana ar TG4 in 2019.<\/p>\n<p>Ionad Scann\u00e1n na Gaillimhe agus TG4 a dh\u00e9anfaidh riaradh ar phr\u00f3iseas coimisi\u00fanaithe scann\u00e1in ilD\u00c1NA.\u00a0 Eiseoidh TG4 conartha\u00ed agus beidh feidhm le &#8216;T\u00e9arma\u00ed Tr\u00e1d\u00e1la&#8217; TG4.<\/p>\n<p>Ionadaithe \u00f3 TG4, \u00f3n gComhairle Eala\u00edon agus \u00f3 \u00dadar\u00e1s Craolach\u00e1in na h\u00c9ireann a dh\u00e9anfaidh an roghn\u00fa faoi sc\u00e9im ilD\u00c1NA.<\/p>\n<p><strong>Iarratais<\/strong><\/p>\n<p>N\u00ed m\u00f3r iarratais a dh\u00e9anamh chuig Ionad Scann\u00e1n na Gaillimhe tr\u00e1th nach d\u00e9ana\u00ed n\u00e1 <strong>17:00 D\u00e9ardaoin an 21 Meitheamh. <\/strong>N\u00ed ghlacfar le hiarratais neamhioml\u00e1na n\u00e1 d\u00e9anacha.<\/p>\n<p>Ba ch\u00f3ir aighneachta\u00ed a sheoladh ar r\u00edomhphost amh\u00e1in chuig <span><a href=\"mailto:ildana@galwayfilmcentre.ie\">ildana@galwayfilmcentre.ie<\/a><\/span><\/p>\n<ul>\n<li>Fad an scann\u00e1in: Scann\u00e1n fada<\/li>\n<li>Buis\u00e9ad L\u00e9iri\u00fach\u00e1in: Suas le \u20ac120,000 an scann\u00e1n.<\/li>\n<li>Form\u00e1id HD agus fotheidil Bh\u00e9arla air<\/li>\n<li>Teanga: Gaeilge n\u00f3 d\u00e1theangach<\/li>\n<\/ul>\n<p><strong>N\u00ed m\u00f3r na nithe seo a leanas a bheith san \u00e1ireamh in iarratais ar ilD\u00c1NA<\/strong><\/p>\n<ul>\n<li>Foirm choimisi\u00fanaithe chomhl\u00e1naite ilD\u00c1NA<\/li>\n<li>L\u00e9iri\u00fa mionsonraithe ar an togra<\/li>\n<li>Cur s\u00edos ar an gcur chuige cruthaitheach at\u00e1 beartaithe<\/li>\n<li>Strait\u00e9is lucht f\u00e9achana ina n-aithn\u00edtear lucht f\u00e9achana n\u00e1isi\u00fanta teilif\u00edse an scann\u00e1in m\u00f3ide aon phlean a bheadh ann do thaispe\u00e1ntas amharclainne (f\u00e9ile scann\u00e1n\/picti\u00farlann) m\u00e1s infheidhme<\/li>\n<li>Buis\u00e9ad l\u00e9iri\u00fach\u00e1in mionsonraithe agus achoimre buis\u00e9id<\/li>\n<\/ul>\n<p>(cead ceoil agus \u00e1bhair, \u00e1bhar insol\u00e1thartha agus marga\u00edochta san \u00e1ireamh)<\/p>\n<ul>\n<li>CVanna na foirne cruthaith\u00ed a bheidh p\u00e1irteach sa togra.\u00a0 An sti\u00farth\u00f3ir, l\u00e9iritheoir, scr\u00edbhneoir<\/li>\n<\/ul>\n<p>Eagarth\u00f3ir ina measc<\/p>\n<ul>\n<li>Fianaise ar \u00fain\u00e9ireacht, c\u00f3ipeanna de gach r\u00e9amhchonradh agus comhaont\u00fa scr\u00edbhneoir\u00ed san \u00e1ireamh maidir leis an sc\u00e9al agus an script, m\u00e1s infheidhme.<\/li>\n<li>Deimhni\u00fa i scr\u00edbhinn i bhfoirm imr\u00e9itigh agus ceada, m\u00e1s infheidhme, go bhfuil an pr\u00edomhphearsa is \u00fadar don scann\u00e1n toilteanach a bheith p\u00e1irteach<\/li>\n<li>Tr\u00ed shliocht\/shampla d&#8217;obair an sti\u00farth\u00f3ra (n\u00ed sp\u00f3l taispe\u00e1na) chun bonn eolais a chur faoin togra<\/li>\n<li>Aon \u00e1bhar taca\u00edochta \u00e1bhartha chun bonn eolais a chur faoi chur chuige cruthaitheach an togra<\/li>\n<\/ul>\n<p>Is mian le TG4, An Chomhairle Eala\u00edon agus an BAI:<\/p>\n<ul>\n<li>fosta\u00edocht lucht d\u00e9anta scann\u00e1n a bh\u00edonn ag obair tr\u00ed Ghaeilge a spreagadh;<\/li>\n<li>comhionannas inscne \u00f3 thaobh rannph\u00e1irt\u00edochta agus an pearsanra l\u00e9iri\u00fach\u00e1in;<\/li>\n<li>\u00e9il\u00edonn coinn\u00edollacha agus luach saothair c\u00f3ir d&#8217;eala\u00edont\u00f3ir\u00ed a mbeidh baint acu le d\u00e9anamh scann\u00e1in ilD\u00c1NA.<\/li>\n<\/ul>\n<p><strong>Roghn\u00fa<\/strong><\/p>\n<p>Roghn\u00f3far scann\u00e1in ilD\u00c1NA bunaithe ar:<\/p>\n<ul>\n<li>fh\u00eds chruthaitheach an iarratas\u00f3ra agus a chur chuige\/a cur chuige cruthaitheach i leith an \u00e1bhair bheartaithe<\/li>\n<li>ind\u00e9antacht an togra i gcomhth\u00e9acs chusp\u00f3ir ilD\u00c1NA<\/li>\n<li>a bhfuil d\u00e9anta go dt\u00ed seo ag an iarratas\u00f3ir<\/li>\n<li>a mh\u00e9id a chuireann an togra comhionannas inscne chun cinn \u00f3 thaobh rannph\u00e1irt\u00edochta agus an pearsanra l\u00e9iri\u00fach\u00e1in<\/li>\n<\/ul>\n<p>D&#8217;fh\u00e9adfadh maoini\u00fa breise (suas le \u20ac5K in aghaidh gach tionscadal a n-\u00e9ireoidh leis) a bheith ar f\u00e1il chun tac\u00fa le taispe\u00e1ntas amharclanna\u00edochta sa ch\u00e1s go moltar strait\u00e9is \u00e9ifeachtach lucht f\u00e9achana.<\/p>\n<p>Tabharfar cuireadh d&#8217;iarratas\u00f3ir\u00ed a bhainfidh an gearrliosta amach a dtogra a phl\u00e9 an tseachtain dar t\u00fas an 9 I\u00fail. TG4 a dh\u00e9anfaidh an d\u00e1mhachtain don tsraith agus beidh feidhm le gn\u00e1th-th\u00e9arma\u00ed coimisi\u00fanaithe sa chomhaont\u00fa l\u00e9iri\u00fach\u00e1in. T\u00e1thar ag s\u00fail tionscadail a bheith tugtha chun cr\u00edche agus ar f\u00e1il le craoladh ar TG4 in 2019.<\/p>\n<p><strong>Tuilleadh eolais<\/strong><\/p>\n<ul>\n<li>N\u00ed m\u00f3r d&#8217;iarratas\u00f3ir\u00ed gach oibleag\u00e1id reacht\u00fail iomchu\u00ed a chomhl\u00edonadh.<\/li>\n<li>Beidh gach conradh ag brath ar Dheimhni\u00fa Imr\u00e9itigh C\u00e1nach \u00f3 na Coimisin\u00e9ir\u00ed Ioncaim a chur ar f\u00e1il.<\/li>\n<li>N\u00ed m\u00f3r d&#8217;iarratas\u00f3ir\u00ed a thuiscint go bhf\u00e9adfa\u00ed an fhaisn\u00e9is a chuirtear ar f\u00e1il a nochtadh don phobal faoin Acht um Shaor\u00e1il Faisn\u00e9ise.<\/li>\n<li>N\u00ed ann do chomhaont\u00fa &#8211; n\u00e1 d&#8217;aon chine\u00e1l eile conartha &#8211; n\u00f3 go mbeidh conradh foirme\u00e1lta scr\u00edofa ag TG4 n\u00f3 thar a cheann.<\/li>\n<\/ul>\n","protected":false},"excerpt":{"rendered":"<p>Sc\u00e9im \u00ed ilD\u00c1NA a ceapadh chun cur le sceideal TG4 tr\u00ed thac\u00fa le d\u00e9anamh fadscann\u00e1n uaillmhianach faisn\u00e9ise Gaeilge ar na heala\u00edona. Cuirfidh na p\u00e1irtithe buis\u00e9ad \u20ac120k ar f\u00e1il don scann\u00e1n faisn\u00e9ise suntasach seo a chaithfidh tr\u00e9imhse sa phicti\u00farlann sula gcraolfar \u00e9 i bpr\u00edomh-am sceidil TG4. Ag seoladh an tionscnaimh d\u00fairt Pr\u00edomhfheidhmeannach \u00dadar\u00e1s Craolach\u00e1in na h\u00c9ireann [&hellip;]<\/p>\n","protected":false},"author":876,"featured_media":82501,"parent":72849,"menu_order":19,"comment_status":"closed","ping_status":"closed","template":"page-templates\/template-pr.php","meta":{"_acf_changed":false,"footnotes":""},"acf":[],"yoast_head":"<!-- This site is optimized with the Yoast SEO plugin v22.6 - https:\/\/yoast.com\/wordpress\/plugins\/seo\/ -->\n<title>ilD\u00c1NA 2018 | R\u00e1iteas Preas | 2018 | TG4 | Teilif\u00eds | S\u00fail Eile<\/title>\n<meta name=\"robots\" content=\"index, follow, max-snippet:-1, max-image-preview:large, max-video-preview:-1\" \/>\n<meta property=\"og:locale\" content=\"en_US\" \/>\n<meta property=\"og:type\" content=\"article\" \/>\n<meta property=\"og:title\" content=\"ilD\u00c1NA 2018 | R\u00e1iteas Preas | 2018 | TG4 | Teilif\u00eds | S\u00fail Eile\" \/>\n<meta property=\"og:description\" content=\"Sc\u00e9im \u00ed ilD\u00c1NA a ceapadh chun cur le sceideal TG4 tr\u00ed thac\u00fa le d\u00e9anamh fadscann\u00e1n uaillmhianach faisn\u00e9ise Gaeilge ar na heala\u00edona. Cuirfidh na p\u00e1irtithe buis\u00e9ad \u20ac120k ar f\u00e1il don scann\u00e1n faisn\u00e9ise suntasach seo a chaithfidh tr\u00e9imhse sa phicti\u00farlann sula gcraolfar \u00e9 i bpr\u00edomh-am sceidil TG4. Ag seoladh an tionscnaimh d\u00fairt Pr\u00edomhfheidhmeannach \u00dadar\u00e1s Craolach\u00e1in na h\u00c9ireann [&hellip;]\" \/>\n<meta property=\"og:url\" content=\"https:\/\/dev.tg4.ie\/ga\/eolas\/preas\/nuacht-raitis\/2018-2\/ildana-2018\/\" \/>\n<meta property=\"og:site_name\" content=\"TG4\" \/>\n<meta property=\"article:publisher\" content=\"https:\/\/www.facebook.com\/TG4TV\" \/>\n<meta property=\"article:modified_time\" content=\"2019-07-01T10:17:29+00:00\" \/>\n<meta property=\"og:image\" content=\"https:\/\/tg4-docs.s3.amazonaws.com\/tg4-redesign-2015\/wp-content\/uploads\/2018\/05\/ilD%C3%81NA-2018-1.jpg\" \/>\n\t<meta property=\"og:image:width\" content=\"1920\" \/>\n\t<meta property=\"og:image:height\" content=\"1080\" \/>\n\t<meta property=\"og:image:type\" content=\"image\/jpeg\" \/>\n<meta name=\"twitter:card\" content=\"summary_large_image\" \/>\n<meta name=\"twitter:site\" content=\"@TG4TV\" \/>\n<meta name=\"twitter:label1\" content=\"Est. reading time\" \/>\n\t<meta name=\"twitter:data1\" content=\"5 minutes\" \/>\n<script type=\"application\/ld+json\" class=\"yoast-schema-graph\">{\"@context\":\"https:\/\/schema.org\",\"@graph\":[{\"@type\":\"WebPage\",\"@id\":\"https:\/\/dev.tg4.ie\/ga\/eolas\/preas\/nuacht-raitis\/2018-2\/ildana-2018\/\",\"url\":\"https:\/\/dev.tg4.ie\/ga\/eolas\/preas\/nuacht-raitis\/2018-2\/ildana-2018\/\",\"name\":\"ilD\u00c1NA 2018 | R\u00e1iteas Preas | 2018 | TG4 | Teilif\u00eds | S\u00fail Eile\",\"isPartOf\":{\"@id\":\"https:\/\/dev.tg4.ie\/en\/#website\"},\"primaryImageOfPage\":{\"@id\":\"https:\/\/dev.tg4.ie\/ga\/eolas\/preas\/nuacht-raitis\/2018-2\/ildana-2018\/#primaryimage\"},\"image\":{\"@id\":\"https:\/\/dev.tg4.ie\/ga\/eolas\/preas\/nuacht-raitis\/2018-2\/ildana-2018\/#primaryimage\"},\"thumbnailUrl\":\"https:\/\/tg4-docs.s3.amazonaws.com\/tg4-redesign-2015\/wp-content\/uploads\/2018\/05\/ilD%C3%81NA-2018-1.jpg\",\"datePublished\":\"2018-05-04T11:18:42+00:00\",\"dateModified\":\"2019-07-01T10:17:29+00:00\",\"breadcrumb\":{\"@id\":\"https:\/\/dev.tg4.ie\/ga\/eolas\/preas\/nuacht-raitis\/2018-2\/ildana-2018\/#breadcrumb\"},\"inLanguage\":\"ga\",\"potentialAction\":[{\"@type\":\"ReadAction\",\"target\":[\"https:\/\/dev.tg4.ie\/ga\/eolas\/preas\/nuacht-raitis\/2018-2\/ildana-2018\/\"]}]},{\"@type\":\"ImageObject\",\"inLanguage\":\"ga\",\"@id\":\"https:\/\/dev.tg4.ie\/ga\/eolas\/preas\/nuacht-raitis\/2018-2\/ildana-2018\/#primaryimage\",\"url\":\"https:\/\/tg4-docs.s3.amazonaws.com\/tg4-redesign-2015\/wp-content\/uploads\/2018\/05\/ilD%C3%81NA-2018-1.jpg\",\"contentUrl\":\"https:\/\/tg4-docs.s3.amazonaws.com\/tg4-redesign-2015\/wp-content\/uploads\/2018\/05\/ilD%C3%81NA-2018-1.jpg\",\"width\":1920,\"height\":1080,\"caption\":\"Michael O\u2019Keefe- BAI, Proinsias N\u00ed Ghr\u00e1inne & Alan Esslemont \u2013 TG4\"},{\"@type\":\"BreadcrumbList\",\"@id\":\"https:\/\/dev.tg4.ie\/ga\/eolas\/preas\/nuacht-raitis\/2018-2\/ildana-2018\/#breadcrumb\",\"itemListElement\":[{\"@type\":\"ListItem\",\"position\":1,\"name\":\"Home\",\"item\":\"https:\/\/dev.tg4.ie\/ga\/\"},{\"@type\":\"ListItem\",\"position\":2,\"name\":\"Eolas\",\"item\":\"https:\/\/dev.tg4.ie\/ga\/eolas\/\"},{\"@type\":\"ListItem\",\"position\":3,\"name\":\"Preas\",\"item\":\"https:\/\/dev.tg4.ie\/ga\/eolas\/preas\/\"},{\"@type\":\"ListItem\",\"position\":4,\"name\":\"Nuacht R\u00e1itis\",\"item\":\"https:\/\/dev.tg4.ie\/ga\/eolas\/preas\/nuacht-raitis\/\"},{\"@type\":\"ListItem\",\"position\":5,\"name\":\"2018\",\"item\":\"https:\/\/dev.tg4.ie\/ga\/eolas\/preas\/nuacht-raitis\/2018-2\/\"},{\"@type\":\"ListItem\",\"position\":6,\"name\":\"ilD\u00c1NA 2018\"}]},{\"@type\":\"WebSite\",\"@id\":\"https:\/\/dev.tg4.ie\/en\/#website\",\"url\":\"https:\/\/dev.tg4.ie\/en\/\",\"name\":\"TG4\",\"description\":\"S\u00fail Eile\",\"potentialAction\":[{\"@type\":\"SearchAction\",\"target\":{\"@type\":\"EntryPoint\",\"urlTemplate\":\"https:\/\/dev.tg4.ie\/en\/?s={search_term_string}\"},\"query-input\":\"required name=search_term_string\"}],\"inLanguage\":\"ga\"}]}<\/script>\n<!-- \/ Yoast SEO plugin. -->","yoast_head_json":{"title":"ilD\u00c1NA 2018 | R\u00e1iteas Preas | 2018 | TG4 | Teilif\u00eds | S\u00fail Eile","robots":{"index":"index","follow":"follow","max-snippet":"max-snippet:-1","max-image-preview":"max-image-preview:large","max-video-preview":"max-video-preview:-1"},"og_locale":"en_US","og_type":"article","og_title":"ilD\u00c1NA 2018 | R\u00e1iteas Preas | 2018 | TG4 | Teilif\u00eds | S\u00fail Eile","og_description":"Sc\u00e9im \u00ed ilD\u00c1NA a ceapadh chun cur le sceideal TG4 tr\u00ed thac\u00fa le d\u00e9anamh fadscann\u00e1n uaillmhianach faisn\u00e9ise Gaeilge ar na heala\u00edona. Cuirfidh na p\u00e1irtithe buis\u00e9ad \u20ac120k ar f\u00e1il don scann\u00e1n faisn\u00e9ise suntasach seo a chaithfidh tr\u00e9imhse sa phicti\u00farlann sula gcraolfar \u00e9 i bpr\u00edomh-am sceidil TG4. Ag seoladh an tionscnaimh d\u00fairt Pr\u00edomhfheidhmeannach \u00dadar\u00e1s Craolach\u00e1in na h\u00c9ireann [&hellip;]","og_url":"https:\/\/dev.tg4.ie\/ga\/eolas\/preas\/nuacht-raitis\/2018-2\/ildana-2018\/","og_site_name":"TG4","article_publisher":"https:\/\/www.facebook.com\/TG4TV","article_modified_time":"2019-07-01T10:17:29+00:00","og_image":[{"width":1920,"height":1080,"url":"https:\/\/tg4-docs.s3.amazonaws.com\/tg4-redesign-2015\/wp-content\/uploads\/2018\/05\/ilD%C3%81NA-2018-1.jpg","type":"image\/jpeg"}],"twitter_card":"summary_large_image","twitter_site":"@TG4TV","twitter_misc":{"Est. reading time":"5 minutes"},"schema":{"@context":"https:\/\/schema.org","@graph":[{"@type":"WebPage","@id":"https:\/\/dev.tg4.ie\/ga\/eolas\/preas\/nuacht-raitis\/2018-2\/ildana-2018\/","url":"https:\/\/dev.tg4.ie\/ga\/eolas\/preas\/nuacht-raitis\/2018-2\/ildana-2018\/","name":"ilD\u00c1NA 2018 | R\u00e1iteas Preas | 2018 | TG4 | Teilif\u00eds | S\u00fail Eile","isPartOf":{"@id":"https:\/\/dev.tg4.ie\/en\/#website"},"primaryImageOfPage":{"@id":"https:\/\/dev.tg4.ie\/ga\/eolas\/preas\/nuacht-raitis\/2018-2\/ildana-2018\/#primaryimage"},"image":{"@id":"https:\/\/dev.tg4.ie\/ga\/eolas\/preas\/nuacht-raitis\/2018-2\/ildana-2018\/#primaryimage"},"thumbnailUrl":"https:\/\/tg4-docs.s3.amazonaws.com\/tg4-redesign-2015\/wp-content\/uploads\/2018\/05\/ilD%C3%81NA-2018-1.jpg","datePublished":"2018-05-04T11:18:42+00:00","dateModified":"2019-07-01T10:17:29+00:00","breadcrumb":{"@id":"https:\/\/dev.tg4.ie\/ga\/eolas\/preas\/nuacht-raitis\/2018-2\/ildana-2018\/#breadcrumb"},"inLanguage":"ga","potentialAction":[{"@type":"ReadAction","target":["https:\/\/dev.tg4.ie\/ga\/eolas\/preas\/nuacht-raitis\/2018-2\/ildana-2018\/"]}]},{"@type":"ImageObject","inLanguage":"ga","@id":"https:\/\/dev.tg4.ie\/ga\/eolas\/preas\/nuacht-raitis\/2018-2\/ildana-2018\/#primaryimage","url":"https:\/\/tg4-docs.s3.amazonaws.com\/tg4-redesign-2015\/wp-content\/uploads\/2018\/05\/ilD%C3%81NA-2018-1.jpg","contentUrl":"https:\/\/tg4-docs.s3.amazonaws.com\/tg4-redesign-2015\/wp-content\/uploads\/2018\/05\/ilD%C3%81NA-2018-1.jpg","width":1920,"height":1080,"caption":"Michael O\u2019Keefe- BAI, Proinsias N\u00ed Ghr\u00e1inne & Alan Esslemont \u2013 TG4"},{"@type":"BreadcrumbList","@id":"https:\/\/dev.tg4.ie\/ga\/eolas\/preas\/nuacht-raitis\/2018-2\/ildana-2018\/#breadcrumb","itemListElement":[{"@type":"ListItem","position":1,"name":"Home","item":"https:\/\/dev.tg4.ie\/ga\/"},{"@type":"ListItem","position":2,"name":"Eolas","item":"https:\/\/dev.tg4.ie\/ga\/eolas\/"},{"@type":"ListItem","position":3,"name":"Preas","item":"https:\/\/dev.tg4.ie\/ga\/eolas\/preas\/"},{"@type":"ListItem","position":4,"name":"Nuacht R\u00e1itis","item":"https:\/\/dev.tg4.ie\/ga\/eolas\/preas\/nuacht-raitis\/"},{"@type":"ListItem","position":5,"name":"2018","item":"https:\/\/dev.tg4.ie\/ga\/eolas\/preas\/nuacht-raitis\/2018-2\/"},{"@type":"ListItem","position":6,"name":"ilD\u00c1NA 2018"}]},{"@type":"WebSite","@id":"https:\/\/dev.tg4.ie\/en\/#website","url":"https:\/\/dev.tg4.ie\/en\/","name":"TG4","description":"S\u00fail Eile","potentialAction":[{"@type":"SearchAction","target":{"@type":"EntryPoint","urlTemplate":"https:\/\/dev.tg4.ie\/en\/?s={search_term_string}"},"query-input":"required name=search_term_string"}],"inLanguage":"ga"}]}},"_links":{"self":[{"href":"https:\/\/dev.tg4.ie\/ga\/wp-json\/wp\/v2\/pages\/82497"}],"collection":[{"href":"https:\/\/dev.tg4.ie\/ga\/wp-json\/wp\/v2\/pages"}],"about":[{"href":"https:\/\/dev.tg4.ie\/ga\/wp-json\/wp\/v2\/types\/page"}],"author":[{"embeddable":true,"href":"https:\/\/dev.tg4.ie\/ga\/wp-json\/wp\/v2\/users\/876"}],"replies":[{"embeddable":true,"href":"https:\/\/dev.tg4.ie\/ga\/wp-json\/wp\/v2\/comments?post=82497"}],"version-history":[{"count":0,"href":"https:\/\/dev.tg4.ie\/ga\/wp-json\/wp\/v2\/pages\/82497\/revisions"}],"up":[{"embeddable":true,"href":"https:\/\/dev.tg4.ie\/ga\/wp-json\/wp\/v2\/pages\/72849"}],"wp:featuredmedia":[{"embeddable":true,"href":"https:\/\/dev.tg4.ie\/ga\/wp-json\/wp\/v2\/media\/82501"}],"wp:attachment":[{"href":"https:\/\/dev.tg4.ie\/ga\/wp-json\/wp\/v2\/media?parent=82497"}],"curies":[{"name":"wp","href":"https:\/\/api.w.org\/{rel}","templated":true}]}}