{"id":82583,"date":"2018-05-04T18:47:32","date_gmt":"2018-05-04T17:47:32","guid":{"rendered":"https:\/\/dev.tg4.ie\/?page_id=82583"},"modified":"2019-07-01T11:22:20","modified_gmt":"2019-07-01T10:22:20","slug":"duais-eile-bronnta-ar-saothar-tg4-song-of-granite","status":"publish","type":"page","link":"https:\/\/dev.tg4.ie\/ga\/eolas\/preas\/nuacht-raitis\/2018-2\/duais-eile-bronnta-ar-saothar-tg4-song-of-granite\/","title":{"rendered":"Duais eile bronnta ar saothar TG4 &#8211; Song of Granite"},"content":{"rendered":"<p>Scann\u00e1n \u00e9 seo faoi shaol agus oidhreacht an fhonnad\u00f3ra <strong>Joe \u00c9inni\u00fa<\/strong>, a \u00e1ir\u00edtear ar dhuine de mh\u00e1istr\u00ed an tsean-n\u00f3is. F\u00e1isceadh as tobar an d\u00fachais \u00e9 in Iorras Aithneach in iarthar Ghaeltacht na Gaillimhe agus c\u00e9 gur sa gcontae sin agus i mBaile \u00c1tha Cliath a fuair s\u00e9 a chuid oideachais, n\u00ed fada gur ar imirce a bh\u00ed s\u00e9 agus is thar s\u00e1ile a chaith s\u00e9 an chuid eile d\u00e1 shaol, an chuid is m\u00f3 de i St\u00e1it Aontaithe Mheirice\u00e1. Agus \u00e9 ansin, thuill s\u00e9 cl\u00fa agus c\u00e1il agus c\u00e9 gur mhinic \u00e9 ar cuairt go h\u00c9irinn, mheas s\u00e9 f\u00e9in agus ghoill s\u00e9 air, gur sa t\u00edr thall is m\u00f3 a fuair a chuid amhr\u00e1na\u00edochta aitheantas agus gradaim.<\/p>\n<p>Duine cumasach casta ab ea Joe agus tugann an saothar seo, ina bhfuil dr\u00e1ma\u00edocht agus gn\u00e9ithe faisn\u00e9ise, l\u00e9argas tuisceanach f\u00edrinneach ar a sh\u00e1r-chumas mar amhr\u00e1na\u00ed agus mar sc\u00e9ala\u00ed agus ar a chuid du\u00e1ilc\u00ed freisin mar dhuine agus mar ph\u00e1irt\u00ed agus tuismitheoir.<\/p>\n<p>Orthu sin at\u00e1 p\u00e1irteach, t\u00e1 <strong>Macdara \u00d3 F\u00e1tharta, Miche\u00e1l \u00d3 Confhaola, Jaren Cerf, P\u00f3l \u00d3 Ceannabh\u00e1in<\/strong> agus <strong>Colm Seoighe<\/strong>. <strong>Pat Collins<\/strong> a sti\u00faraigh. Alan Maher, Jessie Fisk agus Martin Paul-Hus a l\u00e9irigh. L\u00e9ir\u00edodh an scann\u00e1n le taca\u00edocht na sc\u00e9ime at\u00e1 i bhfeidhm ag Rialtas na h\u00c9ireann do scann\u00e1in agus do dhr\u00e1ma\u00edocht teilif\u00edse faoi Alt 481, \u00f3n sc\u00e9im Fuaim &amp; F\u00eds ag \u00dadar\u00e1s Craolach\u00e1in na h\u00c9ireann agus \u00f3 chist\u00ed eile i gCeanada.<br \/>\nT\u00e1 an scann\u00e1n ar f\u00e1il anseo <a href=\"https:\/\/dev.tg4.ie\/player\/baile\/?pid=5761108024001\" target=\"_blank\" rel=\"noopener noreferrer\">https:\/\/dev.tg4.ie\/player\/baile\/?pid=5761108024001<\/a><\/p>\n<p>Deir eagarth\u00f3ir coimisi\u00fanaithe Proinsias N\u00ed Ghr\u00e1inne, \u201c<em>l\u00e9ir\u00edonn an duais seo an t\u00e1bhacht at\u00e1 le sc\u00e9imeanna cos\u00fail le Cine4 chun sc\u00e9alta agus tallann d\u00fachasach a fhorbairt. Tr\u00e9asla\u00edonn TG4 leis an bhfoireann cumasach ar fad a bh\u00ed ag pl\u00e9 leis an scann\u00e1n seo.\u201d<\/em><\/p>\n<ul>\n<li>Picti\u00fair ar f\u00e1il anseo <a href=\"https:\/\/flic.kr\/s\/aHsmiZ2NFQ\" target=\"_blank\" rel=\"noopener noreferrer\">https:\/\/flic.kr\/s\/aHsmiZ2NFQ<\/a><\/li>\n<li>Giota \u00f3n scann\u00e1n <a href=\"https:\/\/youtu.be\/LAghIrGvjAg\" target=\"_blank\" rel=\"noopener noreferrer\">https:\/\/youtu.be\/LAghIrGvjAg<\/a><\/li>\n<\/ul>\n","protected":false},"excerpt":{"rendered":"<p>Scann\u00e1n \u00e9 seo faoi shaol agus oidhreacht an fhonnad\u00f3ra Joe \u00c9inni\u00fa, a \u00e1ir\u00edtear ar dhuine de mh\u00e1istr\u00ed an tsean-n\u00f3is. F\u00e1isceadh as tobar an d\u00fachais \u00e9 in Iorras Aithneach in iarthar Ghaeltacht na Gaillimhe agus c\u00e9 gur sa gcontae sin agus i mBaile \u00c1tha Cliath a fuair s\u00e9 a chuid oideachais, n\u00ed fada gur ar imirce [&hellip;]<\/p>\n","protected":false},"author":876,"featured_media":80579,"parent":72849,"menu_order":20,"comment_status":"closed","ping_status":"closed","template":"page-templates\/template-pr.php","meta":{"_acf_changed":false,"footnotes":""},"acf":[],"yoast_head":"<!-- This site is optimized with the Yoast SEO plugin v22.6 - https:\/\/yoast.com\/wordpress\/plugins\/seo\/ -->\n<title>Duais eile bronnta ar saothar TG4 - Song of Granite - TG4<\/title>\n<meta name=\"robots\" content=\"index, follow, max-snippet:-1, max-image-preview:large, max-video-preview:-1\" \/>\n<meta property=\"og:locale\" content=\"en_US\" \/>\n<meta property=\"og:type\" content=\"article\" \/>\n<meta property=\"og:title\" content=\"Duais eile bronnta ar saothar TG4 - Song of Granite - TG4\" \/>\n<meta property=\"og:description\" content=\"Scann\u00e1n \u00e9 seo faoi shaol agus oidhreacht an fhonnad\u00f3ra Joe \u00c9inni\u00fa, a \u00e1ir\u00edtear ar dhuine de mh\u00e1istr\u00ed an tsean-n\u00f3is. F\u00e1isceadh as tobar an d\u00fachais \u00e9 in Iorras Aithneach in iarthar Ghaeltacht na Gaillimhe agus c\u00e9 gur sa gcontae sin agus i mBaile \u00c1tha Cliath a fuair s\u00e9 a chuid oideachais, n\u00ed fada gur ar imirce [&hellip;]\" \/>\n<meta property=\"og:url\" content=\"https:\/\/dev.tg4.ie\/ga\/eolas\/preas\/nuacht-raitis\/2018-2\/duais-eile-bronnta-ar-saothar-tg4-song-of-granite\/\" \/>\n<meta property=\"og:site_name\" content=\"TG4\" \/>\n<meta property=\"article:publisher\" content=\"https:\/\/www.facebook.com\/TG4TV\" \/>\n<meta property=\"article:modified_time\" content=\"2019-07-01T10:22:20+00:00\" \/>\n<meta property=\"og:image\" content=\"https:\/\/tg4-docs.s3.amazonaws.com\/tg4-redesign-2015\/wp-content\/uploads\/2018\/03\/songofgranite.jpg\" \/>\n\t<meta property=\"og:image:width\" content=\"1920\" \/>\n\t<meta property=\"og:image:height\" content=\"1080\" \/>\n\t<meta property=\"og:image:type\" content=\"image\/jpeg\" \/>\n<meta name=\"twitter:card\" content=\"summary_large_image\" \/>\n<meta name=\"twitter:site\" content=\"@TG4TV\" \/>\n<meta name=\"twitter:label1\" content=\"Est. reading time\" \/>\n\t<meta name=\"twitter:data1\" content=\"2 minutes\" \/>\n<script type=\"application\/ld+json\" class=\"yoast-schema-graph\">{\"@context\":\"https:\/\/schema.org\",\"@graph\":[{\"@type\":\"WebPage\",\"@id\":\"https:\/\/dev.tg4.ie\/ga\/eolas\/preas\/nuacht-raitis\/2018-2\/duais-eile-bronnta-ar-saothar-tg4-song-of-granite\/\",\"url\":\"https:\/\/dev.tg4.ie\/ga\/eolas\/preas\/nuacht-raitis\/2018-2\/duais-eile-bronnta-ar-saothar-tg4-song-of-granite\/\",\"name\":\"Duais eile bronnta ar saothar TG4 - Song of Granite - TG4\",\"isPartOf\":{\"@id\":\"https:\/\/dev.tg4.ie\/en\/#website\"},\"primaryImageOfPage\":{\"@id\":\"https:\/\/dev.tg4.ie\/ga\/eolas\/preas\/nuacht-raitis\/2018-2\/duais-eile-bronnta-ar-saothar-tg4-song-of-granite\/#primaryimage\"},\"image\":{\"@id\":\"https:\/\/dev.tg4.ie\/ga\/eolas\/preas\/nuacht-raitis\/2018-2\/duais-eile-bronnta-ar-saothar-tg4-song-of-granite\/#primaryimage\"},\"thumbnailUrl\":\"https:\/\/tg4-docs.s3.amazonaws.com\/tg4-redesign-2015\/wp-content\/uploads\/2018\/03\/songofgranite.jpg\",\"datePublished\":\"2018-05-04T17:47:32+00:00\",\"dateModified\":\"2019-07-01T10:22:20+00:00\",\"breadcrumb\":{\"@id\":\"https:\/\/dev.tg4.ie\/ga\/eolas\/preas\/nuacht-raitis\/2018-2\/duais-eile-bronnta-ar-saothar-tg4-song-of-granite\/#breadcrumb\"},\"inLanguage\":\"ga\",\"potentialAction\":[{\"@type\":\"ReadAction\",\"target\":[\"https:\/\/dev.tg4.ie\/ga\/eolas\/preas\/nuacht-raitis\/2018-2\/duais-eile-bronnta-ar-saothar-tg4-song-of-granite\/\"]}]},{\"@type\":\"ImageObject\",\"inLanguage\":\"ga\",\"@id\":\"https:\/\/dev.tg4.ie\/ga\/eolas\/preas\/nuacht-raitis\/2018-2\/duais-eile-bronnta-ar-saothar-tg4-song-of-granite\/#primaryimage\",\"url\":\"https:\/\/tg4-docs.s3.amazonaws.com\/tg4-redesign-2015\/wp-content\/uploads\/2018\/03\/songofgranite.jpg\",\"contentUrl\":\"https:\/\/tg4-docs.s3.amazonaws.com\/tg4-redesign-2015\/wp-content\/uploads\/2018\/03\/songofgranite.jpg\",\"width\":1920,\"height\":1080,\"caption\":\"Song Of Granite\"},{\"@type\":\"BreadcrumbList\",\"@id\":\"https:\/\/dev.tg4.ie\/ga\/eolas\/preas\/nuacht-raitis\/2018-2\/duais-eile-bronnta-ar-saothar-tg4-song-of-granite\/#breadcrumb\",\"itemListElement\":[{\"@type\":\"ListItem\",\"position\":1,\"name\":\"Home\",\"item\":\"https:\/\/dev.tg4.ie\/ga\/\"},{\"@type\":\"ListItem\",\"position\":2,\"name\":\"Eolas\",\"item\":\"https:\/\/dev.tg4.ie\/ga\/eolas\/\"},{\"@type\":\"ListItem\",\"position\":3,\"name\":\"Preas\",\"item\":\"https:\/\/dev.tg4.ie\/ga\/eolas\/preas\/\"},{\"@type\":\"ListItem\",\"position\":4,\"name\":\"Nuacht R\u00e1itis\",\"item\":\"https:\/\/dev.tg4.ie\/ga\/eolas\/preas\/nuacht-raitis\/\"},{\"@type\":\"ListItem\",\"position\":5,\"name\":\"2018\",\"item\":\"https:\/\/dev.tg4.ie\/ga\/eolas\/preas\/nuacht-raitis\/2018-2\/\"},{\"@type\":\"ListItem\",\"position\":6,\"name\":\"Duais eile bronnta ar saothar TG4 &#8211; Song of Granite\"}]},{\"@type\":\"WebSite\",\"@id\":\"https:\/\/dev.tg4.ie\/en\/#website\",\"url\":\"https:\/\/dev.tg4.ie\/en\/\",\"name\":\"TG4\",\"description\":\"S\u00fail Eile\",\"potentialAction\":[{\"@type\":\"SearchAction\",\"target\":{\"@type\":\"EntryPoint\",\"urlTemplate\":\"https:\/\/dev.tg4.ie\/en\/?s={search_term_string}\"},\"query-input\":\"required name=search_term_string\"}],\"inLanguage\":\"ga\"}]}<\/script>\n<!-- \/ Yoast SEO plugin. -->","yoast_head_json":{"title":"Duais eile bronnta ar saothar TG4 - Song of Granite - TG4","robots":{"index":"index","follow":"follow","max-snippet":"max-snippet:-1","max-image-preview":"max-image-preview:large","max-video-preview":"max-video-preview:-1"},"og_locale":"en_US","og_type":"article","og_title":"Duais eile bronnta ar saothar TG4 - Song of Granite - TG4","og_description":"Scann\u00e1n \u00e9 seo faoi shaol agus oidhreacht an fhonnad\u00f3ra Joe \u00c9inni\u00fa, a \u00e1ir\u00edtear ar dhuine de mh\u00e1istr\u00ed an tsean-n\u00f3is. F\u00e1isceadh as tobar an d\u00fachais \u00e9 in Iorras Aithneach in iarthar Ghaeltacht na Gaillimhe agus c\u00e9 gur sa gcontae sin agus i mBaile \u00c1tha Cliath a fuair s\u00e9 a chuid oideachais, n\u00ed fada gur ar imirce [&hellip;]","og_url":"https:\/\/dev.tg4.ie\/ga\/eolas\/preas\/nuacht-raitis\/2018-2\/duais-eile-bronnta-ar-saothar-tg4-song-of-granite\/","og_site_name":"TG4","article_publisher":"https:\/\/www.facebook.com\/TG4TV","article_modified_time":"2019-07-01T10:22:20+00:00","og_image":[{"width":1920,"height":1080,"url":"https:\/\/tg4-docs.s3.amazonaws.com\/tg4-redesign-2015\/wp-content\/uploads\/2018\/03\/songofgranite.jpg","type":"image\/jpeg"}],"twitter_card":"summary_large_image","twitter_site":"@TG4TV","twitter_misc":{"Est. reading time":"2 minutes"},"schema":{"@context":"https:\/\/schema.org","@graph":[{"@type":"WebPage","@id":"https:\/\/dev.tg4.ie\/ga\/eolas\/preas\/nuacht-raitis\/2018-2\/duais-eile-bronnta-ar-saothar-tg4-song-of-granite\/","url":"https:\/\/dev.tg4.ie\/ga\/eolas\/preas\/nuacht-raitis\/2018-2\/duais-eile-bronnta-ar-saothar-tg4-song-of-granite\/","name":"Duais eile bronnta ar saothar TG4 - Song of Granite - TG4","isPartOf":{"@id":"https:\/\/dev.tg4.ie\/en\/#website"},"primaryImageOfPage":{"@id":"https:\/\/dev.tg4.ie\/ga\/eolas\/preas\/nuacht-raitis\/2018-2\/duais-eile-bronnta-ar-saothar-tg4-song-of-granite\/#primaryimage"},"image":{"@id":"https:\/\/dev.tg4.ie\/ga\/eolas\/preas\/nuacht-raitis\/2018-2\/duais-eile-bronnta-ar-saothar-tg4-song-of-granite\/#primaryimage"},"thumbnailUrl":"https:\/\/tg4-docs.s3.amazonaws.com\/tg4-redesign-2015\/wp-content\/uploads\/2018\/03\/songofgranite.jpg","datePublished":"2018-05-04T17:47:32+00:00","dateModified":"2019-07-01T10:22:20+00:00","breadcrumb":{"@id":"https:\/\/dev.tg4.ie\/ga\/eolas\/preas\/nuacht-raitis\/2018-2\/duais-eile-bronnta-ar-saothar-tg4-song-of-granite\/#breadcrumb"},"inLanguage":"ga","potentialAction":[{"@type":"ReadAction","target":["https:\/\/dev.tg4.ie\/ga\/eolas\/preas\/nuacht-raitis\/2018-2\/duais-eile-bronnta-ar-saothar-tg4-song-of-granite\/"]}]},{"@type":"ImageObject","inLanguage":"ga","@id":"https:\/\/dev.tg4.ie\/ga\/eolas\/preas\/nuacht-raitis\/2018-2\/duais-eile-bronnta-ar-saothar-tg4-song-of-granite\/#primaryimage","url":"https:\/\/tg4-docs.s3.amazonaws.com\/tg4-redesign-2015\/wp-content\/uploads\/2018\/03\/songofgranite.jpg","contentUrl":"https:\/\/tg4-docs.s3.amazonaws.com\/tg4-redesign-2015\/wp-content\/uploads\/2018\/03\/songofgranite.jpg","width":1920,"height":1080,"caption":"Song Of Granite"},{"@type":"BreadcrumbList","@id":"https:\/\/dev.tg4.ie\/ga\/eolas\/preas\/nuacht-raitis\/2018-2\/duais-eile-bronnta-ar-saothar-tg4-song-of-granite\/#breadcrumb","itemListElement":[{"@type":"ListItem","position":1,"name":"Home","item":"https:\/\/dev.tg4.ie\/ga\/"},{"@type":"ListItem","position":2,"name":"Eolas","item":"https:\/\/dev.tg4.ie\/ga\/eolas\/"},{"@type":"ListItem","position":3,"name":"Preas","item":"https:\/\/dev.tg4.ie\/ga\/eolas\/preas\/"},{"@type":"ListItem","position":4,"name":"Nuacht R\u00e1itis","item":"https:\/\/dev.tg4.ie\/ga\/eolas\/preas\/nuacht-raitis\/"},{"@type":"ListItem","position":5,"name":"2018","item":"https:\/\/dev.tg4.ie\/ga\/eolas\/preas\/nuacht-raitis\/2018-2\/"},{"@type":"ListItem","position":6,"name":"Duais eile bronnta ar saothar TG4 &#8211; Song of Granite"}]},{"@type":"WebSite","@id":"https:\/\/dev.tg4.ie\/en\/#website","url":"https:\/\/dev.tg4.ie\/en\/","name":"TG4","description":"S\u00fail Eile","potentialAction":[{"@type":"SearchAction","target":{"@type":"EntryPoint","urlTemplate":"https:\/\/dev.tg4.ie\/en\/?s={search_term_string}"},"query-input":"required name=search_term_string"}],"inLanguage":"ga"}]}},"_links":{"self":[{"href":"https:\/\/dev.tg4.ie\/ga\/wp-json\/wp\/v2\/pages\/82583"}],"collection":[{"href":"https:\/\/dev.tg4.ie\/ga\/wp-json\/wp\/v2\/pages"}],"about":[{"href":"https:\/\/dev.tg4.ie\/ga\/wp-json\/wp\/v2\/types\/page"}],"author":[{"embeddable":true,"href":"https:\/\/dev.tg4.ie\/ga\/wp-json\/wp\/v2\/users\/876"}],"replies":[{"embeddable":true,"href":"https:\/\/dev.tg4.ie\/ga\/wp-json\/wp\/v2\/comments?post=82583"}],"version-history":[{"count":0,"href":"https:\/\/dev.tg4.ie\/ga\/wp-json\/wp\/v2\/pages\/82583\/revisions"}],"up":[{"embeddable":true,"href":"https:\/\/dev.tg4.ie\/ga\/wp-json\/wp\/v2\/pages\/72849"}],"wp:featuredmedia":[{"embeddable":true,"href":"https:\/\/dev.tg4.ie\/ga\/wp-json\/wp\/v2\/media\/80579"}],"wp:attachment":[{"href":"https:\/\/dev.tg4.ie\/ga\/wp-json\/wp\/v2\/media?parent=82583"}],"curies":[{"name":"wp","href":"https:\/\/api.w.org\/{rel}","templated":true}]}}