{"id":82785,"date":"2018-05-10T11:36:34","date_gmt":"2018-05-10T10:36:34","guid":{"rendered":"https:\/\/dev.tg4.ie\/?page_id=82785"},"modified":"2019-07-01T11:24:09","modified_gmt":"2019-07-01T10:24:09","slug":"11-ainmniuchan-ag-tg4-do-ghradaim-ifta-2018","status":"publish","type":"page","link":"https:\/\/dev.tg4.ie\/ga\/eolas\/preas\/nuacht-raitis\/2018-2\/11-ainmniuchan-ag-tg4-do-ghradaim-ifta-2018\/","title":{"rendered":"11 Ainmni\u00fach\u00e1n ag TG4 do Ghradaim IFTA 2018"},"content":{"rendered":"<p>I measc na n-ainmni\u00fach\u00e1n, t\u00e1 dh\u00e1 sraith do dhaoine \u00f3ga.\u00a0 Is iad sin <strong>Is Eola\u00ed M\u00e9<\/strong> &#8211; sraith spra\u00ed\u00fail eola\u00edochta \u00e1 chur i l\u00e1thair ag Peadar \u00d3 Goill agus \u00dana N\u00ed Fhlatharta agus <strong>Lurgan 2K17<\/strong> &#8211; sraith siamsa\u00edochta do dhaoine \u00f3ga ina dtaispe\u00e1ntar f\u00edse\u00e1in nua de chuid &#8216;TG Lurgan&#8217; agus ina gcuirtear aithne ar roinnt de na dalta\u00ed ardchumasacha a bh\u00edonn p\u00e1irteach iontu.<\/p>\n<p>Fuair <strong>\u00c9ire Fhi\u00e1in \u2013 An C\u00f3sta Thiar<\/strong> ainmni\u00fach\u00e1in sa gcatag\u00f3ir F\u00edorasach. Sraith speisialta ar fhiadh\u00falra suntasach na h\u00c9ireann \u00e1 cur i l\u00e1thair ag Eoin Warner.<\/p>\n<p>T\u00e1 dh\u00e1 ainmni\u00fach\u00e1n faighte ag <strong>Ros na R\u00fan<\/strong> sna catag\u00f3ir\u00ed Sobaldr\u00e1ma &amp; Cl\u00e1racha Gaeilge. T\u00e1 Ros na R\u00fan ar an sobaldr\u00e1ma is daonna agus is d\u00fachasa\u00ed ar an teilif\u00eds in \u00c9irinn, an t-aon sobalchl\u00e1r in \u00c9irinn a bhfuil rian na tuaithe air.<\/p>\n<p>T\u00e1 <strong>TG4XX Beo<\/strong> ainmnithe sa gcatag\u00f3ir Craoladh Beo. Ceolchoirm speisialta a craoladh beo \u00f3 l\u00e1ithreacha \u00e9ags\u00fala ar fud na t\u00edre le ceili\u00faradh a dh\u00e9anamh ar sc\u00f3r bliain de TG4. I measc na gceolt\u00f3ir\u00ed bh\u00ed Liam \u00d3 Maonla\u00ed, Le Galaxie &amp; Daith\u00ed, Banna Mh\u00e1irt\u00edn O&#8217;Connor, Sharon Shannon, Duke Special &amp; Ulaid, ProdiJIG, Muireann Nic Amhlaoibh &amp; Aeons.<\/p>\n<p>Ainmni\u00fach\u00e1n faighte freisin ag <strong>Hector Central <\/strong>sa rann\u00f3g F\u00edorasach. Is ar Mheirice\u00e1 L\u00e1ir a bh\u00ed a thriall sa tsraith nua, 8 gcl\u00e1r \u00f3 Chathair Panama go Cathair Belize agus \u00e9 ag lean\u00faint bh\u00f3thar an Pan-American Highway den chuid is m\u00f3.<\/p>\n<p>T\u00e1 an t-aisteoir <strong>Se\u00e1n McGinley<\/strong> ainmnithe d\u00e1 ph\u00e1irt i <strong>Fir Bolg <\/strong>agus t\u00e1 tr\u00ed ainmni\u00fach\u00e1n eile faighte ag cl\u00e1racha de chuid TG4 sa rann\u00f3g Cl\u00e1racha Gaeilge. Is iad sin <strong>Frank O\u2019Connor &#8211; Idir Dh\u00e1 Shruth<\/strong>, <strong>Rocky Ros Muc<\/strong> agus <strong>Fir Bolg<\/strong>. (T\u00e1 liosta ioml\u00e1n d\u2019ainmni\u00fach\u00e1in TG4 do Ghradaim IFTA ar f\u00e1il th\u00edos.)<\/p>\n<p>Is \u00e9 IFTA an duais-sc\u00e9im aitheanta do thionscal na scann\u00e1n agus na teilif\u00edse in \u00c9irinn. Pain\u00e9al saineolaithe \u00f3n tionscal anseo agus thar s\u00e1ile a roghna\u00edonn an saothar is fearr sna catag\u00f3ir\u00ed \u00e9ags\u00fala. Bronnfar na gradaim IFTA f\u00e9in ag \u00f3c\u00e1id ghal\u00e1nta an 31<sup>\u00fa<\/sup> Bealtaine i mbliana.<\/p>\n<p>Thr\u00e9aslaigh Ardsti\u00farth\u00f3ir TG4 Alan Esslemont, a gcuid ainmni\u00fach\u00e1n ar fad le l\u00e9iri\u00fach\u00e1in TG4 at\u00e1 ar an nGearrliosta IFTA.\u00a0D\u00fairt s\u00e9 gur cruth\u00fanas ar ardchaighde\u00e1n raon na gcl\u00e1r a bh\u00edonn ag TG4 \u00e9 an rogha seo.\u00a0 \u201c<em>Thuill TG4 aitheantas, ainmni\u00fach\u00e1in agus duaiseanna \u00f3 IFTA gach bliain \u00f3 buna\u00edodh an sc\u00e9im n\u00e1isi\u00fanta gradam seo,<\/em>\u201d a d\u00fairt s\u00e9. \u201c<em>T\u00e1imid an bhr\u00f3d\u00fail as an l\u00edon ainmni\u00fach\u00e1n a fuaireamar ar ghearrliosta na bliana seo, go h\u00e1irithe i r\u00e9imse na faisn\u00e9ise agus daoine \u00f3ga.\u00a0 Is m\u00f3r an s\u00e1samh d\u00fainn gurb iad \u00e1r gcomhghleacaithe gairmi\u00fala i dtionscal na teilif\u00edse agus na scann\u00e1n a rinne an roghn\u00fa,<\/em>\u201d\u00a0\u00a0 a d\u00fairt an tArdsti\u00farth\u00f3ir.<\/p>\n<h3>IFTA 2018\u00a0 &#8211; Ainmni\u00fach\u00e1in TG4<\/h3>\n<p><strong>F\u00edorasach <\/strong><\/p>\n<ul>\n<li><strong><em>Hector Central\u00a0\u00a0\u00a0 <\/em><\/strong>(L\u00e9iri\u00fa de chuid\u00a0 Good Company Productions)<\/li>\n<\/ul>\n<p><strong>Sraith faisn\u00e9ise<\/strong><\/p>\n<ul>\n<li><strong><em>\u00c9ire Fhi\u00e1in- An C\u00f3sta Thiar <\/em><\/strong>(L\u00e9iri\u00fa de chuid\u00a0\u00a0Crossing the Line)<\/li>\n<\/ul>\n<p><strong>Sobal dr\u00e1ma<\/strong><\/p>\n<ul>\n<li><strong><em>Ros na R\u00fan <\/em><\/strong>(L\u00e9iri\u00fa de chuid\u00a0 EO Teilif\u00eds &amp; Tyrone Productions)<\/li>\n<\/ul>\n<p><strong>Male Performance<\/strong><\/p>\n<ul>\n<li><strong><em>Sean McGinley, Fir Bolg <\/em><\/strong>(L\u00e9iri\u00fa de chuid\u00a0 Dearg Films)<\/li>\n<\/ul>\n<p><strong>Beo chraoladh<\/strong><\/p>\n<ul>\n<li><strong><em>TG4XX Beo <\/em><\/strong>(L\u00e9iri\u00fa de chuid\u00a0\u00a0Gifted Empire)<\/li>\n<\/ul>\n<p><strong>Daoine \u00d3ga<\/strong><\/p>\n<ul>\n<li><strong><em>Is Eola\u00ed M\u00e9 <\/em><\/strong>(L\u00e9iri\u00fa de chuid\u00a0\u00a0Meangadh F\u00edb\u00edn)<\/li>\n<li><strong><em>Lurgan 2K17 <\/em><\/strong>(L\u00e9iri\u00fa de chuid\u00a0Iris Productions)<\/li>\n<\/ul>\n<p><strong>Cl\u00e1racha Gaeilge<\/strong><\/p>\n<ul>\n<li><strong><em>Fir Bolg\u00a0\u00a0\u00a0\u00a0\u00a0\u00a0\u00a0\u00a0\u00a0\u00a0\u00a0\u00a0\u00a0\u00a0\u00a0\u00a0\u00a0\u00a0\u00a0\u00a0\u00a0\u00a0\u00a0\u00a0\u00a0\u00a0\u00a0\u00a0\u00a0\u00a0 <\/em><\/strong>(L\u00e9iri\u00fa de chuid\u00a0\u00a0 Dearg Films)<\/li>\n<li><strong><em>Frank O\u2019Connor- Idir Dh\u00e1 Shruth <\/em><\/strong>(L\u00e9iri\u00fa de chuid\u00a0 AnimoTV)<\/li>\n<li><strong><em>Rocky Ros Muc\u00a0\u00a0\u00a0\u00a0\u00a0\u00a0\u00a0\u00a0\u00a0\u00a0\u00a0\u00a0\u00a0\u00a0\u00a0 <\/em><\/strong>(L\u00e9iri\u00fa de chuid\u00a0\u00a0 Below the Radar)<\/li>\n<li><strong><em>Ros na R\u00fan\u00a0\u00a0\u00a0\u00a0\u00a0\u00a0\u00a0 \u00a0\u00a0\u00a0\u00a0\u00a0\u00a0\u00a0\u00a0\u00a0\u00a0\u00a0\u00a0\u00a0\u00a0\u00a0 \u00a0<\/em><\/strong>(L\u00e9iri\u00fa de chuid\u00a0 EO Teilif\u00eds &amp; Tyrone Productions )<\/li>\n<\/ul>\n","protected":false},"excerpt":{"rendered":"<p>I measc na n-ainmni\u00fach\u00e1n, t\u00e1 dh\u00e1 sraith do dhaoine \u00f3ga.\u00a0 Is iad sin Is Eola\u00ed M\u00e9 &#8211; sraith spra\u00ed\u00fail eola\u00edochta \u00e1 chur i l\u00e1thair ag Peadar \u00d3 Goill agus \u00dana N\u00ed Fhlatharta agus Lurgan 2K17 &#8211; sraith siamsa\u00edochta do dhaoine \u00f3ga ina dtaispe\u00e1ntar f\u00edse\u00e1in nua de chuid &#8216;TG Lurgan&#8217; agus ina gcuirtear aithne ar roinnt [&hellip;]<\/p>\n","protected":false},"author":876,"featured_media":82797,"parent":72849,"menu_order":21,"comment_status":"closed","ping_status":"closed","template":"page-templates\/template-pr.php","meta":{"_acf_changed":false,"footnotes":""},"acf":[],"yoast_head":"<!-- This site is optimized with the Yoast SEO plugin v22.6 - https:\/\/yoast.com\/wordpress\/plugins\/seo\/ -->\n<title>11 Ainmni\u00fach\u00e1n ag TG4 do Ghradaim IFTA 2018 - TG4<\/title>\n<meta name=\"robots\" content=\"index, follow, max-snippet:-1, max-image-preview:large, max-video-preview:-1\" \/>\n<meta property=\"og:locale\" content=\"en_US\" \/>\n<meta property=\"og:type\" content=\"article\" \/>\n<meta property=\"og:title\" content=\"11 Ainmni\u00fach\u00e1n ag TG4 do Ghradaim IFTA 2018 - TG4\" \/>\n<meta property=\"og:description\" content=\"I measc na n-ainmni\u00fach\u00e1n, t\u00e1 dh\u00e1 sraith do dhaoine \u00f3ga.\u00a0 Is iad sin Is Eola\u00ed M\u00e9 &#8211; sraith spra\u00ed\u00fail eola\u00edochta \u00e1 chur i l\u00e1thair ag Peadar \u00d3 Goill agus \u00dana N\u00ed Fhlatharta agus Lurgan 2K17 &#8211; sraith siamsa\u00edochta do dhaoine \u00f3ga ina dtaispe\u00e1ntar f\u00edse\u00e1in nua de chuid &#8216;TG Lurgan&#8217; agus ina gcuirtear aithne ar roinnt [&hellip;]\" \/>\n<meta property=\"og:url\" content=\"https:\/\/dev.tg4.ie\/ga\/eolas\/preas\/nuacht-raitis\/2018-2\/11-ainmniuchan-ag-tg4-do-ghradaim-ifta-2018\/\" \/>\n<meta property=\"og:site_name\" content=\"TG4\" \/>\n<meta property=\"article:publisher\" content=\"https:\/\/www.facebook.com\/TG4TV\" \/>\n<meta property=\"article:modified_time\" content=\"2019-07-01T10:24:09+00:00\" \/>\n<meta property=\"og:image\" content=\"https:\/\/tg4-docs.s3.amazonaws.com\/tg4-redesign-2015\/wp-content\/uploads\/2018\/05\/IFTA_2018_Ros_na_R%C3%BAn_agus_Fir_Bolg_.jpg\" \/>\n\t<meta property=\"og:image:width\" content=\"1920\" \/>\n\t<meta property=\"og:image:height\" content=\"1080\" \/>\n\t<meta property=\"og:image:type\" content=\"image\/jpeg\" \/>\n<meta name=\"twitter:card\" content=\"summary_large_image\" \/>\n<meta name=\"twitter:site\" content=\"@TG4TV\" \/>\n<meta name=\"twitter:label1\" content=\"Est. reading time\" \/>\n\t<meta name=\"twitter:data1\" content=\"3 minutes\" \/>\n<script type=\"application\/ld+json\" class=\"yoast-schema-graph\">{\"@context\":\"https:\/\/schema.org\",\"@graph\":[{\"@type\":\"WebPage\",\"@id\":\"https:\/\/dev.tg4.ie\/ga\/eolas\/preas\/nuacht-raitis\/2018-2\/11-ainmniuchan-ag-tg4-do-ghradaim-ifta-2018\/\",\"url\":\"https:\/\/dev.tg4.ie\/ga\/eolas\/preas\/nuacht-raitis\/2018-2\/11-ainmniuchan-ag-tg4-do-ghradaim-ifta-2018\/\",\"name\":\"11 Ainmni\u00fach\u00e1n ag TG4 do Ghradaim IFTA 2018 - TG4\",\"isPartOf\":{\"@id\":\"https:\/\/dev.tg4.ie\/en\/#website\"},\"primaryImageOfPage\":{\"@id\":\"https:\/\/dev.tg4.ie\/ga\/eolas\/preas\/nuacht-raitis\/2018-2\/11-ainmniuchan-ag-tg4-do-ghradaim-ifta-2018\/#primaryimage\"},\"image\":{\"@id\":\"https:\/\/dev.tg4.ie\/ga\/eolas\/preas\/nuacht-raitis\/2018-2\/11-ainmniuchan-ag-tg4-do-ghradaim-ifta-2018\/#primaryimage\"},\"thumbnailUrl\":\"https:\/\/tg4-docs.s3.amazonaws.com\/tg4-redesign-2015\/wp-content\/uploads\/2018\/05\/IFTA_2018_Ros_na_R%C3%BAn_agus_Fir_Bolg_.jpg\",\"datePublished\":\"2018-05-10T10:36:34+00:00\",\"dateModified\":\"2019-07-01T10:24:09+00:00\",\"breadcrumb\":{\"@id\":\"https:\/\/dev.tg4.ie\/ga\/eolas\/preas\/nuacht-raitis\/2018-2\/11-ainmniuchan-ag-tg4-do-ghradaim-ifta-2018\/#breadcrumb\"},\"inLanguage\":\"ga\",\"potentialAction\":[{\"@type\":\"ReadAction\",\"target\":[\"https:\/\/dev.tg4.ie\/ga\/eolas\/preas\/nuacht-raitis\/2018-2\/11-ainmniuchan-ag-tg4-do-ghradaim-ifta-2018\/\"]}]},{\"@type\":\"ImageObject\",\"inLanguage\":\"ga\",\"@id\":\"https:\/\/dev.tg4.ie\/ga\/eolas\/preas\/nuacht-raitis\/2018-2\/11-ainmniuchan-ag-tg4-do-ghradaim-ifta-2018\/#primaryimage\",\"url\":\"https:\/\/tg4-docs.s3.amazonaws.com\/tg4-redesign-2015\/wp-content\/uploads\/2018\/05\/IFTA_2018_Ros_na_R%C3%BAn_agus_Fir_Bolg_.jpg\",\"contentUrl\":\"https:\/\/tg4-docs.s3.amazonaws.com\/tg4-redesign-2015\/wp-content\/uploads\/2018\/05\/IFTA_2018_Ros_na_R%C3%BAn_agus_Fir_Bolg_.jpg\",\"width\":1920,\"height\":1080,\"caption\":\"IFTA 2018 - Ros na R\u00fan agus Fir Bolg_\"},{\"@type\":\"BreadcrumbList\",\"@id\":\"https:\/\/dev.tg4.ie\/ga\/eolas\/preas\/nuacht-raitis\/2018-2\/11-ainmniuchan-ag-tg4-do-ghradaim-ifta-2018\/#breadcrumb\",\"itemListElement\":[{\"@type\":\"ListItem\",\"position\":1,\"name\":\"Home\",\"item\":\"https:\/\/dev.tg4.ie\/ga\/\"},{\"@type\":\"ListItem\",\"position\":2,\"name\":\"Eolas\",\"item\":\"https:\/\/dev.tg4.ie\/ga\/eolas\/\"},{\"@type\":\"ListItem\",\"position\":3,\"name\":\"Preas\",\"item\":\"https:\/\/dev.tg4.ie\/ga\/eolas\/preas\/\"},{\"@type\":\"ListItem\",\"position\":4,\"name\":\"Nuacht R\u00e1itis\",\"item\":\"https:\/\/dev.tg4.ie\/ga\/eolas\/preas\/nuacht-raitis\/\"},{\"@type\":\"ListItem\",\"position\":5,\"name\":\"2018\",\"item\":\"https:\/\/dev.tg4.ie\/ga\/eolas\/preas\/nuacht-raitis\/2018-2\/\"},{\"@type\":\"ListItem\",\"position\":6,\"name\":\"11 Ainmni\u00fach\u00e1n ag TG4 do Ghradaim IFTA 2018\"}]},{\"@type\":\"WebSite\",\"@id\":\"https:\/\/dev.tg4.ie\/en\/#website\",\"url\":\"https:\/\/dev.tg4.ie\/en\/\",\"name\":\"TG4\",\"description\":\"S\u00fail Eile\",\"potentialAction\":[{\"@type\":\"SearchAction\",\"target\":{\"@type\":\"EntryPoint\",\"urlTemplate\":\"https:\/\/dev.tg4.ie\/en\/?s={search_term_string}\"},\"query-input\":\"required name=search_term_string\"}],\"inLanguage\":\"ga\"}]}<\/script>\n<!-- \/ Yoast SEO plugin. -->","yoast_head_json":{"title":"11 Ainmni\u00fach\u00e1n ag TG4 do Ghradaim IFTA 2018 - TG4","robots":{"index":"index","follow":"follow","max-snippet":"max-snippet:-1","max-image-preview":"max-image-preview:large","max-video-preview":"max-video-preview:-1"},"og_locale":"en_US","og_type":"article","og_title":"11 Ainmni\u00fach\u00e1n ag TG4 do Ghradaim IFTA 2018 - TG4","og_description":"I measc na n-ainmni\u00fach\u00e1n, t\u00e1 dh\u00e1 sraith do dhaoine \u00f3ga.\u00a0 Is iad sin Is Eola\u00ed M\u00e9 &#8211; sraith spra\u00ed\u00fail eola\u00edochta \u00e1 chur i l\u00e1thair ag Peadar \u00d3 Goill agus \u00dana N\u00ed Fhlatharta agus Lurgan 2K17 &#8211; sraith siamsa\u00edochta do dhaoine \u00f3ga ina dtaispe\u00e1ntar f\u00edse\u00e1in nua de chuid &#8216;TG Lurgan&#8217; agus ina gcuirtear aithne ar roinnt [&hellip;]","og_url":"https:\/\/dev.tg4.ie\/ga\/eolas\/preas\/nuacht-raitis\/2018-2\/11-ainmniuchan-ag-tg4-do-ghradaim-ifta-2018\/","og_site_name":"TG4","article_publisher":"https:\/\/www.facebook.com\/TG4TV","article_modified_time":"2019-07-01T10:24:09+00:00","og_image":[{"width":1920,"height":1080,"url":"https:\/\/tg4-docs.s3.amazonaws.com\/tg4-redesign-2015\/wp-content\/uploads\/2018\/05\/IFTA_2018_Ros_na_R%C3%BAn_agus_Fir_Bolg_.jpg","type":"image\/jpeg"}],"twitter_card":"summary_large_image","twitter_site":"@TG4TV","twitter_misc":{"Est. reading time":"3 minutes"},"schema":{"@context":"https:\/\/schema.org","@graph":[{"@type":"WebPage","@id":"https:\/\/dev.tg4.ie\/ga\/eolas\/preas\/nuacht-raitis\/2018-2\/11-ainmniuchan-ag-tg4-do-ghradaim-ifta-2018\/","url":"https:\/\/dev.tg4.ie\/ga\/eolas\/preas\/nuacht-raitis\/2018-2\/11-ainmniuchan-ag-tg4-do-ghradaim-ifta-2018\/","name":"11 Ainmni\u00fach\u00e1n ag TG4 do Ghradaim IFTA 2018 - TG4","isPartOf":{"@id":"https:\/\/dev.tg4.ie\/en\/#website"},"primaryImageOfPage":{"@id":"https:\/\/dev.tg4.ie\/ga\/eolas\/preas\/nuacht-raitis\/2018-2\/11-ainmniuchan-ag-tg4-do-ghradaim-ifta-2018\/#primaryimage"},"image":{"@id":"https:\/\/dev.tg4.ie\/ga\/eolas\/preas\/nuacht-raitis\/2018-2\/11-ainmniuchan-ag-tg4-do-ghradaim-ifta-2018\/#primaryimage"},"thumbnailUrl":"https:\/\/tg4-docs.s3.amazonaws.com\/tg4-redesign-2015\/wp-content\/uploads\/2018\/05\/IFTA_2018_Ros_na_R%C3%BAn_agus_Fir_Bolg_.jpg","datePublished":"2018-05-10T10:36:34+00:00","dateModified":"2019-07-01T10:24:09+00:00","breadcrumb":{"@id":"https:\/\/dev.tg4.ie\/ga\/eolas\/preas\/nuacht-raitis\/2018-2\/11-ainmniuchan-ag-tg4-do-ghradaim-ifta-2018\/#breadcrumb"},"inLanguage":"ga","potentialAction":[{"@type":"ReadAction","target":["https:\/\/dev.tg4.ie\/ga\/eolas\/preas\/nuacht-raitis\/2018-2\/11-ainmniuchan-ag-tg4-do-ghradaim-ifta-2018\/"]}]},{"@type":"ImageObject","inLanguage":"ga","@id":"https:\/\/dev.tg4.ie\/ga\/eolas\/preas\/nuacht-raitis\/2018-2\/11-ainmniuchan-ag-tg4-do-ghradaim-ifta-2018\/#primaryimage","url":"https:\/\/tg4-docs.s3.amazonaws.com\/tg4-redesign-2015\/wp-content\/uploads\/2018\/05\/IFTA_2018_Ros_na_R%C3%BAn_agus_Fir_Bolg_.jpg","contentUrl":"https:\/\/tg4-docs.s3.amazonaws.com\/tg4-redesign-2015\/wp-content\/uploads\/2018\/05\/IFTA_2018_Ros_na_R%C3%BAn_agus_Fir_Bolg_.jpg","width":1920,"height":1080,"caption":"IFTA 2018 - Ros na R\u00fan agus Fir Bolg_"},{"@type":"BreadcrumbList","@id":"https:\/\/dev.tg4.ie\/ga\/eolas\/preas\/nuacht-raitis\/2018-2\/11-ainmniuchan-ag-tg4-do-ghradaim-ifta-2018\/#breadcrumb","itemListElement":[{"@type":"ListItem","position":1,"name":"Home","item":"https:\/\/dev.tg4.ie\/ga\/"},{"@type":"ListItem","position":2,"name":"Eolas","item":"https:\/\/dev.tg4.ie\/ga\/eolas\/"},{"@type":"ListItem","position":3,"name":"Preas","item":"https:\/\/dev.tg4.ie\/ga\/eolas\/preas\/"},{"@type":"ListItem","position":4,"name":"Nuacht R\u00e1itis","item":"https:\/\/dev.tg4.ie\/ga\/eolas\/preas\/nuacht-raitis\/"},{"@type":"ListItem","position":5,"name":"2018","item":"https:\/\/dev.tg4.ie\/ga\/eolas\/preas\/nuacht-raitis\/2018-2\/"},{"@type":"ListItem","position":6,"name":"11 Ainmni\u00fach\u00e1n ag TG4 do Ghradaim IFTA 2018"}]},{"@type":"WebSite","@id":"https:\/\/dev.tg4.ie\/en\/#website","url":"https:\/\/dev.tg4.ie\/en\/","name":"TG4","description":"S\u00fail Eile","potentialAction":[{"@type":"SearchAction","target":{"@type":"EntryPoint","urlTemplate":"https:\/\/dev.tg4.ie\/en\/?s={search_term_string}"},"query-input":"required name=search_term_string"}],"inLanguage":"ga"}]}},"_links":{"self":[{"href":"https:\/\/dev.tg4.ie\/ga\/wp-json\/wp\/v2\/pages\/82785"}],"collection":[{"href":"https:\/\/dev.tg4.ie\/ga\/wp-json\/wp\/v2\/pages"}],"about":[{"href":"https:\/\/dev.tg4.ie\/ga\/wp-json\/wp\/v2\/types\/page"}],"author":[{"embeddable":true,"href":"https:\/\/dev.tg4.ie\/ga\/wp-json\/wp\/v2\/users\/876"}],"replies":[{"embeddable":true,"href":"https:\/\/dev.tg4.ie\/ga\/wp-json\/wp\/v2\/comments?post=82785"}],"version-history":[{"count":0,"href":"https:\/\/dev.tg4.ie\/ga\/wp-json\/wp\/v2\/pages\/82785\/revisions"}],"up":[{"embeddable":true,"href":"https:\/\/dev.tg4.ie\/ga\/wp-json\/wp\/v2\/pages\/72849"}],"wp:featuredmedia":[{"embeddable":true,"href":"https:\/\/dev.tg4.ie\/ga\/wp-json\/wp\/v2\/media\/82797"}],"wp:attachment":[{"href":"https:\/\/dev.tg4.ie\/ga\/wp-json\/wp\/v2\/media?parent=82785"}],"curies":[{"name":"wp","href":"https:\/\/api.w.org\/{rel}","templated":true}]}}