{"id":83706,"date":"2018-05-31T23:03:41","date_gmt":"2018-05-31T22:03:41","guid":{"rendered":"https:\/\/dev.tg4.ie\/?page_id=83706"},"modified":"2019-07-01T11:27:14","modified_gmt":"2019-07-01T10:27:14","slug":"dha-gradam-buaite-ag-tograi-tg4-ag-ifta-2018","status":"publish","type":"page","link":"https:\/\/dev.tg4.ie\/ga\/eolas\/preas\/nuacht-raitis\/2018-2\/dha-gradam-buaite-ag-tograi-tg4-ag-ifta-2018\/","title":{"rendered":"Dh\u00e1 Gradam Buaite ag Togra\u00ed TG4 ag IFTA 2018"},"content":{"rendered":"<p>Bh\u00ed dh\u00e1 n-ainmni\u00fach\u00e1n d\u00e9ag ag cl\u00e1ir agus pearsana de chuid TG4 ag na gradaim IFTA i mbliana.<\/p>\n<p>Thug <strong>TG4XX Beo<\/strong> leis an duais sa gcatag\u00f3ir <strong>Craoladh Beo<\/strong>. Ceolchoirm speisialta a craoladh beo \u00f3 l\u00e1ithreacha \u00e9ags\u00fala ar fud na t\u00edre le ceili\u00faradh a dh\u00e9anamh ar sc\u00f3r bliain de TG4. I measc na gceolt\u00f3ir\u00ed bh\u00ed Liam \u00d3 Maonla\u00ed, Le Galaxie &amp; Daith\u00ed, Banna Mh\u00e1irt\u00edn O&#8217;Connor, Sharon Shannon, Duke Special &amp; Ulaid, ProdiJIG, Muireann Nic Amhlaoibh &amp; Aeons. L\u00e9iri\u00fa le Gifted Empire.<\/p>\n<p>I rann\u00f3g <strong>Cl\u00e1racha Gaeilge<\/strong> is \u00e9 an sraithdhr\u00e1ma grinn <strong>Fir Bolg<\/strong> a bhuaigh. Sraith s\u00e9 chl\u00e1r ina bhfeictear go soil\u00e9ir nach naoimh iad lucht an cheoil agus gur ioma\u00ed sc\u00e9al ceilte a thagann chun solais nuair a thagann gr\u00fapa me\u00e1naosta le ch\u00e9ile tar \u00e9is blianta fada scartha. Anois agus iad ar shochraid a mbunaitheora, ritheann an smaoineamh le duine acu go bhfuil airgead le d\u00e9anamh ach an gr\u00fapa a thabhairt le ch\u00e9ile ar\u00eds agus ceolchoirm chlabhs\u00fair a eagr\u00fa. Dea-smaoineamh, b&#8217;fh\u00e9idir, ach is gearr go bhfuil c\u00fapla casadh sa sc\u00e9al agus \u00e9ileamh ar bhreis coirmeacha. Se\u00e1n McGinley sa pr\u00edomh ph\u00e1irt agus leis t\u00e1 Patrick Bergin, Don Wycherley, Aonghus McAnally, Peadar Cox, Paddy Courtney agus Stephen Rea. L\u00e9iri\u00fa le Dearg films.<\/p>\n<p>Is \u00e9 IFTA an duais-sc\u00e9im aitheanta do thionscal na scann\u00e1n agus na teilif\u00edse in \u00c9irinn. Pain\u00e9al saineolaithe \u00f3n tionscal anseo agus thar s\u00e1ile a roghna\u00edonn an saothar is fearr sna catag\u00f3ir\u00ed \u00e9ags\u00fala.<\/p>\n<p>Thr\u00e9aslaigh Ardsti\u00farth\u00f3ir TG4 Alan Esslemont, gcuid gradaim ar fad leis na buaiteoir\u00ed. D\u00fairt s\u00e9 gur cruth\u00fanas ar ardchaighde\u00e1n raon na gcl\u00e1r a bh\u00edonn ag TG4 \u00e9 an rogha seo. <em>\u201cThuill TG4 duaiseanna \u00f3 IFTA gach bliain \u00f3 buna\u00edodh an sc\u00e9im n\u00e1isi\u00fanta gradam seo,\u201d<\/em> a d\u00fairt s\u00e9. <em>\u201cT\u00e1imid an bhr\u00f3d\u00fail as an l\u00edon gradaim a fuaireamar ar\u00eds i mbliana. Is m\u00f3r an s\u00e1samh d\u00fainn gurb iad \u00e1r gcomhghleacaithe gairmi\u00fala i dtionscal na teilif\u00edse agus na scann\u00e1n a rinne an roghn\u00fa. T\u00e1 \u00e1thas orainn freisin go mbeidh TG4 ag craoladh na ngradaim ar an Satharn 2 Meitheamh ag 9.25pm,\u201d<\/em> a d\u00fairt an tArdsti\u00farth\u00f3ir.<\/p>\n<ul>\n<li>Picti\u00fair ar f\u00e1il anseo <a href=\"https:\/\/www.flickr.com\/photos\/tg4\/albums\/72157696887920474\" target=\"_blank\" rel=\"noopener noreferrer\">https:\/\/www.flickr.com\/photos\/tg4\/albums\/72157696887920474<\/a><\/li>\n<\/ul>\n","protected":false},"excerpt":{"rendered":"<p>Bh\u00ed dh\u00e1 n-ainmni\u00fach\u00e1n d\u00e9ag ag cl\u00e1ir agus pearsana de chuid TG4 ag na gradaim IFTA i mbliana. Thug TG4XX Beo leis an duais sa gcatag\u00f3ir Craoladh Beo. Ceolchoirm speisialta a craoladh beo \u00f3 l\u00e1ithreacha \u00e9ags\u00fala ar fud na t\u00edre le ceili\u00faradh a dh\u00e9anamh ar sc\u00f3r bliain de TG4. I measc na gceolt\u00f3ir\u00ed bh\u00ed Liam \u00d3 [&hellip;]<\/p>\n","protected":false},"author":876,"featured_media":4564,"parent":72849,"menu_order":22,"comment_status":"closed","ping_status":"closed","template":"page-templates\/template-pr.php","meta":{"_acf_changed":false,"footnotes":""},"acf":[],"yoast_head":"<!-- This site is optimized with the Yoast SEO plugin v22.6 - https:\/\/yoast.com\/wordpress\/plugins\/seo\/ -->\n<title>Dh\u00e1 Gradam Buaite ag Togra\u00ed TG4 ag IFTA 2018 - TG4<\/title>\n<meta name=\"robots\" content=\"index, follow, max-snippet:-1, max-image-preview:large, max-video-preview:-1\" \/>\n<meta property=\"og:locale\" content=\"en_US\" \/>\n<meta property=\"og:type\" content=\"article\" \/>\n<meta property=\"og:title\" content=\"Dh\u00e1 Gradam Buaite ag Togra\u00ed TG4 ag IFTA 2018 - TG4\" \/>\n<meta property=\"og:description\" content=\"Bh\u00ed dh\u00e1 n-ainmni\u00fach\u00e1n d\u00e9ag ag cl\u00e1ir agus pearsana de chuid TG4 ag na gradaim IFTA i mbliana. Thug TG4XX Beo leis an duais sa gcatag\u00f3ir Craoladh Beo. Ceolchoirm speisialta a craoladh beo \u00f3 l\u00e1ithreacha \u00e9ags\u00fala ar fud na t\u00edre le ceili\u00faradh a dh\u00e9anamh ar sc\u00f3r bliain de TG4. I measc na gceolt\u00f3ir\u00ed bh\u00ed Liam \u00d3 [&hellip;]\" \/>\n<meta property=\"og:url\" content=\"https:\/\/dev.tg4.ie\/ga\/eolas\/preas\/nuacht-raitis\/2018-2\/dha-gradam-buaite-ag-tograi-tg4-ag-ifta-2018\/\" \/>\n<meta property=\"og:site_name\" content=\"TG4\" \/>\n<meta property=\"article:publisher\" content=\"https:\/\/www.facebook.com\/TG4TV\" \/>\n<meta property=\"article:modified_time\" content=\"2019-07-01T10:27:14+00:00\" \/>\n<meta property=\"og:image\" content=\"https:\/\/tg4-docs.s3.amazonaws.com\/tg4-redesign-2015\/wp-content\/uploads\/2015\/10\/IFTA.jpg\" \/>\n\t<meta property=\"og:image:width\" content=\"1920\" \/>\n\t<meta property=\"og:image:height\" content=\"1080\" \/>\n\t<meta property=\"og:image:type\" content=\"image\/jpeg\" \/>\n<meta name=\"twitter:card\" content=\"summary_large_image\" \/>\n<meta name=\"twitter:site\" content=\"@TG4TV\" \/>\n<meta name=\"twitter:label1\" content=\"Est. reading time\" \/>\n\t<meta name=\"twitter:data1\" content=\"2 minutes\" \/>\n<script type=\"application\/ld+json\" class=\"yoast-schema-graph\">{\"@context\":\"https:\/\/schema.org\",\"@graph\":[{\"@type\":\"WebPage\",\"@id\":\"https:\/\/dev.tg4.ie\/ga\/eolas\/preas\/nuacht-raitis\/2018-2\/dha-gradam-buaite-ag-tograi-tg4-ag-ifta-2018\/\",\"url\":\"https:\/\/dev.tg4.ie\/ga\/eolas\/preas\/nuacht-raitis\/2018-2\/dha-gradam-buaite-ag-tograi-tg4-ag-ifta-2018\/\",\"name\":\"Dh\u00e1 Gradam Buaite ag Togra\u00ed TG4 ag IFTA 2018 - TG4\",\"isPartOf\":{\"@id\":\"https:\/\/dev.tg4.ie\/en\/#website\"},\"primaryImageOfPage\":{\"@id\":\"https:\/\/dev.tg4.ie\/ga\/eolas\/preas\/nuacht-raitis\/2018-2\/dha-gradam-buaite-ag-tograi-tg4-ag-ifta-2018\/#primaryimage\"},\"image\":{\"@id\":\"https:\/\/dev.tg4.ie\/ga\/eolas\/preas\/nuacht-raitis\/2018-2\/dha-gradam-buaite-ag-tograi-tg4-ag-ifta-2018\/#primaryimage\"},\"thumbnailUrl\":\"https:\/\/tg4-docs.s3.amazonaws.com\/tg4-redesign-2015\/wp-content\/uploads\/2015\/10\/IFTA.jpg\",\"datePublished\":\"2018-05-31T22:03:41+00:00\",\"dateModified\":\"2019-07-01T10:27:14+00:00\",\"breadcrumb\":{\"@id\":\"https:\/\/dev.tg4.ie\/ga\/eolas\/preas\/nuacht-raitis\/2018-2\/dha-gradam-buaite-ag-tograi-tg4-ag-ifta-2018\/#breadcrumb\"},\"inLanguage\":\"ga\",\"potentialAction\":[{\"@type\":\"ReadAction\",\"target\":[\"https:\/\/dev.tg4.ie\/ga\/eolas\/preas\/nuacht-raitis\/2018-2\/dha-gradam-buaite-ag-tograi-tg4-ag-ifta-2018\/\"]}]},{\"@type\":\"ImageObject\",\"inLanguage\":\"ga\",\"@id\":\"https:\/\/dev.tg4.ie\/ga\/eolas\/preas\/nuacht-raitis\/2018-2\/dha-gradam-buaite-ag-tograi-tg4-ag-ifta-2018\/#primaryimage\",\"url\":\"https:\/\/tg4-docs.s3.amazonaws.com\/tg4-redesign-2015\/wp-content\/uploads\/2015\/10\/IFTA.jpg\",\"contentUrl\":\"https:\/\/tg4-docs.s3.amazonaws.com\/tg4-redesign-2015\/wp-content\/uploads\/2015\/10\/IFTA.jpg\",\"width\":1920,\"height\":1080},{\"@type\":\"BreadcrumbList\",\"@id\":\"https:\/\/dev.tg4.ie\/ga\/eolas\/preas\/nuacht-raitis\/2018-2\/dha-gradam-buaite-ag-tograi-tg4-ag-ifta-2018\/#breadcrumb\",\"itemListElement\":[{\"@type\":\"ListItem\",\"position\":1,\"name\":\"Home\",\"item\":\"https:\/\/dev.tg4.ie\/ga\/\"},{\"@type\":\"ListItem\",\"position\":2,\"name\":\"Eolas\",\"item\":\"https:\/\/dev.tg4.ie\/ga\/eolas\/\"},{\"@type\":\"ListItem\",\"position\":3,\"name\":\"Preas\",\"item\":\"https:\/\/dev.tg4.ie\/ga\/eolas\/preas\/\"},{\"@type\":\"ListItem\",\"position\":4,\"name\":\"Nuacht R\u00e1itis\",\"item\":\"https:\/\/dev.tg4.ie\/ga\/eolas\/preas\/nuacht-raitis\/\"},{\"@type\":\"ListItem\",\"position\":5,\"name\":\"2018\",\"item\":\"https:\/\/dev.tg4.ie\/ga\/eolas\/preas\/nuacht-raitis\/2018-2\/\"},{\"@type\":\"ListItem\",\"position\":6,\"name\":\"Dh\u00e1 Gradam Buaite ag Togra\u00ed TG4 ag IFTA 2018\"}]},{\"@type\":\"WebSite\",\"@id\":\"https:\/\/dev.tg4.ie\/en\/#website\",\"url\":\"https:\/\/dev.tg4.ie\/en\/\",\"name\":\"TG4\",\"description\":\"S\u00fail Eile\",\"potentialAction\":[{\"@type\":\"SearchAction\",\"target\":{\"@type\":\"EntryPoint\",\"urlTemplate\":\"https:\/\/dev.tg4.ie\/en\/?s={search_term_string}\"},\"query-input\":\"required name=search_term_string\"}],\"inLanguage\":\"ga\"}]}<\/script>\n<!-- \/ Yoast SEO plugin. -->","yoast_head_json":{"title":"Dh\u00e1 Gradam Buaite ag Togra\u00ed TG4 ag IFTA 2018 - TG4","robots":{"index":"index","follow":"follow","max-snippet":"max-snippet:-1","max-image-preview":"max-image-preview:large","max-video-preview":"max-video-preview:-1"},"og_locale":"en_US","og_type":"article","og_title":"Dh\u00e1 Gradam Buaite ag Togra\u00ed TG4 ag IFTA 2018 - TG4","og_description":"Bh\u00ed dh\u00e1 n-ainmni\u00fach\u00e1n d\u00e9ag ag cl\u00e1ir agus pearsana de chuid TG4 ag na gradaim IFTA i mbliana. Thug TG4XX Beo leis an duais sa gcatag\u00f3ir Craoladh Beo. Ceolchoirm speisialta a craoladh beo \u00f3 l\u00e1ithreacha \u00e9ags\u00fala ar fud na t\u00edre le ceili\u00faradh a dh\u00e9anamh ar sc\u00f3r bliain de TG4. I measc na gceolt\u00f3ir\u00ed bh\u00ed Liam \u00d3 [&hellip;]","og_url":"https:\/\/dev.tg4.ie\/ga\/eolas\/preas\/nuacht-raitis\/2018-2\/dha-gradam-buaite-ag-tograi-tg4-ag-ifta-2018\/","og_site_name":"TG4","article_publisher":"https:\/\/www.facebook.com\/TG4TV","article_modified_time":"2019-07-01T10:27:14+00:00","og_image":[{"width":1920,"height":1080,"url":"https:\/\/tg4-docs.s3.amazonaws.com\/tg4-redesign-2015\/wp-content\/uploads\/2015\/10\/IFTA.jpg","type":"image\/jpeg"}],"twitter_card":"summary_large_image","twitter_site":"@TG4TV","twitter_misc":{"Est. reading time":"2 minutes"},"schema":{"@context":"https:\/\/schema.org","@graph":[{"@type":"WebPage","@id":"https:\/\/dev.tg4.ie\/ga\/eolas\/preas\/nuacht-raitis\/2018-2\/dha-gradam-buaite-ag-tograi-tg4-ag-ifta-2018\/","url":"https:\/\/dev.tg4.ie\/ga\/eolas\/preas\/nuacht-raitis\/2018-2\/dha-gradam-buaite-ag-tograi-tg4-ag-ifta-2018\/","name":"Dh\u00e1 Gradam Buaite ag Togra\u00ed TG4 ag IFTA 2018 - TG4","isPartOf":{"@id":"https:\/\/dev.tg4.ie\/en\/#website"},"primaryImageOfPage":{"@id":"https:\/\/dev.tg4.ie\/ga\/eolas\/preas\/nuacht-raitis\/2018-2\/dha-gradam-buaite-ag-tograi-tg4-ag-ifta-2018\/#primaryimage"},"image":{"@id":"https:\/\/dev.tg4.ie\/ga\/eolas\/preas\/nuacht-raitis\/2018-2\/dha-gradam-buaite-ag-tograi-tg4-ag-ifta-2018\/#primaryimage"},"thumbnailUrl":"https:\/\/tg4-docs.s3.amazonaws.com\/tg4-redesign-2015\/wp-content\/uploads\/2015\/10\/IFTA.jpg","datePublished":"2018-05-31T22:03:41+00:00","dateModified":"2019-07-01T10:27:14+00:00","breadcrumb":{"@id":"https:\/\/dev.tg4.ie\/ga\/eolas\/preas\/nuacht-raitis\/2018-2\/dha-gradam-buaite-ag-tograi-tg4-ag-ifta-2018\/#breadcrumb"},"inLanguage":"ga","potentialAction":[{"@type":"ReadAction","target":["https:\/\/dev.tg4.ie\/ga\/eolas\/preas\/nuacht-raitis\/2018-2\/dha-gradam-buaite-ag-tograi-tg4-ag-ifta-2018\/"]}]},{"@type":"ImageObject","inLanguage":"ga","@id":"https:\/\/dev.tg4.ie\/ga\/eolas\/preas\/nuacht-raitis\/2018-2\/dha-gradam-buaite-ag-tograi-tg4-ag-ifta-2018\/#primaryimage","url":"https:\/\/tg4-docs.s3.amazonaws.com\/tg4-redesign-2015\/wp-content\/uploads\/2015\/10\/IFTA.jpg","contentUrl":"https:\/\/tg4-docs.s3.amazonaws.com\/tg4-redesign-2015\/wp-content\/uploads\/2015\/10\/IFTA.jpg","width":1920,"height":1080},{"@type":"BreadcrumbList","@id":"https:\/\/dev.tg4.ie\/ga\/eolas\/preas\/nuacht-raitis\/2018-2\/dha-gradam-buaite-ag-tograi-tg4-ag-ifta-2018\/#breadcrumb","itemListElement":[{"@type":"ListItem","position":1,"name":"Home","item":"https:\/\/dev.tg4.ie\/ga\/"},{"@type":"ListItem","position":2,"name":"Eolas","item":"https:\/\/dev.tg4.ie\/ga\/eolas\/"},{"@type":"ListItem","position":3,"name":"Preas","item":"https:\/\/dev.tg4.ie\/ga\/eolas\/preas\/"},{"@type":"ListItem","position":4,"name":"Nuacht R\u00e1itis","item":"https:\/\/dev.tg4.ie\/ga\/eolas\/preas\/nuacht-raitis\/"},{"@type":"ListItem","position":5,"name":"2018","item":"https:\/\/dev.tg4.ie\/ga\/eolas\/preas\/nuacht-raitis\/2018-2\/"},{"@type":"ListItem","position":6,"name":"Dh\u00e1 Gradam Buaite ag Togra\u00ed TG4 ag IFTA 2018"}]},{"@type":"WebSite","@id":"https:\/\/dev.tg4.ie\/en\/#website","url":"https:\/\/dev.tg4.ie\/en\/","name":"TG4","description":"S\u00fail Eile","potentialAction":[{"@type":"SearchAction","target":{"@type":"EntryPoint","urlTemplate":"https:\/\/dev.tg4.ie\/en\/?s={search_term_string}"},"query-input":"required name=search_term_string"}],"inLanguage":"ga"}]}},"_links":{"self":[{"href":"https:\/\/dev.tg4.ie\/ga\/wp-json\/wp\/v2\/pages\/83706"}],"collection":[{"href":"https:\/\/dev.tg4.ie\/ga\/wp-json\/wp\/v2\/pages"}],"about":[{"href":"https:\/\/dev.tg4.ie\/ga\/wp-json\/wp\/v2\/types\/page"}],"author":[{"embeddable":true,"href":"https:\/\/dev.tg4.ie\/ga\/wp-json\/wp\/v2\/users\/876"}],"replies":[{"embeddable":true,"href":"https:\/\/dev.tg4.ie\/ga\/wp-json\/wp\/v2\/comments?post=83706"}],"version-history":[{"count":0,"href":"https:\/\/dev.tg4.ie\/ga\/wp-json\/wp\/v2\/pages\/83706\/revisions"}],"up":[{"embeddable":true,"href":"https:\/\/dev.tg4.ie\/ga\/wp-json\/wp\/v2\/pages\/72849"}],"wp:featuredmedia":[{"embeddable":true,"href":"https:\/\/dev.tg4.ie\/ga\/wp-json\/wp\/v2\/media\/4564"}],"wp:attachment":[{"href":"https:\/\/dev.tg4.ie\/ga\/wp-json\/wp\/v2\/media?parent=83706"}],"curies":[{"name":"wp","href":"https:\/\/api.w.org\/{rel}","templated":true}]}}