{"id":83939,"date":"2018-06-11T09:47:28","date_gmt":"2018-06-11T08:47:28","guid":{"rendered":"https:\/\/dev.tg4.ie\/?page_id=83939"},"modified":"2019-07-01T11:28:08","modified_gmt":"2019-07-01T10:28:08","slug":"failte-roimh-cheapachan-reddington-ina-phriomh-eagarthoir-ar-nuacht-tg4","status":"publish","type":"page","link":"https:\/\/dev.tg4.ie\/ga\/eolas\/preas\/nuacht-raitis\/2018-2\/failte-roimh-cheapachan-reddington-ina-phriomh-eagarthoir-ar-nuacht-tg4\/","title":{"rendered":"F\u00e1ilte roimh cheapach\u00e1n Reddington ina Phr\u00edomh-Eagarth\u00f3ir ar Nuacht TG4"},"content":{"rendered":"<p>Ag labhairt d\u00f3 inniu, deir Esslemont, \u2018T\u00e1 tuiscint an-mhaith ag Joe Reddington ar fh\u00eds TG4 agus na d\u00fashl\u00e1in a bhaineann le sol\u00e1thar seirbh\u00eds\u00ed nuachta comhaimseartha, i saol at\u00e1 ag athr\u00fa de sh\u00edor. F\u00e1ilt\u00edmid go m\u00f3r roimh a cheapach\u00e1n.<\/p>\n<p>\u2018T\u00e1 taith\u00ed na mblianta ag Joe ar a bheith ag obair linn sa cheann\u00e1ras anseo i mBaile na hAbhann agus cuireann s\u00e9 a chro\u00ed agus a anam san obair a dh\u00e9anann s\u00e9 i gc\u00f3na\u00ed.<\/p>\n<p>\u2018T\u00e1 m\u00e9 ag s\u00fail go m\u00f3r le bheith ag obair leis sna blianta romhainn, ag freastal ar phobal na Gaeilge agus na Gaeltachta agus ag cur le hacmhainn\u00ed agus le sc\u00f3p iriseoireacht\u00a0na Gaeilge\u2019.<\/p>\n","protected":false},"excerpt":{"rendered":"<p>Ag labhairt d\u00f3 inniu, deir Esslemont, \u2018T\u00e1 tuiscint an-mhaith ag Joe Reddington ar fh\u00eds TG4 agus na d\u00fashl\u00e1in a bhaineann le sol\u00e1thar seirbh\u00eds\u00ed nuachta comhaimseartha, i saol at\u00e1 ag athr\u00fa de sh\u00edor. F\u00e1ilt\u00edmid go m\u00f3r roimh a cheapach\u00e1n. \u2018T\u00e1 taith\u00ed na mblianta ag Joe ar a bheith ag obair linn sa cheann\u00e1ras anseo i mBaile [&hellip;]<\/p>\n","protected":false},"author":876,"featured_media":83940,"parent":72849,"menu_order":23,"comment_status":"closed","ping_status":"closed","template":"page-templates\/template-pr.php","meta":{"_acf_changed":false,"footnotes":""},"acf":[],"yoast_head":"<!-- This site is optimized with the Yoast SEO plugin v22.6 - https:\/\/yoast.com\/wordpress\/plugins\/seo\/ -->\n<title>F\u00e1ilte roimh cheapach\u00e1n Reddington ina Phr\u00edomh-Eagarth\u00f3ir ar Nuacht TG4 - TG4<\/title>\n<meta name=\"robots\" content=\"index, follow, max-snippet:-1, max-image-preview:large, max-video-preview:-1\" \/>\n<meta property=\"og:locale\" content=\"en_US\" \/>\n<meta property=\"og:type\" content=\"article\" \/>\n<meta property=\"og:title\" content=\"F\u00e1ilte roimh cheapach\u00e1n Reddington ina Phr\u00edomh-Eagarth\u00f3ir ar Nuacht TG4 - TG4\" \/>\n<meta property=\"og:description\" content=\"Ag labhairt d\u00f3 inniu, deir Esslemont, \u2018T\u00e1 tuiscint an-mhaith ag Joe Reddington ar fh\u00eds TG4 agus na d\u00fashl\u00e1in a bhaineann le sol\u00e1thar seirbh\u00eds\u00ed nuachta comhaimseartha, i saol at\u00e1 ag athr\u00fa de sh\u00edor. F\u00e1ilt\u00edmid go m\u00f3r roimh a cheapach\u00e1n. \u2018T\u00e1 taith\u00ed na mblianta ag Joe ar a bheith ag obair linn sa cheann\u00e1ras anseo i mBaile [&hellip;]\" \/>\n<meta property=\"og:url\" content=\"https:\/\/dev.tg4.ie\/ga\/eolas\/preas\/nuacht-raitis\/2018-2\/failte-roimh-cheapachan-reddington-ina-phriomh-eagarthoir-ar-nuacht-tg4\/\" \/>\n<meta property=\"og:site_name\" content=\"TG4\" \/>\n<meta property=\"article:publisher\" content=\"https:\/\/www.facebook.com\/TG4TV\" \/>\n<meta property=\"article:modified_time\" content=\"2019-07-01T10:28:08+00:00\" \/>\n<meta property=\"og:image\" content=\"https:\/\/tg4-docs.s3.amazonaws.com\/tg4-redesign-2015\/wp-content\/uploads\/2018\/06\/NuachtTG4_generic.jpg\" \/>\n\t<meta property=\"og:image:width\" content=\"1920\" \/>\n\t<meta property=\"og:image:height\" content=\"1080\" \/>\n\t<meta property=\"og:image:type\" content=\"image\/jpeg\" \/>\n<meta name=\"twitter:card\" content=\"summary_large_image\" \/>\n<meta name=\"twitter:site\" content=\"@TG4TV\" \/>\n<meta name=\"twitter:label1\" content=\"Est. reading time\" \/>\n\t<meta name=\"twitter:data1\" content=\"1 minute\" \/>\n<script type=\"application\/ld+json\" class=\"yoast-schema-graph\">{\"@context\":\"https:\/\/schema.org\",\"@graph\":[{\"@type\":\"WebPage\",\"@id\":\"https:\/\/dev.tg4.ie\/ga\/eolas\/preas\/nuacht-raitis\/2018-2\/failte-roimh-cheapachan-reddington-ina-phriomh-eagarthoir-ar-nuacht-tg4\/\",\"url\":\"https:\/\/dev.tg4.ie\/ga\/eolas\/preas\/nuacht-raitis\/2018-2\/failte-roimh-cheapachan-reddington-ina-phriomh-eagarthoir-ar-nuacht-tg4\/\",\"name\":\"F\u00e1ilte roimh cheapach\u00e1n Reddington ina Phr\u00edomh-Eagarth\u00f3ir ar Nuacht TG4 - TG4\",\"isPartOf\":{\"@id\":\"https:\/\/dev.tg4.ie\/en\/#website\"},\"primaryImageOfPage\":{\"@id\":\"https:\/\/dev.tg4.ie\/ga\/eolas\/preas\/nuacht-raitis\/2018-2\/failte-roimh-cheapachan-reddington-ina-phriomh-eagarthoir-ar-nuacht-tg4\/#primaryimage\"},\"image\":{\"@id\":\"https:\/\/dev.tg4.ie\/ga\/eolas\/preas\/nuacht-raitis\/2018-2\/failte-roimh-cheapachan-reddington-ina-phriomh-eagarthoir-ar-nuacht-tg4\/#primaryimage\"},\"thumbnailUrl\":\"https:\/\/tg4-docs.s3.amazonaws.com\/tg4-redesign-2015\/wp-content\/uploads\/2018\/06\/NuachtTG4_generic.jpg\",\"datePublished\":\"2018-06-11T08:47:28+00:00\",\"dateModified\":\"2019-07-01T10:28:08+00:00\",\"breadcrumb\":{\"@id\":\"https:\/\/dev.tg4.ie\/ga\/eolas\/preas\/nuacht-raitis\/2018-2\/failte-roimh-cheapachan-reddington-ina-phriomh-eagarthoir-ar-nuacht-tg4\/#breadcrumb\"},\"inLanguage\":\"ga\",\"potentialAction\":[{\"@type\":\"ReadAction\",\"target\":[\"https:\/\/dev.tg4.ie\/ga\/eolas\/preas\/nuacht-raitis\/2018-2\/failte-roimh-cheapachan-reddington-ina-phriomh-eagarthoir-ar-nuacht-tg4\/\"]}]},{\"@type\":\"ImageObject\",\"inLanguage\":\"ga\",\"@id\":\"https:\/\/dev.tg4.ie\/ga\/eolas\/preas\/nuacht-raitis\/2018-2\/failte-roimh-cheapachan-reddington-ina-phriomh-eagarthoir-ar-nuacht-tg4\/#primaryimage\",\"url\":\"https:\/\/tg4-docs.s3.amazonaws.com\/tg4-redesign-2015\/wp-content\/uploads\/2018\/06\/NuachtTG4_generic.jpg\",\"contentUrl\":\"https:\/\/tg4-docs.s3.amazonaws.com\/tg4-redesign-2015\/wp-content\/uploads\/2018\/06\/NuachtTG4_generic.jpg\",\"width\":1920,\"height\":1080,\"caption\":\"NuachtTG4 logo ginear\u00e1lta\"},{\"@type\":\"BreadcrumbList\",\"@id\":\"https:\/\/dev.tg4.ie\/ga\/eolas\/preas\/nuacht-raitis\/2018-2\/failte-roimh-cheapachan-reddington-ina-phriomh-eagarthoir-ar-nuacht-tg4\/#breadcrumb\",\"itemListElement\":[{\"@type\":\"ListItem\",\"position\":1,\"name\":\"Home\",\"item\":\"https:\/\/dev.tg4.ie\/ga\/\"},{\"@type\":\"ListItem\",\"position\":2,\"name\":\"Eolas\",\"item\":\"https:\/\/dev.tg4.ie\/ga\/eolas\/\"},{\"@type\":\"ListItem\",\"position\":3,\"name\":\"Preas\",\"item\":\"https:\/\/dev.tg4.ie\/ga\/eolas\/preas\/\"},{\"@type\":\"ListItem\",\"position\":4,\"name\":\"Nuacht R\u00e1itis\",\"item\":\"https:\/\/dev.tg4.ie\/ga\/eolas\/preas\/nuacht-raitis\/\"},{\"@type\":\"ListItem\",\"position\":5,\"name\":\"2018\",\"item\":\"https:\/\/dev.tg4.ie\/ga\/eolas\/preas\/nuacht-raitis\/2018-2\/\"},{\"@type\":\"ListItem\",\"position\":6,\"name\":\"F\u00e1ilte roimh cheapach\u00e1n Reddington ina Phr\u00edomh-Eagarth\u00f3ir ar Nuacht TG4\"}]},{\"@type\":\"WebSite\",\"@id\":\"https:\/\/dev.tg4.ie\/en\/#website\",\"url\":\"https:\/\/dev.tg4.ie\/en\/\",\"name\":\"TG4\",\"description\":\"S\u00fail Eile\",\"potentialAction\":[{\"@type\":\"SearchAction\",\"target\":{\"@type\":\"EntryPoint\",\"urlTemplate\":\"https:\/\/dev.tg4.ie\/en\/?s={search_term_string}\"},\"query-input\":\"required name=search_term_string\"}],\"inLanguage\":\"ga\"}]}<\/script>\n<!-- \/ Yoast SEO plugin. -->","yoast_head_json":{"title":"F\u00e1ilte roimh cheapach\u00e1n Reddington ina Phr\u00edomh-Eagarth\u00f3ir ar Nuacht TG4 - TG4","robots":{"index":"index","follow":"follow","max-snippet":"max-snippet:-1","max-image-preview":"max-image-preview:large","max-video-preview":"max-video-preview:-1"},"og_locale":"en_US","og_type":"article","og_title":"F\u00e1ilte roimh cheapach\u00e1n Reddington ina Phr\u00edomh-Eagarth\u00f3ir ar Nuacht TG4 - TG4","og_description":"Ag labhairt d\u00f3 inniu, deir Esslemont, \u2018T\u00e1 tuiscint an-mhaith ag Joe Reddington ar fh\u00eds TG4 agus na d\u00fashl\u00e1in a bhaineann le sol\u00e1thar seirbh\u00eds\u00ed nuachta comhaimseartha, i saol at\u00e1 ag athr\u00fa de sh\u00edor. F\u00e1ilt\u00edmid go m\u00f3r roimh a cheapach\u00e1n. \u2018T\u00e1 taith\u00ed na mblianta ag Joe ar a bheith ag obair linn sa cheann\u00e1ras anseo i mBaile [&hellip;]","og_url":"https:\/\/dev.tg4.ie\/ga\/eolas\/preas\/nuacht-raitis\/2018-2\/failte-roimh-cheapachan-reddington-ina-phriomh-eagarthoir-ar-nuacht-tg4\/","og_site_name":"TG4","article_publisher":"https:\/\/www.facebook.com\/TG4TV","article_modified_time":"2019-07-01T10:28:08+00:00","og_image":[{"width":1920,"height":1080,"url":"https:\/\/tg4-docs.s3.amazonaws.com\/tg4-redesign-2015\/wp-content\/uploads\/2018\/06\/NuachtTG4_generic.jpg","type":"image\/jpeg"}],"twitter_card":"summary_large_image","twitter_site":"@TG4TV","twitter_misc":{"Est. reading time":"1 minute"},"schema":{"@context":"https:\/\/schema.org","@graph":[{"@type":"WebPage","@id":"https:\/\/dev.tg4.ie\/ga\/eolas\/preas\/nuacht-raitis\/2018-2\/failte-roimh-cheapachan-reddington-ina-phriomh-eagarthoir-ar-nuacht-tg4\/","url":"https:\/\/dev.tg4.ie\/ga\/eolas\/preas\/nuacht-raitis\/2018-2\/failte-roimh-cheapachan-reddington-ina-phriomh-eagarthoir-ar-nuacht-tg4\/","name":"F\u00e1ilte roimh cheapach\u00e1n Reddington ina Phr\u00edomh-Eagarth\u00f3ir ar Nuacht TG4 - TG4","isPartOf":{"@id":"https:\/\/dev.tg4.ie\/en\/#website"},"primaryImageOfPage":{"@id":"https:\/\/dev.tg4.ie\/ga\/eolas\/preas\/nuacht-raitis\/2018-2\/failte-roimh-cheapachan-reddington-ina-phriomh-eagarthoir-ar-nuacht-tg4\/#primaryimage"},"image":{"@id":"https:\/\/dev.tg4.ie\/ga\/eolas\/preas\/nuacht-raitis\/2018-2\/failte-roimh-cheapachan-reddington-ina-phriomh-eagarthoir-ar-nuacht-tg4\/#primaryimage"},"thumbnailUrl":"https:\/\/tg4-docs.s3.amazonaws.com\/tg4-redesign-2015\/wp-content\/uploads\/2018\/06\/NuachtTG4_generic.jpg","datePublished":"2018-06-11T08:47:28+00:00","dateModified":"2019-07-01T10:28:08+00:00","breadcrumb":{"@id":"https:\/\/dev.tg4.ie\/ga\/eolas\/preas\/nuacht-raitis\/2018-2\/failte-roimh-cheapachan-reddington-ina-phriomh-eagarthoir-ar-nuacht-tg4\/#breadcrumb"},"inLanguage":"ga","potentialAction":[{"@type":"ReadAction","target":["https:\/\/dev.tg4.ie\/ga\/eolas\/preas\/nuacht-raitis\/2018-2\/failte-roimh-cheapachan-reddington-ina-phriomh-eagarthoir-ar-nuacht-tg4\/"]}]},{"@type":"ImageObject","inLanguage":"ga","@id":"https:\/\/dev.tg4.ie\/ga\/eolas\/preas\/nuacht-raitis\/2018-2\/failte-roimh-cheapachan-reddington-ina-phriomh-eagarthoir-ar-nuacht-tg4\/#primaryimage","url":"https:\/\/tg4-docs.s3.amazonaws.com\/tg4-redesign-2015\/wp-content\/uploads\/2018\/06\/NuachtTG4_generic.jpg","contentUrl":"https:\/\/tg4-docs.s3.amazonaws.com\/tg4-redesign-2015\/wp-content\/uploads\/2018\/06\/NuachtTG4_generic.jpg","width":1920,"height":1080,"caption":"NuachtTG4 logo ginear\u00e1lta"},{"@type":"BreadcrumbList","@id":"https:\/\/dev.tg4.ie\/ga\/eolas\/preas\/nuacht-raitis\/2018-2\/failte-roimh-cheapachan-reddington-ina-phriomh-eagarthoir-ar-nuacht-tg4\/#breadcrumb","itemListElement":[{"@type":"ListItem","position":1,"name":"Home","item":"https:\/\/dev.tg4.ie\/ga\/"},{"@type":"ListItem","position":2,"name":"Eolas","item":"https:\/\/dev.tg4.ie\/ga\/eolas\/"},{"@type":"ListItem","position":3,"name":"Preas","item":"https:\/\/dev.tg4.ie\/ga\/eolas\/preas\/"},{"@type":"ListItem","position":4,"name":"Nuacht R\u00e1itis","item":"https:\/\/dev.tg4.ie\/ga\/eolas\/preas\/nuacht-raitis\/"},{"@type":"ListItem","position":5,"name":"2018","item":"https:\/\/dev.tg4.ie\/ga\/eolas\/preas\/nuacht-raitis\/2018-2\/"},{"@type":"ListItem","position":6,"name":"F\u00e1ilte roimh cheapach\u00e1n Reddington ina Phr\u00edomh-Eagarth\u00f3ir ar Nuacht TG4"}]},{"@type":"WebSite","@id":"https:\/\/dev.tg4.ie\/en\/#website","url":"https:\/\/dev.tg4.ie\/en\/","name":"TG4","description":"S\u00fail Eile","potentialAction":[{"@type":"SearchAction","target":{"@type":"EntryPoint","urlTemplate":"https:\/\/dev.tg4.ie\/en\/?s={search_term_string}"},"query-input":"required name=search_term_string"}],"inLanguage":"ga"}]}},"_links":{"self":[{"href":"https:\/\/dev.tg4.ie\/ga\/wp-json\/wp\/v2\/pages\/83939"}],"collection":[{"href":"https:\/\/dev.tg4.ie\/ga\/wp-json\/wp\/v2\/pages"}],"about":[{"href":"https:\/\/dev.tg4.ie\/ga\/wp-json\/wp\/v2\/types\/page"}],"author":[{"embeddable":true,"href":"https:\/\/dev.tg4.ie\/ga\/wp-json\/wp\/v2\/users\/876"}],"replies":[{"embeddable":true,"href":"https:\/\/dev.tg4.ie\/ga\/wp-json\/wp\/v2\/comments?post=83939"}],"version-history":[{"count":0,"href":"https:\/\/dev.tg4.ie\/ga\/wp-json\/wp\/v2\/pages\/83939\/revisions"}],"up":[{"embeddable":true,"href":"https:\/\/dev.tg4.ie\/ga\/wp-json\/wp\/v2\/pages\/72849"}],"wp:featuredmedia":[{"embeddable":true,"href":"https:\/\/dev.tg4.ie\/ga\/wp-json\/wp\/v2\/media\/83940"}],"wp:attachment":[{"href":"https:\/\/dev.tg4.ie\/ga\/wp-json\/wp\/v2\/media?parent=83939"}],"curies":[{"name":"wp","href":"https:\/\/api.w.org\/{rel}","templated":true}]}}