{"id":84173,"date":"2018-06-14T12:56:18","date_gmt":"2018-06-14T11:56:18","guid":{"rendered":"https:\/\/dev.tg4.ie\/?page_id=84173"},"modified":"2019-07-01T11:30:25","modified_gmt":"2019-07-01T10:30:25","slug":"meamram-tuisceana-le-siniu-idir-tg4-agus-jeonju-television","status":"publish","type":"page","link":"https:\/\/dev.tg4.ie\/ga\/eolas\/preas\/nuacht-raitis\/2018-2\/meamram-tuisceana-le-siniu-idir-tg4-agus-jeonju-television\/","title":{"rendered":"Meamram Tuisceana le s\u00edni\u00fa idir TG4 agus Jeonju Television"},"content":{"rendered":"<p>Faoin socr\u00fa nua, t\u00e1 s\u00e9 i gceist cl\u00e1ir agus \u00e1bhar den scoth a mhalart\u00fa, \u00e1bhar cruthaitheach a chomhl\u00e9iri\u00fa, tac\u00fa le hiarrachta\u00ed marga\u00edochta agus forbairt a dh\u00e9anamh ar acmhainn\u00ed daonna sa d\u00e1 th\u00edr.<\/p>\n<p>Is craolt\u00f3ir seirbh\u00edse poibl\u00ed \u00e9 Jeonju Television a fhaigheann maoini\u00fa \u00f3 Ghn\u00edomhaireacht Cumars\u00e1ide na C\u00f3ir\u00e9 Theas (Korean Communications Agency &#8211; KCA) don chl\u00e1r forbartha idirn\u00e1isi\u00fanta seo. Is cuid den Roinn Eola\u00edochta agus Teicneola\u00edochta Faisn\u00e9ise sa Ch\u00f3ir\u00e9 Theas an KCA.<\/p>\n<p>T\u00e1 ionadaithe \u00f3 JTV agus an KCA i gConamara an 13 &amp; 14 Meitheamh. T\u00e1 siad ag tabhairt cuairt ar TG4, \u00dadar\u00e1s na Gaeltachta agus roinnt comhlachta\u00ed neamhsple\u00e1cha fad is at\u00e1 siad anseo.<\/p>\n<p>Is ar an 14 Meitheamh a sh\u00edneoidh TG4 an Meamram Tuisceana le JTV chun t\u00fas a chur go hoifigi\u00fail leis an gcomhoibri\u00fa for\u00e1sach seo.<\/p>\n<p>T\u00e1 a mhacasamhail de Mheamram i bhfeidhm idir JTV &amp; S4C na Breataine Bige le roinnt blianta agus an-rath air.<\/p>\n<p>Deir Ardsti\u00farth\u00f3ir TG4, Alan Esslemont:<\/p>\n<p>\u2018Cuireann an Meamram Tuisceana seo leis an strait\u00e9is at\u00e1 ag TG4 chun an tionscal cruthaitheach in \u00c9irinn a fhorbairt. T\u00e1 s\u00e9 f\u00edor-th\u00e1bhachtach do TG4 go mbeadh f\u00e1s agus forbairt \u00e1 dh\u00e9anamh ar an earn\u00e1il l\u00e9iri\u00fach\u00e1n neamhsple\u00e1ch, go h\u00e1irithe sna r\u00e9igi\u00fain.<\/p>\n<p>\u2018T\u00e1 f\u00f3cas faoi leith ag TG4 ar chl\u00e1ir agus ar sheirbh\u00eds\u00ed a choimisi\u00fan\u00fa \u00f3 chuideachta\u00ed a fheidhm\u00edonn tr\u00ed Ghaeilge. T\u00e1 cuid mhaith acu seo lonnaithe sna r\u00e9igi\u00fain agus sna ceantair Ghaeltachta ach go h\u00e1irithe.<\/p>\n<p>\u2018Coinn\u00edonn maoini\u00fa TG4 na c\u00e9adta daoine fostaithe san earn\u00e1il l\u00e9iri\u00fach\u00e1n neamhsple\u00e1ch agus cuideoidh an Meamram Tuisceana leis an bhfosta\u00edocht sin a bhuan\u00fa agus a neart\u00fa.<\/p>\n<p>\u2018Cuid th\u00e1bhachtach eile den strait\u00e9is at\u00e1 ag TG4 n\u00e1 cur le hidirn\u00e1isi\u00fan\u00fa na gcomhlachta\u00ed neamhsple\u00e1cha agus is c\u00e9im dhearfach eile chun cinn sa treo sin an Meamram Tuisceana seo.<\/p>\n<p>\u2018Beidh deiseanna ann scileanna agus cumais daoine aonair a fhorbairt agus pobal idirn\u00e1isi\u00fanta a aimsi\u00fa d\u2019\u00e1bhar at\u00e1 \u00e1 chruth\u00fa in \u00c9irinn freisin.<\/p>\n<p>\u2018T\u00e1 \u00e1thas ar TG4 go bhfuil \u00dadar\u00e1s na Gaeltachta ag tac\u00fa leis an tionscadal seo agus go bhfuil siadsan s\u00e1sta cabhair &amp; comhairle a chur ar f\u00e1il do na comhlachta\u00ed Gaeltachta a bheidh p\u00e1irteach sa phr\u00f3iseas\u2019.<\/p>\n<ul>\n<li>Is gn\u00edomhaireacht \u00ed an Korean Communications Agency a dh\u00e9anann maoini\u00fa ar thionscadail comhl\u00e9iri\u00fach\u00e1in idirn\u00e1isi\u00fanta: <a href=\"http:\/\/www.kca.kr\/open_content\/en\/index.jsp\">http:\/\/www.kca.kr\/open_content\/en\/index.jsp<\/a><\/li>\n<li>Is cuid den Roinn Eola\u00edochta agus Teicneola\u00edochta Faisn\u00e9ise sa Ch\u00f3ir\u00e9 Theas an KCA: <a href=\"http:\/\/english.msit.go.kr\/english\/main\/main.do\">http:\/\/english.msit.go.kr\/english\/main\/main.do<\/a><\/li>\n<\/ul>\n","protected":false},"excerpt":{"rendered":"<p>Faoin socr\u00fa nua, t\u00e1 s\u00e9 i gceist cl\u00e1ir agus \u00e1bhar den scoth a mhalart\u00fa, \u00e1bhar cruthaitheach a chomhl\u00e9iri\u00fa, tac\u00fa le hiarrachta\u00ed marga\u00edochta agus forbairt a dh\u00e9anamh ar acmhainn\u00ed daonna sa d\u00e1 th\u00edr. Is craolt\u00f3ir seirbh\u00edse poibl\u00ed \u00e9 Jeonju Television a fhaigheann maoini\u00fa \u00f3 Ghn\u00edomhaireacht Cumars\u00e1ide na C\u00f3ir\u00e9 Theas (Korean Communications Agency &#8211; KCA) don chl\u00e1r [&hellip;]<\/p>\n","protected":false},"author":876,"featured_media":84197,"parent":72849,"menu_order":24,"comment_status":"closed","ping_status":"closed","template":"page-templates\/template-pr.php","meta":{"_acf_changed":false,"footnotes":""},"acf":[],"yoast_head":"<!-- This site is optimized with the Yoast SEO plugin v22.6 - https:\/\/yoast.com\/wordpress\/plugins\/seo\/ -->\n<title>Meamram Tuisceana le s\u00edni\u00fa idir TG4 agus Jeonju Television - TG4<\/title>\n<meta name=\"robots\" content=\"index, follow, max-snippet:-1, max-image-preview:large, max-video-preview:-1\" \/>\n<meta property=\"og:locale\" content=\"en_US\" \/>\n<meta property=\"og:type\" content=\"article\" \/>\n<meta property=\"og:title\" content=\"Meamram Tuisceana le s\u00edni\u00fa idir TG4 agus Jeonju Television - TG4\" \/>\n<meta property=\"og:description\" content=\"Faoin socr\u00fa nua, t\u00e1 s\u00e9 i gceist cl\u00e1ir agus \u00e1bhar den scoth a mhalart\u00fa, \u00e1bhar cruthaitheach a chomhl\u00e9iri\u00fa, tac\u00fa le hiarrachta\u00ed marga\u00edochta agus forbairt a dh\u00e9anamh ar acmhainn\u00ed daonna sa d\u00e1 th\u00edr. Is craolt\u00f3ir seirbh\u00edse poibl\u00ed \u00e9 Jeonju Television a fhaigheann maoini\u00fa \u00f3 Ghn\u00edomhaireacht Cumars\u00e1ide na C\u00f3ir\u00e9 Theas (Korean Communications Agency &#8211; KCA) don chl\u00e1r [&hellip;]\" \/>\n<meta property=\"og:url\" content=\"https:\/\/dev.tg4.ie\/ga\/eolas\/preas\/nuacht-raitis\/2018-2\/meamram-tuisceana-le-siniu-idir-tg4-agus-jeonju-television\/\" \/>\n<meta property=\"og:site_name\" content=\"TG4\" \/>\n<meta property=\"article:publisher\" content=\"https:\/\/www.facebook.com\/TG4TV\" \/>\n<meta property=\"article:modified_time\" content=\"2019-07-01T10:30:25+00:00\" \/>\n<meta property=\"og:image\" content=\"https:\/\/tg4-docs.s3.amazonaws.com\/tg4-redesign-2015\/wp-content\/uploads\/2018\/06\/Korea2.jpg\" \/>\n\t<meta property=\"og:image:width\" content=\"1920\" \/>\n\t<meta property=\"og:image:height\" content=\"1080\" \/>\n\t<meta property=\"og:image:type\" content=\"image\/jpeg\" \/>\n<meta name=\"twitter:card\" content=\"summary_large_image\" \/>\n<meta name=\"twitter:site\" content=\"@TG4TV\" \/>\n<meta name=\"twitter:label1\" content=\"Est. reading time\" \/>\n\t<meta name=\"twitter:data1\" content=\"2 minutes\" \/>\n<script type=\"application\/ld+json\" class=\"yoast-schema-graph\">{\"@context\":\"https:\/\/schema.org\",\"@graph\":[{\"@type\":\"WebPage\",\"@id\":\"https:\/\/dev.tg4.ie\/ga\/eolas\/preas\/nuacht-raitis\/2018-2\/meamram-tuisceana-le-siniu-idir-tg4-agus-jeonju-television\/\",\"url\":\"https:\/\/dev.tg4.ie\/ga\/eolas\/preas\/nuacht-raitis\/2018-2\/meamram-tuisceana-le-siniu-idir-tg4-agus-jeonju-television\/\",\"name\":\"Meamram Tuisceana le s\u00edni\u00fa idir TG4 agus Jeonju Television - TG4\",\"isPartOf\":{\"@id\":\"https:\/\/dev.tg4.ie\/en\/#website\"},\"primaryImageOfPage\":{\"@id\":\"https:\/\/dev.tg4.ie\/ga\/eolas\/preas\/nuacht-raitis\/2018-2\/meamram-tuisceana-le-siniu-idir-tg4-agus-jeonju-television\/#primaryimage\"},\"image\":{\"@id\":\"https:\/\/dev.tg4.ie\/ga\/eolas\/preas\/nuacht-raitis\/2018-2\/meamram-tuisceana-le-siniu-idir-tg4-agus-jeonju-television\/#primaryimage\"},\"thumbnailUrl\":\"https:\/\/tg4-docs.s3.amazonaws.com\/tg4-redesign-2015\/wp-content\/uploads\/2018\/06\/Korea2.jpg\",\"datePublished\":\"2018-06-14T11:56:18+00:00\",\"dateModified\":\"2019-07-01T10:30:25+00:00\",\"breadcrumb\":{\"@id\":\"https:\/\/dev.tg4.ie\/ga\/eolas\/preas\/nuacht-raitis\/2018-2\/meamram-tuisceana-le-siniu-idir-tg4-agus-jeonju-television\/#breadcrumb\"},\"inLanguage\":\"ga\",\"potentialAction\":[{\"@type\":\"ReadAction\",\"target\":[\"https:\/\/dev.tg4.ie\/ga\/eolas\/preas\/nuacht-raitis\/2018-2\/meamram-tuisceana-le-siniu-idir-tg4-agus-jeonju-television\/\"]}]},{\"@type\":\"ImageObject\",\"inLanguage\":\"ga\",\"@id\":\"https:\/\/dev.tg4.ie\/ga\/eolas\/preas\/nuacht-raitis\/2018-2\/meamram-tuisceana-le-siniu-idir-tg4-agus-jeonju-television\/#primaryimage\",\"url\":\"https:\/\/tg4-docs.s3.amazonaws.com\/tg4-redesign-2015\/wp-content\/uploads\/2018\/06\/Korea2.jpg\",\"contentUrl\":\"https:\/\/tg4-docs.s3.amazonaws.com\/tg4-redesign-2015\/wp-content\/uploads\/2018\/06\/Korea2.jpg\",\"width\":1920,\"height\":1080,\"caption\":\"Korea 2\"},{\"@type\":\"BreadcrumbList\",\"@id\":\"https:\/\/dev.tg4.ie\/ga\/eolas\/preas\/nuacht-raitis\/2018-2\/meamram-tuisceana-le-siniu-idir-tg4-agus-jeonju-television\/#breadcrumb\",\"itemListElement\":[{\"@type\":\"ListItem\",\"position\":1,\"name\":\"Home\",\"item\":\"https:\/\/dev.tg4.ie\/ga\/\"},{\"@type\":\"ListItem\",\"position\":2,\"name\":\"Eolas\",\"item\":\"https:\/\/dev.tg4.ie\/ga\/eolas\/\"},{\"@type\":\"ListItem\",\"position\":3,\"name\":\"Preas\",\"item\":\"https:\/\/dev.tg4.ie\/ga\/eolas\/preas\/\"},{\"@type\":\"ListItem\",\"position\":4,\"name\":\"Nuacht R\u00e1itis\",\"item\":\"https:\/\/dev.tg4.ie\/ga\/eolas\/preas\/nuacht-raitis\/\"},{\"@type\":\"ListItem\",\"position\":5,\"name\":\"2018\",\"item\":\"https:\/\/dev.tg4.ie\/ga\/eolas\/preas\/nuacht-raitis\/2018-2\/\"},{\"@type\":\"ListItem\",\"position\":6,\"name\":\"Meamram Tuisceana le s\u00edni\u00fa idir TG4 agus Jeonju Television\"}]},{\"@type\":\"WebSite\",\"@id\":\"https:\/\/dev.tg4.ie\/en\/#website\",\"url\":\"https:\/\/dev.tg4.ie\/en\/\",\"name\":\"TG4\",\"description\":\"S\u00fail Eile\",\"potentialAction\":[{\"@type\":\"SearchAction\",\"target\":{\"@type\":\"EntryPoint\",\"urlTemplate\":\"https:\/\/dev.tg4.ie\/en\/?s={search_term_string}\"},\"query-input\":\"required name=search_term_string\"}],\"inLanguage\":\"ga\"}]}<\/script>\n<!-- \/ Yoast SEO plugin. -->","yoast_head_json":{"title":"Meamram Tuisceana le s\u00edni\u00fa idir TG4 agus Jeonju Television - TG4","robots":{"index":"index","follow":"follow","max-snippet":"max-snippet:-1","max-image-preview":"max-image-preview:large","max-video-preview":"max-video-preview:-1"},"og_locale":"en_US","og_type":"article","og_title":"Meamram Tuisceana le s\u00edni\u00fa idir TG4 agus Jeonju Television - TG4","og_description":"Faoin socr\u00fa nua, t\u00e1 s\u00e9 i gceist cl\u00e1ir agus \u00e1bhar den scoth a mhalart\u00fa, \u00e1bhar cruthaitheach a chomhl\u00e9iri\u00fa, tac\u00fa le hiarrachta\u00ed marga\u00edochta agus forbairt a dh\u00e9anamh ar acmhainn\u00ed daonna sa d\u00e1 th\u00edr. Is craolt\u00f3ir seirbh\u00edse poibl\u00ed \u00e9 Jeonju Television a fhaigheann maoini\u00fa \u00f3 Ghn\u00edomhaireacht Cumars\u00e1ide na C\u00f3ir\u00e9 Theas (Korean Communications Agency &#8211; KCA) don chl\u00e1r [&hellip;]","og_url":"https:\/\/dev.tg4.ie\/ga\/eolas\/preas\/nuacht-raitis\/2018-2\/meamram-tuisceana-le-siniu-idir-tg4-agus-jeonju-television\/","og_site_name":"TG4","article_publisher":"https:\/\/www.facebook.com\/TG4TV","article_modified_time":"2019-07-01T10:30:25+00:00","og_image":[{"width":1920,"height":1080,"url":"https:\/\/tg4-docs.s3.amazonaws.com\/tg4-redesign-2015\/wp-content\/uploads\/2018\/06\/Korea2.jpg","type":"image\/jpeg"}],"twitter_card":"summary_large_image","twitter_site":"@TG4TV","twitter_misc":{"Est. reading time":"2 minutes"},"schema":{"@context":"https:\/\/schema.org","@graph":[{"@type":"WebPage","@id":"https:\/\/dev.tg4.ie\/ga\/eolas\/preas\/nuacht-raitis\/2018-2\/meamram-tuisceana-le-siniu-idir-tg4-agus-jeonju-television\/","url":"https:\/\/dev.tg4.ie\/ga\/eolas\/preas\/nuacht-raitis\/2018-2\/meamram-tuisceana-le-siniu-idir-tg4-agus-jeonju-television\/","name":"Meamram Tuisceana le s\u00edni\u00fa idir TG4 agus Jeonju Television - TG4","isPartOf":{"@id":"https:\/\/dev.tg4.ie\/en\/#website"},"primaryImageOfPage":{"@id":"https:\/\/dev.tg4.ie\/ga\/eolas\/preas\/nuacht-raitis\/2018-2\/meamram-tuisceana-le-siniu-idir-tg4-agus-jeonju-television\/#primaryimage"},"image":{"@id":"https:\/\/dev.tg4.ie\/ga\/eolas\/preas\/nuacht-raitis\/2018-2\/meamram-tuisceana-le-siniu-idir-tg4-agus-jeonju-television\/#primaryimage"},"thumbnailUrl":"https:\/\/tg4-docs.s3.amazonaws.com\/tg4-redesign-2015\/wp-content\/uploads\/2018\/06\/Korea2.jpg","datePublished":"2018-06-14T11:56:18+00:00","dateModified":"2019-07-01T10:30:25+00:00","breadcrumb":{"@id":"https:\/\/dev.tg4.ie\/ga\/eolas\/preas\/nuacht-raitis\/2018-2\/meamram-tuisceana-le-siniu-idir-tg4-agus-jeonju-television\/#breadcrumb"},"inLanguage":"ga","potentialAction":[{"@type":"ReadAction","target":["https:\/\/dev.tg4.ie\/ga\/eolas\/preas\/nuacht-raitis\/2018-2\/meamram-tuisceana-le-siniu-idir-tg4-agus-jeonju-television\/"]}]},{"@type":"ImageObject","inLanguage":"ga","@id":"https:\/\/dev.tg4.ie\/ga\/eolas\/preas\/nuacht-raitis\/2018-2\/meamram-tuisceana-le-siniu-idir-tg4-agus-jeonju-television\/#primaryimage","url":"https:\/\/tg4-docs.s3.amazonaws.com\/tg4-redesign-2015\/wp-content\/uploads\/2018\/06\/Korea2.jpg","contentUrl":"https:\/\/tg4-docs.s3.amazonaws.com\/tg4-redesign-2015\/wp-content\/uploads\/2018\/06\/Korea2.jpg","width":1920,"height":1080,"caption":"Korea 2"},{"@type":"BreadcrumbList","@id":"https:\/\/dev.tg4.ie\/ga\/eolas\/preas\/nuacht-raitis\/2018-2\/meamram-tuisceana-le-siniu-idir-tg4-agus-jeonju-television\/#breadcrumb","itemListElement":[{"@type":"ListItem","position":1,"name":"Home","item":"https:\/\/dev.tg4.ie\/ga\/"},{"@type":"ListItem","position":2,"name":"Eolas","item":"https:\/\/dev.tg4.ie\/ga\/eolas\/"},{"@type":"ListItem","position":3,"name":"Preas","item":"https:\/\/dev.tg4.ie\/ga\/eolas\/preas\/"},{"@type":"ListItem","position":4,"name":"Nuacht R\u00e1itis","item":"https:\/\/dev.tg4.ie\/ga\/eolas\/preas\/nuacht-raitis\/"},{"@type":"ListItem","position":5,"name":"2018","item":"https:\/\/dev.tg4.ie\/ga\/eolas\/preas\/nuacht-raitis\/2018-2\/"},{"@type":"ListItem","position":6,"name":"Meamram Tuisceana le s\u00edni\u00fa idir TG4 agus Jeonju Television"}]},{"@type":"WebSite","@id":"https:\/\/dev.tg4.ie\/en\/#website","url":"https:\/\/dev.tg4.ie\/en\/","name":"TG4","description":"S\u00fail Eile","potentialAction":[{"@type":"SearchAction","target":{"@type":"EntryPoint","urlTemplate":"https:\/\/dev.tg4.ie\/en\/?s={search_term_string}"},"query-input":"required name=search_term_string"}],"inLanguage":"ga"}]}},"_links":{"self":[{"href":"https:\/\/dev.tg4.ie\/ga\/wp-json\/wp\/v2\/pages\/84173"}],"collection":[{"href":"https:\/\/dev.tg4.ie\/ga\/wp-json\/wp\/v2\/pages"}],"about":[{"href":"https:\/\/dev.tg4.ie\/ga\/wp-json\/wp\/v2\/types\/page"}],"author":[{"embeddable":true,"href":"https:\/\/dev.tg4.ie\/ga\/wp-json\/wp\/v2\/users\/876"}],"replies":[{"embeddable":true,"href":"https:\/\/dev.tg4.ie\/ga\/wp-json\/wp\/v2\/comments?post=84173"}],"version-history":[{"count":0,"href":"https:\/\/dev.tg4.ie\/ga\/wp-json\/wp\/v2\/pages\/84173\/revisions"}],"up":[{"embeddable":true,"href":"https:\/\/dev.tg4.ie\/ga\/wp-json\/wp\/v2\/pages\/72849"}],"wp:featuredmedia":[{"embeddable":true,"href":"https:\/\/dev.tg4.ie\/ga\/wp-json\/wp\/v2\/media\/84197"}],"wp:attachment":[{"href":"https:\/\/dev.tg4.ie\/ga\/wp-json\/wp\/v2\/media?parent=84173"}],"curies":[{"name":"wp","href":"https:\/\/api.w.org\/{rel}","templated":true}]}}