{"id":84685,"date":"2018-06-27T14:34:54","date_gmt":"2018-06-27T13:34:54","guid":{"rendered":"https:\/\/dev.tg4.ie\/?page_id=84685"},"modified":"2019-07-01T11:32:23","modified_gmt":"2019-07-01T10:32:23","slug":"spasairi-banrionacha-agus-ropairi-ag-cur-na-gaeilge-chun-cinn-i-bhfeachtas-nualach-fograiochta-tg4","status":"publish","type":"page","link":"https:\/\/dev.tg4.ie\/ga\/eolas\/preas\/nuacht-raitis\/2018-2\/spasairi-banrionacha-agus-ropairi-ag-cur-na-gaeilge-chun-cinn-i-bhfeachtas-nualach-fograiochta-tg4\/","title":{"rendered":"Sp\u00e1sair\u00ed, Banr\u00edonacha agus Ropair\u00ed ag cur na Gaeilge chun cinn i bhfeachtas nu\u00e1lach f\u00f3gra\u00edochta TG4"},"content":{"rendered":"<p>Cuireadh an feachtas<span>\u00a0<\/span><strong>\u2018T\u00e1 Gaeilge Agam\u2019<\/strong><span>\u00a0<\/span>le ch\u00e9ile i gcomhph\u00e1irt leis an gcomhlacht f\u00f3gra\u00edochta as Baile \u00c1tha Cliath a bhfuil iliomad duaiseanna buaite acu, Publicis agus \u00e9 mar chuid l\u00e1rnach de rannph\u00e1irt\u00edocht TG4 le \u2018Bliain na Gaeilge\u2019. Tionscnamh Rialtais at\u00e1 anseo chun an Ghaeilge a chur chun cinn in 2018.<span>\u00a0<\/span><\/p>\n<p>Feachtas<span><strong>\u00a0<\/strong><\/span>spra\u00ed\u00fail, feice\u00e1lach, ilmhe\u00e1n \u00e9,<span>\u00a0<\/span><strong>\u2018T\u00e1 Gaeilge Agam\u2019<\/strong>, at\u00e1 \u00e1 chur i l\u00e1thair i gcl\u00f3, ar theilif\u00eds, ar raidi\u00f3, ar l\u00edne agus ar fh\u00f3gra\u00ed lasmuigh. T\u00e1 s\u00e9 d\u00edrithe ar \u2018Ghaeilgeoir\u00ed\u2019 de gach leibh\u00e9al, chun iad a spreagadh leis an m\u00e9id Gaeilge at\u00e1 acu a \u00fas\u00e1id, m\u00e1s \u2018c\u00fapla focal\u2019 \u00e9 &#8211; amhail an sp\u00e1saire Chris Hadfield a bhain c\u00e1il amach le giolc as Gaeilge a sheol s\u00e9 \u00f3n sp\u00e1s -n\u00f3 m\u00e1 t\u00e1 muid \u2018l\u00edofa\u2019, ar n\u00f3s bean chumasach Th\u00edr Chonaill, Caitl\u00edn Nic Aoidh.<\/p>\n<p>I dteachtaireacht taca\u00edochta don tionscnamh a chuir s\u00ed ar na me\u00e1in sh\u00f3isialta le d\u00e9ana\u00ed, deir r\u00e9alta rugba\u00ed na mban<span>\u00a0<\/span><strong>Sene Naoupu<\/strong>: \u2018<em>Is as an Nua Sh\u00e9alainn domsa agus t\u00e1im l\u00edofa i Sam\u00f3is. Nuair a bh\u00ed c\u00f3na\u00ed orainn sa tSeap\u00e1in bh\u00ed m\u00e9 l\u00edofa i Nihongo (Seap\u00e1inis). Agus muid in\u00e1r gc\u00f3na\u00ed i Sasana, labhair muid B\u00e9arla. D\u00e1 bhr\u00ed sin, nuair a bhog muid go h\u00c9irinn, at\u00e1 mar bhaile anois againn, thum muid sinn f\u00e9in i gcult\u00far na h\u00c9ireann agus leis sin tagann tuiscint ar an stair bhr\u00f3d\u00fail agus ar an bhf\u00e9ini\u00falacht a bhaineann leis an nGaeilge!\u00a0Mar n\u00e1isi\u00fan m\u00f3r sp\u00f3irt, is m\u00f3r againn a bheith ina n\u00c9ireannaigh ach faraor n\u00ed leathna\u00edonn s\u00e9 sin chuig br\u00f3d in\u00e1r dteanga<\/em>\u2019.<\/p>\n<p>T\u00e1 TG4 ag iarraidh ar dhaoine sampla Sene agus na r\u00e9alta\u00ed eile a lean\u00faint, \u2018maidir leis an \u00e1bhar ar l\u00edne, iarraimid ar dhaoine \u00e9 a roinnt, an \u2018twibbon\u2019 a \u00fas\u00e1id agus tabhairt faoin d\u00fashl\u00e1n iad f\u00e9in. Is \u00e9 sin, cuma c\u00e9n cumas at\u00e1 agat sa Ghaeilge, \u00ed a \u00fas\u00e1id go br\u00f3d\u00fail agus go gl\u00f3rach, p\u00e9 \u00e1it a bhfuil t\u00fa.<\/p>\n<p>Deir Sti\u00farth\u00f3ir Cruthaitheach TG4, Se\u00e1n Cathal \u00d3 Coile\u00e1in: \u2018<em>Caithfidh an Ghaeilge a bheith \u00e1bhartha, f\u00e1ilteach agus \u00e9ags\u00fail, m\u00e1 t\u00e1 muid chun breith ar mhaidhm nua de dhaoine a bhfuil suim acu inti, ach at\u00e1 faoi l\u00e1thair beag\u00e1n drogallach \u00e1r dteanga a labhairt. San fheachtas seo t\u00e1 TG4 ag iarraidh, ar bhealach spra\u00ed\u00fail, daoine a mhealladh chun gn\u00edomh dearfach a ghlacadh<\/em>\u2019.<\/p>\n<p><strong>B\u00ed linn san fheachtas!<\/strong><\/p>\n<p>Is f\u00e9idir breis eolais ar sh\u00edomh gr\u00e9as\u00e1n TG4 anseo:<\/p>\n<ul>\n<li><a href=\"https:\/\/dev.tg4.ie\/tagaeilgeagam\/\">https:\/\/dev.tg4.ie\/tagaeilgeagam\/<\/a><\/li>\n<li>Seo an nasc chuig an fh\u00edse\u00e1n bolscaireachta:\u00a0 \u00a0<a href=\"https:\/\/www.youtube.com\/watch?v=N7_ZF7Ppa8I\">https:\/\/www.youtube.com\/watch?v=N7_ZF7Ppa8I<\/a><\/li>\n<\/ul>\n<p><strong><u>C\u00e9ard faoi Twibbon a \u00fas\u00e1id:<\/u><\/strong><\/p>\n<ul>\n<li>Add the badge to your profile <strong>#T\u00e1GaeilgeAgam\u00a0<\/strong>Clice\u00e1il anseo <strong>\u00a0&#8211; <\/strong><a href=\"http:\/\/bit.ly\/TaGaeilgeAgam\">http:\/\/bit.ly\/TaGaeilgeAgam<\/a><\/li>\n<\/ul>\n","protected":false},"excerpt":{"rendered":"<p>Cuireadh an feachtas\u00a0\u2018T\u00e1 Gaeilge Agam\u2019\u00a0le ch\u00e9ile i gcomhph\u00e1irt leis an gcomhlacht f\u00f3gra\u00edochta as Baile \u00c1tha Cliath a bhfuil iliomad duaiseanna buaite acu, Publicis agus \u00e9 mar chuid l\u00e1rnach de rannph\u00e1irt\u00edocht TG4 le \u2018Bliain na Gaeilge\u2019. Tionscnamh Rialtais at\u00e1 anseo chun an Ghaeilge a chur chun cinn in 2018.\u00a0 Feachtas\u00a0spra\u00ed\u00fail, feice\u00e1lach, ilmhe\u00e1n \u00e9,\u00a0\u2018T\u00e1 Gaeilge Agam\u2019, at\u00e1 [&hellip;]<\/p>\n","protected":false},"author":876,"featured_media":84876,"parent":72849,"menu_order":25,"comment_status":"closed","ping_status":"closed","template":"page-templates\/template-pr.php","meta":{"_acf_changed":false,"footnotes":""},"acf":[],"yoast_head":"<!-- This site is optimized with the Yoast SEO plugin v22.6 - https:\/\/yoast.com\/wordpress\/plugins\/seo\/ -->\n<title>Sp\u00e1sair\u00ed, Banr\u00edonacha agus Ropair\u00ed ag cur na Gaeilge chun cinn i bhfeachtas nu\u00e1lach f\u00f3gra\u00edochta TG4 - TG4<\/title>\n<meta name=\"robots\" content=\"index, follow, max-snippet:-1, max-image-preview:large, max-video-preview:-1\" \/>\n<meta property=\"og:locale\" content=\"en_US\" \/>\n<meta property=\"og:type\" content=\"article\" \/>\n<meta property=\"og:title\" content=\"Sp\u00e1sair\u00ed, Banr\u00edonacha agus Ropair\u00ed ag cur na Gaeilge chun cinn i bhfeachtas nu\u00e1lach f\u00f3gra\u00edochta TG4 - TG4\" \/>\n<meta property=\"og:description\" content=\"Cuireadh an feachtas\u00a0\u2018T\u00e1 Gaeilge Agam\u2019\u00a0le ch\u00e9ile i gcomhph\u00e1irt leis an gcomhlacht f\u00f3gra\u00edochta as Baile \u00c1tha Cliath a bhfuil iliomad duaiseanna buaite acu, Publicis agus \u00e9 mar chuid l\u00e1rnach de rannph\u00e1irt\u00edocht TG4 le \u2018Bliain na Gaeilge\u2019. Tionscnamh Rialtais at\u00e1 anseo chun an Ghaeilge a chur chun cinn in 2018.\u00a0 Feachtas\u00a0spra\u00ed\u00fail, feice\u00e1lach, ilmhe\u00e1n \u00e9,\u00a0\u2018T\u00e1 Gaeilge Agam\u2019, at\u00e1 [&hellip;]\" \/>\n<meta property=\"og:url\" content=\"https:\/\/dev.tg4.ie\/ga\/eolas\/preas\/nuacht-raitis\/2018-2\/spasairi-banrionacha-agus-ropairi-ag-cur-na-gaeilge-chun-cinn-i-bhfeachtas-nualach-fograiochta-tg4\/\" \/>\n<meta property=\"og:site_name\" content=\"TG4\" \/>\n<meta property=\"article:publisher\" content=\"https:\/\/www.facebook.com\/TG4TV\" \/>\n<meta property=\"article:modified_time\" content=\"2019-07-01T10:32:23+00:00\" \/>\n<meta property=\"og:image\" content=\"https:\/\/tg4-docs.s3.amazonaws.com\/tg4-redesign-2015\/wp-content\/uploads\/2018\/06\/1920x1080-BnaG-Caitlin-2.jpg\" \/>\n\t<meta property=\"og:image:width\" content=\"1920\" \/>\n\t<meta property=\"og:image:height\" content=\"1080\" \/>\n\t<meta property=\"og:image:type\" content=\"image\/jpeg\" \/>\n<meta name=\"twitter:card\" content=\"summary_large_image\" \/>\n<meta name=\"twitter:site\" content=\"@TG4TV\" \/>\n<meta name=\"twitter:label1\" content=\"Est. reading time\" \/>\n\t<meta name=\"twitter:data1\" content=\"3 minutes\" \/>\n<script type=\"application\/ld+json\" class=\"yoast-schema-graph\">{\"@context\":\"https:\/\/schema.org\",\"@graph\":[{\"@type\":\"WebPage\",\"@id\":\"https:\/\/dev.tg4.ie\/ga\/eolas\/preas\/nuacht-raitis\/2018-2\/spasairi-banrionacha-agus-ropairi-ag-cur-na-gaeilge-chun-cinn-i-bhfeachtas-nualach-fograiochta-tg4\/\",\"url\":\"https:\/\/dev.tg4.ie\/ga\/eolas\/preas\/nuacht-raitis\/2018-2\/spasairi-banrionacha-agus-ropairi-ag-cur-na-gaeilge-chun-cinn-i-bhfeachtas-nualach-fograiochta-tg4\/\",\"name\":\"Sp\u00e1sair\u00ed, Banr\u00edonacha agus Ropair\u00ed ag cur na Gaeilge chun cinn i bhfeachtas nu\u00e1lach f\u00f3gra\u00edochta TG4 - TG4\",\"isPartOf\":{\"@id\":\"https:\/\/dev.tg4.ie\/en\/#website\"},\"primaryImageOfPage\":{\"@id\":\"https:\/\/dev.tg4.ie\/ga\/eolas\/preas\/nuacht-raitis\/2018-2\/spasairi-banrionacha-agus-ropairi-ag-cur-na-gaeilge-chun-cinn-i-bhfeachtas-nualach-fograiochta-tg4\/#primaryimage\"},\"image\":{\"@id\":\"https:\/\/dev.tg4.ie\/ga\/eolas\/preas\/nuacht-raitis\/2018-2\/spasairi-banrionacha-agus-ropairi-ag-cur-na-gaeilge-chun-cinn-i-bhfeachtas-nualach-fograiochta-tg4\/#primaryimage\"},\"thumbnailUrl\":\"https:\/\/tg4-docs.s3.amazonaws.com\/tg4-redesign-2015\/wp-content\/uploads\/2018\/06\/1920x1080-BnaG-Caitlin-2.jpg\",\"datePublished\":\"2018-06-27T13:34:54+00:00\",\"dateModified\":\"2019-07-01T10:32:23+00:00\",\"breadcrumb\":{\"@id\":\"https:\/\/dev.tg4.ie\/ga\/eolas\/preas\/nuacht-raitis\/2018-2\/spasairi-banrionacha-agus-ropairi-ag-cur-na-gaeilge-chun-cinn-i-bhfeachtas-nualach-fograiochta-tg4\/#breadcrumb\"},\"inLanguage\":\"ga\",\"potentialAction\":[{\"@type\":\"ReadAction\",\"target\":[\"https:\/\/dev.tg4.ie\/ga\/eolas\/preas\/nuacht-raitis\/2018-2\/spasairi-banrionacha-agus-ropairi-ag-cur-na-gaeilge-chun-cinn-i-bhfeachtas-nualach-fograiochta-tg4\/\"]}]},{\"@type\":\"ImageObject\",\"inLanguage\":\"ga\",\"@id\":\"https:\/\/dev.tg4.ie\/ga\/eolas\/preas\/nuacht-raitis\/2018-2\/spasairi-banrionacha-agus-ropairi-ag-cur-na-gaeilge-chun-cinn-i-bhfeachtas-nualach-fograiochta-tg4\/#primaryimage\",\"url\":\"https:\/\/tg4-docs.s3.amazonaws.com\/tg4-redesign-2015\/wp-content\/uploads\/2018\/06\/1920x1080-BnaG-Caitlin-2.jpg\",\"contentUrl\":\"https:\/\/tg4-docs.s3.amazonaws.com\/tg4-redesign-2015\/wp-content\/uploads\/2018\/06\/1920x1080-BnaG-Caitlin-2.jpg\",\"width\":1920,\"height\":1080,\"caption\":\"Bliain na Gaeilge - Caitl\u00edn\"},{\"@type\":\"BreadcrumbList\",\"@id\":\"https:\/\/dev.tg4.ie\/ga\/eolas\/preas\/nuacht-raitis\/2018-2\/spasairi-banrionacha-agus-ropairi-ag-cur-na-gaeilge-chun-cinn-i-bhfeachtas-nualach-fograiochta-tg4\/#breadcrumb\",\"itemListElement\":[{\"@type\":\"ListItem\",\"position\":1,\"name\":\"Home\",\"item\":\"https:\/\/dev.tg4.ie\/ga\/\"},{\"@type\":\"ListItem\",\"position\":2,\"name\":\"Eolas\",\"item\":\"https:\/\/dev.tg4.ie\/ga\/eolas\/\"},{\"@type\":\"ListItem\",\"position\":3,\"name\":\"Preas\",\"item\":\"https:\/\/dev.tg4.ie\/ga\/eolas\/preas\/\"},{\"@type\":\"ListItem\",\"position\":4,\"name\":\"Nuacht R\u00e1itis\",\"item\":\"https:\/\/dev.tg4.ie\/ga\/eolas\/preas\/nuacht-raitis\/\"},{\"@type\":\"ListItem\",\"position\":5,\"name\":\"2018\",\"item\":\"https:\/\/dev.tg4.ie\/ga\/eolas\/preas\/nuacht-raitis\/2018-2\/\"},{\"@type\":\"ListItem\",\"position\":6,\"name\":\"Sp\u00e1sair\u00ed, Banr\u00edonacha agus Ropair\u00ed ag cur na Gaeilge chun cinn i bhfeachtas nu\u00e1lach f\u00f3gra\u00edochta TG4\"}]},{\"@type\":\"WebSite\",\"@id\":\"https:\/\/dev.tg4.ie\/en\/#website\",\"url\":\"https:\/\/dev.tg4.ie\/en\/\",\"name\":\"TG4\",\"description\":\"S\u00fail Eile\",\"potentialAction\":[{\"@type\":\"SearchAction\",\"target\":{\"@type\":\"EntryPoint\",\"urlTemplate\":\"https:\/\/dev.tg4.ie\/en\/?s={search_term_string}\"},\"query-input\":\"required name=search_term_string\"}],\"inLanguage\":\"ga\"}]}<\/script>\n<!-- \/ Yoast SEO plugin. -->","yoast_head_json":{"title":"Sp\u00e1sair\u00ed, Banr\u00edonacha agus Ropair\u00ed ag cur na Gaeilge chun cinn i bhfeachtas nu\u00e1lach f\u00f3gra\u00edochta TG4 - TG4","robots":{"index":"index","follow":"follow","max-snippet":"max-snippet:-1","max-image-preview":"max-image-preview:large","max-video-preview":"max-video-preview:-1"},"og_locale":"en_US","og_type":"article","og_title":"Sp\u00e1sair\u00ed, Banr\u00edonacha agus Ropair\u00ed ag cur na Gaeilge chun cinn i bhfeachtas nu\u00e1lach f\u00f3gra\u00edochta TG4 - TG4","og_description":"Cuireadh an feachtas\u00a0\u2018T\u00e1 Gaeilge Agam\u2019\u00a0le ch\u00e9ile i gcomhph\u00e1irt leis an gcomhlacht f\u00f3gra\u00edochta as Baile \u00c1tha Cliath a bhfuil iliomad duaiseanna buaite acu, Publicis agus \u00e9 mar chuid l\u00e1rnach de rannph\u00e1irt\u00edocht TG4 le \u2018Bliain na Gaeilge\u2019. Tionscnamh Rialtais at\u00e1 anseo chun an Ghaeilge a chur chun cinn in 2018.\u00a0 Feachtas\u00a0spra\u00ed\u00fail, feice\u00e1lach, ilmhe\u00e1n \u00e9,\u00a0\u2018T\u00e1 Gaeilge Agam\u2019, at\u00e1 [&hellip;]","og_url":"https:\/\/dev.tg4.ie\/ga\/eolas\/preas\/nuacht-raitis\/2018-2\/spasairi-banrionacha-agus-ropairi-ag-cur-na-gaeilge-chun-cinn-i-bhfeachtas-nualach-fograiochta-tg4\/","og_site_name":"TG4","article_publisher":"https:\/\/www.facebook.com\/TG4TV","article_modified_time":"2019-07-01T10:32:23+00:00","og_image":[{"width":1920,"height":1080,"url":"https:\/\/tg4-docs.s3.amazonaws.com\/tg4-redesign-2015\/wp-content\/uploads\/2018\/06\/1920x1080-BnaG-Caitlin-2.jpg","type":"image\/jpeg"}],"twitter_card":"summary_large_image","twitter_site":"@TG4TV","twitter_misc":{"Est. reading time":"3 minutes"},"schema":{"@context":"https:\/\/schema.org","@graph":[{"@type":"WebPage","@id":"https:\/\/dev.tg4.ie\/ga\/eolas\/preas\/nuacht-raitis\/2018-2\/spasairi-banrionacha-agus-ropairi-ag-cur-na-gaeilge-chun-cinn-i-bhfeachtas-nualach-fograiochta-tg4\/","url":"https:\/\/dev.tg4.ie\/ga\/eolas\/preas\/nuacht-raitis\/2018-2\/spasairi-banrionacha-agus-ropairi-ag-cur-na-gaeilge-chun-cinn-i-bhfeachtas-nualach-fograiochta-tg4\/","name":"Sp\u00e1sair\u00ed, Banr\u00edonacha agus Ropair\u00ed ag cur na Gaeilge chun cinn i bhfeachtas nu\u00e1lach f\u00f3gra\u00edochta TG4 - TG4","isPartOf":{"@id":"https:\/\/dev.tg4.ie\/en\/#website"},"primaryImageOfPage":{"@id":"https:\/\/dev.tg4.ie\/ga\/eolas\/preas\/nuacht-raitis\/2018-2\/spasairi-banrionacha-agus-ropairi-ag-cur-na-gaeilge-chun-cinn-i-bhfeachtas-nualach-fograiochta-tg4\/#primaryimage"},"image":{"@id":"https:\/\/dev.tg4.ie\/ga\/eolas\/preas\/nuacht-raitis\/2018-2\/spasairi-banrionacha-agus-ropairi-ag-cur-na-gaeilge-chun-cinn-i-bhfeachtas-nualach-fograiochta-tg4\/#primaryimage"},"thumbnailUrl":"https:\/\/tg4-docs.s3.amazonaws.com\/tg4-redesign-2015\/wp-content\/uploads\/2018\/06\/1920x1080-BnaG-Caitlin-2.jpg","datePublished":"2018-06-27T13:34:54+00:00","dateModified":"2019-07-01T10:32:23+00:00","breadcrumb":{"@id":"https:\/\/dev.tg4.ie\/ga\/eolas\/preas\/nuacht-raitis\/2018-2\/spasairi-banrionacha-agus-ropairi-ag-cur-na-gaeilge-chun-cinn-i-bhfeachtas-nualach-fograiochta-tg4\/#breadcrumb"},"inLanguage":"ga","potentialAction":[{"@type":"ReadAction","target":["https:\/\/dev.tg4.ie\/ga\/eolas\/preas\/nuacht-raitis\/2018-2\/spasairi-banrionacha-agus-ropairi-ag-cur-na-gaeilge-chun-cinn-i-bhfeachtas-nualach-fograiochta-tg4\/"]}]},{"@type":"ImageObject","inLanguage":"ga","@id":"https:\/\/dev.tg4.ie\/ga\/eolas\/preas\/nuacht-raitis\/2018-2\/spasairi-banrionacha-agus-ropairi-ag-cur-na-gaeilge-chun-cinn-i-bhfeachtas-nualach-fograiochta-tg4\/#primaryimage","url":"https:\/\/tg4-docs.s3.amazonaws.com\/tg4-redesign-2015\/wp-content\/uploads\/2018\/06\/1920x1080-BnaG-Caitlin-2.jpg","contentUrl":"https:\/\/tg4-docs.s3.amazonaws.com\/tg4-redesign-2015\/wp-content\/uploads\/2018\/06\/1920x1080-BnaG-Caitlin-2.jpg","width":1920,"height":1080,"caption":"Bliain na Gaeilge - Caitl\u00edn"},{"@type":"BreadcrumbList","@id":"https:\/\/dev.tg4.ie\/ga\/eolas\/preas\/nuacht-raitis\/2018-2\/spasairi-banrionacha-agus-ropairi-ag-cur-na-gaeilge-chun-cinn-i-bhfeachtas-nualach-fograiochta-tg4\/#breadcrumb","itemListElement":[{"@type":"ListItem","position":1,"name":"Home","item":"https:\/\/dev.tg4.ie\/ga\/"},{"@type":"ListItem","position":2,"name":"Eolas","item":"https:\/\/dev.tg4.ie\/ga\/eolas\/"},{"@type":"ListItem","position":3,"name":"Preas","item":"https:\/\/dev.tg4.ie\/ga\/eolas\/preas\/"},{"@type":"ListItem","position":4,"name":"Nuacht R\u00e1itis","item":"https:\/\/dev.tg4.ie\/ga\/eolas\/preas\/nuacht-raitis\/"},{"@type":"ListItem","position":5,"name":"2018","item":"https:\/\/dev.tg4.ie\/ga\/eolas\/preas\/nuacht-raitis\/2018-2\/"},{"@type":"ListItem","position":6,"name":"Sp\u00e1sair\u00ed, Banr\u00edonacha agus Ropair\u00ed ag cur na Gaeilge chun cinn i bhfeachtas nu\u00e1lach f\u00f3gra\u00edochta TG4"}]},{"@type":"WebSite","@id":"https:\/\/dev.tg4.ie\/en\/#website","url":"https:\/\/dev.tg4.ie\/en\/","name":"TG4","description":"S\u00fail Eile","potentialAction":[{"@type":"SearchAction","target":{"@type":"EntryPoint","urlTemplate":"https:\/\/dev.tg4.ie\/en\/?s={search_term_string}"},"query-input":"required name=search_term_string"}],"inLanguage":"ga"}]}},"_links":{"self":[{"href":"https:\/\/dev.tg4.ie\/ga\/wp-json\/wp\/v2\/pages\/84685"}],"collection":[{"href":"https:\/\/dev.tg4.ie\/ga\/wp-json\/wp\/v2\/pages"}],"about":[{"href":"https:\/\/dev.tg4.ie\/ga\/wp-json\/wp\/v2\/types\/page"}],"author":[{"embeddable":true,"href":"https:\/\/dev.tg4.ie\/ga\/wp-json\/wp\/v2\/users\/876"}],"replies":[{"embeddable":true,"href":"https:\/\/dev.tg4.ie\/ga\/wp-json\/wp\/v2\/comments?post=84685"}],"version-history":[{"count":0,"href":"https:\/\/dev.tg4.ie\/ga\/wp-json\/wp\/v2\/pages\/84685\/revisions"}],"up":[{"embeddable":true,"href":"https:\/\/dev.tg4.ie\/ga\/wp-json\/wp\/v2\/pages\/72849"}],"wp:featuredmedia":[{"embeddable":true,"href":"https:\/\/dev.tg4.ie\/ga\/wp-json\/wp\/v2\/media\/84876"}],"wp:attachment":[{"href":"https:\/\/dev.tg4.ie\/ga\/wp-json\/wp\/v2\/media?parent=84685"}],"curies":[{"name":"wp","href":"https:\/\/api.w.org\/{rel}","templated":true}]}}