{"id":84893,"date":"2018-06-28T14:29:57","date_gmt":"2018-06-28T13:29:57","guid":{"rendered":"https:\/\/dev.tg4.ie\/?page_id=84893"},"modified":"2019-07-01T11:36:42","modified_gmt":"2019-07-01T10:36:42","slug":"failtionn-tg4-roimh-phlean-gniomhaiochta-closamhairc-an-rialtais","status":"publish","type":"page","link":"https:\/\/dev.tg4.ie\/ga\/eolas\/preas\/nuacht-raitis\/2018-2\/failtionn-tg4-roimh-phlean-gniomhaiochta-closamhairc-an-rialtais\/","title":{"rendered":"F\u00e1ilt\u00edonn TG4 roimh Phlean Gn\u00edomha\u00edochta Closamhairc an Rialtais"},"content":{"rendered":"<p>Ag labhairt d\u00f3 inniu deir Esslemont:<\/p>\n<p>\u201cT\u00e1 an earn\u00e1il Ghaeilge ag cro\u00edl\u00e1r an tionscal cruthaitheach in \u00c9irinn.<\/p>\n<p>\u201cT\u00e1 na cusp\u00f3ir\u00ed sa phlean seo ag teacht go m\u00f3r le Plean Strait\u00e9iseach 5 Bliana TG4, mar gheall ar an mb\u00e9im at\u00e1 ann ar fhorbairt an tionscal closamhairc sna r\u00e9igi\u00fain ach go h\u00e1irithe.<\/p>\n<p>\u201cAithn\u00edtear an t\u00e1bhacht mh\u00f3r at\u00e1 leis an tionscal chun cur le heacnama\u00edocht na t\u00edre agus na deiseanna forbartha breise at\u00e1 ann le hidirn\u00e1isi\u00fan\u00fa na hearn\u00e1la. T\u00e1 s\u00e9 l\u00e9irithe ag TG4 le roinnt mhaith blianta anuas chomh rath\u00fail is at\u00e1 an cur chuige seo agus t\u00e1 sampla\u00ed de na tortha\u00ed le feice\u00e1il \u00f3 chomhlachta\u00ed ar n\u00f3s Telegael, Nemeton &amp; Cartoon Saloon, a thosaigh amach san earn\u00e1il le TG4 agus at\u00e1 anois ag obair sna marga\u00ed idirn\u00e1isi\u00fanta.<\/p>\n<p>\u201cAithn\u00edtear sa phlean an g\u00e1 at\u00e1 ann le cist\u00ed breise forbartha, l\u00e9iri\u00fach\u00e1in agus comhchisti\u00fa, chomh maith leis na sc\u00e9imeanna faoiseamh c\u00e1nach at\u00e1 ar f\u00e1il a neart\u00fa.<\/p>\n<p>\u201cCaithfidh traen\u00e1il a bheith l\u00e1rnach do na hiarrachta\u00ed freisin, le go mbeidh sruth nua tallann ar f\u00e1il go lean\u00fanach don earn\u00e1il chlosamhairc.<\/p>\n<p>\u201cT\u00e1 s\u00e9 t\u00e1bhachtach go n-aithn\u00edonn an tuairisc an bunt\u00e1iste eacnama\u00edoch at\u00e1 leis an tionscal closamhairc i nGaeilge, do na r\u00e9igi\u00fain ina bhfuil na comhlachta\u00ed sin lonnaithe.<\/p>\n<p>\u201cIs c\u00f3ir don Rialtas aitheantas a thabhairt do TG4 mar cheann de na pr\u00edomh geallsealbh\u00f3ir\u00ed maidir le cur i bhfeidhm an Phlean Gn\u00edomha\u00edochta seo agus beidh muid ag s\u00fail, mar thoradh ar sin, le hionada\u00edocht ag na f\u00f3raim \u00e9ags\u00fala a bheidh ag d\u00e9ile\u00e1il leis\u201d.<\/p>\n","protected":false},"excerpt":{"rendered":"<p>Ag labhairt d\u00f3 inniu deir Esslemont: \u201cT\u00e1 an earn\u00e1il Ghaeilge ag cro\u00edl\u00e1r an tionscal cruthaitheach in \u00c9irinn. \u201cT\u00e1 na cusp\u00f3ir\u00ed sa phlean seo ag teacht go m\u00f3r le Plean Strait\u00e9iseach 5 Bliana TG4, mar gheall ar an mb\u00e9im at\u00e1 ann ar fhorbairt an tionscal closamhairc sna r\u00e9igi\u00fain ach go h\u00e1irithe. \u201cAithn\u00edtear an t\u00e1bhacht mh\u00f3r at\u00e1 [&hellip;]<\/p>\n","protected":false},"author":876,"featured_media":82214,"parent":72849,"menu_order":26,"comment_status":"closed","ping_status":"closed","template":"page-templates\/template-pr.php","meta":{"_acf_changed":false,"footnotes":""},"acf":[],"yoast_head":"<!-- This site is optimized with the Yoast SEO plugin v22.6 - https:\/\/yoast.com\/wordpress\/plugins\/seo\/ -->\n<title>F\u00e1ilt\u00edonn TG4 roimh Phlean Gn\u00edomha\u00edochta Closamhairc an Rialtais - TG4<\/title>\n<meta name=\"robots\" content=\"index, follow, max-snippet:-1, max-image-preview:large, max-video-preview:-1\" \/>\n<meta property=\"og:locale\" content=\"en_US\" \/>\n<meta property=\"og:type\" content=\"article\" \/>\n<meta property=\"og:title\" content=\"F\u00e1ilt\u00edonn TG4 roimh Phlean Gn\u00edomha\u00edochta Closamhairc an Rialtais - TG4\" \/>\n<meta property=\"og:description\" content=\"Ag labhairt d\u00f3 inniu deir Esslemont: \u201cT\u00e1 an earn\u00e1il Ghaeilge ag cro\u00edl\u00e1r an tionscal cruthaitheach in \u00c9irinn. \u201cT\u00e1 na cusp\u00f3ir\u00ed sa phlean seo ag teacht go m\u00f3r le Plean Strait\u00e9iseach 5 Bliana TG4, mar gheall ar an mb\u00e9im at\u00e1 ann ar fhorbairt an tionscal closamhairc sna r\u00e9igi\u00fain ach go h\u00e1irithe. \u201cAithn\u00edtear an t\u00e1bhacht mh\u00f3r at\u00e1 [&hellip;]\" \/>\n<meta property=\"og:url\" content=\"https:\/\/dev.tg4.ie\/ga\/eolas\/preas\/nuacht-raitis\/2018-2\/failtionn-tg4-roimh-phlean-gniomhaiochta-closamhairc-an-rialtais\/\" \/>\n<meta property=\"og:site_name\" content=\"TG4\" \/>\n<meta property=\"article:publisher\" content=\"https:\/\/www.facebook.com\/TG4TV\" \/>\n<meta property=\"article:modified_time\" content=\"2019-07-01T10:36:42+00:00\" \/>\n<meta property=\"og:image\" content=\"https:\/\/tg4-docs.s3.amazonaws.com\/tg4-redesign-2015\/wp-content\/uploads\/2018\/04\/Alan_Esslemont-TG4.jpg\" \/>\n\t<meta property=\"og:image:width\" content=\"1920\" \/>\n\t<meta property=\"og:image:height\" content=\"1080\" \/>\n\t<meta property=\"og:image:type\" content=\"image\/jpeg\" \/>\n<meta name=\"twitter:card\" content=\"summary_large_image\" \/>\n<meta name=\"twitter:site\" content=\"@TG4TV\" \/>\n<meta name=\"twitter:label1\" content=\"Est. reading time\" \/>\n\t<meta name=\"twitter:data1\" content=\"1 minute\" \/>\n<script type=\"application\/ld+json\" class=\"yoast-schema-graph\">{\"@context\":\"https:\/\/schema.org\",\"@graph\":[{\"@type\":\"WebPage\",\"@id\":\"https:\/\/dev.tg4.ie\/ga\/eolas\/preas\/nuacht-raitis\/2018-2\/failtionn-tg4-roimh-phlean-gniomhaiochta-closamhairc-an-rialtais\/\",\"url\":\"https:\/\/dev.tg4.ie\/ga\/eolas\/preas\/nuacht-raitis\/2018-2\/failtionn-tg4-roimh-phlean-gniomhaiochta-closamhairc-an-rialtais\/\",\"name\":\"F\u00e1ilt\u00edonn TG4 roimh Phlean Gn\u00edomha\u00edochta Closamhairc an Rialtais - TG4\",\"isPartOf\":{\"@id\":\"https:\/\/dev.tg4.ie\/en\/#website\"},\"primaryImageOfPage\":{\"@id\":\"https:\/\/dev.tg4.ie\/ga\/eolas\/preas\/nuacht-raitis\/2018-2\/failtionn-tg4-roimh-phlean-gniomhaiochta-closamhairc-an-rialtais\/#primaryimage\"},\"image\":{\"@id\":\"https:\/\/dev.tg4.ie\/ga\/eolas\/preas\/nuacht-raitis\/2018-2\/failtionn-tg4-roimh-phlean-gniomhaiochta-closamhairc-an-rialtais\/#primaryimage\"},\"thumbnailUrl\":\"https:\/\/tg4-docs.s3.amazonaws.com\/tg4-redesign-2015\/wp-content\/uploads\/2018\/04\/Alan_Esslemont-TG4.jpg\",\"datePublished\":\"2018-06-28T13:29:57+00:00\",\"dateModified\":\"2019-07-01T10:36:42+00:00\",\"breadcrumb\":{\"@id\":\"https:\/\/dev.tg4.ie\/ga\/eolas\/preas\/nuacht-raitis\/2018-2\/failtionn-tg4-roimh-phlean-gniomhaiochta-closamhairc-an-rialtais\/#breadcrumb\"},\"inLanguage\":\"ga\",\"potentialAction\":[{\"@type\":\"ReadAction\",\"target\":[\"https:\/\/dev.tg4.ie\/ga\/eolas\/preas\/nuacht-raitis\/2018-2\/failtionn-tg4-roimh-phlean-gniomhaiochta-closamhairc-an-rialtais\/\"]}]},{\"@type\":\"ImageObject\",\"inLanguage\":\"ga\",\"@id\":\"https:\/\/dev.tg4.ie\/ga\/eolas\/preas\/nuacht-raitis\/2018-2\/failtionn-tg4-roimh-phlean-gniomhaiochta-closamhairc-an-rialtais\/#primaryimage\",\"url\":\"https:\/\/tg4-docs.s3.amazonaws.com\/tg4-redesign-2015\/wp-content\/uploads\/2018\/04\/Alan_Esslemont-TG4.jpg\",\"contentUrl\":\"https:\/\/tg4-docs.s3.amazonaws.com\/tg4-redesign-2015\/wp-content\/uploads\/2018\/04\/Alan_Esslemont-TG4.jpg\",\"width\":1920,\"height\":1080,\"caption\":\"Alan Esslemont TG4\"},{\"@type\":\"BreadcrumbList\",\"@id\":\"https:\/\/dev.tg4.ie\/ga\/eolas\/preas\/nuacht-raitis\/2018-2\/failtionn-tg4-roimh-phlean-gniomhaiochta-closamhairc-an-rialtais\/#breadcrumb\",\"itemListElement\":[{\"@type\":\"ListItem\",\"position\":1,\"name\":\"Home\",\"item\":\"https:\/\/dev.tg4.ie\/ga\/\"},{\"@type\":\"ListItem\",\"position\":2,\"name\":\"Eolas\",\"item\":\"https:\/\/dev.tg4.ie\/ga\/eolas\/\"},{\"@type\":\"ListItem\",\"position\":3,\"name\":\"Preas\",\"item\":\"https:\/\/dev.tg4.ie\/ga\/eolas\/preas\/\"},{\"@type\":\"ListItem\",\"position\":4,\"name\":\"Nuacht R\u00e1itis\",\"item\":\"https:\/\/dev.tg4.ie\/ga\/eolas\/preas\/nuacht-raitis\/\"},{\"@type\":\"ListItem\",\"position\":5,\"name\":\"2018\",\"item\":\"https:\/\/dev.tg4.ie\/ga\/eolas\/preas\/nuacht-raitis\/2018-2\/\"},{\"@type\":\"ListItem\",\"position\":6,\"name\":\"F\u00e1ilt\u00edonn TG4 roimh Phlean Gn\u00edomha\u00edochta Closamhairc an Rialtais\"}]},{\"@type\":\"WebSite\",\"@id\":\"https:\/\/dev.tg4.ie\/en\/#website\",\"url\":\"https:\/\/dev.tg4.ie\/en\/\",\"name\":\"TG4\",\"description\":\"S\u00fail Eile\",\"potentialAction\":[{\"@type\":\"SearchAction\",\"target\":{\"@type\":\"EntryPoint\",\"urlTemplate\":\"https:\/\/dev.tg4.ie\/en\/?s={search_term_string}\"},\"query-input\":\"required name=search_term_string\"}],\"inLanguage\":\"ga\"}]}<\/script>\n<!-- \/ Yoast SEO plugin. -->","yoast_head_json":{"title":"F\u00e1ilt\u00edonn TG4 roimh Phlean Gn\u00edomha\u00edochta Closamhairc an Rialtais - TG4","robots":{"index":"index","follow":"follow","max-snippet":"max-snippet:-1","max-image-preview":"max-image-preview:large","max-video-preview":"max-video-preview:-1"},"og_locale":"en_US","og_type":"article","og_title":"F\u00e1ilt\u00edonn TG4 roimh Phlean Gn\u00edomha\u00edochta Closamhairc an Rialtais - TG4","og_description":"Ag labhairt d\u00f3 inniu deir Esslemont: \u201cT\u00e1 an earn\u00e1il Ghaeilge ag cro\u00edl\u00e1r an tionscal cruthaitheach in \u00c9irinn. \u201cT\u00e1 na cusp\u00f3ir\u00ed sa phlean seo ag teacht go m\u00f3r le Plean Strait\u00e9iseach 5 Bliana TG4, mar gheall ar an mb\u00e9im at\u00e1 ann ar fhorbairt an tionscal closamhairc sna r\u00e9igi\u00fain ach go h\u00e1irithe. \u201cAithn\u00edtear an t\u00e1bhacht mh\u00f3r at\u00e1 [&hellip;]","og_url":"https:\/\/dev.tg4.ie\/ga\/eolas\/preas\/nuacht-raitis\/2018-2\/failtionn-tg4-roimh-phlean-gniomhaiochta-closamhairc-an-rialtais\/","og_site_name":"TG4","article_publisher":"https:\/\/www.facebook.com\/TG4TV","article_modified_time":"2019-07-01T10:36:42+00:00","og_image":[{"width":1920,"height":1080,"url":"https:\/\/tg4-docs.s3.amazonaws.com\/tg4-redesign-2015\/wp-content\/uploads\/2018\/04\/Alan_Esslemont-TG4.jpg","type":"image\/jpeg"}],"twitter_card":"summary_large_image","twitter_site":"@TG4TV","twitter_misc":{"Est. reading time":"1 minute"},"schema":{"@context":"https:\/\/schema.org","@graph":[{"@type":"WebPage","@id":"https:\/\/dev.tg4.ie\/ga\/eolas\/preas\/nuacht-raitis\/2018-2\/failtionn-tg4-roimh-phlean-gniomhaiochta-closamhairc-an-rialtais\/","url":"https:\/\/dev.tg4.ie\/ga\/eolas\/preas\/nuacht-raitis\/2018-2\/failtionn-tg4-roimh-phlean-gniomhaiochta-closamhairc-an-rialtais\/","name":"F\u00e1ilt\u00edonn TG4 roimh Phlean Gn\u00edomha\u00edochta Closamhairc an Rialtais - TG4","isPartOf":{"@id":"https:\/\/dev.tg4.ie\/en\/#website"},"primaryImageOfPage":{"@id":"https:\/\/dev.tg4.ie\/ga\/eolas\/preas\/nuacht-raitis\/2018-2\/failtionn-tg4-roimh-phlean-gniomhaiochta-closamhairc-an-rialtais\/#primaryimage"},"image":{"@id":"https:\/\/dev.tg4.ie\/ga\/eolas\/preas\/nuacht-raitis\/2018-2\/failtionn-tg4-roimh-phlean-gniomhaiochta-closamhairc-an-rialtais\/#primaryimage"},"thumbnailUrl":"https:\/\/tg4-docs.s3.amazonaws.com\/tg4-redesign-2015\/wp-content\/uploads\/2018\/04\/Alan_Esslemont-TG4.jpg","datePublished":"2018-06-28T13:29:57+00:00","dateModified":"2019-07-01T10:36:42+00:00","breadcrumb":{"@id":"https:\/\/dev.tg4.ie\/ga\/eolas\/preas\/nuacht-raitis\/2018-2\/failtionn-tg4-roimh-phlean-gniomhaiochta-closamhairc-an-rialtais\/#breadcrumb"},"inLanguage":"ga","potentialAction":[{"@type":"ReadAction","target":["https:\/\/dev.tg4.ie\/ga\/eolas\/preas\/nuacht-raitis\/2018-2\/failtionn-tg4-roimh-phlean-gniomhaiochta-closamhairc-an-rialtais\/"]}]},{"@type":"ImageObject","inLanguage":"ga","@id":"https:\/\/dev.tg4.ie\/ga\/eolas\/preas\/nuacht-raitis\/2018-2\/failtionn-tg4-roimh-phlean-gniomhaiochta-closamhairc-an-rialtais\/#primaryimage","url":"https:\/\/tg4-docs.s3.amazonaws.com\/tg4-redesign-2015\/wp-content\/uploads\/2018\/04\/Alan_Esslemont-TG4.jpg","contentUrl":"https:\/\/tg4-docs.s3.amazonaws.com\/tg4-redesign-2015\/wp-content\/uploads\/2018\/04\/Alan_Esslemont-TG4.jpg","width":1920,"height":1080,"caption":"Alan Esslemont TG4"},{"@type":"BreadcrumbList","@id":"https:\/\/dev.tg4.ie\/ga\/eolas\/preas\/nuacht-raitis\/2018-2\/failtionn-tg4-roimh-phlean-gniomhaiochta-closamhairc-an-rialtais\/#breadcrumb","itemListElement":[{"@type":"ListItem","position":1,"name":"Home","item":"https:\/\/dev.tg4.ie\/ga\/"},{"@type":"ListItem","position":2,"name":"Eolas","item":"https:\/\/dev.tg4.ie\/ga\/eolas\/"},{"@type":"ListItem","position":3,"name":"Preas","item":"https:\/\/dev.tg4.ie\/ga\/eolas\/preas\/"},{"@type":"ListItem","position":4,"name":"Nuacht R\u00e1itis","item":"https:\/\/dev.tg4.ie\/ga\/eolas\/preas\/nuacht-raitis\/"},{"@type":"ListItem","position":5,"name":"2018","item":"https:\/\/dev.tg4.ie\/ga\/eolas\/preas\/nuacht-raitis\/2018-2\/"},{"@type":"ListItem","position":6,"name":"F\u00e1ilt\u00edonn TG4 roimh Phlean Gn\u00edomha\u00edochta Closamhairc an Rialtais"}]},{"@type":"WebSite","@id":"https:\/\/dev.tg4.ie\/en\/#website","url":"https:\/\/dev.tg4.ie\/en\/","name":"TG4","description":"S\u00fail Eile","potentialAction":[{"@type":"SearchAction","target":{"@type":"EntryPoint","urlTemplate":"https:\/\/dev.tg4.ie\/en\/?s={search_term_string}"},"query-input":"required name=search_term_string"}],"inLanguage":"ga"}]}},"_links":{"self":[{"href":"https:\/\/dev.tg4.ie\/ga\/wp-json\/wp\/v2\/pages\/84893"}],"collection":[{"href":"https:\/\/dev.tg4.ie\/ga\/wp-json\/wp\/v2\/pages"}],"about":[{"href":"https:\/\/dev.tg4.ie\/ga\/wp-json\/wp\/v2\/types\/page"}],"author":[{"embeddable":true,"href":"https:\/\/dev.tg4.ie\/ga\/wp-json\/wp\/v2\/users\/876"}],"replies":[{"embeddable":true,"href":"https:\/\/dev.tg4.ie\/ga\/wp-json\/wp\/v2\/comments?post=84893"}],"version-history":[{"count":0,"href":"https:\/\/dev.tg4.ie\/ga\/wp-json\/wp\/v2\/pages\/84893\/revisions"}],"up":[{"embeddable":true,"href":"https:\/\/dev.tg4.ie\/ga\/wp-json\/wp\/v2\/pages\/72849"}],"wp:featuredmedia":[{"embeddable":true,"href":"https:\/\/dev.tg4.ie\/ga\/wp-json\/wp\/v2\/media\/82214"}],"wp:attachment":[{"href":"https:\/\/dev.tg4.ie\/ga\/wp-json\/wp\/v2\/media?parent=84893"}],"curies":[{"name":"wp","href":"https:\/\/api.w.org\/{rel}","templated":true}]}}