{"id":85123,"date":"2018-07-05T14:59:07","date_gmt":"2018-07-05T13:59:07","guid":{"rendered":"https:\/\/dev.tg4.ie\/?page_id=85123"},"modified":"2019-10-22T15:57:13","modified_gmt":"2019-10-22T14:57:13","slug":"2017-2","status":"publish","type":"page","link":"https:\/\/dev.tg4.ie\/ga\/eolas\/gradaim\/2017-2\/","title":{"rendered":"2017"},"content":{"rendered":"<h1>2017<\/h1>\n<table>\n<tbody>\n<tr>\n<td><strong>Cl\u00e1r\/Duine<\/strong><\/td>\n<td><strong>Gradam<\/strong><\/td>\n<td><strong>Eagras<\/strong><\/td>\n<\/tr>\n<tr>\n<td>I mB\u00e9al na Stoirme<\/td>\n<td>BestGrand Prize<\/td>\n<td>Festival P\u00eacheurs du Monde<\/td>\n<\/tr>\n<tr>\n<td>Is Eola\u00ed M\u00e9<\/td>\n<td>Children&#8217;s Winner<\/td>\n<td>Celtic Media Festival 2017<\/td>\n<\/tr>\n<tr>\n<td>Eoin Mac N\u00e9ill &#8211;\u00a0Fear Dearmadta 1916<\/td>\n<td>History Winner<\/td>\n<td>Celtic Media Festival 2017<\/td>\n<\/tr>\n<tr>\n<td>Eoin Mac N\u00e9ill &#8211;\u00a0Fear Dearmadta 1916<\/td>\n<td>Winner Spirit of the Festival<\/td>\n<td>Celtic Media Festival 2017<\/td>\n<\/tr>\n<tr>\n<td>Rocky Ros Muc<\/td>\n<td>Best Documentary<\/td>\n<td>Galway Film Fleadh<\/td>\n<\/tr>\n<tr>\n<td>Rocky Ros Muc<\/td>\n<td>Long Listed &#8211; Oscars Feature Consideration<\/td>\n<td>Oscars 2018<\/td>\n<\/tr>\n<tr>\n<td>Rocky Ros Muc<\/td>\n<td>Best Feature Documentary USA<\/td>\n<td>Boston Irish Film Festival<\/td>\n<\/tr>\n<tr>\n<td>Song of Granite<\/td>\n<td>Best Cinematography<\/td>\n<td>Galway Film Fleadh<\/td>\n<\/tr>\n<tr>\n<td>Song of Granite<\/td>\n<td>Long Listed &#8211; Oscar Consideration Foreign Language Feature<\/td>\n<td>Oscars 2018<\/td>\n<\/tr>\n<tr>\n<td>Amhr\u00e1n na Mara \/ Song of the Sea<\/td>\n<td>Short Listed &#8211; Oscars 2017 &#8211;\u00a0Best Animated Feature<\/td>\n<td>Oscars 2017<\/td>\n<\/tr>\n<tr>\n<td><em>Caitl\u00edn Eile<\/em> &#8211;\u00a0 A storm of an idea<\/td>\n<td>Shortlisted &#8211; Social Video &#8211; Video Campaign<\/td>\n<td>Sockies 2017<\/td>\n<\/tr>\n<tr>\n<td><em>Caitl\u00edn Eile<\/em> &#8211;\u00a0 A storm of an idea<\/td>\n<td>Shortlisted &#8211; Best Integrated (cross platform) Social Media Campaign<\/td>\n<td>Sockies 2017<\/td>\n<\/tr>\n<tr>\n<td><em>Caitl\u00edn Eile<\/em> &#8211;\u00a0 A storm of an idea<\/td>\n<td>Commended &#8211; Creative Innovation<\/td>\n<td>ICAD Awards 2017<\/td>\n<\/tr>\n<tr>\n<td><em>Caitl\u00edn Eile<\/em> &#8211;\u00a0 A storm of an idea<\/td>\n<td>Commended &#8211;\u00a0Best Collaborative Campaign<\/td>\n<td>Digital Media Awards 2017<\/td>\n<\/tr>\n<tr>\n<td>C\u00fala4 \/ TG4<\/td>\n<td>Shortlisted &#8211; Best Mobile App<\/td>\n<td>Sockies 2017<\/td>\n<\/tr>\n<tr>\n<td>TG4<\/td>\n<td>Shortlisted &#8211; Best Use of Snapchat<\/td>\n<td>Sockies 2017<\/td>\n<\/tr>\n<tr>\n<td>TG4<\/td>\n<td>Shortlisted &#8211; Best Use of Realtime Marketing<\/td>\n<td>Sockies 2017<\/td>\n<\/tr>\n<tr>\n<td>TG4 Foghlaim<\/td>\n<td>S\u00e9ala Teanga \/ European Language Label<\/td>\n<td>L\u00e9argas (Department of Education and Skills)<\/td>\n<\/tr>\n<tr>\n<td>An Klondike<\/td>\n<td>Sraith Teilif\u00edse na Bliana<\/td>\n<td>Gradaim Cumars\u00e1ide an Oireachtas 2017<\/td>\n<\/tr>\n<tr>\n<td>\u00c9ire Fhi\u00e1in<\/td>\n<td>Cl\u00e1r Teilif\u00edse na Bliana<\/td>\n<td>Gradaim Cumars\u00e1ide an Oireachtas 2017<\/td>\n<\/tr>\n<tr>\n<td>Eoin Warner<\/td>\n<td>Craolt\u00f3ir Teilif\u00edse na Bliana<\/td>\n<td>Gradaim Cumars\u00e1ide an Oireachtas 2017<\/td>\n<\/tr>\n<tr>\n<td>Dara \u00d3 Dubh\u00e1in<\/td>\n<td>Aisteoir na Bliana<\/td>\n<td>Gradaim Cumars\u00e1ide an Oireachtas 2017<\/td>\n<\/tr>\n<tr>\n<td>Ned Dennehy &#8211; An Klondike 2<\/td>\n<td>Actor in a Supporting Role in Drama<\/td>\n<td>IFTA Film &amp; Drama 2017<\/td>\n<\/tr>\n<tr>\n<td>Datha\u00ed Keane\u00a0&#8211; An Klondike 2<\/td>\n<td>Director Drama<\/td>\n<td>IFTA Film &amp; Drama 2017<\/td>\n<\/tr>\n<tr>\n<td>James Phelan &#8211; Wrecking the Rising<\/td>\n<td>Script Drama<\/td>\n<td>IFTA Film &amp; Drama 2017<\/td>\n<\/tr>\n<tr>\n<td>An Klondike 2<\/td>\n<td>Nomination &#8211; Drama<\/td>\n<td>IFTA Film &amp; Drama 2017<\/td>\n<\/tr>\n<tr>\n<td>Marcus Fleming\u00a0&#8211; An Klondike 2<\/td>\n<td>Nomination &#8211; Script Drama<\/td>\n<td>IFTA Film &amp; Drama 2017<\/td>\n<\/tr>\n<tr>\n<td>Cathal Watters\u00a0&#8211; An Klondike 2<\/td>\n<td>Nomination &#8211; Cinematography<\/td>\n<td>IFTA Film &amp; Drama 2017<\/td>\n<\/tr>\n<tr>\n<td>Triona Lillis\u00a0&#8211; An Klondike 2<\/td>\n<td>Nomination &#8211; Costume Design<\/td>\n<td>IFTA Film &amp; Drama 2017<\/td>\n<\/tr>\n<tr>\n<td>An Klondike 2<\/td>\n<td>Nomination &#8211; Makeup &amp; Hair<\/td>\n<td>IFTA Film &amp; Drama 2017<\/td>\n<\/tr>\n<tr>\n<td>Wrecking the Rising<\/td>\n<td>Nomination &#8211; Makeup &amp; Hair<\/td>\n<td>IFTA Film &amp; Drama 2017<\/td>\n<\/tr>\n<tr>\n<td>Steve Lynch &#8211; An Klondike 2<\/td>\n<td>Nomination &#8211; Original Music<\/td>\n<td>IFTA Film &amp; Drama 2017<\/td>\n<\/tr>\n<\/tbody>\n<\/table>\n","protected":false},"excerpt":{"rendered":"<p>2017 Cl\u00e1r\/Duine Gradam Eagras I mB\u00e9al na Stoirme BestGrand Prize Festival P\u00eacheurs du Monde Is Eola\u00ed M\u00e9 Children&#8217;s Winner Celtic Media Festival 2017 Eoin Mac N\u00e9ill &#8211;\u00a0Fear Dearmadta 1916 History Winner Celtic Media Festival 2017 Eoin Mac N\u00e9ill &#8211;\u00a0Fear Dearmadta 1916 Winner Spirit of the Festival Celtic Media Festival 2017 Rocky Ros Muc Best Documentary [&hellip;]<\/p>\n","protected":false},"author":876,"featured_media":0,"parent":1219,"menu_order":19,"comment_status":"closed","ping_status":"closed","template":"page-templates\/template-corporate.php","meta":{"_acf_changed":false,"footnotes":""},"acf":[],"yoast_head":"<!-- This site is optimized with the Yoast SEO plugin v22.6 - https:\/\/yoast.com\/wordpress\/plugins\/seo\/ -->\n<title>2017 - TG4<\/title>\n<meta name=\"robots\" content=\"index, follow, max-snippet:-1, max-image-preview:large, max-video-preview:-1\" \/>\n<meta property=\"og:locale\" content=\"en_US\" \/>\n<meta property=\"og:type\" content=\"article\" \/>\n<meta property=\"og:title\" content=\"2017 - TG4\" \/>\n<meta property=\"og:description\" content=\"2017 Cl\u00e1r\/Duine Gradam Eagras I mB\u00e9al na Stoirme BestGrand Prize Festival P\u00eacheurs du Monde Is Eola\u00ed M\u00e9 Children&#8217;s Winner Celtic Media Festival 2017 Eoin Mac N\u00e9ill &#8211;\u00a0Fear Dearmadta 1916 History Winner Celtic Media Festival 2017 Eoin Mac N\u00e9ill &#8211;\u00a0Fear Dearmadta 1916 Winner Spirit of the Festival Celtic Media Festival 2017 Rocky Ros Muc Best Documentary [&hellip;]\" \/>\n<meta property=\"og:url\" content=\"https:\/\/dev.tg4.ie\/ga\/eolas\/gradaim\/2017-2\/\" \/>\n<meta property=\"og:site_name\" content=\"TG4\" \/>\n<meta property=\"article:publisher\" content=\"https:\/\/www.facebook.com\/TG4TV\" \/>\n<meta property=\"article:modified_time\" content=\"2019-10-22T14:57:13+00:00\" \/>\n<meta property=\"og:image\" content=\"https:\/\/tg4-docs.s3.amazonaws.com\/wp-content\/uploads\/2024\/11\/18151812\/TG4_2024_corcra_teal_1-1920x1080-1.jpg\" \/>\n\t<meta property=\"og:image:width\" content=\"1920\" \/>\n\t<meta property=\"og:image:height\" content=\"1080\" \/>\n\t<meta property=\"og:image:type\" content=\"image\/jpeg\" \/>\n<meta name=\"twitter:card\" content=\"summary_large_image\" \/>\n<meta name=\"twitter:site\" content=\"@TG4TV\" \/>\n<meta name=\"twitter:label1\" content=\"Est. reading time\" \/>\n\t<meta name=\"twitter:data1\" content=\"2 minutes\" \/>\n<script type=\"application\/ld+json\" class=\"yoast-schema-graph\">{\"@context\":\"https:\/\/schema.org\",\"@graph\":[{\"@type\":\"WebPage\",\"@id\":\"https:\/\/dev.tg4.ie\/ga\/eolas\/gradaim\/2017-2\/\",\"url\":\"https:\/\/dev.tg4.ie\/ga\/eolas\/gradaim\/2017-2\/\",\"name\":\"2017 - TG4\",\"isPartOf\":{\"@id\":\"https:\/\/dev.tg4.ie\/en\/#website\"},\"datePublished\":\"2018-07-05T13:59:07+00:00\",\"dateModified\":\"2019-10-22T14:57:13+00:00\",\"breadcrumb\":{\"@id\":\"https:\/\/dev.tg4.ie\/ga\/eolas\/gradaim\/2017-2\/#breadcrumb\"},\"inLanguage\":\"ga\",\"potentialAction\":[{\"@type\":\"ReadAction\",\"target\":[\"https:\/\/dev.tg4.ie\/ga\/eolas\/gradaim\/2017-2\/\"]}]},{\"@type\":\"BreadcrumbList\",\"@id\":\"https:\/\/dev.tg4.ie\/ga\/eolas\/gradaim\/2017-2\/#breadcrumb\",\"itemListElement\":[{\"@type\":\"ListItem\",\"position\":1,\"name\":\"Home\",\"item\":\"https:\/\/dev.tg4.ie\/ga\/\"},{\"@type\":\"ListItem\",\"position\":2,\"name\":\"Eolas\",\"item\":\"https:\/\/dev.tg4.ie\/ga\/eolas\/\"},{\"@type\":\"ListItem\",\"position\":3,\"name\":\"Gradaim\",\"item\":\"https:\/\/dev.tg4.ie\/ga\/eolas\/gradaim\/\"},{\"@type\":\"ListItem\",\"position\":4,\"name\":\"2017\"}]},{\"@type\":\"WebSite\",\"@id\":\"https:\/\/dev.tg4.ie\/en\/#website\",\"url\":\"https:\/\/dev.tg4.ie\/en\/\",\"name\":\"TG4\",\"description\":\"S\u00fail Eile\",\"potentialAction\":[{\"@type\":\"SearchAction\",\"target\":{\"@type\":\"EntryPoint\",\"urlTemplate\":\"https:\/\/dev.tg4.ie\/en\/?s={search_term_string}\"},\"query-input\":\"required name=search_term_string\"}],\"inLanguage\":\"ga\"}]}<\/script>\n<!-- \/ Yoast SEO plugin. -->","yoast_head_json":{"title":"2017 - TG4","robots":{"index":"index","follow":"follow","max-snippet":"max-snippet:-1","max-image-preview":"max-image-preview:large","max-video-preview":"max-video-preview:-1"},"og_locale":"en_US","og_type":"article","og_title":"2017 - TG4","og_description":"2017 Cl\u00e1r\/Duine Gradam Eagras I mB\u00e9al na Stoirme BestGrand Prize Festival P\u00eacheurs du Monde Is Eola\u00ed M\u00e9 Children&#8217;s Winner Celtic Media Festival 2017 Eoin Mac N\u00e9ill &#8211;\u00a0Fear Dearmadta 1916 History Winner Celtic Media Festival 2017 Eoin Mac N\u00e9ill &#8211;\u00a0Fear Dearmadta 1916 Winner Spirit of the Festival Celtic Media Festival 2017 Rocky Ros Muc Best Documentary [&hellip;]","og_url":"https:\/\/dev.tg4.ie\/ga\/eolas\/gradaim\/2017-2\/","og_site_name":"TG4","article_publisher":"https:\/\/www.facebook.com\/TG4TV","article_modified_time":"2019-10-22T14:57:13+00:00","og_image":[{"width":1920,"height":1080,"url":"https:\/\/tg4-docs.s3.amazonaws.com\/wp-content\/uploads\/2024\/11\/18151812\/TG4_2024_corcra_teal_1-1920x1080-1.jpg","type":"image\/jpeg"}],"twitter_card":"summary_large_image","twitter_site":"@TG4TV","twitter_misc":{"Est. reading time":"2 minutes"},"schema":{"@context":"https:\/\/schema.org","@graph":[{"@type":"WebPage","@id":"https:\/\/dev.tg4.ie\/ga\/eolas\/gradaim\/2017-2\/","url":"https:\/\/dev.tg4.ie\/ga\/eolas\/gradaim\/2017-2\/","name":"2017 - TG4","isPartOf":{"@id":"https:\/\/dev.tg4.ie\/en\/#website"},"datePublished":"2018-07-05T13:59:07+00:00","dateModified":"2019-10-22T14:57:13+00:00","breadcrumb":{"@id":"https:\/\/dev.tg4.ie\/ga\/eolas\/gradaim\/2017-2\/#breadcrumb"},"inLanguage":"ga","potentialAction":[{"@type":"ReadAction","target":["https:\/\/dev.tg4.ie\/ga\/eolas\/gradaim\/2017-2\/"]}]},{"@type":"BreadcrumbList","@id":"https:\/\/dev.tg4.ie\/ga\/eolas\/gradaim\/2017-2\/#breadcrumb","itemListElement":[{"@type":"ListItem","position":1,"name":"Home","item":"https:\/\/dev.tg4.ie\/ga\/"},{"@type":"ListItem","position":2,"name":"Eolas","item":"https:\/\/dev.tg4.ie\/ga\/eolas\/"},{"@type":"ListItem","position":3,"name":"Gradaim","item":"https:\/\/dev.tg4.ie\/ga\/eolas\/gradaim\/"},{"@type":"ListItem","position":4,"name":"2017"}]},{"@type":"WebSite","@id":"https:\/\/dev.tg4.ie\/en\/#website","url":"https:\/\/dev.tg4.ie\/en\/","name":"TG4","description":"S\u00fail Eile","potentialAction":[{"@type":"SearchAction","target":{"@type":"EntryPoint","urlTemplate":"https:\/\/dev.tg4.ie\/en\/?s={search_term_string}"},"query-input":"required name=search_term_string"}],"inLanguage":"ga"}]}},"_links":{"self":[{"href":"https:\/\/dev.tg4.ie\/ga\/wp-json\/wp\/v2\/pages\/85123"}],"collection":[{"href":"https:\/\/dev.tg4.ie\/ga\/wp-json\/wp\/v2\/pages"}],"about":[{"href":"https:\/\/dev.tg4.ie\/ga\/wp-json\/wp\/v2\/types\/page"}],"author":[{"embeddable":true,"href":"https:\/\/dev.tg4.ie\/ga\/wp-json\/wp\/v2\/users\/876"}],"replies":[{"embeddable":true,"href":"https:\/\/dev.tg4.ie\/ga\/wp-json\/wp\/v2\/comments?post=85123"}],"version-history":[{"count":0,"href":"https:\/\/dev.tg4.ie\/ga\/wp-json\/wp\/v2\/pages\/85123\/revisions"}],"up":[{"embeddable":true,"href":"https:\/\/dev.tg4.ie\/ga\/wp-json\/wp\/v2\/pages\/1219"}],"wp:attachment":[{"href":"https:\/\/dev.tg4.ie\/ga\/wp-json\/wp\/v2\/media?parent=85123"}],"curies":[{"name":"wp","href":"https:\/\/api.w.org\/{rel}","templated":true}]}}