{"id":89621,"date":"2018-07-03T15:03:46","date_gmt":"2018-07-03T14:03:46","guid":{"rendered":"https:\/\/dev.tg4.ie\/?page_id=89621"},"modified":"2019-07-01T11:38:18","modified_gmt":"2019-07-01T10:38:18","slug":"deimhnithe-ag-tg4-go-bhfuil-sineadh-4-bliana-le-cur-leis-an-urraiocht-ar-chraobhchomortais-pheil-na-mban","status":"publish","type":"page","link":"https:\/\/dev.tg4.ie\/ga\/eolas\/preas\/nuacht-raitis\/2018-2\/deimhnithe-ag-tg4-go-bhfuil-sineadh-4-bliana-le-cur-leis-an-urraiocht-ar-chraobhchomortais-pheil-na-mban\/","title":{"rendered":"Deimhnithe ag TG4 go bhfuil s\u00edneadh 4 bliana le cur leis an urra\u00edocht ar Chraobhchom\u00f3rtais Pheil na mBan"},"content":{"rendered":"<p>T\u00e1 s\u00edneadh ceithre bliana f\u00f3gartha ag TG4 ar urra\u00edocht an st\u00e1isi\u00fain ar Chraobhchom\u00f3rtais Idirchontae Pheil na mBan.\u00a0 Mairfidh an socr\u00fa nua go dt\u00ed deireadh sh\u00e9as\u00far 2022.<\/p>\n<p>Ag seoladh Chraobhchom\u00f3rtais Pheil na mBan TG4 d\u00fairt Ardsti\u00farth\u00f3ir TG4, Alan Esslemont, go raibh r\u00edm\u00e9ad air faoin gcomhaont\u00fa nua faoina gcuirfear s\u00edneadh le hurra\u00edocht TG4 do na craobhchom\u00f3rtais a rachaidh an st\u00e1isi\u00fan i mbun comhaont\u00fa chearta craolta le Cumann Pheil na mBan (LGFA).<\/p>\n<p>Sa bhliain 2000 a thosaigh TG4 ag d\u00e9anamh urra\u00edochta ar Chraobhchom\u00f3rtais Pheil na mBan agus beidh an chomhph\u00e1irt\u00edocht sc\u00f3r bliain sa bhliain 2020.<\/p>\n<p>Seo \u00e9 an dara babhta athnuachan d\u00e9anta ar mh\u00f3r-urra\u00edocht an LGFA le gairid.\u00a0 T\u00e1 geallta ag Lidl, p\u00e1irtn\u00e9ir\u00ed miond\u00edola an LGFA, urra\u00edocht a dh\u00e9anamh go ceann tr\u00ed bliana eile ar an tSraith N\u00e1isi\u00fanta go dt\u00ed 2021 agus an bhliain sin san \u00e1ireamh.<\/p>\n<p>T\u00e1 geallta ag TG4 17 gcluiche sraithe a chraoladh le linn sh\u00e9as\u00far 2018, ag tos\u00fa D\u00e9 Sathairn an 14 I\u00fail amach go dt\u00ed l\u00e1 Chraobh na h\u00c9ireann D\u00e9 Domhnaigh an 16 Me\u00e1n F\u00f3mhair nuair a chraolfar craobh na s\u00f3isear, an chraobh idirmhe\u00e1nach agus craobh na sinsear BEO agus go heisiach ar TG4.<\/p>\n<p>Taispe\u00e1nfar ar TG4, le linn ocht ndeireadh seachtaine, an chuid is fearr den aicsean \u00f3n gcraobhchom\u00f3rtas nuach\u00f3irithe, a imreofar ar bhonn ciorclach, sula socr\u00f3far na hocht bhfoireann a bhainfidh na cluich\u00ed ceathr\u00fa ceannais amach.<\/p>\n<p>T\u00e1 se\u00f3 speisialta roimh Chraobh na h\u00c9ireann a chraolfar beo as Teach an Ardmh\u00e9ara f\u00f3gartha ag TG4 agus an LGFA freisin an o\u00edche roimh na gcluich\u00ed craoibhe D\u00e9 Sathairn an 15 Me\u00e1n F\u00f3mhair.<\/p>\n<p>N\u00ed hamh\u00e1in go nd\u00edreofar le linn an tse\u00f3 seo ar chluich\u00ed Chraobh na h\u00c9ireann TG4 ach is ceili\u00faradh a bheidh freisin ann ar mhn\u00e1 i gc\u00farsa\u00ed sp\u00f3irt.\u00a0 Se\u00f3 speisialta, siamsa\u00edochta, l\u00e1n fuinnimh agus tapa a bheidh ann ina mbeidh measc\u00e1n de cheol, de cheili\u00faradh agus de phl\u00e9 siams\u00fail agus a mbeidh a\u00edonna an-speisialta i l\u00e1thair.<\/p>\n<p>N\u00ed raibh c\u00farsa\u00ed chomh br\u00edomhar riamh i bPeil na mBan is at\u00e1 anois.<\/p>\n<p>T\u00e1 s\u00ed ar an sp\u00f3rt is tapa a bhfuil borradh ag teacht f\u00faithi in \u00c9irinn.\u00a0 Mheall cluich\u00ed ceannais Chraobh na h\u00c9ireann TG4 46,286 go P\u00e1irc an Chr\u00f3caigh anuraidh, an l\u00edon is m\u00f3 go dt\u00ed seo agus an l\u00edon is m\u00f3 a tharraing imeacht sp\u00f3irt ban as f\u00e9in ar fud an domhain anuraidh.<\/p>\n<p>T\u00e1 s\u00e9 deimhnithe ag TG4 freisin gur fh\u00e9ach 563,000 duine ar na cluich\u00ed ar an teilif\u00eds, teistim\u00e9ireacht ar chomh maith is a d&#8217;\u00e9irigh leis an \u00f3c\u00e1id.<\/p>\n<p>Tarraing\u00edonn cl\u00fadach TG4 lucht f\u00e9achana suntasach in \u00c9irinn agus ar fud an domhain ar Sheinnteoir TG4 <span><a href=\"http:\/\/www.tg4.tv\">www.tg4.tv<\/a><\/span>.<\/p>\n<p>D\u00fairt Alan Esslemont, Ardsti\u00farth\u00f3ir TG4, thar ceann TG4: <em>\u201cF\u00e1ilt\u00edonn TG4 roimh an deis seo an m\u00f3rtas at\u00e1 againn sa gceangal seo at\u00e1 againn leis an sp\u00f3rt bre\u00e1 \u00c9ireannach seo a athdhearbh\u00fa. Faoin socr\u00fa seo d\u00e9anfar urra\u00edocht ar na Craobhchom\u00f3rtais ar chearta craolta teilif\u00edse ar an iliomad ard\u00e1n do lucht lean\u00fana an sp\u00f3irt ar sp\u00f3rt domhanda anois \u00ed. <\/em><\/p>\n<p><em>&#8220;N\u00ed inniu n\u00e1 inn\u00e9 a thosaigh an chomhph\u00e1irt\u00edocht seo idir TG4 agus an LGFA. L\u00e9ir\u00edonn an cl\u00fadach cuimsitheach a dh\u00e9anann TG4 ar na cluich\u00ed ag gach leibh\u00e9al an t\u00e1bhacht a leagaimid ar an sp\u00f3rt iontach seo at\u00e1 ag forbairt agus a bhfuil borradh faoi bliain i ndiaidh bliana. Is sampla iontach eile \u00e9 de chult\u00far saibhir agus oidhreacht na t\u00edre agus t\u00e1 m\u00f3rtas orainn baint a bheith againn leis agus as an gceangal idir an Ghaeilge agus Peil na mBan at\u00e1 ag dul \u00f3 neart go neart.<\/em><\/p>\n<p><em>\u201cSeo \u00ed Bliain na Gaeilge agus t\u00e1 r\u00edm\u00e9ad ar TG4 go bhfuil an LGFA ag cur go m\u00f3r le pr\u00f3if\u00edl na Gaeilge ar fud an Chumainn.\u00a0 T\u00e1 TG4 thar a bheith br\u00f3d\u00fail go bhfuilimid in ann an t-aitheantas is dual d\u00f3 a thabhairt do Pheil na mBan leis an gcomhph\u00e1irt\u00edocht seo leis an LGFA agus Lidl, comhph\u00e1irt\u00edocht a bhfuil ag \u00e9ir\u00ed thar cionn l\u00e9i.\u00a0 \u00a0Chuir an feachtas #properfan leis an tsuim mh\u00f3r a cuireadh sna cluich\u00ed agus leag Craobhchom\u00f3rtas LGFA na bliana seo caite agus chomh maith agus a d&#8217;\u00e9irigh leis b\u00e9im ar sp\u00f3rt do mhn\u00e1 ar fud na h\u00c9ireann. <\/em><\/p>\n<p>D\u00fairt Marie Hickey, Uachtar\u00e1n Chumann Pheil na mBan: <em>\u201cT\u00e1imid thar a bheith s\u00e1sta a dheimhni\u00fa go bhfuil s\u00edneadh le cur leis an gcomhph\u00e1irt\u00edocht fhada seo le TG4. <\/em><\/p>\n<p><em>\u201cT\u00e1 ceangal ag TG4 le Peil na mBan \u00f3n mbliain 2000 agus chuidigh siad linn an sp\u00f3rt a chur chun cinn go m\u00f3r. <\/em><\/p>\n<p><em>\u201c\u00d3 tharla daonra m\u00f3r thar lear a gcaithfimid freastal orthu agus suim mh\u00f3r a bheith sa sp\u00f3rt ar fud an domhain mh\u00f3ir, t\u00e1 an cumas at\u00e1 i TG4 cl\u00fadach a chur ar f\u00e1il do dhaoine lasmuigh d&#8217;\u00c9irinn thar a bheith t\u00e1bhachtach d\u00fainn. <\/em><\/p>\n<p><em>\u201cT\u00e1 sp\u00f3rt na mban f\u00f3s ag teacht chun cinn agus is ag m\u00e9ad\u00fa at\u00e1 s\u00e9 agus t\u00e1 baint mh\u00f3r ag cl\u00fadach n\u00edos fearr leis sin. \u00a0<\/em><\/p>\n<p><em>\u201cGhlac TG4 le fonn le coincheap na gCraobhchom\u00f3rtas athch\u00f3irithe agus craolfar tuilleadh aicsin f\u00f3s ar an teilif\u00eds an samhradh seo. <\/em><\/p>\n<p><em>\u201cT\u00e1 Peil na mBan ag treor\u00fa an bhealaigh do sp\u00f3rt do mhn\u00e1 in \u00c9irinn agus i ndiaidh l\u00edon freastail n\u00e1r facthas riamh cheana in 2017, t\u00e1 s\u00fail againn d\u00e9anamh n\u00edos fearr f\u00f3s i Me\u00e1n F\u00f3mhair. <\/em><\/p>\n<p><em>\u201cTeasta\u00edonn c\u00fanamh uainn \u00f3 chlubanna agus \u00f3 chontaetha chun sin a bhaint amach agus iarraim ar lucht leanta ar fad an sp\u00f3irt tac\u00fa leis na himreoir\u00ed den ch\u00e9ad scoth seo agus iad ar a n-aistear, b&#8217;fh\u00e9idir, go P\u00e1irc an Chr\u00f3caigh via shraith Chraobh na h\u00c9ireann.\u00a0 \u00a0<\/em><\/p>\n<p><em>\u201cThug duine ar bith a raibh s\u00e9 d&#8217;\u00e1dh air a bheith i bP\u00e1irc an Chr\u00f3caigh i Me\u00e1n F\u00f3mhair seo caite do Chraobh na h\u00c9ireann Pheil na mBan cuimhn\u00ed leis a mhairfidh go br\u00e1ch.<\/em><\/p>\n<p><em>\u201cAnois an t-am ag n\u00edos m\u00f3 daoine f\u00f3s a l\u00e9iri\u00fa gur\u00a0 #properfan iad agus muid ag f\u00e1il faoi r\u00e9ir do sh\u00e9as\u00far nua. <\/em><\/p>\n<p><em>\u201cF\u00e9achann TG4 a bheith nu\u00e1lach sa gcl\u00fadach a dh\u00e9anann siad cib\u00e9 an r\u00e9amhfh\u00e9achaint, craoladh beo n\u00f3 iarfh\u00e9achaint a bh\u00edonn i gceist agus t\u00e1imid ag s\u00fail le s\u00e9as\u00far eile den ch\u00e9ad scoth d&#8217;aicsean idirchontae. <\/em><\/p>\n<p><em>\u201cT\u00e1 teacht ar chl\u00fadach l\u00edneach TG4 in \u00c9irinn agus ar fud an domhain ar an Seinnteoir ag <span><a href=\"http:\/\/www.tg4.tv\">www.tg4.tv<\/a><\/span>\u201d <\/em><\/p>\n<p>Seoladh go hoifigi\u00fail Craobhchom\u00f3rtas Pheil na mBan 2018 i bP\u00e1irc an Chr\u00f3caigh inniu, \u00e1it a raibh ionadaithe \u00f3 na 32 foireann at\u00e1 p\u00e1irteach i l\u00e1thair san ionad agus a re\u00e1cht\u00e1lfar an 45\u00fa Craobh an 16 Me\u00e1n F\u00f3mhair.<\/p>\n<p>Imreoidh na Curaidh reatha, Baile \u00c1tha Cliath, a gc\u00e9ad chluiche c\u00e1ilithe in aghaidh an Chabh\u00e1in an 21 I\u00fail, sula dtabharfaidh siad aghaidh ar Mhaigh Eo an 28 I\u00fail.\u00a0 Is iadsan an d\u00e1 fhoireann ch\u00e9anna a bh\u00ed i gCraobh na h\u00c9ireann in 2017.<\/p>\n<p>In \u00e1iteanna eile, beidh s\u00fail ag Corcaigh an chraobh a bhuaigh siad go deireadh in 2016 a bhuachan ar\u00eds i ndiaidh d\u00f3ibh craobh sinsear na Mumhan TG4 a bhuachan le gairid.<\/p>\n<p>In iarthar na t\u00edre, t\u00e1 Craobh Sinsear Chonnacht buaite dh\u00e1 bhliain i ndiaidh a ch\u00e9ile ag Gaillimh agus bh\u00ed cuma mhaith ar Dh\u00fan na nGall nuair a bhain siad Craobh Uladh amach.<\/p>\n<p>Beidh leagan amach nua ar na foirne le h\u00e1it a bhaint amach i bP\u00e1irc an Chr\u00f3caigh i mbliana agus tr\u00ed fhoireann i ngach ceann de na cheithre ghr\u00fapa c\u00e1ilithe.<\/p>\n<p>Imreoidh gach foireann dh\u00e1 chluiche ina ngr\u00fapa f\u00e9in agus as sin tiocfaidh ocht bhfoireann chun cinn sna cluich\u00ed ceathr\u00fa ceannais.<\/p>\n<p>Beidh ioma\u00edocht mh\u00f3r sna Craobhchom\u00f3rtais Idirmhe\u00e1nacha agus na S\u00f3isear ar\u00eds i mbliana agus aicsean go leor ann.<\/p>\n<p>Bhuaigh T\u00edr Eoghain, a buaileadh i gCraobh na h\u00c9ireann anuraidh, craobh Uladh le gairid agus tos\u00f3idh ar cheann de na foirne is m\u00f3 a bhfuil bar\u00fail d\u00f3ibh le Corn Cuimhneach\u00e1in Mary Quinn a thabhairt leo i mbliana.<\/p>\n<p>Ach beidh com\u00f3rtas g\u00e9ar acu \u00f3 roinnt contaetha &#8211; seacht bhfoireann as Laighean san \u00e1ireamh.<\/p>\n<p>Beidh s\u00fail ag Ros Com\u00e1in freisin, a bhuaigh Craobh Chonnacht an mh\u00ed seo caite, cruth\u00fa go maith.<\/p>\n<p>Beidh seacht gcontae agus Londain agus i gCraobhchom\u00f3rtas na S\u00f3isear.\u00a0\u00a0 Buaileadh Londain sa chluiche leathcheannais anuraidh in aghaidh Fhear Manach, a bhuaigh an Chraobh ar fad sa deireadh. Beidh Londain l\u00e1idir agus s\u00fail acu dul c\u00e9im n\u00f3 dh\u00f3 chun cinn i mbliana. Is iad Doire, a chaill an Chraobh san athimirt in aghaidh Fhear Manach in 2017, curaidh reatha Uladh agus n\u00ed bheidh aon easpa d\u00edograis orthu. Is gr\u00e1d br\u00edomhar an gr\u00e1d seo ar fi\u00fa s\u00fail gh\u00e9ar a choinne\u00e1il air.<\/p>\n<p>Beidh s\u00e9 de phribhl\u00e9id ag an gCl\u00e1r agus An D\u00fan t\u00fas a chur le Craobhchom\u00f3rtas na h\u00c9ireann TG4 D\u00e9 Domhnaigh seo chugainn an 8 I\u00fail nuair a thabharfaidh siad aghaidh ar a ch\u00e9ile i mbabhta a 1 de Ghr\u00fapa 3 i gCionn \u00c1tha Gad (2.00).<\/p>\n","protected":false},"excerpt":{"rendered":"<p>T\u00e1 s\u00edneadh ceithre bliana f\u00f3gartha ag TG4 ar urra\u00edocht an st\u00e1isi\u00fain ar Chraobhchom\u00f3rtais Idirchontae Pheil na mBan.\u00a0 Mairfidh an socr\u00fa nua go dt\u00ed deireadh sh\u00e9as\u00far 2022. Ag seoladh Chraobhchom\u00f3rtais Pheil na mBan TG4 d\u00fairt Ardsti\u00farth\u00f3ir TG4, Alan Esslemont, go raibh r\u00edm\u00e9ad air faoin gcomhaont\u00fa nua faoina gcuirfear s\u00edneadh le hurra\u00edocht TG4 do na craobhchom\u00f3rtais a [&hellip;]<\/p>\n","protected":false},"author":876,"featured_media":89623,"parent":72849,"menu_order":27,"comment_status":"closed","ping_status":"closed","template":"page-templates\/template-pr.php","meta":{"_acf_changed":false,"footnotes":""},"acf":[],"yoast_head":"<!-- This site is optimized with the Yoast SEO plugin v22.6 - https:\/\/yoast.com\/wordpress\/plugins\/seo\/ -->\n<title>Deimhnithe ag TG4 go bhfuil s\u00edneadh 4 bliana le cur leis an urra\u00edocht ar Chraobhchom\u00f3rtais Pheil na mBan - TG4<\/title>\n<meta name=\"robots\" content=\"index, follow, max-snippet:-1, max-image-preview:large, max-video-preview:-1\" \/>\n<meta property=\"og:locale\" content=\"en_US\" \/>\n<meta property=\"og:type\" content=\"article\" \/>\n<meta property=\"og:title\" content=\"Deimhnithe ag TG4 go bhfuil s\u00edneadh 4 bliana le cur leis an urra\u00edocht ar Chraobhchom\u00f3rtais Pheil na mBan - TG4\" \/>\n<meta property=\"og:description\" content=\"T\u00e1 s\u00edneadh ceithre bliana f\u00f3gartha ag TG4 ar urra\u00edocht an st\u00e1isi\u00fain ar Chraobhchom\u00f3rtais Idirchontae Pheil na mBan.\u00a0 Mairfidh an socr\u00fa nua go dt\u00ed deireadh sh\u00e9as\u00far 2022. Ag seoladh Chraobhchom\u00f3rtais Pheil na mBan TG4 d\u00fairt Ardsti\u00farth\u00f3ir TG4, Alan Esslemont, go raibh r\u00edm\u00e9ad air faoin gcomhaont\u00fa nua faoina gcuirfear s\u00edneadh le hurra\u00edocht TG4 do na craobhchom\u00f3rtais a [&hellip;]\" \/>\n<meta property=\"og:url\" content=\"https:\/\/dev.tg4.ie\/ga\/eolas\/preas\/nuacht-raitis\/2018-2\/deimhnithe-ag-tg4-go-bhfuil-sineadh-4-bliana-le-cur-leis-an-urraiocht-ar-chraobhchomortais-pheil-na-mban\/\" \/>\n<meta property=\"og:site_name\" content=\"TG4\" \/>\n<meta property=\"article:publisher\" content=\"https:\/\/www.facebook.com\/TG4TV\" \/>\n<meta property=\"article:modified_time\" content=\"2019-07-01T10:38:18+00:00\" \/>\n<meta property=\"og:image\" content=\"https:\/\/tg4-docs.s3.amazonaws.com\/tg4-redesign-2015\/wp-content\/uploads\/2018\/07\/Urra%C3%ADocht-TG4-Peil-na-mBan-2018.jpg\" \/>\n\t<meta property=\"og:image:width\" content=\"1920\" \/>\n\t<meta property=\"og:image:height\" content=\"1080\" \/>\n\t<meta property=\"og:image:type\" content=\"image\/jpeg\" \/>\n<meta name=\"twitter:card\" content=\"summary_large_image\" \/>\n<meta name=\"twitter:site\" content=\"@TG4TV\" \/>\n<meta name=\"twitter:label1\" content=\"Est. reading time\" \/>\n\t<meta name=\"twitter:data1\" content=\"8 minutes\" \/>\n<script type=\"application\/ld+json\" class=\"yoast-schema-graph\">{\"@context\":\"https:\/\/schema.org\",\"@graph\":[{\"@type\":\"WebPage\",\"@id\":\"https:\/\/dev.tg4.ie\/ga\/eolas\/preas\/nuacht-raitis\/2018-2\/deimhnithe-ag-tg4-go-bhfuil-sineadh-4-bliana-le-cur-leis-an-urraiocht-ar-chraobhchomortais-pheil-na-mban\/\",\"url\":\"https:\/\/dev.tg4.ie\/ga\/eolas\/preas\/nuacht-raitis\/2018-2\/deimhnithe-ag-tg4-go-bhfuil-sineadh-4-bliana-le-cur-leis-an-urraiocht-ar-chraobhchomortais-pheil-na-mban\/\",\"name\":\"Deimhnithe ag TG4 go bhfuil s\u00edneadh 4 bliana le cur leis an urra\u00edocht ar Chraobhchom\u00f3rtais Pheil na mBan - TG4\",\"isPartOf\":{\"@id\":\"https:\/\/dev.tg4.ie\/en\/#website\"},\"primaryImageOfPage\":{\"@id\":\"https:\/\/dev.tg4.ie\/ga\/eolas\/preas\/nuacht-raitis\/2018-2\/deimhnithe-ag-tg4-go-bhfuil-sineadh-4-bliana-le-cur-leis-an-urraiocht-ar-chraobhchomortais-pheil-na-mban\/#primaryimage\"},\"image\":{\"@id\":\"https:\/\/dev.tg4.ie\/ga\/eolas\/preas\/nuacht-raitis\/2018-2\/deimhnithe-ag-tg4-go-bhfuil-sineadh-4-bliana-le-cur-leis-an-urraiocht-ar-chraobhchomortais-pheil-na-mban\/#primaryimage\"},\"thumbnailUrl\":\"https:\/\/tg4-docs.s3.amazonaws.com\/tg4-redesign-2015\/wp-content\/uploads\/2018\/07\/Urra%C3%ADocht-TG4-Peil-na-mBan-2018.jpg\",\"datePublished\":\"2018-07-03T14:03:46+00:00\",\"dateModified\":\"2019-07-01T10:38:18+00:00\",\"breadcrumb\":{\"@id\":\"https:\/\/dev.tg4.ie\/ga\/eolas\/preas\/nuacht-raitis\/2018-2\/deimhnithe-ag-tg4-go-bhfuil-sineadh-4-bliana-le-cur-leis-an-urraiocht-ar-chraobhchomortais-pheil-na-mban\/#breadcrumb\"},\"inLanguage\":\"ga\",\"potentialAction\":[{\"@type\":\"ReadAction\",\"target\":[\"https:\/\/dev.tg4.ie\/ga\/eolas\/preas\/nuacht-raitis\/2018-2\/deimhnithe-ag-tg4-go-bhfuil-sineadh-4-bliana-le-cur-leis-an-urraiocht-ar-chraobhchomortais-pheil-na-mban\/\"]}]},{\"@type\":\"ImageObject\",\"inLanguage\":\"ga\",\"@id\":\"https:\/\/dev.tg4.ie\/ga\/eolas\/preas\/nuacht-raitis\/2018-2\/deimhnithe-ag-tg4-go-bhfuil-sineadh-4-bliana-le-cur-leis-an-urraiocht-ar-chraobhchomortais-pheil-na-mban\/#primaryimage\",\"url\":\"https:\/\/tg4-docs.s3.amazonaws.com\/tg4-redesign-2015\/wp-content\/uploads\/2018\/07\/Urra%C3%ADocht-TG4-Peil-na-mBan-2018.jpg\",\"contentUrl\":\"https:\/\/tg4-docs.s3.amazonaws.com\/tg4-redesign-2015\/wp-content\/uploads\/2018\/07\/Urra%C3%ADocht-TG4-Peil-na-mBan-2018.jpg\",\"width\":1920,\"height\":1080,\"caption\":\"Urra\u00edocht TG4 Peil na mBan 2018\"},{\"@type\":\"BreadcrumbList\",\"@id\":\"https:\/\/dev.tg4.ie\/ga\/eolas\/preas\/nuacht-raitis\/2018-2\/deimhnithe-ag-tg4-go-bhfuil-sineadh-4-bliana-le-cur-leis-an-urraiocht-ar-chraobhchomortais-pheil-na-mban\/#breadcrumb\",\"itemListElement\":[{\"@type\":\"ListItem\",\"position\":1,\"name\":\"Home\",\"item\":\"https:\/\/dev.tg4.ie\/ga\/\"},{\"@type\":\"ListItem\",\"position\":2,\"name\":\"Eolas\",\"item\":\"https:\/\/dev.tg4.ie\/ga\/eolas\/\"},{\"@type\":\"ListItem\",\"position\":3,\"name\":\"Preas\",\"item\":\"https:\/\/dev.tg4.ie\/ga\/eolas\/preas\/\"},{\"@type\":\"ListItem\",\"position\":4,\"name\":\"Nuacht R\u00e1itis\",\"item\":\"https:\/\/dev.tg4.ie\/ga\/eolas\/preas\/nuacht-raitis\/\"},{\"@type\":\"ListItem\",\"position\":5,\"name\":\"2018\",\"item\":\"https:\/\/dev.tg4.ie\/ga\/eolas\/preas\/nuacht-raitis\/2018-2\/\"},{\"@type\":\"ListItem\",\"position\":6,\"name\":\"Deimhnithe ag TG4 go bhfuil s\u00edneadh 4 bliana le cur leis an urra\u00edocht ar Chraobhchom\u00f3rtais Pheil na mBan\"}]},{\"@type\":\"WebSite\",\"@id\":\"https:\/\/dev.tg4.ie\/en\/#website\",\"url\":\"https:\/\/dev.tg4.ie\/en\/\",\"name\":\"TG4\",\"description\":\"S\u00fail Eile\",\"potentialAction\":[{\"@type\":\"SearchAction\",\"target\":{\"@type\":\"EntryPoint\",\"urlTemplate\":\"https:\/\/dev.tg4.ie\/en\/?s={search_term_string}\"},\"query-input\":\"required name=search_term_string\"}],\"inLanguage\":\"ga\"}]}<\/script>\n<!-- \/ Yoast SEO plugin. -->","yoast_head_json":{"title":"Deimhnithe ag TG4 go bhfuil s\u00edneadh 4 bliana le cur leis an urra\u00edocht ar Chraobhchom\u00f3rtais Pheil na mBan - TG4","robots":{"index":"index","follow":"follow","max-snippet":"max-snippet:-1","max-image-preview":"max-image-preview:large","max-video-preview":"max-video-preview:-1"},"og_locale":"en_US","og_type":"article","og_title":"Deimhnithe ag TG4 go bhfuil s\u00edneadh 4 bliana le cur leis an urra\u00edocht ar Chraobhchom\u00f3rtais Pheil na mBan - TG4","og_description":"T\u00e1 s\u00edneadh ceithre bliana f\u00f3gartha ag TG4 ar urra\u00edocht an st\u00e1isi\u00fain ar Chraobhchom\u00f3rtais Idirchontae Pheil na mBan.\u00a0 Mairfidh an socr\u00fa nua go dt\u00ed deireadh sh\u00e9as\u00far 2022. Ag seoladh Chraobhchom\u00f3rtais Pheil na mBan TG4 d\u00fairt Ardsti\u00farth\u00f3ir TG4, Alan Esslemont, go raibh r\u00edm\u00e9ad air faoin gcomhaont\u00fa nua faoina gcuirfear s\u00edneadh le hurra\u00edocht TG4 do na craobhchom\u00f3rtais a [&hellip;]","og_url":"https:\/\/dev.tg4.ie\/ga\/eolas\/preas\/nuacht-raitis\/2018-2\/deimhnithe-ag-tg4-go-bhfuil-sineadh-4-bliana-le-cur-leis-an-urraiocht-ar-chraobhchomortais-pheil-na-mban\/","og_site_name":"TG4","article_publisher":"https:\/\/www.facebook.com\/TG4TV","article_modified_time":"2019-07-01T10:38:18+00:00","og_image":[{"width":1920,"height":1080,"url":"https:\/\/tg4-docs.s3.amazonaws.com\/tg4-redesign-2015\/wp-content\/uploads\/2018\/07\/Urra%C3%ADocht-TG4-Peil-na-mBan-2018.jpg","type":"image\/jpeg"}],"twitter_card":"summary_large_image","twitter_site":"@TG4TV","twitter_misc":{"Est. reading time":"8 minutes"},"schema":{"@context":"https:\/\/schema.org","@graph":[{"@type":"WebPage","@id":"https:\/\/dev.tg4.ie\/ga\/eolas\/preas\/nuacht-raitis\/2018-2\/deimhnithe-ag-tg4-go-bhfuil-sineadh-4-bliana-le-cur-leis-an-urraiocht-ar-chraobhchomortais-pheil-na-mban\/","url":"https:\/\/dev.tg4.ie\/ga\/eolas\/preas\/nuacht-raitis\/2018-2\/deimhnithe-ag-tg4-go-bhfuil-sineadh-4-bliana-le-cur-leis-an-urraiocht-ar-chraobhchomortais-pheil-na-mban\/","name":"Deimhnithe ag TG4 go bhfuil s\u00edneadh 4 bliana le cur leis an urra\u00edocht ar Chraobhchom\u00f3rtais Pheil na mBan - TG4","isPartOf":{"@id":"https:\/\/dev.tg4.ie\/en\/#website"},"primaryImageOfPage":{"@id":"https:\/\/dev.tg4.ie\/ga\/eolas\/preas\/nuacht-raitis\/2018-2\/deimhnithe-ag-tg4-go-bhfuil-sineadh-4-bliana-le-cur-leis-an-urraiocht-ar-chraobhchomortais-pheil-na-mban\/#primaryimage"},"image":{"@id":"https:\/\/dev.tg4.ie\/ga\/eolas\/preas\/nuacht-raitis\/2018-2\/deimhnithe-ag-tg4-go-bhfuil-sineadh-4-bliana-le-cur-leis-an-urraiocht-ar-chraobhchomortais-pheil-na-mban\/#primaryimage"},"thumbnailUrl":"https:\/\/tg4-docs.s3.amazonaws.com\/tg4-redesign-2015\/wp-content\/uploads\/2018\/07\/Urra%C3%ADocht-TG4-Peil-na-mBan-2018.jpg","datePublished":"2018-07-03T14:03:46+00:00","dateModified":"2019-07-01T10:38:18+00:00","breadcrumb":{"@id":"https:\/\/dev.tg4.ie\/ga\/eolas\/preas\/nuacht-raitis\/2018-2\/deimhnithe-ag-tg4-go-bhfuil-sineadh-4-bliana-le-cur-leis-an-urraiocht-ar-chraobhchomortais-pheil-na-mban\/#breadcrumb"},"inLanguage":"ga","potentialAction":[{"@type":"ReadAction","target":["https:\/\/dev.tg4.ie\/ga\/eolas\/preas\/nuacht-raitis\/2018-2\/deimhnithe-ag-tg4-go-bhfuil-sineadh-4-bliana-le-cur-leis-an-urraiocht-ar-chraobhchomortais-pheil-na-mban\/"]}]},{"@type":"ImageObject","inLanguage":"ga","@id":"https:\/\/dev.tg4.ie\/ga\/eolas\/preas\/nuacht-raitis\/2018-2\/deimhnithe-ag-tg4-go-bhfuil-sineadh-4-bliana-le-cur-leis-an-urraiocht-ar-chraobhchomortais-pheil-na-mban\/#primaryimage","url":"https:\/\/tg4-docs.s3.amazonaws.com\/tg4-redesign-2015\/wp-content\/uploads\/2018\/07\/Urra%C3%ADocht-TG4-Peil-na-mBan-2018.jpg","contentUrl":"https:\/\/tg4-docs.s3.amazonaws.com\/tg4-redesign-2015\/wp-content\/uploads\/2018\/07\/Urra%C3%ADocht-TG4-Peil-na-mBan-2018.jpg","width":1920,"height":1080,"caption":"Urra\u00edocht TG4 Peil na mBan 2018"},{"@type":"BreadcrumbList","@id":"https:\/\/dev.tg4.ie\/ga\/eolas\/preas\/nuacht-raitis\/2018-2\/deimhnithe-ag-tg4-go-bhfuil-sineadh-4-bliana-le-cur-leis-an-urraiocht-ar-chraobhchomortais-pheil-na-mban\/#breadcrumb","itemListElement":[{"@type":"ListItem","position":1,"name":"Home","item":"https:\/\/dev.tg4.ie\/ga\/"},{"@type":"ListItem","position":2,"name":"Eolas","item":"https:\/\/dev.tg4.ie\/ga\/eolas\/"},{"@type":"ListItem","position":3,"name":"Preas","item":"https:\/\/dev.tg4.ie\/ga\/eolas\/preas\/"},{"@type":"ListItem","position":4,"name":"Nuacht R\u00e1itis","item":"https:\/\/dev.tg4.ie\/ga\/eolas\/preas\/nuacht-raitis\/"},{"@type":"ListItem","position":5,"name":"2018","item":"https:\/\/dev.tg4.ie\/ga\/eolas\/preas\/nuacht-raitis\/2018-2\/"},{"@type":"ListItem","position":6,"name":"Deimhnithe ag TG4 go bhfuil s\u00edneadh 4 bliana le cur leis an urra\u00edocht ar Chraobhchom\u00f3rtais Pheil na mBan"}]},{"@type":"WebSite","@id":"https:\/\/dev.tg4.ie\/en\/#website","url":"https:\/\/dev.tg4.ie\/en\/","name":"TG4","description":"S\u00fail Eile","potentialAction":[{"@type":"SearchAction","target":{"@type":"EntryPoint","urlTemplate":"https:\/\/dev.tg4.ie\/en\/?s={search_term_string}"},"query-input":"required name=search_term_string"}],"inLanguage":"ga"}]}},"_links":{"self":[{"href":"https:\/\/dev.tg4.ie\/ga\/wp-json\/wp\/v2\/pages\/89621"}],"collection":[{"href":"https:\/\/dev.tg4.ie\/ga\/wp-json\/wp\/v2\/pages"}],"about":[{"href":"https:\/\/dev.tg4.ie\/ga\/wp-json\/wp\/v2\/types\/page"}],"author":[{"embeddable":true,"href":"https:\/\/dev.tg4.ie\/ga\/wp-json\/wp\/v2\/users\/876"}],"replies":[{"embeddable":true,"href":"https:\/\/dev.tg4.ie\/ga\/wp-json\/wp\/v2\/comments?post=89621"}],"version-history":[{"count":0,"href":"https:\/\/dev.tg4.ie\/ga\/wp-json\/wp\/v2\/pages\/89621\/revisions"}],"up":[{"embeddable":true,"href":"https:\/\/dev.tg4.ie\/ga\/wp-json\/wp\/v2\/pages\/72849"}],"wp:featuredmedia":[{"embeddable":true,"href":"https:\/\/dev.tg4.ie\/ga\/wp-json\/wp\/v2\/media\/89623"}],"wp:attachment":[{"href":"https:\/\/dev.tg4.ie\/ga\/wp-json\/wp\/v2\/media?parent=89621"}],"curies":[{"name":"wp","href":"https:\/\/api.w.org\/{rel}","templated":true}]}}