{"id":89869,"date":"2018-07-06T17:35:53","date_gmt":"2018-07-06T16:35:53","guid":{"rendered":"https:\/\/dev.tg4.ie\/?page_id=89869"},"modified":"2019-07-01T11:39:55","modified_gmt":"2019-07-01T10:39:55","slug":"tus-le-aistir-fleadh-ar-tg4-an-domhnach-seo","status":"publish","type":"page","link":"https:\/\/dev.tg4.ie\/ga\/eolas\/preas\/nuacht-raitis\/2018-2\/tus-le-aistir-fleadh-ar-tg4-an-domhnach-seo\/","title":{"rendered":"T\u00fas le aistir Fleadh ar TG4 an Domhnach seo"},"content":{"rendered":"<p>Cl\u00e1r a bh\u00ed ann ag teacht beo \u00f3 imeacht m\u00f3r, cl\u00e1r at\u00e1 anois ar cheann <strong>de na cl\u00e1ir is m\u00f3 ag TG4<\/strong> n\u00ed hamh\u00e1in i gcaitheamh an tsamhraidh ach le linn na bliana ar fad.\u00a0 <strong>D&#8217;fh\u00e9ach breis is 700,000<\/strong> duine ar an tsraith in 2017 i gcaitheamh deireadh seachtaine de she\u00f3nna beo. Ach n\u00ed hionann FleadhTV agus se\u00f3nna ceoil eile teilif\u00edse.\u00a0 T\u00e1 s\u00e9 ar cheann de na se\u00f3nna is m\u00f3 a mb\u00edonn teacht air <strong>ar ard\u00e1in \u00e9ags\u00fala<\/strong> agus \u00e1bhar le f\u00e1il ar an iliomad cain\u00e9al s\u00f3isialta. Le linn sheachtain na Fl\u00e9idhe in 2017, <strong>f\u00e9achadh milli\u00fan uair<\/strong> ar fh\u00edse\u00e1in ar l\u00edonra\u00ed s\u00f3isialta FleadhTV f\u00e9in. Is Fleadh an-s\u00f3isialta \u00ed!<\/p>\n<p>Arna l\u00e9iri\u00fa ag <strong>Gifted Empire Productions<\/strong>, a bhfuil <strong>dh\u00e1 ghradam IFTA<\/strong> buaite acu.<\/p>\n<p>Is iad <strong>se\u00f3nna Fleadh TV i m\u00ed L\u00fanasa<\/strong> pr\u00edomh\u00e1bhar na sraithe ach i mbliana beidh se\u00f3 breise ann agus mar sin beidh Fleadh TV ar si\u00fail \u00f3 <strong>D\u00e9ardaoin an 16 L\u00fanasa go D\u00e9 Domhnaigh an 19 L\u00fanasa, na laethanta sin san \u00e1ireamh, \u00f3 <\/strong><strong>8.30pm-11.30pm <\/strong>gach o\u00edche. I <strong>nDroichead \u00c1tha <\/strong>a bheidh <strong>Fleadh Cheoil 2018<\/strong> ar bun agus t\u00e1thar ar b\u00eds cheana f\u00e9in faoi cheann d&#8217;imeachta\u00ed m\u00f3ra an tsamhraidh.<\/p>\n<p><strong>\u00c1BHAR NUA <\/strong>i mbliana go mbeidh an Fhleadh ag filleadh ar an \u00e1it a dtosa\u00edonn s\u00ed, <strong>sna C\u00faig\u00ed.<\/strong> Cumhd\u00f3far na ceithre c\u00faige \u2013 <strong>Connachta i mB\u00e9al an \u00c1tha M\u00f3ir, Co. Liatroma an 8 I\u00fail, Laighin i Muine Bheag an 15 I\u00fail, ansin go hInis, Co. an Chl\u00e1ir linn do Fhleadh na Mumhan an Domhnach an 22 I\u00fail agus ar deireadh go Fleadh Uladh i gCaisle\u00e1n Uidhil\u00edn, Co. an D\u00fain an 29 I\u00fail. Craolfar gach se\u00f3<\/strong> \u00f3 <strong>8pm go 9.30pm<\/strong>. B\u00edonn ioma\u00edocht gh\u00e9ar ag Fleadh na gC\u00faig\u00ed agus is m\u00f3r an t-\u00fadar br\u00f3id i measc phobal an cheoil thraidisi\u00fanta \u00e1it a fh\u00e1il ag Craobh na h\u00c9ireann.\u00a0 B\u00edg\u00ed ag s\u00fail le pl\u00far na gceolt\u00f3ir\u00ed nua agus ceolt\u00f3ir\u00ed a bhfuil aithne mhaith orthu. Beidh Fleadh TV ar f\u00e1il ar fud na cruinne ag <a href=\"https:\/\/dev.tg4.ie\">www.tg4.ie<\/a><\/p>\n<p>B\u00edonn ceann feadhna ag teast\u00e1il ar chuile aisteach agus n\u00edl aon easpa ar Fleadh TV.\u00a0 Beidh <strong>Hector \u00d3 hEochag\u00e1in<\/strong> ar ais i mbliana chun sr\u00e1ideanna Dhroichead \u00c1tha a chur soir siar! In \u00e9ineacht leis, bean nach raibh ar Fleadh TV cheana beidh an ceolt\u00f3ir aitheanta agus an Gaeilgeoir <strong>Doireann N\u00ed Ghlac\u00e1in. <\/strong>Nua i measc na foirne l\u00e1ithreachais freisin i mbliana beidh <strong>l\u00e1ithreoir<\/strong>\u00a0 <strong>RT\u00c9 Radio 1 <\/strong>agus pr\u00edomhamhr\u00e1na\u00ed <strong>The Evertides, Ruth Smith<\/strong>. Is \u00ed <strong>Doireann<\/strong> a bheidh ar an sti\u00fair do Fhleadh na gC\u00faig\u00ed agus ag cur na se\u00f3nna i l\u00e1thair in \u00e9ineacht le fear nua eile, <strong>Aindrias de Staic<\/strong>.<\/p>\n","protected":false},"excerpt":{"rendered":"<p>Cl\u00e1r a bh\u00ed ann ag teacht beo \u00f3 imeacht m\u00f3r, cl\u00e1r at\u00e1 anois ar cheann de na cl\u00e1ir is m\u00f3 ag TG4 n\u00ed hamh\u00e1in i gcaitheamh an tsamhraidh ach le linn na bliana ar fad.\u00a0 D&#8217;fh\u00e9ach breis is 700,000 duine ar an tsraith in 2017 i gcaitheamh deireadh seachtaine de she\u00f3nna beo. Ach n\u00ed hionann [&hellip;]<\/p>\n","protected":false},"author":876,"featured_media":84649,"parent":72849,"menu_order":28,"comment_status":"closed","ping_status":"closed","template":"page-templates\/template-pr.php","meta":{"_acf_changed":false,"footnotes":""},"acf":[],"yoast_head":"<!-- This site is optimized with the Yoast SEO plugin v22.6 - https:\/\/yoast.com\/wordpress\/plugins\/seo\/ -->\n<title>T\u00fas le aistir Fleadh ar TG4 an Domhnach seo - TG4<\/title>\n<meta name=\"robots\" content=\"index, follow, max-snippet:-1, max-image-preview:large, max-video-preview:-1\" \/>\n<meta property=\"og:locale\" content=\"en_US\" \/>\n<meta property=\"og:type\" content=\"article\" \/>\n<meta property=\"og:title\" content=\"T\u00fas le aistir Fleadh ar TG4 an Domhnach seo - TG4\" \/>\n<meta property=\"og:description\" content=\"Cl\u00e1r a bh\u00ed ann ag teacht beo \u00f3 imeacht m\u00f3r, cl\u00e1r at\u00e1 anois ar cheann de na cl\u00e1ir is m\u00f3 ag TG4 n\u00ed hamh\u00e1in i gcaitheamh an tsamhraidh ach le linn na bliana ar fad.\u00a0 D&#8217;fh\u00e9ach breis is 700,000 duine ar an tsraith in 2017 i gcaitheamh deireadh seachtaine de she\u00f3nna beo. Ach n\u00ed hionann [&hellip;]\" \/>\n<meta property=\"og:url\" content=\"https:\/\/dev.tg4.ie\/ga\/eolas\/preas\/nuacht-raitis\/2018-2\/tus-le-aistir-fleadh-ar-tg4-an-domhnach-seo\/\" \/>\n<meta property=\"og:site_name\" content=\"TG4\" \/>\n<meta property=\"article:publisher\" content=\"https:\/\/www.facebook.com\/TG4TV\" \/>\n<meta property=\"article:modified_time\" content=\"2019-07-01T10:39:55+00:00\" \/>\n<meta property=\"og:image\" content=\"https:\/\/tg4-docs.s3.amazonaws.com\/tg4-redesign-2015\/wp-content\/uploads\/2018\/06\/Quartet_1.jpg\" \/>\n\t<meta property=\"og:image:width\" content=\"1920\" \/>\n\t<meta property=\"og:image:height\" content=\"1080\" \/>\n\t<meta property=\"og:image:type\" content=\"image\/jpeg\" \/>\n<meta name=\"twitter:card\" content=\"summary_large_image\" \/>\n<meta name=\"twitter:site\" content=\"@TG4TV\" \/>\n<meta name=\"twitter:label1\" content=\"Est. reading time\" \/>\n\t<meta name=\"twitter:data1\" content=\"2 minutes\" \/>\n<script type=\"application\/ld+json\" class=\"yoast-schema-graph\">{\"@context\":\"https:\/\/schema.org\",\"@graph\":[{\"@type\":\"WebPage\",\"@id\":\"https:\/\/dev.tg4.ie\/ga\/eolas\/preas\/nuacht-raitis\/2018-2\/tus-le-aistir-fleadh-ar-tg4-an-domhnach-seo\/\",\"url\":\"https:\/\/dev.tg4.ie\/ga\/eolas\/preas\/nuacht-raitis\/2018-2\/tus-le-aistir-fleadh-ar-tg4-an-domhnach-seo\/\",\"name\":\"T\u00fas le aistir Fleadh ar TG4 an Domhnach seo - TG4\",\"isPartOf\":{\"@id\":\"https:\/\/dev.tg4.ie\/en\/#website\"},\"primaryImageOfPage\":{\"@id\":\"https:\/\/dev.tg4.ie\/ga\/eolas\/preas\/nuacht-raitis\/2018-2\/tus-le-aistir-fleadh-ar-tg4-an-domhnach-seo\/#primaryimage\"},\"image\":{\"@id\":\"https:\/\/dev.tg4.ie\/ga\/eolas\/preas\/nuacht-raitis\/2018-2\/tus-le-aistir-fleadh-ar-tg4-an-domhnach-seo\/#primaryimage\"},\"thumbnailUrl\":\"https:\/\/tg4-docs.s3.amazonaws.com\/tg4-redesign-2015\/wp-content\/uploads\/2018\/06\/Quartet_1.jpg\",\"datePublished\":\"2018-07-06T16:35:53+00:00\",\"dateModified\":\"2019-07-01T10:39:55+00:00\",\"breadcrumb\":{\"@id\":\"https:\/\/dev.tg4.ie\/ga\/eolas\/preas\/nuacht-raitis\/2018-2\/tus-le-aistir-fleadh-ar-tg4-an-domhnach-seo\/#breadcrumb\"},\"inLanguage\":\"ga\",\"potentialAction\":[{\"@type\":\"ReadAction\",\"target\":[\"https:\/\/dev.tg4.ie\/ga\/eolas\/preas\/nuacht-raitis\/2018-2\/tus-le-aistir-fleadh-ar-tg4-an-domhnach-seo\/\"]}]},{\"@type\":\"ImageObject\",\"inLanguage\":\"ga\",\"@id\":\"https:\/\/dev.tg4.ie\/ga\/eolas\/preas\/nuacht-raitis\/2018-2\/tus-le-aistir-fleadh-ar-tg4-an-domhnach-seo\/#primaryimage\",\"url\":\"https:\/\/tg4-docs.s3.amazonaws.com\/tg4-redesign-2015\/wp-content\/uploads\/2018\/06\/Quartet_1.jpg\",\"contentUrl\":\"https:\/\/tg4-docs.s3.amazonaws.com\/tg4-redesign-2015\/wp-content\/uploads\/2018\/06\/Quartet_1.jpg\",\"width\":1920,\"height\":1080,\"caption\":\"Fleadh TV Quartet 1\"},{\"@type\":\"BreadcrumbList\",\"@id\":\"https:\/\/dev.tg4.ie\/ga\/eolas\/preas\/nuacht-raitis\/2018-2\/tus-le-aistir-fleadh-ar-tg4-an-domhnach-seo\/#breadcrumb\",\"itemListElement\":[{\"@type\":\"ListItem\",\"position\":1,\"name\":\"Home\",\"item\":\"https:\/\/dev.tg4.ie\/ga\/\"},{\"@type\":\"ListItem\",\"position\":2,\"name\":\"Eolas\",\"item\":\"https:\/\/dev.tg4.ie\/ga\/eolas\/\"},{\"@type\":\"ListItem\",\"position\":3,\"name\":\"Preas\",\"item\":\"https:\/\/dev.tg4.ie\/ga\/eolas\/preas\/\"},{\"@type\":\"ListItem\",\"position\":4,\"name\":\"Nuacht R\u00e1itis\",\"item\":\"https:\/\/dev.tg4.ie\/ga\/eolas\/preas\/nuacht-raitis\/\"},{\"@type\":\"ListItem\",\"position\":5,\"name\":\"2018\",\"item\":\"https:\/\/dev.tg4.ie\/ga\/eolas\/preas\/nuacht-raitis\/2018-2\/\"},{\"@type\":\"ListItem\",\"position\":6,\"name\":\"T\u00fas le aistir Fleadh ar TG4 an Domhnach seo\"}]},{\"@type\":\"WebSite\",\"@id\":\"https:\/\/dev.tg4.ie\/en\/#website\",\"url\":\"https:\/\/dev.tg4.ie\/en\/\",\"name\":\"TG4\",\"description\":\"S\u00fail Eile\",\"potentialAction\":[{\"@type\":\"SearchAction\",\"target\":{\"@type\":\"EntryPoint\",\"urlTemplate\":\"https:\/\/dev.tg4.ie\/en\/?s={search_term_string}\"},\"query-input\":\"required name=search_term_string\"}],\"inLanguage\":\"ga\"}]}<\/script>\n<!-- \/ Yoast SEO plugin. -->","yoast_head_json":{"title":"T\u00fas le aistir Fleadh ar TG4 an Domhnach seo - TG4","robots":{"index":"index","follow":"follow","max-snippet":"max-snippet:-1","max-image-preview":"max-image-preview:large","max-video-preview":"max-video-preview:-1"},"og_locale":"en_US","og_type":"article","og_title":"T\u00fas le aistir Fleadh ar TG4 an Domhnach seo - TG4","og_description":"Cl\u00e1r a bh\u00ed ann ag teacht beo \u00f3 imeacht m\u00f3r, cl\u00e1r at\u00e1 anois ar cheann de na cl\u00e1ir is m\u00f3 ag TG4 n\u00ed hamh\u00e1in i gcaitheamh an tsamhraidh ach le linn na bliana ar fad.\u00a0 D&#8217;fh\u00e9ach breis is 700,000 duine ar an tsraith in 2017 i gcaitheamh deireadh seachtaine de she\u00f3nna beo. Ach n\u00ed hionann [&hellip;]","og_url":"https:\/\/dev.tg4.ie\/ga\/eolas\/preas\/nuacht-raitis\/2018-2\/tus-le-aistir-fleadh-ar-tg4-an-domhnach-seo\/","og_site_name":"TG4","article_publisher":"https:\/\/www.facebook.com\/TG4TV","article_modified_time":"2019-07-01T10:39:55+00:00","og_image":[{"width":1920,"height":1080,"url":"https:\/\/tg4-docs.s3.amazonaws.com\/tg4-redesign-2015\/wp-content\/uploads\/2018\/06\/Quartet_1.jpg","type":"image\/jpeg"}],"twitter_card":"summary_large_image","twitter_site":"@TG4TV","twitter_misc":{"Est. reading time":"2 minutes"},"schema":{"@context":"https:\/\/schema.org","@graph":[{"@type":"WebPage","@id":"https:\/\/dev.tg4.ie\/ga\/eolas\/preas\/nuacht-raitis\/2018-2\/tus-le-aistir-fleadh-ar-tg4-an-domhnach-seo\/","url":"https:\/\/dev.tg4.ie\/ga\/eolas\/preas\/nuacht-raitis\/2018-2\/tus-le-aistir-fleadh-ar-tg4-an-domhnach-seo\/","name":"T\u00fas le aistir Fleadh ar TG4 an Domhnach seo - TG4","isPartOf":{"@id":"https:\/\/dev.tg4.ie\/en\/#website"},"primaryImageOfPage":{"@id":"https:\/\/dev.tg4.ie\/ga\/eolas\/preas\/nuacht-raitis\/2018-2\/tus-le-aistir-fleadh-ar-tg4-an-domhnach-seo\/#primaryimage"},"image":{"@id":"https:\/\/dev.tg4.ie\/ga\/eolas\/preas\/nuacht-raitis\/2018-2\/tus-le-aistir-fleadh-ar-tg4-an-domhnach-seo\/#primaryimage"},"thumbnailUrl":"https:\/\/tg4-docs.s3.amazonaws.com\/tg4-redesign-2015\/wp-content\/uploads\/2018\/06\/Quartet_1.jpg","datePublished":"2018-07-06T16:35:53+00:00","dateModified":"2019-07-01T10:39:55+00:00","breadcrumb":{"@id":"https:\/\/dev.tg4.ie\/ga\/eolas\/preas\/nuacht-raitis\/2018-2\/tus-le-aistir-fleadh-ar-tg4-an-domhnach-seo\/#breadcrumb"},"inLanguage":"ga","potentialAction":[{"@type":"ReadAction","target":["https:\/\/dev.tg4.ie\/ga\/eolas\/preas\/nuacht-raitis\/2018-2\/tus-le-aistir-fleadh-ar-tg4-an-domhnach-seo\/"]}]},{"@type":"ImageObject","inLanguage":"ga","@id":"https:\/\/dev.tg4.ie\/ga\/eolas\/preas\/nuacht-raitis\/2018-2\/tus-le-aistir-fleadh-ar-tg4-an-domhnach-seo\/#primaryimage","url":"https:\/\/tg4-docs.s3.amazonaws.com\/tg4-redesign-2015\/wp-content\/uploads\/2018\/06\/Quartet_1.jpg","contentUrl":"https:\/\/tg4-docs.s3.amazonaws.com\/tg4-redesign-2015\/wp-content\/uploads\/2018\/06\/Quartet_1.jpg","width":1920,"height":1080,"caption":"Fleadh TV Quartet 1"},{"@type":"BreadcrumbList","@id":"https:\/\/dev.tg4.ie\/ga\/eolas\/preas\/nuacht-raitis\/2018-2\/tus-le-aistir-fleadh-ar-tg4-an-domhnach-seo\/#breadcrumb","itemListElement":[{"@type":"ListItem","position":1,"name":"Home","item":"https:\/\/dev.tg4.ie\/ga\/"},{"@type":"ListItem","position":2,"name":"Eolas","item":"https:\/\/dev.tg4.ie\/ga\/eolas\/"},{"@type":"ListItem","position":3,"name":"Preas","item":"https:\/\/dev.tg4.ie\/ga\/eolas\/preas\/"},{"@type":"ListItem","position":4,"name":"Nuacht R\u00e1itis","item":"https:\/\/dev.tg4.ie\/ga\/eolas\/preas\/nuacht-raitis\/"},{"@type":"ListItem","position":5,"name":"2018","item":"https:\/\/dev.tg4.ie\/ga\/eolas\/preas\/nuacht-raitis\/2018-2\/"},{"@type":"ListItem","position":6,"name":"T\u00fas le aistir Fleadh ar TG4 an Domhnach seo"}]},{"@type":"WebSite","@id":"https:\/\/dev.tg4.ie\/en\/#website","url":"https:\/\/dev.tg4.ie\/en\/","name":"TG4","description":"S\u00fail Eile","potentialAction":[{"@type":"SearchAction","target":{"@type":"EntryPoint","urlTemplate":"https:\/\/dev.tg4.ie\/en\/?s={search_term_string}"},"query-input":"required name=search_term_string"}],"inLanguage":"ga"}]}},"_links":{"self":[{"href":"https:\/\/dev.tg4.ie\/ga\/wp-json\/wp\/v2\/pages\/89869"}],"collection":[{"href":"https:\/\/dev.tg4.ie\/ga\/wp-json\/wp\/v2\/pages"}],"about":[{"href":"https:\/\/dev.tg4.ie\/ga\/wp-json\/wp\/v2\/types\/page"}],"author":[{"embeddable":true,"href":"https:\/\/dev.tg4.ie\/ga\/wp-json\/wp\/v2\/users\/876"}],"replies":[{"embeddable":true,"href":"https:\/\/dev.tg4.ie\/ga\/wp-json\/wp\/v2\/comments?post=89869"}],"version-history":[{"count":0,"href":"https:\/\/dev.tg4.ie\/ga\/wp-json\/wp\/v2\/pages\/89869\/revisions"}],"up":[{"embeddable":true,"href":"https:\/\/dev.tg4.ie\/ga\/wp-json\/wp\/v2\/pages\/72849"}],"wp:featuredmedia":[{"embeddable":true,"href":"https:\/\/dev.tg4.ie\/ga\/wp-json\/wp\/v2\/media\/84649"}],"wp:attachment":[{"href":"https:\/\/dev.tg4.ie\/ga\/wp-json\/wp\/v2\/media?parent=89869"}],"curies":[{"name":"wp","href":"https:\/\/api.w.org\/{rel}","templated":true}]}}