{"id":89899,"date":"2018-07-10T14:05:18","date_gmt":"2018-07-10T13:05:18","guid":{"rendered":"https:\/\/dev.tg4.ie\/?page_id=89899"},"modified":"2019-07-01T11:40:41","modified_gmt":"2019-07-01T10:40:41","slug":"cartlann-ghradam-ceoil-tg4-i-bpairt-leis-itma-a-seoladh-ag-scoil-samhraidh-willie-clancy-de-mairt-an-10-iuil-ag-2pm-i-sraid-na-cathrach","status":"publish","type":"page","link":"https:\/\/dev.tg4.ie\/ga\/eolas\/preas\/nuacht-raitis\/2018-2\/cartlann-ghradam-ceoil-tg4-i-bpairt-leis-itma-a-seoladh-ag-scoil-samhraidh-willie-clancy-de-mairt-an-10-iuil-ag-2pm-i-sraid-na-cathrach\/","title":{"rendered":"Cartlann Ghradam Ceoil TG4 i bp\u00e1irt leis ITMA \u00e1 seoladh ag Scoil Samhraidh Willie Clancy D\u00e9 M\u00e1irt an 10 I\u00fail ag 2pm i Sr\u00e1id na Cathrach"},"content":{"rendered":"<p>Beidh an tionscadal beo ar l\u00edne <a href=\"https:\/\/dev.tg4.ie\/clair\/gradam-ceoil\/cartlann\/\" target=\"_blank\" rel=\"noopener noreferrer\">https:\/\/dev.tg4.ie\/clair\/gradam-ceoil\/cartlann\/<\/a> tar \u00e9is sheoladh na cartlainne ag Scoil Samhraidh Willie Clancy.<\/p>\n<p>Beidh an ITMA agus TG4 i l\u00e1thair i Sr\u00e1id na Cathrach\u00a0le linn na Scoile Samhraidh le Tob-Chartlann \u2013 \u00e1it a mbeidh foirne TG4\/ITMA ar f\u00e1il le ceisteanna a fhreagairt agus treoir a chur ar f\u00e1il.<\/p>\n<p><strong>Gradam Ceoil TG4<\/strong>: Tugann Gradam Ceoil TG4 an deis d\u00fainn \u00f3m\u00f3s a thabhairt do laochra ceoil \u00e1r linne. Bronntar na Gradaim gach bliain ag ceolchoirm mh\u00f3r. Is buaicphointe i gcl\u00e1rsceideal TG4 ceolchoirm na nGradam.<\/p>\n<p><strong>ITMA<\/strong>: Is taisce thagartha ilmhe\u00e1n agus ionad acmhainne \u00ed Taisce Cheol D\u00fachais \u00c9ireann do dhaoine ar sp\u00e9is leo amhr\u00e1na\u00edocht, ceol uirlise agus rince d\u00fachais na h\u00c9ireann.<\/p>\n<p><a href=\"https:\/\/www.itma.ie\" target=\"_blank\" rel=\"noopener noreferrer\">https:\/\/www.itma.ie<\/a><\/p>\n","protected":false},"excerpt":{"rendered":"<p>Beidh an tionscadal beo ar l\u00edne https:\/\/dev.tg4.ie\/clair\/gradam-ceoil\/cartlann\/ tar \u00e9is sheoladh na cartlainne ag Scoil Samhraidh Willie Clancy. Beidh an ITMA agus TG4 i l\u00e1thair i Sr\u00e1id na Cathrach\u00a0le linn na Scoile Samhraidh le Tob-Chartlann \u2013 \u00e1it a mbeidh foirne TG4\/ITMA ar f\u00e1il le ceisteanna a fhreagairt agus treoir a chur ar f\u00e1il. Gradam Ceoil TG4: [&hellip;]<\/p>\n","protected":false},"author":876,"featured_media":89907,"parent":72849,"menu_order":29,"comment_status":"closed","ping_status":"closed","template":"page-templates\/template-pr.php","meta":{"_acf_changed":false,"footnotes":""},"acf":[],"yoast_head":"<!-- This site is optimized with the Yoast SEO plugin v22.6 - https:\/\/yoast.com\/wordpress\/plugins\/seo\/ -->\n<title>Cartlann Ghradam Ceoil TG4 i bp\u00e1irt leis ITMA \u00e1 seoladh ag Scoil Samhraidh Willie Clancy D\u00e9 M\u00e1irt an 10 I\u00fail ag 2pm i Sr\u00e1id na Cathrach - TG4<\/title>\n<meta name=\"robots\" content=\"index, follow, max-snippet:-1, max-image-preview:large, max-video-preview:-1\" \/>\n<meta property=\"og:locale\" content=\"en_US\" \/>\n<meta property=\"og:type\" content=\"article\" \/>\n<meta property=\"og:title\" content=\"Cartlann Ghradam Ceoil TG4 i bp\u00e1irt leis ITMA \u00e1 seoladh ag Scoil Samhraidh Willie Clancy D\u00e9 M\u00e1irt an 10 I\u00fail ag 2pm i Sr\u00e1id na Cathrach - TG4\" \/>\n<meta property=\"og:description\" content=\"Beidh an tionscadal beo ar l\u00edne https:\/\/dev.tg4.ie\/clair\/gradam-ceoil\/cartlann\/ tar \u00e9is sheoladh na cartlainne ag Scoil Samhraidh Willie Clancy. Beidh an ITMA agus TG4 i l\u00e1thair i Sr\u00e1id na Cathrach\u00a0le linn na Scoile Samhraidh le Tob-Chartlann \u2013 \u00e1it a mbeidh foirne TG4\/ITMA ar f\u00e1il le ceisteanna a fhreagairt agus treoir a chur ar f\u00e1il. Gradam Ceoil TG4: [&hellip;]\" \/>\n<meta property=\"og:url\" content=\"https:\/\/dev.tg4.ie\/ga\/eolas\/preas\/nuacht-raitis\/2018-2\/cartlann-ghradam-ceoil-tg4-i-bpairt-leis-itma-a-seoladh-ag-scoil-samhraidh-willie-clancy-de-mairt-an-10-iuil-ag-2pm-i-sraid-na-cathrach\/\" \/>\n<meta property=\"og:site_name\" content=\"TG4\" \/>\n<meta property=\"article:publisher\" content=\"https:\/\/www.facebook.com\/TG4TV\" \/>\n<meta property=\"article:modified_time\" content=\"2019-07-01T10:40:41+00:00\" \/>\n<meta property=\"og:image\" content=\"https:\/\/tg4-docs.s3.amazonaws.com\/tg4-redesign-2015\/wp-content\/uploads\/2018\/07\/Gradam-Ceoil-ITMA_1920x1080.jpg\" \/>\n\t<meta property=\"og:image:width\" content=\"1920\" \/>\n\t<meta property=\"og:image:height\" content=\"1080\" \/>\n\t<meta property=\"og:image:type\" content=\"image\/jpeg\" \/>\n<meta name=\"twitter:card\" content=\"summary_large_image\" \/>\n<meta name=\"twitter:site\" content=\"@TG4TV\" \/>\n<meta name=\"twitter:label1\" content=\"Est. reading time\" \/>\n\t<meta name=\"twitter:data1\" content=\"1 minute\" \/>\n<script type=\"application\/ld+json\" class=\"yoast-schema-graph\">{\"@context\":\"https:\/\/schema.org\",\"@graph\":[{\"@type\":\"WebPage\",\"@id\":\"https:\/\/dev.tg4.ie\/ga\/eolas\/preas\/nuacht-raitis\/2018-2\/cartlann-ghradam-ceoil-tg4-i-bpairt-leis-itma-a-seoladh-ag-scoil-samhraidh-willie-clancy-de-mairt-an-10-iuil-ag-2pm-i-sraid-na-cathrach\/\",\"url\":\"https:\/\/dev.tg4.ie\/ga\/eolas\/preas\/nuacht-raitis\/2018-2\/cartlann-ghradam-ceoil-tg4-i-bpairt-leis-itma-a-seoladh-ag-scoil-samhraidh-willie-clancy-de-mairt-an-10-iuil-ag-2pm-i-sraid-na-cathrach\/\",\"name\":\"Cartlann Ghradam Ceoil TG4 i bp\u00e1irt leis ITMA \u00e1 seoladh ag Scoil Samhraidh Willie Clancy D\u00e9 M\u00e1irt an 10 I\u00fail ag 2pm i Sr\u00e1id na Cathrach - TG4\",\"isPartOf\":{\"@id\":\"https:\/\/dev.tg4.ie\/en\/#website\"},\"primaryImageOfPage\":{\"@id\":\"https:\/\/dev.tg4.ie\/ga\/eolas\/preas\/nuacht-raitis\/2018-2\/cartlann-ghradam-ceoil-tg4-i-bpairt-leis-itma-a-seoladh-ag-scoil-samhraidh-willie-clancy-de-mairt-an-10-iuil-ag-2pm-i-sraid-na-cathrach\/#primaryimage\"},\"image\":{\"@id\":\"https:\/\/dev.tg4.ie\/ga\/eolas\/preas\/nuacht-raitis\/2018-2\/cartlann-ghradam-ceoil-tg4-i-bpairt-leis-itma-a-seoladh-ag-scoil-samhraidh-willie-clancy-de-mairt-an-10-iuil-ag-2pm-i-sraid-na-cathrach\/#primaryimage\"},\"thumbnailUrl\":\"https:\/\/tg4-docs.s3.amazonaws.com\/tg4-redesign-2015\/wp-content\/uploads\/2018\/07\/Gradam-Ceoil-ITMA_1920x1080.jpg\",\"datePublished\":\"2018-07-10T13:05:18+00:00\",\"dateModified\":\"2019-07-01T10:40:41+00:00\",\"breadcrumb\":{\"@id\":\"https:\/\/dev.tg4.ie\/ga\/eolas\/preas\/nuacht-raitis\/2018-2\/cartlann-ghradam-ceoil-tg4-i-bpairt-leis-itma-a-seoladh-ag-scoil-samhraidh-willie-clancy-de-mairt-an-10-iuil-ag-2pm-i-sraid-na-cathrach\/#breadcrumb\"},\"inLanguage\":\"ga\",\"potentialAction\":[{\"@type\":\"ReadAction\",\"target\":[\"https:\/\/dev.tg4.ie\/ga\/eolas\/preas\/nuacht-raitis\/2018-2\/cartlann-ghradam-ceoil-tg4-i-bpairt-leis-itma-a-seoladh-ag-scoil-samhraidh-willie-clancy-de-mairt-an-10-iuil-ag-2pm-i-sraid-na-cathrach\/\"]}]},{\"@type\":\"ImageObject\",\"inLanguage\":\"ga\",\"@id\":\"https:\/\/dev.tg4.ie\/ga\/eolas\/preas\/nuacht-raitis\/2018-2\/cartlann-ghradam-ceoil-tg4-i-bpairt-leis-itma-a-seoladh-ag-scoil-samhraidh-willie-clancy-de-mairt-an-10-iuil-ag-2pm-i-sraid-na-cathrach\/#primaryimage\",\"url\":\"https:\/\/tg4-docs.s3.amazonaws.com\/tg4-redesign-2015\/wp-content\/uploads\/2018\/07\/Gradam-Ceoil-ITMA_1920x1080.jpg\",\"contentUrl\":\"https:\/\/tg4-docs.s3.amazonaws.com\/tg4-redesign-2015\/wp-content\/uploads\/2018\/07\/Gradam-Ceoil-ITMA_1920x1080.jpg\",\"width\":1920,\"height\":1080,\"caption\":\"Gradam Ceoil ITMA 1920x1080\"},{\"@type\":\"BreadcrumbList\",\"@id\":\"https:\/\/dev.tg4.ie\/ga\/eolas\/preas\/nuacht-raitis\/2018-2\/cartlann-ghradam-ceoil-tg4-i-bpairt-leis-itma-a-seoladh-ag-scoil-samhraidh-willie-clancy-de-mairt-an-10-iuil-ag-2pm-i-sraid-na-cathrach\/#breadcrumb\",\"itemListElement\":[{\"@type\":\"ListItem\",\"position\":1,\"name\":\"Home\",\"item\":\"https:\/\/dev.tg4.ie\/ga\/\"},{\"@type\":\"ListItem\",\"position\":2,\"name\":\"Eolas\",\"item\":\"https:\/\/dev.tg4.ie\/ga\/eolas\/\"},{\"@type\":\"ListItem\",\"position\":3,\"name\":\"Preas\",\"item\":\"https:\/\/dev.tg4.ie\/ga\/eolas\/preas\/\"},{\"@type\":\"ListItem\",\"position\":4,\"name\":\"Nuacht R\u00e1itis\",\"item\":\"https:\/\/dev.tg4.ie\/ga\/eolas\/preas\/nuacht-raitis\/\"},{\"@type\":\"ListItem\",\"position\":5,\"name\":\"2018\",\"item\":\"https:\/\/dev.tg4.ie\/ga\/eolas\/preas\/nuacht-raitis\/2018-2\/\"},{\"@type\":\"ListItem\",\"position\":6,\"name\":\"Cartlann Ghradam Ceoil TG4 i bp\u00e1irt leis ITMA \u00e1 seoladh ag Scoil Samhraidh Willie Clancy D\u00e9 M\u00e1irt an 10 I\u00fail ag 2pm i Sr\u00e1id na Cathrach\"}]},{\"@type\":\"WebSite\",\"@id\":\"https:\/\/dev.tg4.ie\/en\/#website\",\"url\":\"https:\/\/dev.tg4.ie\/en\/\",\"name\":\"TG4\",\"description\":\"S\u00fail Eile\",\"potentialAction\":[{\"@type\":\"SearchAction\",\"target\":{\"@type\":\"EntryPoint\",\"urlTemplate\":\"https:\/\/dev.tg4.ie\/en\/?s={search_term_string}\"},\"query-input\":\"required name=search_term_string\"}],\"inLanguage\":\"ga\"}]}<\/script>\n<!-- \/ Yoast SEO plugin. -->","yoast_head_json":{"title":"Cartlann Ghradam Ceoil TG4 i bp\u00e1irt leis ITMA \u00e1 seoladh ag Scoil Samhraidh Willie Clancy D\u00e9 M\u00e1irt an 10 I\u00fail ag 2pm i Sr\u00e1id na Cathrach - TG4","robots":{"index":"index","follow":"follow","max-snippet":"max-snippet:-1","max-image-preview":"max-image-preview:large","max-video-preview":"max-video-preview:-1"},"og_locale":"en_US","og_type":"article","og_title":"Cartlann Ghradam Ceoil TG4 i bp\u00e1irt leis ITMA \u00e1 seoladh ag Scoil Samhraidh Willie Clancy D\u00e9 M\u00e1irt an 10 I\u00fail ag 2pm i Sr\u00e1id na Cathrach - TG4","og_description":"Beidh an tionscadal beo ar l\u00edne https:\/\/dev.tg4.ie\/clair\/gradam-ceoil\/cartlann\/ tar \u00e9is sheoladh na cartlainne ag Scoil Samhraidh Willie Clancy. Beidh an ITMA agus TG4 i l\u00e1thair i Sr\u00e1id na Cathrach\u00a0le linn na Scoile Samhraidh le Tob-Chartlann \u2013 \u00e1it a mbeidh foirne TG4\/ITMA ar f\u00e1il le ceisteanna a fhreagairt agus treoir a chur ar f\u00e1il. Gradam Ceoil TG4: [&hellip;]","og_url":"https:\/\/dev.tg4.ie\/ga\/eolas\/preas\/nuacht-raitis\/2018-2\/cartlann-ghradam-ceoil-tg4-i-bpairt-leis-itma-a-seoladh-ag-scoil-samhraidh-willie-clancy-de-mairt-an-10-iuil-ag-2pm-i-sraid-na-cathrach\/","og_site_name":"TG4","article_publisher":"https:\/\/www.facebook.com\/TG4TV","article_modified_time":"2019-07-01T10:40:41+00:00","og_image":[{"width":1920,"height":1080,"url":"https:\/\/tg4-docs.s3.amazonaws.com\/tg4-redesign-2015\/wp-content\/uploads\/2018\/07\/Gradam-Ceoil-ITMA_1920x1080.jpg","type":"image\/jpeg"}],"twitter_card":"summary_large_image","twitter_site":"@TG4TV","twitter_misc":{"Est. reading time":"1 minute"},"schema":{"@context":"https:\/\/schema.org","@graph":[{"@type":"WebPage","@id":"https:\/\/dev.tg4.ie\/ga\/eolas\/preas\/nuacht-raitis\/2018-2\/cartlann-ghradam-ceoil-tg4-i-bpairt-leis-itma-a-seoladh-ag-scoil-samhraidh-willie-clancy-de-mairt-an-10-iuil-ag-2pm-i-sraid-na-cathrach\/","url":"https:\/\/dev.tg4.ie\/ga\/eolas\/preas\/nuacht-raitis\/2018-2\/cartlann-ghradam-ceoil-tg4-i-bpairt-leis-itma-a-seoladh-ag-scoil-samhraidh-willie-clancy-de-mairt-an-10-iuil-ag-2pm-i-sraid-na-cathrach\/","name":"Cartlann Ghradam Ceoil TG4 i bp\u00e1irt leis ITMA \u00e1 seoladh ag Scoil Samhraidh Willie Clancy D\u00e9 M\u00e1irt an 10 I\u00fail ag 2pm i Sr\u00e1id na Cathrach - TG4","isPartOf":{"@id":"https:\/\/dev.tg4.ie\/en\/#website"},"primaryImageOfPage":{"@id":"https:\/\/dev.tg4.ie\/ga\/eolas\/preas\/nuacht-raitis\/2018-2\/cartlann-ghradam-ceoil-tg4-i-bpairt-leis-itma-a-seoladh-ag-scoil-samhraidh-willie-clancy-de-mairt-an-10-iuil-ag-2pm-i-sraid-na-cathrach\/#primaryimage"},"image":{"@id":"https:\/\/dev.tg4.ie\/ga\/eolas\/preas\/nuacht-raitis\/2018-2\/cartlann-ghradam-ceoil-tg4-i-bpairt-leis-itma-a-seoladh-ag-scoil-samhraidh-willie-clancy-de-mairt-an-10-iuil-ag-2pm-i-sraid-na-cathrach\/#primaryimage"},"thumbnailUrl":"https:\/\/tg4-docs.s3.amazonaws.com\/tg4-redesign-2015\/wp-content\/uploads\/2018\/07\/Gradam-Ceoil-ITMA_1920x1080.jpg","datePublished":"2018-07-10T13:05:18+00:00","dateModified":"2019-07-01T10:40:41+00:00","breadcrumb":{"@id":"https:\/\/dev.tg4.ie\/ga\/eolas\/preas\/nuacht-raitis\/2018-2\/cartlann-ghradam-ceoil-tg4-i-bpairt-leis-itma-a-seoladh-ag-scoil-samhraidh-willie-clancy-de-mairt-an-10-iuil-ag-2pm-i-sraid-na-cathrach\/#breadcrumb"},"inLanguage":"ga","potentialAction":[{"@type":"ReadAction","target":["https:\/\/dev.tg4.ie\/ga\/eolas\/preas\/nuacht-raitis\/2018-2\/cartlann-ghradam-ceoil-tg4-i-bpairt-leis-itma-a-seoladh-ag-scoil-samhraidh-willie-clancy-de-mairt-an-10-iuil-ag-2pm-i-sraid-na-cathrach\/"]}]},{"@type":"ImageObject","inLanguage":"ga","@id":"https:\/\/dev.tg4.ie\/ga\/eolas\/preas\/nuacht-raitis\/2018-2\/cartlann-ghradam-ceoil-tg4-i-bpairt-leis-itma-a-seoladh-ag-scoil-samhraidh-willie-clancy-de-mairt-an-10-iuil-ag-2pm-i-sraid-na-cathrach\/#primaryimage","url":"https:\/\/tg4-docs.s3.amazonaws.com\/tg4-redesign-2015\/wp-content\/uploads\/2018\/07\/Gradam-Ceoil-ITMA_1920x1080.jpg","contentUrl":"https:\/\/tg4-docs.s3.amazonaws.com\/tg4-redesign-2015\/wp-content\/uploads\/2018\/07\/Gradam-Ceoil-ITMA_1920x1080.jpg","width":1920,"height":1080,"caption":"Gradam Ceoil ITMA 1920x1080"},{"@type":"BreadcrumbList","@id":"https:\/\/dev.tg4.ie\/ga\/eolas\/preas\/nuacht-raitis\/2018-2\/cartlann-ghradam-ceoil-tg4-i-bpairt-leis-itma-a-seoladh-ag-scoil-samhraidh-willie-clancy-de-mairt-an-10-iuil-ag-2pm-i-sraid-na-cathrach\/#breadcrumb","itemListElement":[{"@type":"ListItem","position":1,"name":"Home","item":"https:\/\/dev.tg4.ie\/ga\/"},{"@type":"ListItem","position":2,"name":"Eolas","item":"https:\/\/dev.tg4.ie\/ga\/eolas\/"},{"@type":"ListItem","position":3,"name":"Preas","item":"https:\/\/dev.tg4.ie\/ga\/eolas\/preas\/"},{"@type":"ListItem","position":4,"name":"Nuacht R\u00e1itis","item":"https:\/\/dev.tg4.ie\/ga\/eolas\/preas\/nuacht-raitis\/"},{"@type":"ListItem","position":5,"name":"2018","item":"https:\/\/dev.tg4.ie\/ga\/eolas\/preas\/nuacht-raitis\/2018-2\/"},{"@type":"ListItem","position":6,"name":"Cartlann Ghradam Ceoil TG4 i bp\u00e1irt leis ITMA \u00e1 seoladh ag Scoil Samhraidh Willie Clancy D\u00e9 M\u00e1irt an 10 I\u00fail ag 2pm i Sr\u00e1id na Cathrach"}]},{"@type":"WebSite","@id":"https:\/\/dev.tg4.ie\/en\/#website","url":"https:\/\/dev.tg4.ie\/en\/","name":"TG4","description":"S\u00fail Eile","potentialAction":[{"@type":"SearchAction","target":{"@type":"EntryPoint","urlTemplate":"https:\/\/dev.tg4.ie\/en\/?s={search_term_string}"},"query-input":"required name=search_term_string"}],"inLanguage":"ga"}]}},"_links":{"self":[{"href":"https:\/\/dev.tg4.ie\/ga\/wp-json\/wp\/v2\/pages\/89899"}],"collection":[{"href":"https:\/\/dev.tg4.ie\/ga\/wp-json\/wp\/v2\/pages"}],"about":[{"href":"https:\/\/dev.tg4.ie\/ga\/wp-json\/wp\/v2\/types\/page"}],"author":[{"embeddable":true,"href":"https:\/\/dev.tg4.ie\/ga\/wp-json\/wp\/v2\/users\/876"}],"replies":[{"embeddable":true,"href":"https:\/\/dev.tg4.ie\/ga\/wp-json\/wp\/v2\/comments?post=89899"}],"version-history":[{"count":0,"href":"https:\/\/dev.tg4.ie\/ga\/wp-json\/wp\/v2\/pages\/89899\/revisions"}],"up":[{"embeddable":true,"href":"https:\/\/dev.tg4.ie\/ga\/wp-json\/wp\/v2\/pages\/72849"}],"wp:featuredmedia":[{"embeddable":true,"href":"https:\/\/dev.tg4.ie\/ga\/wp-json\/wp\/v2\/media\/89907"}],"wp:attachment":[{"href":"https:\/\/dev.tg4.ie\/ga\/wp-json\/wp\/v2\/media?parent=89899"}],"curies":[{"name":"wp","href":"https:\/\/api.w.org\/{rel}","templated":true}]}}