{"id":89999,"date":"2018-07-11T11:13:22","date_gmt":"2018-07-11T10:13:22","guid":{"rendered":"https:\/\/dev.tg4.ie\/?page_id=89999"},"modified":"2019-07-01T11:42:37","modified_gmt":"2019-07-01T10:42:37","slug":"dha-aistear-spreagula-a-leiriu-i-scannain-de-chuid-tg4-ag-fleadh-scannan-na-gaillimhe","status":"publish","type":"page","link":"https:\/\/dev.tg4.ie\/ga\/eolas\/preas\/nuacht-raitis\/2018-2\/dha-aistear-spreagula-a-leiriu-i-scannain-de-chuid-tg4-ag-fleadh-scannan-na-gaillimhe\/","title":{"rendered":"Dh\u00e1 aistear spreag\u00fala \u00e1 l\u00e9iri\u00fa i scann\u00e1in de chuid TG4 ag Fleadh Scann\u00e1n na Gaillimhe"},"content":{"rendered":"<p><strong>The Camino Voyage:<\/strong> Ar feadh na gcianta, bh\u00edodh daoine ag seoladh as \u00c9irinn go La Coru\u00f1a i dtuaisceart na Sp\u00e1inne go si\u00falaid\u00eds an Camino go Santiago de Compostela. Thosaigh an cri\u00fa spreag\u00fail seo ar a leagan f\u00e9in den aistear stairi\u00fail sin sa bhliain 2014. Chuaigh siad i dt\u00edr i mbailte m\u00f3ra agus i mbailte beaga le c\u00f3sta ar an mbealach, ag camp\u00e1il agus ag c\u00f3car\u00e1il de r\u00e9ir mar a bh\u00ed siad ag dul ar aghaidh, agus ag ceangal cairdis le daoine a casadh leo ar an mbealach.\u00a0 Bh\u00ed gach dream fial flaithi\u00fail leo agus roinn cri\u00fa an bh\u00e1id d\u00e1 r\u00e9ir sc\u00e9alta faoi chr\u00f3gacht, calmacht agus seasmhacht chomh maith le ceol, amhr\u00e1na\u00edocht agus fil\u00edocht ar an sean-n\u00f3s is n\u00e1d\u00fartha agus is seanbhunaithe d\u00e1 bhfuil ann.\u00a0 Agus Danny ag lean\u00faint leis an aistear \u00f3\u00a0dheas sa bhliain 2017, tharla go trag\u00f3ideach go bhfuair s\u00e9 b\u00e1s tar \u00e9is don naomh\u00f3g iomp\u00fa ar a b\u00e9al f\u00faithi.\u00a0 N\u00ed beag l\u00edon na ndaoine ar fh\u00e1g flaithi\u00falacht agus cro\u00ed Danny lorg ar a saol. Ar dheis D\u00e9 go raibh a anam d\u00edlis.<\/p>\n<p>Feictear na Ceolt\u00f3ir\u00ed Glen Hansard agus Breannd\u00e1n \u00d3 Beaglaoich, an tEala\u00edont\u00f3ir Liam Holden, an Saor Cloiche Breand\u00e1n Moriarty &amp; Danny Mac an tS\u00edthigh (1951-2017), an Scr\u00edbhneoir agus File nach maireann.<\/p>\n<p>L\u00e9iri\u00fa de chuid An\u00fa Pictures.<br \/>\nGiota \u00f3n scann\u00e1n <span><a href=\"https:\/\/youtu.be\/VJ5S-ifzAQg\" target=\"_blank\" rel=\"noopener noreferrer\">https:\/\/youtu.be\/VJ5S-ifzAQg<\/a><\/span><\/p>\n<p><strong>Lomax in \u00c9irinn: <\/strong>Is \u00e9 a bh\u00ed d&#8217;aisling ag Alan Lomax ceol an domhain a thaifeadadh agus a chur ar chaoi a sh\u00e1bh\u00e1la.\u00a0 In \u00c9irinn a chuir s\u00e9 t\u00fas leis an turas d&#8217;fhonn sin a dh\u00e9anamh sa bhliain 1951.\u00a0 R\u00edomhtar an sc\u00e9al taobh thiar den turas sin in <em>Lomax in \u00c9irinn<\/em> agus l\u00e9ir\u00edtear gur th\u00e1inig de thoradh air an ch\u00e9ad fhadcheirn\u00edn riamh de cheol na h\u00c9ireann &#8211; an t-albam a chuir ceol na h\u00c9ireann os comhair an tsaoil mh\u00f3ir.<\/p>\n<p>Ar theacht go h\u00c9irinn d\u00f3\u00a0sa bhliain 1951, bh\u00ed Alan Lomax ag f\u00e9achaint le traidisi\u00fan a chaomhn\u00fa ar bheag le cuid mh\u00f3r de mhuintir na h\u00c9ireann \u00e9 ag an am.\u00a0 Scr\u00edobh Lomax: \u201c<em>The last notes of the old, high and beautiful Irish civilization are dying away. A civilization which produced an epic, lyrical and musical literature as noble as any in the world<\/em>.\u201d Fiche bliain dar gcionn, chuidigh an m\u00e9id a thaifead seisean le hathbheochan cheol na h\u00c9ireann ag banna\u00ed de leith\u00e9id Planxty, The Bothy Band agus Clannad a spreagadh i rith na 1970id\u00ed. Ar na daoine at\u00e1 le feice\u00e1il agus le cloiste\u00e1il sa scann\u00e1n Lomax in \u00c9irinn, t\u00e1 Iarla \u00d3 Lion\u00e1ird (The Gloaming), John Spillane, Brian Mullan, Ian Lee, Grace Toland, Danny Diamond, Nicholas Carolan agus Deirdre N\u00ed Chonghaile.<\/p>\n<p>Cloistear ceol (a rinne Lomax a chaomhn\u00fa) \u00e1 sheinm agus \u00e1 chanadh go speisialta don scann\u00e1n <em>Lomax in \u00c9irinn<\/em> ag ceolt\u00f3ir\u00ed de chuid na linne seo Steve Earle, Clannad, Slow Moving Clouds, The Tulla C\u00e9il\u00ed Band agus Nell N\u00ed Chr\u00f3in\u00edn.<\/p>\n<p>L\u00e9iri\u00fa de chuid Aisling Productions.<br \/>\nGiota \u00f3n scann\u00e1n <a href=\"https:\/\/www.youtube.com\/watch?v=_f28mjMlb1U\" target=\"_blank\" rel=\"noopener noreferrer\">https:\/\/www.youtube.com\/watch?v=_f28mjMlb1U<\/a><\/p>\n","protected":false},"excerpt":{"rendered":"<p>The Camino Voyage: Ar feadh na gcianta, bh\u00edodh daoine ag seoladh as \u00c9irinn go La Coru\u00f1a i dtuaisceart na Sp\u00e1inne go si\u00falaid\u00eds an Camino go Santiago de Compostela. Thosaigh an cri\u00fa spreag\u00fail seo ar a leagan f\u00e9in den aistear stairi\u00fail sin sa bhliain 2014. Chuaigh siad i dt\u00edr i mbailte m\u00f3ra agus i mbailte beaga [&hellip;]<\/p>\n","protected":false},"author":876,"featured_media":90006,"parent":72849,"menu_order":30,"comment_status":"closed","ping_status":"closed","template":"page-templates\/template-pr.php","meta":{"_acf_changed":false,"footnotes":""},"acf":[],"yoast_head":"<!-- This site is optimized with the Yoast SEO plugin v22.6 - https:\/\/yoast.com\/wordpress\/plugins\/seo\/ -->\n<title>Dh\u00e1 aistear spreag\u00fala \u00e1 l\u00e9iri\u00fa i scann\u00e1in de chuid TG4 ag Fleadh Scann\u00e1n na Gaillimhe - TG4<\/title>\n<meta name=\"robots\" content=\"index, follow, max-snippet:-1, max-image-preview:large, max-video-preview:-1\" \/>\n<meta property=\"og:locale\" content=\"en_US\" \/>\n<meta property=\"og:type\" content=\"article\" \/>\n<meta property=\"og:title\" content=\"Dh\u00e1 aistear spreag\u00fala \u00e1 l\u00e9iri\u00fa i scann\u00e1in de chuid TG4 ag Fleadh Scann\u00e1n na Gaillimhe - TG4\" \/>\n<meta property=\"og:description\" content=\"The Camino Voyage: Ar feadh na gcianta, bh\u00edodh daoine ag seoladh as \u00c9irinn go La Coru\u00f1a i dtuaisceart na Sp\u00e1inne go si\u00falaid\u00eds an Camino go Santiago de Compostela. Thosaigh an cri\u00fa spreag\u00fail seo ar a leagan f\u00e9in den aistear stairi\u00fail sin sa bhliain 2014. Chuaigh siad i dt\u00edr i mbailte m\u00f3ra agus i mbailte beaga [&hellip;]\" \/>\n<meta property=\"og:url\" content=\"https:\/\/dev.tg4.ie\/ga\/eolas\/preas\/nuacht-raitis\/2018-2\/dha-aistear-spreagula-a-leiriu-i-scannain-de-chuid-tg4-ag-fleadh-scannan-na-gaillimhe\/\" \/>\n<meta property=\"og:site_name\" content=\"TG4\" \/>\n<meta property=\"article:publisher\" content=\"https:\/\/www.facebook.com\/TG4TV\" \/>\n<meta property=\"article:modified_time\" content=\"2019-07-01T10:42:37+00:00\" \/>\n<meta property=\"og:image\" content=\"https:\/\/tg4-docs.s3.amazonaws.com\/tg4-redesign-2015\/wp-content\/uploads\/2018\/07\/Camino_Lomax_Fleadh.jpg\" \/>\n\t<meta property=\"og:image:width\" content=\"1920\" \/>\n\t<meta property=\"og:image:height\" content=\"1080\" \/>\n\t<meta property=\"og:image:type\" content=\"image\/jpeg\" \/>\n<meta name=\"twitter:card\" content=\"summary_large_image\" \/>\n<meta name=\"twitter:site\" content=\"@TG4TV\" \/>\n<meta name=\"twitter:label1\" content=\"Est. reading time\" \/>\n\t<meta name=\"twitter:data1\" content=\"3 minutes\" \/>\n<script type=\"application\/ld+json\" class=\"yoast-schema-graph\">{\"@context\":\"https:\/\/schema.org\",\"@graph\":[{\"@type\":\"WebPage\",\"@id\":\"https:\/\/dev.tg4.ie\/ga\/eolas\/preas\/nuacht-raitis\/2018-2\/dha-aistear-spreagula-a-leiriu-i-scannain-de-chuid-tg4-ag-fleadh-scannan-na-gaillimhe\/\",\"url\":\"https:\/\/dev.tg4.ie\/ga\/eolas\/preas\/nuacht-raitis\/2018-2\/dha-aistear-spreagula-a-leiriu-i-scannain-de-chuid-tg4-ag-fleadh-scannan-na-gaillimhe\/\",\"name\":\"Dh\u00e1 aistear spreag\u00fala \u00e1 l\u00e9iri\u00fa i scann\u00e1in de chuid TG4 ag Fleadh Scann\u00e1n na Gaillimhe - TG4\",\"isPartOf\":{\"@id\":\"https:\/\/dev.tg4.ie\/en\/#website\"},\"primaryImageOfPage\":{\"@id\":\"https:\/\/dev.tg4.ie\/ga\/eolas\/preas\/nuacht-raitis\/2018-2\/dha-aistear-spreagula-a-leiriu-i-scannain-de-chuid-tg4-ag-fleadh-scannan-na-gaillimhe\/#primaryimage\"},\"image\":{\"@id\":\"https:\/\/dev.tg4.ie\/ga\/eolas\/preas\/nuacht-raitis\/2018-2\/dha-aistear-spreagula-a-leiriu-i-scannain-de-chuid-tg4-ag-fleadh-scannan-na-gaillimhe\/#primaryimage\"},\"thumbnailUrl\":\"https:\/\/tg4-docs.s3.amazonaws.com\/tg4-redesign-2015\/wp-content\/uploads\/2018\/07\/Camino_Lomax_Fleadh.jpg\",\"datePublished\":\"2018-07-11T10:13:22+00:00\",\"dateModified\":\"2019-07-01T10:42:37+00:00\",\"breadcrumb\":{\"@id\":\"https:\/\/dev.tg4.ie\/ga\/eolas\/preas\/nuacht-raitis\/2018-2\/dha-aistear-spreagula-a-leiriu-i-scannain-de-chuid-tg4-ag-fleadh-scannan-na-gaillimhe\/#breadcrumb\"},\"inLanguage\":\"ga\",\"potentialAction\":[{\"@type\":\"ReadAction\",\"target\":[\"https:\/\/dev.tg4.ie\/ga\/eolas\/preas\/nuacht-raitis\/2018-2\/dha-aistear-spreagula-a-leiriu-i-scannain-de-chuid-tg4-ag-fleadh-scannan-na-gaillimhe\/\"]}]},{\"@type\":\"ImageObject\",\"inLanguage\":\"ga\",\"@id\":\"https:\/\/dev.tg4.ie\/ga\/eolas\/preas\/nuacht-raitis\/2018-2\/dha-aistear-spreagula-a-leiriu-i-scannain-de-chuid-tg4-ag-fleadh-scannan-na-gaillimhe\/#primaryimage\",\"url\":\"https:\/\/tg4-docs.s3.amazonaws.com\/tg4-redesign-2015\/wp-content\/uploads\/2018\/07\/Camino_Lomax_Fleadh.jpg\",\"contentUrl\":\"https:\/\/tg4-docs.s3.amazonaws.com\/tg4-redesign-2015\/wp-content\/uploads\/2018\/07\/Camino_Lomax_Fleadh.jpg\",\"width\":1920,\"height\":1080,\"caption\":\"Camino Lomax Fleadh\"},{\"@type\":\"BreadcrumbList\",\"@id\":\"https:\/\/dev.tg4.ie\/ga\/eolas\/preas\/nuacht-raitis\/2018-2\/dha-aistear-spreagula-a-leiriu-i-scannain-de-chuid-tg4-ag-fleadh-scannan-na-gaillimhe\/#breadcrumb\",\"itemListElement\":[{\"@type\":\"ListItem\",\"position\":1,\"name\":\"Home\",\"item\":\"https:\/\/dev.tg4.ie\/ga\/\"},{\"@type\":\"ListItem\",\"position\":2,\"name\":\"Eolas\",\"item\":\"https:\/\/dev.tg4.ie\/ga\/eolas\/\"},{\"@type\":\"ListItem\",\"position\":3,\"name\":\"Preas\",\"item\":\"https:\/\/dev.tg4.ie\/ga\/eolas\/preas\/\"},{\"@type\":\"ListItem\",\"position\":4,\"name\":\"Nuacht R\u00e1itis\",\"item\":\"https:\/\/dev.tg4.ie\/ga\/eolas\/preas\/nuacht-raitis\/\"},{\"@type\":\"ListItem\",\"position\":5,\"name\":\"2018\",\"item\":\"https:\/\/dev.tg4.ie\/ga\/eolas\/preas\/nuacht-raitis\/2018-2\/\"},{\"@type\":\"ListItem\",\"position\":6,\"name\":\"Dh\u00e1 aistear spreag\u00fala \u00e1 l\u00e9iri\u00fa i scann\u00e1in de chuid TG4 ag Fleadh Scann\u00e1n na Gaillimhe\"}]},{\"@type\":\"WebSite\",\"@id\":\"https:\/\/dev.tg4.ie\/en\/#website\",\"url\":\"https:\/\/dev.tg4.ie\/en\/\",\"name\":\"TG4\",\"description\":\"S\u00fail Eile\",\"potentialAction\":[{\"@type\":\"SearchAction\",\"target\":{\"@type\":\"EntryPoint\",\"urlTemplate\":\"https:\/\/dev.tg4.ie\/en\/?s={search_term_string}\"},\"query-input\":\"required name=search_term_string\"}],\"inLanguage\":\"ga\"}]}<\/script>\n<!-- \/ Yoast SEO plugin. -->","yoast_head_json":{"title":"Dh\u00e1 aistear spreag\u00fala \u00e1 l\u00e9iri\u00fa i scann\u00e1in de chuid TG4 ag Fleadh Scann\u00e1n na Gaillimhe - TG4","robots":{"index":"index","follow":"follow","max-snippet":"max-snippet:-1","max-image-preview":"max-image-preview:large","max-video-preview":"max-video-preview:-1"},"og_locale":"en_US","og_type":"article","og_title":"Dh\u00e1 aistear spreag\u00fala \u00e1 l\u00e9iri\u00fa i scann\u00e1in de chuid TG4 ag Fleadh Scann\u00e1n na Gaillimhe - TG4","og_description":"The Camino Voyage: Ar feadh na gcianta, bh\u00edodh daoine ag seoladh as \u00c9irinn go La Coru\u00f1a i dtuaisceart na Sp\u00e1inne go si\u00falaid\u00eds an Camino go Santiago de Compostela. Thosaigh an cri\u00fa spreag\u00fail seo ar a leagan f\u00e9in den aistear stairi\u00fail sin sa bhliain 2014. Chuaigh siad i dt\u00edr i mbailte m\u00f3ra agus i mbailte beaga [&hellip;]","og_url":"https:\/\/dev.tg4.ie\/ga\/eolas\/preas\/nuacht-raitis\/2018-2\/dha-aistear-spreagula-a-leiriu-i-scannain-de-chuid-tg4-ag-fleadh-scannan-na-gaillimhe\/","og_site_name":"TG4","article_publisher":"https:\/\/www.facebook.com\/TG4TV","article_modified_time":"2019-07-01T10:42:37+00:00","og_image":[{"width":1920,"height":1080,"url":"https:\/\/tg4-docs.s3.amazonaws.com\/tg4-redesign-2015\/wp-content\/uploads\/2018\/07\/Camino_Lomax_Fleadh.jpg","type":"image\/jpeg"}],"twitter_card":"summary_large_image","twitter_site":"@TG4TV","twitter_misc":{"Est. reading time":"3 minutes"},"schema":{"@context":"https:\/\/schema.org","@graph":[{"@type":"WebPage","@id":"https:\/\/dev.tg4.ie\/ga\/eolas\/preas\/nuacht-raitis\/2018-2\/dha-aistear-spreagula-a-leiriu-i-scannain-de-chuid-tg4-ag-fleadh-scannan-na-gaillimhe\/","url":"https:\/\/dev.tg4.ie\/ga\/eolas\/preas\/nuacht-raitis\/2018-2\/dha-aistear-spreagula-a-leiriu-i-scannain-de-chuid-tg4-ag-fleadh-scannan-na-gaillimhe\/","name":"Dh\u00e1 aistear spreag\u00fala \u00e1 l\u00e9iri\u00fa i scann\u00e1in de chuid TG4 ag Fleadh Scann\u00e1n na Gaillimhe - TG4","isPartOf":{"@id":"https:\/\/dev.tg4.ie\/en\/#website"},"primaryImageOfPage":{"@id":"https:\/\/dev.tg4.ie\/ga\/eolas\/preas\/nuacht-raitis\/2018-2\/dha-aistear-spreagula-a-leiriu-i-scannain-de-chuid-tg4-ag-fleadh-scannan-na-gaillimhe\/#primaryimage"},"image":{"@id":"https:\/\/dev.tg4.ie\/ga\/eolas\/preas\/nuacht-raitis\/2018-2\/dha-aistear-spreagula-a-leiriu-i-scannain-de-chuid-tg4-ag-fleadh-scannan-na-gaillimhe\/#primaryimage"},"thumbnailUrl":"https:\/\/tg4-docs.s3.amazonaws.com\/tg4-redesign-2015\/wp-content\/uploads\/2018\/07\/Camino_Lomax_Fleadh.jpg","datePublished":"2018-07-11T10:13:22+00:00","dateModified":"2019-07-01T10:42:37+00:00","breadcrumb":{"@id":"https:\/\/dev.tg4.ie\/ga\/eolas\/preas\/nuacht-raitis\/2018-2\/dha-aistear-spreagula-a-leiriu-i-scannain-de-chuid-tg4-ag-fleadh-scannan-na-gaillimhe\/#breadcrumb"},"inLanguage":"ga","potentialAction":[{"@type":"ReadAction","target":["https:\/\/dev.tg4.ie\/ga\/eolas\/preas\/nuacht-raitis\/2018-2\/dha-aistear-spreagula-a-leiriu-i-scannain-de-chuid-tg4-ag-fleadh-scannan-na-gaillimhe\/"]}]},{"@type":"ImageObject","inLanguage":"ga","@id":"https:\/\/dev.tg4.ie\/ga\/eolas\/preas\/nuacht-raitis\/2018-2\/dha-aistear-spreagula-a-leiriu-i-scannain-de-chuid-tg4-ag-fleadh-scannan-na-gaillimhe\/#primaryimage","url":"https:\/\/tg4-docs.s3.amazonaws.com\/tg4-redesign-2015\/wp-content\/uploads\/2018\/07\/Camino_Lomax_Fleadh.jpg","contentUrl":"https:\/\/tg4-docs.s3.amazonaws.com\/tg4-redesign-2015\/wp-content\/uploads\/2018\/07\/Camino_Lomax_Fleadh.jpg","width":1920,"height":1080,"caption":"Camino Lomax Fleadh"},{"@type":"BreadcrumbList","@id":"https:\/\/dev.tg4.ie\/ga\/eolas\/preas\/nuacht-raitis\/2018-2\/dha-aistear-spreagula-a-leiriu-i-scannain-de-chuid-tg4-ag-fleadh-scannan-na-gaillimhe\/#breadcrumb","itemListElement":[{"@type":"ListItem","position":1,"name":"Home","item":"https:\/\/dev.tg4.ie\/ga\/"},{"@type":"ListItem","position":2,"name":"Eolas","item":"https:\/\/dev.tg4.ie\/ga\/eolas\/"},{"@type":"ListItem","position":3,"name":"Preas","item":"https:\/\/dev.tg4.ie\/ga\/eolas\/preas\/"},{"@type":"ListItem","position":4,"name":"Nuacht R\u00e1itis","item":"https:\/\/dev.tg4.ie\/ga\/eolas\/preas\/nuacht-raitis\/"},{"@type":"ListItem","position":5,"name":"2018","item":"https:\/\/dev.tg4.ie\/ga\/eolas\/preas\/nuacht-raitis\/2018-2\/"},{"@type":"ListItem","position":6,"name":"Dh\u00e1 aistear spreag\u00fala \u00e1 l\u00e9iri\u00fa i scann\u00e1in de chuid TG4 ag Fleadh Scann\u00e1n na Gaillimhe"}]},{"@type":"WebSite","@id":"https:\/\/dev.tg4.ie\/en\/#website","url":"https:\/\/dev.tg4.ie\/en\/","name":"TG4","description":"S\u00fail Eile","potentialAction":[{"@type":"SearchAction","target":{"@type":"EntryPoint","urlTemplate":"https:\/\/dev.tg4.ie\/en\/?s={search_term_string}"},"query-input":"required name=search_term_string"}],"inLanguage":"ga"}]}},"_links":{"self":[{"href":"https:\/\/dev.tg4.ie\/ga\/wp-json\/wp\/v2\/pages\/89999"}],"collection":[{"href":"https:\/\/dev.tg4.ie\/ga\/wp-json\/wp\/v2\/pages"}],"about":[{"href":"https:\/\/dev.tg4.ie\/ga\/wp-json\/wp\/v2\/types\/page"}],"author":[{"embeddable":true,"href":"https:\/\/dev.tg4.ie\/ga\/wp-json\/wp\/v2\/users\/876"}],"replies":[{"embeddable":true,"href":"https:\/\/dev.tg4.ie\/ga\/wp-json\/wp\/v2\/comments?post=89999"}],"version-history":[{"count":0,"href":"https:\/\/dev.tg4.ie\/ga\/wp-json\/wp\/v2\/pages\/89999\/revisions"}],"up":[{"embeddable":true,"href":"https:\/\/dev.tg4.ie\/ga\/wp-json\/wp\/v2\/pages\/72849"}],"wp:featuredmedia":[{"embeddable":true,"href":"https:\/\/dev.tg4.ie\/ga\/wp-json\/wp\/v2\/media\/90006"}],"wp:attachment":[{"href":"https:\/\/dev.tg4.ie\/ga\/wp-json\/wp\/v2\/media?parent=89999"}],"curies":[{"name":"wp","href":"https:\/\/api.w.org\/{rel}","templated":true}]}}