{"id":90341,"date":"2018-07-18T12:00:34","date_gmt":"2018-07-18T11:00:34","guid":{"rendered":"https:\/\/dev.tg4.ie\/?page_id=90341"},"modified":"2019-07-01T11:43:56","modified_gmt":"2019-07-01T10:43:56","slug":"subaru-ireland-ina-phairti-oifigiuil-feithicli-ag-tg4","status":"publish","type":"page","link":"https:\/\/dev.tg4.ie\/ga\/eolas\/preas\/nuacht-raitis\/2018-2\/subaru-ireland-ina-phairti-oifigiuil-feithicli-ag-tg4\/","title":{"rendered":"Subaru Ireland ina Ph\u00e1irt\u00ed Oifigi\u00fail Feithicl\u00ed ag TG4"},"content":{"rendered":"<p>Cuirfidh Subaru feithicl\u00ed ar f\u00e1il d\u2019fhoirne me\u00e1n s\u00f3isialta agus Sp\u00f3rt TG4 a bheidh ag craoladh go seachtrach.\u00a0 Beidh r\u00e9imse feithicl\u00ed il\u00fas\u00e1ide agus acmhainneacha \u2018life-style Subaru AWD\u2019 den d\u00e9anamh Forester, Outback agus an XV Crossover \u00farnua ar f\u00e1il don fhoireann le tiom\u00e1int i mbun a gcuid oibre.<\/p>\n<p>Ag an seoladh, a re\u00e1cht\u00e1ladh ag Cunningham Autopoint,\u00a0 d\u00edolt\u00f3ir \u00fadaraithe Subaru in \u00d3ran M\u00f3r, i nGaillimh, deir Sean Dunne \u00f3 Subaru Ireland: <em>\u2018T\u00e1 r\u00edm\u00e9ad agus br\u00f3d orainn a bheith i bp\u00e1irt le TG4 agus gur muid an p\u00e1irt\u00ed oifigi\u00fail feithicl\u00ed at\u00e1 ag an st\u00e1isi\u00fan. Tugann an Craolt\u00f3ir N\u00e1isi\u00fanta\u00a0 Seirbh\u00edse Poibl\u00ed ard\u00e1n iontach d\u00fainn r\u00e9imse Subaru a chur os comhair phobal fadbhunaithe f\u00e9achana na t\u00edre.\u2019<\/em><\/p>\n<p>Deir Ard-Sti\u00farth\u00f3ir TG4, Alan Esslemont a d\u2019fhreastail ar an \u00f3c\u00e1id: <em>\u2018Cuirim f\u00e1ilte mh\u00f3r roimh an gcomhph\u00e1irt\u00edocht seo idir Subaru &amp; TG4. B\u00edonn foirne l\u00e9iri\u00fach\u00e1in ar an mb\u00f3thar seasta s\u00edora\u00ed againn, b\u00edodh siad ag imeachta\u00ed sp\u00f3irt, ag taifeadadh \u00f3c\u00e1id\u00ed pobail, n\u00f3 ag sol\u00e1thar \u00e1bhair do na hard\u00e1in l\u00edneacha agus neamhl\u00edneacha. Cuideoidh na feithicl\u00ed den ch\u00e9ad scoth seo \u00f3 Subaru le TG4 lean\u00faint den \u2018tS\u00fail Eile\u2019 n\u00f3 malairt dearcadh a chur ar f\u00e1il, as n\u00edos m\u00f3 \u00e1iteanna f\u00f3s in \u00c9irinn\u2019.<\/em><\/p>\n<p>Le breis eolais a fh\u00e1il ar r\u00e9imse feithicl\u00ed Subaru, t\u00e9igh chuig <a href=\"http:\/\/www.subaru.ie\" target=\"_blank\" rel=\"noopener noreferrer\">www.subaru.ie<\/a>.<\/p>\n","protected":false},"excerpt":{"rendered":"<p>Cuirfidh Subaru feithicl\u00ed ar f\u00e1il d\u2019fhoirne me\u00e1n s\u00f3isialta agus Sp\u00f3rt TG4 a bheidh ag craoladh go seachtrach.\u00a0 Beidh r\u00e9imse feithicl\u00ed il\u00fas\u00e1ide agus acmhainneacha \u2018life-style Subaru AWD\u2019 den d\u00e9anamh Forester, Outback agus an XV Crossover \u00farnua ar f\u00e1il don fhoireann le tiom\u00e1int i mbun a gcuid oibre. Ag an seoladh, a re\u00e1cht\u00e1ladh ag Cunningham Autopoint,\u00a0 d\u00edolt\u00f3ir [&hellip;]<\/p>\n","protected":false},"author":876,"featured_media":90343,"parent":72849,"menu_order":31,"comment_status":"closed","ping_status":"closed","template":"page-templates\/template-pr.php","meta":{"_acf_changed":false,"footnotes":""},"acf":[],"yoast_head":"<!-- This site is optimized with the Yoast SEO plugin v22.6 - https:\/\/yoast.com\/wordpress\/plugins\/seo\/ -->\n<title>Subaru Ireland ina Ph\u00e1irt\u00ed Oifigi\u00fail Feithicl\u00ed ag TG4 | Nuacht R\u00e1iteas | TG4<\/title>\n<meta name=\"robots\" content=\"index, follow, max-snippet:-1, max-image-preview:large, max-video-preview:-1\" \/>\n<meta property=\"og:locale\" content=\"en_US\" \/>\n<meta property=\"og:type\" content=\"article\" \/>\n<meta property=\"og:title\" content=\"Subaru Ireland ina Ph\u00e1irt\u00ed Oifigi\u00fail Feithicl\u00ed ag TG4 | Nuacht R\u00e1iteas | TG4\" \/>\n<meta property=\"og:description\" content=\"Cuirfidh Subaru feithicl\u00ed ar f\u00e1il d\u2019fhoirne me\u00e1n s\u00f3isialta agus Sp\u00f3rt TG4 a bheidh ag craoladh go seachtrach.\u00a0 Beidh r\u00e9imse feithicl\u00ed il\u00fas\u00e1ide agus acmhainneacha \u2018life-style Subaru AWD\u2019 den d\u00e9anamh Forester, Outback agus an XV Crossover \u00farnua ar f\u00e1il don fhoireann le tiom\u00e1int i mbun a gcuid oibre. Ag an seoladh, a re\u00e1cht\u00e1ladh ag Cunningham Autopoint,\u00a0 d\u00edolt\u00f3ir [&hellip;]\" \/>\n<meta property=\"og:url\" content=\"https:\/\/dev.tg4.ie\/ga\/eolas\/preas\/nuacht-raitis\/2018-2\/subaru-ireland-ina-phairti-oifigiuil-feithicli-ag-tg4\/\" \/>\n<meta property=\"og:site_name\" content=\"TG4\" \/>\n<meta property=\"article:publisher\" content=\"https:\/\/www.facebook.com\/TG4TV\" \/>\n<meta property=\"article:modified_time\" content=\"2019-07-01T10:43:56+00:00\" \/>\n<meta property=\"og:image\" content=\"https:\/\/tg4-docs.s3.amazonaws.com\/tg4-redesign-2015\/wp-content\/uploads\/2018\/07\/Alan_Esslemont_-TG4_Niall_Cunningham_-Cunningham_Autopoint_Se%C3%A1n_Dunne_-_Subaru_Ireland.jpg\" \/>\n\t<meta property=\"og:image:width\" content=\"1920\" \/>\n\t<meta property=\"og:image:height\" content=\"1080\" \/>\n\t<meta property=\"og:image:type\" content=\"image\/jpeg\" \/>\n<meta name=\"twitter:card\" content=\"summary_large_image\" \/>\n<meta name=\"twitter:site\" content=\"@TG4TV\" \/>\n<meta name=\"twitter:label1\" content=\"Est. reading time\" \/>\n\t<meta name=\"twitter:data1\" content=\"1 minute\" \/>\n<script type=\"application\/ld+json\" class=\"yoast-schema-graph\">{\"@context\":\"https:\/\/schema.org\",\"@graph\":[{\"@type\":\"WebPage\",\"@id\":\"https:\/\/dev.tg4.ie\/ga\/eolas\/preas\/nuacht-raitis\/2018-2\/subaru-ireland-ina-phairti-oifigiuil-feithicli-ag-tg4\/\",\"url\":\"https:\/\/dev.tg4.ie\/ga\/eolas\/preas\/nuacht-raitis\/2018-2\/subaru-ireland-ina-phairti-oifigiuil-feithicli-ag-tg4\/\",\"name\":\"Subaru Ireland ina Ph\u00e1irt\u00ed Oifigi\u00fail Feithicl\u00ed ag TG4 | Nuacht R\u00e1iteas | TG4\",\"isPartOf\":{\"@id\":\"https:\/\/dev.tg4.ie\/en\/#website\"},\"primaryImageOfPage\":{\"@id\":\"https:\/\/dev.tg4.ie\/ga\/eolas\/preas\/nuacht-raitis\/2018-2\/subaru-ireland-ina-phairti-oifigiuil-feithicli-ag-tg4\/#primaryimage\"},\"image\":{\"@id\":\"https:\/\/dev.tg4.ie\/ga\/eolas\/preas\/nuacht-raitis\/2018-2\/subaru-ireland-ina-phairti-oifigiuil-feithicli-ag-tg4\/#primaryimage\"},\"thumbnailUrl\":\"https:\/\/tg4-docs.s3.amazonaws.com\/tg4-redesign-2015\/wp-content\/uploads\/2018\/07\/Alan_Esslemont_-TG4_Niall_Cunningham_-Cunningham_Autopoint_Se%C3%A1n_Dunne_-_Subaru_Ireland.jpg\",\"datePublished\":\"2018-07-18T11:00:34+00:00\",\"dateModified\":\"2019-07-01T10:43:56+00:00\",\"breadcrumb\":{\"@id\":\"https:\/\/dev.tg4.ie\/ga\/eolas\/preas\/nuacht-raitis\/2018-2\/subaru-ireland-ina-phairti-oifigiuil-feithicli-ag-tg4\/#breadcrumb\"},\"inLanguage\":\"ga\",\"potentialAction\":[{\"@type\":\"ReadAction\",\"target\":[\"https:\/\/dev.tg4.ie\/ga\/eolas\/preas\/nuacht-raitis\/2018-2\/subaru-ireland-ina-phairti-oifigiuil-feithicli-ag-tg4\/\"]}]},{\"@type\":\"ImageObject\",\"inLanguage\":\"ga\",\"@id\":\"https:\/\/dev.tg4.ie\/ga\/eolas\/preas\/nuacht-raitis\/2018-2\/subaru-ireland-ina-phairti-oifigiuil-feithicli-ag-tg4\/#primaryimage\",\"url\":\"https:\/\/tg4-docs.s3.amazonaws.com\/tg4-redesign-2015\/wp-content\/uploads\/2018\/07\/Alan_Esslemont_-TG4_Niall_Cunningham_-Cunningham_Autopoint_Se%C3%A1n_Dunne_-_Subaru_Ireland.jpg\",\"contentUrl\":\"https:\/\/tg4-docs.s3.amazonaws.com\/tg4-redesign-2015\/wp-content\/uploads\/2018\/07\/Alan_Esslemont_-TG4_Niall_Cunningham_-Cunningham_Autopoint_Se%C3%A1n_Dunne_-_Subaru_Ireland.jpg\",\"width\":1920,\"height\":1080,\"caption\":\"Alan Esslemont_- TG4, Niall Cunningham - Cunningham_Autopoint, Se\u00e1n Dunne - Subaru Ireland\"},{\"@type\":\"BreadcrumbList\",\"@id\":\"https:\/\/dev.tg4.ie\/ga\/eolas\/preas\/nuacht-raitis\/2018-2\/subaru-ireland-ina-phairti-oifigiuil-feithicli-ag-tg4\/#breadcrumb\",\"itemListElement\":[{\"@type\":\"ListItem\",\"position\":1,\"name\":\"Home\",\"item\":\"https:\/\/dev.tg4.ie\/ga\/\"},{\"@type\":\"ListItem\",\"position\":2,\"name\":\"Eolas\",\"item\":\"https:\/\/dev.tg4.ie\/ga\/eolas\/\"},{\"@type\":\"ListItem\",\"position\":3,\"name\":\"Preas\",\"item\":\"https:\/\/dev.tg4.ie\/ga\/eolas\/preas\/\"},{\"@type\":\"ListItem\",\"position\":4,\"name\":\"Nuacht R\u00e1itis\",\"item\":\"https:\/\/dev.tg4.ie\/ga\/eolas\/preas\/nuacht-raitis\/\"},{\"@type\":\"ListItem\",\"position\":5,\"name\":\"2018\",\"item\":\"https:\/\/dev.tg4.ie\/ga\/eolas\/preas\/nuacht-raitis\/2018-2\/\"},{\"@type\":\"ListItem\",\"position\":6,\"name\":\"Subaru Ireland ina Ph\u00e1irt\u00ed Oifigi\u00fail Feithicl\u00ed ag TG4\"}]},{\"@type\":\"WebSite\",\"@id\":\"https:\/\/dev.tg4.ie\/en\/#website\",\"url\":\"https:\/\/dev.tg4.ie\/en\/\",\"name\":\"TG4\",\"description\":\"S\u00fail Eile\",\"potentialAction\":[{\"@type\":\"SearchAction\",\"target\":{\"@type\":\"EntryPoint\",\"urlTemplate\":\"https:\/\/dev.tg4.ie\/en\/?s={search_term_string}\"},\"query-input\":\"required name=search_term_string\"}],\"inLanguage\":\"ga\"}]}<\/script>\n<!-- \/ Yoast SEO plugin. -->","yoast_head_json":{"title":"Subaru Ireland ina Ph\u00e1irt\u00ed Oifigi\u00fail Feithicl\u00ed ag TG4 | Nuacht R\u00e1iteas | TG4","robots":{"index":"index","follow":"follow","max-snippet":"max-snippet:-1","max-image-preview":"max-image-preview:large","max-video-preview":"max-video-preview:-1"},"og_locale":"en_US","og_type":"article","og_title":"Subaru Ireland ina Ph\u00e1irt\u00ed Oifigi\u00fail Feithicl\u00ed ag TG4 | Nuacht R\u00e1iteas | TG4","og_description":"Cuirfidh Subaru feithicl\u00ed ar f\u00e1il d\u2019fhoirne me\u00e1n s\u00f3isialta agus Sp\u00f3rt TG4 a bheidh ag craoladh go seachtrach.\u00a0 Beidh r\u00e9imse feithicl\u00ed il\u00fas\u00e1ide agus acmhainneacha \u2018life-style Subaru AWD\u2019 den d\u00e9anamh Forester, Outback agus an XV Crossover \u00farnua ar f\u00e1il don fhoireann le tiom\u00e1int i mbun a gcuid oibre. Ag an seoladh, a re\u00e1cht\u00e1ladh ag Cunningham Autopoint,\u00a0 d\u00edolt\u00f3ir [&hellip;]","og_url":"https:\/\/dev.tg4.ie\/ga\/eolas\/preas\/nuacht-raitis\/2018-2\/subaru-ireland-ina-phairti-oifigiuil-feithicli-ag-tg4\/","og_site_name":"TG4","article_publisher":"https:\/\/www.facebook.com\/TG4TV","article_modified_time":"2019-07-01T10:43:56+00:00","og_image":[{"width":1920,"height":1080,"url":"https:\/\/tg4-docs.s3.amazonaws.com\/tg4-redesign-2015\/wp-content\/uploads\/2018\/07\/Alan_Esslemont_-TG4_Niall_Cunningham_-Cunningham_Autopoint_Se%C3%A1n_Dunne_-_Subaru_Ireland.jpg","type":"image\/jpeg"}],"twitter_card":"summary_large_image","twitter_site":"@TG4TV","twitter_misc":{"Est. reading time":"1 minute"},"schema":{"@context":"https:\/\/schema.org","@graph":[{"@type":"WebPage","@id":"https:\/\/dev.tg4.ie\/ga\/eolas\/preas\/nuacht-raitis\/2018-2\/subaru-ireland-ina-phairti-oifigiuil-feithicli-ag-tg4\/","url":"https:\/\/dev.tg4.ie\/ga\/eolas\/preas\/nuacht-raitis\/2018-2\/subaru-ireland-ina-phairti-oifigiuil-feithicli-ag-tg4\/","name":"Subaru Ireland ina Ph\u00e1irt\u00ed Oifigi\u00fail Feithicl\u00ed ag TG4 | Nuacht R\u00e1iteas | TG4","isPartOf":{"@id":"https:\/\/dev.tg4.ie\/en\/#website"},"primaryImageOfPage":{"@id":"https:\/\/dev.tg4.ie\/ga\/eolas\/preas\/nuacht-raitis\/2018-2\/subaru-ireland-ina-phairti-oifigiuil-feithicli-ag-tg4\/#primaryimage"},"image":{"@id":"https:\/\/dev.tg4.ie\/ga\/eolas\/preas\/nuacht-raitis\/2018-2\/subaru-ireland-ina-phairti-oifigiuil-feithicli-ag-tg4\/#primaryimage"},"thumbnailUrl":"https:\/\/tg4-docs.s3.amazonaws.com\/tg4-redesign-2015\/wp-content\/uploads\/2018\/07\/Alan_Esslemont_-TG4_Niall_Cunningham_-Cunningham_Autopoint_Se%C3%A1n_Dunne_-_Subaru_Ireland.jpg","datePublished":"2018-07-18T11:00:34+00:00","dateModified":"2019-07-01T10:43:56+00:00","breadcrumb":{"@id":"https:\/\/dev.tg4.ie\/ga\/eolas\/preas\/nuacht-raitis\/2018-2\/subaru-ireland-ina-phairti-oifigiuil-feithicli-ag-tg4\/#breadcrumb"},"inLanguage":"ga","potentialAction":[{"@type":"ReadAction","target":["https:\/\/dev.tg4.ie\/ga\/eolas\/preas\/nuacht-raitis\/2018-2\/subaru-ireland-ina-phairti-oifigiuil-feithicli-ag-tg4\/"]}]},{"@type":"ImageObject","inLanguage":"ga","@id":"https:\/\/dev.tg4.ie\/ga\/eolas\/preas\/nuacht-raitis\/2018-2\/subaru-ireland-ina-phairti-oifigiuil-feithicli-ag-tg4\/#primaryimage","url":"https:\/\/tg4-docs.s3.amazonaws.com\/tg4-redesign-2015\/wp-content\/uploads\/2018\/07\/Alan_Esslemont_-TG4_Niall_Cunningham_-Cunningham_Autopoint_Se%C3%A1n_Dunne_-_Subaru_Ireland.jpg","contentUrl":"https:\/\/tg4-docs.s3.amazonaws.com\/tg4-redesign-2015\/wp-content\/uploads\/2018\/07\/Alan_Esslemont_-TG4_Niall_Cunningham_-Cunningham_Autopoint_Se%C3%A1n_Dunne_-_Subaru_Ireland.jpg","width":1920,"height":1080,"caption":"Alan Esslemont_- TG4, Niall Cunningham - Cunningham_Autopoint, Se\u00e1n Dunne - Subaru Ireland"},{"@type":"BreadcrumbList","@id":"https:\/\/dev.tg4.ie\/ga\/eolas\/preas\/nuacht-raitis\/2018-2\/subaru-ireland-ina-phairti-oifigiuil-feithicli-ag-tg4\/#breadcrumb","itemListElement":[{"@type":"ListItem","position":1,"name":"Home","item":"https:\/\/dev.tg4.ie\/ga\/"},{"@type":"ListItem","position":2,"name":"Eolas","item":"https:\/\/dev.tg4.ie\/ga\/eolas\/"},{"@type":"ListItem","position":3,"name":"Preas","item":"https:\/\/dev.tg4.ie\/ga\/eolas\/preas\/"},{"@type":"ListItem","position":4,"name":"Nuacht R\u00e1itis","item":"https:\/\/dev.tg4.ie\/ga\/eolas\/preas\/nuacht-raitis\/"},{"@type":"ListItem","position":5,"name":"2018","item":"https:\/\/dev.tg4.ie\/ga\/eolas\/preas\/nuacht-raitis\/2018-2\/"},{"@type":"ListItem","position":6,"name":"Subaru Ireland ina Ph\u00e1irt\u00ed Oifigi\u00fail Feithicl\u00ed ag TG4"}]},{"@type":"WebSite","@id":"https:\/\/dev.tg4.ie\/en\/#website","url":"https:\/\/dev.tg4.ie\/en\/","name":"TG4","description":"S\u00fail Eile","potentialAction":[{"@type":"SearchAction","target":{"@type":"EntryPoint","urlTemplate":"https:\/\/dev.tg4.ie\/en\/?s={search_term_string}"},"query-input":"required name=search_term_string"}],"inLanguage":"ga"}]}},"_links":{"self":[{"href":"https:\/\/dev.tg4.ie\/ga\/wp-json\/wp\/v2\/pages\/90341"}],"collection":[{"href":"https:\/\/dev.tg4.ie\/ga\/wp-json\/wp\/v2\/pages"}],"about":[{"href":"https:\/\/dev.tg4.ie\/ga\/wp-json\/wp\/v2\/types\/page"}],"author":[{"embeddable":true,"href":"https:\/\/dev.tg4.ie\/ga\/wp-json\/wp\/v2\/users\/876"}],"replies":[{"embeddable":true,"href":"https:\/\/dev.tg4.ie\/ga\/wp-json\/wp\/v2\/comments?post=90341"}],"version-history":[{"count":0,"href":"https:\/\/dev.tg4.ie\/ga\/wp-json\/wp\/v2\/pages\/90341\/revisions"}],"up":[{"embeddable":true,"href":"https:\/\/dev.tg4.ie\/ga\/wp-json\/wp\/v2\/pages\/72849"}],"wp:featuredmedia":[{"embeddable":true,"href":"https:\/\/dev.tg4.ie\/ga\/wp-json\/wp\/v2\/media\/90343"}],"wp:attachment":[{"href":"https:\/\/dev.tg4.ie\/ga\/wp-json\/wp\/v2\/media?parent=90341"}],"curies":[{"name":"wp","href":"https:\/\/api.w.org\/{rel}","templated":true}]}}