{"id":90511,"date":"2018-07-23T14:28:40","date_gmt":"2018-07-23T13:28:40","guid":{"rendered":"https:\/\/dev.tg4.ie\/?page_id=90511"},"modified":"2019-07-01T11:44:57","modified_gmt":"2019-07-01T10:44:57","slug":"beagnach-e1m-breise-ceadaithe-ag-an-rialtas-do-tg4","status":"publish","type":"page","link":"https:\/\/dev.tg4.ie\/ga\/eolas\/preas\/nuacht-raitis\/2018-2\/beagnach-e1m-breise-ceadaithe-ag-an-rialtas-do-tg4\/","title":{"rendered":"Beagnach \u20ac1m breise ceadaithe ag an Rialtas do TG4"},"content":{"rendered":"<p>Tugadh an m\u00e9id seo le fios ag \u00f3c\u00e1id sheolta Strait\u00e9is Chorpar\u00e1ide TG4 i nGaillimh inniu.<\/p>\n<p>De r\u00e9ir na strait\u00e9ise c\u00faig bhliana, t\u00e1 de r\u00fan ag an gcraolt\u00f3ir n\u00e1isi\u00fanta, TG4, cuidi\u00fa le bonn a chur faoi 160 post nua, brost\u00fa le for\u00e1s agus cur leis an lucht f\u00e9achana.<\/p>\n<p>Ag labhairt d\u00f3 ag an seoladh, d\u00fairt Alan Esslemont, Ard-Sti\u00farth\u00f3ir TG4:<\/p>\n<p>\u201cT\u00e1 muid thar a bheith bu\u00edoch as an t-airgead breise seo at\u00e1 f\u00f3gartha ag an Rialtas, a thugann aitheantas dar linn, don obair mhaith at\u00e1 ar si\u00fal ag TG4.<\/p>\n<p>\u201cB\u00edonn TG4 ina shiocair le nu\u00e1il i r\u00e9imse mhe\u00e1in chlosamhairc na Gaeilge.\u00a0 T\u00e1 n\u00edos m\u00f3 n\u00e1 75% de mhuintir na t\u00edre den tuairim go bhfuil tionchar chun sochair ag TG4 ar an teanga.\u00a0 T\u00e1 n\u00edos m\u00f3 n\u00e1 500,000 duine de lucht f\u00e9achana gach l\u00e1 againn, 92% de lucht f\u00e9achana na Gaeilge a mb\u00edonn aird acu ar TG4 gach seachtain agus 48% den lucht f\u00e9achana n\u00e1isi\u00fanta, c\u00e9atad\u00e1n a fh\u00e1gann TG4 ar an 7\u00fa cain\u00e9al is m\u00f3 lucht f\u00e9achana in \u00c9irinn.<\/p>\n<p>\u201cT\u00e1 bonn \u00e1 choinne\u00e1il ag TG4 faoi na c\u00e9adta post in earn\u00e1il l\u00e9iritheoir\u00ed\u00a0neamhsple\u00e1cha na h\u00c9ireann agus b\u00edtear d\u00fathrachtach d\u00e1ir\u00edre maidir le samhla\u00edocht agus cruthaitheacht dhaoine cumasacha in \u00c9irinn a choth\u00fa.<\/p>\n<p>\u201cCrutha\u00edmid poist i gceantair r\u00e9igi\u00fanacha agus d\u00e9antar sochar maidir le c\u00farsa\u00ed geilleagair in \u00c9irinn.\u00a0 I rith na ndeich mbliana anuas go dt\u00ed an bhliain 2017, chaith TG4 n\u00edos m\u00f3 n\u00e1 \u20ac200m san earn\u00e1il. Sa bhliain 2016, chuir TG4 \u20ac62m leis an ioncam n\u00e1isi\u00fanta agus cotha\u00edodh n\u00edos m\u00f3 n\u00e1 750 post.\u00a0 B\u00edonn luach \u20ac2 ag geilleagar na h\u00c9ireann as gach \u20ac1 d&#8217;infheist\u00edocht a dh\u00e9anann TG4 i dtionscail na cruthaitheachta in \u00c9irinn.<\/p>\n<p>\u201cIs tr\u00e1th cinni\u00fanach seo ag TG4 agus \u00e1bhar ollmh\u00f3r d\u00fashl\u00e1in le s\u00e1r\u00fa. Craolt\u00f3ir mionteanga d\u00fachais at\u00e1 in TG4 ach \u00e9 i margadh mhe\u00e1in chumars\u00e1ide an Bh\u00e9arla agus ioma\u00edocht \u00e1 dh\u00e9anamh leis ag comhlachta\u00ed\u00a0n\u00e1isi\u00fanta agus idirn\u00e1isi\u00fanta me\u00e1n cumars\u00e1ide agus teicneola\u00edochta a bhfuil buis\u00e9id ollmh\u00f3ra acu maidir le h\u00e1bhar a l\u00e9iri\u00fa.<\/p>\n<p>\u201cCuirfear cor nua faoi thoradh feidhm\u00edochta TG4 leis an strait\u00e9is seo. T\u00e1 de r\u00fan againn cur leis an sciar den lucht f\u00e9achana faoin mbliain 2022 a oiread agus go mbeifear ar an 6\u00fa cain\u00e9al is m\u00f3 lucht f\u00e9achana in \u00c9irinn.<\/p>\n<p>\u201cBeidh aird leis an strait\u00e9is seo ar chusp\u00f3ir\u00ed\u00a0bunt\u00e1bhachtacha an bheartais phoibl\u00ed agus tabharfar bunt\u00e1iste d\u00e1ir\u00edre i gcr\u00edch do gheilleagar na t\u00edre, go h\u00e1irithe sna r\u00e9igi\u00fain &#8211; sa chaoi is go mbeidh bonn \u00e1 choinne\u00e1il faoi 930 post faoin mbliain 2022 agus n\u00edos m\u00f3 n\u00e1 \u20ac77m den ioncam n\u00e1isi\u00fanta \u00e1 chruth\u00fa\u00a0gach bliain.<\/p>\n<p>\u201cTr\u00edd is tr\u00edd, f\u00e1gfaidh strait\u00e9is TG4 n\u00edos m\u00f3 daoine ag taobh\u00fa na Gaeilge ionas go gcuid\u00edtear le bonn daingean agus m\u00e9ad\u00fa for\u00e1is a chur faoi phobal na Gaeilge ar fud na h\u00c9ireann.<\/p>\n<p>\u201cAgus sinn ag f\u00e9achaint le leibh\u00e9al na gcist\u00ed a thabhairt ar ais mar a bh\u00edodh roimh an gc\u00fal\u00fa eacnama\u00edochta, t\u00e1 na riachtanais cist\u00edochta \u00edseal i gcompar\u00e1id leis an toradh at\u00e1thar ag iarraidh a thabhairt i gcr\u00edch.\u00a0 Ard\u00fa 5% ar an me\u00e1n in aghaidh na bliana ar an gcist\u00edocht reatha a bheadh i gceist go ceann c\u00faig bhliana chomh maith le hard\u00fa beag ar chist\u00ed\u00a0caipitil.<\/p>\n<p>\u201cTabharfaidh TG4 toradh f\u00f3nta de r\u00e9ir na gcusp\u00f3ir\u00ed seo i bhfeidhm i rith na mblianta 2018-2022, i gcomhar leis na p\u00e1irtithe leasmhara pr\u00edomhth\u00e1bhachta eile, arna bhun\u00fa ar an strait\u00e9is eamhnaithe maidir le dh\u00e1 dhream den lucht f\u00e9achana agus ar an m\u00fanla foilsitheora\/craolt\u00f3ra at\u00e1 againn\u201d.<\/p>\n","protected":false},"excerpt":{"rendered":"<p>Tugadh an m\u00e9id seo le fios ag \u00f3c\u00e1id sheolta Strait\u00e9is Chorpar\u00e1ide TG4 i nGaillimh inniu. De r\u00e9ir na strait\u00e9ise c\u00faig bhliana, t\u00e1 de r\u00fan ag an gcraolt\u00f3ir n\u00e1isi\u00fanta, TG4, cuidi\u00fa le bonn a chur faoi 160 post nua, brost\u00fa le for\u00e1s agus cur leis an lucht f\u00e9achana. Ag labhairt d\u00f3 ag an seoladh, d\u00fairt Alan [&hellip;]<\/p>\n","protected":false},"author":876,"featured_media":90531,"parent":72849,"menu_order":32,"comment_status":"closed","ping_status":"closed","template":"page-templates\/template-pr.php","meta":{"_acf_changed":false,"footnotes":""},"acf":[],"yoast_head":"<!-- This site is optimized with the Yoast SEO plugin v22.6 - https:\/\/yoast.com\/wordpress\/plugins\/seo\/ -->\n<title>Beagnach \u20ac1m breise ceadaithe ag an Rialtas do TG4 - TG4<\/title>\n<meta name=\"robots\" content=\"index, follow, max-snippet:-1, max-image-preview:large, max-video-preview:-1\" \/>\n<meta property=\"og:locale\" content=\"en_US\" \/>\n<meta property=\"og:type\" content=\"article\" \/>\n<meta property=\"og:title\" content=\"Beagnach \u20ac1m breise ceadaithe ag an Rialtas do TG4 - TG4\" \/>\n<meta property=\"og:description\" content=\"Tugadh an m\u00e9id seo le fios ag \u00f3c\u00e1id sheolta Strait\u00e9is Chorpar\u00e1ide TG4 i nGaillimh inniu. De r\u00e9ir na strait\u00e9ise c\u00faig bhliana, t\u00e1 de r\u00fan ag an gcraolt\u00f3ir n\u00e1isi\u00fanta, TG4, cuidi\u00fa le bonn a chur faoi 160 post nua, brost\u00fa le for\u00e1s agus cur leis an lucht f\u00e9achana. Ag labhairt d\u00f3 ag an seoladh, d\u00fairt Alan [&hellip;]\" \/>\n<meta property=\"og:url\" content=\"https:\/\/dev.tg4.ie\/ga\/eolas\/preas\/nuacht-raitis\/2018-2\/beagnach-e1m-breise-ceadaithe-ag-an-rialtas-do-tg4\/\" \/>\n<meta property=\"og:site_name\" content=\"TG4\" \/>\n<meta property=\"article:publisher\" content=\"https:\/\/www.facebook.com\/TG4TV\" \/>\n<meta property=\"article:modified_time\" content=\"2019-07-01T10:44:57+00:00\" \/>\n<meta property=\"og:image\" content=\"https:\/\/tg4-docs.s3.amazonaws.com\/tg4-redesign-2015\/wp-content\/uploads\/2018\/07\/Seoladh_Strait%C3%A9is_TG4_2018_1.jpg\" \/>\n\t<meta property=\"og:image:width\" content=\"1920\" \/>\n\t<meta property=\"og:image:height\" content=\"1080\" \/>\n\t<meta property=\"og:image:type\" content=\"image\/jpeg\" \/>\n<meta name=\"twitter:card\" content=\"summary_large_image\" \/>\n<meta name=\"twitter:site\" content=\"@TG4TV\" \/>\n<meta name=\"twitter:label1\" content=\"Est. reading time\" \/>\n\t<meta name=\"twitter:data1\" content=\"3 minutes\" \/>\n<script type=\"application\/ld+json\" class=\"yoast-schema-graph\">{\"@context\":\"https:\/\/schema.org\",\"@graph\":[{\"@type\":\"WebPage\",\"@id\":\"https:\/\/dev.tg4.ie\/ga\/eolas\/preas\/nuacht-raitis\/2018-2\/beagnach-e1m-breise-ceadaithe-ag-an-rialtas-do-tg4\/\",\"url\":\"https:\/\/dev.tg4.ie\/ga\/eolas\/preas\/nuacht-raitis\/2018-2\/beagnach-e1m-breise-ceadaithe-ag-an-rialtas-do-tg4\/\",\"name\":\"Beagnach \u20ac1m breise ceadaithe ag an Rialtas do TG4 - TG4\",\"isPartOf\":{\"@id\":\"https:\/\/dev.tg4.ie\/en\/#website\"},\"primaryImageOfPage\":{\"@id\":\"https:\/\/dev.tg4.ie\/ga\/eolas\/preas\/nuacht-raitis\/2018-2\/beagnach-e1m-breise-ceadaithe-ag-an-rialtas-do-tg4\/#primaryimage\"},\"image\":{\"@id\":\"https:\/\/dev.tg4.ie\/ga\/eolas\/preas\/nuacht-raitis\/2018-2\/beagnach-e1m-breise-ceadaithe-ag-an-rialtas-do-tg4\/#primaryimage\"},\"thumbnailUrl\":\"https:\/\/tg4-docs.s3.amazonaws.com\/tg4-redesign-2015\/wp-content\/uploads\/2018\/07\/Seoladh_Strait%C3%A9is_TG4_2018_1.jpg\",\"datePublished\":\"2018-07-23T13:28:40+00:00\",\"dateModified\":\"2019-07-01T10:44:57+00:00\",\"breadcrumb\":{\"@id\":\"https:\/\/dev.tg4.ie\/ga\/eolas\/preas\/nuacht-raitis\/2018-2\/beagnach-e1m-breise-ceadaithe-ag-an-rialtas-do-tg4\/#breadcrumb\"},\"inLanguage\":\"ga\",\"potentialAction\":[{\"@type\":\"ReadAction\",\"target\":[\"https:\/\/dev.tg4.ie\/ga\/eolas\/preas\/nuacht-raitis\/2018-2\/beagnach-e1m-breise-ceadaithe-ag-an-rialtas-do-tg4\/\"]}]},{\"@type\":\"ImageObject\",\"inLanguage\":\"ga\",\"@id\":\"https:\/\/dev.tg4.ie\/ga\/eolas\/preas\/nuacht-raitis\/2018-2\/beagnach-e1m-breise-ceadaithe-ag-an-rialtas-do-tg4\/#primaryimage\",\"url\":\"https:\/\/tg4-docs.s3.amazonaws.com\/tg4-redesign-2015\/wp-content\/uploads\/2018\/07\/Seoladh_Strait%C3%A9is_TG4_2018_1.jpg\",\"contentUrl\":\"https:\/\/tg4-docs.s3.amazonaws.com\/tg4-redesign-2015\/wp-content\/uploads\/2018\/07\/Seoladh_Strait%C3%A9is_TG4_2018_1.jpg\",\"width\":1920,\"height\":1080,\"caption\":\"Alan Esslemont-Ard-Sti\u00farth\u00f3ir TG4, An tAire Sean Kyne & Fiona N\u00ed Fhlaithearta- TG4\"},{\"@type\":\"BreadcrumbList\",\"@id\":\"https:\/\/dev.tg4.ie\/ga\/eolas\/preas\/nuacht-raitis\/2018-2\/beagnach-e1m-breise-ceadaithe-ag-an-rialtas-do-tg4\/#breadcrumb\",\"itemListElement\":[{\"@type\":\"ListItem\",\"position\":1,\"name\":\"Home\",\"item\":\"https:\/\/dev.tg4.ie\/ga\/\"},{\"@type\":\"ListItem\",\"position\":2,\"name\":\"Eolas\",\"item\":\"https:\/\/dev.tg4.ie\/ga\/eolas\/\"},{\"@type\":\"ListItem\",\"position\":3,\"name\":\"Preas\",\"item\":\"https:\/\/dev.tg4.ie\/ga\/eolas\/preas\/\"},{\"@type\":\"ListItem\",\"position\":4,\"name\":\"Nuacht R\u00e1itis\",\"item\":\"https:\/\/dev.tg4.ie\/ga\/eolas\/preas\/nuacht-raitis\/\"},{\"@type\":\"ListItem\",\"position\":5,\"name\":\"2018\",\"item\":\"https:\/\/dev.tg4.ie\/ga\/eolas\/preas\/nuacht-raitis\/2018-2\/\"},{\"@type\":\"ListItem\",\"position\":6,\"name\":\"Beagnach \u20ac1m breise ceadaithe ag an Rialtas do TG4\"}]},{\"@type\":\"WebSite\",\"@id\":\"https:\/\/dev.tg4.ie\/en\/#website\",\"url\":\"https:\/\/dev.tg4.ie\/en\/\",\"name\":\"TG4\",\"description\":\"S\u00fail Eile\",\"potentialAction\":[{\"@type\":\"SearchAction\",\"target\":{\"@type\":\"EntryPoint\",\"urlTemplate\":\"https:\/\/dev.tg4.ie\/en\/?s={search_term_string}\"},\"query-input\":\"required name=search_term_string\"}],\"inLanguage\":\"ga\"}]}<\/script>\n<!-- \/ Yoast SEO plugin. -->","yoast_head_json":{"title":"Beagnach \u20ac1m breise ceadaithe ag an Rialtas do TG4 - TG4","robots":{"index":"index","follow":"follow","max-snippet":"max-snippet:-1","max-image-preview":"max-image-preview:large","max-video-preview":"max-video-preview:-1"},"og_locale":"en_US","og_type":"article","og_title":"Beagnach \u20ac1m breise ceadaithe ag an Rialtas do TG4 - TG4","og_description":"Tugadh an m\u00e9id seo le fios ag \u00f3c\u00e1id sheolta Strait\u00e9is Chorpar\u00e1ide TG4 i nGaillimh inniu. De r\u00e9ir na strait\u00e9ise c\u00faig bhliana, t\u00e1 de r\u00fan ag an gcraolt\u00f3ir n\u00e1isi\u00fanta, TG4, cuidi\u00fa le bonn a chur faoi 160 post nua, brost\u00fa le for\u00e1s agus cur leis an lucht f\u00e9achana. Ag labhairt d\u00f3 ag an seoladh, d\u00fairt Alan [&hellip;]","og_url":"https:\/\/dev.tg4.ie\/ga\/eolas\/preas\/nuacht-raitis\/2018-2\/beagnach-e1m-breise-ceadaithe-ag-an-rialtas-do-tg4\/","og_site_name":"TG4","article_publisher":"https:\/\/www.facebook.com\/TG4TV","article_modified_time":"2019-07-01T10:44:57+00:00","og_image":[{"width":1920,"height":1080,"url":"https:\/\/tg4-docs.s3.amazonaws.com\/tg4-redesign-2015\/wp-content\/uploads\/2018\/07\/Seoladh_Strait%C3%A9is_TG4_2018_1.jpg","type":"image\/jpeg"}],"twitter_card":"summary_large_image","twitter_site":"@TG4TV","twitter_misc":{"Est. reading time":"3 minutes"},"schema":{"@context":"https:\/\/schema.org","@graph":[{"@type":"WebPage","@id":"https:\/\/dev.tg4.ie\/ga\/eolas\/preas\/nuacht-raitis\/2018-2\/beagnach-e1m-breise-ceadaithe-ag-an-rialtas-do-tg4\/","url":"https:\/\/dev.tg4.ie\/ga\/eolas\/preas\/nuacht-raitis\/2018-2\/beagnach-e1m-breise-ceadaithe-ag-an-rialtas-do-tg4\/","name":"Beagnach \u20ac1m breise ceadaithe ag an Rialtas do TG4 - TG4","isPartOf":{"@id":"https:\/\/dev.tg4.ie\/en\/#website"},"primaryImageOfPage":{"@id":"https:\/\/dev.tg4.ie\/ga\/eolas\/preas\/nuacht-raitis\/2018-2\/beagnach-e1m-breise-ceadaithe-ag-an-rialtas-do-tg4\/#primaryimage"},"image":{"@id":"https:\/\/dev.tg4.ie\/ga\/eolas\/preas\/nuacht-raitis\/2018-2\/beagnach-e1m-breise-ceadaithe-ag-an-rialtas-do-tg4\/#primaryimage"},"thumbnailUrl":"https:\/\/tg4-docs.s3.amazonaws.com\/tg4-redesign-2015\/wp-content\/uploads\/2018\/07\/Seoladh_Strait%C3%A9is_TG4_2018_1.jpg","datePublished":"2018-07-23T13:28:40+00:00","dateModified":"2019-07-01T10:44:57+00:00","breadcrumb":{"@id":"https:\/\/dev.tg4.ie\/ga\/eolas\/preas\/nuacht-raitis\/2018-2\/beagnach-e1m-breise-ceadaithe-ag-an-rialtas-do-tg4\/#breadcrumb"},"inLanguage":"ga","potentialAction":[{"@type":"ReadAction","target":["https:\/\/dev.tg4.ie\/ga\/eolas\/preas\/nuacht-raitis\/2018-2\/beagnach-e1m-breise-ceadaithe-ag-an-rialtas-do-tg4\/"]}]},{"@type":"ImageObject","inLanguage":"ga","@id":"https:\/\/dev.tg4.ie\/ga\/eolas\/preas\/nuacht-raitis\/2018-2\/beagnach-e1m-breise-ceadaithe-ag-an-rialtas-do-tg4\/#primaryimage","url":"https:\/\/tg4-docs.s3.amazonaws.com\/tg4-redesign-2015\/wp-content\/uploads\/2018\/07\/Seoladh_Strait%C3%A9is_TG4_2018_1.jpg","contentUrl":"https:\/\/tg4-docs.s3.amazonaws.com\/tg4-redesign-2015\/wp-content\/uploads\/2018\/07\/Seoladh_Strait%C3%A9is_TG4_2018_1.jpg","width":1920,"height":1080,"caption":"Alan Esslemont-Ard-Sti\u00farth\u00f3ir TG4, An tAire Sean Kyne & Fiona N\u00ed Fhlaithearta- TG4"},{"@type":"BreadcrumbList","@id":"https:\/\/dev.tg4.ie\/ga\/eolas\/preas\/nuacht-raitis\/2018-2\/beagnach-e1m-breise-ceadaithe-ag-an-rialtas-do-tg4\/#breadcrumb","itemListElement":[{"@type":"ListItem","position":1,"name":"Home","item":"https:\/\/dev.tg4.ie\/ga\/"},{"@type":"ListItem","position":2,"name":"Eolas","item":"https:\/\/dev.tg4.ie\/ga\/eolas\/"},{"@type":"ListItem","position":3,"name":"Preas","item":"https:\/\/dev.tg4.ie\/ga\/eolas\/preas\/"},{"@type":"ListItem","position":4,"name":"Nuacht R\u00e1itis","item":"https:\/\/dev.tg4.ie\/ga\/eolas\/preas\/nuacht-raitis\/"},{"@type":"ListItem","position":5,"name":"2018","item":"https:\/\/dev.tg4.ie\/ga\/eolas\/preas\/nuacht-raitis\/2018-2\/"},{"@type":"ListItem","position":6,"name":"Beagnach \u20ac1m breise ceadaithe ag an Rialtas do TG4"}]},{"@type":"WebSite","@id":"https:\/\/dev.tg4.ie\/en\/#website","url":"https:\/\/dev.tg4.ie\/en\/","name":"TG4","description":"S\u00fail Eile","potentialAction":[{"@type":"SearchAction","target":{"@type":"EntryPoint","urlTemplate":"https:\/\/dev.tg4.ie\/en\/?s={search_term_string}"},"query-input":"required name=search_term_string"}],"inLanguage":"ga"}]}},"_links":{"self":[{"href":"https:\/\/dev.tg4.ie\/ga\/wp-json\/wp\/v2\/pages\/90511"}],"collection":[{"href":"https:\/\/dev.tg4.ie\/ga\/wp-json\/wp\/v2\/pages"}],"about":[{"href":"https:\/\/dev.tg4.ie\/ga\/wp-json\/wp\/v2\/types\/page"}],"author":[{"embeddable":true,"href":"https:\/\/dev.tg4.ie\/ga\/wp-json\/wp\/v2\/users\/876"}],"replies":[{"embeddable":true,"href":"https:\/\/dev.tg4.ie\/ga\/wp-json\/wp\/v2\/comments?post=90511"}],"version-history":[{"count":0,"href":"https:\/\/dev.tg4.ie\/ga\/wp-json\/wp\/v2\/pages\/90511\/revisions"}],"up":[{"embeddable":true,"href":"https:\/\/dev.tg4.ie\/ga\/wp-json\/wp\/v2\/pages\/72849"}],"wp:featuredmedia":[{"embeddable":true,"href":"https:\/\/dev.tg4.ie\/ga\/wp-json\/wp\/v2\/media\/90531"}],"wp:attachment":[{"href":"https:\/\/dev.tg4.ie\/ga\/wp-json\/wp\/v2\/media?parent=90511"}],"curies":[{"name":"wp","href":"https:\/\/api.w.org\/{rel}","templated":true}]}}