{"id":90985,"date":"2018-08-01T16:54:10","date_gmt":"2018-08-01T15:54:10","guid":{"rendered":"https:\/\/dev.tg4.ie\/?page_id=90985"},"modified":"2020-04-21T22:02:17","modified_gmt":"2020-04-21T21:02:17","slug":"tg4-le-craobhchomortais-pharasnamha-allianz-na-heorpa-de-chuid-world-para-swimming-a-chraoladh","status":"publish","type":"page","link":"https:\/\/dev.tg4.ie\/ga\/eolas\/preas\/nuacht-raitis\/2018-2\/tg4-le-craobhchomortais-pharasnamha-allianz-na-heorpa-de-chuid-world-para-swimming-a-chraoladh\/","title":{"rendered":"TG4 le Craobhchom\u00f3rtais Pharasn\u00e1mha Allianz na hEorpa de chuid World Para Swimming a Chraoladh"},"content":{"rendered":"<p>Craolfaidh TG4 na babhta\u00ed c\u00e1ilithe gach l\u00e1 de na seacht l\u00e1, babhta\u00ed a mbeidh s\u00fail ag foireann na h\u00c9ireann \u00e1iteanna a bhaint amach iontu.\u00a0\u00a0 D\u00e9anfaidh TG4 na seisi\u00fain cheannais a shruth\u00fa beo ar sheinnteoir TG4.<\/p>\n<p>Maidir leis an bhf\u00f3gra faoi chl\u00fadach TG4 ar <em>Dublin 2018 <\/em>d\u00fairt Cathaoirleach LOC, Miriam Malone, <em>\u2018T\u00e1imid thar a bheith r\u00edm\u00e9adach go bhfuil TG4 le Dublin 2018 a chraoladh beo agus go mbeidh siad ar f\u00e1il do lucht f\u00e9achana ar fad na t\u00edre le breathn\u00fa orthu.\u00a0 Is \u00f3c\u00e1id stairi\u00fail \u00ed seo don t\u00edr, an ch\u00e9ad uair ag \u00c9irinn m\u00f3rimeacht idirn\u00e1isi\u00fanta parasp\u00f3irt a re\u00e1cht\u00e1il. Is cinnte gur \u00e1bhar misnigh do lucht \u00f3g sp\u00f3irt in \u00c9irinn an 400 sn\u00e1mha\u00ed a bheidh p\u00e1irteach agus go dtabharfaidh siad ugach d\u00f3ibh a gcuid aisling\u00ed sp\u00f3irt a thabhairt chun f\u00edre.\u00a0 A bhu\u00edochas do TG4 beidh siad in ann an t-aicsean ar fad a fheice\u00e1il sa mbaile acu f\u00e9in. Ba mhaith liom bu\u00edochas a ghlacadh le Alan Esslemont agus le R\u00f3n\u00e1n \u00d3 Coisdealbha chomh maith len\u00e1r gcomhghleacaithe i World Para Swimming faoin bhfonn agus an d\u00edograis a bh\u00ed orthu seo a dh\u00e9anamh\u2019.<\/em><\/p>\n<p>D\u00fairt Ceannasa\u00ed Sp\u00f3irt TG4, R\u00f3n\u00e1n \u00d3 Coisdealbha, ; <em>\u201cT\u00e1 r\u00edm\u00e9ad orainn Craobhchom\u00f3rtais Pharasn\u00e1mha Allianz na hEorpa de chuid World Para Swimming a chraoladh beo ar TG4. Is ioma\u00ed imeacht agus cl\u00e1r ar leith at\u00e1 curtha ag an \u2018tS\u00fail Eile\u2019, faoi bhr\u00e1id mhuintir na h\u00c9ireann agus cinnteoidh an chomhph\u00e1irt\u00edocht nua seo go mbeidh teacht ag daoine ar fud an domhain ar an bhf\u00e9asta sn\u00e1mha den ch\u00e9ad scoth seo. T\u00e1imid ag s\u00fail cumas sp\u00f3irt na scoth-l\u00fathchleasaithe seo a l\u00e9iri\u00fa agus ar nd\u00f3igh t\u00e1imid ag s\u00fail freisin go mbeidh roinnt bonn ag foireann na h\u00c9ireann faoi dheireadh na h\u00f3c\u00e1ide.&#8221;<\/em><\/p>\n<p>Patrick Flanagan, Ellen Keane, Ailbhe Kelly, Barry McClements, Jonathan McGrath, Sean O\u2019Riordan, James Scully agus Nicole Turner an t-ochtar at\u00e1 ar fhoireann na h\u00c9ireann agus a mbeidh s\u00fail acu ar bhonn \u00f3ir.\u00a0 An tseachtain seo chugainn a bheidh cl\u00e1r ioml\u00e1n imeachta\u00ed na gcraobhchom\u00f3rtas ar f\u00e1il don fhoireann.<\/p>\n<p>T\u00e1 tic\u00e9id do Chraobhchom\u00f3rtais Pharasn\u00e1mha Allianz na hEorpa ar f\u00e1il le ceannach anois ag\u00a0www.paralympics.ie .\u00a0Cosn\u00f3idh tic\u00e9id do sheisi\u00fan na maidine \u20ac5 ar dhuine f\u00e1sta, \u20ac3 ar dhaoine Faoi 16, tic\u00e9ad teaghlaigh (2 duine f\u00e1sta agus 2 leanbh) \u20ac10 agus tic\u00e9id do ghr\u00fapa (2 duine f\u00e1sta agus 8 leana\u00ed) \u20ac25. \u20ac10 a bheidh ar thic\u00e9ad duine f\u00e1sta do na seisi\u00fain tr\u00e1thn\u00f3na, \u20ac3 an tic\u00e9ad do dhuine F16 agus \u20ac20 ar Thic\u00e9ad Teaghlaigh.<\/p>\n<p>T\u00e1 taca\u00edocht ag Craobhchom\u00f3rtais Allianz na hEorpa de chuid <em>World Para Swimming<\/em> \u00f3 Chumann Parailimpeach na h\u00c9ireann, Sp\u00f3rt \u00c9ireann, Sn\u00e1mh \u00c9ireann agus F\u00e1ilte \u00c9ireann.<\/p>\n","protected":false},"excerpt":{"rendered":"<p>Craolfaidh TG4 na babhta\u00ed c\u00e1ilithe gach l\u00e1 de na seacht l\u00e1, babhta\u00ed a mbeidh s\u00fail ag foireann na h\u00c9ireann \u00e1iteanna a bhaint amach iontu.\u00a0\u00a0 D\u00e9anfaidh TG4 na seisi\u00fain cheannais a shruth\u00fa beo ar sheinnteoir TG4. Maidir leis an bhf\u00f3gra faoi chl\u00fadach TG4 ar Dublin 2018 d\u00fairt Cathaoirleach LOC, Miriam Malone, \u2018T\u00e1imid thar a bheith r\u00edm\u00e9adach [&hellip;]<\/p>\n","protected":false},"author":876,"featured_media":90821,"parent":72849,"menu_order":33,"comment_status":"closed","ping_status":"closed","template":"page-templates\/template-pr.php","meta":{"_acf_changed":false,"footnotes":""},"acf":[],"yoast_head":"<!-- This site is optimized with the Yoast SEO plugin v22.6 - https:\/\/yoast.com\/wordpress\/plugins\/seo\/ -->\n<title>TG4 le Craobhchom\u00f3rtais Pharasn\u00e1mha Allianz na hEorpa de chuid World Para Swimming a Chraoladh - TG4<\/title>\n<meta name=\"robots\" content=\"index, follow, max-snippet:-1, max-image-preview:large, max-video-preview:-1\" \/>\n<meta property=\"og:locale\" content=\"en_US\" \/>\n<meta property=\"og:type\" content=\"article\" \/>\n<meta property=\"og:title\" content=\"TG4 le Craobhchom\u00f3rtais Pharasn\u00e1mha Allianz na hEorpa de chuid World Para Swimming a Chraoladh - TG4\" \/>\n<meta property=\"og:description\" content=\"Craolfaidh TG4 na babhta\u00ed c\u00e1ilithe gach l\u00e1 de na seacht l\u00e1, babhta\u00ed a mbeidh s\u00fail ag foireann na h\u00c9ireann \u00e1iteanna a bhaint amach iontu.\u00a0\u00a0 D\u00e9anfaidh TG4 na seisi\u00fain cheannais a shruth\u00fa beo ar sheinnteoir TG4. Maidir leis an bhf\u00f3gra faoi chl\u00fadach TG4 ar Dublin 2018 d\u00fairt Cathaoirleach LOC, Miriam Malone, \u2018T\u00e1imid thar a bheith r\u00edm\u00e9adach [&hellip;]\" \/>\n<meta property=\"og:url\" content=\"https:\/\/dev.tg4.ie\/ga\/eolas\/preas\/nuacht-raitis\/2018-2\/tg4-le-craobhchomortais-pharasnamha-allianz-na-heorpa-de-chuid-world-para-swimming-a-chraoladh\/\" \/>\n<meta property=\"og:site_name\" content=\"TG4\" \/>\n<meta property=\"article:publisher\" content=\"https:\/\/www.facebook.com\/TG4TV\" \/>\n<meta property=\"article:modified_time\" content=\"2020-04-21T21:02:17+00:00\" \/>\n<meta property=\"og:image\" content=\"https:\/\/tg4-docs.s3.amazonaws.com\/tg4-redesign-2015\/wp-content\/uploads\/2018\/07\/Para_Swimming_h2.jpg\" \/>\n\t<meta property=\"og:image:width\" content=\"1920\" \/>\n\t<meta property=\"og:image:height\" content=\"1080\" \/>\n\t<meta property=\"og:image:type\" content=\"image\/jpeg\" \/>\n<meta name=\"twitter:card\" content=\"summary_large_image\" \/>\n<meta name=\"twitter:site\" content=\"@TG4TV\" \/>\n<meta name=\"twitter:label1\" content=\"Est. reading time\" \/>\n\t<meta name=\"twitter:data1\" content=\"3 minutes\" \/>\n<script type=\"application\/ld+json\" class=\"yoast-schema-graph\">{\"@context\":\"https:\/\/schema.org\",\"@graph\":[{\"@type\":\"WebPage\",\"@id\":\"https:\/\/dev.tg4.ie\/ga\/eolas\/preas\/nuacht-raitis\/2018-2\/tg4-le-craobhchomortais-pharasnamha-allianz-na-heorpa-de-chuid-world-para-swimming-a-chraoladh\/\",\"url\":\"https:\/\/dev.tg4.ie\/ga\/eolas\/preas\/nuacht-raitis\/2018-2\/tg4-le-craobhchomortais-pharasnamha-allianz-na-heorpa-de-chuid-world-para-swimming-a-chraoladh\/\",\"name\":\"TG4 le Craobhchom\u00f3rtais Pharasn\u00e1mha Allianz na hEorpa de chuid World Para Swimming a Chraoladh - TG4\",\"isPartOf\":{\"@id\":\"https:\/\/dev.tg4.ie\/en\/#website\"},\"primaryImageOfPage\":{\"@id\":\"https:\/\/dev.tg4.ie\/ga\/eolas\/preas\/nuacht-raitis\/2018-2\/tg4-le-craobhchomortais-pharasnamha-allianz-na-heorpa-de-chuid-world-para-swimming-a-chraoladh\/#primaryimage\"},\"image\":{\"@id\":\"https:\/\/dev.tg4.ie\/ga\/eolas\/preas\/nuacht-raitis\/2018-2\/tg4-le-craobhchomortais-pharasnamha-allianz-na-heorpa-de-chuid-world-para-swimming-a-chraoladh\/#primaryimage\"},\"thumbnailUrl\":\"https:\/\/tg4-docs.s3.amazonaws.com\/tg4-redesign-2015\/wp-content\/uploads\/2018\/07\/Para_Swimming_h2.jpg\",\"datePublished\":\"2018-08-01T15:54:10+00:00\",\"dateModified\":\"2020-04-21T21:02:17+00:00\",\"breadcrumb\":{\"@id\":\"https:\/\/dev.tg4.ie\/ga\/eolas\/preas\/nuacht-raitis\/2018-2\/tg4-le-craobhchomortais-pharasnamha-allianz-na-heorpa-de-chuid-world-para-swimming-a-chraoladh\/#breadcrumb\"},\"inLanguage\":\"ga\",\"potentialAction\":[{\"@type\":\"ReadAction\",\"target\":[\"https:\/\/dev.tg4.ie\/ga\/eolas\/preas\/nuacht-raitis\/2018-2\/tg4-le-craobhchomortais-pharasnamha-allianz-na-heorpa-de-chuid-world-para-swimming-a-chraoladh\/\"]}]},{\"@type\":\"ImageObject\",\"inLanguage\":\"ga\",\"@id\":\"https:\/\/dev.tg4.ie\/ga\/eolas\/preas\/nuacht-raitis\/2018-2\/tg4-le-craobhchomortais-pharasnamha-allianz-na-heorpa-de-chuid-world-para-swimming-a-chraoladh\/#primaryimage\",\"url\":\"https:\/\/tg4-docs.s3.amazonaws.com\/tg4-redesign-2015\/wp-content\/uploads\/2018\/07\/Para_Swimming_h2.jpg\",\"contentUrl\":\"https:\/\/tg4-docs.s3.amazonaws.com\/tg4-redesign-2015\/wp-content\/uploads\/2018\/07\/Para_Swimming_h2.jpg\",\"width\":1920,\"height\":1080},{\"@type\":\"BreadcrumbList\",\"@id\":\"https:\/\/dev.tg4.ie\/ga\/eolas\/preas\/nuacht-raitis\/2018-2\/tg4-le-craobhchomortais-pharasnamha-allianz-na-heorpa-de-chuid-world-para-swimming-a-chraoladh\/#breadcrumb\",\"itemListElement\":[{\"@type\":\"ListItem\",\"position\":1,\"name\":\"Home\",\"item\":\"https:\/\/dev.tg4.ie\/ga\/\"},{\"@type\":\"ListItem\",\"position\":2,\"name\":\"Eolas\",\"item\":\"https:\/\/dev.tg4.ie\/ga\/eolas\/\"},{\"@type\":\"ListItem\",\"position\":3,\"name\":\"Preas\",\"item\":\"https:\/\/dev.tg4.ie\/ga\/eolas\/preas\/\"},{\"@type\":\"ListItem\",\"position\":4,\"name\":\"Nuacht R\u00e1itis\",\"item\":\"https:\/\/dev.tg4.ie\/ga\/eolas\/preas\/nuacht-raitis\/\"},{\"@type\":\"ListItem\",\"position\":5,\"name\":\"2018\",\"item\":\"https:\/\/dev.tg4.ie\/ga\/eolas\/preas\/nuacht-raitis\/2018-2\/\"},{\"@type\":\"ListItem\",\"position\":6,\"name\":\"TG4 le Craobhchom\u00f3rtais Pharasn\u00e1mha Allianz na hEorpa de chuid World Para Swimming a Chraoladh\"}]},{\"@type\":\"WebSite\",\"@id\":\"https:\/\/dev.tg4.ie\/en\/#website\",\"url\":\"https:\/\/dev.tg4.ie\/en\/\",\"name\":\"TG4\",\"description\":\"S\u00fail Eile\",\"potentialAction\":[{\"@type\":\"SearchAction\",\"target\":{\"@type\":\"EntryPoint\",\"urlTemplate\":\"https:\/\/dev.tg4.ie\/en\/?s={search_term_string}\"},\"query-input\":\"required name=search_term_string\"}],\"inLanguage\":\"ga\"}]}<\/script>\n<!-- \/ Yoast SEO plugin. -->","yoast_head_json":{"title":"TG4 le Craobhchom\u00f3rtais Pharasn\u00e1mha Allianz na hEorpa de chuid World Para Swimming a Chraoladh - TG4","robots":{"index":"index","follow":"follow","max-snippet":"max-snippet:-1","max-image-preview":"max-image-preview:large","max-video-preview":"max-video-preview:-1"},"og_locale":"en_US","og_type":"article","og_title":"TG4 le Craobhchom\u00f3rtais Pharasn\u00e1mha Allianz na hEorpa de chuid World Para Swimming a Chraoladh - TG4","og_description":"Craolfaidh TG4 na babhta\u00ed c\u00e1ilithe gach l\u00e1 de na seacht l\u00e1, babhta\u00ed a mbeidh s\u00fail ag foireann na h\u00c9ireann \u00e1iteanna a bhaint amach iontu.\u00a0\u00a0 D\u00e9anfaidh TG4 na seisi\u00fain cheannais a shruth\u00fa beo ar sheinnteoir TG4. Maidir leis an bhf\u00f3gra faoi chl\u00fadach TG4 ar Dublin 2018 d\u00fairt Cathaoirleach LOC, Miriam Malone, \u2018T\u00e1imid thar a bheith r\u00edm\u00e9adach [&hellip;]","og_url":"https:\/\/dev.tg4.ie\/ga\/eolas\/preas\/nuacht-raitis\/2018-2\/tg4-le-craobhchomortais-pharasnamha-allianz-na-heorpa-de-chuid-world-para-swimming-a-chraoladh\/","og_site_name":"TG4","article_publisher":"https:\/\/www.facebook.com\/TG4TV","article_modified_time":"2020-04-21T21:02:17+00:00","og_image":[{"width":1920,"height":1080,"url":"https:\/\/tg4-docs.s3.amazonaws.com\/tg4-redesign-2015\/wp-content\/uploads\/2018\/07\/Para_Swimming_h2.jpg","type":"image\/jpeg"}],"twitter_card":"summary_large_image","twitter_site":"@TG4TV","twitter_misc":{"Est. reading time":"3 minutes"},"schema":{"@context":"https:\/\/schema.org","@graph":[{"@type":"WebPage","@id":"https:\/\/dev.tg4.ie\/ga\/eolas\/preas\/nuacht-raitis\/2018-2\/tg4-le-craobhchomortais-pharasnamha-allianz-na-heorpa-de-chuid-world-para-swimming-a-chraoladh\/","url":"https:\/\/dev.tg4.ie\/ga\/eolas\/preas\/nuacht-raitis\/2018-2\/tg4-le-craobhchomortais-pharasnamha-allianz-na-heorpa-de-chuid-world-para-swimming-a-chraoladh\/","name":"TG4 le Craobhchom\u00f3rtais Pharasn\u00e1mha Allianz na hEorpa de chuid World Para Swimming a Chraoladh - TG4","isPartOf":{"@id":"https:\/\/dev.tg4.ie\/en\/#website"},"primaryImageOfPage":{"@id":"https:\/\/dev.tg4.ie\/ga\/eolas\/preas\/nuacht-raitis\/2018-2\/tg4-le-craobhchomortais-pharasnamha-allianz-na-heorpa-de-chuid-world-para-swimming-a-chraoladh\/#primaryimage"},"image":{"@id":"https:\/\/dev.tg4.ie\/ga\/eolas\/preas\/nuacht-raitis\/2018-2\/tg4-le-craobhchomortais-pharasnamha-allianz-na-heorpa-de-chuid-world-para-swimming-a-chraoladh\/#primaryimage"},"thumbnailUrl":"https:\/\/tg4-docs.s3.amazonaws.com\/tg4-redesign-2015\/wp-content\/uploads\/2018\/07\/Para_Swimming_h2.jpg","datePublished":"2018-08-01T15:54:10+00:00","dateModified":"2020-04-21T21:02:17+00:00","breadcrumb":{"@id":"https:\/\/dev.tg4.ie\/ga\/eolas\/preas\/nuacht-raitis\/2018-2\/tg4-le-craobhchomortais-pharasnamha-allianz-na-heorpa-de-chuid-world-para-swimming-a-chraoladh\/#breadcrumb"},"inLanguage":"ga","potentialAction":[{"@type":"ReadAction","target":["https:\/\/dev.tg4.ie\/ga\/eolas\/preas\/nuacht-raitis\/2018-2\/tg4-le-craobhchomortais-pharasnamha-allianz-na-heorpa-de-chuid-world-para-swimming-a-chraoladh\/"]}]},{"@type":"ImageObject","inLanguage":"ga","@id":"https:\/\/dev.tg4.ie\/ga\/eolas\/preas\/nuacht-raitis\/2018-2\/tg4-le-craobhchomortais-pharasnamha-allianz-na-heorpa-de-chuid-world-para-swimming-a-chraoladh\/#primaryimage","url":"https:\/\/tg4-docs.s3.amazonaws.com\/tg4-redesign-2015\/wp-content\/uploads\/2018\/07\/Para_Swimming_h2.jpg","contentUrl":"https:\/\/tg4-docs.s3.amazonaws.com\/tg4-redesign-2015\/wp-content\/uploads\/2018\/07\/Para_Swimming_h2.jpg","width":1920,"height":1080},{"@type":"BreadcrumbList","@id":"https:\/\/dev.tg4.ie\/ga\/eolas\/preas\/nuacht-raitis\/2018-2\/tg4-le-craobhchomortais-pharasnamha-allianz-na-heorpa-de-chuid-world-para-swimming-a-chraoladh\/#breadcrumb","itemListElement":[{"@type":"ListItem","position":1,"name":"Home","item":"https:\/\/dev.tg4.ie\/ga\/"},{"@type":"ListItem","position":2,"name":"Eolas","item":"https:\/\/dev.tg4.ie\/ga\/eolas\/"},{"@type":"ListItem","position":3,"name":"Preas","item":"https:\/\/dev.tg4.ie\/ga\/eolas\/preas\/"},{"@type":"ListItem","position":4,"name":"Nuacht R\u00e1itis","item":"https:\/\/dev.tg4.ie\/ga\/eolas\/preas\/nuacht-raitis\/"},{"@type":"ListItem","position":5,"name":"2018","item":"https:\/\/dev.tg4.ie\/ga\/eolas\/preas\/nuacht-raitis\/2018-2\/"},{"@type":"ListItem","position":6,"name":"TG4 le Craobhchom\u00f3rtais Pharasn\u00e1mha Allianz na hEorpa de chuid World Para Swimming a Chraoladh"}]},{"@type":"WebSite","@id":"https:\/\/dev.tg4.ie\/en\/#website","url":"https:\/\/dev.tg4.ie\/en\/","name":"TG4","description":"S\u00fail Eile","potentialAction":[{"@type":"SearchAction","target":{"@type":"EntryPoint","urlTemplate":"https:\/\/dev.tg4.ie\/en\/?s={search_term_string}"},"query-input":"required name=search_term_string"}],"inLanguage":"ga"}]}},"_links":{"self":[{"href":"https:\/\/dev.tg4.ie\/ga\/wp-json\/wp\/v2\/pages\/90985"}],"collection":[{"href":"https:\/\/dev.tg4.ie\/ga\/wp-json\/wp\/v2\/pages"}],"about":[{"href":"https:\/\/dev.tg4.ie\/ga\/wp-json\/wp\/v2\/types\/page"}],"author":[{"embeddable":true,"href":"https:\/\/dev.tg4.ie\/ga\/wp-json\/wp\/v2\/users\/876"}],"replies":[{"embeddable":true,"href":"https:\/\/dev.tg4.ie\/ga\/wp-json\/wp\/v2\/comments?post=90985"}],"version-history":[{"count":0,"href":"https:\/\/dev.tg4.ie\/ga\/wp-json\/wp\/v2\/pages\/90985\/revisions"}],"up":[{"embeddable":true,"href":"https:\/\/dev.tg4.ie\/ga\/wp-json\/wp\/v2\/pages\/72849"}],"wp:featuredmedia":[{"embeddable":true,"href":"https:\/\/dev.tg4.ie\/ga\/wp-json\/wp\/v2\/media\/90821"}],"wp:attachment":[{"href":"https:\/\/dev.tg4.ie\/ga\/wp-json\/wp\/v2\/media?parent=90985"}],"curies":[{"name":"wp","href":"https:\/\/api.w.org\/{rel}","templated":true}]}}