{"id":91176,"date":"2018-08-07T12:31:53","date_gmt":"2018-08-07T11:31:53","guid":{"rendered":"https:\/\/dev.tg4.ie\/?page_id=91176"},"modified":"2019-07-01T11:47:42","modified_gmt":"2019-07-01T10:47:42","slug":"ciste-idirnaisiunta-leiriuchain-seolta-ag-na-craoltoiri-ceilteacha","status":"publish","type":"page","link":"https:\/\/dev.tg4.ie\/ga\/eolas\/preas\/nuacht-raitis\/2018-2\/ciste-idirnaisiunta-leiriuchain-seolta-ag-na-craoltoiri-ceilteacha\/","title":{"rendered":"Ciste Idirn\u00e1isi\u00fanta L\u00e9iri\u00fach\u00e1in seolta ag na Craolt\u00f3ir\u00ed Ceilteacha"},"content":{"rendered":"<p>Re\u00e1cht\u00e1lfaidh an <strong>\u2018Celtic International Fund \/ An Ciste Idirn\u00e1isi\u00fanta Ceilteach\u2019 <\/strong>babhta comhchoimisi\u00fanaithe gach bliain idir na craolt\u00f3ir\u00ed agus maoinitheoir\u00ed teilif\u00edse sna teangacha Ceilteacha in Albain, sa mBreatain Bheag agus in \u00c9irinn, thuaidh agus theas.<\/p>\n<p>Ciste \u00e9 seo arna bhun\u00fa idir <strong>BBC ALBA<\/strong> (le maoini\u00fa \u00f3 <strong>MG ALBA<\/strong>), <strong>S4C<\/strong>, <strong>TG4 <\/strong>agus <strong>An Ciste Craolt\u00f3ireachta Gaeilge (ILBF)<\/strong> de chuid <em>Northern Ireland Screen.<\/em><\/p>\n<p>T\u00e1 s\u00e9 mar aidhm ag an g<strong>Ciste Idirn\u00e1isi\u00fanta Ceilteach<\/strong>\u00a0 comhfhorbairt agus comhl\u00e9iri\u00fach\u00e1in tr\u00ed mhe\u00e1n na G\u00e1idhlige, na Breatnaise agus na Gaeilge a spreagadh agus l\u00e9iri\u00fach\u00e1in a ceapadh \u00f3 th\u00fas sna teangacha Ceilteacha a chur faoi bhr\u00e1id pobal Eorpach agus domhanda.<\/p>\n<p>An sprioc at\u00e1 leis an g<strong>Ciste Idirn\u00e1isi\u00fanta Ceilteach <\/strong>deis a chur ar f\u00e1il do lucht scann\u00e1na\u00edochta tabhairt faoi chomhfhorbairt\u00ed agus chomhl\u00e9iri\u00fach\u00e1n ar chl\u00e1racha suntasacha, for\u00e1sacha a chuirfidh go m\u00f3r le sceideal pr\u00edomhama na gcraolt\u00f3ir\u00ed, a mbeidh tionchar acu ar lucht f\u00e9achana n\u00e1isi\u00fanta in Albain, sa mBreatain Bheag agus in \u00c9irinn agus a mbeidh s\u00e9 mar aidhm acu dul i bhfeidhm ar lucht f\u00e9achana ar fud an domhain.<\/p>\n<p>Beidh tr\u00ed chine\u00e1l cl\u00e1r i gceist sa gc\u00e9ad bhabhta coimisi\u00fanaithe &#8211; F\u00edorasach, Dr\u00e1ma agus Beochan.\u00a0 Beidh tr\u00e9imhse forbartha i gceist ina gcuirfear maoini\u00fa ar f\u00e1il le smaointe a fhorbairt ach freisin chun l\u00edonra comhl\u00e9iri\u00fach\u00e1in a fhorbairt agus an ceangal ann go gcaithfidh cuid den phr\u00f3iseas l\u00e9iri\u00fach\u00e1in tarl\u00fa in Albain, sa Bhreatain Bheag agus i bPoblacht n\u00f3 i dTuaisceart na h\u00c9ireann.<\/p>\n<p>Comhfhoireann coimisi\u00fanaithe a bheidh i gceannas ar an g<strong>Ciste Idirn\u00e1isi\u00fanta Ceilteach<\/strong> ar a mbeidh ionadaithe \u00f3 na craolt\u00f3ir\u00ed agus na maoinitheoir\u00ed teilif\u00edse sna teangacha Ceilteacha at\u00e1 ina gcomhph\u00e1irtithe sa sc\u00e9im seo.<\/p>\n<p>Chuir Ard-Sti\u00farth\u00f3ir TG4, <strong>Alan Esslemont<\/strong>, f\u00e1ilte roimh an tionscnamh nua comhl\u00e9iri\u00fach\u00e1in:<\/p>\n<p>\u201cT\u00e1 cl\u00e1racha a bhfuil luach ard l\u00e9iri\u00fach\u00e1in ag baint leo l\u00e1rnach i me\u00e1in an lae inniu, cl\u00e1racha at\u00e1 \u00e1 maoini\u00fa ag ollchomhlachta\u00ed saibhre.\u00a0 T\u00e1 s\u00e9 n\u00edos t\u00e1bhachta\u00ed n\u00e1 riamh go gcuirfeadh TG4 timpeallacht ar f\u00e1il ina mbeidh comhlachta\u00ed neamhsple\u00e1cha l\u00e9iri\u00fach\u00e1in in ann smaointe \u00c9ireannacha d\u2019ard-chaighde\u00e1n a chur i l\u00e1r an mhargaidh idirn\u00e1isi\u00fanta.<\/p>\n<p>\u201cIs cuid th\u00e1bhachtach de strait\u00e9is 5 Bliana<strong> TG4,<\/strong> a foils\u00edodh le gairid, go gcabhr\u00f3dh muid le f\u00e1s agus le hidirn\u00e1isi\u00fan\u00fa eacnama\u00edocht chruthaitheach na h\u00c9ireann. N\u00ed f\u00edor gur tr\u00ed chomhph\u00e1irt\u00edochta\u00ed le comhlachta\u00ed B\u00e9arla amh\u00e1in, comhlachta\u00ed as Sasana n\u00f3 Meirice\u00e1 cuir i gc\u00e1s, is f\u00e9idir tabhairt faoi chomhl\u00e9iri\u00fach\u00e1n\u00a0 idirn\u00e1isi\u00fanta.\u00a0 Mar thoradh ar an gcomhp\u00e1irt\u00edocht nua Ceilteach seo, in \u00e9ineacht le tionscnaimh nua comhl\u00e9iri\u00fach\u00e1in de chuid an EBU, beidh <strong>TG4<\/strong> ina chomhph\u00e1irt\u00ed t\u00e1bhachtach sna marga\u00ed Eorpacha agus domhanda agus beidh muid in ann cl\u00e1racha de chaighde\u00e1n n\u00edos airde a chur ar f\u00e1il d\u00e1r lucht f\u00e9achana.\u201d<\/p>\n<p>Sh\u00ednigh <strong>TG4<\/strong> comhaont\u00fa comhl\u00e9iri\u00fach\u00e1in freisin le d\u00e9ana\u00ed le craolt\u00f3ir as an gC\u00f3ir\u00e9, <strong>JTV<\/strong>, a thug bealach isteach do TG4 chuig ciste craolt\u00f3ireachta na C\u00f3ir\u00e9.\u00a0 T\u00e1 TG4, S4C agus JTV i mbun comhl\u00e9iri\u00fach\u00e1in ar shraith faisn\u00e9ise faoi l\u00e1thair agus t\u00e1 tuilleadh l\u00e9iri\u00fach\u00e1n i gcomhar beartaithe acu le linn na bliana 2019.<\/p>\n","protected":false},"excerpt":{"rendered":"<p>Re\u00e1cht\u00e1lfaidh an \u2018Celtic International Fund \/ An Ciste Idirn\u00e1isi\u00fanta Ceilteach\u2019 babhta comhchoimisi\u00fanaithe gach bliain idir na craolt\u00f3ir\u00ed agus maoinitheoir\u00ed teilif\u00edse sna teangacha Ceilteacha in Albain, sa mBreatain Bheag agus in \u00c9irinn, thuaidh agus theas. Ciste \u00e9 seo arna bhun\u00fa idir BBC ALBA (le maoini\u00fa \u00f3 MG ALBA), S4C, TG4 agus An Ciste Craolt\u00f3ireachta Gaeilge (ILBF) [&hellip;]<\/p>\n","protected":false},"author":876,"featured_media":91184,"parent":72849,"menu_order":34,"comment_status":"closed","ping_status":"closed","template":"page-templates\/template-pr.php","meta":{"_acf_changed":false,"footnotes":""},"acf":[],"yoast_head":"<!-- This site is optimized with the Yoast SEO plugin v22.6 - https:\/\/yoast.com\/wordpress\/plugins\/seo\/ -->\n<title>Ciste Idirn\u00e1isi\u00fanta L\u00e9iri\u00fach\u00e1in seolta ag na Craolt\u00f3ir\u00ed Ceilteacha - TG4<\/title>\n<meta name=\"robots\" content=\"index, follow, max-snippet:-1, max-image-preview:large, max-video-preview:-1\" \/>\n<meta property=\"og:locale\" content=\"en_US\" \/>\n<meta property=\"og:type\" content=\"article\" \/>\n<meta property=\"og:title\" content=\"Ciste Idirn\u00e1isi\u00fanta L\u00e9iri\u00fach\u00e1in seolta ag na Craolt\u00f3ir\u00ed Ceilteacha - TG4\" \/>\n<meta property=\"og:description\" content=\"Re\u00e1cht\u00e1lfaidh an \u2018Celtic International Fund \/ An Ciste Idirn\u00e1isi\u00fanta Ceilteach\u2019 babhta comhchoimisi\u00fanaithe gach bliain idir na craolt\u00f3ir\u00ed agus maoinitheoir\u00ed teilif\u00edse sna teangacha Ceilteacha in Albain, sa mBreatain Bheag agus in \u00c9irinn, thuaidh agus theas. Ciste \u00e9 seo arna bhun\u00fa idir BBC ALBA (le maoini\u00fa \u00f3 MG ALBA), S4C, TG4 agus An Ciste Craolt\u00f3ireachta Gaeilge (ILBF) [&hellip;]\" \/>\n<meta property=\"og:url\" content=\"https:\/\/dev.tg4.ie\/ga\/eolas\/preas\/nuacht-raitis\/2018-2\/ciste-idirnaisiunta-leiriuchain-seolta-ag-na-craoltoiri-ceilteacha\/\" \/>\n<meta property=\"og:site_name\" content=\"TG4\" \/>\n<meta property=\"article:publisher\" content=\"https:\/\/www.facebook.com\/TG4TV\" \/>\n<meta property=\"article:modified_time\" content=\"2019-07-01T10:47:42+00:00\" \/>\n<meta property=\"og:image\" content=\"https:\/\/tg4-docs.s3.amazonaws.com\/tg4-redesign-2015\/wp-content\/uploads\/2018\/08\/TG4-Logo-Grad_1600-le-pad1.jpg\" \/>\n\t<meta property=\"og:image:width\" content=\"1920\" \/>\n\t<meta property=\"og:image:height\" content=\"1080\" \/>\n\t<meta property=\"og:image:type\" content=\"image\/jpeg\" \/>\n<meta name=\"twitter:card\" content=\"summary_large_image\" \/>\n<meta name=\"twitter:site\" content=\"@TG4TV\" \/>\n<meta name=\"twitter:label1\" content=\"Est. reading time\" \/>\n\t<meta name=\"twitter:data1\" content=\"3 minutes\" \/>\n<script type=\"application\/ld+json\" class=\"yoast-schema-graph\">{\"@context\":\"https:\/\/schema.org\",\"@graph\":[{\"@type\":\"WebPage\",\"@id\":\"https:\/\/dev.tg4.ie\/ga\/eolas\/preas\/nuacht-raitis\/2018-2\/ciste-idirnaisiunta-leiriuchain-seolta-ag-na-craoltoiri-ceilteacha\/\",\"url\":\"https:\/\/dev.tg4.ie\/ga\/eolas\/preas\/nuacht-raitis\/2018-2\/ciste-idirnaisiunta-leiriuchain-seolta-ag-na-craoltoiri-ceilteacha\/\",\"name\":\"Ciste Idirn\u00e1isi\u00fanta L\u00e9iri\u00fach\u00e1in seolta ag na Craolt\u00f3ir\u00ed Ceilteacha - TG4\",\"isPartOf\":{\"@id\":\"https:\/\/dev.tg4.ie\/en\/#website\"},\"primaryImageOfPage\":{\"@id\":\"https:\/\/dev.tg4.ie\/ga\/eolas\/preas\/nuacht-raitis\/2018-2\/ciste-idirnaisiunta-leiriuchain-seolta-ag-na-craoltoiri-ceilteacha\/#primaryimage\"},\"image\":{\"@id\":\"https:\/\/dev.tg4.ie\/ga\/eolas\/preas\/nuacht-raitis\/2018-2\/ciste-idirnaisiunta-leiriuchain-seolta-ag-na-craoltoiri-ceilteacha\/#primaryimage\"},\"thumbnailUrl\":\"https:\/\/tg4-docs.s3.amazonaws.com\/tg4-redesign-2015\/wp-content\/uploads\/2018\/08\/TG4-Logo-Grad_1600-le-pad1.jpg\",\"datePublished\":\"2018-08-07T11:31:53+00:00\",\"dateModified\":\"2019-07-01T10:47:42+00:00\",\"breadcrumb\":{\"@id\":\"https:\/\/dev.tg4.ie\/ga\/eolas\/preas\/nuacht-raitis\/2018-2\/ciste-idirnaisiunta-leiriuchain-seolta-ag-na-craoltoiri-ceilteacha\/#breadcrumb\"},\"inLanguage\":\"ga\",\"potentialAction\":[{\"@type\":\"ReadAction\",\"target\":[\"https:\/\/dev.tg4.ie\/ga\/eolas\/preas\/nuacht-raitis\/2018-2\/ciste-idirnaisiunta-leiriuchain-seolta-ag-na-craoltoiri-ceilteacha\/\"]}]},{\"@type\":\"ImageObject\",\"inLanguage\":\"ga\",\"@id\":\"https:\/\/dev.tg4.ie\/ga\/eolas\/preas\/nuacht-raitis\/2018-2\/ciste-idirnaisiunta-leiriuchain-seolta-ag-na-craoltoiri-ceilteacha\/#primaryimage\",\"url\":\"https:\/\/tg4-docs.s3.amazonaws.com\/tg4-redesign-2015\/wp-content\/uploads\/2018\/08\/TG4-Logo-Grad_1600-le-pad1.jpg\",\"contentUrl\":\"https:\/\/tg4-docs.s3.amazonaws.com\/tg4-redesign-2015\/wp-content\/uploads\/2018\/08\/TG4-Logo-Grad_1600-le-pad1.jpg\",\"width\":1920,\"height\":1080},{\"@type\":\"BreadcrumbList\",\"@id\":\"https:\/\/dev.tg4.ie\/ga\/eolas\/preas\/nuacht-raitis\/2018-2\/ciste-idirnaisiunta-leiriuchain-seolta-ag-na-craoltoiri-ceilteacha\/#breadcrumb\",\"itemListElement\":[{\"@type\":\"ListItem\",\"position\":1,\"name\":\"Home\",\"item\":\"https:\/\/dev.tg4.ie\/ga\/\"},{\"@type\":\"ListItem\",\"position\":2,\"name\":\"Eolas\",\"item\":\"https:\/\/dev.tg4.ie\/ga\/eolas\/\"},{\"@type\":\"ListItem\",\"position\":3,\"name\":\"Preas\",\"item\":\"https:\/\/dev.tg4.ie\/ga\/eolas\/preas\/\"},{\"@type\":\"ListItem\",\"position\":4,\"name\":\"Nuacht R\u00e1itis\",\"item\":\"https:\/\/dev.tg4.ie\/ga\/eolas\/preas\/nuacht-raitis\/\"},{\"@type\":\"ListItem\",\"position\":5,\"name\":\"2018\",\"item\":\"https:\/\/dev.tg4.ie\/ga\/eolas\/preas\/nuacht-raitis\/2018-2\/\"},{\"@type\":\"ListItem\",\"position\":6,\"name\":\"Ciste Idirn\u00e1isi\u00fanta L\u00e9iri\u00fach\u00e1in seolta ag na Craolt\u00f3ir\u00ed Ceilteacha\"}]},{\"@type\":\"WebSite\",\"@id\":\"https:\/\/dev.tg4.ie\/en\/#website\",\"url\":\"https:\/\/dev.tg4.ie\/en\/\",\"name\":\"TG4\",\"description\":\"S\u00fail Eile\",\"potentialAction\":[{\"@type\":\"SearchAction\",\"target\":{\"@type\":\"EntryPoint\",\"urlTemplate\":\"https:\/\/dev.tg4.ie\/en\/?s={search_term_string}\"},\"query-input\":\"required name=search_term_string\"}],\"inLanguage\":\"ga\"}]}<\/script>\n<!-- \/ Yoast SEO plugin. -->","yoast_head_json":{"title":"Ciste Idirn\u00e1isi\u00fanta L\u00e9iri\u00fach\u00e1in seolta ag na Craolt\u00f3ir\u00ed Ceilteacha - TG4","robots":{"index":"index","follow":"follow","max-snippet":"max-snippet:-1","max-image-preview":"max-image-preview:large","max-video-preview":"max-video-preview:-1"},"og_locale":"en_US","og_type":"article","og_title":"Ciste Idirn\u00e1isi\u00fanta L\u00e9iri\u00fach\u00e1in seolta ag na Craolt\u00f3ir\u00ed Ceilteacha - TG4","og_description":"Re\u00e1cht\u00e1lfaidh an \u2018Celtic International Fund \/ An Ciste Idirn\u00e1isi\u00fanta Ceilteach\u2019 babhta comhchoimisi\u00fanaithe gach bliain idir na craolt\u00f3ir\u00ed agus maoinitheoir\u00ed teilif\u00edse sna teangacha Ceilteacha in Albain, sa mBreatain Bheag agus in \u00c9irinn, thuaidh agus theas. Ciste \u00e9 seo arna bhun\u00fa idir BBC ALBA (le maoini\u00fa \u00f3 MG ALBA), S4C, TG4 agus An Ciste Craolt\u00f3ireachta Gaeilge (ILBF) [&hellip;]","og_url":"https:\/\/dev.tg4.ie\/ga\/eolas\/preas\/nuacht-raitis\/2018-2\/ciste-idirnaisiunta-leiriuchain-seolta-ag-na-craoltoiri-ceilteacha\/","og_site_name":"TG4","article_publisher":"https:\/\/www.facebook.com\/TG4TV","article_modified_time":"2019-07-01T10:47:42+00:00","og_image":[{"width":1920,"height":1080,"url":"https:\/\/tg4-docs.s3.amazonaws.com\/tg4-redesign-2015\/wp-content\/uploads\/2018\/08\/TG4-Logo-Grad_1600-le-pad1.jpg","type":"image\/jpeg"}],"twitter_card":"summary_large_image","twitter_site":"@TG4TV","twitter_misc":{"Est. reading time":"3 minutes"},"schema":{"@context":"https:\/\/schema.org","@graph":[{"@type":"WebPage","@id":"https:\/\/dev.tg4.ie\/ga\/eolas\/preas\/nuacht-raitis\/2018-2\/ciste-idirnaisiunta-leiriuchain-seolta-ag-na-craoltoiri-ceilteacha\/","url":"https:\/\/dev.tg4.ie\/ga\/eolas\/preas\/nuacht-raitis\/2018-2\/ciste-idirnaisiunta-leiriuchain-seolta-ag-na-craoltoiri-ceilteacha\/","name":"Ciste Idirn\u00e1isi\u00fanta L\u00e9iri\u00fach\u00e1in seolta ag na Craolt\u00f3ir\u00ed Ceilteacha - TG4","isPartOf":{"@id":"https:\/\/dev.tg4.ie\/en\/#website"},"primaryImageOfPage":{"@id":"https:\/\/dev.tg4.ie\/ga\/eolas\/preas\/nuacht-raitis\/2018-2\/ciste-idirnaisiunta-leiriuchain-seolta-ag-na-craoltoiri-ceilteacha\/#primaryimage"},"image":{"@id":"https:\/\/dev.tg4.ie\/ga\/eolas\/preas\/nuacht-raitis\/2018-2\/ciste-idirnaisiunta-leiriuchain-seolta-ag-na-craoltoiri-ceilteacha\/#primaryimage"},"thumbnailUrl":"https:\/\/tg4-docs.s3.amazonaws.com\/tg4-redesign-2015\/wp-content\/uploads\/2018\/08\/TG4-Logo-Grad_1600-le-pad1.jpg","datePublished":"2018-08-07T11:31:53+00:00","dateModified":"2019-07-01T10:47:42+00:00","breadcrumb":{"@id":"https:\/\/dev.tg4.ie\/ga\/eolas\/preas\/nuacht-raitis\/2018-2\/ciste-idirnaisiunta-leiriuchain-seolta-ag-na-craoltoiri-ceilteacha\/#breadcrumb"},"inLanguage":"ga","potentialAction":[{"@type":"ReadAction","target":["https:\/\/dev.tg4.ie\/ga\/eolas\/preas\/nuacht-raitis\/2018-2\/ciste-idirnaisiunta-leiriuchain-seolta-ag-na-craoltoiri-ceilteacha\/"]}]},{"@type":"ImageObject","inLanguage":"ga","@id":"https:\/\/dev.tg4.ie\/ga\/eolas\/preas\/nuacht-raitis\/2018-2\/ciste-idirnaisiunta-leiriuchain-seolta-ag-na-craoltoiri-ceilteacha\/#primaryimage","url":"https:\/\/tg4-docs.s3.amazonaws.com\/tg4-redesign-2015\/wp-content\/uploads\/2018\/08\/TG4-Logo-Grad_1600-le-pad1.jpg","contentUrl":"https:\/\/tg4-docs.s3.amazonaws.com\/tg4-redesign-2015\/wp-content\/uploads\/2018\/08\/TG4-Logo-Grad_1600-le-pad1.jpg","width":1920,"height":1080},{"@type":"BreadcrumbList","@id":"https:\/\/dev.tg4.ie\/ga\/eolas\/preas\/nuacht-raitis\/2018-2\/ciste-idirnaisiunta-leiriuchain-seolta-ag-na-craoltoiri-ceilteacha\/#breadcrumb","itemListElement":[{"@type":"ListItem","position":1,"name":"Home","item":"https:\/\/dev.tg4.ie\/ga\/"},{"@type":"ListItem","position":2,"name":"Eolas","item":"https:\/\/dev.tg4.ie\/ga\/eolas\/"},{"@type":"ListItem","position":3,"name":"Preas","item":"https:\/\/dev.tg4.ie\/ga\/eolas\/preas\/"},{"@type":"ListItem","position":4,"name":"Nuacht R\u00e1itis","item":"https:\/\/dev.tg4.ie\/ga\/eolas\/preas\/nuacht-raitis\/"},{"@type":"ListItem","position":5,"name":"2018","item":"https:\/\/dev.tg4.ie\/ga\/eolas\/preas\/nuacht-raitis\/2018-2\/"},{"@type":"ListItem","position":6,"name":"Ciste Idirn\u00e1isi\u00fanta L\u00e9iri\u00fach\u00e1in seolta ag na Craolt\u00f3ir\u00ed Ceilteacha"}]},{"@type":"WebSite","@id":"https:\/\/dev.tg4.ie\/en\/#website","url":"https:\/\/dev.tg4.ie\/en\/","name":"TG4","description":"S\u00fail Eile","potentialAction":[{"@type":"SearchAction","target":{"@type":"EntryPoint","urlTemplate":"https:\/\/dev.tg4.ie\/en\/?s={search_term_string}"},"query-input":"required name=search_term_string"}],"inLanguage":"ga"}]}},"_links":{"self":[{"href":"https:\/\/dev.tg4.ie\/ga\/wp-json\/wp\/v2\/pages\/91176"}],"collection":[{"href":"https:\/\/dev.tg4.ie\/ga\/wp-json\/wp\/v2\/pages"}],"about":[{"href":"https:\/\/dev.tg4.ie\/ga\/wp-json\/wp\/v2\/types\/page"}],"author":[{"embeddable":true,"href":"https:\/\/dev.tg4.ie\/ga\/wp-json\/wp\/v2\/users\/876"}],"replies":[{"embeddable":true,"href":"https:\/\/dev.tg4.ie\/ga\/wp-json\/wp\/v2\/comments?post=91176"}],"version-history":[{"count":0,"href":"https:\/\/dev.tg4.ie\/ga\/wp-json\/wp\/v2\/pages\/91176\/revisions"}],"up":[{"embeddable":true,"href":"https:\/\/dev.tg4.ie\/ga\/wp-json\/wp\/v2\/pages\/72849"}],"wp:featuredmedia":[{"embeddable":true,"href":"https:\/\/dev.tg4.ie\/ga\/wp-json\/wp\/v2\/media\/91184"}],"wp:attachment":[{"href":"https:\/\/dev.tg4.ie\/ga\/wp-json\/wp\/v2\/media?parent=91176"}],"curies":[{"name":"wp","href":"https:\/\/api.w.org\/{rel}","templated":true}]}}