{"id":91405,"date":"2018-08-13T11:32:47","date_gmt":"2018-08-13T10:32:47","guid":{"rendered":"https:\/\/dev.tg4.ie\/?page_id=91405"},"modified":"2019-07-01T11:52:38","modified_gmt":"2019-07-01T10:52:38","slug":"fleadhtv-beo-ar-tg4","status":"publish","type":"page","link":"https:\/\/dev.tg4.ie\/ga\/eolas\/preas\/nuacht-raitis\/2018-2\/fleadhtv-beo-ar-tg4\/","title":{"rendered":"FleadhTV Beo ar TG4"},"content":{"rendered":"<p>Arna l\u00e9iri\u00fa ag foireann <strong>Gifted Empire Productions<\/strong>, a bhfuil dh\u00e1 <strong>Ghradam IFTA <\/strong>acu, t\u00e1 FleadhTV ag dul \u00f3 neart go neart an samhradh seo. T\u00e1 na cl\u00e1ir at\u00e1 \u00e1 gcraoladh as ceithre ch\u00faige na h\u00c9ireann, <strong>Fleadhanna Chonnacht, Laighean, Mumhan agus Uladh<\/strong> na cl\u00e1ir <strong>ba mh\u00f3 a raibh lucht f\u00e9achana acu ar TG4 do mh\u00ed I\u00fail 2018<\/strong>. T\u00e1 s\u00e9 in am anois do na com\u00f3rtais Uile-\u00c9ireann. Beidh an cl\u00e1r seo \u00e1 chraoladh \u00f3n m\u00f3rimeacht <strong>Fleadh Cheoil na h\u00c9ireann<\/strong>, cl\u00e1r at\u00e1 anois ar cheann <strong>de na cl\u00e1ir is m\u00f3 ag TG4<\/strong> n\u00ed hamh\u00e1in i gcaitheamh an tsamhraidh ach le linn na bliana ar fad. Craoladh <strong>FleadhTV<\/strong> ar an teilif\u00eds ar dt\u00fas in 2013 nuair a bh\u00ed an Fhleadh Cheoil ar si\u00fal i dTuaisceart na h\u00c9ireann, den ch\u00e9ad uair, i nDoire (Fleadh Live a bh\u00ed air an t-am sin).\u00a0 <strong>D&#8217;fh\u00e9ach breis is 700,000<\/strong> duine ar na cl\u00e1racha beo thar an deireadh seachtaine.\u00a0 Ach n\u00ed hionann FleadhTV agus se\u00f3nna ceoil eile teilif\u00edse. T\u00e1 s\u00e9 ar cheann de na se\u00f3nna is m\u00f3 a mb\u00edonn teacht air <strong>ar ard\u00e1in \u00e9ags\u00fala<\/strong> agus \u00e1bhar le f\u00e1il ar an iliomad cain\u00e9al s\u00f3isialta. Le linn sheachtain na Fleidhe in 2017, <strong>f\u00e9achadh milli\u00fan uair<\/strong> ar fh\u00edse\u00e1in ar l\u00edonra\u00ed s\u00f3isialta FleadhTV f\u00e9in.\u00a0 I m\u00ed I\u00fail 2018 amh\u00e1in f\u00e9achadh ar\u00a0 fh\u00edse\u00e1in ar a gcuid cain\u00e9al s\u00f3isialta breis is 500,000 uair, t\u00e1 an t-\u00e9ileamh ann, is Fleadh thar a bheith s\u00f3isialta \u00ed seo!<\/p>\n<p><strong>Se\u00f3nna Fleadh TV i m\u00ed L\u00fanasa. <\/strong>\u00a0Beidh se\u00f3 breise ann i mbliana agus mar sin beidh Fleadh TV ar si\u00fail \u00f3 <strong>D\u00e9ardaoin an 16 L\u00fanasa go D\u00e9 Domhnaigh an 19 L\u00fanasa, na laethanta sin san \u00e1ireamh, \u00f3 20:30 go 23:30 <\/strong>(n\u00f3 nuair a stopfaidh an ceol!) gach o\u00edche. Beidh <strong>Fleadh Cheoil 2018 <\/strong>ar si\u00fal ar Ch\u00f3sta Thoir na h\u00c9ireann i <strong>nDroichead \u00c1tha<\/strong>. I measc na ndaoine a bheidh\u00a0 ar na se\u00f3nna beidh <strong>Zoe Conway, Finnegan McSherry, Duke Special &amp; Ulaid, Rioghnach Connolly, Declan O\u2019Rourke, Karen Casey, M\u00edche\u00e1l \u00d3 S\u00failleabh\u00e1in, K\u00edla, The Evertides <\/strong>agus <strong>Frankie Gavin\u2019s Roaring 20s Irish Orchestra.<\/strong><\/p>\n<p>B\u00edonn ceann feadhna ag teast\u00e1il ar chuile aistear agus n\u00edl aon easpa ar Fleadh TV.\u00a0 Beidh <strong>Hector \u00d3 hEochag\u00e1in<\/strong> ar ais i mbliana chun sr\u00e1ideanna Dhroichead \u00c1tha a chur soir siar! In \u00e9ineacht leis, bean nach raibh ar\u00a0 FleadhTV cheana,\u00a0 <strong>Doireann N\u00ed Ghlac\u00e1in<\/strong>, <strong>ceolt\u00f3ir aitheanta agus Gaeilgeoir. <\/strong>Nua i measc na foirne l\u00e1ithreachais freisin beidh <strong>Ruth Smith, l\u00e1ithreoir RT\u00c9 Radio 1 <\/strong>agus pr\u00edomhamhr\u00e1na\u00ed\u00a0 <strong>The Evertides<\/strong>.<\/p>\n<p>Sin \u00e9 anois an samhradh leagtha amach daoibh le turas ceoil agus cainte. Tabharfaidh lucht an cheoil \u00f3 cheithre arda na h\u00c9ireann a n-aghaidh ar Dhroichead \u00c1tha do FleadhTV \u00f3n 16-19 L\u00fanasa. Nuair a bheidh t\u00fa istigh \u00f3n ngrian, diabhal bealach is fearr le sm\u00e9ar mhullaigh a chur ar an l\u00e1 n\u00e1 \u00e9isteacht le poirt agus neart eile. Se\u00f3 Teilif\u00edse ar l\u00edne agus ceoil ann f\u00e9in \u00e9 seo, seo \u00e9 FleadhTV.<\/p>\n<p><strong>Twitter <a href=\"https:\/\/twitter.com\/FleadhTV\" target=\"_blank\" rel=\"noopener noreferrer\"><span>@FleadhTV<\/span><\/a> \/\/ Facebook <a href=\"https:\/\/www.facebook.com\/fleadhtv\/\" target=\"_blank\" rel=\"noopener noreferrer\"><span>facebook.com\/FleadhTV<\/span><\/a> \/\/ Instagram <a href=\"https:\/\/www.instagram.com\/fleadhtv\/\" target=\"_blank\" rel=\"noopener noreferrer\"><span>FleadhTV<\/span><\/a><\/strong><\/p>\n<p><strong><u>N\u00d3TA\u00cd D&#8217;EAGARTH\u00d3IR\u00cd:<\/u><\/strong><\/p>\n<p><strong>Gifted Empire Productions a l\u00e9ir\u00edonn <\/strong>\u00a0FleadhTV do TG4. Is comhlacht l\u00e9iri\u00fach\u00e1in teilif\u00edse \u00e9 Gifted Empire Productions at\u00e1 lonnaithe i nDoire agus a bhfuil dh\u00e1 ghradam IFTA buaite acu d\u00e1 gcuid se\u00f3nna.\u00a0 In 2015, thug siad leo an <strong>gradam IFTA don Imeacht Beo is Fearr<\/strong> do <strong>FleadhTV<\/strong> agus in 2018 thug siad leo an gradam c\u00e9anna ar\u00eds don <strong>Imeacht Beo is Fearr<\/strong> do <strong>TG4XX Beo<\/strong>, cl\u00e1r a rinne ceili\u00faradh ar sc\u00f3r bliain \u00f3 buna\u00edodh TG4 a craoladh as O\u00c9G.\u00a0 Is \u00e9 Paul McKay an L\u00e9iritheoir agus Sti\u00farth\u00f3ir Feidhmi\u00fach\u00e1in.\u00a0 D\u00e9anfaidh Gifted Empire Productions <strong>cl\u00e1r nua teilif\u00edse<\/strong> a l\u00e9iri\u00fa as Doire an <strong>31 Deireadh F\u00f3mhair, 2018<\/strong>. <strong>\u00a0<\/strong>D\u00e9anfaidh <strong>Samhain Live<\/strong> ceili\u00faradh ar cheili\u00faradh na Samhna den ch\u00e9ad uair riamh ar an teilif\u00eds. D\u00e9anfar <strong>Samhain Live a chraoladh i gcomhar idir BBC Tuaisceart \u00c9ireann agus TG4<\/strong>. Beidh cuid de na ceolt\u00f3ir\u00ed agus banna\u00ed ceoil nua-aimseartha is fearr p\u00e1irteach sa se\u00f3.<\/p>\n<p><strong><u>Beathaisn\u00e9is\u00ed\u00a0 Phr\u00edomhl\u00e1ithreoir\u00ed FleadhTV 2018 <\/u><\/strong><\/p>\n<p>N\u00ed haon strains\u00e9ir \u00e9 <strong>Hector<\/strong> ar TG4 le s\u00e9 bliana d\u00e9ag agus is gearr \u00f3 th\u00e1inig s\u00e9 abhaile \u00f3 dhufair Mheirice\u00e1 L\u00e1ir lena chl\u00e1r m\u00f3r le r\u00e1 teilif\u00edse \u201cHector Central\u201d T\u00e1 s\u00e9 i mbun roinnt togra\u00ed eile a fhorbairt faoi l\u00e1thair do TG4 chomh maith le cl\u00e1r ioml\u00e1n nua taistil do 2018.<\/p>\n<p>T\u00e1 Hector ag cur siamsa\u00edochta ar f\u00e1il do mhuintir na t\u00edre le roinnt blianta ar an raidi\u00f3, in \u00e9ineacht le Tommy Tiernan ar dt\u00fas ar chl\u00e1r deiridh seachtaine a raibh an-t\u00f3ir air agus ina dhiaidh sin ar \u201ckeep er lit\u201d, se\u00f3 maidine ar 2fm, agus t\u00e1 s\u00e9 anois ar\u00eds i mbun raidi\u00f3 leis an gcl\u00e1r \u00far nua ar \u201cSunday Sittingroom\u201d ar Today FM.<\/p>\n<p>T\u00e1 roinnt gradam IFTA buaite ag Hector lena chuid se\u00f3nna le 15 bliana.\u00a0\u00a0 Duine ann f\u00e9in \u00e9 sa tsl\u00ed is gurb \u00e9 f\u00e9in a chumann agus a scr\u00edobhann formh\u00f3r a chuid \u00e1bhair teilif\u00edse \u2013 ina measc an cl\u00e1r r\u00e1sa\u00edochta capall \u201cOnly Fools Buy Horses\u201d agus \u201cHanging with Hector\u201d chomh maith leis an tsraith inar thum s\u00e9 \u00e9 f\u00e9in i bhfochult\u00fair ar fud na t\u00edre ar \u201cHector Goes\u201d a craoladh le linn an phr\u00edomh-ama f\u00e9achana ar RT\u00c9 1 in 2013 &amp; 2014.<\/p>\n<p style=\"text-align: center;\"><strong>-0-<\/strong><\/p>\n<p>Scol\u00e1ire docht\u00faireachta i l\u00e9inn na Gaeilge isea <strong>Doireann N\u00ed Ghlac\u00e1in<\/strong>.\u00a0&#8216;S\u00ed fil\u00edocht bh\u00e9il Mh\u00fascra\u00ed at\u00e1 mar \u00e1bhar tr\u00e1chtais aici, faoi str\u00fair an Dr. Lillis \u00d3 Laoire in Ollscoil na h\u00c9ireann Gaillimh. N\u00ed haon ionnadh gurb \u00ed an fhil\u00edocht bh\u00e9il at\u00e1 idir l\u00e1imhe aici mar t\u00e1 duaiseanna m\u00f3ra na hamhr\u00e1na\u00edochta tugtha l\u00e9i le blianta beaga anuas, Corn u\u00ed Chon Cheannain agus bonn oireachtais ina measc. Is \u00f3 mhuintir a m\u00e1thair, muintir U\u00ed Riada de shliocht Ch\u00fail Aodha a d&#8217;fhoghlaim s\u00ed na hamhr\u00e1in an ch\u00e9ad l\u00e1 riamh. N\u00ed h\u00ed an amhr\u00e1na\u00edocht is m\u00f3 a bh\u00edonn s\u00ed ag pl\u00e9 l\u00e9ithe \u00e1faigh, t\u00e1 s\u00ed ag seinnt an veidhl\u00edn \u00f3 bh\u00ed s\u00ed tr\u00ed bhliana d&#8217;aois, ceird a d&#8217;fhoghlaim s\u00ed \u00f3na hathar agus a mhuintir, siad sin Muintir Glackin \u00f3 Th\u00edr Chonaill. \u00d3 shin t\u00e1 s\u00ed ag seinnt ar fud faid na t\u00edre ag f\u00e9ilte ceoil agus ar chl\u00e1racha teilif\u00edse. N\u00ed in \u00c9irinn amh\u00e1in at\u00e1 c\u00e1il ar a ceol, t\u00e1 s\u00ed tar \u00e9is taistil ar fud na cruinne ag seinnt ceoil, is sna St\u00e1id Aontaithe agus san Iod\u00e1il is d\u00e9ana\u00ed a bh\u00ed tarraingt uirthi.<\/p>\n<p style=\"text-align: center;\"><strong>-0-<\/strong><\/p>\n<p>Taibheoir, craolt\u00f3ir, ceolt\u00f3ir agus m\u00fainteoir \u00ed <strong>Ruth Smith<\/strong> at\u00e1 lonnaithe i gCo. an Chl\u00e1ir.<\/p>\n<p>T\u00e1 BA sa Cheol &amp; i L\u00e9ann na Dr\u00e1ma\u00edochta &amp; na hAmharclanna\u00edochta \u00f3 Chol\u00e1iste na Tr\u00edon\u00f3ide Baile \u00c1tha Cliath aici chomh maith le MA i <em>Trad Performance<\/em> \u00f3 Dh\u00e1mh Chruinne \u00c9ireann Rince agus Ceol, Ollscoil Luimnigh chomh maith le CC\u00c9 TTCT &amp; Diopl\u00f3ma Teagasc\u00f3ir \u00f3 Acadamh R\u00edoga na h\u00c9ireann.<\/p>\n<p>Ar dhuine den tri\u00far ceolt\u00f3ir\u00ed agus amhr\u00e1naithe The Evertides\u00a0<span><a href=\"https:\/\/theevertides.com\" target=\"_blank\" rel=\"noopener noreferrer\">https:\/\/theevertides.com<\/a><\/span>\u00a0casann Ruth an fhidil, an pian\u00f3 &amp; giot\u00e1r agus chas ag <em>Doolin Folk Festival<\/em>, <em>Body &amp; Soul <\/em>&amp; <em>Temple Bar Trad Fest<\/em>, ag tac\u00fa le leith\u00e9id Wallis Bird &amp; The Lost Brothers. I measc obair st\u00e1itse le d\u00e9ana\u00ed bh\u00ed p\u00e1irt aici sa cheoldr\u00e1ma &#8216;Once&#8217;, a bhuaigh gradam Oscar agus Tony, i l\u00e9iri\u00fach\u00e1n le linn shamhradh 2017 in amharclann an Olympia, Baile \u00c1tha Cliath le Landmark Productions, agus bh\u00ed s\u00ed ar dhuine den chliar bhunaidh de she\u00f3 m\u00f3r THISISPOPBABY &#8216;RIOT&#8217;.<\/p>\n<p>T\u00e1 taith\u00ed mh\u00f3r ag Ruth i mbun imeachta\u00ed a l\u00e9iri\u00fa agus a chur i l\u00e1thair agus bh\u00ed s\u00ed ag obair leis an R\u00e1s Aig\u00e9in Volvo in 2011\/2012 agus le Cluich\u00ed Oilimpeacha Londain 2012 agus n\u00edos gaire do bhaile le P\u00e1irc an Chr\u00f3caigh &#8211; CLG, ina reachtaire ar chluich\u00ed Sraithe agus Craoibhe le c\u00fapla bliain, Cluich\u00ed Craoibhe na Sinsear i bP\u00e1irc an Chr\u00f3caigh ina measc.<\/p>\n<p>B\u00edonn Ruth go rialta ar RT\u00c9 Radio 1 ag cur a se\u00f3 Simply Folk\u00a0i l\u00e1thair <span><a href=\"http:\/\/www.rte.ie\/radio1\/simply-folk\/\" target=\"_blank\" rel=\"noopener noreferrer\">http:\/\/www.rte.ie\/radio1\/simply-folk\/<\/a><\/span>\u00a0&#8211; in \u00e9ineacht leis an gcraolt\u00f3ir John Creedon, cuirfidh Ruth Gradaim Ceoil T\u00edre RT\u00c9 Radio1 i l\u00e1thair i Vicar Street an 25\u00fa Deireadh F\u00f3mhair.<\/p>\n<ul>\n<li><a href=\"https:\/\/twitter.com\/intent\/tweet?text=https:\/\/dev.tg4.ie\/corporate\/preas\/press-releases\/2018-2\/fleadhtv-beo-ar-tg4\/\" target=\"_blank\" rel=\"noopener noreferrer\">Roinn ar Twitter<\/a><\/li>\n<\/ul>\n","protected":false},"excerpt":{"rendered":"<p>Arna l\u00e9iri\u00fa ag foireann Gifted Empire Productions, a bhfuil dh\u00e1 Ghradam IFTA acu, t\u00e1 FleadhTV ag dul \u00f3 neart go neart an samhradh seo. T\u00e1 na cl\u00e1ir at\u00e1 \u00e1 gcraoladh as ceithre ch\u00faige na h\u00c9ireann, Fleadhanna Chonnacht, Laighean, Mumhan agus Uladh na cl\u00e1ir ba mh\u00f3 a raibh lucht f\u00e9achana acu ar TG4 do mh\u00ed I\u00fail [&hellip;]<\/p>\n","protected":false},"author":876,"featured_media":90886,"parent":72849,"menu_order":35,"comment_status":"closed","ping_status":"closed","template":"page-templates\/template-pr.php","meta":{"_acf_changed":false,"footnotes":""},"acf":[],"yoast_head":"<!-- This site is optimized with the Yoast SEO plugin v22.6 - https:\/\/yoast.com\/wordpress\/plugins\/seo\/ -->\n<title>FleadhTV Beo ar TG4 - TG4<\/title>\n<meta name=\"robots\" content=\"index, follow, max-snippet:-1, max-image-preview:large, max-video-preview:-1\" \/>\n<meta property=\"og:locale\" content=\"en_US\" \/>\n<meta property=\"og:type\" content=\"article\" \/>\n<meta property=\"og:title\" content=\"FleadhTV Beo ar TG4 - TG4\" \/>\n<meta property=\"og:description\" content=\"Arna l\u00e9iri\u00fa ag foireann Gifted Empire Productions, a bhfuil dh\u00e1 Ghradam IFTA acu, t\u00e1 FleadhTV ag dul \u00f3 neart go neart an samhradh seo. T\u00e1 na cl\u00e1ir at\u00e1 \u00e1 gcraoladh as ceithre ch\u00faige na h\u00c9ireann, Fleadhanna Chonnacht, Laighean, Mumhan agus Uladh na cl\u00e1ir ba mh\u00f3 a raibh lucht f\u00e9achana acu ar TG4 do mh\u00ed I\u00fail [&hellip;]\" \/>\n<meta property=\"og:url\" content=\"https:\/\/dev.tg4.ie\/ga\/eolas\/preas\/nuacht-raitis\/2018-2\/fleadhtv-beo-ar-tg4\/\" \/>\n<meta property=\"og:site_name\" content=\"TG4\" \/>\n<meta property=\"article:publisher\" content=\"https:\/\/www.facebook.com\/TG4TV\" \/>\n<meta property=\"article:modified_time\" content=\"2019-07-01T10:52:38+00:00\" \/>\n<meta property=\"og:image\" content=\"https:\/\/tg4-docs.s3.amazonaws.com\/tg4-redesign-2015\/wp-content\/uploads\/2018\/07\/FleadhTV_Main_Show_Presenters_Nuacht.jpg\" \/>\n\t<meta property=\"og:image:width\" content=\"1920\" \/>\n\t<meta property=\"og:image:height\" content=\"1080\" \/>\n\t<meta property=\"og:image:type\" content=\"image\/jpeg\" \/>\n<meta name=\"twitter:card\" content=\"summary_large_image\" \/>\n<meta name=\"twitter:site\" content=\"@TG4TV\" \/>\n<meta name=\"twitter:label1\" content=\"Est. reading time\" \/>\n\t<meta name=\"twitter:data1\" content=\"7 minutes\" \/>\n<script type=\"application\/ld+json\" class=\"yoast-schema-graph\">{\"@context\":\"https:\/\/schema.org\",\"@graph\":[{\"@type\":\"WebPage\",\"@id\":\"https:\/\/dev.tg4.ie\/ga\/eolas\/preas\/nuacht-raitis\/2018-2\/fleadhtv-beo-ar-tg4\/\",\"url\":\"https:\/\/dev.tg4.ie\/ga\/eolas\/preas\/nuacht-raitis\/2018-2\/fleadhtv-beo-ar-tg4\/\",\"name\":\"FleadhTV Beo ar TG4 - TG4\",\"isPartOf\":{\"@id\":\"https:\/\/dev.tg4.ie\/en\/#website\"},\"primaryImageOfPage\":{\"@id\":\"https:\/\/dev.tg4.ie\/ga\/eolas\/preas\/nuacht-raitis\/2018-2\/fleadhtv-beo-ar-tg4\/#primaryimage\"},\"image\":{\"@id\":\"https:\/\/dev.tg4.ie\/ga\/eolas\/preas\/nuacht-raitis\/2018-2\/fleadhtv-beo-ar-tg4\/#primaryimage\"},\"thumbnailUrl\":\"https:\/\/tg4-docs.s3.amazonaws.com\/tg4-redesign-2015\/wp-content\/uploads\/2018\/07\/FleadhTV_Main_Show_Presenters_Nuacht.jpg\",\"datePublished\":\"2018-08-13T10:32:47+00:00\",\"dateModified\":\"2019-07-01T10:52:38+00:00\",\"breadcrumb\":{\"@id\":\"https:\/\/dev.tg4.ie\/ga\/eolas\/preas\/nuacht-raitis\/2018-2\/fleadhtv-beo-ar-tg4\/#breadcrumb\"},\"inLanguage\":\"ga\",\"potentialAction\":[{\"@type\":\"ReadAction\",\"target\":[\"https:\/\/dev.tg4.ie\/ga\/eolas\/preas\/nuacht-raitis\/2018-2\/fleadhtv-beo-ar-tg4\/\"]}]},{\"@type\":\"ImageObject\",\"inLanguage\":\"ga\",\"@id\":\"https:\/\/dev.tg4.ie\/ga\/eolas\/preas\/nuacht-raitis\/2018-2\/fleadhtv-beo-ar-tg4\/#primaryimage\",\"url\":\"https:\/\/tg4-docs.s3.amazonaws.com\/tg4-redesign-2015\/wp-content\/uploads\/2018\/07\/FleadhTV_Main_Show_Presenters_Nuacht.jpg\",\"contentUrl\":\"https:\/\/tg4-docs.s3.amazonaws.com\/tg4-redesign-2015\/wp-content\/uploads\/2018\/07\/FleadhTV_Main_Show_Presenters_Nuacht.jpg\",\"width\":1920,\"height\":1080},{\"@type\":\"BreadcrumbList\",\"@id\":\"https:\/\/dev.tg4.ie\/ga\/eolas\/preas\/nuacht-raitis\/2018-2\/fleadhtv-beo-ar-tg4\/#breadcrumb\",\"itemListElement\":[{\"@type\":\"ListItem\",\"position\":1,\"name\":\"Home\",\"item\":\"https:\/\/dev.tg4.ie\/ga\/\"},{\"@type\":\"ListItem\",\"position\":2,\"name\":\"Eolas\",\"item\":\"https:\/\/dev.tg4.ie\/ga\/eolas\/\"},{\"@type\":\"ListItem\",\"position\":3,\"name\":\"Preas\",\"item\":\"https:\/\/dev.tg4.ie\/ga\/eolas\/preas\/\"},{\"@type\":\"ListItem\",\"position\":4,\"name\":\"Nuacht R\u00e1itis\",\"item\":\"https:\/\/dev.tg4.ie\/ga\/eolas\/preas\/nuacht-raitis\/\"},{\"@type\":\"ListItem\",\"position\":5,\"name\":\"2018\",\"item\":\"https:\/\/dev.tg4.ie\/ga\/eolas\/preas\/nuacht-raitis\/2018-2\/\"},{\"@type\":\"ListItem\",\"position\":6,\"name\":\"FleadhTV Beo ar TG4\"}]},{\"@type\":\"WebSite\",\"@id\":\"https:\/\/dev.tg4.ie\/en\/#website\",\"url\":\"https:\/\/dev.tg4.ie\/en\/\",\"name\":\"TG4\",\"description\":\"S\u00fail Eile\",\"potentialAction\":[{\"@type\":\"SearchAction\",\"target\":{\"@type\":\"EntryPoint\",\"urlTemplate\":\"https:\/\/dev.tg4.ie\/en\/?s={search_term_string}\"},\"query-input\":\"required name=search_term_string\"}],\"inLanguage\":\"ga\"}]}<\/script>\n<!-- \/ Yoast SEO plugin. -->","yoast_head_json":{"title":"FleadhTV Beo ar TG4 - TG4","robots":{"index":"index","follow":"follow","max-snippet":"max-snippet:-1","max-image-preview":"max-image-preview:large","max-video-preview":"max-video-preview:-1"},"og_locale":"en_US","og_type":"article","og_title":"FleadhTV Beo ar TG4 - TG4","og_description":"Arna l\u00e9iri\u00fa ag foireann Gifted Empire Productions, a bhfuil dh\u00e1 Ghradam IFTA acu, t\u00e1 FleadhTV ag dul \u00f3 neart go neart an samhradh seo. T\u00e1 na cl\u00e1ir at\u00e1 \u00e1 gcraoladh as ceithre ch\u00faige na h\u00c9ireann, Fleadhanna Chonnacht, Laighean, Mumhan agus Uladh na cl\u00e1ir ba mh\u00f3 a raibh lucht f\u00e9achana acu ar TG4 do mh\u00ed I\u00fail [&hellip;]","og_url":"https:\/\/dev.tg4.ie\/ga\/eolas\/preas\/nuacht-raitis\/2018-2\/fleadhtv-beo-ar-tg4\/","og_site_name":"TG4","article_publisher":"https:\/\/www.facebook.com\/TG4TV","article_modified_time":"2019-07-01T10:52:38+00:00","og_image":[{"width":1920,"height":1080,"url":"https:\/\/tg4-docs.s3.amazonaws.com\/tg4-redesign-2015\/wp-content\/uploads\/2018\/07\/FleadhTV_Main_Show_Presenters_Nuacht.jpg","type":"image\/jpeg"}],"twitter_card":"summary_large_image","twitter_site":"@TG4TV","twitter_misc":{"Est. reading time":"7 minutes"},"schema":{"@context":"https:\/\/schema.org","@graph":[{"@type":"WebPage","@id":"https:\/\/dev.tg4.ie\/ga\/eolas\/preas\/nuacht-raitis\/2018-2\/fleadhtv-beo-ar-tg4\/","url":"https:\/\/dev.tg4.ie\/ga\/eolas\/preas\/nuacht-raitis\/2018-2\/fleadhtv-beo-ar-tg4\/","name":"FleadhTV Beo ar TG4 - TG4","isPartOf":{"@id":"https:\/\/dev.tg4.ie\/en\/#website"},"primaryImageOfPage":{"@id":"https:\/\/dev.tg4.ie\/ga\/eolas\/preas\/nuacht-raitis\/2018-2\/fleadhtv-beo-ar-tg4\/#primaryimage"},"image":{"@id":"https:\/\/dev.tg4.ie\/ga\/eolas\/preas\/nuacht-raitis\/2018-2\/fleadhtv-beo-ar-tg4\/#primaryimage"},"thumbnailUrl":"https:\/\/tg4-docs.s3.amazonaws.com\/tg4-redesign-2015\/wp-content\/uploads\/2018\/07\/FleadhTV_Main_Show_Presenters_Nuacht.jpg","datePublished":"2018-08-13T10:32:47+00:00","dateModified":"2019-07-01T10:52:38+00:00","breadcrumb":{"@id":"https:\/\/dev.tg4.ie\/ga\/eolas\/preas\/nuacht-raitis\/2018-2\/fleadhtv-beo-ar-tg4\/#breadcrumb"},"inLanguage":"ga","potentialAction":[{"@type":"ReadAction","target":["https:\/\/dev.tg4.ie\/ga\/eolas\/preas\/nuacht-raitis\/2018-2\/fleadhtv-beo-ar-tg4\/"]}]},{"@type":"ImageObject","inLanguage":"ga","@id":"https:\/\/dev.tg4.ie\/ga\/eolas\/preas\/nuacht-raitis\/2018-2\/fleadhtv-beo-ar-tg4\/#primaryimage","url":"https:\/\/tg4-docs.s3.amazonaws.com\/tg4-redesign-2015\/wp-content\/uploads\/2018\/07\/FleadhTV_Main_Show_Presenters_Nuacht.jpg","contentUrl":"https:\/\/tg4-docs.s3.amazonaws.com\/tg4-redesign-2015\/wp-content\/uploads\/2018\/07\/FleadhTV_Main_Show_Presenters_Nuacht.jpg","width":1920,"height":1080},{"@type":"BreadcrumbList","@id":"https:\/\/dev.tg4.ie\/ga\/eolas\/preas\/nuacht-raitis\/2018-2\/fleadhtv-beo-ar-tg4\/#breadcrumb","itemListElement":[{"@type":"ListItem","position":1,"name":"Home","item":"https:\/\/dev.tg4.ie\/ga\/"},{"@type":"ListItem","position":2,"name":"Eolas","item":"https:\/\/dev.tg4.ie\/ga\/eolas\/"},{"@type":"ListItem","position":3,"name":"Preas","item":"https:\/\/dev.tg4.ie\/ga\/eolas\/preas\/"},{"@type":"ListItem","position":4,"name":"Nuacht R\u00e1itis","item":"https:\/\/dev.tg4.ie\/ga\/eolas\/preas\/nuacht-raitis\/"},{"@type":"ListItem","position":5,"name":"2018","item":"https:\/\/dev.tg4.ie\/ga\/eolas\/preas\/nuacht-raitis\/2018-2\/"},{"@type":"ListItem","position":6,"name":"FleadhTV Beo ar TG4"}]},{"@type":"WebSite","@id":"https:\/\/dev.tg4.ie\/en\/#website","url":"https:\/\/dev.tg4.ie\/en\/","name":"TG4","description":"S\u00fail Eile","potentialAction":[{"@type":"SearchAction","target":{"@type":"EntryPoint","urlTemplate":"https:\/\/dev.tg4.ie\/en\/?s={search_term_string}"},"query-input":"required name=search_term_string"}],"inLanguage":"ga"}]}},"_links":{"self":[{"href":"https:\/\/dev.tg4.ie\/ga\/wp-json\/wp\/v2\/pages\/91405"}],"collection":[{"href":"https:\/\/dev.tg4.ie\/ga\/wp-json\/wp\/v2\/pages"}],"about":[{"href":"https:\/\/dev.tg4.ie\/ga\/wp-json\/wp\/v2\/types\/page"}],"author":[{"embeddable":true,"href":"https:\/\/dev.tg4.ie\/ga\/wp-json\/wp\/v2\/users\/876"}],"replies":[{"embeddable":true,"href":"https:\/\/dev.tg4.ie\/ga\/wp-json\/wp\/v2\/comments?post=91405"}],"version-history":[{"count":0,"href":"https:\/\/dev.tg4.ie\/ga\/wp-json\/wp\/v2\/pages\/91405\/revisions"}],"up":[{"embeddable":true,"href":"https:\/\/dev.tg4.ie\/ga\/wp-json\/wp\/v2\/pages\/72849"}],"wp:featuredmedia":[{"embeddable":true,"href":"https:\/\/dev.tg4.ie\/ga\/wp-json\/wp\/v2\/media\/90886"}],"wp:attachment":[{"href":"https:\/\/dev.tg4.ie\/ga\/wp-json\/wp\/v2\/media?parent=91405"}],"curies":[{"name":"wp","href":"https:\/\/api.w.org\/{rel}","templated":true}]}}