{"id":91871,"date":"2018-08-28T11:43:54","date_gmt":"2018-08-28T10:43:54","guid":{"rendered":"https:\/\/dev.tg4.ie\/?page_id=91871"},"modified":"2019-07-01T11:55:38","modified_gmt":"2019-07-01T10:55:38","slug":"laithreoiri-nua-aimsire-ag-tg4","status":"publish","type":"page","link":"https:\/\/dev.tg4.ie\/ga\/eolas\/preas\/nuacht-raitis\/2018-2\/laithreoiri-nua-aimsire-ag-tg4\/","title":{"rendered":"L\u00e1ithreoir\u00ed Nua Aimsire ag TG4"},"content":{"rendered":"<p>D\u2019fh\u00f3gair TG4 pain\u00e9al l\u00e1ithreoir\u00ed Aimsire n\u00edos luaithe an samhradh seo agus as na sc\u00f3rtha iarratas a seoladh chugainn \u00f3 cheann ceann na t\u00edre, agus an fl\u00fairse tallann, roghna\u00edodh tri\u00far l\u00e1ithreoir\u00ed nua.\u00a0 Bh\u00ed siadsan i mbun traen\u00e1la le TG4 i gcaitheamh an tsamhraidh agus iad le feice\u00e1il i mbun na haimsire ar an gcain\u00e9al gach tr\u00e1thn\u00f3na.<\/p>\n<p>Is i nGaoth Dobhair a rugadh agus a t\u00f3gadh <strong>Neasa Bhe\u00e1id<\/strong>. T\u00e1 s\u00ed ag d\u00e9anamh staid\u00e9ar ar na hEola\u00edochta\u00ed S\u00f3isialta i gCol\u00e1iste na hOllscoile, Corcaigh i l\u00e1thair na huaire.\u00a0 Bean mh\u00f3r le damhsa is ea \u00ed agus is aoibhinn l\u00e9i dul chuig ranganna ballet nuair a bh\u00edonn an t-am aici.\u00a0 \u00a0Is bre\u00e1 l\u00e9i Peil Ghaelach agus t\u00e9ann s\u00ed ag neart cluich\u00ed, ag tac\u00fa leis an bhfoireann is fearr (d\u00e1r l\u00e9i f\u00e9in) &#8211; D\u00fan na nGall.\u00a0 \u00a0Deir Neasa, \u201cAn rud is fearr faoin aimsir n\u00e1 na s\u00e9as\u00fair. T\u00e1 \u00e1illeacht ar leith ag achan s\u00e9as\u00far, go m\u00f3r mh\u00f3r an gheimhreadh.\u00a0\u00a0 Agus le haimsir na h\u00c9ireann, d\u2019fh\u00e9adf\u00e1 an 4 sh\u00e9as\u00far a bheith agat in aon l\u00e1 amh\u00e1in!\u201d.<\/p>\n<p>An nath aimsire is ansa l\u00e9i:\u00a0 <em>T\u00e1 s\u00e9 ag doirteadh b\u00e1ist\u00ed!\u00a0 \u00a0<\/em><a href=\"https:\/\/grabyo.com\/g\/v\/oCXXihcib7Y\" target=\"_blank\" rel=\"noopener noreferrer\">https:\/\/clips.tg4.ie\/g\/v\/oCXXihcib7Y<\/a><\/p>\n<p>Is as Teach M\u00f3r Thoir in Indreabh\u00e1n, Co. na Gaillimhe \u00ed <strong>Caitr\u00edona N\u00ed Chual\u00e1in<\/strong> a bhain amach c\u00e9im le hOllscoil na h\u00c9ireann, Gaillimh sa bhliain 2014, agus M\u00e1istreacht Ghairmi\u00fail san Oideachas ina dhiaidh sin in Ollscoil Mh\u00e1 Nuad. \u00a0Is m\u00fainteoir \u00ed i nGaelscoil U\u00ed Fhiaich i Maigh Nuad ag m\u00faineadh rang na Na\u00edon\u00e1n Beag. \u00a0\u00a0Dar le Caitr\u00edona,\u00a0\u201cBh\u00ednn ag r\u00e1 i gc\u00f3na\u00ed go mbeadh suim agam i bpost i mo chail\u00edn aimsire i\u00a0TG4, agus bh\u00ed m\u00e9 chomh s\u00e1sta an deis a fh\u00e1il tar \u00e9is an triail sc\u00e1ile\u00e1in a dh\u00e9anamh.\u00a0 An rud is fearr liom faoin aimsir n\u00e1 go mb\u00edonn leithsc\u00e9al agam\u00a0gl\u00e9asadh suas chuile l\u00e1 a mb\u00edonn m\u00e9 ag obair agus go mb\u00edonn a fhios agam c\u00e9n s\u00f3rt aimsire a bheidh againn beag\u00e1in\u00edn n\u00edos luaithe n\u00e1 chuile dhuine eile!\u201d<\/p>\n<p>An nath aimsire is ansa l\u00e9i:\u00a0 <em>Is ioma\u00ed rud a thugann an l\u00e1 bre\u00e1 amach.\u00a0 <\/em><a href=\"https:\/\/grabyo.com\/g\/v\/dSGkgDfyujq\" target=\"_blank\" rel=\"noopener noreferrer\">https:\/\/clips.tg4.ie\/g\/v\/dSGkgDfyujq<\/a><\/p>\n<p>Rugadh agus t\u00f3gadh <strong>Orla N\u00ed Fhinneadha<\/strong> ar an gCloich Mh\u00f3ir i gConamara.\u00a0 M\u00fainteoir bunscoile i Scoil \u00c9inne ar An Spid\u00e9al \u00ed Orla a bhain a\u00a0c\u00e9im san oideachas amach\u00a0i\u00a0gCol\u00e1iste Mhuire gan Sm\u00e1l i Luimneach agus\u00a0m\u00e1istreacht san Oideachas sa gCol\u00e1iste Ollscoile,\u00a0Baile \u00c1tha Cliath. \u00a0\u00a0Amhr\u00e1na\u00ed sean-n\u00f3is aitheanta \u00ed agus bhain s\u00ed amach an tr\u00ed\u00fa h\u00e1it i gCorn U\u00ed Riada ag Oireachtas na Samhna 2017.\u00a0 B\u00edonn\u00a0Orla i mbun ranganna\u00a0san amhr\u00e1na\u00edocht\u00a0ar an sean-n\u00f3s do ghas\u00fair agus is bre\u00e1 l\u00e9i a bheith ag pl\u00e9 leis an dr\u00e1ma\u00edocht agus leis an eala\u00edon.\u00a0 B\u00edonn s\u00ed gafa leis an acla\u00edocht chomh maith\u00a0agus d\u00e9anann an d\u00e1 mhadra at\u00e1 aici, Tig\u00ed agus Isp\u00edn, cinnte de nach bhfanann\u00a0s\u00ed ina leada\u00ed ar an gcathaoir r\u00f3-mhinic.<\/p>\n<p>An nath aimsire is ansa l\u00e9i:\u00a0 <em>Beidh s\u00e9 ina bhrothall!\u00a0 <\/em><a href=\"https:\/\/grabyo.com\/g\/v\/GKiaf5L9913\" target=\"_blank\" rel=\"noopener noreferrer\">https:\/\/clips.tg4.ie\/g\/v\/GKiaf5L9913<\/a><\/p>\n<p>Craoltar Aimsir TG4 gach tr\u00e1thn\u00f3na ag 6.55pm agus ag 9pm<\/p>\n<p>Lean foireann na hAimsire ag @AimsirTG4<\/p>\n<p>Breis eolais ar Aimsir TG4 le f\u00e1il ag: \u00a0<a href=\"https:\/\/dev.tg4.ie\/aimsir\" target=\"_blank\" rel=\"noopener noreferrer\">www.TG4.ie\/aimsir<\/a><\/p>\n","protected":false},"excerpt":{"rendered":"<p>D\u2019fh\u00f3gair TG4 pain\u00e9al l\u00e1ithreoir\u00ed Aimsire n\u00edos luaithe an samhradh seo agus as na sc\u00f3rtha iarratas a seoladh chugainn \u00f3 cheann ceann na t\u00edre, agus an fl\u00fairse tallann, roghna\u00edodh tri\u00far l\u00e1ithreoir\u00ed nua.\u00a0 Bh\u00ed siadsan i mbun traen\u00e1la le TG4 i gcaitheamh an tsamhraidh agus iad le feice\u00e1il i mbun na haimsire ar an gcain\u00e9al gach tr\u00e1thn\u00f3na. [&hellip;]<\/p>\n","protected":false},"author":876,"featured_media":91872,"parent":72849,"menu_order":37,"comment_status":"closed","ping_status":"closed","template":"page-templates\/template-pr.php","meta":{"_acf_changed":false,"footnotes":""},"acf":[],"yoast_head":"<!-- This site is optimized with the Yoast SEO plugin v22.6 - https:\/\/yoast.com\/wordpress\/plugins\/seo\/ -->\n<title>L\u00e1ithreoir\u00ed Nua Aimsire ag TG4 | Nuacht R\u00e1iteas | TG4<\/title>\n<meta name=\"description\" content=\"Is cuma fliuch n\u00f3 fuar an aimsir, t\u00e1 gealas agus grian sa gcur i l\u00e1thair \u00f3 chail\u00edn\u00ed nua aimsire TG4. D\u2019fh\u00f3gair TG4 pain\u00e9al l\u00e1ithreoir\u00ed Aimsire n\u00edos luaithe an samhradh seo agus as na sc\u00f3rtha iarratas a seoladh chugainn \u00f3 cheann ceann na t\u00edre, agus an fl\u00fairse tallann, roghna\u00edodh tri\u00far l\u00e1ithreoir\u00ed nua.\" \/>\n<meta name=\"robots\" content=\"index, follow, max-snippet:-1, max-image-preview:large, max-video-preview:-1\" \/>\n<meta property=\"og:locale\" content=\"en_US\" \/>\n<meta property=\"og:type\" content=\"article\" \/>\n<meta property=\"og:title\" content=\"L\u00e1ithreoir\u00ed Nua Aimsire ag TG4 | Nuacht R\u00e1iteas | TG4\" \/>\n<meta property=\"og:description\" content=\"Is cuma fliuch n\u00f3 fuar an aimsir, t\u00e1 gealas agus grian sa gcur i l\u00e1thair \u00f3 chail\u00edn\u00ed nua aimsire TG4. D\u2019fh\u00f3gair TG4 pain\u00e9al l\u00e1ithreoir\u00ed Aimsire n\u00edos luaithe an samhradh seo agus as na sc\u00f3rtha iarratas a seoladh chugainn \u00f3 cheann ceann na t\u00edre, agus an fl\u00fairse tallann, roghna\u00edodh tri\u00far l\u00e1ithreoir\u00ed nua.\" \/>\n<meta property=\"og:url\" content=\"https:\/\/dev.tg4.ie\/ga\/eolas\/preas\/nuacht-raitis\/2018-2\/laithreoiri-nua-aimsire-ag-tg4\/\" \/>\n<meta property=\"og:site_name\" content=\"TG4\" \/>\n<meta property=\"article:publisher\" content=\"https:\/\/www.facebook.com\/TG4TV\" \/>\n<meta property=\"article:modified_time\" content=\"2019-07-01T10:55:38+00:00\" \/>\n<meta property=\"og:image\" content=\"https:\/\/tg4-docs.s3.amazonaws.com\/tg4-redesign-2015\/wp-content\/uploads\/2018\/08\/TG4-L%C3%A1ithreoir%C3%AD-Nua.jpg\" \/>\n\t<meta property=\"og:image:width\" content=\"1920\" \/>\n\t<meta property=\"og:image:height\" content=\"1080\" \/>\n\t<meta property=\"og:image:type\" content=\"image\/jpeg\" \/>\n<meta name=\"twitter:card\" content=\"summary_large_image\" \/>\n<meta name=\"twitter:site\" content=\"@TG4TV\" \/>\n<meta name=\"twitter:label1\" content=\"Est. reading time\" \/>\n\t<meta name=\"twitter:data1\" content=\"3 minutes\" \/>\n<script type=\"application\/ld+json\" class=\"yoast-schema-graph\">{\"@context\":\"https:\/\/schema.org\",\"@graph\":[{\"@type\":\"WebPage\",\"@id\":\"https:\/\/dev.tg4.ie\/ga\/eolas\/preas\/nuacht-raitis\/2018-2\/laithreoiri-nua-aimsire-ag-tg4\/\",\"url\":\"https:\/\/dev.tg4.ie\/ga\/eolas\/preas\/nuacht-raitis\/2018-2\/laithreoiri-nua-aimsire-ag-tg4\/\",\"name\":\"L\u00e1ithreoir\u00ed Nua Aimsire ag TG4 | Nuacht R\u00e1iteas | TG4\",\"isPartOf\":{\"@id\":\"https:\/\/dev.tg4.ie\/en\/#website\"},\"primaryImageOfPage\":{\"@id\":\"https:\/\/dev.tg4.ie\/ga\/eolas\/preas\/nuacht-raitis\/2018-2\/laithreoiri-nua-aimsire-ag-tg4\/#primaryimage\"},\"image\":{\"@id\":\"https:\/\/dev.tg4.ie\/ga\/eolas\/preas\/nuacht-raitis\/2018-2\/laithreoiri-nua-aimsire-ag-tg4\/#primaryimage\"},\"thumbnailUrl\":\"https:\/\/tg4-docs.s3.amazonaws.com\/tg4-redesign-2015\/wp-content\/uploads\/2018\/08\/TG4-L%C3%A1ithreoir%C3%AD-Nua.jpg\",\"datePublished\":\"2018-08-28T10:43:54+00:00\",\"dateModified\":\"2019-07-01T10:55:38+00:00\",\"description\":\"Is cuma fliuch n\u00f3 fuar an aimsir, t\u00e1 gealas agus grian sa gcur i l\u00e1thair \u00f3 chail\u00edn\u00ed nua aimsire TG4. D\u2019fh\u00f3gair TG4 pain\u00e9al l\u00e1ithreoir\u00ed Aimsire n\u00edos luaithe an samhradh seo agus as na sc\u00f3rtha iarratas a seoladh chugainn \u00f3 cheann ceann na t\u00edre, agus an fl\u00fairse tallann, roghna\u00edodh tri\u00far l\u00e1ithreoir\u00ed nua.\",\"breadcrumb\":{\"@id\":\"https:\/\/dev.tg4.ie\/ga\/eolas\/preas\/nuacht-raitis\/2018-2\/laithreoiri-nua-aimsire-ag-tg4\/#breadcrumb\"},\"inLanguage\":\"ga\",\"potentialAction\":[{\"@type\":\"ReadAction\",\"target\":[\"https:\/\/dev.tg4.ie\/ga\/eolas\/preas\/nuacht-raitis\/2018-2\/laithreoiri-nua-aimsire-ag-tg4\/\"]}]},{\"@type\":\"ImageObject\",\"inLanguage\":\"ga\",\"@id\":\"https:\/\/dev.tg4.ie\/ga\/eolas\/preas\/nuacht-raitis\/2018-2\/laithreoiri-nua-aimsire-ag-tg4\/#primaryimage\",\"url\":\"https:\/\/tg4-docs.s3.amazonaws.com\/tg4-redesign-2015\/wp-content\/uploads\/2018\/08\/TG4-L%C3%A1ithreoir%C3%AD-Nua.jpg\",\"contentUrl\":\"https:\/\/tg4-docs.s3.amazonaws.com\/tg4-redesign-2015\/wp-content\/uploads\/2018\/08\/TG4-L%C3%A1ithreoir%C3%AD-Nua.jpg\",\"width\":1920,\"height\":1080},{\"@type\":\"BreadcrumbList\",\"@id\":\"https:\/\/dev.tg4.ie\/ga\/eolas\/preas\/nuacht-raitis\/2018-2\/laithreoiri-nua-aimsire-ag-tg4\/#breadcrumb\",\"itemListElement\":[{\"@type\":\"ListItem\",\"position\":1,\"name\":\"Home\",\"item\":\"https:\/\/dev.tg4.ie\/ga\/\"},{\"@type\":\"ListItem\",\"position\":2,\"name\":\"Eolas\",\"item\":\"https:\/\/dev.tg4.ie\/ga\/eolas\/\"},{\"@type\":\"ListItem\",\"position\":3,\"name\":\"Preas\",\"item\":\"https:\/\/dev.tg4.ie\/ga\/eolas\/preas\/\"},{\"@type\":\"ListItem\",\"position\":4,\"name\":\"Nuacht R\u00e1itis\",\"item\":\"https:\/\/dev.tg4.ie\/ga\/eolas\/preas\/nuacht-raitis\/\"},{\"@type\":\"ListItem\",\"position\":5,\"name\":\"2018\",\"item\":\"https:\/\/dev.tg4.ie\/ga\/eolas\/preas\/nuacht-raitis\/2018-2\/\"},{\"@type\":\"ListItem\",\"position\":6,\"name\":\"L\u00e1ithreoir\u00ed Nua Aimsire ag TG4\"}]},{\"@type\":\"WebSite\",\"@id\":\"https:\/\/dev.tg4.ie\/en\/#website\",\"url\":\"https:\/\/dev.tg4.ie\/en\/\",\"name\":\"TG4\",\"description\":\"S\u00fail Eile\",\"potentialAction\":[{\"@type\":\"SearchAction\",\"target\":{\"@type\":\"EntryPoint\",\"urlTemplate\":\"https:\/\/dev.tg4.ie\/en\/?s={search_term_string}\"},\"query-input\":\"required name=search_term_string\"}],\"inLanguage\":\"ga\"}]}<\/script>\n<!-- \/ Yoast SEO plugin. -->","yoast_head_json":{"title":"L\u00e1ithreoir\u00ed Nua Aimsire ag TG4 | Nuacht R\u00e1iteas | TG4","description":"Is cuma fliuch n\u00f3 fuar an aimsir, t\u00e1 gealas agus grian sa gcur i l\u00e1thair \u00f3 chail\u00edn\u00ed nua aimsire TG4. D\u2019fh\u00f3gair TG4 pain\u00e9al l\u00e1ithreoir\u00ed Aimsire n\u00edos luaithe an samhradh seo agus as na sc\u00f3rtha iarratas a seoladh chugainn \u00f3 cheann ceann na t\u00edre, agus an fl\u00fairse tallann, roghna\u00edodh tri\u00far l\u00e1ithreoir\u00ed nua.","robots":{"index":"index","follow":"follow","max-snippet":"max-snippet:-1","max-image-preview":"max-image-preview:large","max-video-preview":"max-video-preview:-1"},"og_locale":"en_US","og_type":"article","og_title":"L\u00e1ithreoir\u00ed Nua Aimsire ag TG4 | Nuacht R\u00e1iteas | TG4","og_description":"Is cuma fliuch n\u00f3 fuar an aimsir, t\u00e1 gealas agus grian sa gcur i l\u00e1thair \u00f3 chail\u00edn\u00ed nua aimsire TG4. D\u2019fh\u00f3gair TG4 pain\u00e9al l\u00e1ithreoir\u00ed Aimsire n\u00edos luaithe an samhradh seo agus as na sc\u00f3rtha iarratas a seoladh chugainn \u00f3 cheann ceann na t\u00edre, agus an fl\u00fairse tallann, roghna\u00edodh tri\u00far l\u00e1ithreoir\u00ed nua.","og_url":"https:\/\/dev.tg4.ie\/ga\/eolas\/preas\/nuacht-raitis\/2018-2\/laithreoiri-nua-aimsire-ag-tg4\/","og_site_name":"TG4","article_publisher":"https:\/\/www.facebook.com\/TG4TV","article_modified_time":"2019-07-01T10:55:38+00:00","og_image":[{"width":1920,"height":1080,"url":"https:\/\/tg4-docs.s3.amazonaws.com\/tg4-redesign-2015\/wp-content\/uploads\/2018\/08\/TG4-L%C3%A1ithreoir%C3%AD-Nua.jpg","type":"image\/jpeg"}],"twitter_card":"summary_large_image","twitter_site":"@TG4TV","twitter_misc":{"Est. reading time":"3 minutes"},"schema":{"@context":"https:\/\/schema.org","@graph":[{"@type":"WebPage","@id":"https:\/\/dev.tg4.ie\/ga\/eolas\/preas\/nuacht-raitis\/2018-2\/laithreoiri-nua-aimsire-ag-tg4\/","url":"https:\/\/dev.tg4.ie\/ga\/eolas\/preas\/nuacht-raitis\/2018-2\/laithreoiri-nua-aimsire-ag-tg4\/","name":"L\u00e1ithreoir\u00ed Nua Aimsire ag TG4 | Nuacht R\u00e1iteas | TG4","isPartOf":{"@id":"https:\/\/dev.tg4.ie\/en\/#website"},"primaryImageOfPage":{"@id":"https:\/\/dev.tg4.ie\/ga\/eolas\/preas\/nuacht-raitis\/2018-2\/laithreoiri-nua-aimsire-ag-tg4\/#primaryimage"},"image":{"@id":"https:\/\/dev.tg4.ie\/ga\/eolas\/preas\/nuacht-raitis\/2018-2\/laithreoiri-nua-aimsire-ag-tg4\/#primaryimage"},"thumbnailUrl":"https:\/\/tg4-docs.s3.amazonaws.com\/tg4-redesign-2015\/wp-content\/uploads\/2018\/08\/TG4-L%C3%A1ithreoir%C3%AD-Nua.jpg","datePublished":"2018-08-28T10:43:54+00:00","dateModified":"2019-07-01T10:55:38+00:00","description":"Is cuma fliuch n\u00f3 fuar an aimsir, t\u00e1 gealas agus grian sa gcur i l\u00e1thair \u00f3 chail\u00edn\u00ed nua aimsire TG4. D\u2019fh\u00f3gair TG4 pain\u00e9al l\u00e1ithreoir\u00ed Aimsire n\u00edos luaithe an samhradh seo agus as na sc\u00f3rtha iarratas a seoladh chugainn \u00f3 cheann ceann na t\u00edre, agus an fl\u00fairse tallann, roghna\u00edodh tri\u00far l\u00e1ithreoir\u00ed nua.","breadcrumb":{"@id":"https:\/\/dev.tg4.ie\/ga\/eolas\/preas\/nuacht-raitis\/2018-2\/laithreoiri-nua-aimsire-ag-tg4\/#breadcrumb"},"inLanguage":"ga","potentialAction":[{"@type":"ReadAction","target":["https:\/\/dev.tg4.ie\/ga\/eolas\/preas\/nuacht-raitis\/2018-2\/laithreoiri-nua-aimsire-ag-tg4\/"]}]},{"@type":"ImageObject","inLanguage":"ga","@id":"https:\/\/dev.tg4.ie\/ga\/eolas\/preas\/nuacht-raitis\/2018-2\/laithreoiri-nua-aimsire-ag-tg4\/#primaryimage","url":"https:\/\/tg4-docs.s3.amazonaws.com\/tg4-redesign-2015\/wp-content\/uploads\/2018\/08\/TG4-L%C3%A1ithreoir%C3%AD-Nua.jpg","contentUrl":"https:\/\/tg4-docs.s3.amazonaws.com\/tg4-redesign-2015\/wp-content\/uploads\/2018\/08\/TG4-L%C3%A1ithreoir%C3%AD-Nua.jpg","width":1920,"height":1080},{"@type":"BreadcrumbList","@id":"https:\/\/dev.tg4.ie\/ga\/eolas\/preas\/nuacht-raitis\/2018-2\/laithreoiri-nua-aimsire-ag-tg4\/#breadcrumb","itemListElement":[{"@type":"ListItem","position":1,"name":"Home","item":"https:\/\/dev.tg4.ie\/ga\/"},{"@type":"ListItem","position":2,"name":"Eolas","item":"https:\/\/dev.tg4.ie\/ga\/eolas\/"},{"@type":"ListItem","position":3,"name":"Preas","item":"https:\/\/dev.tg4.ie\/ga\/eolas\/preas\/"},{"@type":"ListItem","position":4,"name":"Nuacht R\u00e1itis","item":"https:\/\/dev.tg4.ie\/ga\/eolas\/preas\/nuacht-raitis\/"},{"@type":"ListItem","position":5,"name":"2018","item":"https:\/\/dev.tg4.ie\/ga\/eolas\/preas\/nuacht-raitis\/2018-2\/"},{"@type":"ListItem","position":6,"name":"L\u00e1ithreoir\u00ed Nua Aimsire ag TG4"}]},{"@type":"WebSite","@id":"https:\/\/dev.tg4.ie\/en\/#website","url":"https:\/\/dev.tg4.ie\/en\/","name":"TG4","description":"S\u00fail Eile","potentialAction":[{"@type":"SearchAction","target":{"@type":"EntryPoint","urlTemplate":"https:\/\/dev.tg4.ie\/en\/?s={search_term_string}"},"query-input":"required name=search_term_string"}],"inLanguage":"ga"}]}},"_links":{"self":[{"href":"https:\/\/dev.tg4.ie\/ga\/wp-json\/wp\/v2\/pages\/91871"}],"collection":[{"href":"https:\/\/dev.tg4.ie\/ga\/wp-json\/wp\/v2\/pages"}],"about":[{"href":"https:\/\/dev.tg4.ie\/ga\/wp-json\/wp\/v2\/types\/page"}],"author":[{"embeddable":true,"href":"https:\/\/dev.tg4.ie\/ga\/wp-json\/wp\/v2\/users\/876"}],"replies":[{"embeddable":true,"href":"https:\/\/dev.tg4.ie\/ga\/wp-json\/wp\/v2\/comments?post=91871"}],"version-history":[{"count":0,"href":"https:\/\/dev.tg4.ie\/ga\/wp-json\/wp\/v2\/pages\/91871\/revisions"}],"up":[{"embeddable":true,"href":"https:\/\/dev.tg4.ie\/ga\/wp-json\/wp\/v2\/pages\/72849"}],"wp:featuredmedia":[{"embeddable":true,"href":"https:\/\/dev.tg4.ie\/ga\/wp-json\/wp\/v2\/media\/91872"}],"wp:attachment":[{"href":"https:\/\/dev.tg4.ie\/ga\/wp-json\/wp\/v2\/media?parent=91871"}],"curies":[{"name":"wp","href":"https:\/\/api.w.org\/{rel}","templated":true}]}}